{"id":10876,"date":"2024-12-05T20:52:04","date_gmt":"2024-12-05T19:52:04","guid":{"rendered":"https:\/\/wijnhuis-mana.nl\/?post_type=product&#038;p=10876"},"modified":"2026-02-27T14:24:58","modified_gmt":"2026-02-27T13:24:58","slug":"jagermeister-original-70cl","status":"publish","type":"product","link":"https:\/\/wijnhuis-mana.nl\/de\/product\/jagermeister-original-70cl\/","title":{"rendered":"J\u00e4germeister Original 70cl"},"content":{"rendered":"<h3 class=\"\" data-start=\"234\" data-end=\"259\">Algemene informatie<\/h3>\n<p class=\"\" data-start=\"260\" data-end=\"786\">J\u00e4germeister Original is een iconische kruidenlikeur uit Duitsland, ontstaan in 1934 in Wolfenb\u00fcttel. De drank wordt nog altijd geproduceerd volgens het originele, geheime recept van oprichter Curt Mast. J\u00e4germeister bevat een infusie van 56 natuurlijke kruiden, bloemen, wortels en vruchten. De kruiden worden maandenlang ge\u00ebxtraheerd en gerijpt in eikenhouten vaten, wat zorgt voor complexiteit en diepgang. Met zijn uitgesproken karakter en 35% alcohol is J\u00e4germeister wereldwijd een van de bekendste kruidenlikeuren.<\/p>\n<h3 class=\"\" data-start=\"788\" data-end=\"832\">Smaakprofiel van J\u00e4germeister Original<\/h3>\n<p class=\"\" data-start=\"833\" data-end=\"1186\">J\u00e4germeister is donkerbruin van kleur met een stroperige textuur. In de neus domineren kruidnagel, gember, citrus en een vleugje zoethout. De smaak is vol, kruidig en lichtzoet, met een bittere ondertoon en een lange, verwarmende afdronk. Het mondgevoel is dik en intens, zonder scherpte. De houtrijping zorgt voor extra rondeur en balans in de smaak.<\/p>\n<h3 class=\"\" data-start=\"1188\" data-end=\"1207\">Serveeradvies<\/h3>\n<p class=\"\" data-start=\"1208\" data-end=\"1330\">J\u00e4germeister is ontworpen voor veelzijdig gebruik: van klassieke shot tot cocktailcomponent. De populairste serveervormen:<\/p>\n<ul data-start=\"1332\" data-end=\"1559\">\n<li class=\"\" data-start=\"1332\" data-end=\"1383\">\n<p class=\"\" data-start=\"1334\" data-end=\"1383\">IJskoud shot bij -18\u00b0C (direct uit de vriezer)<\/p>\n<\/li>\n<li class=\"\" data-start=\"1384\" data-end=\"1431\">\n<p class=\"\" data-start=\"1386\" data-end=\"1431\">In mixdranken met cola, tonic of gemberbier<\/p>\n<\/li>\n<li class=\"\" data-start=\"1432\" data-end=\"1492\">\n<p class=\"\" data-start=\"1434\" data-end=\"1492\">In cocktails, zoals de bekende J\u00e4ger Mule of J\u00e4ger Tonic<\/p>\n<\/li>\n<li class=\"\" data-start=\"1493\" data-end=\"1559\">\n<p class=\"\" data-start=\"1495\" data-end=\"1559\">Bij stevige gerechten, zoals wild, pulled pork of kruidige BBQ<\/p>\n<\/li>\n<\/ul>\n<p class=\"\" data-start=\"1561\" data-end=\"1670\">Serveertemperatuur: ijskoud voor shots; gekoeld of met ijs in mix\/cocktail<\/p>\n<h3 class=\"\" data-start=\"1672\" data-end=\"1684\">Weetje<\/h3>\n<p class=\"\" data-start=\"1685\" data-end=\"2087\">De naam \u2018J\u00e4germeister\u2019 betekent \u2018opper-jager\u2019 in het Duits en verwijst naar een oude jachtfunctie. Het hert met het kruis op het etiket is een verwijzing naar de legende van Sint Hubertus, patroonheilige van de jagers. Hoewel J\u00e4germeister in de jaren &#8217;90 populair werd als partydrank, is het productieproces uitzonderlijk ambachtelijk en complex \u2013 met vatrijping en natuurlijke extractie als fundament.<\/p>\n","protected":false},"excerpt":{"rendered":"<p>J\u00e4germeister Original is een Duitse kruidenlikeur met 56 ingredi\u00ebnten, 35% alcohol en vatrijping. Ideaal als ijskoud shot of in cocktails.<\/p>\n","protected":false},"featured_media":11596,"comment_status":"open","ping_status":"closed","template":"","meta":[],"product_brand":[],"product_cat":[2921],"product_tag":[1464,1454,1409,1463,540,944,1461,1462,869,1453,541],"class_list":{"0":"post-10876","1":"product","2":"type-product","3":"status-publish","4":"has-post-thumbnail","6":"product_cat-likeuren","7":"product_tag-56-kruiden","8":"product_tag-cocktail","9":"product_tag-digestief","10":"product_tag-duitsland","11":"product_tag-gedistilleerd","12":"product_tag-houtgerijpt","13":"product_tag-jagermeister","14":"product_tag-kruidenlikeur","15":"product_tag-likeur","16":"product_tag-shot","17":"product_tag-sterke-drank","19":"first","20":"instock","21":"taxable","22":"shipping-taxable","23":"purchasable","24":"product-type-simple"},"yoast_head":"<!-- This site is optimized with the Yoast SEO Premium plugin v27.3 (Yoast SEO v27.3) - https:\/\/yoast.com\/product\/yoast-seo-premium-wordpress\/ -->\n<title>J\u00e4germeister Original \u2013 Duitse kruidenlikeur met 56 ingredi\u00ebnten<\/title>\n<meta name=\"description\" content=\"J\u00e4germeister Original is een Duitse kruidenlikeur met 56 kruiden, houtgerijpt en krachtig van smaak. Perfect als shot of in cocktails.\" \/>\n<meta name=\"robots\" content=\"index, follow, max-snippet:-1, max-image-preview:large, max-video-preview:-1\" \/>\n<link rel=\"canonical\" href=\"https:\/\/wijnhuis-mana.nl\/de\/product\/jagermeister-original-70cl\/\" \/>\n<meta property=\"og:locale\" content=\"de_DE\" \/>\n<meta property=\"og:type\" content=\"article\" \/>\n<meta property=\"og:title\" content=\"J\u00e4germeister Original 70cl\" \/>\n<meta property=\"og:description\" content=\"J\u00e4germeister Original is een Duitse kruidenlikeur met 56 kruiden, houtgerijpt en krachtig van smaak. Perfect als shot of in cocktails.\" \/>\n<meta property=\"og:url\" content=\"https:\/\/wijnhuis-mana.nl\/de\/product\/jagermeister-original-70cl\/\" \/>\n<meta property=\"og:site_name\" content=\"Wijnhuis-Mana.nl\" \/>\n<meta property=\"article:publisher\" content=\"https:\/\/www.facebook.com\/wijnhuismana\" \/>\n<meta property=\"article:modified_time\" content=\"2026-02-27T13:24:58+00:00\" \/>\n<meta property=\"og:image\" content=\"https:\/\/wijnhuis-mana.nl\/wp-content\/uploads\/2025\/03\/Jagermeister-the-Original.jpg\" \/>\n\t<meta property=\"og:image:width\" content=\"800\" \/>\n\t<meta property=\"og:image:height\" content=\"800\" \/>\n\t<meta property=\"og:image:type\" content=\"image\/jpeg\" \/>\n<meta name=\"twitter:card\" content=\"summary_large_image\" \/>\n<meta name=\"twitter:label1\" content=\"Price\" \/>\n\t<meta name=\"twitter:data1\" content=\"&euro;&nbsp;16,95\" \/>\n\t<meta name=\"twitter:label2\" content=\"Availability\" \/>\n\t<meta name=\"twitter:data2\" content=\"In stock\" \/>\n<script type=\"application\/ld+json\" class=\"yoast-schema-graph\">{\"@context\":\"https:\\\/\\\/schema.org\",\"@graph\":[{\"@type\":\"WebPage\",\"@id\":\"https:\\\/\\\/wijnhuis-mana.nl\\\/de\\\/product\\\/jagermeister-original-70cl\\\/\",\"url\":\"https:\\\/\\\/wijnhuis-mana.nl\\\/de\\\/product\\\/jagermeister-original-70cl\\\/\",\"name\":\"J\u00e4germeister Original \u2013 Duitse kruidenlikeur met 56 ingredi\u00ebnten\",\"isPartOf\":{\"@id\":\"https:\\\/\\\/wijnhuis-mana.nl\\\/de\\\/#website\"},\"primaryImageOfPage\":{\"@id\":\"https:\\\/\\\/wijnhuis-mana.nl\\\/de\\\/product\\\/jagermeister-original-70cl\\\/#primaryimage\"},\"image\":{\"@id\":\"https:\\\/\\\/wijnhuis-mana.nl\\\/de\\\/product\\\/jagermeister-original-70cl\\\/#primaryimage\"},\"thumbnailUrl\":\"https:\\\/\\\/wijnhuis-mana.nl\\\/wp-content\\\/uploads\\\/2025\\\/03\\\/Jagermeister-the-Original.jpg\",\"datePublished\":\"2024-12-05T19:52:04+00:00\",\"dateModified\":\"2026-02-27T13:24:58+00:00\",\"description\":\"J\u00e4germeister Original is een Duitse kruidenlikeur met 56 kruiden, houtgerijpt en krachtig van smaak. Perfect als shot of in cocktails.\",\"breadcrumb\":{\"@id\":\"https:\\\/\\\/wijnhuis-mana.nl\\\/de\\\/product\\\/jagermeister-original-70cl\\\/#breadcrumb\"},\"inLanguage\":\"de-DE\",\"potentialAction\":[{\"@type\":\"ReadAction\",\"target\":[\"https:\\\/\\\/wijnhuis-mana.nl\\\/de\\\/product\\\/jagermeister-original-70cl\\\/\"]}]},{\"@type\":\"ImageObject\",\"inLanguage\":\"de-DE\",\"@id\":\"https:\\\/\\\/wijnhuis-mana.nl\\\/de\\\/product\\\/jagermeister-original-70cl\\\/#primaryimage\",\"url\":\"https:\\\/\\\/wijnhuis-mana.nl\\\/wp-content\\\/uploads\\\/2025\\\/03\\\/Jagermeister-the-Original.jpg\",\"contentUrl\":\"https:\\\/\\\/wijnhuis-mana.nl\\\/wp-content\\\/uploads\\\/2025\\\/03\\\/Jagermeister-the-Original.jpg\",\"width\":800,\"height\":800,\"caption\":\"Ervaar de tijdloze smaak van J\u00e4germeister Original, een unieke mix van 56 natuurlijke ingredi\u00ebnten. Geniet van de harmonieuze balans tussen zoet en bitter.\"},{\"@type\":\"BreadcrumbList\",\"@id\":\"https:\\\/\\\/wijnhuis-mana.nl\\\/de\\\/product\\\/jagermeister-original-70cl\\\/#breadcrumb\",\"itemListElement\":[{\"@type\":\"ListItem\",\"position\":1,\"name\":\"Home\",\"item\":\"https:\\\/\\\/wijnhuis-mana.nl\\\/de\\\/\"},{\"@type\":\"ListItem\",\"position\":2,\"name\":\"Shop\",\"item\":\"https:\\\/\\\/wijnhuis-mana.nl\\\/de\\\/shop-2\\\/\"},{\"@type\":\"ListItem\",\"position\":3,\"name\":\"J\u00e4germeister Original 70cl\"}]},{\"@type\":\"WebSite\",\"@id\":\"https:\\\/\\\/wijnhuis-mana.nl\\\/de\\\/#website\",\"url\":\"https:\\\/\\\/wijnhuis-mana.nl\\\/de\\\/\",\"name\":\"Wijnhuis-Mana.nl\",\"description\":\"Wijn v\u00e1n liefhebbers, v\u00f3\u00f3r liefhebbers\",\"publisher\":{\"@id\":\"https:\\\/\\\/wijnhuis-mana.nl\\\/de\\\/#organization\"},\"potentialAction\":[{\"@type\":\"SearchAction\",\"target\":{\"@type\":\"EntryPoint\",\"urlTemplate\":\"https:\\\/\\\/wijnhuis-mana.nl\\\/de\\\/?s={search_term_string}\"},\"query-input\":{\"@type\":\"PropertyValueSpecification\",\"valueRequired\":true,\"valueName\":\"search_term_string\"}}],\"inLanguage\":\"de-DE\"},{\"@type\":[\"Organization\",\"Place\"],\"@id\":\"https:\\\/\\\/wijnhuis-mana.nl\\\/de\\\/#organization\",\"name\":\"Wijnhuis-Mana.nl\",\"url\":\"https:\\\/\\\/wijnhuis-mana.nl\\\/de\\\/\",\"logo\":{\"@id\":\"https:\\\/\\\/wijnhuis-mana.nl\\\/de\\\/product\\\/jagermeister-original-70cl\\\/#local-main-organization-logo\"},\"image\":{\"@id\":\"https:\\\/\\\/wijnhuis-mana.nl\\\/de\\\/product\\\/jagermeister-original-70cl\\\/#local-main-organization-logo\"},\"sameAs\":[\"https:\\\/\\\/www.facebook.com\\\/wijnhuismana\",\"https:\\\/\\\/www.instagram.com\\\/ghvino.nl\"],\"hasMerchantReturnPolicy\":{\"@type\":\"MerchantReturnPolicy\",\"merchantReturnLink\":\"https:\\\/\\\/wijnhuis-mana.nl\\\/algemene-voorwaarden\\\/\"},\"address\":{\"@id\":\"https:\\\/\\\/wijnhuis-mana.nl\\\/de\\\/product\\\/jagermeister-original-70cl\\\/#local-main-place-address\"},\"telephone\":[\"0299-769018\"],\"openingHoursSpecification\":[{\"@type\":\"OpeningHoursSpecification\",\"dayOfWeek\":[\"Monday\",\"Sunday\"],\"opens\":\"00:00\",\"closes\":\"00:00\"},{\"@type\":\"OpeningHoursSpecification\",\"dayOfWeek\":[\"Tuesday\"],\"opens\":\"10:00\",\"closes\":\"18:00\"},{\"@type\":\"OpeningHoursSpecification\",\"dayOfWeek\":[\"Wednesday\",\"Thursday\",\"Saturday\"],\"opens\":\"11:00\",\"closes\":\"18:00\"},{\"@type\":\"OpeningHoursSpecification\",\"dayOfWeek\":[\"Friday\"],\"opens\":\"11:00\",\"closes\":\"21:00\"}],\"email\":\"info@wijnhuis-mana.nl\",\"areaServed\":\"Nederland\",\"vatID\":\"NL58KNAB0255573782\",\"taxID\":\"NL58KNAB0255573782\"},{\"@type\":\"PostalAddress\",\"@id\":\"https:\\\/\\\/wijnhuis-mana.nl\\\/de\\\/product\\\/jagermeister-original-70cl\\\/#local-main-place-address\",\"streetAddress\":\"Weerwal 11\",\"addressLocality\":\"Purmerend\",\"postalCode\":\"1441 AL\",\"addressRegion\":\"Noord-Holland\",\"addressCountry\":\"NL\"},{\"@type\":\"ImageObject\",\"inLanguage\":\"de-DE\",\"@id\":\"https:\\\/\\\/wijnhuis-mana.nl\\\/de\\\/product\\\/jagermeister-original-70cl\\\/#local-main-organization-logo\",\"url\":\"https:\\\/\\\/wijnhuis-mana.nl\\\/wp-content\\\/uploads\\\/2022\\\/01\\\/Logo_Wijnhuis-Mana_Kleur.jpg\",\"contentUrl\":\"https:\\\/\\\/wijnhuis-mana.nl\\\/wp-content\\\/uploads\\\/2022\\\/01\\\/Logo_Wijnhuis-Mana_Kleur.jpg\",\"width\":400,\"height\":111,\"caption\":\"Wijnhuis-Mana.nl\"}]}<\/script>\n<meta property=\"product:price:amount\" content=\"16.95\" \/>\n<meta property=\"product:price:currency\" content=\"EUR\" \/>\n<meta property=\"og:availability\" content=\"instock\" \/>\n<meta property=\"product:availability\" content=\"instock\" \/>\n<meta property=\"product:retailer_item_id\" content=\"4067700014764\" \/>\n<meta property=\"product:condition\" content=\"new\" \/>\n<meta name=\"geo.placename\" content=\"Purmerend\" \/>\n<meta name=\"geo.region\" content=\"Netherlands\" \/>\n<!-- \/ Yoast SEO Premium plugin. -->","yoast_head_json":{"title":"J\u00e4germeister Original \u2013 Duitse kruidenlikeur met 56 ingredi\u00ebnten","description":"J\u00e4germeister Original is een Duitse kruidenlikeur met 56 kruiden, houtgerijpt en krachtig van smaak. Perfect als shot of in cocktails.","robots":{"index":"index","follow":"follow","max-snippet":"max-snippet:-1","max-image-preview":"max-image-preview:large","max-video-preview":"max-video-preview:-1"},"canonical":"https:\/\/wijnhuis-mana.nl\/de\/product\/jagermeister-original-70cl\/","og_locale":"de_DE","og_type":"article","og_title":"J\u00e4germeister Original 70cl","og_description":"J\u00e4germeister Original is een Duitse kruidenlikeur met 56 kruiden, houtgerijpt en krachtig van smaak. Perfect als shot of in cocktails.","og_url":"https:\/\/wijnhuis-mana.nl\/de\/product\/jagermeister-original-70cl\/","og_site_name":"Wijnhuis-Mana.nl","article_publisher":"https:\/\/www.facebook.com\/wijnhuismana","article_modified_time":"2026-02-27T13:24:58+00:00","og_image":[{"width":800,"height":800,"url":"https:\/\/wijnhuis-mana.nl\/wp-content\/uploads\/2025\/03\/Jagermeister-the-Original.jpg","type":"image\/jpeg"}],"twitter_card":"summary_large_image","twitter_misc":{"Price":"&euro;&nbsp;16,95","Availability":"In stock"},"schema":{"@context":"https:\/\/schema.org","@graph":[{"@type":"WebPage","@id":"https:\/\/wijnhuis-mana.nl\/de\/product\/jagermeister-original-70cl\/","url":"https:\/\/wijnhuis-mana.nl\/de\/product\/jagermeister-original-70cl\/","name":"J\u00e4germeister Original \u2013 Duitse kruidenlikeur met 56 ingredi\u00ebnten","isPartOf":{"@id":"https:\/\/wijnhuis-mana.nl\/de\/#website"},"primaryImageOfPage":{"@id":"https:\/\/wijnhuis-mana.nl\/de\/product\/jagermeister-original-70cl\/#primaryimage"},"image":{"@id":"https:\/\/wijnhuis-mana.nl\/de\/product\/jagermeister-original-70cl\/#primaryimage"},"thumbnailUrl":"https:\/\/wijnhuis-mana.nl\/wp-content\/uploads\/2025\/03\/Jagermeister-the-Original.jpg","datePublished":"2024-12-05T19:52:04+00:00","dateModified":"2026-02-27T13:24:58+00:00","description":"J\u00e4germeister Original is een Duitse kruidenlikeur met 56 kruiden, houtgerijpt en krachtig van smaak. Perfect als shot of in cocktails.","breadcrumb":{"@id":"https:\/\/wijnhuis-mana.nl\/de\/product\/jagermeister-original-70cl\/#breadcrumb"},"inLanguage":"de-DE","potentialAction":[{"@type":"ReadAction","target":["https:\/\/wijnhuis-mana.nl\/de\/product\/jagermeister-original-70cl\/"]}]},{"@type":"ImageObject","inLanguage":"de-DE","@id":"https:\/\/wijnhuis-mana.nl\/de\/product\/jagermeister-original-70cl\/#primaryimage","url":"https:\/\/wijnhuis-mana.nl\/wp-content\/uploads\/2025\/03\/Jagermeister-the-Original.jpg","contentUrl":"https:\/\/wijnhuis-mana.nl\/wp-content\/uploads\/2025\/03\/Jagermeister-the-Original.jpg","width":800,"height":800,"caption":"Ervaar de tijdloze smaak van J\u00e4germeister Original, een unieke mix van 56 natuurlijke ingredi\u00ebnten. Geniet van de harmonieuze balans tussen zoet en bitter."},{"@type":"BreadcrumbList","@id":"https:\/\/wijnhuis-mana.nl\/de\/product\/jagermeister-original-70cl\/#breadcrumb","itemListElement":[{"@type":"ListItem","position":1,"name":"Home","item":"https:\/\/wijnhuis-mana.nl\/de\/"},{"@type":"ListItem","position":2,"name":"Shop","item":"https:\/\/wijnhuis-mana.nl\/de\/shop-2\/"},{"@type":"ListItem","position":3,"name":"J\u00e4germeister Original 70cl"}]},{"@type":"WebSite","@id":"https:\/\/wijnhuis-mana.nl\/de\/#website","url":"https:\/\/wijnhuis-mana.nl\/de\/","name":"Wijnhuis-Mana.nl","description":"Wijn v\u00e1n liefhebbers, v\u00f3\u00f3r liefhebbers","publisher":{"@id":"https:\/\/wijnhuis-mana.nl\/de\/#organization"},"potentialAction":[{"@type":"SearchAction","target":{"@type":"EntryPoint","urlTemplate":"https:\/\/wijnhuis-mana.nl\/de\/?s={search_term_string}"},"query-input":{"@type":"PropertyValueSpecification","valueRequired":true,"valueName":"search_term_string"}}],"inLanguage":"de-DE"},{"@type":["Organization","Place"],"@id":"https:\/\/wijnhuis-mana.nl\/de\/#organization","name":"Wijnhuis-Mana.nl","url":"https:\/\/wijnhuis-mana.nl\/de\/","logo":{"@id":"https:\/\/wijnhuis-mana.nl\/de\/product\/jagermeister-original-70cl\/#local-main-organization-logo"},"image":{"@id":"https:\/\/wijnhuis-mana.nl\/de\/product\/jagermeister-original-70cl\/#local-main-organization-logo"},"sameAs":["https:\/\/www.facebook.com\/wijnhuismana","https:\/\/www.instagram.com\/ghvino.nl"],"hasMerchantReturnPolicy":{"@type":"MerchantReturnPolicy","merchantReturnLink":"https:\/\/wijnhuis-mana.nl\/algemene-voorwaarden\/"},"address":{"@id":"https:\/\/wijnhuis-mana.nl\/de\/product\/jagermeister-original-70cl\/#local-main-place-address"},"telephone":["0299-769018"],"openingHoursSpecification":[{"@type":"OpeningHoursSpecification","dayOfWeek":["Monday","Sunday"],"opens":"00:00","closes":"00:00"},{"@type":"OpeningHoursSpecification","dayOfWeek":["Tuesday"],"opens":"10:00","closes":"18:00"},{"@type":"OpeningHoursSpecification","dayOfWeek":["Wednesday","Thursday","Saturday"],"opens":"11:00","closes":"18:00"},{"@type":"OpeningHoursSpecification","dayOfWeek":["Friday"],"opens":"11:00","closes":"21:00"}],"email":"info@wijnhuis-mana.nl","areaServed":"Nederland","vatID":"NL58KNAB0255573782","taxID":"NL58KNAB0255573782"},{"@type":"PostalAddress","@id":"https:\/\/wijnhuis-mana.nl\/de\/product\/jagermeister-original-70cl\/#local-main-place-address","streetAddress":"Weerwal 11","addressLocality":"Purmerend","postalCode":"1441 AL","addressRegion":"Noord-Holland","addressCountry":"NL"},{"@type":"ImageObject","inLanguage":"de-DE","@id":"https:\/\/wijnhuis-mana.nl\/de\/product\/jagermeister-original-70cl\/#local-main-organization-logo","url":"https:\/\/wijnhuis-mana.nl\/wp-content\/uploads\/2022\/01\/Logo_Wijnhuis-Mana_Kleur.jpg","contentUrl":"https:\/\/wijnhuis-mana.nl\/wp-content\/uploads\/2022\/01\/Logo_Wijnhuis-Mana_Kleur.jpg","width":400,"height":111,"caption":"Wijnhuis-Mana.nl"}]},"product_price_amount":"16.95","product_price_currency":"EUR","og_availability":"instock","product_availability":"instock","product_retailer_item_id":"4067700014764","product_condition":"new","geo.placename":"Purmerend","geo.region":"Netherlands"},"post_mailing_queue_ids":[],"_links":{"self":[{"href":"https:\/\/wijnhuis-mana.nl\/de\/wp-json\/wp\/v2\/product\/10876","targetHints":{"allow":["GET"]}}],"collection":[{"href":"https:\/\/wijnhuis-mana.nl\/de\/wp-json\/wp\/v2\/product"}],"about":[{"href":"https:\/\/wijnhuis-mana.nl\/de\/wp-json\/wp\/v2\/types\/product"}],"replies":[{"embeddable":true,"href":"https:\/\/wijnhuis-mana.nl\/de\/wp-json\/wp\/v2\/comments?post=10876"}],"wp:featuredmedia":[{"embeddable":true,"href":"https:\/\/wijnhuis-mana.nl\/de\/wp-json\/wp\/v2\/media\/11596"}],"wp:attachment":[{"href":"https:\/\/wijnhuis-mana.nl\/de\/wp-json\/wp\/v2\/media?parent=10876"}],"wp:term":[{"taxonomy":"product_brand","embeddable":true,"href":"https:\/\/wijnhuis-mana.nl\/de\/wp-json\/wp\/v2\/product_brand?post=10876"},{"taxonomy":"product_cat","embeddable":true,"href":"https:\/\/wijnhuis-mana.nl\/de\/wp-json\/wp\/v2\/product_cat?post=10876"},{"taxonomy":"product_tag","embeddable":true,"href":"https:\/\/wijnhuis-mana.nl\/de\/wp-json\/wp\/v2\/product_tag?post=10876"}],"curies":[{"name":"wp","href":"https:\/\/api.w.org\/{rel}","templated":true}]}}