{"id":11102,"date":"2025-02-05T13:20:31","date_gmt":"2025-02-05T12:20:31","guid":{"rendered":"https:\/\/wijnhuis-mana.nl\/?post_type=product&#038;p=11102"},"modified":"2026-03-08T17:30:47","modified_gmt":"2026-03-08T16:30:47","slug":"baron-philippe-de-rothschild-escudo-rojo-gran-reserva-2022","status":"publish","type":"product","link":"https:\/\/wijnhuis-mana.nl\/de\/product\/baron-philippe-de-rothschild-escudo-rojo-gran-reserva-2022\/","title":{"rendered":"Baron Philippe de Rothschild Escudo Rojo Gran reserva 2022"},"content":{"rendered":"<h3>Algemene informatie<\/h3>\n<p>De Baron Philippe de Rothschild Escudo Rojo Gran Reserva 2022 is een schitterend voorbeeld van vakmanschap uit de Chileense wijnstreek. Deze wijn is vervaardigd uit een selectie van de beste druiven, zorgvuldig samengesteld door ervaren wijnmakers. De Gran Reserva is het resultaat van een nauwgezet vinificatieproces waarbij traditionele methoden gecombineerd worden met moderne technologie\u00ebn. De wijn rijpt in houten vaten wat hem een unieke complexiteit en structuur geeft.<\/p>\n<h3>Smaakprofiel<\/h3>\n<p>Deze Chileense wijn onthult een rijke dieprode kleur en een boeiend bouquet van zwart fruit, zoals cassis en bramen, gemengd met tonen van vanille en specerijen door de houtrijping. In de mond is de wijn vol, met een evenwichtige zuurgraad en rijke tannines die een lange afdronk beloven.<\/p>\n<h3>Serveeradvies<\/h3>\n<p>Ideaal om te serveren bij stevige vleesgerechten zoals gegrild rundvlees of wild. Ook uitstekend in combinatie met gerijpte kazen. Serveer op een temperatuur van 16-18\u00b0C.<\/p>\n<ul>\n<li>Gegrild rundvlees<\/li>\n<li>Wildgerechten<\/li>\n<li>Gerijpte kazen<\/li>\n<\/ul>\n<h3>Weetje<\/h3>\n<p>Baron Philippe de Rothschild is een vooraanstaand naam in de wijnwereld, bekend om zijn hoge kwaliteit wijnen. De Escudo Rojo lijn is een eerbetoon aan het familiewapen en symboliseert de verbinding tussen traditie en vernieuwing binnen het wijnhuis.<\/p>\n","protected":false},"excerpt":{"rendered":"<p>Ervaar de luxe van Baron Philippe de Rothschild Escudo Rojo Gran Reserva 2022, een uitmuntende Chileense wijn met noten van zwart fruit en een pittig vleugje vanille.<\/p>\n<p>\nVivino score:<\/p>\n<div class=\"vivino-widget vivino-wine-card-widget\" data-vivino-widget-type=\"wineWithoutVintage\" data-vivino-wine-id=\"4217\" data-make-vivino-redirect=\"true\" data-vivino-widget-language=\"en\" data-vivino-widget-layout=\"small_new\">\n  <a target=\"_blank\">Wine name<\/a>\n<\/div>\n","protected":false},"featured_media":13683,"comment_status":"open","ping_status":"closed","template":"","meta":[],"product_brand":[],"product_cat":[2888,2902,2889],"product_tag":[489,137,803],"class_list":{"0":"post-11102","1":"product","2":"type-product","3":"status-publish","4":"has-post-thumbnail","6":"product_cat-alle-wijn","7":"product_cat-overige-landen","8":"product_cat-rode-wijn","9":"product_tag-chileense-wijn","10":"product_tag-droge-wijn","11":"product_tag-houtrijping","13":"first","14":"instock","15":"taxable","16":"shipping-taxable","17":"purchasable","18":"product-type-simple"},"yoast_head":"<!-- This site is optimized with the Yoast SEO Premium plugin v27.3 (Yoast SEO v27.3) - https:\/\/yoast.com\/product\/yoast-seo-premium-wordpress\/ -->\n<title>Baron Philippe de Rothschild Escudo Rojo Gran Reserva 2022 - Premium Chileense Wijn<\/title>\n<meta name=\"description\" content=\"Ontdek de Baron Philippe de Rothschild Escudo Rojo Gran Reserva 2022, een prachtige rode wijn die rijkdom en complexiteit combineert met tonen van zwart fruit en vanille.\" \/>\n<meta name=\"robots\" content=\"index, follow, max-snippet:-1, max-image-preview:large, max-video-preview:-1\" \/>\n<link rel=\"canonical\" href=\"https:\/\/wijnhuis-mana.nl\/de\/product\/baron-philippe-de-rothschild-escudo-rojo-gran-reserva-2022\/\" \/>\n<meta property=\"og:locale\" content=\"de_DE\" \/>\n<meta property=\"og:type\" content=\"article\" \/>\n<meta property=\"og:title\" content=\"Baron Philippe de Rothschild Escudo Rojo Gran reserva 2022\" \/>\n<meta property=\"og:description\" content=\"Ontdek de Baron Philippe de Rothschild Escudo Rojo Gran Reserva 2022, een prachtige rode wijn die rijkdom en complexiteit combineert met tonen van zwart fruit en vanille.\" \/>\n<meta property=\"og:url\" content=\"https:\/\/wijnhuis-mana.nl\/de\/product\/baron-philippe-de-rothschild-escudo-rojo-gran-reserva-2022\/\" \/>\n<meta property=\"og:site_name\" content=\"Wijnhuis-Mana.nl\" \/>\n<meta property=\"article:publisher\" content=\"https:\/\/www.facebook.com\/wijnhuismana\" \/>\n<meta property=\"article:modified_time\" content=\"2026-03-08T16:30:47+00:00\" \/>\n<meta property=\"og:image\" content=\"https:\/\/wijnhuis-mana.nl\/wp-content\/uploads\/2025\/04\/Baron-Philippe-de-Rothschild-Escudo-Rojo-Gran-reserva-2022.jpg\" \/>\n\t<meta property=\"og:image:width\" content=\"800\" \/>\n\t<meta property=\"og:image:height\" content=\"800\" \/>\n\t<meta property=\"og:image:type\" content=\"image\/jpeg\" \/>\n<meta name=\"twitter:card\" content=\"summary_large_image\" \/>\n<meta name=\"twitter:label1\" content=\"Price\" \/>\n\t<meta name=\"twitter:data1\" content=\"&euro;&nbsp;17,95\" \/>\n\t<meta name=\"twitter:label2\" content=\"Availability\" \/>\n\t<meta name=\"twitter:data2\" content=\"In stock\" \/>\n<script type=\"application\/ld+json\" class=\"yoast-schema-graph\">{\"@context\":\"https:\\\/\\\/schema.org\",\"@graph\":[{\"@type\":\"WebPage\",\"@id\":\"https:\\\/\\\/wijnhuis-mana.nl\\\/de\\\/product\\\/baron-philippe-de-rothschild-escudo-rojo-gran-reserva-2022\\\/\",\"url\":\"https:\\\/\\\/wijnhuis-mana.nl\\\/de\\\/product\\\/baron-philippe-de-rothschild-escudo-rojo-gran-reserva-2022\\\/\",\"name\":\"Baron Philippe de Rothschild Escudo Rojo Gran Reserva 2022 - Premium Chileense Wijn\",\"isPartOf\":{\"@id\":\"https:\\\/\\\/wijnhuis-mana.nl\\\/de\\\/#website\"},\"primaryImageOfPage\":{\"@id\":\"https:\\\/\\\/wijnhuis-mana.nl\\\/de\\\/product\\\/baron-philippe-de-rothschild-escudo-rojo-gran-reserva-2022\\\/#primaryimage\"},\"image\":{\"@id\":\"https:\\\/\\\/wijnhuis-mana.nl\\\/de\\\/product\\\/baron-philippe-de-rothschild-escudo-rojo-gran-reserva-2022\\\/#primaryimage\"},\"thumbnailUrl\":\"https:\\\/\\\/wijnhuis-mana.nl\\\/wp-content\\\/uploads\\\/2025\\\/04\\\/Baron-Philippe-de-Rothschild-Escudo-Rojo-Gran-reserva-2022.jpg\",\"datePublished\":\"2025-02-05T12:20:31+00:00\",\"dateModified\":\"2026-03-08T16:30:47+00:00\",\"description\":\"Ontdek de Baron Philippe de Rothschild Escudo Rojo Gran Reserva 2022, een prachtige rode wijn die rijkdom en complexiteit combineert met tonen van zwart fruit en vanille.\",\"breadcrumb\":{\"@id\":\"https:\\\/\\\/wijnhuis-mana.nl\\\/de\\\/product\\\/baron-philippe-de-rothschild-escudo-rojo-gran-reserva-2022\\\/#breadcrumb\"},\"inLanguage\":\"de-DE\",\"potentialAction\":[{\"@type\":\"ReadAction\",\"target\":[\"https:\\\/\\\/wijnhuis-mana.nl\\\/de\\\/product\\\/baron-philippe-de-rothschild-escudo-rojo-gran-reserva-2022\\\/\"]}]},{\"@type\":\"ImageObject\",\"inLanguage\":\"de-DE\",\"@id\":\"https:\\\/\\\/wijnhuis-mana.nl\\\/de\\\/product\\\/baron-philippe-de-rothschild-escudo-rojo-gran-reserva-2022\\\/#primaryimage\",\"url\":\"https:\\\/\\\/wijnhuis-mana.nl\\\/wp-content\\\/uploads\\\/2025\\\/04\\\/Baron-Philippe-de-Rothschild-Escudo-Rojo-Gran-reserva-2022.jpg\",\"contentUrl\":\"https:\\\/\\\/wijnhuis-mana.nl\\\/wp-content\\\/uploads\\\/2025\\\/04\\\/Baron-Philippe-de-Rothschild-Escudo-Rojo-Gran-reserva-2022.jpg\",\"width\":800,\"height\":800,\"caption\":\"Ontdek de Baron Philippe de Rothschild Escudo Rojo Gran Reserva 2022, een prachtige rode wijn die rijkdom en complexiteit combineert met tonen van zwart fruit en vanille.\"},{\"@type\":\"BreadcrumbList\",\"@id\":\"https:\\\/\\\/wijnhuis-mana.nl\\\/de\\\/product\\\/baron-philippe-de-rothschild-escudo-rojo-gran-reserva-2022\\\/#breadcrumb\",\"itemListElement\":[{\"@type\":\"ListItem\",\"position\":1,\"name\":\"Home\",\"item\":\"https:\\\/\\\/wijnhuis-mana.nl\\\/de\\\/\"},{\"@type\":\"ListItem\",\"position\":2,\"name\":\"Shop\",\"item\":\"https:\\\/\\\/wijnhuis-mana.nl\\\/de\\\/shop-2\\\/\"},{\"@type\":\"ListItem\",\"position\":3,\"name\":\"Baron Philippe de Rothschild Escudo Rojo Gran reserva 2022\"}]},{\"@type\":\"WebSite\",\"@id\":\"https:\\\/\\\/wijnhuis-mana.nl\\\/de\\\/#website\",\"url\":\"https:\\\/\\\/wijnhuis-mana.nl\\\/de\\\/\",\"name\":\"Wijnhuis-Mana.nl\",\"description\":\"Wijn v\u00e1n liefhebbers, v\u00f3\u00f3r liefhebbers\",\"publisher\":{\"@id\":\"https:\\\/\\\/wijnhuis-mana.nl\\\/de\\\/#organization\"},\"potentialAction\":[{\"@type\":\"SearchAction\",\"target\":{\"@type\":\"EntryPoint\",\"urlTemplate\":\"https:\\\/\\\/wijnhuis-mana.nl\\\/de\\\/?s={search_term_string}\"},\"query-input\":{\"@type\":\"PropertyValueSpecification\",\"valueRequired\":true,\"valueName\":\"search_term_string\"}}],\"inLanguage\":\"de-DE\"},{\"@type\":[\"Organization\",\"Place\"],\"@id\":\"https:\\\/\\\/wijnhuis-mana.nl\\\/de\\\/#organization\",\"name\":\"Wijnhuis-Mana.nl\",\"url\":\"https:\\\/\\\/wijnhuis-mana.nl\\\/de\\\/\",\"logo\":{\"@id\":\"https:\\\/\\\/wijnhuis-mana.nl\\\/de\\\/product\\\/baron-philippe-de-rothschild-escudo-rojo-gran-reserva-2022\\\/#local-main-organization-logo\"},\"image\":{\"@id\":\"https:\\\/\\\/wijnhuis-mana.nl\\\/de\\\/product\\\/baron-philippe-de-rothschild-escudo-rojo-gran-reserva-2022\\\/#local-main-organization-logo\"},\"sameAs\":[\"https:\\\/\\\/www.facebook.com\\\/wijnhuismana\",\"https:\\\/\\\/www.instagram.com\\\/ghvino.nl\"],\"hasMerchantReturnPolicy\":{\"@type\":\"MerchantReturnPolicy\",\"merchantReturnLink\":\"https:\\\/\\\/wijnhuis-mana.nl\\\/algemene-voorwaarden\\\/\"},\"address\":{\"@id\":\"https:\\\/\\\/wijnhuis-mana.nl\\\/de\\\/product\\\/baron-philippe-de-rothschild-escudo-rojo-gran-reserva-2022\\\/#local-main-place-address\"},\"telephone\":[\"0299-769018\"],\"openingHoursSpecification\":[{\"@type\":\"OpeningHoursSpecification\",\"dayOfWeek\":[\"Monday\",\"Sunday\"],\"opens\":\"00:00\",\"closes\":\"00:00\"},{\"@type\":\"OpeningHoursSpecification\",\"dayOfWeek\":[\"Tuesday\"],\"opens\":\"10:00\",\"closes\":\"18:00\"},{\"@type\":\"OpeningHoursSpecification\",\"dayOfWeek\":[\"Wednesday\",\"Thursday\",\"Saturday\"],\"opens\":\"11:00\",\"closes\":\"18:00\"},{\"@type\":\"OpeningHoursSpecification\",\"dayOfWeek\":[\"Friday\"],\"opens\":\"11:00\",\"closes\":\"21:00\"}],\"email\":\"info@wijnhuis-mana.nl\",\"areaServed\":\"Nederland\",\"vatID\":\"NL58KNAB0255573782\",\"taxID\":\"NL58KNAB0255573782\"},{\"@type\":\"PostalAddress\",\"@id\":\"https:\\\/\\\/wijnhuis-mana.nl\\\/de\\\/product\\\/baron-philippe-de-rothschild-escudo-rojo-gran-reserva-2022\\\/#local-main-place-address\",\"streetAddress\":\"Weerwal 11\",\"addressLocality\":\"Purmerend\",\"postalCode\":\"1441 AL\",\"addressRegion\":\"Noord-Holland\",\"addressCountry\":\"NL\"},{\"@type\":\"ImageObject\",\"inLanguage\":\"de-DE\",\"@id\":\"https:\\\/\\\/wijnhuis-mana.nl\\\/de\\\/product\\\/baron-philippe-de-rothschild-escudo-rojo-gran-reserva-2022\\\/#local-main-organization-logo\",\"url\":\"https:\\\/\\\/wijnhuis-mana.nl\\\/wp-content\\\/uploads\\\/2022\\\/01\\\/Logo_Wijnhuis-Mana_Kleur.jpg\",\"contentUrl\":\"https:\\\/\\\/wijnhuis-mana.nl\\\/wp-content\\\/uploads\\\/2022\\\/01\\\/Logo_Wijnhuis-Mana_Kleur.jpg\",\"width\":400,\"height\":111,\"caption\":\"Wijnhuis-Mana.nl\"}]}<\/script>\n<meta property=\"product:price:amount\" content=\"17.95\" \/>\n<meta property=\"product:price:currency\" content=\"EUR\" \/>\n<meta property=\"og:availability\" content=\"instock\" \/>\n<meta property=\"product:availability\" content=\"instock\" \/>\n<meta property=\"product:retailer_item_id\" content=\"7804462000089\" \/>\n<meta property=\"product:condition\" content=\"new\" \/>\n<meta name=\"geo.placename\" content=\"Purmerend\" \/>\n<meta name=\"geo.region\" content=\"Netherlands\" \/>\n<!-- \/ Yoast SEO Premium plugin. -->","yoast_head_json":{"title":"Baron Philippe de Rothschild Escudo Rojo Gran Reserva 2022 - Premium Chileense Wijn","description":"Ontdek de Baron Philippe de Rothschild Escudo Rojo Gran Reserva 2022, een prachtige rode wijn die rijkdom en complexiteit combineert met tonen van zwart fruit en vanille.","robots":{"index":"index","follow":"follow","max-snippet":"max-snippet:-1","max-image-preview":"max-image-preview:large","max-video-preview":"max-video-preview:-1"},"canonical":"https:\/\/wijnhuis-mana.nl\/de\/product\/baron-philippe-de-rothschild-escudo-rojo-gran-reserva-2022\/","og_locale":"de_DE","og_type":"article","og_title":"Baron Philippe de Rothschild Escudo Rojo Gran reserva 2022","og_description":"Ontdek de Baron Philippe de Rothschild Escudo Rojo Gran Reserva 2022, een prachtige rode wijn die rijkdom en complexiteit combineert met tonen van zwart fruit en vanille.","og_url":"https:\/\/wijnhuis-mana.nl\/de\/product\/baron-philippe-de-rothschild-escudo-rojo-gran-reserva-2022\/","og_site_name":"Wijnhuis-Mana.nl","article_publisher":"https:\/\/www.facebook.com\/wijnhuismana","article_modified_time":"2026-03-08T16:30:47+00:00","og_image":[{"width":800,"height":800,"url":"https:\/\/wijnhuis-mana.nl\/wp-content\/uploads\/2025\/04\/Baron-Philippe-de-Rothschild-Escudo-Rojo-Gran-reserva-2022.jpg","type":"image\/jpeg"}],"twitter_card":"summary_large_image","twitter_misc":{"Price":"&euro;&nbsp;17,95","Availability":"In stock"},"schema":{"@context":"https:\/\/schema.org","@graph":[{"@type":"WebPage","@id":"https:\/\/wijnhuis-mana.nl\/de\/product\/baron-philippe-de-rothschild-escudo-rojo-gran-reserva-2022\/","url":"https:\/\/wijnhuis-mana.nl\/de\/product\/baron-philippe-de-rothschild-escudo-rojo-gran-reserva-2022\/","name":"Baron Philippe de Rothschild Escudo Rojo Gran Reserva 2022 - Premium Chileense Wijn","isPartOf":{"@id":"https:\/\/wijnhuis-mana.nl\/de\/#website"},"primaryImageOfPage":{"@id":"https:\/\/wijnhuis-mana.nl\/de\/product\/baron-philippe-de-rothschild-escudo-rojo-gran-reserva-2022\/#primaryimage"},"image":{"@id":"https:\/\/wijnhuis-mana.nl\/de\/product\/baron-philippe-de-rothschild-escudo-rojo-gran-reserva-2022\/#primaryimage"},"thumbnailUrl":"https:\/\/wijnhuis-mana.nl\/wp-content\/uploads\/2025\/04\/Baron-Philippe-de-Rothschild-Escudo-Rojo-Gran-reserva-2022.jpg","datePublished":"2025-02-05T12:20:31+00:00","dateModified":"2026-03-08T16:30:47+00:00","description":"Ontdek de Baron Philippe de Rothschild Escudo Rojo Gran Reserva 2022, een prachtige rode wijn die rijkdom en complexiteit combineert met tonen van zwart fruit en vanille.","breadcrumb":{"@id":"https:\/\/wijnhuis-mana.nl\/de\/product\/baron-philippe-de-rothschild-escudo-rojo-gran-reserva-2022\/#breadcrumb"},"inLanguage":"de-DE","potentialAction":[{"@type":"ReadAction","target":["https:\/\/wijnhuis-mana.nl\/de\/product\/baron-philippe-de-rothschild-escudo-rojo-gran-reserva-2022\/"]}]},{"@type":"ImageObject","inLanguage":"de-DE","@id":"https:\/\/wijnhuis-mana.nl\/de\/product\/baron-philippe-de-rothschild-escudo-rojo-gran-reserva-2022\/#primaryimage","url":"https:\/\/wijnhuis-mana.nl\/wp-content\/uploads\/2025\/04\/Baron-Philippe-de-Rothschild-Escudo-Rojo-Gran-reserva-2022.jpg","contentUrl":"https:\/\/wijnhuis-mana.nl\/wp-content\/uploads\/2025\/04\/Baron-Philippe-de-Rothschild-Escudo-Rojo-Gran-reserva-2022.jpg","width":800,"height":800,"caption":"Ontdek de Baron Philippe de Rothschild Escudo Rojo Gran Reserva 2022, een prachtige rode wijn die rijkdom en complexiteit combineert met tonen van zwart fruit en vanille."},{"@type":"BreadcrumbList","@id":"https:\/\/wijnhuis-mana.nl\/de\/product\/baron-philippe-de-rothschild-escudo-rojo-gran-reserva-2022\/#breadcrumb","itemListElement":[{"@type":"ListItem","position":1,"name":"Home","item":"https:\/\/wijnhuis-mana.nl\/de\/"},{"@type":"ListItem","position":2,"name":"Shop","item":"https:\/\/wijnhuis-mana.nl\/de\/shop-2\/"},{"@type":"ListItem","position":3,"name":"Baron Philippe de Rothschild Escudo Rojo Gran reserva 2022"}]},{"@type":"WebSite","@id":"https:\/\/wijnhuis-mana.nl\/de\/#website","url":"https:\/\/wijnhuis-mana.nl\/de\/","name":"Wijnhuis-Mana.nl","description":"Wijn v\u00e1n liefhebbers, v\u00f3\u00f3r liefhebbers","publisher":{"@id":"https:\/\/wijnhuis-mana.nl\/de\/#organization"},"potentialAction":[{"@type":"SearchAction","target":{"@type":"EntryPoint","urlTemplate":"https:\/\/wijnhuis-mana.nl\/de\/?s={search_term_string}"},"query-input":{"@type":"PropertyValueSpecification","valueRequired":true,"valueName":"search_term_string"}}],"inLanguage":"de-DE"},{"@type":["Organization","Place"],"@id":"https:\/\/wijnhuis-mana.nl\/de\/#organization","name":"Wijnhuis-Mana.nl","url":"https:\/\/wijnhuis-mana.nl\/de\/","logo":{"@id":"https:\/\/wijnhuis-mana.nl\/de\/product\/baron-philippe-de-rothschild-escudo-rojo-gran-reserva-2022\/#local-main-organization-logo"},"image":{"@id":"https:\/\/wijnhuis-mana.nl\/de\/product\/baron-philippe-de-rothschild-escudo-rojo-gran-reserva-2022\/#local-main-organization-logo"},"sameAs":["https:\/\/www.facebook.com\/wijnhuismana","https:\/\/www.instagram.com\/ghvino.nl"],"hasMerchantReturnPolicy":{"@type":"MerchantReturnPolicy","merchantReturnLink":"https:\/\/wijnhuis-mana.nl\/algemene-voorwaarden\/"},"address":{"@id":"https:\/\/wijnhuis-mana.nl\/de\/product\/baron-philippe-de-rothschild-escudo-rojo-gran-reserva-2022\/#local-main-place-address"},"telephone":["0299-769018"],"openingHoursSpecification":[{"@type":"OpeningHoursSpecification","dayOfWeek":["Monday","Sunday"],"opens":"00:00","closes":"00:00"},{"@type":"OpeningHoursSpecification","dayOfWeek":["Tuesday"],"opens":"10:00","closes":"18:00"},{"@type":"OpeningHoursSpecification","dayOfWeek":["Wednesday","Thursday","Saturday"],"opens":"11:00","closes":"18:00"},{"@type":"OpeningHoursSpecification","dayOfWeek":["Friday"],"opens":"11:00","closes":"21:00"}],"email":"info@wijnhuis-mana.nl","areaServed":"Nederland","vatID":"NL58KNAB0255573782","taxID":"NL58KNAB0255573782"},{"@type":"PostalAddress","@id":"https:\/\/wijnhuis-mana.nl\/de\/product\/baron-philippe-de-rothschild-escudo-rojo-gran-reserva-2022\/#local-main-place-address","streetAddress":"Weerwal 11","addressLocality":"Purmerend","postalCode":"1441 AL","addressRegion":"Noord-Holland","addressCountry":"NL"},{"@type":"ImageObject","inLanguage":"de-DE","@id":"https:\/\/wijnhuis-mana.nl\/de\/product\/baron-philippe-de-rothschild-escudo-rojo-gran-reserva-2022\/#local-main-organization-logo","url":"https:\/\/wijnhuis-mana.nl\/wp-content\/uploads\/2022\/01\/Logo_Wijnhuis-Mana_Kleur.jpg","contentUrl":"https:\/\/wijnhuis-mana.nl\/wp-content\/uploads\/2022\/01\/Logo_Wijnhuis-Mana_Kleur.jpg","width":400,"height":111,"caption":"Wijnhuis-Mana.nl"}]},"product_price_amount":"17.95","product_price_currency":"EUR","og_availability":"instock","product_availability":"instock","product_retailer_item_id":"7804462000089","product_condition":"new","geo.placename":"Purmerend","geo.region":"Netherlands"},"post_mailing_queue_ids":[],"_links":{"self":[{"href":"https:\/\/wijnhuis-mana.nl\/de\/wp-json\/wp\/v2\/product\/11102","targetHints":{"allow":["GET"]}}],"collection":[{"href":"https:\/\/wijnhuis-mana.nl\/de\/wp-json\/wp\/v2\/product"}],"about":[{"href":"https:\/\/wijnhuis-mana.nl\/de\/wp-json\/wp\/v2\/types\/product"}],"replies":[{"embeddable":true,"href":"https:\/\/wijnhuis-mana.nl\/de\/wp-json\/wp\/v2\/comments?post=11102"}],"wp:featuredmedia":[{"embeddable":true,"href":"https:\/\/wijnhuis-mana.nl\/de\/wp-json\/wp\/v2\/media\/13683"}],"wp:attachment":[{"href":"https:\/\/wijnhuis-mana.nl\/de\/wp-json\/wp\/v2\/media?parent=11102"}],"wp:term":[{"taxonomy":"product_brand","embeddable":true,"href":"https:\/\/wijnhuis-mana.nl\/de\/wp-json\/wp\/v2\/product_brand?post=11102"},{"taxonomy":"product_cat","embeddable":true,"href":"https:\/\/wijnhuis-mana.nl\/de\/wp-json\/wp\/v2\/product_cat?post=11102"},{"taxonomy":"product_tag","embeddable":true,"href":"https:\/\/wijnhuis-mana.nl\/de\/wp-json\/wp\/v2\/product_tag?post=11102"}],"curies":[{"name":"wp","href":"https:\/\/api.w.org\/{rel}","templated":true}]}}