{"id":11250,"date":"2025-02-08T15:02:07","date_gmt":"2025-02-08T14:02:07","guid":{"rendered":"https:\/\/wijnhuis-mana.nl\/?post_type=product&#038;p=11250"},"modified":"2026-03-19T16:50:09","modified_gmt":"2026-03-19T15:50:09","slug":"gurashvili-deduleti-georgische-amber-wijn","status":"publish","type":"product","link":"https:\/\/wijnhuis-mana.nl\/de\/product\/gurashvili-deduleti-georgische-amber-wijn\/","title":{"rendered":"Gurashvili Deduleti"},"content":{"rendered":"<h3>Algemene informatie<\/h3>\n<p>Gurashvili Deduleti is een authentieke Georgische wijn, gemaakt met traditionele Georgische vinificatietechnieken. De druiven komen uit de vruchtbare Kakheti-regio, bekend om zijn uitstekende wijnbouwcondities. Deze wijn wordt gemaakt van handgeplukte druiven die zacht worden geperst en vervolgens traditioneel fermenteren in qvevri, grote kleien vaten die onder de grond begraven zijn. Dit zorgt voor een unieke integratie van smaken en een natuurlijke filtering.<\/p>\n<h3>Smaakprofiel<\/h3>\n<p>Gurashvili Deduleti heeft een helder, amberkleurig uiterlijk, het resultaat van de langdurige schilcontact tijdens de fermentatie. De neus is boeiend, gevuld met aroma&#8217;s van rijpe gele vruchten, nuances van honing en een lichte kruidigheid die typerend is voor de regio. In de mond is de wijn krachtig, goed gebalanceerd met een complexe structuur en een blijvende, zuivere afdronk.<\/p>\n<h3>Serveeradvies<\/h3>\n<p>Deze wijn is ideaal bij traditionele Georgische gerechten zoals khachapuri en gegrilld vlees, maar ook fantastisch bij gerijpte kazen. Serveer bij een temperatuur van 12-14\u00b0C voor de beste beleving.<\/p>\n<ul>\n<li>Traditionele Georgische gerechten<\/li>\n<li>Gegrilld vlees<\/li>\n<li>Gerijpte kazen<\/li>\n<\/ul>\n<h3>Weetje<\/h3>\n<p>Gurashvili Deduleti reflecteert de rijke wijntraditie van Georgi\u00eb, waar wijnmaken al meer dan 8000 jaar een onderdeel van de cultuur is. De qvevri-methode, een UNESCO immaterieel cultureel erfgoed, is cruciaal voor de unieke kwaliteit van deze wijn.<\/p>\n","protected":false},"excerpt":{"rendered":"<p>Proef de rijke traditie van Georgi\u00eb met Gurashvili Deduleti, een amberkleurige wijn met diepgaande smaken van rijpe gele vruchten en honing, perfect gebalanceerd met een kruidige afdronk.<\/p>\n<div class=\"vivino-widget vivino-wine-card-widget\" data-vivino-widget-type=\"wineWithoutVintage\" data-vivino-wine-id=\"11409058\" data-make-vivino-redirect=\"true\" data-vivino-widget-language=\"en\" data-vivino-widget-layout=\"small_new\">\n  <a target=\"_blank\">Wine name<\/a>\n<\/div>\n<p>\nVivino score:<\/p>\n<div class=\"vivino-widget vivino-wine-card-widget\" data-vivino-widget-type=\"wineWithoutVintage\" data-vivino-wine-id=\"11409058\" data-make-vivino-redirect=\"true\" data-vivino-widget-language=\"en\" data-vivino-widget-layout=\"small_new\">\n  <a target=\"_blank\">Wine name<\/a>\n<\/div>\n","protected":false},"featured_media":13603,"comment_status":"open","ping_status":"closed","template":"","meta":[],"product_brand":[],"product_cat":[2888,2897],"product_tag":[135,678,138],"class_list":{"0":"post-11250","1":"product","2":"type-product","3":"status-publish","4":"has-post-thumbnail","6":"product_cat-alle-wijn","7":"product_cat-georgische-wijn","8":"product_tag-georgische-wijn","9":"product_tag-kakheti","10":"product_tag-qvevri-wijn","12":"first","13":"instock","14":"taxable","15":"shipping-taxable","16":"purchasable","17":"product-type-simple"},"yoast_head":"<!-- This site is optimized with the Yoast SEO Premium plugin v27.3 (Yoast SEO v27.3) - https:\/\/yoast.com\/product\/yoast-seo-premium-wordpress\/ -->\n<title>Gurashvili Deduleti - Authentieke Georgische Amber Wijn<\/title>\n<meta name=\"description\" content=\"Ontdek Gurashvili Deduleti, een exceptionele Georgische amber wijn, vol met smaken van rijp geel fruit, honing en een subtiele kruidigheid. Perfect voor liefhebbers van rijke, traditionele wijnen.\" \/>\n<meta name=\"robots\" content=\"index, follow, max-snippet:-1, max-image-preview:large, max-video-preview:-1\" \/>\n<link rel=\"canonical\" href=\"https:\/\/wijnhuis-mana.nl\/de\/product\/gurashvili-deduleti-georgische-amber-wijn\/\" \/>\n<meta property=\"og:locale\" content=\"de_DE\" \/>\n<meta property=\"og:type\" content=\"article\" \/>\n<meta property=\"og:title\" content=\"Gurashvili Deduleti\" \/>\n<meta property=\"og:description\" content=\"Ontdek Gurashvili Deduleti, een exceptionele Georgische amber wijn, vol met smaken van rijp geel fruit, honing en een subtiele kruidigheid. Perfect voor liefhebbers van rijke, traditionele wijnen.\" \/>\n<meta property=\"og:url\" content=\"https:\/\/wijnhuis-mana.nl\/de\/product\/gurashvili-deduleti-georgische-amber-wijn\/\" \/>\n<meta property=\"og:site_name\" content=\"Wijnhuis-Mana.nl\" \/>\n<meta property=\"article:publisher\" content=\"https:\/\/www.facebook.com\/wijnhuismana\" \/>\n<meta property=\"article:modified_time\" content=\"2026-03-19T15:50:09+00:00\" \/>\n<meta property=\"og:image\" content=\"https:\/\/wijnhuis-mana.nl\/wp-content\/uploads\/2025\/04\/Gurashvili-Deduleti.jpg\" \/>\n\t<meta property=\"og:image:width\" content=\"800\" \/>\n\t<meta property=\"og:image:height\" content=\"800\" \/>\n\t<meta property=\"og:image:type\" content=\"image\/jpeg\" \/>\n<meta name=\"twitter:card\" content=\"summary_large_image\" \/>\n<meta name=\"twitter:label1\" content=\"Price\" \/>\n\t<meta name=\"twitter:data1\" content=\"&euro;&nbsp;15,45\" \/>\n\t<meta name=\"twitter:label2\" content=\"Availability\" \/>\n\t<meta name=\"twitter:data2\" content=\"In stock\" \/>\n<script type=\"application\/ld+json\" class=\"yoast-schema-graph\">{\"@context\":\"https:\\\/\\\/schema.org\",\"@graph\":[{\"@type\":\"WebPage\",\"@id\":\"https:\\\/\\\/wijnhuis-mana.nl\\\/de\\\/product\\\/gurashvili-deduleti-georgische-amber-wijn\\\/\",\"url\":\"https:\\\/\\\/wijnhuis-mana.nl\\\/de\\\/product\\\/gurashvili-deduleti-georgische-amber-wijn\\\/\",\"name\":\"Gurashvili Deduleti - Authentieke Georgische Amber Wijn\",\"isPartOf\":{\"@id\":\"https:\\\/\\\/wijnhuis-mana.nl\\\/de\\\/#website\"},\"primaryImageOfPage\":{\"@id\":\"https:\\\/\\\/wijnhuis-mana.nl\\\/de\\\/product\\\/gurashvili-deduleti-georgische-amber-wijn\\\/#primaryimage\"},\"image\":{\"@id\":\"https:\\\/\\\/wijnhuis-mana.nl\\\/de\\\/product\\\/gurashvili-deduleti-georgische-amber-wijn\\\/#primaryimage\"},\"thumbnailUrl\":\"https:\\\/\\\/wijnhuis-mana.nl\\\/wp-content\\\/uploads\\\/2025\\\/04\\\/Gurashvili-Deduleti.jpg\",\"datePublished\":\"2025-02-08T14:02:07+00:00\",\"dateModified\":\"2026-03-19T15:50:09+00:00\",\"description\":\"Ontdek Gurashvili Deduleti, een exceptionele Georgische amber wijn, vol met smaken van rijp geel fruit, honing en een subtiele kruidigheid. Perfect voor liefhebbers van rijke, traditionele wijnen.\",\"breadcrumb\":{\"@id\":\"https:\\\/\\\/wijnhuis-mana.nl\\\/de\\\/product\\\/gurashvili-deduleti-georgische-amber-wijn\\\/#breadcrumb\"},\"inLanguage\":\"de-DE\",\"potentialAction\":[{\"@type\":\"ReadAction\",\"target\":[\"https:\\\/\\\/wijnhuis-mana.nl\\\/de\\\/product\\\/gurashvili-deduleti-georgische-amber-wijn\\\/\"]}]},{\"@type\":\"ImageObject\",\"inLanguage\":\"de-DE\",\"@id\":\"https:\\\/\\\/wijnhuis-mana.nl\\\/de\\\/product\\\/gurashvili-deduleti-georgische-amber-wijn\\\/#primaryimage\",\"url\":\"https:\\\/\\\/wijnhuis-mana.nl\\\/wp-content\\\/uploads\\\/2025\\\/04\\\/Gurashvili-Deduleti.jpg\",\"contentUrl\":\"https:\\\/\\\/wijnhuis-mana.nl\\\/wp-content\\\/uploads\\\/2025\\\/04\\\/Gurashvili-Deduleti.jpg\",\"width\":800,\"height\":800,\"caption\":\"Ontdek Gurashvili Deduleti, een exceptionele Georgische amber wijn, vol met smaken van rijp geel fruit, honing en een subtiele kruidigheid. Perfect voor liefhebbers van rijke, traditionele wijnen.\"},{\"@type\":\"BreadcrumbList\",\"@id\":\"https:\\\/\\\/wijnhuis-mana.nl\\\/de\\\/product\\\/gurashvili-deduleti-georgische-amber-wijn\\\/#breadcrumb\",\"itemListElement\":[{\"@type\":\"ListItem\",\"position\":1,\"name\":\"Home\",\"item\":\"https:\\\/\\\/wijnhuis-mana.nl\\\/de\\\/\"},{\"@type\":\"ListItem\",\"position\":2,\"name\":\"Shop\",\"item\":\"https:\\\/\\\/wijnhuis-mana.nl\\\/de\\\/shop-2\\\/\"},{\"@type\":\"ListItem\",\"position\":3,\"name\":\"Gurashvili Deduleti\"}]},{\"@type\":\"WebSite\",\"@id\":\"https:\\\/\\\/wijnhuis-mana.nl\\\/de\\\/#website\",\"url\":\"https:\\\/\\\/wijnhuis-mana.nl\\\/de\\\/\",\"name\":\"Wijnhuis-Mana.nl\",\"description\":\"Wijn v\u00e1n liefhebbers, v\u00f3\u00f3r liefhebbers\",\"publisher\":{\"@id\":\"https:\\\/\\\/wijnhuis-mana.nl\\\/de\\\/#organization\"},\"potentialAction\":[{\"@type\":\"SearchAction\",\"target\":{\"@type\":\"EntryPoint\",\"urlTemplate\":\"https:\\\/\\\/wijnhuis-mana.nl\\\/de\\\/?s={search_term_string}\"},\"query-input\":{\"@type\":\"PropertyValueSpecification\",\"valueRequired\":true,\"valueName\":\"search_term_string\"}}],\"inLanguage\":\"de-DE\"},{\"@type\":[\"Organization\",\"Place\"],\"@id\":\"https:\\\/\\\/wijnhuis-mana.nl\\\/de\\\/#organization\",\"name\":\"Wijnhuis-Mana.nl\",\"url\":\"https:\\\/\\\/wijnhuis-mana.nl\\\/de\\\/\",\"logo\":{\"@id\":\"https:\\\/\\\/wijnhuis-mana.nl\\\/de\\\/product\\\/gurashvili-deduleti-georgische-amber-wijn\\\/#local-main-organization-logo\"},\"image\":{\"@id\":\"https:\\\/\\\/wijnhuis-mana.nl\\\/de\\\/product\\\/gurashvili-deduleti-georgische-amber-wijn\\\/#local-main-organization-logo\"},\"sameAs\":[\"https:\\\/\\\/www.facebook.com\\\/wijnhuismana\",\"https:\\\/\\\/www.instagram.com\\\/ghvino.nl\"],\"hasMerchantReturnPolicy\":{\"@type\":\"MerchantReturnPolicy\",\"merchantReturnLink\":\"https:\\\/\\\/wijnhuis-mana.nl\\\/algemene-voorwaarden\\\/\"},\"address\":{\"@id\":\"https:\\\/\\\/wijnhuis-mana.nl\\\/de\\\/product\\\/gurashvili-deduleti-georgische-amber-wijn\\\/#local-main-place-address\"},\"telephone\":[\"0299-769018\"],\"openingHoursSpecification\":[{\"@type\":\"OpeningHoursSpecification\",\"dayOfWeek\":[\"Monday\",\"Sunday\"],\"opens\":\"00:00\",\"closes\":\"00:00\"},{\"@type\":\"OpeningHoursSpecification\",\"dayOfWeek\":[\"Tuesday\"],\"opens\":\"10:00\",\"closes\":\"18:00\"},{\"@type\":\"OpeningHoursSpecification\",\"dayOfWeek\":[\"Wednesday\",\"Thursday\",\"Saturday\"],\"opens\":\"11:00\",\"closes\":\"18:00\"},{\"@type\":\"OpeningHoursSpecification\",\"dayOfWeek\":[\"Friday\"],\"opens\":\"11:00\",\"closes\":\"21:00\"}],\"email\":\"info@wijnhuis-mana.nl\",\"areaServed\":\"Nederland\",\"vatID\":\"NL58KNAB0255573782\",\"taxID\":\"NL58KNAB0255573782\"},{\"@type\":\"PostalAddress\",\"@id\":\"https:\\\/\\\/wijnhuis-mana.nl\\\/de\\\/product\\\/gurashvili-deduleti-georgische-amber-wijn\\\/#local-main-place-address\",\"streetAddress\":\"Weerwal 11\",\"addressLocality\":\"Purmerend\",\"postalCode\":\"1441 AL\",\"addressRegion\":\"Noord-Holland\",\"addressCountry\":\"NL\"},{\"@type\":\"ImageObject\",\"inLanguage\":\"de-DE\",\"@id\":\"https:\\\/\\\/wijnhuis-mana.nl\\\/de\\\/product\\\/gurashvili-deduleti-georgische-amber-wijn\\\/#local-main-organization-logo\",\"url\":\"https:\\\/\\\/wijnhuis-mana.nl\\\/wp-content\\\/uploads\\\/2022\\\/01\\\/Logo_Wijnhuis-Mana_Kleur.jpg\",\"contentUrl\":\"https:\\\/\\\/wijnhuis-mana.nl\\\/wp-content\\\/uploads\\\/2022\\\/01\\\/Logo_Wijnhuis-Mana_Kleur.jpg\",\"width\":400,\"height\":111,\"caption\":\"Wijnhuis-Mana.nl\"}]}<\/script>\n<meta property=\"product:price:amount\" content=\"15.45\" \/>\n<meta property=\"product:price:currency\" content=\"EUR\" \/>\n<meta property=\"og:availability\" content=\"instock\" \/>\n<meta property=\"product:availability\" content=\"instock\" \/>\n<meta property=\"product:retailer_item_id\" content=\"4860100870233\" \/>\n<meta property=\"product:condition\" content=\"new\" \/>\n<meta name=\"geo.placename\" content=\"Purmerend\" \/>\n<meta name=\"geo.region\" content=\"Netherlands\" \/>\n<!-- \/ Yoast SEO Premium plugin. -->","yoast_head_json":{"title":"Gurashvili Deduleti - Authentieke Georgische Amber Wijn","description":"Ontdek Gurashvili Deduleti, een exceptionele Georgische amber wijn, vol met smaken van rijp geel fruit, honing en een subtiele kruidigheid. Perfect voor liefhebbers van rijke, traditionele wijnen.","robots":{"index":"index","follow":"follow","max-snippet":"max-snippet:-1","max-image-preview":"max-image-preview:large","max-video-preview":"max-video-preview:-1"},"canonical":"https:\/\/wijnhuis-mana.nl\/de\/product\/gurashvili-deduleti-georgische-amber-wijn\/","og_locale":"de_DE","og_type":"article","og_title":"Gurashvili Deduleti","og_description":"Ontdek Gurashvili Deduleti, een exceptionele Georgische amber wijn, vol met smaken van rijp geel fruit, honing en een subtiele kruidigheid. Perfect voor liefhebbers van rijke, traditionele wijnen.","og_url":"https:\/\/wijnhuis-mana.nl\/de\/product\/gurashvili-deduleti-georgische-amber-wijn\/","og_site_name":"Wijnhuis-Mana.nl","article_publisher":"https:\/\/www.facebook.com\/wijnhuismana","article_modified_time":"2026-03-19T15:50:09+00:00","og_image":[{"width":800,"height":800,"url":"https:\/\/wijnhuis-mana.nl\/wp-content\/uploads\/2025\/04\/Gurashvili-Deduleti.jpg","type":"image\/jpeg"}],"twitter_card":"summary_large_image","twitter_misc":{"Price":"&euro;&nbsp;15,45","Availability":"In stock"},"schema":{"@context":"https:\/\/schema.org","@graph":[{"@type":"WebPage","@id":"https:\/\/wijnhuis-mana.nl\/de\/product\/gurashvili-deduleti-georgische-amber-wijn\/","url":"https:\/\/wijnhuis-mana.nl\/de\/product\/gurashvili-deduleti-georgische-amber-wijn\/","name":"Gurashvili Deduleti - Authentieke Georgische Amber Wijn","isPartOf":{"@id":"https:\/\/wijnhuis-mana.nl\/de\/#website"},"primaryImageOfPage":{"@id":"https:\/\/wijnhuis-mana.nl\/de\/product\/gurashvili-deduleti-georgische-amber-wijn\/#primaryimage"},"image":{"@id":"https:\/\/wijnhuis-mana.nl\/de\/product\/gurashvili-deduleti-georgische-amber-wijn\/#primaryimage"},"thumbnailUrl":"https:\/\/wijnhuis-mana.nl\/wp-content\/uploads\/2025\/04\/Gurashvili-Deduleti.jpg","datePublished":"2025-02-08T14:02:07+00:00","dateModified":"2026-03-19T15:50:09+00:00","description":"Ontdek Gurashvili Deduleti, een exceptionele Georgische amber wijn, vol met smaken van rijp geel fruit, honing en een subtiele kruidigheid. Perfect voor liefhebbers van rijke, traditionele wijnen.","breadcrumb":{"@id":"https:\/\/wijnhuis-mana.nl\/de\/product\/gurashvili-deduleti-georgische-amber-wijn\/#breadcrumb"},"inLanguage":"de-DE","potentialAction":[{"@type":"ReadAction","target":["https:\/\/wijnhuis-mana.nl\/de\/product\/gurashvili-deduleti-georgische-amber-wijn\/"]}]},{"@type":"ImageObject","inLanguage":"de-DE","@id":"https:\/\/wijnhuis-mana.nl\/de\/product\/gurashvili-deduleti-georgische-amber-wijn\/#primaryimage","url":"https:\/\/wijnhuis-mana.nl\/wp-content\/uploads\/2025\/04\/Gurashvili-Deduleti.jpg","contentUrl":"https:\/\/wijnhuis-mana.nl\/wp-content\/uploads\/2025\/04\/Gurashvili-Deduleti.jpg","width":800,"height":800,"caption":"Ontdek Gurashvili Deduleti, een exceptionele Georgische amber wijn, vol met smaken van rijp geel fruit, honing en een subtiele kruidigheid. Perfect voor liefhebbers van rijke, traditionele wijnen."},{"@type":"BreadcrumbList","@id":"https:\/\/wijnhuis-mana.nl\/de\/product\/gurashvili-deduleti-georgische-amber-wijn\/#breadcrumb","itemListElement":[{"@type":"ListItem","position":1,"name":"Home","item":"https:\/\/wijnhuis-mana.nl\/de\/"},{"@type":"ListItem","position":2,"name":"Shop","item":"https:\/\/wijnhuis-mana.nl\/de\/shop-2\/"},{"@type":"ListItem","position":3,"name":"Gurashvili Deduleti"}]},{"@type":"WebSite","@id":"https:\/\/wijnhuis-mana.nl\/de\/#website","url":"https:\/\/wijnhuis-mana.nl\/de\/","name":"Wijnhuis-Mana.nl","description":"Wijn v\u00e1n liefhebbers, v\u00f3\u00f3r liefhebbers","publisher":{"@id":"https:\/\/wijnhuis-mana.nl\/de\/#organization"},"potentialAction":[{"@type":"SearchAction","target":{"@type":"EntryPoint","urlTemplate":"https:\/\/wijnhuis-mana.nl\/de\/?s={search_term_string}"},"query-input":{"@type":"PropertyValueSpecification","valueRequired":true,"valueName":"search_term_string"}}],"inLanguage":"de-DE"},{"@type":["Organization","Place"],"@id":"https:\/\/wijnhuis-mana.nl\/de\/#organization","name":"Wijnhuis-Mana.nl","url":"https:\/\/wijnhuis-mana.nl\/de\/","logo":{"@id":"https:\/\/wijnhuis-mana.nl\/de\/product\/gurashvili-deduleti-georgische-amber-wijn\/#local-main-organization-logo"},"image":{"@id":"https:\/\/wijnhuis-mana.nl\/de\/product\/gurashvili-deduleti-georgische-amber-wijn\/#local-main-organization-logo"},"sameAs":["https:\/\/www.facebook.com\/wijnhuismana","https:\/\/www.instagram.com\/ghvino.nl"],"hasMerchantReturnPolicy":{"@type":"MerchantReturnPolicy","merchantReturnLink":"https:\/\/wijnhuis-mana.nl\/algemene-voorwaarden\/"},"address":{"@id":"https:\/\/wijnhuis-mana.nl\/de\/product\/gurashvili-deduleti-georgische-amber-wijn\/#local-main-place-address"},"telephone":["0299-769018"],"openingHoursSpecification":[{"@type":"OpeningHoursSpecification","dayOfWeek":["Monday","Sunday"],"opens":"00:00","closes":"00:00"},{"@type":"OpeningHoursSpecification","dayOfWeek":["Tuesday"],"opens":"10:00","closes":"18:00"},{"@type":"OpeningHoursSpecification","dayOfWeek":["Wednesday","Thursday","Saturday"],"opens":"11:00","closes":"18:00"},{"@type":"OpeningHoursSpecification","dayOfWeek":["Friday"],"opens":"11:00","closes":"21:00"}],"email":"info@wijnhuis-mana.nl","areaServed":"Nederland","vatID":"NL58KNAB0255573782","taxID":"NL58KNAB0255573782"},{"@type":"PostalAddress","@id":"https:\/\/wijnhuis-mana.nl\/de\/product\/gurashvili-deduleti-georgische-amber-wijn\/#local-main-place-address","streetAddress":"Weerwal 11","addressLocality":"Purmerend","postalCode":"1441 AL","addressRegion":"Noord-Holland","addressCountry":"NL"},{"@type":"ImageObject","inLanguage":"de-DE","@id":"https:\/\/wijnhuis-mana.nl\/de\/product\/gurashvili-deduleti-georgische-amber-wijn\/#local-main-organization-logo","url":"https:\/\/wijnhuis-mana.nl\/wp-content\/uploads\/2022\/01\/Logo_Wijnhuis-Mana_Kleur.jpg","contentUrl":"https:\/\/wijnhuis-mana.nl\/wp-content\/uploads\/2022\/01\/Logo_Wijnhuis-Mana_Kleur.jpg","width":400,"height":111,"caption":"Wijnhuis-Mana.nl"}]},"product_price_amount":"15.45","product_price_currency":"EUR","og_availability":"instock","product_availability":"instock","product_retailer_item_id":"4860100870233","product_condition":"new","geo.placename":"Purmerend","geo.region":"Netherlands"},"post_mailing_queue_ids":[],"_links":{"self":[{"href":"https:\/\/wijnhuis-mana.nl\/de\/wp-json\/wp\/v2\/product\/11250","targetHints":{"allow":["GET"]}}],"collection":[{"href":"https:\/\/wijnhuis-mana.nl\/de\/wp-json\/wp\/v2\/product"}],"about":[{"href":"https:\/\/wijnhuis-mana.nl\/de\/wp-json\/wp\/v2\/types\/product"}],"replies":[{"embeddable":true,"href":"https:\/\/wijnhuis-mana.nl\/de\/wp-json\/wp\/v2\/comments?post=11250"}],"wp:featuredmedia":[{"embeddable":true,"href":"https:\/\/wijnhuis-mana.nl\/de\/wp-json\/wp\/v2\/media\/13603"}],"wp:attachment":[{"href":"https:\/\/wijnhuis-mana.nl\/de\/wp-json\/wp\/v2\/media?parent=11250"}],"wp:term":[{"taxonomy":"product_brand","embeddable":true,"href":"https:\/\/wijnhuis-mana.nl\/de\/wp-json\/wp\/v2\/product_brand?post=11250"},{"taxonomy":"product_cat","embeddable":true,"href":"https:\/\/wijnhuis-mana.nl\/de\/wp-json\/wp\/v2\/product_cat?post=11250"},{"taxonomy":"product_tag","embeddable":true,"href":"https:\/\/wijnhuis-mana.nl\/de\/wp-json\/wp\/v2\/product_tag?post=11250"}],"curies":[{"name":"wp","href":"https:\/\/api.w.org\/{rel}","templated":true}]}}