{"id":11297,"date":"2025-02-15T17:27:40","date_gmt":"2025-02-15T16:27:40","guid":{"rendered":"https:\/\/wijnhuis-mana.nl\/?post_type=product&#038;p=11297"},"modified":"2026-04-03T12:32:13","modified_gmt":"2026-04-03T10:32:13","slug":"becker-landgraf-gau-odernheimer-chardonnay","status":"publish","type":"product","link":"https:\/\/wijnhuis-mana.nl\/de\/product\/becker-landgraf-gau-odernheimer-chardonnay\/","title":{"rendered":"Becker Landgraf Gau-Odernheimer Chardonnay"},"content":{"rendered":"<h3>Algemene informatie<\/h3>\n<p>De Becker Landgraf Gau-Odernheimer Chardonnay is een prachtige uitdrukking van vakmanschap uit de Rheinhessen regio in Duitsland. Deze wijn wordt gemaakt van de Chardonnay druif, bekend om zijn veelzijdigheid en capaciteit om het terroir te reflecteren. De zorgvuldige vinificatie benadrukt de natuurlijke kwaliteiten van de druif, met een focus op minimal-intervention methoden om de ware essentie van de druif naar voren te brengen.<\/p>\n<h3>Smaakprofiel<\/h3>\n<p>De wijn onthult een heldere, gouden kleur en biedt aroma&#8217;s van rijpe perzik, citrus en subtiele toasty noten van eik. Op het palet is het rijk, met een voluptueuze textuur die mooi in balans is met een levendige zuurgraad, leidend tot een frisse, langdurige afdronk.<\/p>\n<h3>Serveeradvies<\/h3>\n<p>Deze Chardonnay is het perfecte gezelschap voor een scala aan gerechten. Serveer het gekoeld tussen 10-12\u00b0C. Het is uitstekend met:<\/p>\n<ul>\n<li>Gegrilde visgerechten<\/li>\n<li>Romige pasta\u2019s<\/li>\n<li>Mild gekruide Aziatische gerechten<\/li>\n<\/ul>\n<h3>Weetje<\/h3>\n<p>De Rheinhessen regio, waar deze Chardonnay vandaan komt, staat bekend als de grootste wijnregio van Duitsland, geroemd om de productie van kwaliteitswijnen uit verschillende druivenvari\u00ebteiten. De familie Becker Landgraf staat bekend om hun toewijding aan duurzaamheid en kwaliteit, wat elke fles tot een verhaal op zich maakt.<\/p>\n","protected":false},"excerpt":{"rendered":"<p>Ervaar de rijke, frisse smaken van Becker Landgraf Gau-Odernheimer Chardonnay, een meesterlijk vervaardigde witte wijn uit Duitsland, perfect voor diverse culinaire ervaringen.<\/p>\n<p>\nVivino score:<\/p>\n<div class=\"vivino-widget vivino-wine-card-widget\" data-vivino-widget-type=\"wineWithoutVintage\" data-vivino-wine-id=\"7344965\" data-make-vivino-redirect=\"true\" data-vivino-widget-language=\"en\" data-vivino-widget-layout=\"small_new\">\n  <a target=\"_blank\">Wine name<\/a>\n<\/div>\n","protected":false},"featured_media":13535,"comment_status":"open","ping_status":"closed","template":"","meta":[],"product_brand":[],"product_cat":[2888,2901,2890],"product_tag":[320,803],"class_list":{"0":"post-11297","1":"product","2":"type-product","3":"status-publish","4":"has-post-thumbnail","6":"product_cat-alle-wijn","7":"product_cat-duitse-wijn","8":"product_cat-witte-wijn","9":"product_tag-duitse-wijn","10":"product_tag-houtrijping","12":"first","13":"instock","14":"taxable","15":"shipping-taxable","16":"purchasable","17":"product-type-simple"},"yoast_head":"<!-- This site is optimized with the Yoast SEO Premium plugin v27.3 (Yoast SEO v27.3) - https:\/\/yoast.com\/product\/yoast-seo-premium-wordpress\/ -->\n<title>Becker Landgraf Gau-Odernheimer Chardonnay | Topkwaliteit Duitse Chardonnay<\/title>\n<meta name=\"description\" content=\"Ontdek de Becker Landgraf Gau-Odernheimer Chardonnay: Een weelderige Duitse witte wijn met tonen van perzik, citrus en eik, perfect voor elke gelegenheid.\" \/>\n<meta name=\"robots\" content=\"index, follow, max-snippet:-1, max-image-preview:large, max-video-preview:-1\" \/>\n<link rel=\"canonical\" href=\"https:\/\/wijnhuis-mana.nl\/de\/product\/becker-landgraf-gau-odernheimer-chardonnay\/\" \/>\n<meta property=\"og:locale\" content=\"de_DE\" \/>\n<meta property=\"og:type\" content=\"article\" \/>\n<meta property=\"og:title\" content=\"Becker Landgraf Gau-Odernheimer Chardonnay\" \/>\n<meta property=\"og:description\" content=\"Ontdek de Becker Landgraf Gau-Odernheimer Chardonnay: Een weelderige Duitse witte wijn met tonen van perzik, citrus en eik, perfect voor elke gelegenheid.\" \/>\n<meta property=\"og:url\" content=\"https:\/\/wijnhuis-mana.nl\/de\/product\/becker-landgraf-gau-odernheimer-chardonnay\/\" \/>\n<meta property=\"og:site_name\" content=\"Wijnhuis-Mana.nl\" \/>\n<meta property=\"article:publisher\" content=\"https:\/\/www.facebook.com\/wijnhuismana\" \/>\n<meta property=\"article:modified_time\" content=\"2026-04-03T10:32:13+00:00\" \/>\n<meta property=\"og:image\" content=\"https:\/\/wijnhuis-mana.nl\/wp-content\/uploads\/2025\/04\/Becker-Landgraf-Gau-Odernheimer-Chardonnay.jpg\" \/>\n\t<meta property=\"og:image:width\" content=\"800\" \/>\n\t<meta property=\"og:image:height\" content=\"800\" \/>\n\t<meta property=\"og:image:type\" content=\"image\/jpeg\" \/>\n<meta name=\"twitter:card\" content=\"summary_large_image\" \/>\n<meta name=\"twitter:label1\" content=\"Price\" \/>\n\t<meta name=\"twitter:data1\" content=\"&euro;&nbsp;17,00\" \/>\n\t<meta name=\"twitter:label2\" content=\"Availability\" \/>\n\t<meta name=\"twitter:data2\" content=\"In stock\" \/>\n<script type=\"application\/ld+json\" class=\"yoast-schema-graph\">{\"@context\":\"https:\\\/\\\/schema.org\",\"@graph\":[{\"@type\":\"WebPage\",\"@id\":\"https:\\\/\\\/wijnhuis-mana.nl\\\/de\\\/product\\\/becker-landgraf-gau-odernheimer-chardonnay\\\/\",\"url\":\"https:\\\/\\\/wijnhuis-mana.nl\\\/de\\\/product\\\/becker-landgraf-gau-odernheimer-chardonnay\\\/\",\"name\":\"Becker Landgraf Gau-Odernheimer Chardonnay | Topkwaliteit Duitse Chardonnay\",\"isPartOf\":{\"@id\":\"https:\\\/\\\/wijnhuis-mana.nl\\\/de\\\/#website\"},\"primaryImageOfPage\":{\"@id\":\"https:\\\/\\\/wijnhuis-mana.nl\\\/de\\\/product\\\/becker-landgraf-gau-odernheimer-chardonnay\\\/#primaryimage\"},\"image\":{\"@id\":\"https:\\\/\\\/wijnhuis-mana.nl\\\/de\\\/product\\\/becker-landgraf-gau-odernheimer-chardonnay\\\/#primaryimage\"},\"thumbnailUrl\":\"https:\\\/\\\/wijnhuis-mana.nl\\\/wp-content\\\/uploads\\\/2025\\\/04\\\/Becker-Landgraf-Gau-Odernheimer-Chardonnay.jpg\",\"datePublished\":\"2025-02-15T16:27:40+00:00\",\"dateModified\":\"2026-04-03T10:32:13+00:00\",\"description\":\"Ontdek de Becker Landgraf Gau-Odernheimer Chardonnay: Een weelderige Duitse witte wijn met tonen van perzik, citrus en eik, perfect voor elke gelegenheid.\",\"breadcrumb\":{\"@id\":\"https:\\\/\\\/wijnhuis-mana.nl\\\/de\\\/product\\\/becker-landgraf-gau-odernheimer-chardonnay\\\/#breadcrumb\"},\"inLanguage\":\"de-DE\",\"potentialAction\":[{\"@type\":\"ReadAction\",\"target\":[\"https:\\\/\\\/wijnhuis-mana.nl\\\/de\\\/product\\\/becker-landgraf-gau-odernheimer-chardonnay\\\/\"]}]},{\"@type\":\"ImageObject\",\"inLanguage\":\"de-DE\",\"@id\":\"https:\\\/\\\/wijnhuis-mana.nl\\\/de\\\/product\\\/becker-landgraf-gau-odernheimer-chardonnay\\\/#primaryimage\",\"url\":\"https:\\\/\\\/wijnhuis-mana.nl\\\/wp-content\\\/uploads\\\/2025\\\/04\\\/Becker-Landgraf-Gau-Odernheimer-Chardonnay.jpg\",\"contentUrl\":\"https:\\\/\\\/wijnhuis-mana.nl\\\/wp-content\\\/uploads\\\/2025\\\/04\\\/Becker-Landgraf-Gau-Odernheimer-Chardonnay.jpg\",\"width\":800,\"height\":800,\"caption\":\"Ontdek de Becker Landgraf Gau-Odernheimer Chardonnay: Een weelderige Duitse witte wijn met tonen van perzik, citrus en eik, perfect voor elke gelegenheid.\"},{\"@type\":\"BreadcrumbList\",\"@id\":\"https:\\\/\\\/wijnhuis-mana.nl\\\/de\\\/product\\\/becker-landgraf-gau-odernheimer-chardonnay\\\/#breadcrumb\",\"itemListElement\":[{\"@type\":\"ListItem\",\"position\":1,\"name\":\"Home\",\"item\":\"https:\\\/\\\/wijnhuis-mana.nl\\\/de\\\/\"},{\"@type\":\"ListItem\",\"position\":2,\"name\":\"Shop\",\"item\":\"https:\\\/\\\/wijnhuis-mana.nl\\\/de\\\/shop-2\\\/\"},{\"@type\":\"ListItem\",\"position\":3,\"name\":\"Becker Landgraf Gau-Odernheimer Chardonnay\"}]},{\"@type\":\"WebSite\",\"@id\":\"https:\\\/\\\/wijnhuis-mana.nl\\\/de\\\/#website\",\"url\":\"https:\\\/\\\/wijnhuis-mana.nl\\\/de\\\/\",\"name\":\"Wijnhuis-Mana.nl\",\"description\":\"Wijn v\u00e1n liefhebbers, v\u00f3\u00f3r liefhebbers\",\"publisher\":{\"@id\":\"https:\\\/\\\/wijnhuis-mana.nl\\\/de\\\/#organization\"},\"potentialAction\":[{\"@type\":\"SearchAction\",\"target\":{\"@type\":\"EntryPoint\",\"urlTemplate\":\"https:\\\/\\\/wijnhuis-mana.nl\\\/de\\\/?s={search_term_string}\"},\"query-input\":{\"@type\":\"PropertyValueSpecification\",\"valueRequired\":true,\"valueName\":\"search_term_string\"}}],\"inLanguage\":\"de-DE\"},{\"@type\":[\"Organization\",\"Place\"],\"@id\":\"https:\\\/\\\/wijnhuis-mana.nl\\\/de\\\/#organization\",\"name\":\"Wijnhuis-Mana.nl\",\"url\":\"https:\\\/\\\/wijnhuis-mana.nl\\\/de\\\/\",\"logo\":{\"@id\":\"https:\\\/\\\/wijnhuis-mana.nl\\\/de\\\/product\\\/becker-landgraf-gau-odernheimer-chardonnay\\\/#local-main-organization-logo\"},\"image\":{\"@id\":\"https:\\\/\\\/wijnhuis-mana.nl\\\/de\\\/product\\\/becker-landgraf-gau-odernheimer-chardonnay\\\/#local-main-organization-logo\"},\"sameAs\":[\"https:\\\/\\\/www.facebook.com\\\/wijnhuismana\",\"https:\\\/\\\/www.instagram.com\\\/ghvino.nl\"],\"hasMerchantReturnPolicy\":{\"@type\":\"MerchantReturnPolicy\",\"merchantReturnLink\":\"https:\\\/\\\/wijnhuis-mana.nl\\\/algemene-voorwaarden\\\/\"},\"address\":{\"@id\":\"https:\\\/\\\/wijnhuis-mana.nl\\\/de\\\/product\\\/becker-landgraf-gau-odernheimer-chardonnay\\\/#local-main-place-address\"},\"telephone\":[\"0299-769018\"],\"openingHoursSpecification\":[{\"@type\":\"OpeningHoursSpecification\",\"dayOfWeek\":[\"Monday\",\"Sunday\"],\"opens\":\"00:00\",\"closes\":\"00:00\"},{\"@type\":\"OpeningHoursSpecification\",\"dayOfWeek\":[\"Tuesday\"],\"opens\":\"10:00\",\"closes\":\"18:00\"},{\"@type\":\"OpeningHoursSpecification\",\"dayOfWeek\":[\"Wednesday\",\"Thursday\",\"Saturday\"],\"opens\":\"11:00\",\"closes\":\"18:00\"},{\"@type\":\"OpeningHoursSpecification\",\"dayOfWeek\":[\"Friday\"],\"opens\":\"11:00\",\"closes\":\"21:00\"}],\"email\":\"info@wijnhuis-mana.nl\",\"areaServed\":\"Nederland\",\"vatID\":\"NL58KNAB0255573782\",\"taxID\":\"NL58KNAB0255573782\"},{\"@type\":\"PostalAddress\",\"@id\":\"https:\\\/\\\/wijnhuis-mana.nl\\\/de\\\/product\\\/becker-landgraf-gau-odernheimer-chardonnay\\\/#local-main-place-address\",\"streetAddress\":\"Weerwal 11\",\"addressLocality\":\"Purmerend\",\"postalCode\":\"1441 AL\",\"addressRegion\":\"Noord-Holland\",\"addressCountry\":\"NL\"},{\"@type\":\"ImageObject\",\"inLanguage\":\"de-DE\",\"@id\":\"https:\\\/\\\/wijnhuis-mana.nl\\\/de\\\/product\\\/becker-landgraf-gau-odernheimer-chardonnay\\\/#local-main-organization-logo\",\"url\":\"https:\\\/\\\/wijnhuis-mana.nl\\\/wp-content\\\/uploads\\\/2022\\\/01\\\/Logo_Wijnhuis-Mana_Kleur.jpg\",\"contentUrl\":\"https:\\\/\\\/wijnhuis-mana.nl\\\/wp-content\\\/uploads\\\/2022\\\/01\\\/Logo_Wijnhuis-Mana_Kleur.jpg\",\"width\":400,\"height\":111,\"caption\":\"Wijnhuis-Mana.nl\"}]}<\/script>\n<meta property=\"product:price:amount\" content=\"17.00\" \/>\n<meta property=\"product:price:currency\" content=\"EUR\" \/>\n<meta property=\"og:availability\" content=\"instock\" \/>\n<meta property=\"product:availability\" content=\"instock\" \/>\n<meta property=\"product:retailer_item_id\" content=\"4260410240298\" \/>\n<meta property=\"product:condition\" content=\"new\" \/>\n<meta name=\"geo.placename\" content=\"Purmerend\" \/>\n<meta name=\"geo.region\" content=\"Netherlands\" \/>\n<!-- \/ Yoast SEO Premium plugin. -->","yoast_head_json":{"title":"Becker Landgraf Gau-Odernheimer Chardonnay | Topkwaliteit Duitse Chardonnay","description":"Ontdek de Becker Landgraf Gau-Odernheimer Chardonnay: Een weelderige Duitse witte wijn met tonen van perzik, citrus en eik, perfect voor elke gelegenheid.","robots":{"index":"index","follow":"follow","max-snippet":"max-snippet:-1","max-image-preview":"max-image-preview:large","max-video-preview":"max-video-preview:-1"},"canonical":"https:\/\/wijnhuis-mana.nl\/de\/product\/becker-landgraf-gau-odernheimer-chardonnay\/","og_locale":"de_DE","og_type":"article","og_title":"Becker Landgraf Gau-Odernheimer Chardonnay","og_description":"Ontdek de Becker Landgraf Gau-Odernheimer Chardonnay: Een weelderige Duitse witte wijn met tonen van perzik, citrus en eik, perfect voor elke gelegenheid.","og_url":"https:\/\/wijnhuis-mana.nl\/de\/product\/becker-landgraf-gau-odernheimer-chardonnay\/","og_site_name":"Wijnhuis-Mana.nl","article_publisher":"https:\/\/www.facebook.com\/wijnhuismana","article_modified_time":"2026-04-03T10:32:13+00:00","og_image":[{"width":800,"height":800,"url":"https:\/\/wijnhuis-mana.nl\/wp-content\/uploads\/2025\/04\/Becker-Landgraf-Gau-Odernheimer-Chardonnay.jpg","type":"image\/jpeg"}],"twitter_card":"summary_large_image","twitter_misc":{"Price":"&euro;&nbsp;17,00","Availability":"In stock"},"schema":{"@context":"https:\/\/schema.org","@graph":[{"@type":"WebPage","@id":"https:\/\/wijnhuis-mana.nl\/de\/product\/becker-landgraf-gau-odernheimer-chardonnay\/","url":"https:\/\/wijnhuis-mana.nl\/de\/product\/becker-landgraf-gau-odernheimer-chardonnay\/","name":"Becker Landgraf Gau-Odernheimer Chardonnay | Topkwaliteit Duitse Chardonnay","isPartOf":{"@id":"https:\/\/wijnhuis-mana.nl\/de\/#website"},"primaryImageOfPage":{"@id":"https:\/\/wijnhuis-mana.nl\/de\/product\/becker-landgraf-gau-odernheimer-chardonnay\/#primaryimage"},"image":{"@id":"https:\/\/wijnhuis-mana.nl\/de\/product\/becker-landgraf-gau-odernheimer-chardonnay\/#primaryimage"},"thumbnailUrl":"https:\/\/wijnhuis-mana.nl\/wp-content\/uploads\/2025\/04\/Becker-Landgraf-Gau-Odernheimer-Chardonnay.jpg","datePublished":"2025-02-15T16:27:40+00:00","dateModified":"2026-04-03T10:32:13+00:00","description":"Ontdek de Becker Landgraf Gau-Odernheimer Chardonnay: Een weelderige Duitse witte wijn met tonen van perzik, citrus en eik, perfect voor elke gelegenheid.","breadcrumb":{"@id":"https:\/\/wijnhuis-mana.nl\/de\/product\/becker-landgraf-gau-odernheimer-chardonnay\/#breadcrumb"},"inLanguage":"de-DE","potentialAction":[{"@type":"ReadAction","target":["https:\/\/wijnhuis-mana.nl\/de\/product\/becker-landgraf-gau-odernheimer-chardonnay\/"]}]},{"@type":"ImageObject","inLanguage":"de-DE","@id":"https:\/\/wijnhuis-mana.nl\/de\/product\/becker-landgraf-gau-odernheimer-chardonnay\/#primaryimage","url":"https:\/\/wijnhuis-mana.nl\/wp-content\/uploads\/2025\/04\/Becker-Landgraf-Gau-Odernheimer-Chardonnay.jpg","contentUrl":"https:\/\/wijnhuis-mana.nl\/wp-content\/uploads\/2025\/04\/Becker-Landgraf-Gau-Odernheimer-Chardonnay.jpg","width":800,"height":800,"caption":"Ontdek de Becker Landgraf Gau-Odernheimer Chardonnay: Een weelderige Duitse witte wijn met tonen van perzik, citrus en eik, perfect voor elke gelegenheid."},{"@type":"BreadcrumbList","@id":"https:\/\/wijnhuis-mana.nl\/de\/product\/becker-landgraf-gau-odernheimer-chardonnay\/#breadcrumb","itemListElement":[{"@type":"ListItem","position":1,"name":"Home","item":"https:\/\/wijnhuis-mana.nl\/de\/"},{"@type":"ListItem","position":2,"name":"Shop","item":"https:\/\/wijnhuis-mana.nl\/de\/shop-2\/"},{"@type":"ListItem","position":3,"name":"Becker Landgraf Gau-Odernheimer Chardonnay"}]},{"@type":"WebSite","@id":"https:\/\/wijnhuis-mana.nl\/de\/#website","url":"https:\/\/wijnhuis-mana.nl\/de\/","name":"Wijnhuis-Mana.nl","description":"Wijn v\u00e1n liefhebbers, v\u00f3\u00f3r liefhebbers","publisher":{"@id":"https:\/\/wijnhuis-mana.nl\/de\/#organization"},"potentialAction":[{"@type":"SearchAction","target":{"@type":"EntryPoint","urlTemplate":"https:\/\/wijnhuis-mana.nl\/de\/?s={search_term_string}"},"query-input":{"@type":"PropertyValueSpecification","valueRequired":true,"valueName":"search_term_string"}}],"inLanguage":"de-DE"},{"@type":["Organization","Place"],"@id":"https:\/\/wijnhuis-mana.nl\/de\/#organization","name":"Wijnhuis-Mana.nl","url":"https:\/\/wijnhuis-mana.nl\/de\/","logo":{"@id":"https:\/\/wijnhuis-mana.nl\/de\/product\/becker-landgraf-gau-odernheimer-chardonnay\/#local-main-organization-logo"},"image":{"@id":"https:\/\/wijnhuis-mana.nl\/de\/product\/becker-landgraf-gau-odernheimer-chardonnay\/#local-main-organization-logo"},"sameAs":["https:\/\/www.facebook.com\/wijnhuismana","https:\/\/www.instagram.com\/ghvino.nl"],"hasMerchantReturnPolicy":{"@type":"MerchantReturnPolicy","merchantReturnLink":"https:\/\/wijnhuis-mana.nl\/algemene-voorwaarden\/"},"address":{"@id":"https:\/\/wijnhuis-mana.nl\/de\/product\/becker-landgraf-gau-odernheimer-chardonnay\/#local-main-place-address"},"telephone":["0299-769018"],"openingHoursSpecification":[{"@type":"OpeningHoursSpecification","dayOfWeek":["Monday","Sunday"],"opens":"00:00","closes":"00:00"},{"@type":"OpeningHoursSpecification","dayOfWeek":["Tuesday"],"opens":"10:00","closes":"18:00"},{"@type":"OpeningHoursSpecification","dayOfWeek":["Wednesday","Thursday","Saturday"],"opens":"11:00","closes":"18:00"},{"@type":"OpeningHoursSpecification","dayOfWeek":["Friday"],"opens":"11:00","closes":"21:00"}],"email":"info@wijnhuis-mana.nl","areaServed":"Nederland","vatID":"NL58KNAB0255573782","taxID":"NL58KNAB0255573782"},{"@type":"PostalAddress","@id":"https:\/\/wijnhuis-mana.nl\/de\/product\/becker-landgraf-gau-odernheimer-chardonnay\/#local-main-place-address","streetAddress":"Weerwal 11","addressLocality":"Purmerend","postalCode":"1441 AL","addressRegion":"Noord-Holland","addressCountry":"NL"},{"@type":"ImageObject","inLanguage":"de-DE","@id":"https:\/\/wijnhuis-mana.nl\/de\/product\/becker-landgraf-gau-odernheimer-chardonnay\/#local-main-organization-logo","url":"https:\/\/wijnhuis-mana.nl\/wp-content\/uploads\/2022\/01\/Logo_Wijnhuis-Mana_Kleur.jpg","contentUrl":"https:\/\/wijnhuis-mana.nl\/wp-content\/uploads\/2022\/01\/Logo_Wijnhuis-Mana_Kleur.jpg","width":400,"height":111,"caption":"Wijnhuis-Mana.nl"}]},"product_price_amount":"17.00","product_price_currency":"EUR","og_availability":"instock","product_availability":"instock","product_retailer_item_id":"4260410240298","product_condition":"new","geo.placename":"Purmerend","geo.region":"Netherlands"},"post_mailing_queue_ids":[],"_links":{"self":[{"href":"https:\/\/wijnhuis-mana.nl\/de\/wp-json\/wp\/v2\/product\/11297","targetHints":{"allow":["GET"]}}],"collection":[{"href":"https:\/\/wijnhuis-mana.nl\/de\/wp-json\/wp\/v2\/product"}],"about":[{"href":"https:\/\/wijnhuis-mana.nl\/de\/wp-json\/wp\/v2\/types\/product"}],"replies":[{"embeddable":true,"href":"https:\/\/wijnhuis-mana.nl\/de\/wp-json\/wp\/v2\/comments?post=11297"}],"wp:featuredmedia":[{"embeddable":true,"href":"https:\/\/wijnhuis-mana.nl\/de\/wp-json\/wp\/v2\/media\/13535"}],"wp:attachment":[{"href":"https:\/\/wijnhuis-mana.nl\/de\/wp-json\/wp\/v2\/media?parent=11297"}],"wp:term":[{"taxonomy":"product_brand","embeddable":true,"href":"https:\/\/wijnhuis-mana.nl\/de\/wp-json\/wp\/v2\/product_brand?post=11297"},{"taxonomy":"product_cat","embeddable":true,"href":"https:\/\/wijnhuis-mana.nl\/de\/wp-json\/wp\/v2\/product_cat?post=11297"},{"taxonomy":"product_tag","embeddable":true,"href":"https:\/\/wijnhuis-mana.nl\/de\/wp-json\/wp\/v2\/product_tag?post=11297"}],"curies":[{"name":"wp","href":"https:\/\/api.w.org\/{rel}","templated":true}]}}