{"id":11318,"date":"2025-02-16T13:27:02","date_gmt":"2025-02-16T12:27:02","guid":{"rendered":"https:\/\/wijnhuis-mana.nl\/?post_type=product&#038;p=11318"},"modified":"2026-04-04T11:12:06","modified_gmt":"2026-04-04T09:12:06","slug":"fantini-edizione-bianco-cinque-autoctoni","status":"publish","type":"product","link":"https:\/\/wijnhuis-mana.nl\/de\/product\/fantini-edizione-bianco-cinque-autoctoni\/","title":{"rendered":"Fantini Edizione Bianco Cinque Autoctoni"},"content":{"rendered":"<h3>Algemene informatie<\/h3>\n<p class=\"\" data-start=\"158\" data-end=\"785\">De Fantini Edizione Bianco Cinque Autoctoni is een unieke witte wijn uit Itali\u00eb, gemaakt van vijf inheemse druivensoorten: Pecorino, Cococciola, Falanghina, Fiano en Greco. De druiven worden zorgvuldig geselecteerd uit verschillende terroirs in de regio&#8217;s Abruzzo en Puglia, wat zorgt voor een perfecte balans tussen frisheid en rijkdom. Na een zachte persing ondergaan de druiven een gecontroleerde fermentatie op lage temperatuur in roestvrijstalen tanks, om de frisheid en aromatische expressie optimaal te behouden. Een deel van de wijn rijpt kort op de fijne droesem voor extra structuur en diepgang.<\/p>\n<h3 data-start=\"787\" data-end=\"1214\">Smaakprofiel<\/h3>\n<p class=\"\" data-start=\"787\" data-end=\"1214\">Deze wijn heeft een heldere, strogele kleur met gouden reflecties. In de geur ontdek je een expressief boeket van witte bloemen, citrusfruit en exotisch fruit zoals ananas en mango, aangevuld met subtiele tonen van amandel en een vleugje mineraliteit. In de mond is de wijn vol en rijk, maar met een levendige frisheid die zorgt voor een perfecte balans. De lange, elegante afdronk maakt het geheel compleet.<\/p>\n<h3 data-start=\"1216\" data-end=\"1322\">Serveeradvies<\/h3>\n<p class=\"\" data-start=\"1216\" data-end=\"1322\">De Fantini Edizione Bianco Cinque Autoctoni is een veelzijdige begeleider aan tafel:<\/p>\n<ul data-start=\"1323\" data-end=\"1517\">\n<li class=\"\" data-start=\"1323\" data-end=\"1363\">\n<p class=\"\" data-start=\"1325\" data-end=\"1363\">Heerlijk bij schaal- en schelpdieren<\/p>\n<\/li>\n<li class=\"\" data-start=\"1364\" data-end=\"1401\">\n<p class=\"\" data-start=\"1366\" data-end=\"1401\">Perfect bij gegrilde visgerechten<\/p>\n<\/li>\n<li class=\"\" data-start=\"1402\" data-end=\"1451\">\n<p class=\"\" data-start=\"1404\" data-end=\"1451\">Uitstekend bij romige pasta&#8217;s met zeevruchten<\/p>\n<\/li>\n<li class=\"\" data-start=\"1452\" data-end=\"1517\">\n<p class=\"\" data-start=\"1454\" data-end=\"1517\">Ook lekker bij zachte kazen of als aperitief op een zonnige dag<\/p>\n<\/li>\n<\/ul>\n<h3 data-start=\"1519\" data-end=\"1786\">Weetje<\/h3>\n<p class=\"\" data-start=\"1519\" data-end=\"1786\">De naam &#8220;Cinque Autoctoni&#8221; verwijst naar de vijf inheemse druivenrassen waarvan deze wijn is gemaakt. Fantini wil hiermee het rijke Italiaanse wijn-erfgoed eren en tegelijkertijd een moderne, frisse wijn cre\u00ebren die zowel toegankelijk als karaktervol is.<\/p>\n","protected":false},"excerpt":{"rendered":"<p>Fantini Edizione Bianco Cinque Autoctoni is een expressieve Italiaanse witte wijn, gemaakt van vijf inheemse druivensoorten. Met aroma\u2019s van exotisch fruit, citrus en amandel, een volle body en levendige frisheid, is dit de ideale wijn voor liefhebbers van rijke en frisse witte wijnen.<\/p>\n<p>\nVivino score:<\/p>\n<div class=\"vivino-widget vivino-wine-card-widget\" data-vivino-widget-type=\"wineWithoutVintage\" data-vivino-wine-id=\"21646\" data-make-vivino-redirect=\"true\" data-vivino-widget-language=\"en\" data-vivino-widget-layout=\"small_new\">\n  <a target=\"_blank\">Wine name<\/a>\n<\/div>\n","protected":false},"featured_media":13388,"comment_status":"open","ping_status":"closed","template":"","meta":[],"product_brand":[],"product_cat":[2888,2899,2890],"product_tag":[201,803,411,142],"class_list":{"0":"post-11318","1":"product","2":"type-product","3":"status-publish","4":"has-post-thumbnail","6":"product_cat-alle-wijn","7":"product_cat-italiaanse-wijn","8":"product_cat-witte-wijn","9":"product_tag-biologisch","10":"product_tag-houtrijping","11":"product_tag-italiaanse-wijn","12":"product_tag-witte-wijn","14":"first","15":"instock","16":"taxable","17":"shipping-taxable","18":"purchasable","19":"product-type-simple"},"yoast_head":"<!-- This site is optimized with the Yoast SEO Premium plugin v27.3 (Yoast SEO v27.3) - https:\/\/yoast.com\/product\/yoast-seo-premium-wordpress\/ -->\n<title>Fantini Edizione Bianco Cinque Autoctoni | Italiaanse Witte Wijn<\/title>\n<meta name=\"description\" content=\"Ervaar de Fantini Edizione Bianco Cinque Autoctoni, een verfrissende Italiaanse witte wijn met bloemige tonen en subtiele minerale afdronk. Ideaal voor speciale momenten.\" \/>\n<meta name=\"robots\" content=\"index, follow, max-snippet:-1, max-image-preview:large, max-video-preview:-1\" \/>\n<link rel=\"canonical\" href=\"https:\/\/wijnhuis-mana.nl\/de\/product\/fantini-edizione-bianco-cinque-autoctoni\/\" \/>\n<meta property=\"og:locale\" content=\"de_DE\" \/>\n<meta property=\"og:type\" content=\"article\" \/>\n<meta property=\"og:title\" content=\"Fantini Edizione Bianco Cinque Autoctoni\" \/>\n<meta property=\"og:description\" content=\"Ervaar de Fantini Edizione Bianco Cinque Autoctoni, een verfrissende Italiaanse witte wijn met bloemige tonen en subtiele minerale afdronk. Ideaal voor speciale momenten.\" \/>\n<meta property=\"og:url\" content=\"https:\/\/wijnhuis-mana.nl\/de\/product\/fantini-edizione-bianco-cinque-autoctoni\/\" \/>\n<meta property=\"og:site_name\" content=\"Wijnhuis-Mana.nl\" \/>\n<meta property=\"article:publisher\" content=\"https:\/\/www.facebook.com\/wijnhuismana\" \/>\n<meta property=\"article:modified_time\" content=\"2026-04-04T09:12:06+00:00\" \/>\n<meta property=\"og:image\" content=\"https:\/\/wijnhuis-mana.nl\/wp-content\/uploads\/2025\/04\/Fantini-Edizione-Bianco-Cinque-Autoctoni.jpg\" \/>\n\t<meta property=\"og:image:width\" content=\"800\" \/>\n\t<meta property=\"og:image:height\" content=\"800\" \/>\n\t<meta property=\"og:image:type\" content=\"image\/jpeg\" \/>\n<meta name=\"twitter:card\" content=\"summary_large_image\" \/>\n<meta name=\"twitter:label1\" content=\"Price\" \/>\n\t<meta name=\"twitter:data1\" content=\"&euro;&nbsp;17,39\" \/>\n\t<meta name=\"twitter:label2\" content=\"Availability\" \/>\n\t<meta name=\"twitter:data2\" content=\"In stock\" \/>\n<script type=\"application\/ld+json\" class=\"yoast-schema-graph\">{\"@context\":\"https:\\\/\\\/schema.org\",\"@graph\":[{\"@type\":\"WebPage\",\"@id\":\"https:\\\/\\\/wijnhuis-mana.nl\\\/de\\\/product\\\/fantini-edizione-bianco-cinque-autoctoni\\\/\",\"url\":\"https:\\\/\\\/wijnhuis-mana.nl\\\/de\\\/product\\\/fantini-edizione-bianco-cinque-autoctoni\\\/\",\"name\":\"Fantini Edizione Bianco Cinque Autoctoni | Italiaanse Witte Wijn\",\"isPartOf\":{\"@id\":\"https:\\\/\\\/wijnhuis-mana.nl\\\/de\\\/#website\"},\"primaryImageOfPage\":{\"@id\":\"https:\\\/\\\/wijnhuis-mana.nl\\\/de\\\/product\\\/fantini-edizione-bianco-cinque-autoctoni\\\/#primaryimage\"},\"image\":{\"@id\":\"https:\\\/\\\/wijnhuis-mana.nl\\\/de\\\/product\\\/fantini-edizione-bianco-cinque-autoctoni\\\/#primaryimage\"},\"thumbnailUrl\":\"https:\\\/\\\/wijnhuis-mana.nl\\\/wp-content\\\/uploads\\\/2025\\\/04\\\/Fantini-Edizione-Bianco-Cinque-Autoctoni.jpg\",\"datePublished\":\"2025-02-16T12:27:02+00:00\",\"dateModified\":\"2026-04-04T09:12:06+00:00\",\"description\":\"Ervaar de Fantini Edizione Bianco Cinque Autoctoni, een verfrissende Italiaanse witte wijn met bloemige tonen en subtiele minerale afdronk. Ideaal voor speciale momenten.\",\"breadcrumb\":{\"@id\":\"https:\\\/\\\/wijnhuis-mana.nl\\\/de\\\/product\\\/fantini-edizione-bianco-cinque-autoctoni\\\/#breadcrumb\"},\"inLanguage\":\"de-DE\",\"potentialAction\":[{\"@type\":\"ReadAction\",\"target\":[\"https:\\\/\\\/wijnhuis-mana.nl\\\/de\\\/product\\\/fantini-edizione-bianco-cinque-autoctoni\\\/\"]}]},{\"@type\":\"ImageObject\",\"inLanguage\":\"de-DE\",\"@id\":\"https:\\\/\\\/wijnhuis-mana.nl\\\/de\\\/product\\\/fantini-edizione-bianco-cinque-autoctoni\\\/#primaryimage\",\"url\":\"https:\\\/\\\/wijnhuis-mana.nl\\\/wp-content\\\/uploads\\\/2025\\\/04\\\/Fantini-Edizione-Bianco-Cinque-Autoctoni.jpg\",\"contentUrl\":\"https:\\\/\\\/wijnhuis-mana.nl\\\/wp-content\\\/uploads\\\/2025\\\/04\\\/Fantini-Edizione-Bianco-Cinque-Autoctoni.jpg\",\"width\":800,\"height\":800,\"caption\":\"Ervaar de Fantini Edizione Bianco Cinque Autoctoni, een verfrissende Italiaanse witte wijn met bloemige tonen en subtiele minerale afdronk. Ideaal voor speciale momenten.\"},{\"@type\":\"BreadcrumbList\",\"@id\":\"https:\\\/\\\/wijnhuis-mana.nl\\\/de\\\/product\\\/fantini-edizione-bianco-cinque-autoctoni\\\/#breadcrumb\",\"itemListElement\":[{\"@type\":\"ListItem\",\"position\":1,\"name\":\"Home\",\"item\":\"https:\\\/\\\/wijnhuis-mana.nl\\\/de\\\/\"},{\"@type\":\"ListItem\",\"position\":2,\"name\":\"Shop\",\"item\":\"https:\\\/\\\/wijnhuis-mana.nl\\\/de\\\/shop-2\\\/\"},{\"@type\":\"ListItem\",\"position\":3,\"name\":\"Fantini Edizione Bianco Cinque Autoctoni\"}]},{\"@type\":\"WebSite\",\"@id\":\"https:\\\/\\\/wijnhuis-mana.nl\\\/de\\\/#website\",\"url\":\"https:\\\/\\\/wijnhuis-mana.nl\\\/de\\\/\",\"name\":\"Wijnhuis-Mana.nl\",\"description\":\"Wijn v\u00e1n liefhebbers, v\u00f3\u00f3r liefhebbers\",\"publisher\":{\"@id\":\"https:\\\/\\\/wijnhuis-mana.nl\\\/de\\\/#organization\"},\"potentialAction\":[{\"@type\":\"SearchAction\",\"target\":{\"@type\":\"EntryPoint\",\"urlTemplate\":\"https:\\\/\\\/wijnhuis-mana.nl\\\/de\\\/?s={search_term_string}\"},\"query-input\":{\"@type\":\"PropertyValueSpecification\",\"valueRequired\":true,\"valueName\":\"search_term_string\"}}],\"inLanguage\":\"de-DE\"},{\"@type\":[\"Organization\",\"Place\"],\"@id\":\"https:\\\/\\\/wijnhuis-mana.nl\\\/de\\\/#organization\",\"name\":\"Wijnhuis-Mana.nl\",\"url\":\"https:\\\/\\\/wijnhuis-mana.nl\\\/de\\\/\",\"logo\":{\"@id\":\"https:\\\/\\\/wijnhuis-mana.nl\\\/de\\\/product\\\/fantini-edizione-bianco-cinque-autoctoni\\\/#local-main-organization-logo\"},\"image\":{\"@id\":\"https:\\\/\\\/wijnhuis-mana.nl\\\/de\\\/product\\\/fantini-edizione-bianco-cinque-autoctoni\\\/#local-main-organization-logo\"},\"sameAs\":[\"https:\\\/\\\/www.facebook.com\\\/wijnhuismana\",\"https:\\\/\\\/www.instagram.com\\\/ghvino.nl\"],\"hasMerchantReturnPolicy\":{\"@type\":\"MerchantReturnPolicy\",\"merchantReturnLink\":\"https:\\\/\\\/wijnhuis-mana.nl\\\/algemene-voorwaarden\\\/\"},\"address\":{\"@id\":\"https:\\\/\\\/wijnhuis-mana.nl\\\/de\\\/product\\\/fantini-edizione-bianco-cinque-autoctoni\\\/#local-main-place-address\"},\"telephone\":[\"0299-769018\"],\"openingHoursSpecification\":[{\"@type\":\"OpeningHoursSpecification\",\"dayOfWeek\":[\"Monday\",\"Sunday\"],\"opens\":\"00:00\",\"closes\":\"00:00\"},{\"@type\":\"OpeningHoursSpecification\",\"dayOfWeek\":[\"Tuesday\"],\"opens\":\"10:00\",\"closes\":\"18:00\"},{\"@type\":\"OpeningHoursSpecification\",\"dayOfWeek\":[\"Wednesday\",\"Thursday\",\"Saturday\"],\"opens\":\"11:00\",\"closes\":\"18:00\"},{\"@type\":\"OpeningHoursSpecification\",\"dayOfWeek\":[\"Friday\"],\"opens\":\"11:00\",\"closes\":\"21:00\"}],\"email\":\"info@wijnhuis-mana.nl\",\"areaServed\":\"Nederland\",\"vatID\":\"NL58KNAB0255573782\",\"taxID\":\"NL58KNAB0255573782\"},{\"@type\":\"PostalAddress\",\"@id\":\"https:\\\/\\\/wijnhuis-mana.nl\\\/de\\\/product\\\/fantini-edizione-bianco-cinque-autoctoni\\\/#local-main-place-address\",\"streetAddress\":\"Weerwal 11\",\"addressLocality\":\"Purmerend\",\"postalCode\":\"1441 AL\",\"addressRegion\":\"Noord-Holland\",\"addressCountry\":\"NL\"},{\"@type\":\"ImageObject\",\"inLanguage\":\"de-DE\",\"@id\":\"https:\\\/\\\/wijnhuis-mana.nl\\\/de\\\/product\\\/fantini-edizione-bianco-cinque-autoctoni\\\/#local-main-organization-logo\",\"url\":\"https:\\\/\\\/wijnhuis-mana.nl\\\/wp-content\\\/uploads\\\/2022\\\/01\\\/Logo_Wijnhuis-Mana_Kleur.jpg\",\"contentUrl\":\"https:\\\/\\\/wijnhuis-mana.nl\\\/wp-content\\\/uploads\\\/2022\\\/01\\\/Logo_Wijnhuis-Mana_Kleur.jpg\",\"width\":400,\"height\":111,\"caption\":\"Wijnhuis-Mana.nl\"}]}<\/script>\n<meta property=\"product:price:amount\" content=\"17.39\" \/>\n<meta property=\"product:price:currency\" content=\"EUR\" \/>\n<meta property=\"og:availability\" content=\"instock\" \/>\n<meta property=\"product:availability\" content=\"instock\" \/>\n<meta property=\"product:retailer_item_id\" content=\"8019873134004\" \/>\n<meta property=\"product:condition\" content=\"new\" \/>\n<meta name=\"geo.placename\" content=\"Purmerend\" \/>\n<meta name=\"geo.region\" content=\"Netherlands\" \/>\n<!-- \/ Yoast SEO Premium plugin. -->","yoast_head_json":{"title":"Fantini Edizione Bianco Cinque Autoctoni | Italiaanse Witte Wijn","description":"Ervaar de Fantini Edizione Bianco Cinque Autoctoni, een verfrissende Italiaanse witte wijn met bloemige tonen en subtiele minerale afdronk. Ideaal voor speciale momenten.","robots":{"index":"index","follow":"follow","max-snippet":"max-snippet:-1","max-image-preview":"max-image-preview:large","max-video-preview":"max-video-preview:-1"},"canonical":"https:\/\/wijnhuis-mana.nl\/de\/product\/fantini-edizione-bianco-cinque-autoctoni\/","og_locale":"de_DE","og_type":"article","og_title":"Fantini Edizione Bianco Cinque Autoctoni","og_description":"Ervaar de Fantini Edizione Bianco Cinque Autoctoni, een verfrissende Italiaanse witte wijn met bloemige tonen en subtiele minerale afdronk. Ideaal voor speciale momenten.","og_url":"https:\/\/wijnhuis-mana.nl\/de\/product\/fantini-edizione-bianco-cinque-autoctoni\/","og_site_name":"Wijnhuis-Mana.nl","article_publisher":"https:\/\/www.facebook.com\/wijnhuismana","article_modified_time":"2026-04-04T09:12:06+00:00","og_image":[{"width":800,"height":800,"url":"https:\/\/wijnhuis-mana.nl\/wp-content\/uploads\/2025\/04\/Fantini-Edizione-Bianco-Cinque-Autoctoni.jpg","type":"image\/jpeg"}],"twitter_card":"summary_large_image","twitter_misc":{"Price":"&euro;&nbsp;17,39","Availability":"In stock"},"schema":{"@context":"https:\/\/schema.org","@graph":[{"@type":"WebPage","@id":"https:\/\/wijnhuis-mana.nl\/de\/product\/fantini-edizione-bianco-cinque-autoctoni\/","url":"https:\/\/wijnhuis-mana.nl\/de\/product\/fantini-edizione-bianco-cinque-autoctoni\/","name":"Fantini Edizione Bianco Cinque Autoctoni | Italiaanse Witte Wijn","isPartOf":{"@id":"https:\/\/wijnhuis-mana.nl\/de\/#website"},"primaryImageOfPage":{"@id":"https:\/\/wijnhuis-mana.nl\/de\/product\/fantini-edizione-bianco-cinque-autoctoni\/#primaryimage"},"image":{"@id":"https:\/\/wijnhuis-mana.nl\/de\/product\/fantini-edizione-bianco-cinque-autoctoni\/#primaryimage"},"thumbnailUrl":"https:\/\/wijnhuis-mana.nl\/wp-content\/uploads\/2025\/04\/Fantini-Edizione-Bianco-Cinque-Autoctoni.jpg","datePublished":"2025-02-16T12:27:02+00:00","dateModified":"2026-04-04T09:12:06+00:00","description":"Ervaar de Fantini Edizione Bianco Cinque Autoctoni, een verfrissende Italiaanse witte wijn met bloemige tonen en subtiele minerale afdronk. Ideaal voor speciale momenten.","breadcrumb":{"@id":"https:\/\/wijnhuis-mana.nl\/de\/product\/fantini-edizione-bianco-cinque-autoctoni\/#breadcrumb"},"inLanguage":"de-DE","potentialAction":[{"@type":"ReadAction","target":["https:\/\/wijnhuis-mana.nl\/de\/product\/fantini-edizione-bianco-cinque-autoctoni\/"]}]},{"@type":"ImageObject","inLanguage":"de-DE","@id":"https:\/\/wijnhuis-mana.nl\/de\/product\/fantini-edizione-bianco-cinque-autoctoni\/#primaryimage","url":"https:\/\/wijnhuis-mana.nl\/wp-content\/uploads\/2025\/04\/Fantini-Edizione-Bianco-Cinque-Autoctoni.jpg","contentUrl":"https:\/\/wijnhuis-mana.nl\/wp-content\/uploads\/2025\/04\/Fantini-Edizione-Bianco-Cinque-Autoctoni.jpg","width":800,"height":800,"caption":"Ervaar de Fantini Edizione Bianco Cinque Autoctoni, een verfrissende Italiaanse witte wijn met bloemige tonen en subtiele minerale afdronk. Ideaal voor speciale momenten."},{"@type":"BreadcrumbList","@id":"https:\/\/wijnhuis-mana.nl\/de\/product\/fantini-edizione-bianco-cinque-autoctoni\/#breadcrumb","itemListElement":[{"@type":"ListItem","position":1,"name":"Home","item":"https:\/\/wijnhuis-mana.nl\/de\/"},{"@type":"ListItem","position":2,"name":"Shop","item":"https:\/\/wijnhuis-mana.nl\/de\/shop-2\/"},{"@type":"ListItem","position":3,"name":"Fantini Edizione Bianco Cinque Autoctoni"}]},{"@type":"WebSite","@id":"https:\/\/wijnhuis-mana.nl\/de\/#website","url":"https:\/\/wijnhuis-mana.nl\/de\/","name":"Wijnhuis-Mana.nl","description":"Wijn v\u00e1n liefhebbers, v\u00f3\u00f3r liefhebbers","publisher":{"@id":"https:\/\/wijnhuis-mana.nl\/de\/#organization"},"potentialAction":[{"@type":"SearchAction","target":{"@type":"EntryPoint","urlTemplate":"https:\/\/wijnhuis-mana.nl\/de\/?s={search_term_string}"},"query-input":{"@type":"PropertyValueSpecification","valueRequired":true,"valueName":"search_term_string"}}],"inLanguage":"de-DE"},{"@type":["Organization","Place"],"@id":"https:\/\/wijnhuis-mana.nl\/de\/#organization","name":"Wijnhuis-Mana.nl","url":"https:\/\/wijnhuis-mana.nl\/de\/","logo":{"@id":"https:\/\/wijnhuis-mana.nl\/de\/product\/fantini-edizione-bianco-cinque-autoctoni\/#local-main-organization-logo"},"image":{"@id":"https:\/\/wijnhuis-mana.nl\/de\/product\/fantini-edizione-bianco-cinque-autoctoni\/#local-main-organization-logo"},"sameAs":["https:\/\/www.facebook.com\/wijnhuismana","https:\/\/www.instagram.com\/ghvino.nl"],"hasMerchantReturnPolicy":{"@type":"MerchantReturnPolicy","merchantReturnLink":"https:\/\/wijnhuis-mana.nl\/algemene-voorwaarden\/"},"address":{"@id":"https:\/\/wijnhuis-mana.nl\/de\/product\/fantini-edizione-bianco-cinque-autoctoni\/#local-main-place-address"},"telephone":["0299-769018"],"openingHoursSpecification":[{"@type":"OpeningHoursSpecification","dayOfWeek":["Monday","Sunday"],"opens":"00:00","closes":"00:00"},{"@type":"OpeningHoursSpecification","dayOfWeek":["Tuesday"],"opens":"10:00","closes":"18:00"},{"@type":"OpeningHoursSpecification","dayOfWeek":["Wednesday","Thursday","Saturday"],"opens":"11:00","closes":"18:00"},{"@type":"OpeningHoursSpecification","dayOfWeek":["Friday"],"opens":"11:00","closes":"21:00"}],"email":"info@wijnhuis-mana.nl","areaServed":"Nederland","vatID":"NL58KNAB0255573782","taxID":"NL58KNAB0255573782"},{"@type":"PostalAddress","@id":"https:\/\/wijnhuis-mana.nl\/de\/product\/fantini-edizione-bianco-cinque-autoctoni\/#local-main-place-address","streetAddress":"Weerwal 11","addressLocality":"Purmerend","postalCode":"1441 AL","addressRegion":"Noord-Holland","addressCountry":"NL"},{"@type":"ImageObject","inLanguage":"de-DE","@id":"https:\/\/wijnhuis-mana.nl\/de\/product\/fantini-edizione-bianco-cinque-autoctoni\/#local-main-organization-logo","url":"https:\/\/wijnhuis-mana.nl\/wp-content\/uploads\/2022\/01\/Logo_Wijnhuis-Mana_Kleur.jpg","contentUrl":"https:\/\/wijnhuis-mana.nl\/wp-content\/uploads\/2022\/01\/Logo_Wijnhuis-Mana_Kleur.jpg","width":400,"height":111,"caption":"Wijnhuis-Mana.nl"}]},"product_price_amount":"17.39","product_price_currency":"EUR","og_availability":"instock","product_availability":"instock","product_retailer_item_id":"8019873134004","product_condition":"new","geo.placename":"Purmerend","geo.region":"Netherlands"},"post_mailing_queue_ids":[],"_links":{"self":[{"href":"https:\/\/wijnhuis-mana.nl\/de\/wp-json\/wp\/v2\/product\/11318","targetHints":{"allow":["GET"]}}],"collection":[{"href":"https:\/\/wijnhuis-mana.nl\/de\/wp-json\/wp\/v2\/product"}],"about":[{"href":"https:\/\/wijnhuis-mana.nl\/de\/wp-json\/wp\/v2\/types\/product"}],"replies":[{"embeddable":true,"href":"https:\/\/wijnhuis-mana.nl\/de\/wp-json\/wp\/v2\/comments?post=11318"}],"wp:featuredmedia":[{"embeddable":true,"href":"https:\/\/wijnhuis-mana.nl\/de\/wp-json\/wp\/v2\/media\/13388"}],"wp:attachment":[{"href":"https:\/\/wijnhuis-mana.nl\/de\/wp-json\/wp\/v2\/media?parent=11318"}],"wp:term":[{"taxonomy":"product_brand","embeddable":true,"href":"https:\/\/wijnhuis-mana.nl\/de\/wp-json\/wp\/v2\/product_brand?post=11318"},{"taxonomy":"product_cat","embeddable":true,"href":"https:\/\/wijnhuis-mana.nl\/de\/wp-json\/wp\/v2\/product_cat?post=11318"},{"taxonomy":"product_tag","embeddable":true,"href":"https:\/\/wijnhuis-mana.nl\/de\/wp-json\/wp\/v2\/product_tag?post=11318"}],"curies":[{"name":"wp","href":"https:\/\/api.w.org\/{rel}","templated":true}]}}