{"id":11350,"date":"2025-02-16T14:42:10","date_gmt":"2025-02-16T13:42:10","guid":{"rendered":"https:\/\/wijnhuis-mana.nl\/?post_type=product&#038;p=11350"},"modified":"2026-01-04T19:21:06","modified_gmt":"2026-01-04T18:21:06","slug":"tenuta-regaleali-frappato-sicilia-doc-2023","status":"publish","type":"product","link":"https:\/\/wijnhuis-mana.nl\/de\/product\/tenuta-regaleali-frappato-sicilia-doc-2023\/","title":{"rendered":"Tenuta Regaleali Frappato Sicilia DOC 2023"},"content":{"rendered":"<h3>Algemene informatie<\/h3>\n<p>De Tenuta Regaleali Frappato Sicilia DOC 2023 is een uitmuntend voorbeeld van Siciliaanse wijnkunst. Dit fruitige rode juweeltje is gemaakt van 100% Frappato-druiven, zorgvuldig gekweekt op de zonovergoten heuvels van Sicili\u00eb. De vinificatiemethode betreft traditionele maceratie en fermentatie in roestvrijstalen tanks, wat zorgt voor het behoud van de frisse en levendige fruitaroma&#8217;s typisch voor deze druivensoort.<\/p>\n<h3>Smaakprofiel<\/h3>\n<p>De Tenuta Regaleali Frappato kleurt helder robijnrood in het glas en onthult direct zijn jeugdige charme. Aroma&#8217;s van verse aardbeien en kersen vermengen zich met een hint van kruiden en bloemen. De smaak is licht en fruitig met een verrassend frisse afdronk, wat het een uitstekende keuze maakt voor een verscheidenheid aan gelegenheden.<\/p>\n<h3>Serveeradvies<\/h3>\n<p>Deze wijn komt het best tot zijn recht geserveerd op een temperatuur tussen de 16-18\u00b0C. Het is een perfecte begeleider van lichte pastagerechten, wit vlees, en verse zeevruchten.<\/p>\n<ul>\n<li>Lichte pastagerechten<\/li>\n<li>Wit vlees zoals kip of kalkoen<\/li>\n<li>Frisse zeevruchten<\/li>\n<\/ul>\n<h3>Weetje<\/h3>\n<p>Wist u dat de Frappato-druif voornamelijk wordt verbouwd in de regio Sicili\u00eb in Itali\u00eb en bekend staat om zijn levendige en fruitige karakter? Dit maakt het een favoriet onder wijnliefhebbers die houden van zowel subtiele complexiteit als onmiddellijke aantrekkelijkheid.<\/p>\n","protected":false},"excerpt":{"rendered":"<p>Ontdek de frisse en fruitige Tenuta Regaleali Frappato Sicilia DOC 2023, een Siciliaanse specialiteit met tonen van aardbei en kers. Perfect voor elke gelegenheid.<\/p>\n<p>\nVivino score:<\/p>\n<div class=\"vivino-widget vivino-wine-card-widget\" data-vivino-widget-type=\"wineWithoutVintage\" data-vivino-wine-id=\"11255488\" data-make-vivino-redirect=\"true\" data-vivino-widget-language=\"en\" data-vivino-widget-layout=\"small_new\">\n  <a target=\"_blank\">Wine name<\/a>\n<\/div>\n","protected":false},"featured_media":13488,"comment_status":"open","ping_status":"closed","template":"","meta":[],"product_brand":[],"product_cat":[2888,2902,2889],"product_tag":[411,136],"class_list":{"0":"post-11350","1":"product","2":"type-product","3":"status-publish","4":"has-post-thumbnail","6":"product_cat-alle-wijn","7":"product_cat-overige-landen","8":"product_cat-rode-wijn","9":"product_tag-italiaanse-wijn","10":"product_tag-rode-wijn","12":"first","13":"instock","14":"taxable","15":"shipping-taxable","16":"purchasable","17":"product-type-simple"},"yoast_head":"<!-- This site is optimized with the Yoast SEO Premium plugin v27.3 (Yoast SEO v27.3) - https:\/\/yoast.com\/product\/yoast-seo-premium-wordpress\/ -->\n<title>Tenuta Regaleali Frappato Sicilia DOC 2023 - Siciliaanse Rode Wijn<\/title>\n<meta name=\"description\" content=\"Proef de essentie van Sicili\u00eb met Tenuta Regaleali Frappato Sicilia DOC 2023. Deze rode wijn biedt een lichte, frisse smaak met een mooie balans van fruit en kruiden.\" \/>\n<meta name=\"robots\" content=\"index, follow, max-snippet:-1, max-image-preview:large, max-video-preview:-1\" \/>\n<link rel=\"canonical\" href=\"https:\/\/wijnhuis-mana.nl\/de\/product\/tenuta-regaleali-frappato-sicilia-doc-2023\/\" \/>\n<meta property=\"og:locale\" content=\"de_DE\" \/>\n<meta property=\"og:type\" content=\"article\" \/>\n<meta property=\"og:title\" content=\"Tenuta Regaleali Frappato Sicilia DOC 2023\" \/>\n<meta property=\"og:description\" content=\"Proef de essentie van Sicili\u00eb met Tenuta Regaleali Frappato Sicilia DOC 2023. Deze rode wijn biedt een lichte, frisse smaak met een mooie balans van fruit en kruiden.\" \/>\n<meta property=\"og:url\" content=\"https:\/\/wijnhuis-mana.nl\/de\/product\/tenuta-regaleali-frappato-sicilia-doc-2023\/\" \/>\n<meta property=\"og:site_name\" content=\"Wijnhuis-Mana.nl\" \/>\n<meta property=\"article:publisher\" content=\"https:\/\/www.facebook.com\/wijnhuismana\" \/>\n<meta property=\"article:modified_time\" content=\"2026-01-04T18:21:06+00:00\" \/>\n<meta property=\"og:image\" content=\"https:\/\/wijnhuis-mana.nl\/wp-content\/uploads\/2025\/04\/Tenuta-Regaleali-Frappato-Sicilia-DOC-2023.jpg\" \/>\n\t<meta property=\"og:image:width\" content=\"800\" \/>\n\t<meta property=\"og:image:height\" content=\"800\" \/>\n\t<meta property=\"og:image:type\" content=\"image\/jpeg\" \/>\n<meta name=\"twitter:card\" content=\"summary_large_image\" \/>\n<meta name=\"twitter:label1\" content=\"Price\" \/>\n\t<meta name=\"twitter:data1\" content=\"&euro;&nbsp;24,95\" \/>\n\t<meta name=\"twitter:label2\" content=\"Availability\" \/>\n\t<meta name=\"twitter:data2\" content=\"In stock\" \/>\n<script type=\"application\/ld+json\" class=\"yoast-schema-graph\">{\"@context\":\"https:\\\/\\\/schema.org\",\"@graph\":[{\"@type\":\"WebPage\",\"@id\":\"https:\\\/\\\/wijnhuis-mana.nl\\\/de\\\/product\\\/tenuta-regaleali-frappato-sicilia-doc-2023\\\/\",\"url\":\"https:\\\/\\\/wijnhuis-mana.nl\\\/de\\\/product\\\/tenuta-regaleali-frappato-sicilia-doc-2023\\\/\",\"name\":\"Tenuta Regaleali Frappato Sicilia DOC 2023 - Siciliaanse Rode Wijn\",\"isPartOf\":{\"@id\":\"https:\\\/\\\/wijnhuis-mana.nl\\\/de\\\/#website\"},\"primaryImageOfPage\":{\"@id\":\"https:\\\/\\\/wijnhuis-mana.nl\\\/de\\\/product\\\/tenuta-regaleali-frappato-sicilia-doc-2023\\\/#primaryimage\"},\"image\":{\"@id\":\"https:\\\/\\\/wijnhuis-mana.nl\\\/de\\\/product\\\/tenuta-regaleali-frappato-sicilia-doc-2023\\\/#primaryimage\"},\"thumbnailUrl\":\"https:\\\/\\\/wijnhuis-mana.nl\\\/wp-content\\\/uploads\\\/2025\\\/04\\\/Tenuta-Regaleali-Frappato-Sicilia-DOC-2023.jpg\",\"datePublished\":\"2025-02-16T13:42:10+00:00\",\"dateModified\":\"2026-01-04T18:21:06+00:00\",\"description\":\"Proef de essentie van Sicili\u00eb met Tenuta Regaleali Frappato Sicilia DOC 2023. Deze rode wijn biedt een lichte, frisse smaak met een mooie balans van fruit en kruiden.\",\"breadcrumb\":{\"@id\":\"https:\\\/\\\/wijnhuis-mana.nl\\\/de\\\/product\\\/tenuta-regaleali-frappato-sicilia-doc-2023\\\/#breadcrumb\"},\"inLanguage\":\"de-DE\",\"potentialAction\":[{\"@type\":\"ReadAction\",\"target\":[\"https:\\\/\\\/wijnhuis-mana.nl\\\/de\\\/product\\\/tenuta-regaleali-frappato-sicilia-doc-2023\\\/\"]}]},{\"@type\":\"ImageObject\",\"inLanguage\":\"de-DE\",\"@id\":\"https:\\\/\\\/wijnhuis-mana.nl\\\/de\\\/product\\\/tenuta-regaleali-frappato-sicilia-doc-2023\\\/#primaryimage\",\"url\":\"https:\\\/\\\/wijnhuis-mana.nl\\\/wp-content\\\/uploads\\\/2025\\\/04\\\/Tenuta-Regaleali-Frappato-Sicilia-DOC-2023.jpg\",\"contentUrl\":\"https:\\\/\\\/wijnhuis-mana.nl\\\/wp-content\\\/uploads\\\/2025\\\/04\\\/Tenuta-Regaleali-Frappato-Sicilia-DOC-2023.jpg\",\"width\":800,\"height\":800,\"caption\":\"Proef de essentie van Sicili\u00eb met Tenuta Regaleali Frappato Sicilia DOC 2023. Deze rode wijn biedt een lichte, frisse smaak met een mooie balans van fruit en kruiden.\"},{\"@type\":\"BreadcrumbList\",\"@id\":\"https:\\\/\\\/wijnhuis-mana.nl\\\/de\\\/product\\\/tenuta-regaleali-frappato-sicilia-doc-2023\\\/#breadcrumb\",\"itemListElement\":[{\"@type\":\"ListItem\",\"position\":1,\"name\":\"Home\",\"item\":\"https:\\\/\\\/wijnhuis-mana.nl\\\/de\\\/\"},{\"@type\":\"ListItem\",\"position\":2,\"name\":\"Shop\",\"item\":\"https:\\\/\\\/wijnhuis-mana.nl\\\/de\\\/shop-2\\\/\"},{\"@type\":\"ListItem\",\"position\":3,\"name\":\"Tenuta Regaleali Frappato Sicilia DOC 2023\"}]},{\"@type\":\"WebSite\",\"@id\":\"https:\\\/\\\/wijnhuis-mana.nl\\\/de\\\/#website\",\"url\":\"https:\\\/\\\/wijnhuis-mana.nl\\\/de\\\/\",\"name\":\"Wijnhuis-Mana.nl\",\"description\":\"Wijn v\u00e1n liefhebbers, v\u00f3\u00f3r liefhebbers\",\"publisher\":{\"@id\":\"https:\\\/\\\/wijnhuis-mana.nl\\\/de\\\/#organization\"},\"potentialAction\":[{\"@type\":\"SearchAction\",\"target\":{\"@type\":\"EntryPoint\",\"urlTemplate\":\"https:\\\/\\\/wijnhuis-mana.nl\\\/de\\\/?s={search_term_string}\"},\"query-input\":{\"@type\":\"PropertyValueSpecification\",\"valueRequired\":true,\"valueName\":\"search_term_string\"}}],\"inLanguage\":\"de-DE\"},{\"@type\":[\"Organization\",\"Place\"],\"@id\":\"https:\\\/\\\/wijnhuis-mana.nl\\\/de\\\/#organization\",\"name\":\"Wijnhuis-Mana.nl\",\"url\":\"https:\\\/\\\/wijnhuis-mana.nl\\\/de\\\/\",\"logo\":{\"@id\":\"https:\\\/\\\/wijnhuis-mana.nl\\\/de\\\/product\\\/tenuta-regaleali-frappato-sicilia-doc-2023\\\/#local-main-organization-logo\"},\"image\":{\"@id\":\"https:\\\/\\\/wijnhuis-mana.nl\\\/de\\\/product\\\/tenuta-regaleali-frappato-sicilia-doc-2023\\\/#local-main-organization-logo\"},\"sameAs\":[\"https:\\\/\\\/www.facebook.com\\\/wijnhuismana\",\"https:\\\/\\\/www.instagram.com\\\/ghvino.nl\"],\"hasMerchantReturnPolicy\":{\"@type\":\"MerchantReturnPolicy\",\"merchantReturnLink\":\"https:\\\/\\\/wijnhuis-mana.nl\\\/algemene-voorwaarden\\\/\"},\"address\":{\"@id\":\"https:\\\/\\\/wijnhuis-mana.nl\\\/de\\\/product\\\/tenuta-regaleali-frappato-sicilia-doc-2023\\\/#local-main-place-address\"},\"telephone\":[\"0299-769018\"],\"openingHoursSpecification\":[{\"@type\":\"OpeningHoursSpecification\",\"dayOfWeek\":[\"Monday\",\"Sunday\"],\"opens\":\"00:00\",\"closes\":\"00:00\"},{\"@type\":\"OpeningHoursSpecification\",\"dayOfWeek\":[\"Tuesday\"],\"opens\":\"10:00\",\"closes\":\"18:00\"},{\"@type\":\"OpeningHoursSpecification\",\"dayOfWeek\":[\"Wednesday\",\"Thursday\",\"Saturday\"],\"opens\":\"11:00\",\"closes\":\"18:00\"},{\"@type\":\"OpeningHoursSpecification\",\"dayOfWeek\":[\"Friday\"],\"opens\":\"11:00\",\"closes\":\"21:00\"}],\"email\":\"info@wijnhuis-mana.nl\",\"areaServed\":\"Nederland\",\"vatID\":\"NL58KNAB0255573782\",\"taxID\":\"NL58KNAB0255573782\"},{\"@type\":\"PostalAddress\",\"@id\":\"https:\\\/\\\/wijnhuis-mana.nl\\\/de\\\/product\\\/tenuta-regaleali-frappato-sicilia-doc-2023\\\/#local-main-place-address\",\"streetAddress\":\"Weerwal 11\",\"addressLocality\":\"Purmerend\",\"postalCode\":\"1441 AL\",\"addressRegion\":\"Noord-Holland\",\"addressCountry\":\"NL\"},{\"@type\":\"ImageObject\",\"inLanguage\":\"de-DE\",\"@id\":\"https:\\\/\\\/wijnhuis-mana.nl\\\/de\\\/product\\\/tenuta-regaleali-frappato-sicilia-doc-2023\\\/#local-main-organization-logo\",\"url\":\"https:\\\/\\\/wijnhuis-mana.nl\\\/wp-content\\\/uploads\\\/2022\\\/01\\\/Logo_Wijnhuis-Mana_Kleur.jpg\",\"contentUrl\":\"https:\\\/\\\/wijnhuis-mana.nl\\\/wp-content\\\/uploads\\\/2022\\\/01\\\/Logo_Wijnhuis-Mana_Kleur.jpg\",\"width\":400,\"height\":111,\"caption\":\"Wijnhuis-Mana.nl\"}]}<\/script>\n<meta property=\"product:price:amount\" content=\"24.95\" \/>\n<meta property=\"product:price:currency\" content=\"EUR\" \/>\n<meta property=\"og:availability\" content=\"instock\" \/>\n<meta property=\"product:availability\" content=\"instock\" \/>\n<meta property=\"product:retailer_item_id\" content=\"8052462545966\" \/>\n<meta property=\"product:condition\" content=\"new\" \/>\n<meta name=\"geo.placename\" content=\"Purmerend\" \/>\n<meta name=\"geo.region\" content=\"Netherlands\" \/>\n<!-- \/ Yoast SEO Premium plugin. -->","yoast_head_json":{"title":"Tenuta Regaleali Frappato Sicilia DOC 2023 - Siciliaanse Rode Wijn","description":"Proef de essentie van Sicili\u00eb met Tenuta Regaleali Frappato Sicilia DOC 2023. Deze rode wijn biedt een lichte, frisse smaak met een mooie balans van fruit en kruiden.","robots":{"index":"index","follow":"follow","max-snippet":"max-snippet:-1","max-image-preview":"max-image-preview:large","max-video-preview":"max-video-preview:-1"},"canonical":"https:\/\/wijnhuis-mana.nl\/de\/product\/tenuta-regaleali-frappato-sicilia-doc-2023\/","og_locale":"de_DE","og_type":"article","og_title":"Tenuta Regaleali Frappato Sicilia DOC 2023","og_description":"Proef de essentie van Sicili\u00eb met Tenuta Regaleali Frappato Sicilia DOC 2023. Deze rode wijn biedt een lichte, frisse smaak met een mooie balans van fruit en kruiden.","og_url":"https:\/\/wijnhuis-mana.nl\/de\/product\/tenuta-regaleali-frappato-sicilia-doc-2023\/","og_site_name":"Wijnhuis-Mana.nl","article_publisher":"https:\/\/www.facebook.com\/wijnhuismana","article_modified_time":"2026-01-04T18:21:06+00:00","og_image":[{"width":800,"height":800,"url":"https:\/\/wijnhuis-mana.nl\/wp-content\/uploads\/2025\/04\/Tenuta-Regaleali-Frappato-Sicilia-DOC-2023.jpg","type":"image\/jpeg"}],"twitter_card":"summary_large_image","twitter_misc":{"Price":"&euro;&nbsp;24,95","Availability":"In stock"},"schema":{"@context":"https:\/\/schema.org","@graph":[{"@type":"WebPage","@id":"https:\/\/wijnhuis-mana.nl\/de\/product\/tenuta-regaleali-frappato-sicilia-doc-2023\/","url":"https:\/\/wijnhuis-mana.nl\/de\/product\/tenuta-regaleali-frappato-sicilia-doc-2023\/","name":"Tenuta Regaleali Frappato Sicilia DOC 2023 - Siciliaanse Rode Wijn","isPartOf":{"@id":"https:\/\/wijnhuis-mana.nl\/de\/#website"},"primaryImageOfPage":{"@id":"https:\/\/wijnhuis-mana.nl\/de\/product\/tenuta-regaleali-frappato-sicilia-doc-2023\/#primaryimage"},"image":{"@id":"https:\/\/wijnhuis-mana.nl\/de\/product\/tenuta-regaleali-frappato-sicilia-doc-2023\/#primaryimage"},"thumbnailUrl":"https:\/\/wijnhuis-mana.nl\/wp-content\/uploads\/2025\/04\/Tenuta-Regaleali-Frappato-Sicilia-DOC-2023.jpg","datePublished":"2025-02-16T13:42:10+00:00","dateModified":"2026-01-04T18:21:06+00:00","description":"Proef de essentie van Sicili\u00eb met Tenuta Regaleali Frappato Sicilia DOC 2023. Deze rode wijn biedt een lichte, frisse smaak met een mooie balans van fruit en kruiden.","breadcrumb":{"@id":"https:\/\/wijnhuis-mana.nl\/de\/product\/tenuta-regaleali-frappato-sicilia-doc-2023\/#breadcrumb"},"inLanguage":"de-DE","potentialAction":[{"@type":"ReadAction","target":["https:\/\/wijnhuis-mana.nl\/de\/product\/tenuta-regaleali-frappato-sicilia-doc-2023\/"]}]},{"@type":"ImageObject","inLanguage":"de-DE","@id":"https:\/\/wijnhuis-mana.nl\/de\/product\/tenuta-regaleali-frappato-sicilia-doc-2023\/#primaryimage","url":"https:\/\/wijnhuis-mana.nl\/wp-content\/uploads\/2025\/04\/Tenuta-Regaleali-Frappato-Sicilia-DOC-2023.jpg","contentUrl":"https:\/\/wijnhuis-mana.nl\/wp-content\/uploads\/2025\/04\/Tenuta-Regaleali-Frappato-Sicilia-DOC-2023.jpg","width":800,"height":800,"caption":"Proef de essentie van Sicili\u00eb met Tenuta Regaleali Frappato Sicilia DOC 2023. Deze rode wijn biedt een lichte, frisse smaak met een mooie balans van fruit en kruiden."},{"@type":"BreadcrumbList","@id":"https:\/\/wijnhuis-mana.nl\/de\/product\/tenuta-regaleali-frappato-sicilia-doc-2023\/#breadcrumb","itemListElement":[{"@type":"ListItem","position":1,"name":"Home","item":"https:\/\/wijnhuis-mana.nl\/de\/"},{"@type":"ListItem","position":2,"name":"Shop","item":"https:\/\/wijnhuis-mana.nl\/de\/shop-2\/"},{"@type":"ListItem","position":3,"name":"Tenuta Regaleali Frappato Sicilia DOC 2023"}]},{"@type":"WebSite","@id":"https:\/\/wijnhuis-mana.nl\/de\/#website","url":"https:\/\/wijnhuis-mana.nl\/de\/","name":"Wijnhuis-Mana.nl","description":"Wijn v\u00e1n liefhebbers, v\u00f3\u00f3r liefhebbers","publisher":{"@id":"https:\/\/wijnhuis-mana.nl\/de\/#organization"},"potentialAction":[{"@type":"SearchAction","target":{"@type":"EntryPoint","urlTemplate":"https:\/\/wijnhuis-mana.nl\/de\/?s={search_term_string}"},"query-input":{"@type":"PropertyValueSpecification","valueRequired":true,"valueName":"search_term_string"}}],"inLanguage":"de-DE"},{"@type":["Organization","Place"],"@id":"https:\/\/wijnhuis-mana.nl\/de\/#organization","name":"Wijnhuis-Mana.nl","url":"https:\/\/wijnhuis-mana.nl\/de\/","logo":{"@id":"https:\/\/wijnhuis-mana.nl\/de\/product\/tenuta-regaleali-frappato-sicilia-doc-2023\/#local-main-organization-logo"},"image":{"@id":"https:\/\/wijnhuis-mana.nl\/de\/product\/tenuta-regaleali-frappato-sicilia-doc-2023\/#local-main-organization-logo"},"sameAs":["https:\/\/www.facebook.com\/wijnhuismana","https:\/\/www.instagram.com\/ghvino.nl"],"hasMerchantReturnPolicy":{"@type":"MerchantReturnPolicy","merchantReturnLink":"https:\/\/wijnhuis-mana.nl\/algemene-voorwaarden\/"},"address":{"@id":"https:\/\/wijnhuis-mana.nl\/de\/product\/tenuta-regaleali-frappato-sicilia-doc-2023\/#local-main-place-address"},"telephone":["0299-769018"],"openingHoursSpecification":[{"@type":"OpeningHoursSpecification","dayOfWeek":["Monday","Sunday"],"opens":"00:00","closes":"00:00"},{"@type":"OpeningHoursSpecification","dayOfWeek":["Tuesday"],"opens":"10:00","closes":"18:00"},{"@type":"OpeningHoursSpecification","dayOfWeek":["Wednesday","Thursday","Saturday"],"opens":"11:00","closes":"18:00"},{"@type":"OpeningHoursSpecification","dayOfWeek":["Friday"],"opens":"11:00","closes":"21:00"}],"email":"info@wijnhuis-mana.nl","areaServed":"Nederland","vatID":"NL58KNAB0255573782","taxID":"NL58KNAB0255573782"},{"@type":"PostalAddress","@id":"https:\/\/wijnhuis-mana.nl\/de\/product\/tenuta-regaleali-frappato-sicilia-doc-2023\/#local-main-place-address","streetAddress":"Weerwal 11","addressLocality":"Purmerend","postalCode":"1441 AL","addressRegion":"Noord-Holland","addressCountry":"NL"},{"@type":"ImageObject","inLanguage":"de-DE","@id":"https:\/\/wijnhuis-mana.nl\/de\/product\/tenuta-regaleali-frappato-sicilia-doc-2023\/#local-main-organization-logo","url":"https:\/\/wijnhuis-mana.nl\/wp-content\/uploads\/2022\/01\/Logo_Wijnhuis-Mana_Kleur.jpg","contentUrl":"https:\/\/wijnhuis-mana.nl\/wp-content\/uploads\/2022\/01\/Logo_Wijnhuis-Mana_Kleur.jpg","width":400,"height":111,"caption":"Wijnhuis-Mana.nl"}]},"product_price_amount":"24.95","product_price_currency":"EUR","og_availability":"instock","product_availability":"instock","product_retailer_item_id":"8052462545966","product_condition":"new","geo.placename":"Purmerend","geo.region":"Netherlands"},"post_mailing_queue_ids":[],"_links":{"self":[{"href":"https:\/\/wijnhuis-mana.nl\/de\/wp-json\/wp\/v2\/product\/11350","targetHints":{"allow":["GET"]}}],"collection":[{"href":"https:\/\/wijnhuis-mana.nl\/de\/wp-json\/wp\/v2\/product"}],"about":[{"href":"https:\/\/wijnhuis-mana.nl\/de\/wp-json\/wp\/v2\/types\/product"}],"replies":[{"embeddable":true,"href":"https:\/\/wijnhuis-mana.nl\/de\/wp-json\/wp\/v2\/comments?post=11350"}],"wp:featuredmedia":[{"embeddable":true,"href":"https:\/\/wijnhuis-mana.nl\/de\/wp-json\/wp\/v2\/media\/13488"}],"wp:attachment":[{"href":"https:\/\/wijnhuis-mana.nl\/de\/wp-json\/wp\/v2\/media?parent=11350"}],"wp:term":[{"taxonomy":"product_brand","embeddable":true,"href":"https:\/\/wijnhuis-mana.nl\/de\/wp-json\/wp\/v2\/product_brand?post=11350"},{"taxonomy":"product_cat","embeddable":true,"href":"https:\/\/wijnhuis-mana.nl\/de\/wp-json\/wp\/v2\/product_cat?post=11350"},{"taxonomy":"product_tag","embeddable":true,"href":"https:\/\/wijnhuis-mana.nl\/de\/wp-json\/wp\/v2\/product_tag?post=11350"}],"curies":[{"name":"wp","href":"https:\/\/api.w.org\/{rel}","templated":true}]}}