{"id":11371,"date":"2025-03-04T21:36:25","date_gmt":"2025-03-04T20:36:25","guid":{"rendered":"https:\/\/wijnhuis-mana.nl\/?post_type=product&#038;p=11371"},"modified":"2026-01-04T19:21:10","modified_gmt":"2026-01-04T18:21:10","slug":"chateau-mukhrani-goruli-mtsvane","status":"publish","type":"product","link":"https:\/\/wijnhuis-mana.nl\/de\/product\/chateau-mukhrani-goruli-mtsvane\/","title":{"rendered":"Chateau Mukhrani Goruli Mtsvane"},"content":{"rendered":"<h3 data-start=\"0\" data-end=\"60\">Ch\u00e2teau Mukhrani Goruli Mtsvane \u2013 Elegant en verfrissend<\/h3>\n<p data-start=\"62\" data-end=\"474\">Ch\u00e2teau Mukhrani Goruli Mtsvane is een verfijnde en zeldzame witte wijn uit de Kartli-regio in Georgi\u00eb. Gemaakt van het endemische druivenras <strong data-start=\"204\" data-end=\"222\">Goruli Mtsvane<\/strong>, gecombineerd met <strong data-start=\"241\" data-end=\"252\">Chinuri<\/strong>, levert deze biologische wijn een prachtige balans tussen frisheid, fruitige tonen en een elegante mineraliteit. Deze unieke wijn weerspiegelt de eeuwenoude Georgische wijntraditie en het vakmanschap van Ch\u00e2teau Mukhrani.<\/p>\n<h4 data-start=\"476\" data-end=\"513\"><strong data-start=\"481\" data-end=\"513\">Druivenrassen en vinificatie<\/strong><\/h4>\n<p data-start=\"514\" data-end=\"1014\">Deze premium witte wijn wordt geproduceerd met druiven die zorgvuldig zijn geselecteerd via een modern oogstsysteem. Alleen perfect gerijpte en gezonde druiven worden gebruikt. De wijn ondergaat een <strong data-start=\"713\" data-end=\"740\">natuurlijke fermentatie<\/strong> onder gecontroleerde temperaturen van 16\u00b0C, waarna hij gedurende <strong data-start=\"806\" data-end=\"843\">11 maanden rijpt op fijne droesem<\/strong>. Dit proces draagt bij aan de complexe en verfijnde structuur van de wijn. V\u00f3\u00f3r het bottelen wordt de wijn geklaard en gefilterd om zijn puurheid en frisheid te behouden.<\/p>\n<h4 data-start=\"1016\" data-end=\"1037\"><strong data-start=\"1021\" data-end=\"1037\">Smaakprofiel<\/strong><\/h4>\n<p data-start=\"1038\" data-end=\"1346\">Ch\u00e2teau Mukhrani Goruli Mtsvane biedt een intrigerend smaakpalet met subtiele zoetheid van geel en wit steenfruit, sappige appel en een hint van abrikoos. De frisse, knapperige mineraliteit geeft de wijn een levendige structuur, terwijl de <strong data-start=\"1278\" data-end=\"1313\">lange en gedenkwaardige afdronk<\/strong> zorgt voor een blijvende indruk.<\/p>\n<h4 data-start=\"1348\" data-end=\"1380\"><strong data-start=\"1353\" data-end=\"1380\">Wijn en spijscombinatie<\/strong><\/h4>\n<p data-start=\"1381\" data-end=\"1441\">Deze elegante en fruitige wijn is perfect te combineren met:<\/p>\n<ul data-start=\"1443\" data-end=\"1560\">\n<li data-start=\"1443\" data-end=\"1474\">Gegrilde vis en zeevruchten<\/li>\n<li data-start=\"1475\" data-end=\"1509\">Romige kazen en lichte pasta\u2019s<\/li>\n<li data-start=\"1510\" data-end=\"1560\">Frisse salades en gerechten met citrusaccenten<\/li>\n<\/ul>\n<h4 data-start=\"1562\" data-end=\"1577\"><strong data-start=\"1567\" data-end=\"1577\">Weetje<\/strong><\/h4>\n<p data-start=\"1578\" data-end=\"1793\">Goruli Mtsvane is een van de oudste en meest verfijnde witte druivenrassen van Georgi\u00eb, met een indrukwekkend rijpingspotentieel. Ch\u00e2teau Mukhrani draagt met deze wijn bij aan het behoud van dit zeldzame druivenras.<\/p>\n","protected":false},"excerpt":{"rendered":"<p>Ch\u00e2teau Mukhrani Goruli Mtsvane is een biologische witte wijn uit Georgi\u00eb, gemaakt van de zeldzame Goruli Mtsvane en Chinuri druiven. Deze elegante wijn heeft tonen van rijp steenfruit, frisse mineraliteit en een lange afdronk. Ideaal bij vis, salades en zachte kazen.<\/p>\n<p>\nVivino score:<\/p>\n<div class=\"vivino-widget vivino-wine-card-widget\" data-vivino-widget-type=\"wineWithoutVintage\" data-vivino-wine-id=\"1163413\" data-make-vivino-redirect=\"true\" data-vivino-widget-language=\"en\" data-vivino-widget-layout=\"small_new\">\n  <a target=\"_blank\">Wine name<\/a>\n<\/div>\n","protected":false},"featured_media":11372,"comment_status":"open","ping_status":"closed","template":"","meta":[],"product_brand":[],"product_cat":[2888,2897,2889],"product_tag":[135,142],"class_list":{"0":"post-11371","1":"product","2":"type-product","3":"status-publish","4":"has-post-thumbnail","6":"product_cat-alle-wijn","7":"product_cat-georgische-wijn","8":"product_cat-rode-wijn","9":"product_tag-georgische-wijn","10":"product_tag-witte-wijn","12":"first","13":"outofstock","14":"taxable","15":"shipping-taxable","16":"purchasable","17":"product-type-simple"},"yoast_head":"<!-- This site is optimized with the Yoast SEO Premium plugin v27.3 (Yoast SEO v27.3) - https:\/\/yoast.com\/product\/yoast-seo-premium-wordpress\/ -->\n<title>Ch\u00e2teau Mukhrani Goruli Mtsvane: Authentiek Georgisch Vakmanschap<\/title>\n<meta name=\"description\" content=\"Proef de elegantie van Ch\u00e2teau Mukhrani Goruli Mtsvane, een zeldzame witte wijn met frisse fruittonen. Ontdek deze unieke wijn nu!\" \/>\n<meta name=\"robots\" content=\"index, follow, max-snippet:-1, max-image-preview:large, max-video-preview:-1\" \/>\n<link rel=\"canonical\" href=\"https:\/\/wijnhuis-mana.nl\/de\/product\/chateau-mukhrani-goruli-mtsvane\/\" \/>\n<meta property=\"og:locale\" content=\"de_DE\" \/>\n<meta property=\"og:type\" content=\"article\" \/>\n<meta property=\"og:title\" content=\"Chateau Mukhrani Goruli Mtsvane\" \/>\n<meta property=\"og:description\" content=\"Proef de elegantie van Ch\u00e2teau Mukhrani Goruli Mtsvane, een zeldzame witte wijn met frisse fruittonen. Ontdek deze unieke wijn nu!\" \/>\n<meta property=\"og:url\" content=\"https:\/\/wijnhuis-mana.nl\/de\/product\/chateau-mukhrani-goruli-mtsvane\/\" \/>\n<meta property=\"og:site_name\" content=\"Wijnhuis-Mana.nl\" \/>\n<meta property=\"article:publisher\" content=\"https:\/\/www.facebook.com\/wijnhuismana\" \/>\n<meta property=\"article:modified_time\" content=\"2026-01-04T18:21:10+00:00\" \/>\n<meta property=\"og:image\" content=\"https:\/\/wijnhuis-mana.nl\/wp-content\/uploads\/2025\/03\/Chateau-Mukhrani-Goruli-Mtsvane.jpg\" \/>\n\t<meta property=\"og:image:width\" content=\"800\" \/>\n\t<meta property=\"og:image:height\" content=\"800\" \/>\n\t<meta property=\"og:image:type\" content=\"image\/jpeg\" \/>\n<meta name=\"twitter:card\" content=\"summary_large_image\" \/>\n<meta name=\"twitter:label1\" content=\"Price\" \/>\n\t<meta name=\"twitter:data1\" content=\"&euro;&nbsp;22,45\" \/>\n\t<meta name=\"twitter:label2\" content=\"Availability\" \/>\n\t<meta name=\"twitter:data2\" content=\"Out of stock\" \/>\n<script type=\"application\/ld+json\" class=\"yoast-schema-graph\">{\"@context\":\"https:\\\/\\\/schema.org\",\"@graph\":[{\"@type\":\"WebPage\",\"@id\":\"https:\\\/\\\/wijnhuis-mana.nl\\\/de\\\/product\\\/chateau-mukhrani-goruli-mtsvane\\\/\",\"url\":\"https:\\\/\\\/wijnhuis-mana.nl\\\/de\\\/product\\\/chateau-mukhrani-goruli-mtsvane\\\/\",\"name\":\"Ch\u00e2teau Mukhrani Goruli Mtsvane: Authentiek Georgisch Vakmanschap\",\"isPartOf\":{\"@id\":\"https:\\\/\\\/wijnhuis-mana.nl\\\/de\\\/#website\"},\"primaryImageOfPage\":{\"@id\":\"https:\\\/\\\/wijnhuis-mana.nl\\\/de\\\/product\\\/chateau-mukhrani-goruli-mtsvane\\\/#primaryimage\"},\"image\":{\"@id\":\"https:\\\/\\\/wijnhuis-mana.nl\\\/de\\\/product\\\/chateau-mukhrani-goruli-mtsvane\\\/#primaryimage\"},\"thumbnailUrl\":\"https:\\\/\\\/wijnhuis-mana.nl\\\/wp-content\\\/uploads\\\/2025\\\/03\\\/Chateau-Mukhrani-Goruli-Mtsvane.jpg\",\"datePublished\":\"2025-03-04T20:36:25+00:00\",\"dateModified\":\"2026-01-04T18:21:10+00:00\",\"description\":\"Proef de elegantie van Ch\u00e2teau Mukhrani Goruli Mtsvane, een zeldzame witte wijn met frisse fruittonen. Ontdek deze unieke wijn nu!\",\"breadcrumb\":{\"@id\":\"https:\\\/\\\/wijnhuis-mana.nl\\\/de\\\/product\\\/chateau-mukhrani-goruli-mtsvane\\\/#breadcrumb\"},\"inLanguage\":\"de-DE\",\"potentialAction\":[{\"@type\":\"ReadAction\",\"target\":[\"https:\\\/\\\/wijnhuis-mana.nl\\\/de\\\/product\\\/chateau-mukhrani-goruli-mtsvane\\\/\"]}]},{\"@type\":\"ImageObject\",\"inLanguage\":\"de-DE\",\"@id\":\"https:\\\/\\\/wijnhuis-mana.nl\\\/de\\\/product\\\/chateau-mukhrani-goruli-mtsvane\\\/#primaryimage\",\"url\":\"https:\\\/\\\/wijnhuis-mana.nl\\\/wp-content\\\/uploads\\\/2025\\\/03\\\/Chateau-Mukhrani-Goruli-Mtsvane.jpg\",\"contentUrl\":\"https:\\\/\\\/wijnhuis-mana.nl\\\/wp-content\\\/uploads\\\/2025\\\/03\\\/Chateau-Mukhrani-Goruli-Mtsvane.jpg\",\"width\":800,\"height\":800,\"caption\":\"Proef de elegantie van Ch\u00e2teau Mukhrani Goruli Mtsvane, een zeldzame witte wijn met frisse fruittonen. Ontdek deze unieke wijn nu!\"},{\"@type\":\"BreadcrumbList\",\"@id\":\"https:\\\/\\\/wijnhuis-mana.nl\\\/de\\\/product\\\/chateau-mukhrani-goruli-mtsvane\\\/#breadcrumb\",\"itemListElement\":[{\"@type\":\"ListItem\",\"position\":1,\"name\":\"Home\",\"item\":\"https:\\\/\\\/wijnhuis-mana.nl\\\/de\\\/\"},{\"@type\":\"ListItem\",\"position\":2,\"name\":\"Shop\",\"item\":\"https:\\\/\\\/wijnhuis-mana.nl\\\/de\\\/shop-2\\\/\"},{\"@type\":\"ListItem\",\"position\":3,\"name\":\"Chateau Mukhrani Goruli Mtsvane\"}]},{\"@type\":\"WebSite\",\"@id\":\"https:\\\/\\\/wijnhuis-mana.nl\\\/de\\\/#website\",\"url\":\"https:\\\/\\\/wijnhuis-mana.nl\\\/de\\\/\",\"name\":\"Wijnhuis-Mana.nl\",\"description\":\"Wijn v\u00e1n liefhebbers, v\u00f3\u00f3r liefhebbers\",\"publisher\":{\"@id\":\"https:\\\/\\\/wijnhuis-mana.nl\\\/de\\\/#organization\"},\"potentialAction\":[{\"@type\":\"SearchAction\",\"target\":{\"@type\":\"EntryPoint\",\"urlTemplate\":\"https:\\\/\\\/wijnhuis-mana.nl\\\/de\\\/?s={search_term_string}\"},\"query-input\":{\"@type\":\"PropertyValueSpecification\",\"valueRequired\":true,\"valueName\":\"search_term_string\"}}],\"inLanguage\":\"de-DE\"},{\"@type\":[\"Organization\",\"Place\"],\"@id\":\"https:\\\/\\\/wijnhuis-mana.nl\\\/de\\\/#organization\",\"name\":\"Wijnhuis-Mana.nl\",\"url\":\"https:\\\/\\\/wijnhuis-mana.nl\\\/de\\\/\",\"logo\":{\"@id\":\"https:\\\/\\\/wijnhuis-mana.nl\\\/de\\\/product\\\/chateau-mukhrani-goruli-mtsvane\\\/#local-main-organization-logo\"},\"image\":{\"@id\":\"https:\\\/\\\/wijnhuis-mana.nl\\\/de\\\/product\\\/chateau-mukhrani-goruli-mtsvane\\\/#local-main-organization-logo\"},\"sameAs\":[\"https:\\\/\\\/www.facebook.com\\\/wijnhuismana\",\"https:\\\/\\\/www.instagram.com\\\/ghvino.nl\"],\"hasMerchantReturnPolicy\":{\"@type\":\"MerchantReturnPolicy\",\"merchantReturnLink\":\"https:\\\/\\\/wijnhuis-mana.nl\\\/algemene-voorwaarden\\\/\"},\"address\":{\"@id\":\"https:\\\/\\\/wijnhuis-mana.nl\\\/de\\\/product\\\/chateau-mukhrani-goruli-mtsvane\\\/#local-main-place-address\"},\"telephone\":[\"0299-769018\"],\"openingHoursSpecification\":[{\"@type\":\"OpeningHoursSpecification\",\"dayOfWeek\":[\"Monday\",\"Sunday\"],\"opens\":\"00:00\",\"closes\":\"00:00\"},{\"@type\":\"OpeningHoursSpecification\",\"dayOfWeek\":[\"Tuesday\"],\"opens\":\"10:00\",\"closes\":\"18:00\"},{\"@type\":\"OpeningHoursSpecification\",\"dayOfWeek\":[\"Wednesday\",\"Thursday\",\"Saturday\"],\"opens\":\"11:00\",\"closes\":\"18:00\"},{\"@type\":\"OpeningHoursSpecification\",\"dayOfWeek\":[\"Friday\"],\"opens\":\"11:00\",\"closes\":\"21:00\"}],\"email\":\"info@wijnhuis-mana.nl\",\"areaServed\":\"Nederland\",\"vatID\":\"NL58KNAB0255573782\",\"taxID\":\"NL58KNAB0255573782\"},{\"@type\":\"PostalAddress\",\"@id\":\"https:\\\/\\\/wijnhuis-mana.nl\\\/de\\\/product\\\/chateau-mukhrani-goruli-mtsvane\\\/#local-main-place-address\",\"streetAddress\":\"Weerwal 11\",\"addressLocality\":\"Purmerend\",\"postalCode\":\"1441 AL\",\"addressRegion\":\"Noord-Holland\",\"addressCountry\":\"NL\"},{\"@type\":\"ImageObject\",\"inLanguage\":\"de-DE\",\"@id\":\"https:\\\/\\\/wijnhuis-mana.nl\\\/de\\\/product\\\/chateau-mukhrani-goruli-mtsvane\\\/#local-main-organization-logo\",\"url\":\"https:\\\/\\\/wijnhuis-mana.nl\\\/wp-content\\\/uploads\\\/2022\\\/01\\\/Logo_Wijnhuis-Mana_Kleur.jpg\",\"contentUrl\":\"https:\\\/\\\/wijnhuis-mana.nl\\\/wp-content\\\/uploads\\\/2022\\\/01\\\/Logo_Wijnhuis-Mana_Kleur.jpg\",\"width\":400,\"height\":111,\"caption\":\"Wijnhuis-Mana.nl\"}]}<\/script>\n<meta property=\"product:price:amount\" content=\"22.45\" \/>\n<meta property=\"product:price:currency\" content=\"EUR\" \/>\n<meta property=\"og:availability\" content=\"out of stock\" \/>\n<meta property=\"product:availability\" content=\"out of stock\" \/>\n<meta property=\"product:retailer_item_id\" content=\"4860008470085\" \/>\n<meta property=\"product:condition\" content=\"new\" \/>\n<meta name=\"geo.placename\" content=\"Purmerend\" \/>\n<meta name=\"geo.region\" content=\"Netherlands\" \/>\n<!-- \/ Yoast SEO Premium plugin. -->","yoast_head_json":{"title":"Ch\u00e2teau Mukhrani Goruli Mtsvane: Authentiek Georgisch Vakmanschap","description":"Proef de elegantie van Ch\u00e2teau Mukhrani Goruli Mtsvane, een zeldzame witte wijn met frisse fruittonen. Ontdek deze unieke wijn nu!","robots":{"index":"index","follow":"follow","max-snippet":"max-snippet:-1","max-image-preview":"max-image-preview:large","max-video-preview":"max-video-preview:-1"},"canonical":"https:\/\/wijnhuis-mana.nl\/de\/product\/chateau-mukhrani-goruli-mtsvane\/","og_locale":"de_DE","og_type":"article","og_title":"Chateau Mukhrani Goruli Mtsvane","og_description":"Proef de elegantie van Ch\u00e2teau Mukhrani Goruli Mtsvane, een zeldzame witte wijn met frisse fruittonen. Ontdek deze unieke wijn nu!","og_url":"https:\/\/wijnhuis-mana.nl\/de\/product\/chateau-mukhrani-goruli-mtsvane\/","og_site_name":"Wijnhuis-Mana.nl","article_publisher":"https:\/\/www.facebook.com\/wijnhuismana","article_modified_time":"2026-01-04T18:21:10+00:00","og_image":[{"width":800,"height":800,"url":"https:\/\/wijnhuis-mana.nl\/wp-content\/uploads\/2025\/03\/Chateau-Mukhrani-Goruli-Mtsvane.jpg","type":"image\/jpeg"}],"twitter_card":"summary_large_image","twitter_misc":{"Price":"&euro;&nbsp;22,45","Availability":"Out of stock"},"schema":{"@context":"https:\/\/schema.org","@graph":[{"@type":"WebPage","@id":"https:\/\/wijnhuis-mana.nl\/de\/product\/chateau-mukhrani-goruli-mtsvane\/","url":"https:\/\/wijnhuis-mana.nl\/de\/product\/chateau-mukhrani-goruli-mtsvane\/","name":"Ch\u00e2teau Mukhrani Goruli Mtsvane: Authentiek Georgisch Vakmanschap","isPartOf":{"@id":"https:\/\/wijnhuis-mana.nl\/de\/#website"},"primaryImageOfPage":{"@id":"https:\/\/wijnhuis-mana.nl\/de\/product\/chateau-mukhrani-goruli-mtsvane\/#primaryimage"},"image":{"@id":"https:\/\/wijnhuis-mana.nl\/de\/product\/chateau-mukhrani-goruli-mtsvane\/#primaryimage"},"thumbnailUrl":"https:\/\/wijnhuis-mana.nl\/wp-content\/uploads\/2025\/03\/Chateau-Mukhrani-Goruli-Mtsvane.jpg","datePublished":"2025-03-04T20:36:25+00:00","dateModified":"2026-01-04T18:21:10+00:00","description":"Proef de elegantie van Ch\u00e2teau Mukhrani Goruli Mtsvane, een zeldzame witte wijn met frisse fruittonen. Ontdek deze unieke wijn nu!","breadcrumb":{"@id":"https:\/\/wijnhuis-mana.nl\/de\/product\/chateau-mukhrani-goruli-mtsvane\/#breadcrumb"},"inLanguage":"de-DE","potentialAction":[{"@type":"ReadAction","target":["https:\/\/wijnhuis-mana.nl\/de\/product\/chateau-mukhrani-goruli-mtsvane\/"]}]},{"@type":"ImageObject","inLanguage":"de-DE","@id":"https:\/\/wijnhuis-mana.nl\/de\/product\/chateau-mukhrani-goruli-mtsvane\/#primaryimage","url":"https:\/\/wijnhuis-mana.nl\/wp-content\/uploads\/2025\/03\/Chateau-Mukhrani-Goruli-Mtsvane.jpg","contentUrl":"https:\/\/wijnhuis-mana.nl\/wp-content\/uploads\/2025\/03\/Chateau-Mukhrani-Goruli-Mtsvane.jpg","width":800,"height":800,"caption":"Proef de elegantie van Ch\u00e2teau Mukhrani Goruli Mtsvane, een zeldzame witte wijn met frisse fruittonen. Ontdek deze unieke wijn nu!"},{"@type":"BreadcrumbList","@id":"https:\/\/wijnhuis-mana.nl\/de\/product\/chateau-mukhrani-goruli-mtsvane\/#breadcrumb","itemListElement":[{"@type":"ListItem","position":1,"name":"Home","item":"https:\/\/wijnhuis-mana.nl\/de\/"},{"@type":"ListItem","position":2,"name":"Shop","item":"https:\/\/wijnhuis-mana.nl\/de\/shop-2\/"},{"@type":"ListItem","position":3,"name":"Chateau Mukhrani Goruli Mtsvane"}]},{"@type":"WebSite","@id":"https:\/\/wijnhuis-mana.nl\/de\/#website","url":"https:\/\/wijnhuis-mana.nl\/de\/","name":"Wijnhuis-Mana.nl","description":"Wijn v\u00e1n liefhebbers, v\u00f3\u00f3r liefhebbers","publisher":{"@id":"https:\/\/wijnhuis-mana.nl\/de\/#organization"},"potentialAction":[{"@type":"SearchAction","target":{"@type":"EntryPoint","urlTemplate":"https:\/\/wijnhuis-mana.nl\/de\/?s={search_term_string}"},"query-input":{"@type":"PropertyValueSpecification","valueRequired":true,"valueName":"search_term_string"}}],"inLanguage":"de-DE"},{"@type":["Organization","Place"],"@id":"https:\/\/wijnhuis-mana.nl\/de\/#organization","name":"Wijnhuis-Mana.nl","url":"https:\/\/wijnhuis-mana.nl\/de\/","logo":{"@id":"https:\/\/wijnhuis-mana.nl\/de\/product\/chateau-mukhrani-goruli-mtsvane\/#local-main-organization-logo"},"image":{"@id":"https:\/\/wijnhuis-mana.nl\/de\/product\/chateau-mukhrani-goruli-mtsvane\/#local-main-organization-logo"},"sameAs":["https:\/\/www.facebook.com\/wijnhuismana","https:\/\/www.instagram.com\/ghvino.nl"],"hasMerchantReturnPolicy":{"@type":"MerchantReturnPolicy","merchantReturnLink":"https:\/\/wijnhuis-mana.nl\/algemene-voorwaarden\/"},"address":{"@id":"https:\/\/wijnhuis-mana.nl\/de\/product\/chateau-mukhrani-goruli-mtsvane\/#local-main-place-address"},"telephone":["0299-769018"],"openingHoursSpecification":[{"@type":"OpeningHoursSpecification","dayOfWeek":["Monday","Sunday"],"opens":"00:00","closes":"00:00"},{"@type":"OpeningHoursSpecification","dayOfWeek":["Tuesday"],"opens":"10:00","closes":"18:00"},{"@type":"OpeningHoursSpecification","dayOfWeek":["Wednesday","Thursday","Saturday"],"opens":"11:00","closes":"18:00"},{"@type":"OpeningHoursSpecification","dayOfWeek":["Friday"],"opens":"11:00","closes":"21:00"}],"email":"info@wijnhuis-mana.nl","areaServed":"Nederland","vatID":"NL58KNAB0255573782","taxID":"NL58KNAB0255573782"},{"@type":"PostalAddress","@id":"https:\/\/wijnhuis-mana.nl\/de\/product\/chateau-mukhrani-goruli-mtsvane\/#local-main-place-address","streetAddress":"Weerwal 11","addressLocality":"Purmerend","postalCode":"1441 AL","addressRegion":"Noord-Holland","addressCountry":"NL"},{"@type":"ImageObject","inLanguage":"de-DE","@id":"https:\/\/wijnhuis-mana.nl\/de\/product\/chateau-mukhrani-goruli-mtsvane\/#local-main-organization-logo","url":"https:\/\/wijnhuis-mana.nl\/wp-content\/uploads\/2022\/01\/Logo_Wijnhuis-Mana_Kleur.jpg","contentUrl":"https:\/\/wijnhuis-mana.nl\/wp-content\/uploads\/2022\/01\/Logo_Wijnhuis-Mana_Kleur.jpg","width":400,"height":111,"caption":"Wijnhuis-Mana.nl"}]},"product_price_amount":"22.45","product_price_currency":"EUR","og_availability":"out of stock","product_availability":"out of stock","product_retailer_item_id":"4860008470085","product_condition":"new","geo.placename":"Purmerend","geo.region":"Netherlands"},"post_mailing_queue_ids":[],"_links":{"self":[{"href":"https:\/\/wijnhuis-mana.nl\/de\/wp-json\/wp\/v2\/product\/11371","targetHints":{"allow":["GET"]}}],"collection":[{"href":"https:\/\/wijnhuis-mana.nl\/de\/wp-json\/wp\/v2\/product"}],"about":[{"href":"https:\/\/wijnhuis-mana.nl\/de\/wp-json\/wp\/v2\/types\/product"}],"replies":[{"embeddable":true,"href":"https:\/\/wijnhuis-mana.nl\/de\/wp-json\/wp\/v2\/comments?post=11371"}],"wp:featuredmedia":[{"embeddable":true,"href":"https:\/\/wijnhuis-mana.nl\/de\/wp-json\/wp\/v2\/media\/11372"}],"wp:attachment":[{"href":"https:\/\/wijnhuis-mana.nl\/de\/wp-json\/wp\/v2\/media?parent=11371"}],"wp:term":[{"taxonomy":"product_brand","embeddable":true,"href":"https:\/\/wijnhuis-mana.nl\/de\/wp-json\/wp\/v2\/product_brand?post=11371"},{"taxonomy":"product_cat","embeddable":true,"href":"https:\/\/wijnhuis-mana.nl\/de\/wp-json\/wp\/v2\/product_cat?post=11371"},{"taxonomy":"product_tag","embeddable":true,"href":"https:\/\/wijnhuis-mana.nl\/de\/wp-json\/wp\/v2\/product_tag?post=11371"}],"curies":[{"name":"wp","href":"https:\/\/api.w.org\/{rel}","templated":true}]}}