{"id":11869,"date":"2025-03-26T15:49:59","date_gmt":"2025-03-26T14:49:59","guid":{"rendered":"https:\/\/wijnhuis-mana.nl\/?post_type=product&#038;p=11869"},"modified":"2026-01-04T19:27:39","modified_gmt":"2026-01-04T18:27:39","slug":"short-street-chenin-blanc-alcoholvrij","status":"publish","type":"product","link":"https:\/\/wijnhuis-mana.nl\/de\/product\/short-street-chenin-blanc-alcoholvrij\/","title":{"rendered":"Short Street Chenin Blanc Alcoholvrij"},"content":{"rendered":"<h3>Algemene informatie<\/h3>\n<p>De Short Street Chenin Blanc Alcoholvrij wordt zorgvuldig geproduceerd om de rijke smaken en aroma&#8217;s van de Chenin Blanc-druif te behouden, terwijl alle alcohol wordt verwijderd. Deze innovatieve wijn is afkomstig uit Zuid-Afrika, een regio bekend om haar uitstekende Chenin Blanc wijnen. De druiven worden onder optimale omstandigheden geoogst om de frisheid en kwaliteit te garanderen. Dit proces benadrukt het ambacht en de aandacht voor kwaliteit, terwijl het toegankelijk blijft voor iedereen die alcoholvrij wil genieten.<\/p>\n<h3>Smaakprofiel<\/h3>\n<p>Deze alcoholvrije Chenin Blanc kenmerkt zich door een heldere, lichtgele kleur met aroma&#8217;s van frisse groene appels, peer en subtiele hints van citrus. De smaak is levendig en fris met een aangenaam droge afdronk, die de perfecte balans biedt tussen zuurheid en zoetheid. Het is een uitstekend alternatief voor traditionele witte wijnen.<\/p>\n<h3>Serveeradvies<\/h3>\n<p>De Short Street Chenin Blanc Alcoholvrij is perfect als verfrissend aperitief of als begeleider van lichte maaltijden. Serveer deze wijn gekoeld tussen 6-8\u00b0C voor de beste smaakervaring.<\/p>\n<ul>\n<li>Heerlijk met zeevruchten of frisse salades.<\/li>\n<li>Ideaal om te combineren met lichte pasta&#8217;s of kipgerechten.<\/li>\n<li>Uitstekend bij een selectie van milde kazen.<\/li>\n<\/ul>\n<h3>Weetje<\/h3>\n<p>Wist u dat Chenin Blanc een van de meest veelzijdige druivenrassen is? Het past zich aan verschillende klimaten en vinificatiestijlen aan, wat resulteert in een breed scala aan wijnstijlen van over de hele wereld. Deze alcoholvrije wijn biedt een fantastische manier om van de kenmerkende smaken van Chenin Blanc te genieten, zonder de alcohol.<\/p>\n","protected":false},"excerpt":{"rendered":"<p>Geniet van de levendige en frisse smaken van Short Street Chenin Blanc Alcoholvrij, een perfecte keuze voor diegenen die de voorkeur geven aan een alcoholvrije optie zonder compromis op smaak.<\/p>\n<p>\nVivino score:<\/p>\n<div class=\"vivino-widget vivino-wine-card-widget\" data-vivino-widget-type=\"wineWithoutVintage\" data-vivino-wine-id=\"7775334\" data-make-vivino-redirect=\"true\" data-vivino-widget-language=\"en\" data-vivino-widget-layout=\"small_new\">\n  <a target=\"_blank\">Wine name<\/a>\n<\/div>\n","protected":false},"featured_media":13160,"comment_status":"open","ping_status":"closed","template":"","meta":[],"product_brand":[],"product_cat":[2888,2902,2890],"product_tag":[915,142,349],"class_list":{"0":"post-11869","1":"product","2":"type-product","3":"status-publish","4":"has-post-thumbnail","6":"product_cat-alle-wijn","7":"product_cat-overige-landen","8":"product_cat-witte-wijn","9":"product_tag-alcohol-vrij","10":"product_tag-witte-wijn","11":"product_tag-zuid-afrikaanse-wijn","13":"first","14":"instock","15":"taxable","16":"shipping-taxable","17":"purchasable","18":"product-type-simple"},"yoast_head":"<!-- This site is optimized with the Yoast SEO Premium plugin v27.3 (Yoast SEO v27.3) - https:\/\/yoast.com\/product\/yoast-seo-premium-wordpress\/ -->\n<title>Short Street Chenin Blanc Alcoholvrij | Alcoholvrije Chenin Blanc<\/title>\n<meta name=\"description\" content=\"Ontdek Short Street Chenin Blanc Alcoholvrij, een heerlijke alcoholvrije witte wijn met de frisse smaken van groene appels, peer en subtiele citrus. Ideaal voor elke gelegenheid.\" \/>\n<meta name=\"robots\" content=\"index, follow, max-snippet:-1, max-image-preview:large, max-video-preview:-1\" \/>\n<link rel=\"canonical\" href=\"https:\/\/wijnhuis-mana.nl\/de\/product\/short-street-chenin-blanc-alcoholvrij\/\" \/>\n<meta property=\"og:locale\" content=\"de_DE\" \/>\n<meta property=\"og:type\" content=\"article\" \/>\n<meta property=\"og:title\" content=\"Short Street Chenin Blanc Alcoholvrij\" \/>\n<meta property=\"og:description\" content=\"Ontdek Short Street Chenin Blanc Alcoholvrij, een heerlijke alcoholvrije witte wijn met de frisse smaken van groene appels, peer en subtiele citrus. Ideaal voor elke gelegenheid.\" \/>\n<meta property=\"og:url\" content=\"https:\/\/wijnhuis-mana.nl\/de\/product\/short-street-chenin-blanc-alcoholvrij\/\" \/>\n<meta property=\"og:site_name\" content=\"Wijnhuis-Mana.nl\" \/>\n<meta property=\"article:publisher\" content=\"https:\/\/www.facebook.com\/wijnhuismana\" \/>\n<meta property=\"article:modified_time\" content=\"2026-01-04T18:27:39+00:00\" \/>\n<meta property=\"og:image\" content=\"https:\/\/wijnhuis-mana.nl\/wp-content\/uploads\/2025\/04\/Short-Street-Chenin-Blanc-Alcoholvrij.jpg\" \/>\n\t<meta property=\"og:image:width\" content=\"800\" \/>\n\t<meta property=\"og:image:height\" content=\"800\" \/>\n\t<meta property=\"og:image:type\" content=\"image\/jpeg\" \/>\n<meta name=\"twitter:card\" content=\"summary_large_image\" \/>\n<meta name=\"twitter:label1\" content=\"Price\" \/>\n\t<meta name=\"twitter:data1\" content=\"&euro;&nbsp;5,95\" \/>\n\t<meta name=\"twitter:label2\" content=\"Availability\" \/>\n\t<meta name=\"twitter:data2\" content=\"In stock\" \/>\n<script type=\"application\/ld+json\" class=\"yoast-schema-graph\">{\"@context\":\"https:\\\/\\\/schema.org\",\"@graph\":[{\"@type\":\"WebPage\",\"@id\":\"https:\\\/\\\/wijnhuis-mana.nl\\\/de\\\/product\\\/short-street-chenin-blanc-alcoholvrij\\\/\",\"url\":\"https:\\\/\\\/wijnhuis-mana.nl\\\/de\\\/product\\\/short-street-chenin-blanc-alcoholvrij\\\/\",\"name\":\"Short Street Chenin Blanc Alcoholvrij | Alcoholvrije Chenin Blanc\",\"isPartOf\":{\"@id\":\"https:\\\/\\\/wijnhuis-mana.nl\\\/de\\\/#website\"},\"primaryImageOfPage\":{\"@id\":\"https:\\\/\\\/wijnhuis-mana.nl\\\/de\\\/product\\\/short-street-chenin-blanc-alcoholvrij\\\/#primaryimage\"},\"image\":{\"@id\":\"https:\\\/\\\/wijnhuis-mana.nl\\\/de\\\/product\\\/short-street-chenin-blanc-alcoholvrij\\\/#primaryimage\"},\"thumbnailUrl\":\"https:\\\/\\\/wijnhuis-mana.nl\\\/wp-content\\\/uploads\\\/2025\\\/04\\\/Short-Street-Chenin-Blanc-Alcoholvrij.jpg\",\"datePublished\":\"2025-03-26T14:49:59+00:00\",\"dateModified\":\"2026-01-04T18:27:39+00:00\",\"description\":\"Ontdek Short Street Chenin Blanc Alcoholvrij, een heerlijke alcoholvrije witte wijn met de frisse smaken van groene appels, peer en subtiele citrus. Ideaal voor elke gelegenheid.\",\"breadcrumb\":{\"@id\":\"https:\\\/\\\/wijnhuis-mana.nl\\\/de\\\/product\\\/short-street-chenin-blanc-alcoholvrij\\\/#breadcrumb\"},\"inLanguage\":\"de-DE\",\"potentialAction\":[{\"@type\":\"ReadAction\",\"target\":[\"https:\\\/\\\/wijnhuis-mana.nl\\\/de\\\/product\\\/short-street-chenin-blanc-alcoholvrij\\\/\"]}]},{\"@type\":\"ImageObject\",\"inLanguage\":\"de-DE\",\"@id\":\"https:\\\/\\\/wijnhuis-mana.nl\\\/de\\\/product\\\/short-street-chenin-blanc-alcoholvrij\\\/#primaryimage\",\"url\":\"https:\\\/\\\/wijnhuis-mana.nl\\\/wp-content\\\/uploads\\\/2025\\\/04\\\/Short-Street-Chenin-Blanc-Alcoholvrij.jpg\",\"contentUrl\":\"https:\\\/\\\/wijnhuis-mana.nl\\\/wp-content\\\/uploads\\\/2025\\\/04\\\/Short-Street-Chenin-Blanc-Alcoholvrij.jpg\",\"width\":800,\"height\":800,\"caption\":\"Ontdek Short Street Chenin Blanc Alcoholvrij, een heerlijke alcoholvrije witte wijn met de frisse smaken van groene appels, peer en subtiele citrus. Ideaal voor elke gelegenheid.\"},{\"@type\":\"BreadcrumbList\",\"@id\":\"https:\\\/\\\/wijnhuis-mana.nl\\\/de\\\/product\\\/short-street-chenin-blanc-alcoholvrij\\\/#breadcrumb\",\"itemListElement\":[{\"@type\":\"ListItem\",\"position\":1,\"name\":\"Home\",\"item\":\"https:\\\/\\\/wijnhuis-mana.nl\\\/de\\\/\"},{\"@type\":\"ListItem\",\"position\":2,\"name\":\"Shop\",\"item\":\"https:\\\/\\\/wijnhuis-mana.nl\\\/de\\\/shop-2\\\/\"},{\"@type\":\"ListItem\",\"position\":3,\"name\":\"Short Street Chenin Blanc Alcoholvrij\"}]},{\"@type\":\"WebSite\",\"@id\":\"https:\\\/\\\/wijnhuis-mana.nl\\\/de\\\/#website\",\"url\":\"https:\\\/\\\/wijnhuis-mana.nl\\\/de\\\/\",\"name\":\"Wijnhuis-Mana.nl\",\"description\":\"Wijn v\u00e1n liefhebbers, v\u00f3\u00f3r liefhebbers\",\"publisher\":{\"@id\":\"https:\\\/\\\/wijnhuis-mana.nl\\\/de\\\/#organization\"},\"potentialAction\":[{\"@type\":\"SearchAction\",\"target\":{\"@type\":\"EntryPoint\",\"urlTemplate\":\"https:\\\/\\\/wijnhuis-mana.nl\\\/de\\\/?s={search_term_string}\"},\"query-input\":{\"@type\":\"PropertyValueSpecification\",\"valueRequired\":true,\"valueName\":\"search_term_string\"}}],\"inLanguage\":\"de-DE\"},{\"@type\":[\"Organization\",\"Place\"],\"@id\":\"https:\\\/\\\/wijnhuis-mana.nl\\\/de\\\/#organization\",\"name\":\"Wijnhuis-Mana.nl\",\"url\":\"https:\\\/\\\/wijnhuis-mana.nl\\\/de\\\/\",\"logo\":{\"@id\":\"https:\\\/\\\/wijnhuis-mana.nl\\\/de\\\/product\\\/short-street-chenin-blanc-alcoholvrij\\\/#local-main-organization-logo\"},\"image\":{\"@id\":\"https:\\\/\\\/wijnhuis-mana.nl\\\/de\\\/product\\\/short-street-chenin-blanc-alcoholvrij\\\/#local-main-organization-logo\"},\"sameAs\":[\"https:\\\/\\\/www.facebook.com\\\/wijnhuismana\",\"https:\\\/\\\/www.instagram.com\\\/ghvino.nl\"],\"hasMerchantReturnPolicy\":{\"@type\":\"MerchantReturnPolicy\",\"merchantReturnLink\":\"https:\\\/\\\/wijnhuis-mana.nl\\\/algemene-voorwaarden\\\/\"},\"address\":{\"@id\":\"https:\\\/\\\/wijnhuis-mana.nl\\\/de\\\/product\\\/short-street-chenin-blanc-alcoholvrij\\\/#local-main-place-address\"},\"telephone\":[\"0299-769018\"],\"openingHoursSpecification\":[{\"@type\":\"OpeningHoursSpecification\",\"dayOfWeek\":[\"Monday\",\"Sunday\"],\"opens\":\"00:00\",\"closes\":\"00:00\"},{\"@type\":\"OpeningHoursSpecification\",\"dayOfWeek\":[\"Tuesday\"],\"opens\":\"10:00\",\"closes\":\"18:00\"},{\"@type\":\"OpeningHoursSpecification\",\"dayOfWeek\":[\"Wednesday\",\"Thursday\",\"Saturday\"],\"opens\":\"11:00\",\"closes\":\"18:00\"},{\"@type\":\"OpeningHoursSpecification\",\"dayOfWeek\":[\"Friday\"],\"opens\":\"11:00\",\"closes\":\"21:00\"}],\"email\":\"info@wijnhuis-mana.nl\",\"areaServed\":\"Nederland\",\"vatID\":\"NL58KNAB0255573782\",\"taxID\":\"NL58KNAB0255573782\"},{\"@type\":\"PostalAddress\",\"@id\":\"https:\\\/\\\/wijnhuis-mana.nl\\\/de\\\/product\\\/short-street-chenin-blanc-alcoholvrij\\\/#local-main-place-address\",\"streetAddress\":\"Weerwal 11\",\"addressLocality\":\"Purmerend\",\"postalCode\":\"1441 AL\",\"addressRegion\":\"Noord-Holland\",\"addressCountry\":\"NL\"},{\"@type\":\"ImageObject\",\"inLanguage\":\"de-DE\",\"@id\":\"https:\\\/\\\/wijnhuis-mana.nl\\\/de\\\/product\\\/short-street-chenin-blanc-alcoholvrij\\\/#local-main-organization-logo\",\"url\":\"https:\\\/\\\/wijnhuis-mana.nl\\\/wp-content\\\/uploads\\\/2022\\\/01\\\/Logo_Wijnhuis-Mana_Kleur.jpg\",\"contentUrl\":\"https:\\\/\\\/wijnhuis-mana.nl\\\/wp-content\\\/uploads\\\/2022\\\/01\\\/Logo_Wijnhuis-Mana_Kleur.jpg\",\"width\":400,\"height\":111,\"caption\":\"Wijnhuis-Mana.nl\"}]}<\/script>\n<meta property=\"product:price:amount\" content=\"5.95\" \/>\n<meta property=\"product:price:currency\" content=\"EUR\" \/>\n<meta property=\"og:availability\" content=\"instock\" \/>\n<meta property=\"product:availability\" content=\"instock\" \/>\n<meta property=\"product:retailer_item_id\" content=\"6009636910398\" \/>\n<meta property=\"product:condition\" content=\"new\" \/>\n<meta name=\"geo.placename\" content=\"Purmerend\" \/>\n<meta name=\"geo.region\" content=\"Netherlands\" \/>\n<!-- \/ Yoast SEO Premium plugin. -->","yoast_head_json":{"title":"Short Street Chenin Blanc Alcoholvrij | Alcoholvrije Chenin Blanc","description":"Ontdek Short Street Chenin Blanc Alcoholvrij, een heerlijke alcoholvrije witte wijn met de frisse smaken van groene appels, peer en subtiele citrus. Ideaal voor elke gelegenheid.","robots":{"index":"index","follow":"follow","max-snippet":"max-snippet:-1","max-image-preview":"max-image-preview:large","max-video-preview":"max-video-preview:-1"},"canonical":"https:\/\/wijnhuis-mana.nl\/de\/product\/short-street-chenin-blanc-alcoholvrij\/","og_locale":"de_DE","og_type":"article","og_title":"Short Street Chenin Blanc Alcoholvrij","og_description":"Ontdek Short Street Chenin Blanc Alcoholvrij, een heerlijke alcoholvrije witte wijn met de frisse smaken van groene appels, peer en subtiele citrus. Ideaal voor elke gelegenheid.","og_url":"https:\/\/wijnhuis-mana.nl\/de\/product\/short-street-chenin-blanc-alcoholvrij\/","og_site_name":"Wijnhuis-Mana.nl","article_publisher":"https:\/\/www.facebook.com\/wijnhuismana","article_modified_time":"2026-01-04T18:27:39+00:00","og_image":[{"width":800,"height":800,"url":"https:\/\/wijnhuis-mana.nl\/wp-content\/uploads\/2025\/04\/Short-Street-Chenin-Blanc-Alcoholvrij.jpg","type":"image\/jpeg"}],"twitter_card":"summary_large_image","twitter_misc":{"Price":"&euro;&nbsp;5,95","Availability":"In stock"},"schema":{"@context":"https:\/\/schema.org","@graph":[{"@type":"WebPage","@id":"https:\/\/wijnhuis-mana.nl\/de\/product\/short-street-chenin-blanc-alcoholvrij\/","url":"https:\/\/wijnhuis-mana.nl\/de\/product\/short-street-chenin-blanc-alcoholvrij\/","name":"Short Street Chenin Blanc Alcoholvrij | Alcoholvrije Chenin Blanc","isPartOf":{"@id":"https:\/\/wijnhuis-mana.nl\/de\/#website"},"primaryImageOfPage":{"@id":"https:\/\/wijnhuis-mana.nl\/de\/product\/short-street-chenin-blanc-alcoholvrij\/#primaryimage"},"image":{"@id":"https:\/\/wijnhuis-mana.nl\/de\/product\/short-street-chenin-blanc-alcoholvrij\/#primaryimage"},"thumbnailUrl":"https:\/\/wijnhuis-mana.nl\/wp-content\/uploads\/2025\/04\/Short-Street-Chenin-Blanc-Alcoholvrij.jpg","datePublished":"2025-03-26T14:49:59+00:00","dateModified":"2026-01-04T18:27:39+00:00","description":"Ontdek Short Street Chenin Blanc Alcoholvrij, een heerlijke alcoholvrije witte wijn met de frisse smaken van groene appels, peer en subtiele citrus. Ideaal voor elke gelegenheid.","breadcrumb":{"@id":"https:\/\/wijnhuis-mana.nl\/de\/product\/short-street-chenin-blanc-alcoholvrij\/#breadcrumb"},"inLanguage":"de-DE","potentialAction":[{"@type":"ReadAction","target":["https:\/\/wijnhuis-mana.nl\/de\/product\/short-street-chenin-blanc-alcoholvrij\/"]}]},{"@type":"ImageObject","inLanguage":"de-DE","@id":"https:\/\/wijnhuis-mana.nl\/de\/product\/short-street-chenin-blanc-alcoholvrij\/#primaryimage","url":"https:\/\/wijnhuis-mana.nl\/wp-content\/uploads\/2025\/04\/Short-Street-Chenin-Blanc-Alcoholvrij.jpg","contentUrl":"https:\/\/wijnhuis-mana.nl\/wp-content\/uploads\/2025\/04\/Short-Street-Chenin-Blanc-Alcoholvrij.jpg","width":800,"height":800,"caption":"Ontdek Short Street Chenin Blanc Alcoholvrij, een heerlijke alcoholvrije witte wijn met de frisse smaken van groene appels, peer en subtiele citrus. Ideaal voor elke gelegenheid."},{"@type":"BreadcrumbList","@id":"https:\/\/wijnhuis-mana.nl\/de\/product\/short-street-chenin-blanc-alcoholvrij\/#breadcrumb","itemListElement":[{"@type":"ListItem","position":1,"name":"Home","item":"https:\/\/wijnhuis-mana.nl\/de\/"},{"@type":"ListItem","position":2,"name":"Shop","item":"https:\/\/wijnhuis-mana.nl\/de\/shop-2\/"},{"@type":"ListItem","position":3,"name":"Short Street Chenin Blanc Alcoholvrij"}]},{"@type":"WebSite","@id":"https:\/\/wijnhuis-mana.nl\/de\/#website","url":"https:\/\/wijnhuis-mana.nl\/de\/","name":"Wijnhuis-Mana.nl","description":"Wijn v\u00e1n liefhebbers, v\u00f3\u00f3r liefhebbers","publisher":{"@id":"https:\/\/wijnhuis-mana.nl\/de\/#organization"},"potentialAction":[{"@type":"SearchAction","target":{"@type":"EntryPoint","urlTemplate":"https:\/\/wijnhuis-mana.nl\/de\/?s={search_term_string}"},"query-input":{"@type":"PropertyValueSpecification","valueRequired":true,"valueName":"search_term_string"}}],"inLanguage":"de-DE"},{"@type":["Organization","Place"],"@id":"https:\/\/wijnhuis-mana.nl\/de\/#organization","name":"Wijnhuis-Mana.nl","url":"https:\/\/wijnhuis-mana.nl\/de\/","logo":{"@id":"https:\/\/wijnhuis-mana.nl\/de\/product\/short-street-chenin-blanc-alcoholvrij\/#local-main-organization-logo"},"image":{"@id":"https:\/\/wijnhuis-mana.nl\/de\/product\/short-street-chenin-blanc-alcoholvrij\/#local-main-organization-logo"},"sameAs":["https:\/\/www.facebook.com\/wijnhuismana","https:\/\/www.instagram.com\/ghvino.nl"],"hasMerchantReturnPolicy":{"@type":"MerchantReturnPolicy","merchantReturnLink":"https:\/\/wijnhuis-mana.nl\/algemene-voorwaarden\/"},"address":{"@id":"https:\/\/wijnhuis-mana.nl\/de\/product\/short-street-chenin-blanc-alcoholvrij\/#local-main-place-address"},"telephone":["0299-769018"],"openingHoursSpecification":[{"@type":"OpeningHoursSpecification","dayOfWeek":["Monday","Sunday"],"opens":"00:00","closes":"00:00"},{"@type":"OpeningHoursSpecification","dayOfWeek":["Tuesday"],"opens":"10:00","closes":"18:00"},{"@type":"OpeningHoursSpecification","dayOfWeek":["Wednesday","Thursday","Saturday"],"opens":"11:00","closes":"18:00"},{"@type":"OpeningHoursSpecification","dayOfWeek":["Friday"],"opens":"11:00","closes":"21:00"}],"email":"info@wijnhuis-mana.nl","areaServed":"Nederland","vatID":"NL58KNAB0255573782","taxID":"NL58KNAB0255573782"},{"@type":"PostalAddress","@id":"https:\/\/wijnhuis-mana.nl\/de\/product\/short-street-chenin-blanc-alcoholvrij\/#local-main-place-address","streetAddress":"Weerwal 11","addressLocality":"Purmerend","postalCode":"1441 AL","addressRegion":"Noord-Holland","addressCountry":"NL"},{"@type":"ImageObject","inLanguage":"de-DE","@id":"https:\/\/wijnhuis-mana.nl\/de\/product\/short-street-chenin-blanc-alcoholvrij\/#local-main-organization-logo","url":"https:\/\/wijnhuis-mana.nl\/wp-content\/uploads\/2022\/01\/Logo_Wijnhuis-Mana_Kleur.jpg","contentUrl":"https:\/\/wijnhuis-mana.nl\/wp-content\/uploads\/2022\/01\/Logo_Wijnhuis-Mana_Kleur.jpg","width":400,"height":111,"caption":"Wijnhuis-Mana.nl"}]},"product_price_amount":"5.95","product_price_currency":"EUR","og_availability":"instock","product_availability":"instock","product_retailer_item_id":"6009636910398","product_condition":"new","geo.placename":"Purmerend","geo.region":"Netherlands"},"post_mailing_queue_ids":[],"_links":{"self":[{"href":"https:\/\/wijnhuis-mana.nl\/de\/wp-json\/wp\/v2\/product\/11869","targetHints":{"allow":["GET"]}}],"collection":[{"href":"https:\/\/wijnhuis-mana.nl\/de\/wp-json\/wp\/v2\/product"}],"about":[{"href":"https:\/\/wijnhuis-mana.nl\/de\/wp-json\/wp\/v2\/types\/product"}],"replies":[{"embeddable":true,"href":"https:\/\/wijnhuis-mana.nl\/de\/wp-json\/wp\/v2\/comments?post=11869"}],"wp:featuredmedia":[{"embeddable":true,"href":"https:\/\/wijnhuis-mana.nl\/de\/wp-json\/wp\/v2\/media\/13160"}],"wp:attachment":[{"href":"https:\/\/wijnhuis-mana.nl\/de\/wp-json\/wp\/v2\/media?parent=11869"}],"wp:term":[{"taxonomy":"product_brand","embeddable":true,"href":"https:\/\/wijnhuis-mana.nl\/de\/wp-json\/wp\/v2\/product_brand?post=11869"},{"taxonomy":"product_cat","embeddable":true,"href":"https:\/\/wijnhuis-mana.nl\/de\/wp-json\/wp\/v2\/product_cat?post=11869"},{"taxonomy":"product_tag","embeddable":true,"href":"https:\/\/wijnhuis-mana.nl\/de\/wp-json\/wp\/v2\/product_tag?post=11869"}],"curies":[{"name":"wp","href":"https:\/\/api.w.org\/{rel}","templated":true}]}}