{"id":11874,"date":"2025-03-26T15:59:21","date_gmt":"2025-03-26T14:59:21","guid":{"rendered":"https:\/\/wijnhuis-mana.nl\/?post_type=product&#038;p=11874"},"modified":"2026-04-10T16:39:32","modified_gmt":"2026-04-10T14:39:32","slug":"francis-coppola-directors-cut-chardonnay-sonoma-coast","status":"publish","type":"product","link":"https:\/\/wijnhuis-mana.nl\/de\/product\/francis-coppola-directors-cut-chardonnay-sonoma-coast\/","title":{"rendered":"Francis Coppola Director\u00b4s Cut Chardonnay Sonoma Coast"},"content":{"rendered":"<h3>Algemene informatie<\/h3>\n<p>De Francis Coppola Director&#8217;s Cut Chardonnay Sonoma Coast weerspiegelt de innovatieve en artistieke benadering van de beroemde filmmaker Francis Coppola in de wijnbouw. Deze premium wijn is geproduceerd in het Californische Sonoma Coast, bekend om zijn ideaal geklimatiseerde omgeving voor de Chardonnay-druiven. Met een zorgvuldige selectie van de druiven en traditionele vinificatietechnieken is elke fles een expressie van de hoogste kwaliteit en vakmanschap. Door de houtrijping heeft deze wijn een complexe structuur gekregen met een unieke balans tussen zuurheid en body.<\/p>\n<h3>Smaakprofiel<\/h3>\n<p>De Director&#8217;s Cut Chardonnay kenmerkt zich door een levendige goudgele kleur en een boeiende aroma van rijpe perziken, honing en een hint van vanille. In de mond onthult de wijn een rijke textuur met tonen van citrus en eiken, gevolgd door een lange, cr\u00e8mige afdronk. De subtiele minerale tonen en frisse zuurgraad maken deze wijn tot een geweldige begeleider van diverse gerechten.<\/p>\n<h3>Serveeradvies<\/h3>\n<p>Rijk en harmonieus, deze Chardonnay is het best te genieten op een temperatuur van 10-12 graden Celsius. Perfect als aperitief of in combinatie met zeevruchten, gevogelte en romige pasta&#8217;s.<\/p>\n<ul>\n<li>Zeevruchten, vooral krab-en kreeftgerechten<\/li>\n<li>Gegrilde kip of kalkoen met romige sauzen<\/li>\n<li>Romige pasta&#8217;s of risotto met champignons<\/li>\n<\/ul>\n<h3>Weetje<\/h3>\n<p>Francis Coppola, bekend als filmmaker van klassiekers zoals &#8216;The Godfather&#8217;, heeft een even diepe passie voor wijnbouw. Zijn streven naar perfectie en detail is zichtbaar in elk aspect van het wijnbereidingsproces. Coppola ziet wijn, net als films, als artistieke expressie en deze Director\u00b4s Cut lijn is zijn manier om creativiteit in wijn te integreren.<\/p>\n","protected":false},"excerpt":{"rendered":"<p>Ervaar de onberispelijke Francis Coppola Director\u00b4s Cut Chardonnay Sonoma Coast, met zijn rijke aroma&#8217;s van perzik en vanille en een subtiele, elegante afdronk. Een kunstwerk op zich!<\/p>\n<p>\nVivino score:<\/p>\n<div class=\"vivino-widget vivino-wine-card-widget\" data-vivino-widget-type=\"wineWithoutVintage\" data-vivino-wine-id=\"6288\" data-make-vivino-redirect=\"true\" data-vivino-widget-language=\"en\" data-vivino-widget-layout=\"small_new\">\n  <a target=\"_blank\">Wine name<\/a>\n<\/div>\n","protected":false},"featured_media":13007,"comment_status":"open","ping_status":"closed","template":"","meta":[],"product_brand":[],"product_cat":[2888,2902,2890],"product_tag":[756,803,142],"class_list":{"0":"post-11874","1":"product","2":"type-product","3":"status-publish","4":"has-post-thumbnail","6":"product_cat-alle-wijn","7":"product_cat-overige-landen","8":"product_cat-witte-wijn","9":"product_tag-amerikaanse-wijn","10":"product_tag-houtrijping","11":"product_tag-witte-wijn","13":"first","14":"instock","15":"taxable","16":"shipping-taxable","17":"purchasable","18":"product-type-simple"},"yoast_head":"<!-- This site is optimized with the Yoast SEO Premium plugin v27.3 (Yoast SEO v27.3) - https:\/\/yoast.com\/product\/yoast-seo-premium-wordpress\/ -->\n<title>Francis Coppola Director&#039;s Cut Chardonnay Sonoma Coast - Premium Californische Wijn<\/title>\n<meta name=\"description\" content=\"Ontdek Francis Coppola&#039;s regisseursbenadering van wijn maken met de Director&#039;s Cut Chardonnay. Geproduceerd in Sonoma Coast, biedt elke slok een verhaal van vakmanschap en creatie.\" \/>\n<meta name=\"robots\" content=\"index, follow, max-snippet:-1, max-image-preview:large, max-video-preview:-1\" \/>\n<link rel=\"canonical\" href=\"https:\/\/wijnhuis-mana.nl\/de\/product\/francis-coppola-directors-cut-chardonnay-sonoma-coast\/\" \/>\n<meta property=\"og:locale\" content=\"de_DE\" \/>\n<meta property=\"og:type\" content=\"article\" \/>\n<meta property=\"og:title\" content=\"Francis Coppola Director\u00b4s Cut Chardonnay Sonoma Coast\" \/>\n<meta property=\"og:description\" content=\"Ontdek Francis Coppola&#039;s regisseursbenadering van wijn maken met de Director&#039;s Cut Chardonnay. Geproduceerd in Sonoma Coast, biedt elke slok een verhaal van vakmanschap en creatie.\" \/>\n<meta property=\"og:url\" content=\"https:\/\/wijnhuis-mana.nl\/de\/product\/francis-coppola-directors-cut-chardonnay-sonoma-coast\/\" \/>\n<meta property=\"og:site_name\" content=\"Wijnhuis-Mana.nl\" \/>\n<meta property=\"article:publisher\" content=\"https:\/\/www.facebook.com\/wijnhuismana\" \/>\n<meta property=\"article:modified_time\" content=\"2026-04-10T14:39:32+00:00\" \/>\n<meta property=\"og:image\" content=\"https:\/\/wijnhuis-mana.nl\/wp-content\/uploads\/2025\/04\/Francis-Coppola-Director\u00b4s-Cut-Chardonnay-Sonoma-Coast.jpg\" \/>\n\t<meta property=\"og:image:width\" content=\"800\" \/>\n\t<meta property=\"og:image:height\" content=\"800\" \/>\n\t<meta property=\"og:image:type\" content=\"image\/jpeg\" \/>\n<meta name=\"twitter:card\" content=\"summary_large_image\" \/>\n<meta name=\"twitter:label1\" content=\"Price\" \/>\n\t<meta name=\"twitter:data1\" content=\"&euro;&nbsp;26,95\" \/>\n\t<meta name=\"twitter:label2\" content=\"Availability\" \/>\n\t<meta name=\"twitter:data2\" content=\"In stock\" \/>\n<script type=\"application\/ld+json\" class=\"yoast-schema-graph\">{\"@context\":\"https:\\\/\\\/schema.org\",\"@graph\":[{\"@type\":\"WebPage\",\"@id\":\"https:\\\/\\\/wijnhuis-mana.nl\\\/de\\\/product\\\/francis-coppola-directors-cut-chardonnay-sonoma-coast\\\/\",\"url\":\"https:\\\/\\\/wijnhuis-mana.nl\\\/de\\\/product\\\/francis-coppola-directors-cut-chardonnay-sonoma-coast\\\/\",\"name\":\"Francis Coppola Director's Cut Chardonnay Sonoma Coast - Premium Californische Wijn\",\"isPartOf\":{\"@id\":\"https:\\\/\\\/wijnhuis-mana.nl\\\/de\\\/#website\"},\"primaryImageOfPage\":{\"@id\":\"https:\\\/\\\/wijnhuis-mana.nl\\\/de\\\/product\\\/francis-coppola-directors-cut-chardonnay-sonoma-coast\\\/#primaryimage\"},\"image\":{\"@id\":\"https:\\\/\\\/wijnhuis-mana.nl\\\/de\\\/product\\\/francis-coppola-directors-cut-chardonnay-sonoma-coast\\\/#primaryimage\"},\"thumbnailUrl\":\"https:\\\/\\\/wijnhuis-mana.nl\\\/wp-content\\\/uploads\\\/2025\\\/04\\\/Francis-Coppola-Director\u00b4s-Cut-Chardonnay-Sonoma-Coast.jpg\",\"datePublished\":\"2025-03-26T14:59:21+00:00\",\"dateModified\":\"2026-04-10T14:39:32+00:00\",\"description\":\"Ontdek Francis Coppola's regisseursbenadering van wijn maken met de Director's Cut Chardonnay. Geproduceerd in Sonoma Coast, biedt elke slok een verhaal van vakmanschap en creatie.\",\"breadcrumb\":{\"@id\":\"https:\\\/\\\/wijnhuis-mana.nl\\\/de\\\/product\\\/francis-coppola-directors-cut-chardonnay-sonoma-coast\\\/#breadcrumb\"},\"inLanguage\":\"de-DE\",\"potentialAction\":[{\"@type\":\"ReadAction\",\"target\":[\"https:\\\/\\\/wijnhuis-mana.nl\\\/de\\\/product\\\/francis-coppola-directors-cut-chardonnay-sonoma-coast\\\/\"]}]},{\"@type\":\"ImageObject\",\"inLanguage\":\"de-DE\",\"@id\":\"https:\\\/\\\/wijnhuis-mana.nl\\\/de\\\/product\\\/francis-coppola-directors-cut-chardonnay-sonoma-coast\\\/#primaryimage\",\"url\":\"https:\\\/\\\/wijnhuis-mana.nl\\\/wp-content\\\/uploads\\\/2025\\\/04\\\/Francis-Coppola-Director\u00b4s-Cut-Chardonnay-Sonoma-Coast.jpg\",\"contentUrl\":\"https:\\\/\\\/wijnhuis-mana.nl\\\/wp-content\\\/uploads\\\/2025\\\/04\\\/Francis-Coppola-Director\u00b4s-Cut-Chardonnay-Sonoma-Coast.jpg\",\"width\":800,\"height\":800,\"caption\":\"Ontdek Francis Coppola's regisseursbenadering van wijn maken met de Director's Cut Chardonnay. Geproduceerd in Sonoma Coast, biedt elke slok een verhaal van vakmanschap en creatie.\"},{\"@type\":\"BreadcrumbList\",\"@id\":\"https:\\\/\\\/wijnhuis-mana.nl\\\/de\\\/product\\\/francis-coppola-directors-cut-chardonnay-sonoma-coast\\\/#breadcrumb\",\"itemListElement\":[{\"@type\":\"ListItem\",\"position\":1,\"name\":\"Home\",\"item\":\"https:\\\/\\\/wijnhuis-mana.nl\\\/de\\\/\"},{\"@type\":\"ListItem\",\"position\":2,\"name\":\"Shop\",\"item\":\"https:\\\/\\\/wijnhuis-mana.nl\\\/de\\\/shop-2\\\/\"},{\"@type\":\"ListItem\",\"position\":3,\"name\":\"Francis Coppola Director\u00b4s Cut Chardonnay Sonoma Coast\"}]},{\"@type\":\"WebSite\",\"@id\":\"https:\\\/\\\/wijnhuis-mana.nl\\\/de\\\/#website\",\"url\":\"https:\\\/\\\/wijnhuis-mana.nl\\\/de\\\/\",\"name\":\"Wijnhuis-Mana.nl\",\"description\":\"Wijn v\u00e1n liefhebbers, v\u00f3\u00f3r liefhebbers\",\"publisher\":{\"@id\":\"https:\\\/\\\/wijnhuis-mana.nl\\\/de\\\/#organization\"},\"potentialAction\":[{\"@type\":\"SearchAction\",\"target\":{\"@type\":\"EntryPoint\",\"urlTemplate\":\"https:\\\/\\\/wijnhuis-mana.nl\\\/de\\\/?s={search_term_string}\"},\"query-input\":{\"@type\":\"PropertyValueSpecification\",\"valueRequired\":true,\"valueName\":\"search_term_string\"}}],\"inLanguage\":\"de-DE\"},{\"@type\":[\"Organization\",\"Place\"],\"@id\":\"https:\\\/\\\/wijnhuis-mana.nl\\\/de\\\/#organization\",\"name\":\"Wijnhuis-Mana.nl\",\"url\":\"https:\\\/\\\/wijnhuis-mana.nl\\\/de\\\/\",\"logo\":{\"@id\":\"https:\\\/\\\/wijnhuis-mana.nl\\\/de\\\/product\\\/francis-coppola-directors-cut-chardonnay-sonoma-coast\\\/#local-main-organization-logo\"},\"image\":{\"@id\":\"https:\\\/\\\/wijnhuis-mana.nl\\\/de\\\/product\\\/francis-coppola-directors-cut-chardonnay-sonoma-coast\\\/#local-main-organization-logo\"},\"sameAs\":[\"https:\\\/\\\/www.facebook.com\\\/wijnhuismana\",\"https:\\\/\\\/www.instagram.com\\\/ghvino.nl\"],\"hasMerchantReturnPolicy\":{\"@type\":\"MerchantReturnPolicy\",\"merchantReturnLink\":\"https:\\\/\\\/wijnhuis-mana.nl\\\/algemene-voorwaarden\\\/\"},\"address\":{\"@id\":\"https:\\\/\\\/wijnhuis-mana.nl\\\/de\\\/product\\\/francis-coppola-directors-cut-chardonnay-sonoma-coast\\\/#local-main-place-address\"},\"telephone\":[\"0299-769018\"],\"openingHoursSpecification\":[{\"@type\":\"OpeningHoursSpecification\",\"dayOfWeek\":[\"Monday\",\"Sunday\"],\"opens\":\"00:00\",\"closes\":\"00:00\"},{\"@type\":\"OpeningHoursSpecification\",\"dayOfWeek\":[\"Tuesday\"],\"opens\":\"10:00\",\"closes\":\"18:00\"},{\"@type\":\"OpeningHoursSpecification\",\"dayOfWeek\":[\"Wednesday\",\"Thursday\",\"Saturday\"],\"opens\":\"11:00\",\"closes\":\"18:00\"},{\"@type\":\"OpeningHoursSpecification\",\"dayOfWeek\":[\"Friday\"],\"opens\":\"11:00\",\"closes\":\"21:00\"}],\"email\":\"info@wijnhuis-mana.nl\",\"areaServed\":\"Nederland\",\"vatID\":\"NL58KNAB0255573782\",\"taxID\":\"NL58KNAB0255573782\"},{\"@type\":\"PostalAddress\",\"@id\":\"https:\\\/\\\/wijnhuis-mana.nl\\\/de\\\/product\\\/francis-coppola-directors-cut-chardonnay-sonoma-coast\\\/#local-main-place-address\",\"streetAddress\":\"Weerwal 11\",\"addressLocality\":\"Purmerend\",\"postalCode\":\"1441 AL\",\"addressRegion\":\"Noord-Holland\",\"addressCountry\":\"NL\"},{\"@type\":\"ImageObject\",\"inLanguage\":\"de-DE\",\"@id\":\"https:\\\/\\\/wijnhuis-mana.nl\\\/de\\\/product\\\/francis-coppola-directors-cut-chardonnay-sonoma-coast\\\/#local-main-organization-logo\",\"url\":\"https:\\\/\\\/wijnhuis-mana.nl\\\/wp-content\\\/uploads\\\/2022\\\/01\\\/Logo_Wijnhuis-Mana_Kleur.jpg\",\"contentUrl\":\"https:\\\/\\\/wijnhuis-mana.nl\\\/wp-content\\\/uploads\\\/2022\\\/01\\\/Logo_Wijnhuis-Mana_Kleur.jpg\",\"width\":400,\"height\":111,\"caption\":\"Wijnhuis-Mana.nl\"}]}<\/script>\n<meta property=\"product:price:amount\" content=\"26.95\" \/>\n<meta property=\"product:price:currency\" content=\"EUR\" \/>\n<meta property=\"og:availability\" content=\"instock\" \/>\n<meta property=\"product:availability\" content=\"instock\" \/>\n<meta property=\"product:retailer_item_id\" content=\"1220000071513\" \/>\n<meta property=\"product:condition\" content=\"new\" \/>\n<meta name=\"geo.placename\" content=\"Purmerend\" \/>\n<meta name=\"geo.region\" content=\"Netherlands\" \/>\n<!-- \/ Yoast SEO Premium plugin. -->","yoast_head_json":{"title":"Francis Coppola Director's Cut Chardonnay Sonoma Coast - Premium Californische Wijn","description":"Ontdek Francis Coppola's regisseursbenadering van wijn maken met de Director's Cut Chardonnay. Geproduceerd in Sonoma Coast, biedt elke slok een verhaal van vakmanschap en creatie.","robots":{"index":"index","follow":"follow","max-snippet":"max-snippet:-1","max-image-preview":"max-image-preview:large","max-video-preview":"max-video-preview:-1"},"canonical":"https:\/\/wijnhuis-mana.nl\/de\/product\/francis-coppola-directors-cut-chardonnay-sonoma-coast\/","og_locale":"de_DE","og_type":"article","og_title":"Francis Coppola Director\u00b4s Cut Chardonnay Sonoma Coast","og_description":"Ontdek Francis Coppola's regisseursbenadering van wijn maken met de Director's Cut Chardonnay. Geproduceerd in Sonoma Coast, biedt elke slok een verhaal van vakmanschap en creatie.","og_url":"https:\/\/wijnhuis-mana.nl\/de\/product\/francis-coppola-directors-cut-chardonnay-sonoma-coast\/","og_site_name":"Wijnhuis-Mana.nl","article_publisher":"https:\/\/www.facebook.com\/wijnhuismana","article_modified_time":"2026-04-10T14:39:32+00:00","og_image":[{"width":800,"height":800,"url":"https:\/\/wijnhuis-mana.nl\/wp-content\/uploads\/2025\/04\/Francis-Coppola-Director\u00b4s-Cut-Chardonnay-Sonoma-Coast.jpg","type":"image\/jpeg"}],"twitter_card":"summary_large_image","twitter_misc":{"Price":"&euro;&nbsp;26,95","Availability":"In stock"},"schema":{"@context":"https:\/\/schema.org","@graph":[{"@type":"WebPage","@id":"https:\/\/wijnhuis-mana.nl\/de\/product\/francis-coppola-directors-cut-chardonnay-sonoma-coast\/","url":"https:\/\/wijnhuis-mana.nl\/de\/product\/francis-coppola-directors-cut-chardonnay-sonoma-coast\/","name":"Francis Coppola Director's Cut Chardonnay Sonoma Coast - Premium Californische Wijn","isPartOf":{"@id":"https:\/\/wijnhuis-mana.nl\/de\/#website"},"primaryImageOfPage":{"@id":"https:\/\/wijnhuis-mana.nl\/de\/product\/francis-coppola-directors-cut-chardonnay-sonoma-coast\/#primaryimage"},"image":{"@id":"https:\/\/wijnhuis-mana.nl\/de\/product\/francis-coppola-directors-cut-chardonnay-sonoma-coast\/#primaryimage"},"thumbnailUrl":"https:\/\/wijnhuis-mana.nl\/wp-content\/uploads\/2025\/04\/Francis-Coppola-Director\u00b4s-Cut-Chardonnay-Sonoma-Coast.jpg","datePublished":"2025-03-26T14:59:21+00:00","dateModified":"2026-04-10T14:39:32+00:00","description":"Ontdek Francis Coppola's regisseursbenadering van wijn maken met de Director's Cut Chardonnay. Geproduceerd in Sonoma Coast, biedt elke slok een verhaal van vakmanschap en creatie.","breadcrumb":{"@id":"https:\/\/wijnhuis-mana.nl\/de\/product\/francis-coppola-directors-cut-chardonnay-sonoma-coast\/#breadcrumb"},"inLanguage":"de-DE","potentialAction":[{"@type":"ReadAction","target":["https:\/\/wijnhuis-mana.nl\/de\/product\/francis-coppola-directors-cut-chardonnay-sonoma-coast\/"]}]},{"@type":"ImageObject","inLanguage":"de-DE","@id":"https:\/\/wijnhuis-mana.nl\/de\/product\/francis-coppola-directors-cut-chardonnay-sonoma-coast\/#primaryimage","url":"https:\/\/wijnhuis-mana.nl\/wp-content\/uploads\/2025\/04\/Francis-Coppola-Director\u00b4s-Cut-Chardonnay-Sonoma-Coast.jpg","contentUrl":"https:\/\/wijnhuis-mana.nl\/wp-content\/uploads\/2025\/04\/Francis-Coppola-Director\u00b4s-Cut-Chardonnay-Sonoma-Coast.jpg","width":800,"height":800,"caption":"Ontdek Francis Coppola's regisseursbenadering van wijn maken met de Director's Cut Chardonnay. Geproduceerd in Sonoma Coast, biedt elke slok een verhaal van vakmanschap en creatie."},{"@type":"BreadcrumbList","@id":"https:\/\/wijnhuis-mana.nl\/de\/product\/francis-coppola-directors-cut-chardonnay-sonoma-coast\/#breadcrumb","itemListElement":[{"@type":"ListItem","position":1,"name":"Home","item":"https:\/\/wijnhuis-mana.nl\/de\/"},{"@type":"ListItem","position":2,"name":"Shop","item":"https:\/\/wijnhuis-mana.nl\/de\/shop-2\/"},{"@type":"ListItem","position":3,"name":"Francis Coppola Director\u00b4s Cut Chardonnay Sonoma Coast"}]},{"@type":"WebSite","@id":"https:\/\/wijnhuis-mana.nl\/de\/#website","url":"https:\/\/wijnhuis-mana.nl\/de\/","name":"Wijnhuis-Mana.nl","description":"Wijn v\u00e1n liefhebbers, v\u00f3\u00f3r liefhebbers","publisher":{"@id":"https:\/\/wijnhuis-mana.nl\/de\/#organization"},"potentialAction":[{"@type":"SearchAction","target":{"@type":"EntryPoint","urlTemplate":"https:\/\/wijnhuis-mana.nl\/de\/?s={search_term_string}"},"query-input":{"@type":"PropertyValueSpecification","valueRequired":true,"valueName":"search_term_string"}}],"inLanguage":"de-DE"},{"@type":["Organization","Place"],"@id":"https:\/\/wijnhuis-mana.nl\/de\/#organization","name":"Wijnhuis-Mana.nl","url":"https:\/\/wijnhuis-mana.nl\/de\/","logo":{"@id":"https:\/\/wijnhuis-mana.nl\/de\/product\/francis-coppola-directors-cut-chardonnay-sonoma-coast\/#local-main-organization-logo"},"image":{"@id":"https:\/\/wijnhuis-mana.nl\/de\/product\/francis-coppola-directors-cut-chardonnay-sonoma-coast\/#local-main-organization-logo"},"sameAs":["https:\/\/www.facebook.com\/wijnhuismana","https:\/\/www.instagram.com\/ghvino.nl"],"hasMerchantReturnPolicy":{"@type":"MerchantReturnPolicy","merchantReturnLink":"https:\/\/wijnhuis-mana.nl\/algemene-voorwaarden\/"},"address":{"@id":"https:\/\/wijnhuis-mana.nl\/de\/product\/francis-coppola-directors-cut-chardonnay-sonoma-coast\/#local-main-place-address"},"telephone":["0299-769018"],"openingHoursSpecification":[{"@type":"OpeningHoursSpecification","dayOfWeek":["Monday","Sunday"],"opens":"00:00","closes":"00:00"},{"@type":"OpeningHoursSpecification","dayOfWeek":["Tuesday"],"opens":"10:00","closes":"18:00"},{"@type":"OpeningHoursSpecification","dayOfWeek":["Wednesday","Thursday","Saturday"],"opens":"11:00","closes":"18:00"},{"@type":"OpeningHoursSpecification","dayOfWeek":["Friday"],"opens":"11:00","closes":"21:00"}],"email":"info@wijnhuis-mana.nl","areaServed":"Nederland","vatID":"NL58KNAB0255573782","taxID":"NL58KNAB0255573782"},{"@type":"PostalAddress","@id":"https:\/\/wijnhuis-mana.nl\/de\/product\/francis-coppola-directors-cut-chardonnay-sonoma-coast\/#local-main-place-address","streetAddress":"Weerwal 11","addressLocality":"Purmerend","postalCode":"1441 AL","addressRegion":"Noord-Holland","addressCountry":"NL"},{"@type":"ImageObject","inLanguage":"de-DE","@id":"https:\/\/wijnhuis-mana.nl\/de\/product\/francis-coppola-directors-cut-chardonnay-sonoma-coast\/#local-main-organization-logo","url":"https:\/\/wijnhuis-mana.nl\/wp-content\/uploads\/2022\/01\/Logo_Wijnhuis-Mana_Kleur.jpg","contentUrl":"https:\/\/wijnhuis-mana.nl\/wp-content\/uploads\/2022\/01\/Logo_Wijnhuis-Mana_Kleur.jpg","width":400,"height":111,"caption":"Wijnhuis-Mana.nl"}]},"product_price_amount":"26.95","product_price_currency":"EUR","og_availability":"instock","product_availability":"instock","product_retailer_item_id":"1220000071513","product_condition":"new","geo.placename":"Purmerend","geo.region":"Netherlands"},"post_mailing_queue_ids":[],"_links":{"self":[{"href":"https:\/\/wijnhuis-mana.nl\/de\/wp-json\/wp\/v2\/product\/11874","targetHints":{"allow":["GET"]}}],"collection":[{"href":"https:\/\/wijnhuis-mana.nl\/de\/wp-json\/wp\/v2\/product"}],"about":[{"href":"https:\/\/wijnhuis-mana.nl\/de\/wp-json\/wp\/v2\/types\/product"}],"replies":[{"embeddable":true,"href":"https:\/\/wijnhuis-mana.nl\/de\/wp-json\/wp\/v2\/comments?post=11874"}],"wp:featuredmedia":[{"embeddable":true,"href":"https:\/\/wijnhuis-mana.nl\/de\/wp-json\/wp\/v2\/media\/13007"}],"wp:attachment":[{"href":"https:\/\/wijnhuis-mana.nl\/de\/wp-json\/wp\/v2\/media?parent=11874"}],"wp:term":[{"taxonomy":"product_brand","embeddable":true,"href":"https:\/\/wijnhuis-mana.nl\/de\/wp-json\/wp\/v2\/product_brand?post=11874"},{"taxonomy":"product_cat","embeddable":true,"href":"https:\/\/wijnhuis-mana.nl\/de\/wp-json\/wp\/v2\/product_cat?post=11874"},{"taxonomy":"product_tag","embeddable":true,"href":"https:\/\/wijnhuis-mana.nl\/de\/wp-json\/wp\/v2\/product_tag?post=11874"}],"curies":[{"name":"wp","href":"https:\/\/api.w.org\/{rel}","templated":true}]}}