{"id":11976,"date":"2025-03-28T15:18:14","date_gmt":"2025-03-28T14:18:14","guid":{"rendered":"https:\/\/wijnhuis-mana.nl\/?post_type=product&#038;p=11976"},"modified":"2026-03-27T12:46:05","modified_gmt":"2026-03-27T11:46:05","slug":"berging-brouwerij-sailing-rum-barrel-aged-tripel","status":"publish","type":"product","link":"https:\/\/wijnhuis-mana.nl\/de\/product\/berging-brouwerij-sailing-rum-barrel-aged-tripel\/","title":{"rendered":"Berging Brouwerij Sailing&#8217;24 Rum Barrel Aged Tripel"},"content":{"rendered":"<h3>Algemene informatie<\/h3>\n<p>Berging Brouwerij Sailing Rum Barrel Aged Tripel is een voortreffelijk bier dat de rijke tradities van het brouwen met de fascinerende complexiteit van rumvaten combineert. Het bier wordt zorgvuldig gebrouwen met een selectie van de beste ingredi\u00ebnten en vervolgens gerijpt in rumvaten. Dit proces vindt plaats in de kleinschalige Berging Brouwerij in Nederland, waar ambacht en kwaliteit hoog in het vaandel staan. De tripel ondergaat een delicate transformatie waarbij de smaken van de rumvaten prachtig infuseren met het bier, waardoor een uniek product ontstaat dat zowel bier- als rumliefhebbers kunnen waarderen.<\/p>\n<h3>Smaakprofiel<\/h3>\n<p>Deze rumvatgerijpte tripel kleurt goud en heeft een aromatisch boeket dat rijk is aan hints van vanille en karamel, afkomstig uit de rumvaten. In de smaak vindt men een fascinerende complexiteit terug met noten van toffee, kruiden en een hint van tropisch fruit. De afdronk is warm en lang, met een subtiele rumtoon die het gehemelte streelt.<\/p>\n<h3>Serveeradvies<\/h3>\n<p>Serveer deze unieke tripel op een temperatuur van ongeveer 8-10\u00b0C om de volle rijkdom van de aroma&#8217;s en smaken tot hun recht te laten komen. Het bier gaat uitstekend samen met stevige kazen, gegrild vlees of een dessert met karamel en vanille.<\/p>\n<ul>\n<li>Perfecte begeleiding bij oude kaas<\/li>\n<li>Heerlijk naast een bord barbecuegerechten<\/li>\n<li>Sublieme afsluiting bij een vanille-karameldessert<\/li>\n<\/ul>\n<h3>Weetje<\/h3>\n<p>De Berging Brouwerij staat bekend om zijn innovatieve aanpak in het brouwen. De keuze voor rumvaten in dit specifieke bier is ge\u00efnspireerd op de oude scheepvaartroutes waarbij rum een populair handelswaar was. Deze historische echo voegt niet alleen diepgang toe aan de smaak, maar verrijkt ook het verhaal achter dit bier.<\/p>\n","protected":false},"excerpt":{"rendered":"<p>Ontdek de Berging Brouwerij Sailing Rum Barrel Aged Tripel, een meesterwerk dat rijpt in rumvaten om een rijk palet van vanille, karamel en subtiele rumtonen te onthullen. Een ware traktatie voor de zintuigen.<\/p>\n","protected":false},"featured_media":12911,"comment_status":"open","ping_status":"closed","template":"","meta":[],"product_brand":[],"product_cat":[2906,2903],"product_tag":[803,828,912],"class_list":{"0":"post-11976","1":"product","2":"type-product","3":"status-publish","4":"has-post-thumbnail","6":"product_cat-blond-tripel","7":"product_cat-speciaalbier","8":"product_tag-houtrijping","9":"product_tag-rum","10":"product_tag-speciaalbier","12":"first","13":"instock","14":"taxable","15":"shipping-taxable","16":"purchasable","17":"product-type-simple"},"yoast_head":"<!-- This site is optimized with the Yoast SEO Premium plugin v27.3 (Yoast SEO v27.3) - https:\/\/yoast.com\/product\/yoast-seo-premium-wordpress\/ -->\n<title>Berging Brouwerij Sailing Rum Barrel Aged Tripel | Exclusief Bier<\/title>\n<meta name=\"description\" content=\"Geniet van de unieke Berging Brouwerij Sailing Rum Barrel Aged Tripel, gerijpt in rumvaten met noten van vanille, karamel en een warme afdronk. Bestel nu voor een exclusieve smaakervaring!\" \/>\n<meta name=\"robots\" content=\"index, follow, max-snippet:-1, max-image-preview:large, max-video-preview:-1\" \/>\n<link rel=\"canonical\" href=\"https:\/\/wijnhuis-mana.nl\/de\/product\/berging-brouwerij-sailing-rum-barrel-aged-tripel\/\" \/>\n<meta property=\"og:locale\" content=\"de_DE\" \/>\n<meta property=\"og:type\" content=\"article\" \/>\n<meta property=\"og:title\" content=\"Berging Brouwerij Sailing&#039;24 Rum Barrel Aged Tripel\" \/>\n<meta property=\"og:description\" content=\"Geniet van de unieke Berging Brouwerij Sailing Rum Barrel Aged Tripel, gerijpt in rumvaten met noten van vanille, karamel en een warme afdronk. Bestel nu voor een exclusieve smaakervaring!\" \/>\n<meta property=\"og:url\" content=\"https:\/\/wijnhuis-mana.nl\/de\/product\/berging-brouwerij-sailing-rum-barrel-aged-tripel\/\" \/>\n<meta property=\"og:site_name\" content=\"Wijnhuis-Mana.nl\" \/>\n<meta property=\"article:publisher\" content=\"https:\/\/www.facebook.com\/wijnhuismana\" \/>\n<meta property=\"article:modified_time\" content=\"2026-03-27T11:46:05+00:00\" \/>\n<meta property=\"og:image\" content=\"https:\/\/wijnhuis-mana.nl\/wp-content\/uploads\/2025\/04\/Berging-Brouwerij-Sailing-Rum-Barrel-Aged-Tripel.jpg\" \/>\n\t<meta property=\"og:image:width\" content=\"800\" \/>\n\t<meta property=\"og:image:height\" content=\"800\" \/>\n\t<meta property=\"og:image:type\" content=\"image\/jpeg\" \/>\n<meta name=\"twitter:card\" content=\"summary_large_image\" \/>\n<meta name=\"twitter:label1\" content=\"Price\" \/>\n\t<meta name=\"twitter:data1\" content=\"&euro;&nbsp;6,95\" \/>\n\t<meta name=\"twitter:label2\" content=\"Availability\" \/>\n\t<meta name=\"twitter:data2\" content=\"In stock\" \/>\n<script type=\"application\/ld+json\" class=\"yoast-schema-graph\">{\"@context\":\"https:\\\/\\\/schema.org\",\"@graph\":[{\"@type\":\"WebPage\",\"@id\":\"https:\\\/\\\/wijnhuis-mana.nl\\\/de\\\/product\\\/berging-brouwerij-sailing-rum-barrel-aged-tripel\\\/\",\"url\":\"https:\\\/\\\/wijnhuis-mana.nl\\\/de\\\/product\\\/berging-brouwerij-sailing-rum-barrel-aged-tripel\\\/\",\"name\":\"Berging Brouwerij Sailing Rum Barrel Aged Tripel | Exclusief Bier\",\"isPartOf\":{\"@id\":\"https:\\\/\\\/wijnhuis-mana.nl\\\/de\\\/#website\"},\"primaryImageOfPage\":{\"@id\":\"https:\\\/\\\/wijnhuis-mana.nl\\\/de\\\/product\\\/berging-brouwerij-sailing-rum-barrel-aged-tripel\\\/#primaryimage\"},\"image\":{\"@id\":\"https:\\\/\\\/wijnhuis-mana.nl\\\/de\\\/product\\\/berging-brouwerij-sailing-rum-barrel-aged-tripel\\\/#primaryimage\"},\"thumbnailUrl\":\"https:\\\/\\\/wijnhuis-mana.nl\\\/wp-content\\\/uploads\\\/2025\\\/04\\\/Berging-Brouwerij-Sailing-Rum-Barrel-Aged-Tripel.jpg\",\"datePublished\":\"2025-03-28T14:18:14+00:00\",\"dateModified\":\"2026-03-27T11:46:05+00:00\",\"description\":\"Geniet van de unieke Berging Brouwerij Sailing Rum Barrel Aged Tripel, gerijpt in rumvaten met noten van vanille, karamel en een warme afdronk. Bestel nu voor een exclusieve smaakervaring!\",\"breadcrumb\":{\"@id\":\"https:\\\/\\\/wijnhuis-mana.nl\\\/de\\\/product\\\/berging-brouwerij-sailing-rum-barrel-aged-tripel\\\/#breadcrumb\"},\"inLanguage\":\"de-DE\",\"potentialAction\":[{\"@type\":\"ReadAction\",\"target\":[\"https:\\\/\\\/wijnhuis-mana.nl\\\/de\\\/product\\\/berging-brouwerij-sailing-rum-barrel-aged-tripel\\\/\"]}]},{\"@type\":\"ImageObject\",\"inLanguage\":\"de-DE\",\"@id\":\"https:\\\/\\\/wijnhuis-mana.nl\\\/de\\\/product\\\/berging-brouwerij-sailing-rum-barrel-aged-tripel\\\/#primaryimage\",\"url\":\"https:\\\/\\\/wijnhuis-mana.nl\\\/wp-content\\\/uploads\\\/2025\\\/04\\\/Berging-Brouwerij-Sailing-Rum-Barrel-Aged-Tripel.jpg\",\"contentUrl\":\"https:\\\/\\\/wijnhuis-mana.nl\\\/wp-content\\\/uploads\\\/2025\\\/04\\\/Berging-Brouwerij-Sailing-Rum-Barrel-Aged-Tripel.jpg\",\"width\":800,\"height\":800,\"caption\":\"Geniet van de unieke Berging Brouwerij Sailing Rum Barrel Aged Tripel, gerijpt in rumvaten met noten van vanille, karamel en een warme afdronk. Bestel nu voor een exclusieve smaakervaring!\"},{\"@type\":\"BreadcrumbList\",\"@id\":\"https:\\\/\\\/wijnhuis-mana.nl\\\/de\\\/product\\\/berging-brouwerij-sailing-rum-barrel-aged-tripel\\\/#breadcrumb\",\"itemListElement\":[{\"@type\":\"ListItem\",\"position\":1,\"name\":\"Home\",\"item\":\"https:\\\/\\\/wijnhuis-mana.nl\\\/de\\\/\"},{\"@type\":\"ListItem\",\"position\":2,\"name\":\"Shop\",\"item\":\"https:\\\/\\\/wijnhuis-mana.nl\\\/de\\\/shop-2\\\/\"},{\"@type\":\"ListItem\",\"position\":3,\"name\":\"Berging Brouwerij Sailing&#8217;24 Rum Barrel Aged Tripel\"}]},{\"@type\":\"WebSite\",\"@id\":\"https:\\\/\\\/wijnhuis-mana.nl\\\/de\\\/#website\",\"url\":\"https:\\\/\\\/wijnhuis-mana.nl\\\/de\\\/\",\"name\":\"Wijnhuis-Mana.nl\",\"description\":\"Wijn v\u00e1n liefhebbers, v\u00f3\u00f3r liefhebbers\",\"publisher\":{\"@id\":\"https:\\\/\\\/wijnhuis-mana.nl\\\/de\\\/#organization\"},\"potentialAction\":[{\"@type\":\"SearchAction\",\"target\":{\"@type\":\"EntryPoint\",\"urlTemplate\":\"https:\\\/\\\/wijnhuis-mana.nl\\\/de\\\/?s={search_term_string}\"},\"query-input\":{\"@type\":\"PropertyValueSpecification\",\"valueRequired\":true,\"valueName\":\"search_term_string\"}}],\"inLanguage\":\"de-DE\"},{\"@type\":[\"Organization\",\"Place\"],\"@id\":\"https:\\\/\\\/wijnhuis-mana.nl\\\/de\\\/#organization\",\"name\":\"Wijnhuis-Mana.nl\",\"url\":\"https:\\\/\\\/wijnhuis-mana.nl\\\/de\\\/\",\"logo\":{\"@id\":\"https:\\\/\\\/wijnhuis-mana.nl\\\/de\\\/product\\\/berging-brouwerij-sailing-rum-barrel-aged-tripel\\\/#local-main-organization-logo\"},\"image\":{\"@id\":\"https:\\\/\\\/wijnhuis-mana.nl\\\/de\\\/product\\\/berging-brouwerij-sailing-rum-barrel-aged-tripel\\\/#local-main-organization-logo\"},\"sameAs\":[\"https:\\\/\\\/www.facebook.com\\\/wijnhuismana\",\"https:\\\/\\\/www.instagram.com\\\/ghvino.nl\"],\"hasMerchantReturnPolicy\":{\"@type\":\"MerchantReturnPolicy\",\"merchantReturnLink\":\"https:\\\/\\\/wijnhuis-mana.nl\\\/algemene-voorwaarden\\\/\"},\"address\":{\"@id\":\"https:\\\/\\\/wijnhuis-mana.nl\\\/de\\\/product\\\/berging-brouwerij-sailing-rum-barrel-aged-tripel\\\/#local-main-place-address\"},\"telephone\":[\"0299-769018\"],\"openingHoursSpecification\":[{\"@type\":\"OpeningHoursSpecification\",\"dayOfWeek\":[\"Monday\",\"Sunday\"],\"opens\":\"00:00\",\"closes\":\"00:00\"},{\"@type\":\"OpeningHoursSpecification\",\"dayOfWeek\":[\"Tuesday\"],\"opens\":\"10:00\",\"closes\":\"18:00\"},{\"@type\":\"OpeningHoursSpecification\",\"dayOfWeek\":[\"Wednesday\",\"Thursday\",\"Saturday\"],\"opens\":\"11:00\",\"closes\":\"18:00\"},{\"@type\":\"OpeningHoursSpecification\",\"dayOfWeek\":[\"Friday\"],\"opens\":\"11:00\",\"closes\":\"21:00\"}],\"email\":\"info@wijnhuis-mana.nl\",\"areaServed\":\"Nederland\",\"vatID\":\"NL58KNAB0255573782\",\"taxID\":\"NL58KNAB0255573782\"},{\"@type\":\"PostalAddress\",\"@id\":\"https:\\\/\\\/wijnhuis-mana.nl\\\/de\\\/product\\\/berging-brouwerij-sailing-rum-barrel-aged-tripel\\\/#local-main-place-address\",\"streetAddress\":\"Weerwal 11\",\"addressLocality\":\"Purmerend\",\"postalCode\":\"1441 AL\",\"addressRegion\":\"Noord-Holland\",\"addressCountry\":\"NL\"},{\"@type\":\"ImageObject\",\"inLanguage\":\"de-DE\",\"@id\":\"https:\\\/\\\/wijnhuis-mana.nl\\\/de\\\/product\\\/berging-brouwerij-sailing-rum-barrel-aged-tripel\\\/#local-main-organization-logo\",\"url\":\"https:\\\/\\\/wijnhuis-mana.nl\\\/wp-content\\\/uploads\\\/2022\\\/01\\\/Logo_Wijnhuis-Mana_Kleur.jpg\",\"contentUrl\":\"https:\\\/\\\/wijnhuis-mana.nl\\\/wp-content\\\/uploads\\\/2022\\\/01\\\/Logo_Wijnhuis-Mana_Kleur.jpg\",\"width\":400,\"height\":111,\"caption\":\"Wijnhuis-Mana.nl\"}]}<\/script>\n<meta property=\"product:price:amount\" content=\"6.95\" \/>\n<meta property=\"product:price:currency\" content=\"EUR\" \/>\n<meta property=\"og:availability\" content=\"instock\" \/>\n<meta property=\"product:availability\" content=\"instock\" \/>\n<meta property=\"product:retailer_item_id\" content=\"8721082542104\" \/>\n<meta property=\"product:condition\" content=\"new\" \/>\n<meta name=\"geo.placename\" content=\"Purmerend\" \/>\n<meta name=\"geo.region\" content=\"Netherlands\" \/>\n<!-- \/ Yoast SEO Premium plugin. -->","yoast_head_json":{"title":"Berging Brouwerij Sailing Rum Barrel Aged Tripel | Exclusief Bier","description":"Geniet van de unieke Berging Brouwerij Sailing Rum Barrel Aged Tripel, gerijpt in rumvaten met noten van vanille, karamel en een warme afdronk. Bestel nu voor een exclusieve smaakervaring!","robots":{"index":"index","follow":"follow","max-snippet":"max-snippet:-1","max-image-preview":"max-image-preview:large","max-video-preview":"max-video-preview:-1"},"canonical":"https:\/\/wijnhuis-mana.nl\/de\/product\/berging-brouwerij-sailing-rum-barrel-aged-tripel\/","og_locale":"de_DE","og_type":"article","og_title":"Berging Brouwerij Sailing'24 Rum Barrel Aged Tripel","og_description":"Geniet van de unieke Berging Brouwerij Sailing Rum Barrel Aged Tripel, gerijpt in rumvaten met noten van vanille, karamel en een warme afdronk. Bestel nu voor een exclusieve smaakervaring!","og_url":"https:\/\/wijnhuis-mana.nl\/de\/product\/berging-brouwerij-sailing-rum-barrel-aged-tripel\/","og_site_name":"Wijnhuis-Mana.nl","article_publisher":"https:\/\/www.facebook.com\/wijnhuismana","article_modified_time":"2026-03-27T11:46:05+00:00","og_image":[{"width":800,"height":800,"url":"https:\/\/wijnhuis-mana.nl\/wp-content\/uploads\/2025\/04\/Berging-Brouwerij-Sailing-Rum-Barrel-Aged-Tripel.jpg","type":"image\/jpeg"}],"twitter_card":"summary_large_image","twitter_misc":{"Price":"&euro;&nbsp;6,95","Availability":"In stock"},"schema":{"@context":"https:\/\/schema.org","@graph":[{"@type":"WebPage","@id":"https:\/\/wijnhuis-mana.nl\/de\/product\/berging-brouwerij-sailing-rum-barrel-aged-tripel\/","url":"https:\/\/wijnhuis-mana.nl\/de\/product\/berging-brouwerij-sailing-rum-barrel-aged-tripel\/","name":"Berging Brouwerij Sailing Rum Barrel Aged Tripel | Exclusief Bier","isPartOf":{"@id":"https:\/\/wijnhuis-mana.nl\/de\/#website"},"primaryImageOfPage":{"@id":"https:\/\/wijnhuis-mana.nl\/de\/product\/berging-brouwerij-sailing-rum-barrel-aged-tripel\/#primaryimage"},"image":{"@id":"https:\/\/wijnhuis-mana.nl\/de\/product\/berging-brouwerij-sailing-rum-barrel-aged-tripel\/#primaryimage"},"thumbnailUrl":"https:\/\/wijnhuis-mana.nl\/wp-content\/uploads\/2025\/04\/Berging-Brouwerij-Sailing-Rum-Barrel-Aged-Tripel.jpg","datePublished":"2025-03-28T14:18:14+00:00","dateModified":"2026-03-27T11:46:05+00:00","description":"Geniet van de unieke Berging Brouwerij Sailing Rum Barrel Aged Tripel, gerijpt in rumvaten met noten van vanille, karamel en een warme afdronk. Bestel nu voor een exclusieve smaakervaring!","breadcrumb":{"@id":"https:\/\/wijnhuis-mana.nl\/de\/product\/berging-brouwerij-sailing-rum-barrel-aged-tripel\/#breadcrumb"},"inLanguage":"de-DE","potentialAction":[{"@type":"ReadAction","target":["https:\/\/wijnhuis-mana.nl\/de\/product\/berging-brouwerij-sailing-rum-barrel-aged-tripel\/"]}]},{"@type":"ImageObject","inLanguage":"de-DE","@id":"https:\/\/wijnhuis-mana.nl\/de\/product\/berging-brouwerij-sailing-rum-barrel-aged-tripel\/#primaryimage","url":"https:\/\/wijnhuis-mana.nl\/wp-content\/uploads\/2025\/04\/Berging-Brouwerij-Sailing-Rum-Barrel-Aged-Tripel.jpg","contentUrl":"https:\/\/wijnhuis-mana.nl\/wp-content\/uploads\/2025\/04\/Berging-Brouwerij-Sailing-Rum-Barrel-Aged-Tripel.jpg","width":800,"height":800,"caption":"Geniet van de unieke Berging Brouwerij Sailing Rum Barrel Aged Tripel, gerijpt in rumvaten met noten van vanille, karamel en een warme afdronk. Bestel nu voor een exclusieve smaakervaring!"},{"@type":"BreadcrumbList","@id":"https:\/\/wijnhuis-mana.nl\/de\/product\/berging-brouwerij-sailing-rum-barrel-aged-tripel\/#breadcrumb","itemListElement":[{"@type":"ListItem","position":1,"name":"Home","item":"https:\/\/wijnhuis-mana.nl\/de\/"},{"@type":"ListItem","position":2,"name":"Shop","item":"https:\/\/wijnhuis-mana.nl\/de\/shop-2\/"},{"@type":"ListItem","position":3,"name":"Berging Brouwerij Sailing&#8217;24 Rum Barrel Aged Tripel"}]},{"@type":"WebSite","@id":"https:\/\/wijnhuis-mana.nl\/de\/#website","url":"https:\/\/wijnhuis-mana.nl\/de\/","name":"Wijnhuis-Mana.nl","description":"Wijn v\u00e1n liefhebbers, v\u00f3\u00f3r liefhebbers","publisher":{"@id":"https:\/\/wijnhuis-mana.nl\/de\/#organization"},"potentialAction":[{"@type":"SearchAction","target":{"@type":"EntryPoint","urlTemplate":"https:\/\/wijnhuis-mana.nl\/de\/?s={search_term_string}"},"query-input":{"@type":"PropertyValueSpecification","valueRequired":true,"valueName":"search_term_string"}}],"inLanguage":"de-DE"},{"@type":["Organization","Place"],"@id":"https:\/\/wijnhuis-mana.nl\/de\/#organization","name":"Wijnhuis-Mana.nl","url":"https:\/\/wijnhuis-mana.nl\/de\/","logo":{"@id":"https:\/\/wijnhuis-mana.nl\/de\/product\/berging-brouwerij-sailing-rum-barrel-aged-tripel\/#local-main-organization-logo"},"image":{"@id":"https:\/\/wijnhuis-mana.nl\/de\/product\/berging-brouwerij-sailing-rum-barrel-aged-tripel\/#local-main-organization-logo"},"sameAs":["https:\/\/www.facebook.com\/wijnhuismana","https:\/\/www.instagram.com\/ghvino.nl"],"hasMerchantReturnPolicy":{"@type":"MerchantReturnPolicy","merchantReturnLink":"https:\/\/wijnhuis-mana.nl\/algemene-voorwaarden\/"},"address":{"@id":"https:\/\/wijnhuis-mana.nl\/de\/product\/berging-brouwerij-sailing-rum-barrel-aged-tripel\/#local-main-place-address"},"telephone":["0299-769018"],"openingHoursSpecification":[{"@type":"OpeningHoursSpecification","dayOfWeek":["Monday","Sunday"],"opens":"00:00","closes":"00:00"},{"@type":"OpeningHoursSpecification","dayOfWeek":["Tuesday"],"opens":"10:00","closes":"18:00"},{"@type":"OpeningHoursSpecification","dayOfWeek":["Wednesday","Thursday","Saturday"],"opens":"11:00","closes":"18:00"},{"@type":"OpeningHoursSpecification","dayOfWeek":["Friday"],"opens":"11:00","closes":"21:00"}],"email":"info@wijnhuis-mana.nl","areaServed":"Nederland","vatID":"NL58KNAB0255573782","taxID":"NL58KNAB0255573782"},{"@type":"PostalAddress","@id":"https:\/\/wijnhuis-mana.nl\/de\/product\/berging-brouwerij-sailing-rum-barrel-aged-tripel\/#local-main-place-address","streetAddress":"Weerwal 11","addressLocality":"Purmerend","postalCode":"1441 AL","addressRegion":"Noord-Holland","addressCountry":"NL"},{"@type":"ImageObject","inLanguage":"de-DE","@id":"https:\/\/wijnhuis-mana.nl\/de\/product\/berging-brouwerij-sailing-rum-barrel-aged-tripel\/#local-main-organization-logo","url":"https:\/\/wijnhuis-mana.nl\/wp-content\/uploads\/2022\/01\/Logo_Wijnhuis-Mana_Kleur.jpg","contentUrl":"https:\/\/wijnhuis-mana.nl\/wp-content\/uploads\/2022\/01\/Logo_Wijnhuis-Mana_Kleur.jpg","width":400,"height":111,"caption":"Wijnhuis-Mana.nl"}]},"product_price_amount":"6.95","product_price_currency":"EUR","og_availability":"instock","product_availability":"instock","product_retailer_item_id":"8721082542104","product_condition":"new","geo.placename":"Purmerend","geo.region":"Netherlands"},"post_mailing_queue_ids":[],"_links":{"self":[{"href":"https:\/\/wijnhuis-mana.nl\/de\/wp-json\/wp\/v2\/product\/11976","targetHints":{"allow":["GET"]}}],"collection":[{"href":"https:\/\/wijnhuis-mana.nl\/de\/wp-json\/wp\/v2\/product"}],"about":[{"href":"https:\/\/wijnhuis-mana.nl\/de\/wp-json\/wp\/v2\/types\/product"}],"replies":[{"embeddable":true,"href":"https:\/\/wijnhuis-mana.nl\/de\/wp-json\/wp\/v2\/comments?post=11976"}],"wp:featuredmedia":[{"embeddable":true,"href":"https:\/\/wijnhuis-mana.nl\/de\/wp-json\/wp\/v2\/media\/12911"}],"wp:attachment":[{"href":"https:\/\/wijnhuis-mana.nl\/de\/wp-json\/wp\/v2\/media?parent=11976"}],"wp:term":[{"taxonomy":"product_brand","embeddable":true,"href":"https:\/\/wijnhuis-mana.nl\/de\/wp-json\/wp\/v2\/product_brand?post=11976"},{"taxonomy":"product_cat","embeddable":true,"href":"https:\/\/wijnhuis-mana.nl\/de\/wp-json\/wp\/v2\/product_cat?post=11976"},{"taxonomy":"product_tag","embeddable":true,"href":"https:\/\/wijnhuis-mana.nl\/de\/wp-json\/wp\/v2\/product_tag?post=11976"}],"curies":[{"name":"wp","href":"https:\/\/api.w.org\/{rel}","templated":true}]}}