{"id":12023,"date":"2025-03-28T19:01:58","date_gmt":"2025-03-28T18:01:58","guid":{"rendered":"https:\/\/wijnhuis-mana.nl\/?post_type=product&#038;p=12023"},"modified":"2025-05-23T20:27:18","modified_gmt":"2025-05-23T18:27:18","slug":"macallan-12-years-double-cask","status":"publish","type":"product","link":"https:\/\/wijnhuis-mana.nl\/de\/product\/macallan-12-years-double-cask\/","title":{"rendered":"Macallan 12 Years Double Cask"},"content":{"rendered":"<h3>Algemene informatie<\/h3>\n<p>Macallan 12 Years Double Cask is een sublieme expressie van vakmanschap en traditie. Deze premium whisky wordt geproduceerd in de beroemde Macallan-distilleerderij in Schotland. Dit unieke destillaat rijpt twaalf jaar lang zorgvuldig in een combinatie van Amerikaanse en Europese eikenhouten vaten, wat zorgt voor een onge\u00ebvenaarde zachtheid en diepte in smaak. De methode van rijping in dubbele vaten staat bekend om het verrijken van de whisky met robuuste smaken van vanille en kruiden, naast de natuurlijke, rijke tonen van het hout.<\/p>\n<h3>Smaakprofiel<\/h3>\n<p>Macallan 12 Years Double Cask is een visueel verbluffende gouden amberkleurige whisky. In de neus ervaar je een uitnodigende combinatie van fruitige citrus, gekarameliseerde appel en gedroogde vruchten, allen omlijst door een subtiele, zoete houtachtige aroma. De smaak is rijk en vol, met tonen van karamel, gember en nootmuskaat die heerlijk samensmelten met hints van gedroogd fruit en sherry. De afdronk is warm, lang en fluweelzacht, met een aanhoudende zoetheid en een hint van kruidige eik.<\/p>\n<h3>Serveeradvies<\/h3>\n<p>Optimaal genieten van de Macallan 12 Years Double Cask doe je bij een serveertemperatuur van ongeveer 18 graden Celsius. Dit bevordert de vrijgave van complexe aroma\u2019s en smaken. Deze whisky is perfect puur te drinken, maar ook een uitstekende keuze voor enkele klassieke cocktails.<\/p>\n<ul>\n<li>Neat (puur) om volledig van de complexe smaken te genieten.<\/li>\n<li>Op de rotsen voor een licht verfrissende toets.<\/li>\n<li>Als basis voor een elegante whiskycocktail, zoals een Old Fashioned.<\/li>\n<\/ul>\n<h3>Weetje<\/h3>\n<p>Wist je dat Macallan \u00e9\u00e9n van de meest gerespecteerde en bewonderde whiskymakers ter wereld is? De distilleerderij werd opgericht in 1824 en is sindsdien een voorloper op het gebied van kwalitatieve whiskyproductie. Bijzonder is ook dat Macallan een van de eerste distilleerderijen was die actief startte met het gebruiken van sherryvaten voor het rijpen van whisky, wat een kenmerkende invloed heeft op hun smaakprofiel.<\/p>\n","protected":false},"excerpt":{"rendered":"<p>Ervaar de rijke allure van Macallan 12 Years Double Cask, een meesterwerk dat rijpt in Amerikaans en Europees eiken. Geniet van zijn diepe, fruitige tonen en luxueuze, kruidige afwerking.<\/p>\n","protected":false},"featured_media":12738,"comment_status":"open","ping_status":"closed","template":"","meta":[],"product_brand":[],"product_cat":[2914],"product_tag":[540,803,832],"class_list":{"0":"post-12023","1":"product","2":"type-product","3":"status-publish","4":"has-post-thumbnail","6":"product_cat-whisky","7":"product_tag-gedistilleerd","8":"product_tag-houtrijping","9":"product_tag-whisky","11":"first","12":"instock","13":"taxable","14":"shipping-taxable","15":"purchasable","16":"product-type-simple"},"yoast_head":"<!-- This site is optimized with the Yoast SEO Premium plugin v27.3 (Yoast SEO v27.3) - https:\/\/yoast.com\/product\/yoast-seo-premium-wordpress\/ -->\n<title>Macallan 12 Years Double Cask | Premium Schotse Whisky<\/title>\n<meta name=\"description\" content=\"Ontdek Macallan 12 Years Double Cask, een prachtige Schotse whisky die zijn complexiteit en rijke tonen ontleent aan rijping in dubbele vaten. Perfect voor kenners van fijn gedistilleerd.\" \/>\n<meta name=\"robots\" content=\"index, follow, max-snippet:-1, max-image-preview:large, max-video-preview:-1\" \/>\n<link rel=\"canonical\" href=\"https:\/\/wijnhuis-mana.nl\/de\/product\/macallan-12-years-double-cask\/\" \/>\n<meta property=\"og:locale\" content=\"de_DE\" \/>\n<meta property=\"og:type\" content=\"article\" \/>\n<meta property=\"og:title\" content=\"Macallan 12 Years Double Cask\" \/>\n<meta property=\"og:description\" content=\"Ontdek Macallan 12 Years Double Cask, een prachtige Schotse whisky die zijn complexiteit en rijke tonen ontleent aan rijping in dubbele vaten. Perfect voor kenners van fijn gedistilleerd.\" \/>\n<meta property=\"og:url\" content=\"https:\/\/wijnhuis-mana.nl\/de\/product\/macallan-12-years-double-cask\/\" \/>\n<meta property=\"og:site_name\" content=\"Wijnhuis-Mana.nl\" \/>\n<meta property=\"article:publisher\" content=\"https:\/\/www.facebook.com\/wijnhuismana\" \/>\n<meta property=\"article:modified_time\" content=\"2025-05-23T18:27:18+00:00\" \/>\n<meta property=\"og:image\" content=\"https:\/\/wijnhuis-mana.nl\/wp-content\/uploads\/2025\/04\/Macallan-12-Years-Double-Cask.jpg\" \/>\n\t<meta property=\"og:image:width\" content=\"800\" \/>\n\t<meta property=\"og:image:height\" content=\"800\" \/>\n\t<meta property=\"og:image:type\" content=\"image\/jpeg\" \/>\n<meta name=\"twitter:card\" content=\"summary_large_image\" \/>\n<meta name=\"twitter:label1\" content=\"Price\" \/>\n\t<meta name=\"twitter:data1\" content=\"&euro;&nbsp;89,95\" \/>\n\t<meta name=\"twitter:label2\" content=\"Availability\" \/>\n\t<meta name=\"twitter:data2\" content=\"In stock\" \/>\n<script type=\"application\/ld+json\" class=\"yoast-schema-graph\">{\"@context\":\"https:\\\/\\\/schema.org\",\"@graph\":[{\"@type\":\"WebPage\",\"@id\":\"https:\\\/\\\/wijnhuis-mana.nl\\\/de\\\/product\\\/macallan-12-years-double-cask\\\/\",\"url\":\"https:\\\/\\\/wijnhuis-mana.nl\\\/de\\\/product\\\/macallan-12-years-double-cask\\\/\",\"name\":\"Macallan 12 Years Double Cask | Premium Schotse Whisky\",\"isPartOf\":{\"@id\":\"https:\\\/\\\/wijnhuis-mana.nl\\\/de\\\/#website\"},\"primaryImageOfPage\":{\"@id\":\"https:\\\/\\\/wijnhuis-mana.nl\\\/de\\\/product\\\/macallan-12-years-double-cask\\\/#primaryimage\"},\"image\":{\"@id\":\"https:\\\/\\\/wijnhuis-mana.nl\\\/de\\\/product\\\/macallan-12-years-double-cask\\\/#primaryimage\"},\"thumbnailUrl\":\"https:\\\/\\\/wijnhuis-mana.nl\\\/wp-content\\\/uploads\\\/2025\\\/04\\\/Macallan-12-Years-Double-Cask.jpg\",\"datePublished\":\"2025-03-28T18:01:58+00:00\",\"dateModified\":\"2025-05-23T18:27:18+00:00\",\"description\":\"Ontdek Macallan 12 Years Double Cask, een prachtige Schotse whisky die zijn complexiteit en rijke tonen ontleent aan rijping in dubbele vaten. Perfect voor kenners van fijn gedistilleerd.\",\"breadcrumb\":{\"@id\":\"https:\\\/\\\/wijnhuis-mana.nl\\\/de\\\/product\\\/macallan-12-years-double-cask\\\/#breadcrumb\"},\"inLanguage\":\"de-DE\",\"potentialAction\":[{\"@type\":\"ReadAction\",\"target\":[\"https:\\\/\\\/wijnhuis-mana.nl\\\/de\\\/product\\\/macallan-12-years-double-cask\\\/\"]}]},{\"@type\":\"ImageObject\",\"inLanguage\":\"de-DE\",\"@id\":\"https:\\\/\\\/wijnhuis-mana.nl\\\/de\\\/product\\\/macallan-12-years-double-cask\\\/#primaryimage\",\"url\":\"https:\\\/\\\/wijnhuis-mana.nl\\\/wp-content\\\/uploads\\\/2025\\\/04\\\/Macallan-12-Years-Double-Cask.jpg\",\"contentUrl\":\"https:\\\/\\\/wijnhuis-mana.nl\\\/wp-content\\\/uploads\\\/2025\\\/04\\\/Macallan-12-Years-Double-Cask.jpg\",\"width\":800,\"height\":800,\"caption\":\"Ontdek Macallan 12 Years Double Cask, een prachtige Schotse whisky die zijn complexiteit en rijke tonen ontleent aan rijping in dubbele vaten. Perfect voor kenners van fijn gedistilleerd.\"},{\"@type\":\"BreadcrumbList\",\"@id\":\"https:\\\/\\\/wijnhuis-mana.nl\\\/de\\\/product\\\/macallan-12-years-double-cask\\\/#breadcrumb\",\"itemListElement\":[{\"@type\":\"ListItem\",\"position\":1,\"name\":\"Home\",\"item\":\"https:\\\/\\\/wijnhuis-mana.nl\\\/de\\\/\"},{\"@type\":\"ListItem\",\"position\":2,\"name\":\"Shop\",\"item\":\"https:\\\/\\\/wijnhuis-mana.nl\\\/de\\\/shop-2\\\/\"},{\"@type\":\"ListItem\",\"position\":3,\"name\":\"Macallan 12 Years Double Cask\"}]},{\"@type\":\"WebSite\",\"@id\":\"https:\\\/\\\/wijnhuis-mana.nl\\\/de\\\/#website\",\"url\":\"https:\\\/\\\/wijnhuis-mana.nl\\\/de\\\/\",\"name\":\"Wijnhuis-Mana.nl\",\"description\":\"Wijn v\u00e1n liefhebbers, v\u00f3\u00f3r liefhebbers\",\"publisher\":{\"@id\":\"https:\\\/\\\/wijnhuis-mana.nl\\\/de\\\/#organization\"},\"potentialAction\":[{\"@type\":\"SearchAction\",\"target\":{\"@type\":\"EntryPoint\",\"urlTemplate\":\"https:\\\/\\\/wijnhuis-mana.nl\\\/de\\\/?s={search_term_string}\"},\"query-input\":{\"@type\":\"PropertyValueSpecification\",\"valueRequired\":true,\"valueName\":\"search_term_string\"}}],\"inLanguage\":\"de-DE\"},{\"@type\":[\"Organization\",\"Place\"],\"@id\":\"https:\\\/\\\/wijnhuis-mana.nl\\\/de\\\/#organization\",\"name\":\"Wijnhuis-Mana.nl\",\"url\":\"https:\\\/\\\/wijnhuis-mana.nl\\\/de\\\/\",\"logo\":{\"@id\":\"https:\\\/\\\/wijnhuis-mana.nl\\\/de\\\/product\\\/macallan-12-years-double-cask\\\/#local-main-organization-logo\"},\"image\":{\"@id\":\"https:\\\/\\\/wijnhuis-mana.nl\\\/de\\\/product\\\/macallan-12-years-double-cask\\\/#local-main-organization-logo\"},\"sameAs\":[\"https:\\\/\\\/www.facebook.com\\\/wijnhuismana\",\"https:\\\/\\\/www.instagram.com\\\/ghvino.nl\"],\"hasMerchantReturnPolicy\":{\"@type\":\"MerchantReturnPolicy\",\"merchantReturnLink\":\"https:\\\/\\\/wijnhuis-mana.nl\\\/algemene-voorwaarden\\\/\"},\"address\":{\"@id\":\"https:\\\/\\\/wijnhuis-mana.nl\\\/de\\\/product\\\/macallan-12-years-double-cask\\\/#local-main-place-address\"},\"telephone\":[\"0299-769018\"],\"openingHoursSpecification\":[{\"@type\":\"OpeningHoursSpecification\",\"dayOfWeek\":[\"Monday\",\"Sunday\"],\"opens\":\"00:00\",\"closes\":\"00:00\"},{\"@type\":\"OpeningHoursSpecification\",\"dayOfWeek\":[\"Tuesday\"],\"opens\":\"10:00\",\"closes\":\"18:00\"},{\"@type\":\"OpeningHoursSpecification\",\"dayOfWeek\":[\"Wednesday\",\"Thursday\",\"Saturday\"],\"opens\":\"11:00\",\"closes\":\"18:00\"},{\"@type\":\"OpeningHoursSpecification\",\"dayOfWeek\":[\"Friday\"],\"opens\":\"11:00\",\"closes\":\"21:00\"}],\"email\":\"info@wijnhuis-mana.nl\",\"areaServed\":\"Nederland\",\"vatID\":\"NL58KNAB0255573782\",\"taxID\":\"NL58KNAB0255573782\"},{\"@type\":\"PostalAddress\",\"@id\":\"https:\\\/\\\/wijnhuis-mana.nl\\\/de\\\/product\\\/macallan-12-years-double-cask\\\/#local-main-place-address\",\"streetAddress\":\"Weerwal 11\",\"addressLocality\":\"Purmerend\",\"postalCode\":\"1441 AL\",\"addressRegion\":\"Noord-Holland\",\"addressCountry\":\"NL\"},{\"@type\":\"ImageObject\",\"inLanguage\":\"de-DE\",\"@id\":\"https:\\\/\\\/wijnhuis-mana.nl\\\/de\\\/product\\\/macallan-12-years-double-cask\\\/#local-main-organization-logo\",\"url\":\"https:\\\/\\\/wijnhuis-mana.nl\\\/wp-content\\\/uploads\\\/2022\\\/01\\\/Logo_Wijnhuis-Mana_Kleur.jpg\",\"contentUrl\":\"https:\\\/\\\/wijnhuis-mana.nl\\\/wp-content\\\/uploads\\\/2022\\\/01\\\/Logo_Wijnhuis-Mana_Kleur.jpg\",\"width\":400,\"height\":111,\"caption\":\"Wijnhuis-Mana.nl\"}]}<\/script>\n<meta property=\"product:price:amount\" content=\"89.95\" \/>\n<meta property=\"product:price:currency\" content=\"EUR\" \/>\n<meta property=\"og:availability\" content=\"instock\" \/>\n<meta property=\"product:availability\" content=\"instock\" \/>\n<meta property=\"product:retailer_item_id\" content=\"5010314302863\" \/>\n<meta property=\"product:condition\" content=\"new\" \/>\n<meta name=\"geo.placename\" content=\"Purmerend\" \/>\n<meta name=\"geo.region\" content=\"Netherlands\" \/>\n<!-- \/ Yoast SEO Premium plugin. -->","yoast_head_json":{"title":"Macallan 12 Years Double Cask | Premium Schotse Whisky","description":"Ontdek Macallan 12 Years Double Cask, een prachtige Schotse whisky die zijn complexiteit en rijke tonen ontleent aan rijping in dubbele vaten. Perfect voor kenners van fijn gedistilleerd.","robots":{"index":"index","follow":"follow","max-snippet":"max-snippet:-1","max-image-preview":"max-image-preview:large","max-video-preview":"max-video-preview:-1"},"canonical":"https:\/\/wijnhuis-mana.nl\/de\/product\/macallan-12-years-double-cask\/","og_locale":"de_DE","og_type":"article","og_title":"Macallan 12 Years Double Cask","og_description":"Ontdek Macallan 12 Years Double Cask, een prachtige Schotse whisky die zijn complexiteit en rijke tonen ontleent aan rijping in dubbele vaten. Perfect voor kenners van fijn gedistilleerd.","og_url":"https:\/\/wijnhuis-mana.nl\/de\/product\/macallan-12-years-double-cask\/","og_site_name":"Wijnhuis-Mana.nl","article_publisher":"https:\/\/www.facebook.com\/wijnhuismana","article_modified_time":"2025-05-23T18:27:18+00:00","og_image":[{"width":800,"height":800,"url":"https:\/\/wijnhuis-mana.nl\/wp-content\/uploads\/2025\/04\/Macallan-12-Years-Double-Cask.jpg","type":"image\/jpeg"}],"twitter_card":"summary_large_image","twitter_misc":{"Price":"&euro;&nbsp;89,95","Availability":"In stock"},"schema":{"@context":"https:\/\/schema.org","@graph":[{"@type":"WebPage","@id":"https:\/\/wijnhuis-mana.nl\/de\/product\/macallan-12-years-double-cask\/","url":"https:\/\/wijnhuis-mana.nl\/de\/product\/macallan-12-years-double-cask\/","name":"Macallan 12 Years Double Cask | Premium Schotse Whisky","isPartOf":{"@id":"https:\/\/wijnhuis-mana.nl\/de\/#website"},"primaryImageOfPage":{"@id":"https:\/\/wijnhuis-mana.nl\/de\/product\/macallan-12-years-double-cask\/#primaryimage"},"image":{"@id":"https:\/\/wijnhuis-mana.nl\/de\/product\/macallan-12-years-double-cask\/#primaryimage"},"thumbnailUrl":"https:\/\/wijnhuis-mana.nl\/wp-content\/uploads\/2025\/04\/Macallan-12-Years-Double-Cask.jpg","datePublished":"2025-03-28T18:01:58+00:00","dateModified":"2025-05-23T18:27:18+00:00","description":"Ontdek Macallan 12 Years Double Cask, een prachtige Schotse whisky die zijn complexiteit en rijke tonen ontleent aan rijping in dubbele vaten. Perfect voor kenners van fijn gedistilleerd.","breadcrumb":{"@id":"https:\/\/wijnhuis-mana.nl\/de\/product\/macallan-12-years-double-cask\/#breadcrumb"},"inLanguage":"de-DE","potentialAction":[{"@type":"ReadAction","target":["https:\/\/wijnhuis-mana.nl\/de\/product\/macallan-12-years-double-cask\/"]}]},{"@type":"ImageObject","inLanguage":"de-DE","@id":"https:\/\/wijnhuis-mana.nl\/de\/product\/macallan-12-years-double-cask\/#primaryimage","url":"https:\/\/wijnhuis-mana.nl\/wp-content\/uploads\/2025\/04\/Macallan-12-Years-Double-Cask.jpg","contentUrl":"https:\/\/wijnhuis-mana.nl\/wp-content\/uploads\/2025\/04\/Macallan-12-Years-Double-Cask.jpg","width":800,"height":800,"caption":"Ontdek Macallan 12 Years Double Cask, een prachtige Schotse whisky die zijn complexiteit en rijke tonen ontleent aan rijping in dubbele vaten. Perfect voor kenners van fijn gedistilleerd."},{"@type":"BreadcrumbList","@id":"https:\/\/wijnhuis-mana.nl\/de\/product\/macallan-12-years-double-cask\/#breadcrumb","itemListElement":[{"@type":"ListItem","position":1,"name":"Home","item":"https:\/\/wijnhuis-mana.nl\/de\/"},{"@type":"ListItem","position":2,"name":"Shop","item":"https:\/\/wijnhuis-mana.nl\/de\/shop-2\/"},{"@type":"ListItem","position":3,"name":"Macallan 12 Years Double Cask"}]},{"@type":"WebSite","@id":"https:\/\/wijnhuis-mana.nl\/de\/#website","url":"https:\/\/wijnhuis-mana.nl\/de\/","name":"Wijnhuis-Mana.nl","description":"Wijn v\u00e1n liefhebbers, v\u00f3\u00f3r liefhebbers","publisher":{"@id":"https:\/\/wijnhuis-mana.nl\/de\/#organization"},"potentialAction":[{"@type":"SearchAction","target":{"@type":"EntryPoint","urlTemplate":"https:\/\/wijnhuis-mana.nl\/de\/?s={search_term_string}"},"query-input":{"@type":"PropertyValueSpecification","valueRequired":true,"valueName":"search_term_string"}}],"inLanguage":"de-DE"},{"@type":["Organization","Place"],"@id":"https:\/\/wijnhuis-mana.nl\/de\/#organization","name":"Wijnhuis-Mana.nl","url":"https:\/\/wijnhuis-mana.nl\/de\/","logo":{"@id":"https:\/\/wijnhuis-mana.nl\/de\/product\/macallan-12-years-double-cask\/#local-main-organization-logo"},"image":{"@id":"https:\/\/wijnhuis-mana.nl\/de\/product\/macallan-12-years-double-cask\/#local-main-organization-logo"},"sameAs":["https:\/\/www.facebook.com\/wijnhuismana","https:\/\/www.instagram.com\/ghvino.nl"],"hasMerchantReturnPolicy":{"@type":"MerchantReturnPolicy","merchantReturnLink":"https:\/\/wijnhuis-mana.nl\/algemene-voorwaarden\/"},"address":{"@id":"https:\/\/wijnhuis-mana.nl\/de\/product\/macallan-12-years-double-cask\/#local-main-place-address"},"telephone":["0299-769018"],"openingHoursSpecification":[{"@type":"OpeningHoursSpecification","dayOfWeek":["Monday","Sunday"],"opens":"00:00","closes":"00:00"},{"@type":"OpeningHoursSpecification","dayOfWeek":["Tuesday"],"opens":"10:00","closes":"18:00"},{"@type":"OpeningHoursSpecification","dayOfWeek":["Wednesday","Thursday","Saturday"],"opens":"11:00","closes":"18:00"},{"@type":"OpeningHoursSpecification","dayOfWeek":["Friday"],"opens":"11:00","closes":"21:00"}],"email":"info@wijnhuis-mana.nl","areaServed":"Nederland","vatID":"NL58KNAB0255573782","taxID":"NL58KNAB0255573782"},{"@type":"PostalAddress","@id":"https:\/\/wijnhuis-mana.nl\/de\/product\/macallan-12-years-double-cask\/#local-main-place-address","streetAddress":"Weerwal 11","addressLocality":"Purmerend","postalCode":"1441 AL","addressRegion":"Noord-Holland","addressCountry":"NL"},{"@type":"ImageObject","inLanguage":"de-DE","@id":"https:\/\/wijnhuis-mana.nl\/de\/product\/macallan-12-years-double-cask\/#local-main-organization-logo","url":"https:\/\/wijnhuis-mana.nl\/wp-content\/uploads\/2022\/01\/Logo_Wijnhuis-Mana_Kleur.jpg","contentUrl":"https:\/\/wijnhuis-mana.nl\/wp-content\/uploads\/2022\/01\/Logo_Wijnhuis-Mana_Kleur.jpg","width":400,"height":111,"caption":"Wijnhuis-Mana.nl"}]},"product_price_amount":"89.95","product_price_currency":"EUR","og_availability":"instock","product_availability":"instock","product_retailer_item_id":"5010314302863","product_condition":"new","geo.placename":"Purmerend","geo.region":"Netherlands"},"post_mailing_queue_ids":[],"_links":{"self":[{"href":"https:\/\/wijnhuis-mana.nl\/de\/wp-json\/wp\/v2\/product\/12023","targetHints":{"allow":["GET"]}}],"collection":[{"href":"https:\/\/wijnhuis-mana.nl\/de\/wp-json\/wp\/v2\/product"}],"about":[{"href":"https:\/\/wijnhuis-mana.nl\/de\/wp-json\/wp\/v2\/types\/product"}],"replies":[{"embeddable":true,"href":"https:\/\/wijnhuis-mana.nl\/de\/wp-json\/wp\/v2\/comments?post=12023"}],"wp:featuredmedia":[{"embeddable":true,"href":"https:\/\/wijnhuis-mana.nl\/de\/wp-json\/wp\/v2\/media\/12738"}],"wp:attachment":[{"href":"https:\/\/wijnhuis-mana.nl\/de\/wp-json\/wp\/v2\/media?parent=12023"}],"wp:term":[{"taxonomy":"product_brand","embeddable":true,"href":"https:\/\/wijnhuis-mana.nl\/de\/wp-json\/wp\/v2\/product_brand?post=12023"},{"taxonomy":"product_cat","embeddable":true,"href":"https:\/\/wijnhuis-mana.nl\/de\/wp-json\/wp\/v2\/product_cat?post=12023"},{"taxonomy":"product_tag","embeddable":true,"href":"https:\/\/wijnhuis-mana.nl\/de\/wp-json\/wp\/v2\/product_tag?post=12023"}],"curies":[{"name":"wp","href":"https:\/\/api.w.org\/{rel}","templated":true}]}}