{"id":14473,"date":"2025-04-25T11:26:13","date_gmt":"2025-04-25T09:26:13","guid":{"rendered":"https:\/\/wijnhuis-mana.nl\/?post_type=product&#038;p=14473"},"modified":"2026-03-08T13:54:50","modified_gmt":"2026-03-08T12:54:50","slug":"blagny-1er-cru-sous-le-dos-d-ane-2019","status":"publish","type":"product","link":"https:\/\/wijnhuis-mana.nl\/de\/product\/blagny-1er-cru-sous-le-dos-d-ane-2019\/","title":{"rendered":"Domaine Chapelle de Blagny Blagny 1er Cru \u2018Sous le Dos d\u2019Ane\u2019 2019"},"content":{"rendered":"<h3 class=\"\" data-start=\"449\" data-end=\"479\"><strong data-start=\"453\" data-end=\"479\">Volledige beschrijving<\/strong><\/h3>\n<h4 class=\"\" data-start=\"481\" data-end=\"507\">Algemene informatie<\/h4>\n<p class=\"\" data-start=\"508\" data-end=\"865\"><strong data-start=\"508\" data-end=\"578\">Domaine Chapelle de Blagny Blagny 1er Cru \u2018Sous le Dos d\u2019Ane\u2019 2019<\/strong> komt uit een bijzonder terroir op de grens van Meursault en Puligny-Montrachet. Blagny is een van de minst bekende, maar historisch meest waardevolle dorpen van de C\u00f4te de Beaune. Slechts enkele hectares zijn hier als Premier Cru geclassificeerd, en \u2018Sous le Dos d\u2019Ane\u2019 is er een van.<\/p>\n<p class=\"\" data-start=\"867\" data-end=\"1255\">Het domein <strong data-start=\"878\" data-end=\"900\">Chapelle de Blagny<\/strong> werkt biologisch en bezit net iets meer dan 1 hectare in dit lieu-dit, dat uitsluitend beplant is met <strong data-start=\"1003\" data-end=\"1030\">oude stokken Pinot Noir<\/strong> (40\u201370 jaar oud). Handmatige oogst, koude maceratie (3\u20136 dagen), en een spontane vergisting worden gevolgd door <strong data-start=\"1143\" data-end=\"1174\">12 maanden rijping op eiken<\/strong>, waarvan 30% nieuw, en vervolgens 3\u20136 maanden in stalen tanks voor stabilisatie.<\/p>\n<h4 class=\"\" data-start=\"1257\" data-end=\"1276\">Smaakprofiel<\/h4>\n<p class=\"\" data-start=\"1277\" data-end=\"1310\">De wijn is <strong data-start=\"1288\" data-end=\"1307\">diep robijnrood<\/strong>.<\/p>\n<ul data-start=\"1312\" data-end=\"1581\">\n<li class=\"\" data-start=\"1312\" data-end=\"1392\">\n<p class=\"\" data-start=\"1314\" data-end=\"1392\"><strong data-start=\"1314\" data-end=\"1322\">Neus<\/strong>: helder rood fruit, zachte houttonen, viooltjes en warme specerijen<\/p>\n<\/li>\n<li class=\"\" data-start=\"1393\" data-end=\"1500\">\n<p class=\"\" data-start=\"1395\" data-end=\"1500\"><strong data-start=\"1395\" data-end=\"1404\">Smaak<\/strong>: precies, lichtvoetig maar diep, met subtiele tannines, goede zuren en een kruidige structuur<\/p>\n<\/li>\n<li class=\"\" data-start=\"1501\" data-end=\"1581\">\n<p class=\"\" data-start=\"1503\" data-end=\"1581\"><strong data-start=\"1503\" data-end=\"1514\">Afdronk<\/strong>: elegant, verfijnd en aards, met minerale frisheid en fijn fruit<\/p>\n<\/li>\n<\/ul>\n<p class=\"\" data-start=\"1583\" data-end=\"1722\"><strong data-start=\"1583\" data-end=\"1722\">Lichte reductie bij openen is normaal bij deze wijnstijl \u2013 karafferen wordt aanbevolen om het volle karakter tot uiting te laten komen.<\/strong><\/p>\n<h4 class=\"\" data-start=\"1724\" data-end=\"1744\">Serveeradvies<\/h4>\n<p class=\"\" data-start=\"1745\" data-end=\"1756\">Ideaal bij:<\/p>\n<ul data-start=\"1758\" data-end=\"1904\">\n<li class=\"\" data-start=\"1758\" data-end=\"1791\">\n<p class=\"\" data-start=\"1760\" data-end=\"1791\">Wildgevogelte (duif, patrijs)<\/p>\n<\/li>\n<li class=\"\" data-start=\"1792\" data-end=\"1826\">\n<p class=\"\" data-start=\"1794\" data-end=\"1826\">Kalfsgebraad met paddenstoelen<\/p>\n<\/li>\n<li class=\"\" data-start=\"1827\" data-end=\"1878\">\n<p class=\"\" data-start=\"1829\" data-end=\"1878\">Bourgondische gerechten zoals boeuf bourguignon<\/p>\n<\/li>\n<li class=\"\" data-start=\"1879\" data-end=\"1904\">\n<p class=\"\" data-start=\"1881\" data-end=\"1904\">Gerijpte Franse kazen<\/p>\n<\/li>\n<\/ul>\n<p class=\"\" data-start=\"1906\" data-end=\"1964\"><strong data-start=\"1906\" data-end=\"1964\">Serveer op 16\u201317 \u00b0C. Karafferen aanbevolen bij openen.<\/strong><\/p>\n<h4 class=\"\" data-start=\"1966\" data-end=\"1979\">Weetje<\/h4>\n<p class=\"\" data-start=\"1980\" data-end=\"2411\"><strong data-start=\"1980\" data-end=\"2003\">\u2018Sous le Dos d\u2019Ane\u2019<\/strong> is een van de zeldzame Premier Cru\u2019s die uitsluitend met Pinot Noir is beplant op een lieu-dit waar normaal ook Chardonnay te vinden is. De ligging boven Puligny en Meursault maakt het microklimaat uniek: koel en kalkrijk, met prachtige spanning in de wijn. <strong data-start=\"2262\" data-end=\"2284\">Chapelle de Blagny<\/strong>, met wortels in een 18e-eeuws klooster, maakt hier wijn zoals het vroeger ging \u2013 met minimale interventie en maximaal terroir.<\/p>\n","protected":false},"excerpt":{"rendered":"<p>Blagny 1er Cru Sous le Dos d\u2019Ane 2019 van Chapelle de Blagny is een elegante Pinot Noir met structuur, oud hout en finesse. Koel terroir, verfijnd karakter.<\/p>\n<p>\nVivino score:<\/p>\n<div class=\"vivino-widget vivino-wine-card-widget\" data-vivino-widget-type=\"wineWithoutVintage\" data-vivino-wine-id=\"7195458\" data-make-vivino-redirect=\"true\" data-vivino-widget-language=\"en\" data-vivino-widget-layout=\"small_new\">\n  <a target=\"_blank\">Wine name<\/a>\n<\/div>\n","protected":false},"featured_media":14499,"comment_status":"open","ping_status":"closed","template":"","meta":[],"product_brand":[],"product_cat":[2888,2898,2889],"product_tag":[1079,1200,1194,1201,1202,952,1196,136],"class_list":{"0":"post-14473","1":"product","2":"type-product","3":"status-publish","4":"has-post-thumbnail","6":"product_cat-alle-wijn","7":"product_cat-franse-wijn","8":"product_cat-rode-wijn","9":"product_tag-biologische-wijn","10":"product_tag-blagny","11":"product_tag-bourgogne","12":"product_tag-domaine-chapelle-de-blagny","13":"product_tag-eiken-gerijpt","14":"product_tag-pinot-noir","15":"product_tag-premier-cru","16":"product_tag-rode-wijn","18":"first","19":"instock","20":"taxable","21":"shipping-taxable","22":"purchasable","23":"product-type-simple"},"yoast_head":"<!-- This site is optimized with the Yoast SEO Premium plugin v27.3 (Yoast SEO v27.3) - https:\/\/yoast.com\/product\/yoast-seo-premium-wordpress\/ -->\n<title>Blagny 1er Cru Sous le Dos d\u2019Ane 2019 \u2013 Domaine Chapelle<\/title>\n<meta name=\"description\" content=\"Blagny 1er Cru Sous le Dos d\u2019Ane 2019 is een elegante Pinot Noir met rijping op 30% nieuw eiken. Diep rood fruit, fijne zuren en kruidige afdronk. Karafferen aanbevolen.\" \/>\n<meta name=\"robots\" content=\"index, follow, max-snippet:-1, max-image-preview:large, max-video-preview:-1\" \/>\n<link rel=\"canonical\" href=\"https:\/\/wijnhuis-mana.nl\/de\/product\/blagny-1er-cru-sous-le-dos-d-ane-2019\/\" \/>\n<meta property=\"og:locale\" content=\"de_DE\" \/>\n<meta property=\"og:type\" content=\"article\" \/>\n<meta property=\"og:title\" content=\"Domaine Chapelle de Blagny Blagny 1er Cru \u2018Sous le Dos d\u2019Ane\u2019 2019\" \/>\n<meta property=\"og:description\" content=\"Blagny 1er Cru Sous le Dos d\u2019Ane 2019 is een elegante Pinot Noir met rijping op 30% nieuw eiken. Diep rood fruit, fijne zuren en kruidige afdronk. Karafferen aanbevolen.\" \/>\n<meta property=\"og:url\" content=\"https:\/\/wijnhuis-mana.nl\/de\/product\/blagny-1er-cru-sous-le-dos-d-ane-2019\/\" \/>\n<meta property=\"og:site_name\" content=\"Wijnhuis-Mana.nl\" \/>\n<meta property=\"article:publisher\" content=\"https:\/\/www.facebook.com\/wijnhuismana\" \/>\n<meta property=\"article:modified_time\" content=\"2026-03-08T12:54:50+00:00\" \/>\n<meta property=\"og:image\" content=\"https:\/\/wijnhuis-mana.nl\/wp-content\/uploads\/2025\/04\/Domaine-Chapelle-de-Blagny-Blagny-1er-Cru-Sous-le-Dos-d-Ane-2019-1.jpg\" \/>\n\t<meta property=\"og:image:width\" content=\"800\" \/>\n\t<meta property=\"og:image:height\" content=\"800\" \/>\n\t<meta property=\"og:image:type\" content=\"image\/jpeg\" \/>\n<meta name=\"twitter:card\" content=\"summary_large_image\" \/>\n<meta name=\"twitter:label1\" content=\"Price\" \/>\n\t<meta name=\"twitter:data1\" content=\"&euro;&nbsp;73,05\" \/>\n\t<meta name=\"twitter:label2\" content=\"Availability\" \/>\n\t<meta name=\"twitter:data2\" content=\"In stock\" \/>\n<script type=\"application\/ld+json\" class=\"yoast-schema-graph\">{\"@context\":\"https:\\\/\\\/schema.org\",\"@graph\":[{\"@type\":\"WebPage\",\"@id\":\"https:\\\/\\\/wijnhuis-mana.nl\\\/de\\\/product\\\/blagny-1er-cru-sous-le-dos-d-ane-2019\\\/\",\"url\":\"https:\\\/\\\/wijnhuis-mana.nl\\\/de\\\/product\\\/blagny-1er-cru-sous-le-dos-d-ane-2019\\\/\",\"name\":\"Blagny 1er Cru Sous le Dos d\u2019Ane 2019 \u2013 Domaine Chapelle\",\"isPartOf\":{\"@id\":\"https:\\\/\\\/wijnhuis-mana.nl\\\/de\\\/#website\"},\"primaryImageOfPage\":{\"@id\":\"https:\\\/\\\/wijnhuis-mana.nl\\\/de\\\/product\\\/blagny-1er-cru-sous-le-dos-d-ane-2019\\\/#primaryimage\"},\"image\":{\"@id\":\"https:\\\/\\\/wijnhuis-mana.nl\\\/de\\\/product\\\/blagny-1er-cru-sous-le-dos-d-ane-2019\\\/#primaryimage\"},\"thumbnailUrl\":\"https:\\\/\\\/wijnhuis-mana.nl\\\/wp-content\\\/uploads\\\/2025\\\/04\\\/Domaine-Chapelle-de-Blagny-Blagny-1er-Cru-Sous-le-Dos-d-Ane-2019-1.jpg\",\"datePublished\":\"2025-04-25T09:26:13+00:00\",\"dateModified\":\"2026-03-08T12:54:50+00:00\",\"description\":\"Blagny 1er Cru Sous le Dos d\u2019Ane 2019 is een elegante Pinot Noir met rijping op 30% nieuw eiken. Diep rood fruit, fijne zuren en kruidige afdronk. Karafferen aanbevolen.\",\"breadcrumb\":{\"@id\":\"https:\\\/\\\/wijnhuis-mana.nl\\\/de\\\/product\\\/blagny-1er-cru-sous-le-dos-d-ane-2019\\\/#breadcrumb\"},\"inLanguage\":\"de-DE\",\"potentialAction\":[{\"@type\":\"ReadAction\",\"target\":[\"https:\\\/\\\/wijnhuis-mana.nl\\\/de\\\/product\\\/blagny-1er-cru-sous-le-dos-d-ane-2019\\\/\"]}]},{\"@type\":\"ImageObject\",\"inLanguage\":\"de-DE\",\"@id\":\"https:\\\/\\\/wijnhuis-mana.nl\\\/de\\\/product\\\/blagny-1er-cru-sous-le-dos-d-ane-2019\\\/#primaryimage\",\"url\":\"https:\\\/\\\/wijnhuis-mana.nl\\\/wp-content\\\/uploads\\\/2025\\\/04\\\/Domaine-Chapelle-de-Blagny-Blagny-1er-Cru-Sous-le-Dos-d-Ane-2019-1.jpg\",\"contentUrl\":\"https:\\\/\\\/wijnhuis-mana.nl\\\/wp-content\\\/uploads\\\/2025\\\/04\\\/Domaine-Chapelle-de-Blagny-Blagny-1er-Cru-Sous-le-Dos-d-Ane-2019-1.jpg\",\"width\":800,\"height\":800,\"caption\":\"Blagny 1er Cru Sous le Dos d\u2019Ane 2019 van Domaine Chapelle de Blagny\"},{\"@type\":\"BreadcrumbList\",\"@id\":\"https:\\\/\\\/wijnhuis-mana.nl\\\/de\\\/product\\\/blagny-1er-cru-sous-le-dos-d-ane-2019\\\/#breadcrumb\",\"itemListElement\":[{\"@type\":\"ListItem\",\"position\":1,\"name\":\"Home\",\"item\":\"https:\\\/\\\/wijnhuis-mana.nl\\\/de\\\/\"},{\"@type\":\"ListItem\",\"position\":2,\"name\":\"Shop\",\"item\":\"https:\\\/\\\/wijnhuis-mana.nl\\\/de\\\/shop-2\\\/\"},{\"@type\":\"ListItem\",\"position\":3,\"name\":\"Domaine Chapelle de Blagny Blagny 1er Cru \u2018Sous le Dos d\u2019Ane\u2019 2019\"}]},{\"@type\":\"WebSite\",\"@id\":\"https:\\\/\\\/wijnhuis-mana.nl\\\/de\\\/#website\",\"url\":\"https:\\\/\\\/wijnhuis-mana.nl\\\/de\\\/\",\"name\":\"Wijnhuis-Mana.nl\",\"description\":\"Wijn v\u00e1n liefhebbers, v\u00f3\u00f3r liefhebbers\",\"publisher\":{\"@id\":\"https:\\\/\\\/wijnhuis-mana.nl\\\/de\\\/#organization\"},\"potentialAction\":[{\"@type\":\"SearchAction\",\"target\":{\"@type\":\"EntryPoint\",\"urlTemplate\":\"https:\\\/\\\/wijnhuis-mana.nl\\\/de\\\/?s={search_term_string}\"},\"query-input\":{\"@type\":\"PropertyValueSpecification\",\"valueRequired\":true,\"valueName\":\"search_term_string\"}}],\"inLanguage\":\"de-DE\"},{\"@type\":[\"Organization\",\"Place\"],\"@id\":\"https:\\\/\\\/wijnhuis-mana.nl\\\/de\\\/#organization\",\"name\":\"Wijnhuis-Mana.nl\",\"url\":\"https:\\\/\\\/wijnhuis-mana.nl\\\/de\\\/\",\"logo\":{\"@id\":\"https:\\\/\\\/wijnhuis-mana.nl\\\/de\\\/product\\\/blagny-1er-cru-sous-le-dos-d-ane-2019\\\/#local-main-organization-logo\"},\"image\":{\"@id\":\"https:\\\/\\\/wijnhuis-mana.nl\\\/de\\\/product\\\/blagny-1er-cru-sous-le-dos-d-ane-2019\\\/#local-main-organization-logo\"},\"sameAs\":[\"https:\\\/\\\/www.facebook.com\\\/wijnhuismana\",\"https:\\\/\\\/www.instagram.com\\\/ghvino.nl\"],\"hasMerchantReturnPolicy\":{\"@type\":\"MerchantReturnPolicy\",\"merchantReturnLink\":\"https:\\\/\\\/wijnhuis-mana.nl\\\/algemene-voorwaarden\\\/\"},\"address\":{\"@id\":\"https:\\\/\\\/wijnhuis-mana.nl\\\/de\\\/product\\\/blagny-1er-cru-sous-le-dos-d-ane-2019\\\/#local-main-place-address\"},\"telephone\":[\"0299-769018\"],\"openingHoursSpecification\":[{\"@type\":\"OpeningHoursSpecification\",\"dayOfWeek\":[\"Monday\",\"Sunday\"],\"opens\":\"00:00\",\"closes\":\"00:00\"},{\"@type\":\"OpeningHoursSpecification\",\"dayOfWeek\":[\"Tuesday\"],\"opens\":\"10:00\",\"closes\":\"18:00\"},{\"@type\":\"OpeningHoursSpecification\",\"dayOfWeek\":[\"Wednesday\",\"Thursday\",\"Saturday\"],\"opens\":\"11:00\",\"closes\":\"18:00\"},{\"@type\":\"OpeningHoursSpecification\",\"dayOfWeek\":[\"Friday\"],\"opens\":\"11:00\",\"closes\":\"21:00\"}],\"email\":\"info@wijnhuis-mana.nl\",\"areaServed\":\"Nederland\",\"vatID\":\"NL58KNAB0255573782\",\"taxID\":\"NL58KNAB0255573782\"},{\"@type\":\"PostalAddress\",\"@id\":\"https:\\\/\\\/wijnhuis-mana.nl\\\/de\\\/product\\\/blagny-1er-cru-sous-le-dos-d-ane-2019\\\/#local-main-place-address\",\"streetAddress\":\"Weerwal 11\",\"addressLocality\":\"Purmerend\",\"postalCode\":\"1441 AL\",\"addressRegion\":\"Noord-Holland\",\"addressCountry\":\"NL\"},{\"@type\":\"ImageObject\",\"inLanguage\":\"de-DE\",\"@id\":\"https:\\\/\\\/wijnhuis-mana.nl\\\/de\\\/product\\\/blagny-1er-cru-sous-le-dos-d-ane-2019\\\/#local-main-organization-logo\",\"url\":\"https:\\\/\\\/wijnhuis-mana.nl\\\/wp-content\\\/uploads\\\/2022\\\/01\\\/Logo_Wijnhuis-Mana_Kleur.jpg\",\"contentUrl\":\"https:\\\/\\\/wijnhuis-mana.nl\\\/wp-content\\\/uploads\\\/2022\\\/01\\\/Logo_Wijnhuis-Mana_Kleur.jpg\",\"width\":400,\"height\":111,\"caption\":\"Wijnhuis-Mana.nl\"}]}<\/script>\n<meta property=\"product:price:amount\" content=\"73.05\" \/>\n<meta property=\"product:price:currency\" content=\"EUR\" \/>\n<meta property=\"og:availability\" content=\"instock\" \/>\n<meta property=\"product:availability\" content=\"instock\" \/>\n<meta property=\"product:retailer_item_id\" content=\"Chapelle-blagny\" \/>\n<meta property=\"product:condition\" content=\"new\" \/>\n<meta name=\"geo.placename\" content=\"Purmerend\" \/>\n<meta name=\"geo.region\" content=\"Netherlands\" \/>\n<!-- \/ Yoast SEO Premium plugin. -->","yoast_head_json":{"title":"Blagny 1er Cru Sous le Dos d\u2019Ane 2019 \u2013 Domaine Chapelle","description":"Blagny 1er Cru Sous le Dos d\u2019Ane 2019 is een elegante Pinot Noir met rijping op 30% nieuw eiken. Diep rood fruit, fijne zuren en kruidige afdronk. Karafferen aanbevolen.","robots":{"index":"index","follow":"follow","max-snippet":"max-snippet:-1","max-image-preview":"max-image-preview:large","max-video-preview":"max-video-preview:-1"},"canonical":"https:\/\/wijnhuis-mana.nl\/de\/product\/blagny-1er-cru-sous-le-dos-d-ane-2019\/","og_locale":"de_DE","og_type":"article","og_title":"Domaine Chapelle de Blagny Blagny 1er Cru \u2018Sous le Dos d\u2019Ane\u2019 2019","og_description":"Blagny 1er Cru Sous le Dos d\u2019Ane 2019 is een elegante Pinot Noir met rijping op 30% nieuw eiken. Diep rood fruit, fijne zuren en kruidige afdronk. Karafferen aanbevolen.","og_url":"https:\/\/wijnhuis-mana.nl\/de\/product\/blagny-1er-cru-sous-le-dos-d-ane-2019\/","og_site_name":"Wijnhuis-Mana.nl","article_publisher":"https:\/\/www.facebook.com\/wijnhuismana","article_modified_time":"2026-03-08T12:54:50+00:00","og_image":[{"width":800,"height":800,"url":"https:\/\/wijnhuis-mana.nl\/wp-content\/uploads\/2025\/04\/Domaine-Chapelle-de-Blagny-Blagny-1er-Cru-Sous-le-Dos-d-Ane-2019-1.jpg","type":"image\/jpeg"}],"twitter_card":"summary_large_image","twitter_misc":{"Price":"&euro;&nbsp;73,05","Availability":"In stock"},"schema":{"@context":"https:\/\/schema.org","@graph":[{"@type":"WebPage","@id":"https:\/\/wijnhuis-mana.nl\/de\/product\/blagny-1er-cru-sous-le-dos-d-ane-2019\/","url":"https:\/\/wijnhuis-mana.nl\/de\/product\/blagny-1er-cru-sous-le-dos-d-ane-2019\/","name":"Blagny 1er Cru Sous le Dos d\u2019Ane 2019 \u2013 Domaine Chapelle","isPartOf":{"@id":"https:\/\/wijnhuis-mana.nl\/de\/#website"},"primaryImageOfPage":{"@id":"https:\/\/wijnhuis-mana.nl\/de\/product\/blagny-1er-cru-sous-le-dos-d-ane-2019\/#primaryimage"},"image":{"@id":"https:\/\/wijnhuis-mana.nl\/de\/product\/blagny-1er-cru-sous-le-dos-d-ane-2019\/#primaryimage"},"thumbnailUrl":"https:\/\/wijnhuis-mana.nl\/wp-content\/uploads\/2025\/04\/Domaine-Chapelle-de-Blagny-Blagny-1er-Cru-Sous-le-Dos-d-Ane-2019-1.jpg","datePublished":"2025-04-25T09:26:13+00:00","dateModified":"2026-03-08T12:54:50+00:00","description":"Blagny 1er Cru Sous le Dos d\u2019Ane 2019 is een elegante Pinot Noir met rijping op 30% nieuw eiken. Diep rood fruit, fijne zuren en kruidige afdronk. Karafferen aanbevolen.","breadcrumb":{"@id":"https:\/\/wijnhuis-mana.nl\/de\/product\/blagny-1er-cru-sous-le-dos-d-ane-2019\/#breadcrumb"},"inLanguage":"de-DE","potentialAction":[{"@type":"ReadAction","target":["https:\/\/wijnhuis-mana.nl\/de\/product\/blagny-1er-cru-sous-le-dos-d-ane-2019\/"]}]},{"@type":"ImageObject","inLanguage":"de-DE","@id":"https:\/\/wijnhuis-mana.nl\/de\/product\/blagny-1er-cru-sous-le-dos-d-ane-2019\/#primaryimage","url":"https:\/\/wijnhuis-mana.nl\/wp-content\/uploads\/2025\/04\/Domaine-Chapelle-de-Blagny-Blagny-1er-Cru-Sous-le-Dos-d-Ane-2019-1.jpg","contentUrl":"https:\/\/wijnhuis-mana.nl\/wp-content\/uploads\/2025\/04\/Domaine-Chapelle-de-Blagny-Blagny-1er-Cru-Sous-le-Dos-d-Ane-2019-1.jpg","width":800,"height":800,"caption":"Blagny 1er Cru Sous le Dos d\u2019Ane 2019 van Domaine Chapelle de Blagny"},{"@type":"BreadcrumbList","@id":"https:\/\/wijnhuis-mana.nl\/de\/product\/blagny-1er-cru-sous-le-dos-d-ane-2019\/#breadcrumb","itemListElement":[{"@type":"ListItem","position":1,"name":"Home","item":"https:\/\/wijnhuis-mana.nl\/de\/"},{"@type":"ListItem","position":2,"name":"Shop","item":"https:\/\/wijnhuis-mana.nl\/de\/shop-2\/"},{"@type":"ListItem","position":3,"name":"Domaine Chapelle de Blagny Blagny 1er Cru \u2018Sous le Dos d\u2019Ane\u2019 2019"}]},{"@type":"WebSite","@id":"https:\/\/wijnhuis-mana.nl\/de\/#website","url":"https:\/\/wijnhuis-mana.nl\/de\/","name":"Wijnhuis-Mana.nl","description":"Wijn v\u00e1n liefhebbers, v\u00f3\u00f3r liefhebbers","publisher":{"@id":"https:\/\/wijnhuis-mana.nl\/de\/#organization"},"potentialAction":[{"@type":"SearchAction","target":{"@type":"EntryPoint","urlTemplate":"https:\/\/wijnhuis-mana.nl\/de\/?s={search_term_string}"},"query-input":{"@type":"PropertyValueSpecification","valueRequired":true,"valueName":"search_term_string"}}],"inLanguage":"de-DE"},{"@type":["Organization","Place"],"@id":"https:\/\/wijnhuis-mana.nl\/de\/#organization","name":"Wijnhuis-Mana.nl","url":"https:\/\/wijnhuis-mana.nl\/de\/","logo":{"@id":"https:\/\/wijnhuis-mana.nl\/de\/product\/blagny-1er-cru-sous-le-dos-d-ane-2019\/#local-main-organization-logo"},"image":{"@id":"https:\/\/wijnhuis-mana.nl\/de\/product\/blagny-1er-cru-sous-le-dos-d-ane-2019\/#local-main-organization-logo"},"sameAs":["https:\/\/www.facebook.com\/wijnhuismana","https:\/\/www.instagram.com\/ghvino.nl"],"hasMerchantReturnPolicy":{"@type":"MerchantReturnPolicy","merchantReturnLink":"https:\/\/wijnhuis-mana.nl\/algemene-voorwaarden\/"},"address":{"@id":"https:\/\/wijnhuis-mana.nl\/de\/product\/blagny-1er-cru-sous-le-dos-d-ane-2019\/#local-main-place-address"},"telephone":["0299-769018"],"openingHoursSpecification":[{"@type":"OpeningHoursSpecification","dayOfWeek":["Monday","Sunday"],"opens":"00:00","closes":"00:00"},{"@type":"OpeningHoursSpecification","dayOfWeek":["Tuesday"],"opens":"10:00","closes":"18:00"},{"@type":"OpeningHoursSpecification","dayOfWeek":["Wednesday","Thursday","Saturday"],"opens":"11:00","closes":"18:00"},{"@type":"OpeningHoursSpecification","dayOfWeek":["Friday"],"opens":"11:00","closes":"21:00"}],"email":"info@wijnhuis-mana.nl","areaServed":"Nederland","vatID":"NL58KNAB0255573782","taxID":"NL58KNAB0255573782"},{"@type":"PostalAddress","@id":"https:\/\/wijnhuis-mana.nl\/de\/product\/blagny-1er-cru-sous-le-dos-d-ane-2019\/#local-main-place-address","streetAddress":"Weerwal 11","addressLocality":"Purmerend","postalCode":"1441 AL","addressRegion":"Noord-Holland","addressCountry":"NL"},{"@type":"ImageObject","inLanguage":"de-DE","@id":"https:\/\/wijnhuis-mana.nl\/de\/product\/blagny-1er-cru-sous-le-dos-d-ane-2019\/#local-main-organization-logo","url":"https:\/\/wijnhuis-mana.nl\/wp-content\/uploads\/2022\/01\/Logo_Wijnhuis-Mana_Kleur.jpg","contentUrl":"https:\/\/wijnhuis-mana.nl\/wp-content\/uploads\/2022\/01\/Logo_Wijnhuis-Mana_Kleur.jpg","width":400,"height":111,"caption":"Wijnhuis-Mana.nl"}]},"product_price_amount":"73.05","product_price_currency":"EUR","og_availability":"instock","product_availability":"instock","product_retailer_item_id":"Chapelle-blagny","product_condition":"new","geo.placename":"Purmerend","geo.region":"Netherlands"},"post_mailing_queue_ids":[],"_links":{"self":[{"href":"https:\/\/wijnhuis-mana.nl\/de\/wp-json\/wp\/v2\/product\/14473","targetHints":{"allow":["GET"]}}],"collection":[{"href":"https:\/\/wijnhuis-mana.nl\/de\/wp-json\/wp\/v2\/product"}],"about":[{"href":"https:\/\/wijnhuis-mana.nl\/de\/wp-json\/wp\/v2\/types\/product"}],"replies":[{"embeddable":true,"href":"https:\/\/wijnhuis-mana.nl\/de\/wp-json\/wp\/v2\/comments?post=14473"}],"wp:featuredmedia":[{"embeddable":true,"href":"https:\/\/wijnhuis-mana.nl\/de\/wp-json\/wp\/v2\/media\/14499"}],"wp:attachment":[{"href":"https:\/\/wijnhuis-mana.nl\/de\/wp-json\/wp\/v2\/media?parent=14473"}],"wp:term":[{"taxonomy":"product_brand","embeddable":true,"href":"https:\/\/wijnhuis-mana.nl\/de\/wp-json\/wp\/v2\/product_brand?post=14473"},{"taxonomy":"product_cat","embeddable":true,"href":"https:\/\/wijnhuis-mana.nl\/de\/wp-json\/wp\/v2\/product_cat?post=14473"},{"taxonomy":"product_tag","embeddable":true,"href":"https:\/\/wijnhuis-mana.nl\/de\/wp-json\/wp\/v2\/product_tag?post=14473"}],"curies":[{"name":"wp","href":"https:\/\/api.w.org\/{rel}","templated":true}]}}