{"id":14566,"date":"2025-04-27T19:24:17","date_gmt":"2025-04-27T17:24:17","guid":{"rendered":"https:\/\/wijnhuis-mana.nl\/?post_type=product&#038;p=14566"},"modified":"2025-09-19T12:30:00","modified_gmt":"2025-09-19T10:30:00","slug":"guilty-monkey-barley-aap-speciaalbier","status":"publish","type":"product","link":"https:\/\/wijnhuis-mana.nl\/de\/product\/guilty-monkey-barley-aap-speciaalbier\/","title":{"rendered":"Guilty Monkey Barley Aap"},"content":{"rendered":"<h3>Algemene informatie<\/h3>\n<p>Guilty Monkey Barley Aap is een superieure ambachtelijk gebrouwen speciaalbier, rijk aan karakter en met een unieke samenstelling. Dit bier is gemaakt van hoogwaardige gerstemout, geselecteerde hopsoorten en een speciale gist die de unieke smaakprofiel bevordert. Het brouwen vindt plaats in een kleine brouwerij waar traditionele technieken en moderne technologie hand in hand gaan, wat resulteert in een bier van consistente hoge kwaliteit.<\/p>\n<h3>Smaakprofiel<\/h3>\n<p>Guilty Monkey Barley Aap onderscheidt zich door zijn diepe amberkleur en een robuuste schuimkraag. In de neus vind je aroma&#8217;s van karamel, noten, en een vleugje fruitige esters die samenkomen voor een intrigerende geurbeleving. De smaak is rijk en complex, met tonen van mout, een subtiel bittertje en een lang aanhoudende afdronk.<\/p>\n<h3>Serveeradvies<\/h3>\n<p>Het ideale serveerglas voor de Guilty Monkey Barley Aap is een brede tumbler die de aroma&#8217;s goed vasthoudt. Serveer dit bier op een temperatuur tussen de 6 en 8 graden Celsius voor de optimale smaakervaring.<\/p>\n<ul>\n<li>Bij een stevige stoofpot<\/li>\n<li>Als begeleider van gerijpte kazen<\/li>\n<li>Perfect tijdens een gezellige avond met vrienden<\/li>\n<\/ul>\n<h3>Weetje<\/h3>\n<p>Guilty Monkey Barley Aap wordt gebrouwen in een kleine ambachtelijke brouwerij die bekend staat om zijn innovatieve aanpak en aandacht voor detail. Elk batch wordt met passie gebrouwen en nauwgezet gecontroleerd om de beste kwaliteit te garanderen.<\/p>\n","protected":false},"excerpt":{"rendered":"<p>Ontdek Guilty Monkey Barley Aap, een speciaalbier met diepe amber tinten en rijke aroma\u2019s van karamel en noten. Perfect voor de bierliefhebber die zoekt naar complexiteit en kwaliteit.<\/p>\n","protected":false},"featured_media":15019,"comment_status":"open","ping_status":"closed","template":"","meta":[],"product_brand":[],"product_cat":[2903],"product_tag":[912],"class_list":{"0":"post-14566","1":"product","2":"type-product","3":"status-publish","4":"has-post-thumbnail","6":"product_cat-speciaalbier","7":"product_tag-speciaalbier","9":"first","10":"instock","11":"taxable","12":"shipping-taxable","13":"purchasable","14":"product-type-simple"},"yoast_head":"<!-- This site is optimized with the Yoast SEO Premium plugin v27.3 (Yoast SEO v27.3) - https:\/\/yoast.com\/product\/yoast-seo-premium-wordpress\/ -->\n<title>Guilty Monkey Barley Aap \u2013 Complex Ambachtelijk Speciaalbier<\/title>\n<meta name=\"description\" content=\"Proef de diepgang van Guilty Monkey Barley Aap, een speciaalbier met rijke tonen van mout en een subtiele bitterheid. Ervaar kwaliteit in elk glas.\" \/>\n<meta name=\"robots\" content=\"index, follow, max-snippet:-1, max-image-preview:large, max-video-preview:-1\" \/>\n<link rel=\"canonical\" href=\"https:\/\/wijnhuis-mana.nl\/de\/product\/guilty-monkey-barley-aap-speciaalbier\/\" \/>\n<meta property=\"og:locale\" content=\"de_DE\" \/>\n<meta property=\"og:type\" content=\"article\" \/>\n<meta property=\"og:title\" content=\"Guilty Monkey Barley Aap\" \/>\n<meta property=\"og:description\" content=\"Proef de diepgang van Guilty Monkey Barley Aap, een speciaalbier met rijke tonen van mout en een subtiele bitterheid. Ervaar kwaliteit in elk glas.\" \/>\n<meta property=\"og:url\" content=\"https:\/\/wijnhuis-mana.nl\/de\/product\/guilty-monkey-barley-aap-speciaalbier\/\" \/>\n<meta property=\"og:site_name\" content=\"Wijnhuis-Mana.nl\" \/>\n<meta property=\"article:publisher\" content=\"https:\/\/www.facebook.com\/wijnhuismana\" \/>\n<meta property=\"article:modified_time\" content=\"2025-09-19T10:30:00+00:00\" \/>\n<meta property=\"og:image\" content=\"https:\/\/wijnhuis-mana.nl\/wp-content\/uploads\/2025\/04\/Guilty-Monkey-Barley-Aap.jpg\" \/>\n\t<meta property=\"og:image:width\" content=\"800\" \/>\n\t<meta property=\"og:image:height\" content=\"800\" \/>\n\t<meta property=\"og:image:type\" content=\"image\/jpeg\" \/>\n<meta name=\"twitter:card\" content=\"summary_large_image\" \/>\n<meta name=\"twitter:label1\" content=\"Price\" \/>\n\t<meta name=\"twitter:data1\" content=\"&euro;&nbsp;3,15\" \/>\n\t<meta name=\"twitter:label2\" content=\"Availability\" \/>\n\t<meta name=\"twitter:data2\" content=\"In stock\" \/>\n<script type=\"application\/ld+json\" class=\"yoast-schema-graph\">{\"@context\":\"https:\\\/\\\/schema.org\",\"@graph\":[{\"@type\":\"WebPage\",\"@id\":\"https:\\\/\\\/wijnhuis-mana.nl\\\/de\\\/product\\\/guilty-monkey-barley-aap-speciaalbier\\\/\",\"url\":\"https:\\\/\\\/wijnhuis-mana.nl\\\/de\\\/product\\\/guilty-monkey-barley-aap-speciaalbier\\\/\",\"name\":\"Guilty Monkey Barley Aap \u2013 Complex Ambachtelijk Speciaalbier\",\"isPartOf\":{\"@id\":\"https:\\\/\\\/wijnhuis-mana.nl\\\/de\\\/#website\"},\"primaryImageOfPage\":{\"@id\":\"https:\\\/\\\/wijnhuis-mana.nl\\\/de\\\/product\\\/guilty-monkey-barley-aap-speciaalbier\\\/#primaryimage\"},\"image\":{\"@id\":\"https:\\\/\\\/wijnhuis-mana.nl\\\/de\\\/product\\\/guilty-monkey-barley-aap-speciaalbier\\\/#primaryimage\"},\"thumbnailUrl\":\"https:\\\/\\\/wijnhuis-mana.nl\\\/wp-content\\\/uploads\\\/2025\\\/04\\\/Guilty-Monkey-Barley-Aap.jpg\",\"datePublished\":\"2025-04-27T17:24:17+00:00\",\"dateModified\":\"2025-09-19T10:30:00+00:00\",\"description\":\"Proef de diepgang van Guilty Monkey Barley Aap, een speciaalbier met rijke tonen van mout en een subtiele bitterheid. Ervaar kwaliteit in elk glas.\",\"breadcrumb\":{\"@id\":\"https:\\\/\\\/wijnhuis-mana.nl\\\/de\\\/product\\\/guilty-monkey-barley-aap-speciaalbier\\\/#breadcrumb\"},\"inLanguage\":\"de-DE\",\"potentialAction\":[{\"@type\":\"ReadAction\",\"target\":[\"https:\\\/\\\/wijnhuis-mana.nl\\\/de\\\/product\\\/guilty-monkey-barley-aap-speciaalbier\\\/\"]}]},{\"@type\":\"ImageObject\",\"inLanguage\":\"de-DE\",\"@id\":\"https:\\\/\\\/wijnhuis-mana.nl\\\/de\\\/product\\\/guilty-monkey-barley-aap-speciaalbier\\\/#primaryimage\",\"url\":\"https:\\\/\\\/wijnhuis-mana.nl\\\/wp-content\\\/uploads\\\/2025\\\/04\\\/Guilty-Monkey-Barley-Aap.jpg\",\"contentUrl\":\"https:\\\/\\\/wijnhuis-mana.nl\\\/wp-content\\\/uploads\\\/2025\\\/04\\\/Guilty-Monkey-Barley-Aap.jpg\",\"width\":800,\"height\":800,\"caption\":\"Proef de diepgang van Guilty Monkey Barley Aap, een speciaalbier met rijke tonen van mout en een subtiele bitterheid. Ervaar kwaliteit in elk glas.\"},{\"@type\":\"BreadcrumbList\",\"@id\":\"https:\\\/\\\/wijnhuis-mana.nl\\\/de\\\/product\\\/guilty-monkey-barley-aap-speciaalbier\\\/#breadcrumb\",\"itemListElement\":[{\"@type\":\"ListItem\",\"position\":1,\"name\":\"Home\",\"item\":\"https:\\\/\\\/wijnhuis-mana.nl\\\/de\\\/\"},{\"@type\":\"ListItem\",\"position\":2,\"name\":\"Shop\",\"item\":\"https:\\\/\\\/wijnhuis-mana.nl\\\/de\\\/shop-2\\\/\"},{\"@type\":\"ListItem\",\"position\":3,\"name\":\"Guilty Monkey Barley Aap\"}]},{\"@type\":\"WebSite\",\"@id\":\"https:\\\/\\\/wijnhuis-mana.nl\\\/de\\\/#website\",\"url\":\"https:\\\/\\\/wijnhuis-mana.nl\\\/de\\\/\",\"name\":\"Wijnhuis-Mana.nl\",\"description\":\"Wijn v\u00e1n liefhebbers, v\u00f3\u00f3r liefhebbers\",\"publisher\":{\"@id\":\"https:\\\/\\\/wijnhuis-mana.nl\\\/de\\\/#organization\"},\"potentialAction\":[{\"@type\":\"SearchAction\",\"target\":{\"@type\":\"EntryPoint\",\"urlTemplate\":\"https:\\\/\\\/wijnhuis-mana.nl\\\/de\\\/?s={search_term_string}\"},\"query-input\":{\"@type\":\"PropertyValueSpecification\",\"valueRequired\":true,\"valueName\":\"search_term_string\"}}],\"inLanguage\":\"de-DE\"},{\"@type\":[\"Organization\",\"Place\"],\"@id\":\"https:\\\/\\\/wijnhuis-mana.nl\\\/de\\\/#organization\",\"name\":\"Wijnhuis-Mana.nl\",\"url\":\"https:\\\/\\\/wijnhuis-mana.nl\\\/de\\\/\",\"logo\":{\"@id\":\"https:\\\/\\\/wijnhuis-mana.nl\\\/de\\\/product\\\/guilty-monkey-barley-aap-speciaalbier\\\/#local-main-organization-logo\"},\"image\":{\"@id\":\"https:\\\/\\\/wijnhuis-mana.nl\\\/de\\\/product\\\/guilty-monkey-barley-aap-speciaalbier\\\/#local-main-organization-logo\"},\"sameAs\":[\"https:\\\/\\\/www.facebook.com\\\/wijnhuismana\",\"https:\\\/\\\/www.instagram.com\\\/ghvino.nl\"],\"hasMerchantReturnPolicy\":{\"@type\":\"MerchantReturnPolicy\",\"merchantReturnLink\":\"https:\\\/\\\/wijnhuis-mana.nl\\\/algemene-voorwaarden\\\/\"},\"address\":{\"@id\":\"https:\\\/\\\/wijnhuis-mana.nl\\\/de\\\/product\\\/guilty-monkey-barley-aap-speciaalbier\\\/#local-main-place-address\"},\"telephone\":[\"0299-769018\"],\"openingHoursSpecification\":[{\"@type\":\"OpeningHoursSpecification\",\"dayOfWeek\":[\"Monday\",\"Sunday\"],\"opens\":\"00:00\",\"closes\":\"00:00\"},{\"@type\":\"OpeningHoursSpecification\",\"dayOfWeek\":[\"Tuesday\"],\"opens\":\"10:00\",\"closes\":\"18:00\"},{\"@type\":\"OpeningHoursSpecification\",\"dayOfWeek\":[\"Wednesday\",\"Thursday\",\"Saturday\"],\"opens\":\"11:00\",\"closes\":\"18:00\"},{\"@type\":\"OpeningHoursSpecification\",\"dayOfWeek\":[\"Friday\"],\"opens\":\"11:00\",\"closes\":\"21:00\"}],\"email\":\"info@wijnhuis-mana.nl\",\"areaServed\":\"Nederland\",\"vatID\":\"NL58KNAB0255573782\",\"taxID\":\"NL58KNAB0255573782\"},{\"@type\":\"PostalAddress\",\"@id\":\"https:\\\/\\\/wijnhuis-mana.nl\\\/de\\\/product\\\/guilty-monkey-barley-aap-speciaalbier\\\/#local-main-place-address\",\"streetAddress\":\"Weerwal 11\",\"addressLocality\":\"Purmerend\",\"postalCode\":\"1441 AL\",\"addressRegion\":\"Noord-Holland\",\"addressCountry\":\"NL\"},{\"@type\":\"ImageObject\",\"inLanguage\":\"de-DE\",\"@id\":\"https:\\\/\\\/wijnhuis-mana.nl\\\/de\\\/product\\\/guilty-monkey-barley-aap-speciaalbier\\\/#local-main-organization-logo\",\"url\":\"https:\\\/\\\/wijnhuis-mana.nl\\\/wp-content\\\/uploads\\\/2022\\\/01\\\/Logo_Wijnhuis-Mana_Kleur.jpg\",\"contentUrl\":\"https:\\\/\\\/wijnhuis-mana.nl\\\/wp-content\\\/uploads\\\/2022\\\/01\\\/Logo_Wijnhuis-Mana_Kleur.jpg\",\"width\":400,\"height\":111,\"caption\":\"Wijnhuis-Mana.nl\"}]}<\/script>\n<meta property=\"product:price:amount\" content=\"3.15\" \/>\n<meta property=\"product:price:currency\" content=\"EUR\" \/>\n<meta property=\"og:availability\" content=\"instock\" \/>\n<meta property=\"product:availability\" content=\"instock\" \/>\n<meta property=\"product:retailer_item_id\" content=\"7423522532546\" \/>\n<meta property=\"product:condition\" content=\"new\" \/>\n<meta name=\"geo.placename\" content=\"Purmerend\" \/>\n<meta name=\"geo.region\" content=\"Netherlands\" \/>\n<!-- \/ Yoast SEO Premium plugin. -->","yoast_head_json":{"title":"Guilty Monkey Barley Aap \u2013 Complex Ambachtelijk Speciaalbier","description":"Proef de diepgang van Guilty Monkey Barley Aap, een speciaalbier met rijke tonen van mout en een subtiele bitterheid. Ervaar kwaliteit in elk glas.","robots":{"index":"index","follow":"follow","max-snippet":"max-snippet:-1","max-image-preview":"max-image-preview:large","max-video-preview":"max-video-preview:-1"},"canonical":"https:\/\/wijnhuis-mana.nl\/de\/product\/guilty-monkey-barley-aap-speciaalbier\/","og_locale":"de_DE","og_type":"article","og_title":"Guilty Monkey Barley Aap","og_description":"Proef de diepgang van Guilty Monkey Barley Aap, een speciaalbier met rijke tonen van mout en een subtiele bitterheid. Ervaar kwaliteit in elk glas.","og_url":"https:\/\/wijnhuis-mana.nl\/de\/product\/guilty-monkey-barley-aap-speciaalbier\/","og_site_name":"Wijnhuis-Mana.nl","article_publisher":"https:\/\/www.facebook.com\/wijnhuismana","article_modified_time":"2025-09-19T10:30:00+00:00","og_image":[{"width":800,"height":800,"url":"https:\/\/wijnhuis-mana.nl\/wp-content\/uploads\/2025\/04\/Guilty-Monkey-Barley-Aap.jpg","type":"image\/jpeg"}],"twitter_card":"summary_large_image","twitter_misc":{"Price":"&euro;&nbsp;3,15","Availability":"In stock"},"schema":{"@context":"https:\/\/schema.org","@graph":[{"@type":"WebPage","@id":"https:\/\/wijnhuis-mana.nl\/de\/product\/guilty-monkey-barley-aap-speciaalbier\/","url":"https:\/\/wijnhuis-mana.nl\/de\/product\/guilty-monkey-barley-aap-speciaalbier\/","name":"Guilty Monkey Barley Aap \u2013 Complex Ambachtelijk Speciaalbier","isPartOf":{"@id":"https:\/\/wijnhuis-mana.nl\/de\/#website"},"primaryImageOfPage":{"@id":"https:\/\/wijnhuis-mana.nl\/de\/product\/guilty-monkey-barley-aap-speciaalbier\/#primaryimage"},"image":{"@id":"https:\/\/wijnhuis-mana.nl\/de\/product\/guilty-monkey-barley-aap-speciaalbier\/#primaryimage"},"thumbnailUrl":"https:\/\/wijnhuis-mana.nl\/wp-content\/uploads\/2025\/04\/Guilty-Monkey-Barley-Aap.jpg","datePublished":"2025-04-27T17:24:17+00:00","dateModified":"2025-09-19T10:30:00+00:00","description":"Proef de diepgang van Guilty Monkey Barley Aap, een speciaalbier met rijke tonen van mout en een subtiele bitterheid. Ervaar kwaliteit in elk glas.","breadcrumb":{"@id":"https:\/\/wijnhuis-mana.nl\/de\/product\/guilty-monkey-barley-aap-speciaalbier\/#breadcrumb"},"inLanguage":"de-DE","potentialAction":[{"@type":"ReadAction","target":["https:\/\/wijnhuis-mana.nl\/de\/product\/guilty-monkey-barley-aap-speciaalbier\/"]}]},{"@type":"ImageObject","inLanguage":"de-DE","@id":"https:\/\/wijnhuis-mana.nl\/de\/product\/guilty-monkey-barley-aap-speciaalbier\/#primaryimage","url":"https:\/\/wijnhuis-mana.nl\/wp-content\/uploads\/2025\/04\/Guilty-Monkey-Barley-Aap.jpg","contentUrl":"https:\/\/wijnhuis-mana.nl\/wp-content\/uploads\/2025\/04\/Guilty-Monkey-Barley-Aap.jpg","width":800,"height":800,"caption":"Proef de diepgang van Guilty Monkey Barley Aap, een speciaalbier met rijke tonen van mout en een subtiele bitterheid. Ervaar kwaliteit in elk glas."},{"@type":"BreadcrumbList","@id":"https:\/\/wijnhuis-mana.nl\/de\/product\/guilty-monkey-barley-aap-speciaalbier\/#breadcrumb","itemListElement":[{"@type":"ListItem","position":1,"name":"Home","item":"https:\/\/wijnhuis-mana.nl\/de\/"},{"@type":"ListItem","position":2,"name":"Shop","item":"https:\/\/wijnhuis-mana.nl\/de\/shop-2\/"},{"@type":"ListItem","position":3,"name":"Guilty Monkey Barley Aap"}]},{"@type":"WebSite","@id":"https:\/\/wijnhuis-mana.nl\/de\/#website","url":"https:\/\/wijnhuis-mana.nl\/de\/","name":"Wijnhuis-Mana.nl","description":"Wijn v\u00e1n liefhebbers, v\u00f3\u00f3r liefhebbers","publisher":{"@id":"https:\/\/wijnhuis-mana.nl\/de\/#organization"},"potentialAction":[{"@type":"SearchAction","target":{"@type":"EntryPoint","urlTemplate":"https:\/\/wijnhuis-mana.nl\/de\/?s={search_term_string}"},"query-input":{"@type":"PropertyValueSpecification","valueRequired":true,"valueName":"search_term_string"}}],"inLanguage":"de-DE"},{"@type":["Organization","Place"],"@id":"https:\/\/wijnhuis-mana.nl\/de\/#organization","name":"Wijnhuis-Mana.nl","url":"https:\/\/wijnhuis-mana.nl\/de\/","logo":{"@id":"https:\/\/wijnhuis-mana.nl\/de\/product\/guilty-monkey-barley-aap-speciaalbier\/#local-main-organization-logo"},"image":{"@id":"https:\/\/wijnhuis-mana.nl\/de\/product\/guilty-monkey-barley-aap-speciaalbier\/#local-main-organization-logo"},"sameAs":["https:\/\/www.facebook.com\/wijnhuismana","https:\/\/www.instagram.com\/ghvino.nl"],"hasMerchantReturnPolicy":{"@type":"MerchantReturnPolicy","merchantReturnLink":"https:\/\/wijnhuis-mana.nl\/algemene-voorwaarden\/"},"address":{"@id":"https:\/\/wijnhuis-mana.nl\/de\/product\/guilty-monkey-barley-aap-speciaalbier\/#local-main-place-address"},"telephone":["0299-769018"],"openingHoursSpecification":[{"@type":"OpeningHoursSpecification","dayOfWeek":["Monday","Sunday"],"opens":"00:00","closes":"00:00"},{"@type":"OpeningHoursSpecification","dayOfWeek":["Tuesday"],"opens":"10:00","closes":"18:00"},{"@type":"OpeningHoursSpecification","dayOfWeek":["Wednesday","Thursday","Saturday"],"opens":"11:00","closes":"18:00"},{"@type":"OpeningHoursSpecification","dayOfWeek":["Friday"],"opens":"11:00","closes":"21:00"}],"email":"info@wijnhuis-mana.nl","areaServed":"Nederland","vatID":"NL58KNAB0255573782","taxID":"NL58KNAB0255573782"},{"@type":"PostalAddress","@id":"https:\/\/wijnhuis-mana.nl\/de\/product\/guilty-monkey-barley-aap-speciaalbier\/#local-main-place-address","streetAddress":"Weerwal 11","addressLocality":"Purmerend","postalCode":"1441 AL","addressRegion":"Noord-Holland","addressCountry":"NL"},{"@type":"ImageObject","inLanguage":"de-DE","@id":"https:\/\/wijnhuis-mana.nl\/de\/product\/guilty-monkey-barley-aap-speciaalbier\/#local-main-organization-logo","url":"https:\/\/wijnhuis-mana.nl\/wp-content\/uploads\/2022\/01\/Logo_Wijnhuis-Mana_Kleur.jpg","contentUrl":"https:\/\/wijnhuis-mana.nl\/wp-content\/uploads\/2022\/01\/Logo_Wijnhuis-Mana_Kleur.jpg","width":400,"height":111,"caption":"Wijnhuis-Mana.nl"}]},"product_price_amount":"3.15","product_price_currency":"EUR","og_availability":"instock","product_availability":"instock","product_retailer_item_id":"7423522532546","product_condition":"new","geo.placename":"Purmerend","geo.region":"Netherlands"},"post_mailing_queue_ids":[],"_links":{"self":[{"href":"https:\/\/wijnhuis-mana.nl\/de\/wp-json\/wp\/v2\/product\/14566","targetHints":{"allow":["GET"]}}],"collection":[{"href":"https:\/\/wijnhuis-mana.nl\/de\/wp-json\/wp\/v2\/product"}],"about":[{"href":"https:\/\/wijnhuis-mana.nl\/de\/wp-json\/wp\/v2\/types\/product"}],"replies":[{"embeddable":true,"href":"https:\/\/wijnhuis-mana.nl\/de\/wp-json\/wp\/v2\/comments?post=14566"}],"wp:featuredmedia":[{"embeddable":true,"href":"https:\/\/wijnhuis-mana.nl\/de\/wp-json\/wp\/v2\/media\/15019"}],"wp:attachment":[{"href":"https:\/\/wijnhuis-mana.nl\/de\/wp-json\/wp\/v2\/media?parent=14566"}],"wp:term":[{"taxonomy":"product_brand","embeddable":true,"href":"https:\/\/wijnhuis-mana.nl\/de\/wp-json\/wp\/v2\/product_brand?post=14566"},{"taxonomy":"product_cat","embeddable":true,"href":"https:\/\/wijnhuis-mana.nl\/de\/wp-json\/wp\/v2\/product_cat?post=14566"},{"taxonomy":"product_tag","embeddable":true,"href":"https:\/\/wijnhuis-mana.nl\/de\/wp-json\/wp\/v2\/product_tag?post=14566"}],"curies":[{"name":"wp","href":"https:\/\/api.w.org\/{rel}","templated":true}]}}