{"id":14621,"date":"2025-04-27T21:00:53","date_gmt":"2025-04-27T19:00:53","guid":{"rendered":"https:\/\/wijnhuis-mana.nl\/?post_type=product&#038;p=14621"},"modified":"2025-12-09T13:26:24","modified_gmt":"2025-12-09T12:26:24","slug":"brouwerij-volendam-vd-volenbock-donkere-bock","status":"publish","type":"product","link":"https:\/\/wijnhuis-mana.nl\/de\/product\/brouwerij-volendam-vd-volenbock-donkere-bock\/","title":{"rendered":"Brouwerij Volendam VD Volenbock Donkere Bock"},"content":{"rendered":"<h3>Algemene informatie<\/h3>\n<p>Brouwerij Volendam staat bekend om zijn oude tradities in het brouwen van kwaliteitsbieren. De VD Volenbock Donkere Bock is een uitstekend voorbeeld van deze vakmanschap. Gebrouwen in het pittoreske Volendam, gebruikt deze donkere bock mouten die zorgvuldig zijn geselecteerd om een rijke en robuuste smaak te geven. Dit bier wordt gekenmerkt door een traditionele bockbierbereiding, wat resulteert in een diep en bevredigend aroma met hints van karamel en chocolade.<\/p>\n<h3>Smaakprofiel<\/h3>\n<p>De VD Volenbock onthult een diepe mahonie kleur met een stevige, cr\u00e8mekleurige schuimkraag. De eerste slok brengt een complex pallet van smaken, van zoete tonen van mout tot subtiele hints van gedroogd fruit en specerijen. De afdronk is lang en warm met een verrassend verfijnde bitterheid die het palet reinigt.<\/p>\n<h3>Serveeradvies<\/h3>\n<p>Deze bockbier is op zijn best wanneer geserveerd op een temperatuur tussen de 8-10\u00b0C. Het past uitstekend bij stevige herfstgerechten, zoals gegrild vlees of een rijke stoofpot.<\/p>\n<ul>\n<li>Gegrild rood vlees<\/li>\n<li>Rijke stoofschotels<\/li>\n<li>Romige kazen<\/li>\n<\/ul>\n<h3>Weetje<\/h3>\n<p>De naam &#8216;Volenbock&#8217; weerspiegelt de rijke geschiedenis en culturele trots van Volendam. \u2018Bock\u2019 refereert naar de traditionele Duitse bierstijl, die vooral populair is tijdens de herfstmaanden. Deze specifieke variant wordt geroemd om zijn rijke smaak en diepe kleur, een direct resultaat van de dubbele mouttechniek die bij de productie wordt gebruikt.<\/p>\n","protected":false},"excerpt":{"rendered":"<p>Beleef de rijke, diepe smaken van Brouwerij Volendam&#8217;s VD Volenbock Donkere Bock. Een perfect herfstbier met noten van karamel en een verfijnde bitterheid. Ideaal bij stoofpot of gegrild vlees.<\/p>\n","protected":false},"featured_media":14747,"comment_status":"open","ping_status":"closed","template":"","meta":[],"product_brand":[],"product_cat":[2903],"product_tag":[912],"class_list":{"0":"post-14621","1":"product","2":"type-product","3":"status-publish","4":"has-post-thumbnail","6":"product_cat-speciaalbier","7":"product_tag-speciaalbier","9":"first","10":"outofstock","11":"taxable","12":"shipping-taxable","13":"purchasable","14":"product-type-simple"},"yoast_head":"<!-- This site is optimized with the Yoast SEO Premium plugin v27.3 (Yoast SEO v27.3) - https:\/\/yoast.com\/product\/yoast-seo-premium-wordpress\/ -->\n<title>Brouwerij Volendam VD Volenbock Donkere Bock | Nederlandse Bockbier<\/title>\n<meta name=\"description\" content=\"Ontdek de Brouwerij Volendam VD Volenbock Donkere Bock, een rijk en diep bier perfect voor de herfst. Ervaar noten van karamel en een clean bittere afdronk.\" \/>\n<meta name=\"robots\" content=\"index, follow, max-snippet:-1, max-image-preview:large, max-video-preview:-1\" \/>\n<link rel=\"canonical\" href=\"https:\/\/wijnhuis-mana.nl\/de\/product\/brouwerij-volendam-vd-volenbock-donkere-bock\/\" \/>\n<meta property=\"og:locale\" content=\"de_DE\" \/>\n<meta property=\"og:type\" content=\"article\" \/>\n<meta property=\"og:title\" content=\"Brouwerij Volendam VD Volenbock Donkere Bock\" \/>\n<meta property=\"og:description\" content=\"Ontdek de Brouwerij Volendam VD Volenbock Donkere Bock, een rijk en diep bier perfect voor de herfst. Ervaar noten van karamel en een clean bittere afdronk.\" \/>\n<meta property=\"og:url\" content=\"https:\/\/wijnhuis-mana.nl\/de\/product\/brouwerij-volendam-vd-volenbock-donkere-bock\/\" \/>\n<meta property=\"og:site_name\" content=\"Wijnhuis-Mana.nl\" \/>\n<meta property=\"article:publisher\" content=\"https:\/\/www.facebook.com\/wijnhuismana\" \/>\n<meta property=\"article:modified_time\" content=\"2025-12-09T12:26:24+00:00\" \/>\n<meta property=\"og:image\" content=\"https:\/\/wijnhuis-mana.nl\/wp-content\/uploads\/2025\/05\/Brouwerij-Volendam-VD-Volenbock-Donkere-Bock.jpg\" \/>\n\t<meta property=\"og:image:width\" content=\"800\" \/>\n\t<meta property=\"og:image:height\" content=\"800\" \/>\n\t<meta property=\"og:image:type\" content=\"image\/jpeg\" \/>\n<meta name=\"twitter:card\" content=\"summary_large_image\" \/>\n<meta name=\"twitter:label1\" content=\"Price\" \/>\n\t<meta name=\"twitter:data1\" content=\"&euro;&nbsp;3,75\" \/>\n\t<meta name=\"twitter:label2\" content=\"Availability\" \/>\n\t<meta name=\"twitter:data2\" content=\"Out of stock\" \/>\n<script type=\"application\/ld+json\" class=\"yoast-schema-graph\">{\"@context\":\"https:\\\/\\\/schema.org\",\"@graph\":[{\"@type\":\"WebPage\",\"@id\":\"https:\\\/\\\/wijnhuis-mana.nl\\\/de\\\/product\\\/brouwerij-volendam-vd-volenbock-donkere-bock\\\/\",\"url\":\"https:\\\/\\\/wijnhuis-mana.nl\\\/de\\\/product\\\/brouwerij-volendam-vd-volenbock-donkere-bock\\\/\",\"name\":\"Brouwerij Volendam VD Volenbock Donkere Bock | Nederlandse Bockbier\",\"isPartOf\":{\"@id\":\"https:\\\/\\\/wijnhuis-mana.nl\\\/de\\\/#website\"},\"primaryImageOfPage\":{\"@id\":\"https:\\\/\\\/wijnhuis-mana.nl\\\/de\\\/product\\\/brouwerij-volendam-vd-volenbock-donkere-bock\\\/#primaryimage\"},\"image\":{\"@id\":\"https:\\\/\\\/wijnhuis-mana.nl\\\/de\\\/product\\\/brouwerij-volendam-vd-volenbock-donkere-bock\\\/#primaryimage\"},\"thumbnailUrl\":\"https:\\\/\\\/wijnhuis-mana.nl\\\/wp-content\\\/uploads\\\/2025\\\/05\\\/Brouwerij-Volendam-VD-Volenbock-Donkere-Bock.jpg\",\"datePublished\":\"2025-04-27T19:00:53+00:00\",\"dateModified\":\"2025-12-09T12:26:24+00:00\",\"description\":\"Ontdek de Brouwerij Volendam VD Volenbock Donkere Bock, een rijk en diep bier perfect voor de herfst. Ervaar noten van karamel en een clean bittere afdronk.\",\"breadcrumb\":{\"@id\":\"https:\\\/\\\/wijnhuis-mana.nl\\\/de\\\/product\\\/brouwerij-volendam-vd-volenbock-donkere-bock\\\/#breadcrumb\"},\"inLanguage\":\"de-DE\",\"potentialAction\":[{\"@type\":\"ReadAction\",\"target\":[\"https:\\\/\\\/wijnhuis-mana.nl\\\/de\\\/product\\\/brouwerij-volendam-vd-volenbock-donkere-bock\\\/\"]}]},{\"@type\":\"ImageObject\",\"inLanguage\":\"de-DE\",\"@id\":\"https:\\\/\\\/wijnhuis-mana.nl\\\/de\\\/product\\\/brouwerij-volendam-vd-volenbock-donkere-bock\\\/#primaryimage\",\"url\":\"https:\\\/\\\/wijnhuis-mana.nl\\\/wp-content\\\/uploads\\\/2025\\\/05\\\/Brouwerij-Volendam-VD-Volenbock-Donkere-Bock.jpg\",\"contentUrl\":\"https:\\\/\\\/wijnhuis-mana.nl\\\/wp-content\\\/uploads\\\/2025\\\/05\\\/Brouwerij-Volendam-VD-Volenbock-Donkere-Bock.jpg\",\"width\":800,\"height\":800,\"caption\":\"Ontdek de Brouwerij Volendam VD Volenbock Donkere Bock, een rijk en diep bier perfect voor de herfst. Ervaar noten van karamel en een clean bittere afdronk.\"},{\"@type\":\"BreadcrumbList\",\"@id\":\"https:\\\/\\\/wijnhuis-mana.nl\\\/de\\\/product\\\/brouwerij-volendam-vd-volenbock-donkere-bock\\\/#breadcrumb\",\"itemListElement\":[{\"@type\":\"ListItem\",\"position\":1,\"name\":\"Home\",\"item\":\"https:\\\/\\\/wijnhuis-mana.nl\\\/de\\\/\"},{\"@type\":\"ListItem\",\"position\":2,\"name\":\"Shop\",\"item\":\"https:\\\/\\\/wijnhuis-mana.nl\\\/de\\\/shop-2\\\/\"},{\"@type\":\"ListItem\",\"position\":3,\"name\":\"Brouwerij Volendam VD Volenbock Donkere Bock\"}]},{\"@type\":\"WebSite\",\"@id\":\"https:\\\/\\\/wijnhuis-mana.nl\\\/de\\\/#website\",\"url\":\"https:\\\/\\\/wijnhuis-mana.nl\\\/de\\\/\",\"name\":\"Wijnhuis-Mana.nl\",\"description\":\"Wijn v\u00e1n liefhebbers, v\u00f3\u00f3r liefhebbers\",\"publisher\":{\"@id\":\"https:\\\/\\\/wijnhuis-mana.nl\\\/de\\\/#organization\"},\"potentialAction\":[{\"@type\":\"SearchAction\",\"target\":{\"@type\":\"EntryPoint\",\"urlTemplate\":\"https:\\\/\\\/wijnhuis-mana.nl\\\/de\\\/?s={search_term_string}\"},\"query-input\":{\"@type\":\"PropertyValueSpecification\",\"valueRequired\":true,\"valueName\":\"search_term_string\"}}],\"inLanguage\":\"de-DE\"},{\"@type\":[\"Organization\",\"Place\"],\"@id\":\"https:\\\/\\\/wijnhuis-mana.nl\\\/de\\\/#organization\",\"name\":\"Wijnhuis-Mana.nl\",\"url\":\"https:\\\/\\\/wijnhuis-mana.nl\\\/de\\\/\",\"logo\":{\"@id\":\"https:\\\/\\\/wijnhuis-mana.nl\\\/de\\\/product\\\/brouwerij-volendam-vd-volenbock-donkere-bock\\\/#local-main-organization-logo\"},\"image\":{\"@id\":\"https:\\\/\\\/wijnhuis-mana.nl\\\/de\\\/product\\\/brouwerij-volendam-vd-volenbock-donkere-bock\\\/#local-main-organization-logo\"},\"sameAs\":[\"https:\\\/\\\/www.facebook.com\\\/wijnhuismana\",\"https:\\\/\\\/www.instagram.com\\\/ghvino.nl\"],\"hasMerchantReturnPolicy\":{\"@type\":\"MerchantReturnPolicy\",\"merchantReturnLink\":\"https:\\\/\\\/wijnhuis-mana.nl\\\/algemene-voorwaarden\\\/\"},\"address\":{\"@id\":\"https:\\\/\\\/wijnhuis-mana.nl\\\/de\\\/product\\\/brouwerij-volendam-vd-volenbock-donkere-bock\\\/#local-main-place-address\"},\"telephone\":[\"0299-769018\"],\"openingHoursSpecification\":[{\"@type\":\"OpeningHoursSpecification\",\"dayOfWeek\":[\"Monday\",\"Sunday\"],\"opens\":\"00:00\",\"closes\":\"00:00\"},{\"@type\":\"OpeningHoursSpecification\",\"dayOfWeek\":[\"Tuesday\"],\"opens\":\"10:00\",\"closes\":\"18:00\"},{\"@type\":\"OpeningHoursSpecification\",\"dayOfWeek\":[\"Wednesday\",\"Thursday\",\"Saturday\"],\"opens\":\"11:00\",\"closes\":\"18:00\"},{\"@type\":\"OpeningHoursSpecification\",\"dayOfWeek\":[\"Friday\"],\"opens\":\"11:00\",\"closes\":\"21:00\"}],\"email\":\"info@wijnhuis-mana.nl\",\"areaServed\":\"Nederland\",\"vatID\":\"NL58KNAB0255573782\",\"taxID\":\"NL58KNAB0255573782\"},{\"@type\":\"PostalAddress\",\"@id\":\"https:\\\/\\\/wijnhuis-mana.nl\\\/de\\\/product\\\/brouwerij-volendam-vd-volenbock-donkere-bock\\\/#local-main-place-address\",\"streetAddress\":\"Weerwal 11\",\"addressLocality\":\"Purmerend\",\"postalCode\":\"1441 AL\",\"addressRegion\":\"Noord-Holland\",\"addressCountry\":\"NL\"},{\"@type\":\"ImageObject\",\"inLanguage\":\"de-DE\",\"@id\":\"https:\\\/\\\/wijnhuis-mana.nl\\\/de\\\/product\\\/brouwerij-volendam-vd-volenbock-donkere-bock\\\/#local-main-organization-logo\",\"url\":\"https:\\\/\\\/wijnhuis-mana.nl\\\/wp-content\\\/uploads\\\/2022\\\/01\\\/Logo_Wijnhuis-Mana_Kleur.jpg\",\"contentUrl\":\"https:\\\/\\\/wijnhuis-mana.nl\\\/wp-content\\\/uploads\\\/2022\\\/01\\\/Logo_Wijnhuis-Mana_Kleur.jpg\",\"width\":400,\"height\":111,\"caption\":\"Wijnhuis-Mana.nl\"}]}<\/script>\n<meta property=\"product:price:amount\" content=\"3.75\" \/>\n<meta property=\"product:price:currency\" content=\"EUR\" \/>\n<meta property=\"og:availability\" content=\"out of stock\" \/>\n<meta property=\"product:availability\" content=\"out of stock\" \/>\n<meta property=\"product:retailer_item_id\" content=\"8719689402082\" \/>\n<meta property=\"product:condition\" content=\"new\" \/>\n<meta name=\"geo.placename\" content=\"Purmerend\" \/>\n<meta name=\"geo.region\" content=\"Netherlands\" \/>\n<!-- \/ Yoast SEO Premium plugin. -->","yoast_head_json":{"title":"Brouwerij Volendam VD Volenbock Donkere Bock | Nederlandse Bockbier","description":"Ontdek de Brouwerij Volendam VD Volenbock Donkere Bock, een rijk en diep bier perfect voor de herfst. Ervaar noten van karamel en een clean bittere afdronk.","robots":{"index":"index","follow":"follow","max-snippet":"max-snippet:-1","max-image-preview":"max-image-preview:large","max-video-preview":"max-video-preview:-1"},"canonical":"https:\/\/wijnhuis-mana.nl\/de\/product\/brouwerij-volendam-vd-volenbock-donkere-bock\/","og_locale":"de_DE","og_type":"article","og_title":"Brouwerij Volendam VD Volenbock Donkere Bock","og_description":"Ontdek de Brouwerij Volendam VD Volenbock Donkere Bock, een rijk en diep bier perfect voor de herfst. Ervaar noten van karamel en een clean bittere afdronk.","og_url":"https:\/\/wijnhuis-mana.nl\/de\/product\/brouwerij-volendam-vd-volenbock-donkere-bock\/","og_site_name":"Wijnhuis-Mana.nl","article_publisher":"https:\/\/www.facebook.com\/wijnhuismana","article_modified_time":"2025-12-09T12:26:24+00:00","og_image":[{"width":800,"height":800,"url":"https:\/\/wijnhuis-mana.nl\/wp-content\/uploads\/2025\/05\/Brouwerij-Volendam-VD-Volenbock-Donkere-Bock.jpg","type":"image\/jpeg"}],"twitter_card":"summary_large_image","twitter_misc":{"Price":"&euro;&nbsp;3,75","Availability":"Out of stock"},"schema":{"@context":"https:\/\/schema.org","@graph":[{"@type":"WebPage","@id":"https:\/\/wijnhuis-mana.nl\/de\/product\/brouwerij-volendam-vd-volenbock-donkere-bock\/","url":"https:\/\/wijnhuis-mana.nl\/de\/product\/brouwerij-volendam-vd-volenbock-donkere-bock\/","name":"Brouwerij Volendam VD Volenbock Donkere Bock | Nederlandse Bockbier","isPartOf":{"@id":"https:\/\/wijnhuis-mana.nl\/de\/#website"},"primaryImageOfPage":{"@id":"https:\/\/wijnhuis-mana.nl\/de\/product\/brouwerij-volendam-vd-volenbock-donkere-bock\/#primaryimage"},"image":{"@id":"https:\/\/wijnhuis-mana.nl\/de\/product\/brouwerij-volendam-vd-volenbock-donkere-bock\/#primaryimage"},"thumbnailUrl":"https:\/\/wijnhuis-mana.nl\/wp-content\/uploads\/2025\/05\/Brouwerij-Volendam-VD-Volenbock-Donkere-Bock.jpg","datePublished":"2025-04-27T19:00:53+00:00","dateModified":"2025-12-09T12:26:24+00:00","description":"Ontdek de Brouwerij Volendam VD Volenbock Donkere Bock, een rijk en diep bier perfect voor de herfst. Ervaar noten van karamel en een clean bittere afdronk.","breadcrumb":{"@id":"https:\/\/wijnhuis-mana.nl\/de\/product\/brouwerij-volendam-vd-volenbock-donkere-bock\/#breadcrumb"},"inLanguage":"de-DE","potentialAction":[{"@type":"ReadAction","target":["https:\/\/wijnhuis-mana.nl\/de\/product\/brouwerij-volendam-vd-volenbock-donkere-bock\/"]}]},{"@type":"ImageObject","inLanguage":"de-DE","@id":"https:\/\/wijnhuis-mana.nl\/de\/product\/brouwerij-volendam-vd-volenbock-donkere-bock\/#primaryimage","url":"https:\/\/wijnhuis-mana.nl\/wp-content\/uploads\/2025\/05\/Brouwerij-Volendam-VD-Volenbock-Donkere-Bock.jpg","contentUrl":"https:\/\/wijnhuis-mana.nl\/wp-content\/uploads\/2025\/05\/Brouwerij-Volendam-VD-Volenbock-Donkere-Bock.jpg","width":800,"height":800,"caption":"Ontdek de Brouwerij Volendam VD Volenbock Donkere Bock, een rijk en diep bier perfect voor de herfst. Ervaar noten van karamel en een clean bittere afdronk."},{"@type":"BreadcrumbList","@id":"https:\/\/wijnhuis-mana.nl\/de\/product\/brouwerij-volendam-vd-volenbock-donkere-bock\/#breadcrumb","itemListElement":[{"@type":"ListItem","position":1,"name":"Home","item":"https:\/\/wijnhuis-mana.nl\/de\/"},{"@type":"ListItem","position":2,"name":"Shop","item":"https:\/\/wijnhuis-mana.nl\/de\/shop-2\/"},{"@type":"ListItem","position":3,"name":"Brouwerij Volendam VD Volenbock Donkere Bock"}]},{"@type":"WebSite","@id":"https:\/\/wijnhuis-mana.nl\/de\/#website","url":"https:\/\/wijnhuis-mana.nl\/de\/","name":"Wijnhuis-Mana.nl","description":"Wijn v\u00e1n liefhebbers, v\u00f3\u00f3r liefhebbers","publisher":{"@id":"https:\/\/wijnhuis-mana.nl\/de\/#organization"},"potentialAction":[{"@type":"SearchAction","target":{"@type":"EntryPoint","urlTemplate":"https:\/\/wijnhuis-mana.nl\/de\/?s={search_term_string}"},"query-input":{"@type":"PropertyValueSpecification","valueRequired":true,"valueName":"search_term_string"}}],"inLanguage":"de-DE"},{"@type":["Organization","Place"],"@id":"https:\/\/wijnhuis-mana.nl\/de\/#organization","name":"Wijnhuis-Mana.nl","url":"https:\/\/wijnhuis-mana.nl\/de\/","logo":{"@id":"https:\/\/wijnhuis-mana.nl\/de\/product\/brouwerij-volendam-vd-volenbock-donkere-bock\/#local-main-organization-logo"},"image":{"@id":"https:\/\/wijnhuis-mana.nl\/de\/product\/brouwerij-volendam-vd-volenbock-donkere-bock\/#local-main-organization-logo"},"sameAs":["https:\/\/www.facebook.com\/wijnhuismana","https:\/\/www.instagram.com\/ghvino.nl"],"hasMerchantReturnPolicy":{"@type":"MerchantReturnPolicy","merchantReturnLink":"https:\/\/wijnhuis-mana.nl\/algemene-voorwaarden\/"},"address":{"@id":"https:\/\/wijnhuis-mana.nl\/de\/product\/brouwerij-volendam-vd-volenbock-donkere-bock\/#local-main-place-address"},"telephone":["0299-769018"],"openingHoursSpecification":[{"@type":"OpeningHoursSpecification","dayOfWeek":["Monday","Sunday"],"opens":"00:00","closes":"00:00"},{"@type":"OpeningHoursSpecification","dayOfWeek":["Tuesday"],"opens":"10:00","closes":"18:00"},{"@type":"OpeningHoursSpecification","dayOfWeek":["Wednesday","Thursday","Saturday"],"opens":"11:00","closes":"18:00"},{"@type":"OpeningHoursSpecification","dayOfWeek":["Friday"],"opens":"11:00","closes":"21:00"}],"email":"info@wijnhuis-mana.nl","areaServed":"Nederland","vatID":"NL58KNAB0255573782","taxID":"NL58KNAB0255573782"},{"@type":"PostalAddress","@id":"https:\/\/wijnhuis-mana.nl\/de\/product\/brouwerij-volendam-vd-volenbock-donkere-bock\/#local-main-place-address","streetAddress":"Weerwal 11","addressLocality":"Purmerend","postalCode":"1441 AL","addressRegion":"Noord-Holland","addressCountry":"NL"},{"@type":"ImageObject","inLanguage":"de-DE","@id":"https:\/\/wijnhuis-mana.nl\/de\/product\/brouwerij-volendam-vd-volenbock-donkere-bock\/#local-main-organization-logo","url":"https:\/\/wijnhuis-mana.nl\/wp-content\/uploads\/2022\/01\/Logo_Wijnhuis-Mana_Kleur.jpg","contentUrl":"https:\/\/wijnhuis-mana.nl\/wp-content\/uploads\/2022\/01\/Logo_Wijnhuis-Mana_Kleur.jpg","width":400,"height":111,"caption":"Wijnhuis-Mana.nl"}]},"product_price_amount":"3.75","product_price_currency":"EUR","og_availability":"out of stock","product_availability":"out of stock","product_retailer_item_id":"8719689402082","product_condition":"new","geo.placename":"Purmerend","geo.region":"Netherlands"},"post_mailing_queue_ids":[],"_links":{"self":[{"href":"https:\/\/wijnhuis-mana.nl\/de\/wp-json\/wp\/v2\/product\/14621","targetHints":{"allow":["GET"]}}],"collection":[{"href":"https:\/\/wijnhuis-mana.nl\/de\/wp-json\/wp\/v2\/product"}],"about":[{"href":"https:\/\/wijnhuis-mana.nl\/de\/wp-json\/wp\/v2\/types\/product"}],"replies":[{"embeddable":true,"href":"https:\/\/wijnhuis-mana.nl\/de\/wp-json\/wp\/v2\/comments?post=14621"}],"wp:featuredmedia":[{"embeddable":true,"href":"https:\/\/wijnhuis-mana.nl\/de\/wp-json\/wp\/v2\/media\/14747"}],"wp:attachment":[{"href":"https:\/\/wijnhuis-mana.nl\/de\/wp-json\/wp\/v2\/media?parent=14621"}],"wp:term":[{"taxonomy":"product_brand","embeddable":true,"href":"https:\/\/wijnhuis-mana.nl\/de\/wp-json\/wp\/v2\/product_brand?post=14621"},{"taxonomy":"product_cat","embeddable":true,"href":"https:\/\/wijnhuis-mana.nl\/de\/wp-json\/wp\/v2\/product_cat?post=14621"},{"taxonomy":"product_tag","embeddable":true,"href":"https:\/\/wijnhuis-mana.nl\/de\/wp-json\/wp\/v2\/product_tag?post=14621"}],"curies":[{"name":"wp","href":"https:\/\/api.w.org\/{rel}","templated":true}]}}