{"id":14677,"date":"2025-05-02T11:29:24","date_gmt":"2025-05-02T09:29:24","guid":{"rendered":"https:\/\/wijnhuis-mana.nl\/?post_type=product&#038;p=14677"},"modified":"2025-12-18T21:41:11","modified_gmt":"2025-12-18T20:41:11","slug":"horizont-ns2023-tennessee-whiskey-ba-pastry-stout","status":"publish","type":"product","link":"https:\/\/wijnhuis-mana.nl\/de\/product\/horizont-ns2023-tennessee-whiskey-ba-pastry-stout\/","title":{"rendered":"Horizont NS2023 Tennessee Whiskey BA Pastry Stout"},"content":{"rendered":"<h3>Algemene informatie<\/h3>\n<p>De Horizont NS2023 Tennessee Whiskey BA Pastry Stout is een unieke combinatie van ambachtelijke bierbrouwkunst en traditionele whiskey rijpingstechnieken. Dit speciaalbier wordt zorgvuldig gebrouwen met geselecteerde mouten en hopsoorten, waarna het een rijpingsproces ondergaat in vaten van Tennessee whiskey, wat resulteert in een diepgaand smaakprofiel met een uniek karakter.<\/p>\n<h3>Smaakprofiel<\/h3>\n<p>Deze stout onthult een diepzwarte kleur met een stevige bruine schuimkraag. Aroma&#8217;s van geroosterde mout, chocolade, en subtiele hints van vanille en karamel stijgen op, gevolgd door een complexe smaak waarin de zoetheid van de mout perfect in balans is met de houtachtige tonen van de whiskeyvaten. De afdronk is lang, warm en bevredigend met een aangename bitterheid.<\/p>\n<h3>Serveeradvies<\/h3>\n<p>Om de volle complexiteit van de Horizont NS2023 Tennessee Whiskey BA Pastry Stout te ervaren, serveer je deze op een temperatuur van ongeveer 12-14\u00b0C. Dit stout past uitstekend bij rijke desserts zoals chocoladetaart, of als afsluiting van een maaltijd bij een kaasplankje.<\/p>\n<ul>\n<li>Bij chocoladetaart<\/li>\n<li>Als afsluiter bij een kaasplankje<\/li>\n<li>Op zichzelf, om rustig van te genieten<\/li>\n<\/ul>\n<h3>Weetje<\/h3>\n<p>De keuze voor Tennessee whiskeyvaten voor de rijping van dit bier is geen toeval. Deze vaten zorgen niet alleen voor de diepe whiskeytonen in het bier, maar dragen ook bij aan de complexiteit en het mondgevoel, wat dit bier een geheel eigen identiteit geeft.<\/p>\n","protected":false},"excerpt":{"rendered":"<p>Geniet van de rijke diepte van Horizont NS2023 Tennessee Whiskey BA Pastry Stout, gerijpt in Tennessee whiskey vaten voor een unieke twist. Perfect met een dessert of als luxe afsluiter.<\/p>\n","protected":false},"featured_media":14703,"comment_status":"open","ping_status":"closed","template":"","meta":[],"product_brand":[],"product_cat":[2959,2903],"product_tag":[803,912],"class_list":{"0":"post-14677","1":"product","2":"type-product","3":"status-publish","4":"has-post-thumbnail","6":"product_cat-barrel-aged-stout","7":"product_cat-speciaalbier","8":"product_tag-houtrijping","9":"product_tag-speciaalbier","11":"first","12":"instock","13":"taxable","14":"shipping-taxable","15":"purchasable","16":"product-type-simple"},"yoast_head":"<!-- This site is optimized with the Yoast SEO Premium plugin v27.3 (Yoast SEO v27.3) - https:\/\/yoast.com\/product\/yoast-seo-premium-wordpress\/ -->\n<title>Koop Horizont NS2023 Tennessee Whiskey BA Pastry Stout | Exclusief Speciaalbier<\/title>\n<meta name=\"description\" content=\"Ontdek Horizont NS2023 TN Whiskey BA Pastry Stout, een uniek speciaalbier met tonen van geroosterde mout, chocolade en whiskey. Perfect voor speciale gelegenheden.\" \/>\n<meta name=\"robots\" content=\"index, follow, max-snippet:-1, max-image-preview:large, max-video-preview:-1\" \/>\n<link rel=\"canonical\" href=\"https:\/\/wijnhuis-mana.nl\/de\/product\/horizont-ns2023-tennessee-whiskey-ba-pastry-stout\/\" \/>\n<meta property=\"og:locale\" content=\"de_DE\" \/>\n<meta property=\"og:type\" content=\"article\" \/>\n<meta property=\"og:title\" content=\"Horizont NS2023 Tennessee Whiskey BA Pastry Stout\" \/>\n<meta property=\"og:description\" content=\"Ontdek Horizont NS2023 TN Whiskey BA Pastry Stout, een uniek speciaalbier met tonen van geroosterde mout, chocolade en whiskey. Perfect voor speciale gelegenheden.\" \/>\n<meta property=\"og:url\" content=\"https:\/\/wijnhuis-mana.nl\/de\/product\/horizont-ns2023-tennessee-whiskey-ba-pastry-stout\/\" \/>\n<meta property=\"og:site_name\" content=\"Wijnhuis-Mana.nl\" \/>\n<meta property=\"article:publisher\" content=\"https:\/\/www.facebook.com\/wijnhuismana\" \/>\n<meta property=\"article:modified_time\" content=\"2025-12-18T20:41:11+00:00\" \/>\n<meta property=\"og:image\" content=\"https:\/\/wijnhuis-mana.nl\/wp-content\/uploads\/2025\/05\/Horizont-NS2023-Tennessee-Whiskey-BA-Pastry-Stout.jpg\" \/>\n\t<meta property=\"og:image:width\" content=\"800\" \/>\n\t<meta property=\"og:image:height\" content=\"800\" \/>\n\t<meta property=\"og:image:type\" content=\"image\/jpeg\" \/>\n<meta name=\"twitter:card\" content=\"summary_large_image\" \/>\n<meta name=\"twitter:label1\" content=\"Price\" \/>\n\t<meta name=\"twitter:data1\" content=\"&euro;&nbsp;11,29\" \/>\n\t<meta name=\"twitter:label2\" content=\"Availability\" \/>\n\t<meta name=\"twitter:data2\" content=\"In stock\" \/>\n<script type=\"application\/ld+json\" class=\"yoast-schema-graph\">{\"@context\":\"https:\\\/\\\/schema.org\",\"@graph\":[{\"@type\":\"WebPage\",\"@id\":\"https:\\\/\\\/wijnhuis-mana.nl\\\/de\\\/product\\\/horizont-ns2023-tennessee-whiskey-ba-pastry-stout\\\/\",\"url\":\"https:\\\/\\\/wijnhuis-mana.nl\\\/de\\\/product\\\/horizont-ns2023-tennessee-whiskey-ba-pastry-stout\\\/\",\"name\":\"Koop Horizont NS2023 Tennessee Whiskey BA Pastry Stout | Exclusief Speciaalbier\",\"isPartOf\":{\"@id\":\"https:\\\/\\\/wijnhuis-mana.nl\\\/de\\\/#website\"},\"primaryImageOfPage\":{\"@id\":\"https:\\\/\\\/wijnhuis-mana.nl\\\/de\\\/product\\\/horizont-ns2023-tennessee-whiskey-ba-pastry-stout\\\/#primaryimage\"},\"image\":{\"@id\":\"https:\\\/\\\/wijnhuis-mana.nl\\\/de\\\/product\\\/horizont-ns2023-tennessee-whiskey-ba-pastry-stout\\\/#primaryimage\"},\"thumbnailUrl\":\"https:\\\/\\\/wijnhuis-mana.nl\\\/wp-content\\\/uploads\\\/2025\\\/05\\\/Horizont-NS2023-Tennessee-Whiskey-BA-Pastry-Stout.jpg\",\"datePublished\":\"2025-05-02T09:29:24+00:00\",\"dateModified\":\"2025-12-18T20:41:11+00:00\",\"description\":\"Ontdek Horizont NS2023 TN Whiskey BA Pastry Stout, een uniek speciaalbier met tonen van geroosterde mout, chocolade en whiskey. Perfect voor speciale gelegenheden.\",\"breadcrumb\":{\"@id\":\"https:\\\/\\\/wijnhuis-mana.nl\\\/de\\\/product\\\/horizont-ns2023-tennessee-whiskey-ba-pastry-stout\\\/#breadcrumb\"},\"inLanguage\":\"de-DE\",\"potentialAction\":[{\"@type\":\"ReadAction\",\"target\":[\"https:\\\/\\\/wijnhuis-mana.nl\\\/de\\\/product\\\/horizont-ns2023-tennessee-whiskey-ba-pastry-stout\\\/\"]}]},{\"@type\":\"ImageObject\",\"inLanguage\":\"de-DE\",\"@id\":\"https:\\\/\\\/wijnhuis-mana.nl\\\/de\\\/product\\\/horizont-ns2023-tennessee-whiskey-ba-pastry-stout\\\/#primaryimage\",\"url\":\"https:\\\/\\\/wijnhuis-mana.nl\\\/wp-content\\\/uploads\\\/2025\\\/05\\\/Horizont-NS2023-Tennessee-Whiskey-BA-Pastry-Stout.jpg\",\"contentUrl\":\"https:\\\/\\\/wijnhuis-mana.nl\\\/wp-content\\\/uploads\\\/2025\\\/05\\\/Horizont-NS2023-Tennessee-Whiskey-BA-Pastry-Stout.jpg\",\"width\":800,\"height\":800,\"caption\":\"Ontdek Horizont NS2023 TN Whiskey BA Pastry Stout, een uniek speciaalbier met tonen van geroosterde mout, chocolade en whiskey. Perfect voor speciale gelegenheden.\"},{\"@type\":\"BreadcrumbList\",\"@id\":\"https:\\\/\\\/wijnhuis-mana.nl\\\/de\\\/product\\\/horizont-ns2023-tennessee-whiskey-ba-pastry-stout\\\/#breadcrumb\",\"itemListElement\":[{\"@type\":\"ListItem\",\"position\":1,\"name\":\"Home\",\"item\":\"https:\\\/\\\/wijnhuis-mana.nl\\\/de\\\/\"},{\"@type\":\"ListItem\",\"position\":2,\"name\":\"Shop\",\"item\":\"https:\\\/\\\/wijnhuis-mana.nl\\\/de\\\/shop-2\\\/\"},{\"@type\":\"ListItem\",\"position\":3,\"name\":\"Horizont NS2023 Tennessee Whiskey BA Pastry Stout\"}]},{\"@type\":\"WebSite\",\"@id\":\"https:\\\/\\\/wijnhuis-mana.nl\\\/de\\\/#website\",\"url\":\"https:\\\/\\\/wijnhuis-mana.nl\\\/de\\\/\",\"name\":\"Wijnhuis-Mana.nl\",\"description\":\"Wijn v\u00e1n liefhebbers, v\u00f3\u00f3r liefhebbers\",\"publisher\":{\"@id\":\"https:\\\/\\\/wijnhuis-mana.nl\\\/de\\\/#organization\"},\"potentialAction\":[{\"@type\":\"SearchAction\",\"target\":{\"@type\":\"EntryPoint\",\"urlTemplate\":\"https:\\\/\\\/wijnhuis-mana.nl\\\/de\\\/?s={search_term_string}\"},\"query-input\":{\"@type\":\"PropertyValueSpecification\",\"valueRequired\":true,\"valueName\":\"search_term_string\"}}],\"inLanguage\":\"de-DE\"},{\"@type\":[\"Organization\",\"Place\"],\"@id\":\"https:\\\/\\\/wijnhuis-mana.nl\\\/de\\\/#organization\",\"name\":\"Wijnhuis-Mana.nl\",\"url\":\"https:\\\/\\\/wijnhuis-mana.nl\\\/de\\\/\",\"logo\":{\"@id\":\"https:\\\/\\\/wijnhuis-mana.nl\\\/de\\\/product\\\/horizont-ns2023-tennessee-whiskey-ba-pastry-stout\\\/#local-main-organization-logo\"},\"image\":{\"@id\":\"https:\\\/\\\/wijnhuis-mana.nl\\\/de\\\/product\\\/horizont-ns2023-tennessee-whiskey-ba-pastry-stout\\\/#local-main-organization-logo\"},\"sameAs\":[\"https:\\\/\\\/www.facebook.com\\\/wijnhuismana\",\"https:\\\/\\\/www.instagram.com\\\/ghvino.nl\"],\"hasMerchantReturnPolicy\":{\"@type\":\"MerchantReturnPolicy\",\"merchantReturnLink\":\"https:\\\/\\\/wijnhuis-mana.nl\\\/algemene-voorwaarden\\\/\"},\"address\":{\"@id\":\"https:\\\/\\\/wijnhuis-mana.nl\\\/de\\\/product\\\/horizont-ns2023-tennessee-whiskey-ba-pastry-stout\\\/#local-main-place-address\"},\"telephone\":[\"0299-769018\"],\"openingHoursSpecification\":[{\"@type\":\"OpeningHoursSpecification\",\"dayOfWeek\":[\"Monday\",\"Sunday\"],\"opens\":\"00:00\",\"closes\":\"00:00\"},{\"@type\":\"OpeningHoursSpecification\",\"dayOfWeek\":[\"Tuesday\"],\"opens\":\"10:00\",\"closes\":\"18:00\"},{\"@type\":\"OpeningHoursSpecification\",\"dayOfWeek\":[\"Wednesday\",\"Thursday\",\"Saturday\"],\"opens\":\"11:00\",\"closes\":\"18:00\"},{\"@type\":\"OpeningHoursSpecification\",\"dayOfWeek\":[\"Friday\"],\"opens\":\"11:00\",\"closes\":\"21:00\"}],\"email\":\"info@wijnhuis-mana.nl\",\"areaServed\":\"Nederland\",\"vatID\":\"NL58KNAB0255573782\",\"taxID\":\"NL58KNAB0255573782\"},{\"@type\":\"PostalAddress\",\"@id\":\"https:\\\/\\\/wijnhuis-mana.nl\\\/de\\\/product\\\/horizont-ns2023-tennessee-whiskey-ba-pastry-stout\\\/#local-main-place-address\",\"streetAddress\":\"Weerwal 11\",\"addressLocality\":\"Purmerend\",\"postalCode\":\"1441 AL\",\"addressRegion\":\"Noord-Holland\",\"addressCountry\":\"NL\"},{\"@type\":\"ImageObject\",\"inLanguage\":\"de-DE\",\"@id\":\"https:\\\/\\\/wijnhuis-mana.nl\\\/de\\\/product\\\/horizont-ns2023-tennessee-whiskey-ba-pastry-stout\\\/#local-main-organization-logo\",\"url\":\"https:\\\/\\\/wijnhuis-mana.nl\\\/wp-content\\\/uploads\\\/2022\\\/01\\\/Logo_Wijnhuis-Mana_Kleur.jpg\",\"contentUrl\":\"https:\\\/\\\/wijnhuis-mana.nl\\\/wp-content\\\/uploads\\\/2022\\\/01\\\/Logo_Wijnhuis-Mana_Kleur.jpg\",\"width\":400,\"height\":111,\"caption\":\"Wijnhuis-Mana.nl\"}]}<\/script>\n<meta property=\"product:price:amount\" content=\"11.29\" \/>\n<meta property=\"product:price:currency\" content=\"EUR\" \/>\n<meta property=\"og:availability\" content=\"instock\" \/>\n<meta property=\"product:availability\" content=\"instock\" \/>\n<meta property=\"product:retailer_item_id\" content=\"5999566202773\" \/>\n<meta property=\"product:condition\" content=\"new\" \/>\n<meta name=\"geo.placename\" content=\"Purmerend\" \/>\n<meta name=\"geo.region\" content=\"Netherlands\" \/>\n<!-- \/ Yoast SEO Premium plugin. -->","yoast_head_json":{"title":"Koop Horizont NS2023 Tennessee Whiskey BA Pastry Stout | Exclusief Speciaalbier","description":"Ontdek Horizont NS2023 TN Whiskey BA Pastry Stout, een uniek speciaalbier met tonen van geroosterde mout, chocolade en whiskey. Perfect voor speciale gelegenheden.","robots":{"index":"index","follow":"follow","max-snippet":"max-snippet:-1","max-image-preview":"max-image-preview:large","max-video-preview":"max-video-preview:-1"},"canonical":"https:\/\/wijnhuis-mana.nl\/de\/product\/horizont-ns2023-tennessee-whiskey-ba-pastry-stout\/","og_locale":"de_DE","og_type":"article","og_title":"Horizont NS2023 Tennessee Whiskey BA Pastry Stout","og_description":"Ontdek Horizont NS2023 TN Whiskey BA Pastry Stout, een uniek speciaalbier met tonen van geroosterde mout, chocolade en whiskey. Perfect voor speciale gelegenheden.","og_url":"https:\/\/wijnhuis-mana.nl\/de\/product\/horizont-ns2023-tennessee-whiskey-ba-pastry-stout\/","og_site_name":"Wijnhuis-Mana.nl","article_publisher":"https:\/\/www.facebook.com\/wijnhuismana","article_modified_time":"2025-12-18T20:41:11+00:00","og_image":[{"width":800,"height":800,"url":"https:\/\/wijnhuis-mana.nl\/wp-content\/uploads\/2025\/05\/Horizont-NS2023-Tennessee-Whiskey-BA-Pastry-Stout.jpg","type":"image\/jpeg"}],"twitter_card":"summary_large_image","twitter_misc":{"Price":"&euro;&nbsp;11,29","Availability":"In stock"},"schema":{"@context":"https:\/\/schema.org","@graph":[{"@type":"WebPage","@id":"https:\/\/wijnhuis-mana.nl\/de\/product\/horizont-ns2023-tennessee-whiskey-ba-pastry-stout\/","url":"https:\/\/wijnhuis-mana.nl\/de\/product\/horizont-ns2023-tennessee-whiskey-ba-pastry-stout\/","name":"Koop Horizont NS2023 Tennessee Whiskey BA Pastry Stout | Exclusief Speciaalbier","isPartOf":{"@id":"https:\/\/wijnhuis-mana.nl\/de\/#website"},"primaryImageOfPage":{"@id":"https:\/\/wijnhuis-mana.nl\/de\/product\/horizont-ns2023-tennessee-whiskey-ba-pastry-stout\/#primaryimage"},"image":{"@id":"https:\/\/wijnhuis-mana.nl\/de\/product\/horizont-ns2023-tennessee-whiskey-ba-pastry-stout\/#primaryimage"},"thumbnailUrl":"https:\/\/wijnhuis-mana.nl\/wp-content\/uploads\/2025\/05\/Horizont-NS2023-Tennessee-Whiskey-BA-Pastry-Stout.jpg","datePublished":"2025-05-02T09:29:24+00:00","dateModified":"2025-12-18T20:41:11+00:00","description":"Ontdek Horizont NS2023 TN Whiskey BA Pastry Stout, een uniek speciaalbier met tonen van geroosterde mout, chocolade en whiskey. Perfect voor speciale gelegenheden.","breadcrumb":{"@id":"https:\/\/wijnhuis-mana.nl\/de\/product\/horizont-ns2023-tennessee-whiskey-ba-pastry-stout\/#breadcrumb"},"inLanguage":"de-DE","potentialAction":[{"@type":"ReadAction","target":["https:\/\/wijnhuis-mana.nl\/de\/product\/horizont-ns2023-tennessee-whiskey-ba-pastry-stout\/"]}]},{"@type":"ImageObject","inLanguage":"de-DE","@id":"https:\/\/wijnhuis-mana.nl\/de\/product\/horizont-ns2023-tennessee-whiskey-ba-pastry-stout\/#primaryimage","url":"https:\/\/wijnhuis-mana.nl\/wp-content\/uploads\/2025\/05\/Horizont-NS2023-Tennessee-Whiskey-BA-Pastry-Stout.jpg","contentUrl":"https:\/\/wijnhuis-mana.nl\/wp-content\/uploads\/2025\/05\/Horizont-NS2023-Tennessee-Whiskey-BA-Pastry-Stout.jpg","width":800,"height":800,"caption":"Ontdek Horizont NS2023 TN Whiskey BA Pastry Stout, een uniek speciaalbier met tonen van geroosterde mout, chocolade en whiskey. Perfect voor speciale gelegenheden."},{"@type":"BreadcrumbList","@id":"https:\/\/wijnhuis-mana.nl\/de\/product\/horizont-ns2023-tennessee-whiskey-ba-pastry-stout\/#breadcrumb","itemListElement":[{"@type":"ListItem","position":1,"name":"Home","item":"https:\/\/wijnhuis-mana.nl\/de\/"},{"@type":"ListItem","position":2,"name":"Shop","item":"https:\/\/wijnhuis-mana.nl\/de\/shop-2\/"},{"@type":"ListItem","position":3,"name":"Horizont NS2023 Tennessee Whiskey BA Pastry Stout"}]},{"@type":"WebSite","@id":"https:\/\/wijnhuis-mana.nl\/de\/#website","url":"https:\/\/wijnhuis-mana.nl\/de\/","name":"Wijnhuis-Mana.nl","description":"Wijn v\u00e1n liefhebbers, v\u00f3\u00f3r liefhebbers","publisher":{"@id":"https:\/\/wijnhuis-mana.nl\/de\/#organization"},"potentialAction":[{"@type":"SearchAction","target":{"@type":"EntryPoint","urlTemplate":"https:\/\/wijnhuis-mana.nl\/de\/?s={search_term_string}"},"query-input":{"@type":"PropertyValueSpecification","valueRequired":true,"valueName":"search_term_string"}}],"inLanguage":"de-DE"},{"@type":["Organization","Place"],"@id":"https:\/\/wijnhuis-mana.nl\/de\/#organization","name":"Wijnhuis-Mana.nl","url":"https:\/\/wijnhuis-mana.nl\/de\/","logo":{"@id":"https:\/\/wijnhuis-mana.nl\/de\/product\/horizont-ns2023-tennessee-whiskey-ba-pastry-stout\/#local-main-organization-logo"},"image":{"@id":"https:\/\/wijnhuis-mana.nl\/de\/product\/horizont-ns2023-tennessee-whiskey-ba-pastry-stout\/#local-main-organization-logo"},"sameAs":["https:\/\/www.facebook.com\/wijnhuismana","https:\/\/www.instagram.com\/ghvino.nl"],"hasMerchantReturnPolicy":{"@type":"MerchantReturnPolicy","merchantReturnLink":"https:\/\/wijnhuis-mana.nl\/algemene-voorwaarden\/"},"address":{"@id":"https:\/\/wijnhuis-mana.nl\/de\/product\/horizont-ns2023-tennessee-whiskey-ba-pastry-stout\/#local-main-place-address"},"telephone":["0299-769018"],"openingHoursSpecification":[{"@type":"OpeningHoursSpecification","dayOfWeek":["Monday","Sunday"],"opens":"00:00","closes":"00:00"},{"@type":"OpeningHoursSpecification","dayOfWeek":["Tuesday"],"opens":"10:00","closes":"18:00"},{"@type":"OpeningHoursSpecification","dayOfWeek":["Wednesday","Thursday","Saturday"],"opens":"11:00","closes":"18:00"},{"@type":"OpeningHoursSpecification","dayOfWeek":["Friday"],"opens":"11:00","closes":"21:00"}],"email":"info@wijnhuis-mana.nl","areaServed":"Nederland","vatID":"NL58KNAB0255573782","taxID":"NL58KNAB0255573782"},{"@type":"PostalAddress","@id":"https:\/\/wijnhuis-mana.nl\/de\/product\/horizont-ns2023-tennessee-whiskey-ba-pastry-stout\/#local-main-place-address","streetAddress":"Weerwal 11","addressLocality":"Purmerend","postalCode":"1441 AL","addressRegion":"Noord-Holland","addressCountry":"NL"},{"@type":"ImageObject","inLanguage":"de-DE","@id":"https:\/\/wijnhuis-mana.nl\/de\/product\/horizont-ns2023-tennessee-whiskey-ba-pastry-stout\/#local-main-organization-logo","url":"https:\/\/wijnhuis-mana.nl\/wp-content\/uploads\/2022\/01\/Logo_Wijnhuis-Mana_Kleur.jpg","contentUrl":"https:\/\/wijnhuis-mana.nl\/wp-content\/uploads\/2022\/01\/Logo_Wijnhuis-Mana_Kleur.jpg","width":400,"height":111,"caption":"Wijnhuis-Mana.nl"}]},"product_price_amount":"11.29","product_price_currency":"EUR","og_availability":"instock","product_availability":"instock","product_retailer_item_id":"5999566202773","product_condition":"new","geo.placename":"Purmerend","geo.region":"Netherlands"},"post_mailing_queue_ids":[],"_links":{"self":[{"href":"https:\/\/wijnhuis-mana.nl\/de\/wp-json\/wp\/v2\/product\/14677","targetHints":{"allow":["GET"]}}],"collection":[{"href":"https:\/\/wijnhuis-mana.nl\/de\/wp-json\/wp\/v2\/product"}],"about":[{"href":"https:\/\/wijnhuis-mana.nl\/de\/wp-json\/wp\/v2\/types\/product"}],"replies":[{"embeddable":true,"href":"https:\/\/wijnhuis-mana.nl\/de\/wp-json\/wp\/v2\/comments?post=14677"}],"wp:featuredmedia":[{"embeddable":true,"href":"https:\/\/wijnhuis-mana.nl\/de\/wp-json\/wp\/v2\/media\/14703"}],"wp:attachment":[{"href":"https:\/\/wijnhuis-mana.nl\/de\/wp-json\/wp\/v2\/media?parent=14677"}],"wp:term":[{"taxonomy":"product_brand","embeddable":true,"href":"https:\/\/wijnhuis-mana.nl\/de\/wp-json\/wp\/v2\/product_brand?post=14677"},{"taxonomy":"product_cat","embeddable":true,"href":"https:\/\/wijnhuis-mana.nl\/de\/wp-json\/wp\/v2\/product_cat?post=14677"},{"taxonomy":"product_tag","embeddable":true,"href":"https:\/\/wijnhuis-mana.nl\/de\/wp-json\/wp\/v2\/product_tag?post=14677"}],"curies":[{"name":"wp","href":"https:\/\/api.w.org\/{rel}","templated":true}]}}