{"id":6293,"date":"2022-10-11T17:28:26","date_gmt":"2022-10-11T15:28:26","guid":{"rendered":"https:\/\/wijnhuis-mana.nl\/shop\/niet-gecategoriseerd\/danos-winery-rkatsiteli\/"},"modified":"2026-03-26T10:57:57","modified_gmt":"2026-03-26T09:57:57","slug":"danos-winery-rkatsiteli","status":"publish","type":"product","link":"https:\/\/wijnhuis-mana.nl\/de\/product\/danos-winery-rkatsiteli\/","title":{"rendered":"Dano&#8217;s winery Rkatsiteli"},"content":{"rendered":"<p>Een klein jaartje geleden kwamen wij in contact met een Georgische wijnmaker welke voor het eerst commercieel wijn ging produceren. Hij vroeg ons of wij misschien zijn wijn zouden willen komen proeven en wellicht importeren. Aangezien het een hele vriendelijke man was en wij natuurlijk altijd open staan om wijnen te proeven, hebben wij hem ontmoet bij het dorp waar hij zijn wijn maakt: Khornabuji.<br \/>\nDaar aangekomen in een typisch idyllisch Georgisch dorp en evenzo huis, toonde\u00a0<span class=\"text_exposed_show\">hij ons zijn qvevri&#8217;s welke al decennia in de familie waren. Vervolgens toonde hij ons de kelder onder het huis waar fonkelnieuwe uit Itali\u00eb ge\u00efmporteerde RVS tanks stonden te glimmen. Het was duidelijk dat hij wellicht kleinschalig, maar heel serieus bezig was met wijn maken.<\/span><\/p>\n<div class=\"text_exposed_show\">\n<p>En dat hij serieus bezig was met wijn maken konden wij proeven terwijl wij op het balkon met uitzicht over de Caucassus aan de ene zijde, en het oude fort van Khornabuji aan de andere zijde, mochten genieten van een heerlijk Georgisch maal met zijn wijn. We waren meteen verkocht &#8211; niet alleen omdat het prachtige label een schets van het fort (door zijn vrouw Nona) van Khornabuji toonde, maar ook door deze betoverende wijn. En de druiven zijn dan ook nog eens geteeld zonder gebruik van herbicides en kunstmest &#8211; een zuivere puur natuur wijn zoals deze hoort te zijn.<\/p>\n<p>Met een duidelijke geur van kruidnagel en sinaasappelschil in de neus, een heerlijke elegante wijn in de mond met duidelijke smaken van sinaasappel, perzik, citroen en groene thee.<\/p>\n<p>Op Vivino scoort de wijn maar liefst een 4,4\/5 wat extreem hoog is, en de beschrijving erbij dat je geluk hebt zelfs een fles te bemachtigen in Georgi\u00eb.<\/p>\n<p>De wijn combineert goed met een geitenkaas (-salade), gevogelte of sushi.<\/p>\n<\/div>\n","protected":false},"excerpt":{"rendered":"<p>Het eerste commerciele wijnjaar van deze wijnmaker en al direct een groot succes met een prachtige, excentrieke wijn. Zelfs in Georgi\u00eb is het een voorrecht om een fles van deze wijnmaker te bemachtigen: er zijn slechts 1200 flessen gebotteld en er zijn er 300 van door ons in Nederland ge\u00efmporteerd. Nadat deze wijn onder de aandacht is gekomen in Georgi\u00eb is het inmiddels een uitdaging aldaar een fles te bemachtigen. En wij mogen deze wijnen op de Nederlandse markt aanbieden voor een aantrekkelijke prijs, dus wees er op tijd bij!<\/p>\n<div class=\"vivino-widget vivino-wine-card-widget\" data-vivino-widget-type=\"wine\" data-vivino-vintage-id=\"158800140\" data-vivino-user-id=\"679931\" data-vivino-widget-language=\"en\" data-vivino-widget-layout=\"small\"><a href=\"https:\/\/www.vivino.com\/dano-rkatsiteli-from-khornabuji\/w\/6826031\" target=\"_blank\" rel=\"noopener noreferrer\">Dano Rkatsiteli from Khornabuji on Vivino<\/a><\/div>\n<p>\nVivino score:<\/p>\n<div class=\"vivino-widget vivino-wine-card-widget\" data-vivino-widget-type=\"wineWithoutVintage\" data-vivino-wine-id=\"6826031\" data-make-vivino-redirect=\"true\" data-vivino-widget-language=\"en\" data-vivino-widget-layout=\"small_new\">\n  <a target=\"_blank\">Wine name<\/a>\n<\/div>\n","protected":false},"featured_media":11778,"comment_status":"open","ping_status":"closed","template":"","meta":[],"product_brand":[],"product_cat":[2888,2897,2894],"product_tag":[135,652],"class_list":{"0":"post-6293","1":"product","2":"type-product","3":"status-publish","4":"has-post-thumbnail","6":"product_cat-alle-wijn","7":"product_cat-georgische-wijn","8":"product_cat-orange-amber-wijn","9":"product_tag-georgische-wijn","10":"product_tag-oranje-wijn","12":"first","13":"instock","14":"taxable","15":"shipping-taxable","16":"purchasable","17":"product-type-simple"},"yoast_head":"<!-- This site is optimized with the Yoast SEO Premium plugin v27.3 (Yoast SEO v27.3) - https:\/\/yoast.com\/product\/yoast-seo-premium-wordpress\/ -->\n<title>Dano&#039;s winery Rkatsiteli | Georgische unieke wijn | Wijnhuis-Mana.nl<\/title>\n<meta name=\"description\" content=\"Proef eens deze Dano&#039;s winery Rkatsiteli, een mooie, oranje wijn met een unieke smaak uit Georgi\u00eb bij Wijnhuis-Mana.nl \u2713 Service \u2713 Kwaliteit \u2713 Snelle levering\" \/>\n<meta name=\"robots\" content=\"index, follow, max-snippet:-1, max-image-preview:large, max-video-preview:-1\" \/>\n<link rel=\"canonical\" href=\"https:\/\/wijnhuis-mana.nl\/de\/product\/danos-winery-rkatsiteli\/\" \/>\n<meta property=\"og:locale\" content=\"de_DE\" \/>\n<meta property=\"og:type\" content=\"article\" \/>\n<meta property=\"og:title\" content=\"Dano&#039;s winery Rkatsiteli\" \/>\n<meta property=\"og:description\" content=\"Proef eens deze Dano&#039;s winery Rkatsiteli, een mooie, oranje wijn met een unieke smaak uit Georgi\u00eb bij Wijnhuis-Mana.nl \u2713 Service \u2713 Kwaliteit \u2713 Snelle levering\" \/>\n<meta property=\"og:url\" content=\"https:\/\/wijnhuis-mana.nl\/de\/product\/danos-winery-rkatsiteli\/\" \/>\n<meta property=\"og:site_name\" content=\"Wijnhuis-Mana.nl\" \/>\n<meta property=\"article:publisher\" content=\"https:\/\/www.facebook.com\/wijnhuismana\" \/>\n<meta property=\"article:modified_time\" content=\"2026-03-26T09:57:57+00:00\" \/>\n<meta property=\"og:image\" content=\"https:\/\/wijnhuis-mana.nl\/wp-content\/uploads\/2022\/10\/Dano-Winery-Rkatsiteli.jpg\" \/>\n\t<meta property=\"og:image:width\" content=\"800\" \/>\n\t<meta property=\"og:image:height\" content=\"800\" \/>\n\t<meta property=\"og:image:type\" content=\"image\/jpeg\" \/>\n<meta name=\"twitter:card\" content=\"summary_large_image\" \/>\n<meta name=\"twitter:label1\" content=\"Price\" \/>\n\t<meta name=\"twitter:data1\" content=\"&euro;&nbsp;14,95\" \/>\n\t<meta name=\"twitter:label2\" content=\"Availability\" \/>\n\t<meta name=\"twitter:data2\" content=\"In stock\" \/>\n<script type=\"application\/ld+json\" class=\"yoast-schema-graph\">{\"@context\":\"https:\\\/\\\/schema.org\",\"@graph\":[{\"@type\":\"WebPage\",\"@id\":\"https:\\\/\\\/wijnhuis-mana.nl\\\/de\\\/product\\\/danos-winery-rkatsiteli\\\/\",\"url\":\"https:\\\/\\\/wijnhuis-mana.nl\\\/de\\\/product\\\/danos-winery-rkatsiteli\\\/\",\"name\":\"Dano's winery Rkatsiteli | Georgische unieke wijn | Wijnhuis-Mana.nl\",\"isPartOf\":{\"@id\":\"https:\\\/\\\/wijnhuis-mana.nl\\\/de\\\/#website\"},\"primaryImageOfPage\":{\"@id\":\"https:\\\/\\\/wijnhuis-mana.nl\\\/de\\\/product\\\/danos-winery-rkatsiteli\\\/#primaryimage\"},\"image\":{\"@id\":\"https:\\\/\\\/wijnhuis-mana.nl\\\/de\\\/product\\\/danos-winery-rkatsiteli\\\/#primaryimage\"},\"thumbnailUrl\":\"https:\\\/\\\/wijnhuis-mana.nl\\\/wp-content\\\/uploads\\\/2022\\\/10\\\/Dano-Winery-Rkatsiteli.jpg\",\"datePublished\":\"2022-10-11T15:28:26+00:00\",\"dateModified\":\"2026-03-26T09:57:57+00:00\",\"description\":\"Proef eens deze Dano's winery Rkatsiteli, een mooie, oranje wijn met een unieke smaak uit Georgi\u00eb bij Wijnhuis-Mana.nl \u2713 Service \u2713 Kwaliteit \u2713 Snelle levering\",\"breadcrumb\":{\"@id\":\"https:\\\/\\\/wijnhuis-mana.nl\\\/de\\\/product\\\/danos-winery-rkatsiteli\\\/#breadcrumb\"},\"inLanguage\":\"de-DE\",\"potentialAction\":[{\"@type\":\"ReadAction\",\"target\":[\"https:\\\/\\\/wijnhuis-mana.nl\\\/de\\\/product\\\/danos-winery-rkatsiteli\\\/\"]}]},{\"@type\":\"ImageObject\",\"inLanguage\":\"de-DE\",\"@id\":\"https:\\\/\\\/wijnhuis-mana.nl\\\/de\\\/product\\\/danos-winery-rkatsiteli\\\/#primaryimage\",\"url\":\"https:\\\/\\\/wijnhuis-mana.nl\\\/wp-content\\\/uploads\\\/2022\\\/10\\\/Dano-Winery-Rkatsiteli.jpg\",\"contentUrl\":\"https:\\\/\\\/wijnhuis-mana.nl\\\/wp-content\\\/uploads\\\/2022\\\/10\\\/Dano-Winery-Rkatsiteli.jpg\",\"width\":800,\"height\":800,\"caption\":\"Proef eens deze Dano's winery Rkatsiteli, een mooie, oranje wijn met een unieke smaak uit Georgi\u00eb bij Wijnhuis-Mana.nl \u2713 Service \u2713 Kwaliteit \u2713 Snelle levering\"},{\"@type\":\"BreadcrumbList\",\"@id\":\"https:\\\/\\\/wijnhuis-mana.nl\\\/de\\\/product\\\/danos-winery-rkatsiteli\\\/#breadcrumb\",\"itemListElement\":[{\"@type\":\"ListItem\",\"position\":1,\"name\":\"Home\",\"item\":\"https:\\\/\\\/wijnhuis-mana.nl\\\/de\\\/\"},{\"@type\":\"ListItem\",\"position\":2,\"name\":\"Shop\",\"item\":\"https:\\\/\\\/wijnhuis-mana.nl\\\/de\\\/shop-2\\\/\"},{\"@type\":\"ListItem\",\"position\":3,\"name\":\"Dano&#8217;s winery Rkatsiteli\"}]},{\"@type\":\"WebSite\",\"@id\":\"https:\\\/\\\/wijnhuis-mana.nl\\\/de\\\/#website\",\"url\":\"https:\\\/\\\/wijnhuis-mana.nl\\\/de\\\/\",\"name\":\"Wijnhuis-Mana.nl\",\"description\":\"Wijn v\u00e1n liefhebbers, v\u00f3\u00f3r liefhebbers\",\"publisher\":{\"@id\":\"https:\\\/\\\/wijnhuis-mana.nl\\\/de\\\/#organization\"},\"potentialAction\":[{\"@type\":\"SearchAction\",\"target\":{\"@type\":\"EntryPoint\",\"urlTemplate\":\"https:\\\/\\\/wijnhuis-mana.nl\\\/de\\\/?s={search_term_string}\"},\"query-input\":{\"@type\":\"PropertyValueSpecification\",\"valueRequired\":true,\"valueName\":\"search_term_string\"}}],\"inLanguage\":\"de-DE\"},{\"@type\":[\"Organization\",\"Place\"],\"@id\":\"https:\\\/\\\/wijnhuis-mana.nl\\\/de\\\/#organization\",\"name\":\"Wijnhuis-Mana.nl\",\"url\":\"https:\\\/\\\/wijnhuis-mana.nl\\\/de\\\/\",\"logo\":{\"@id\":\"https:\\\/\\\/wijnhuis-mana.nl\\\/de\\\/product\\\/danos-winery-rkatsiteli\\\/#local-main-organization-logo\"},\"image\":{\"@id\":\"https:\\\/\\\/wijnhuis-mana.nl\\\/de\\\/product\\\/danos-winery-rkatsiteli\\\/#local-main-organization-logo\"},\"sameAs\":[\"https:\\\/\\\/www.facebook.com\\\/wijnhuismana\",\"https:\\\/\\\/www.instagram.com\\\/ghvino.nl\"],\"hasMerchantReturnPolicy\":{\"@type\":\"MerchantReturnPolicy\",\"merchantReturnLink\":\"https:\\\/\\\/wijnhuis-mana.nl\\\/algemene-voorwaarden\\\/\"},\"address\":{\"@id\":\"https:\\\/\\\/wijnhuis-mana.nl\\\/de\\\/product\\\/danos-winery-rkatsiteli\\\/#local-main-place-address\"},\"telephone\":[\"0299-769018\"],\"openingHoursSpecification\":[{\"@type\":\"OpeningHoursSpecification\",\"dayOfWeek\":[\"Monday\",\"Sunday\"],\"opens\":\"00:00\",\"closes\":\"00:00\"},{\"@type\":\"OpeningHoursSpecification\",\"dayOfWeek\":[\"Tuesday\"],\"opens\":\"10:00\",\"closes\":\"18:00\"},{\"@type\":\"OpeningHoursSpecification\",\"dayOfWeek\":[\"Wednesday\",\"Thursday\",\"Saturday\"],\"opens\":\"11:00\",\"closes\":\"18:00\"},{\"@type\":\"OpeningHoursSpecification\",\"dayOfWeek\":[\"Friday\"],\"opens\":\"11:00\",\"closes\":\"21:00\"}],\"email\":\"info@wijnhuis-mana.nl\",\"areaServed\":\"Nederland\",\"vatID\":\"NL58KNAB0255573782\",\"taxID\":\"NL58KNAB0255573782\"},{\"@type\":\"PostalAddress\",\"@id\":\"https:\\\/\\\/wijnhuis-mana.nl\\\/de\\\/product\\\/danos-winery-rkatsiteli\\\/#local-main-place-address\",\"streetAddress\":\"Weerwal 11\",\"addressLocality\":\"Purmerend\",\"postalCode\":\"1441 AL\",\"addressRegion\":\"Noord-Holland\",\"addressCountry\":\"NL\"},{\"@type\":\"ImageObject\",\"inLanguage\":\"de-DE\",\"@id\":\"https:\\\/\\\/wijnhuis-mana.nl\\\/de\\\/product\\\/danos-winery-rkatsiteli\\\/#local-main-organization-logo\",\"url\":\"https:\\\/\\\/wijnhuis-mana.nl\\\/wp-content\\\/uploads\\\/2022\\\/01\\\/Logo_Wijnhuis-Mana_Kleur.jpg\",\"contentUrl\":\"https:\\\/\\\/wijnhuis-mana.nl\\\/wp-content\\\/uploads\\\/2022\\\/01\\\/Logo_Wijnhuis-Mana_Kleur.jpg\",\"width\":400,\"height\":111,\"caption\":\"Wijnhuis-Mana.nl\"}]}<\/script>\n<meta property=\"product:price:amount\" content=\"14.95\" \/>\n<meta property=\"product:price:currency\" content=\"EUR\" \/>\n<meta property=\"og:availability\" content=\"instock\" \/>\n<meta property=\"product:availability\" content=\"instock\" \/>\n<meta property=\"product:retailer_item_id\" content=\"4869002020746\" \/>\n<meta property=\"product:condition\" content=\"new\" \/>\n<meta name=\"geo.placename\" content=\"Purmerend\" \/>\n<meta name=\"geo.region\" content=\"Netherlands\" \/>\n<!-- \/ Yoast SEO Premium plugin. -->","yoast_head_json":{"title":"Dano's winery Rkatsiteli | Georgische unieke wijn | Wijnhuis-Mana.nl","description":"Proef eens deze Dano's winery Rkatsiteli, een mooie, oranje wijn met een unieke smaak uit Georgi\u00eb bij Wijnhuis-Mana.nl \u2713 Service \u2713 Kwaliteit \u2713 Snelle levering","robots":{"index":"index","follow":"follow","max-snippet":"max-snippet:-1","max-image-preview":"max-image-preview:large","max-video-preview":"max-video-preview:-1"},"canonical":"https:\/\/wijnhuis-mana.nl\/de\/product\/danos-winery-rkatsiteli\/","og_locale":"de_DE","og_type":"article","og_title":"Dano's winery Rkatsiteli","og_description":"Proef eens deze Dano's winery Rkatsiteli, een mooie, oranje wijn met een unieke smaak uit Georgi\u00eb bij Wijnhuis-Mana.nl \u2713 Service \u2713 Kwaliteit \u2713 Snelle levering","og_url":"https:\/\/wijnhuis-mana.nl\/de\/product\/danos-winery-rkatsiteli\/","og_site_name":"Wijnhuis-Mana.nl","article_publisher":"https:\/\/www.facebook.com\/wijnhuismana","article_modified_time":"2026-03-26T09:57:57+00:00","og_image":[{"width":800,"height":800,"url":"https:\/\/wijnhuis-mana.nl\/wp-content\/uploads\/2022\/10\/Dano-Winery-Rkatsiteli.jpg","type":"image\/jpeg"}],"twitter_card":"summary_large_image","twitter_misc":{"Price":"&euro;&nbsp;14,95","Availability":"In stock"},"schema":{"@context":"https:\/\/schema.org","@graph":[{"@type":"WebPage","@id":"https:\/\/wijnhuis-mana.nl\/de\/product\/danos-winery-rkatsiteli\/","url":"https:\/\/wijnhuis-mana.nl\/de\/product\/danos-winery-rkatsiteli\/","name":"Dano's winery Rkatsiteli | Georgische unieke wijn | Wijnhuis-Mana.nl","isPartOf":{"@id":"https:\/\/wijnhuis-mana.nl\/de\/#website"},"primaryImageOfPage":{"@id":"https:\/\/wijnhuis-mana.nl\/de\/product\/danos-winery-rkatsiteli\/#primaryimage"},"image":{"@id":"https:\/\/wijnhuis-mana.nl\/de\/product\/danos-winery-rkatsiteli\/#primaryimage"},"thumbnailUrl":"https:\/\/wijnhuis-mana.nl\/wp-content\/uploads\/2022\/10\/Dano-Winery-Rkatsiteli.jpg","datePublished":"2022-10-11T15:28:26+00:00","dateModified":"2026-03-26T09:57:57+00:00","description":"Proef eens deze Dano's winery Rkatsiteli, een mooie, oranje wijn met een unieke smaak uit Georgi\u00eb bij Wijnhuis-Mana.nl \u2713 Service \u2713 Kwaliteit \u2713 Snelle levering","breadcrumb":{"@id":"https:\/\/wijnhuis-mana.nl\/de\/product\/danos-winery-rkatsiteli\/#breadcrumb"},"inLanguage":"de-DE","potentialAction":[{"@type":"ReadAction","target":["https:\/\/wijnhuis-mana.nl\/de\/product\/danos-winery-rkatsiteli\/"]}]},{"@type":"ImageObject","inLanguage":"de-DE","@id":"https:\/\/wijnhuis-mana.nl\/de\/product\/danos-winery-rkatsiteli\/#primaryimage","url":"https:\/\/wijnhuis-mana.nl\/wp-content\/uploads\/2022\/10\/Dano-Winery-Rkatsiteli.jpg","contentUrl":"https:\/\/wijnhuis-mana.nl\/wp-content\/uploads\/2022\/10\/Dano-Winery-Rkatsiteli.jpg","width":800,"height":800,"caption":"Proef eens deze Dano's winery Rkatsiteli, een mooie, oranje wijn met een unieke smaak uit Georgi\u00eb bij Wijnhuis-Mana.nl \u2713 Service \u2713 Kwaliteit \u2713 Snelle levering"},{"@type":"BreadcrumbList","@id":"https:\/\/wijnhuis-mana.nl\/de\/product\/danos-winery-rkatsiteli\/#breadcrumb","itemListElement":[{"@type":"ListItem","position":1,"name":"Home","item":"https:\/\/wijnhuis-mana.nl\/de\/"},{"@type":"ListItem","position":2,"name":"Shop","item":"https:\/\/wijnhuis-mana.nl\/de\/shop-2\/"},{"@type":"ListItem","position":3,"name":"Dano&#8217;s winery Rkatsiteli"}]},{"@type":"WebSite","@id":"https:\/\/wijnhuis-mana.nl\/de\/#website","url":"https:\/\/wijnhuis-mana.nl\/de\/","name":"Wijnhuis-Mana.nl","description":"Wijn v\u00e1n liefhebbers, v\u00f3\u00f3r liefhebbers","publisher":{"@id":"https:\/\/wijnhuis-mana.nl\/de\/#organization"},"potentialAction":[{"@type":"SearchAction","target":{"@type":"EntryPoint","urlTemplate":"https:\/\/wijnhuis-mana.nl\/de\/?s={search_term_string}"},"query-input":{"@type":"PropertyValueSpecification","valueRequired":true,"valueName":"search_term_string"}}],"inLanguage":"de-DE"},{"@type":["Organization","Place"],"@id":"https:\/\/wijnhuis-mana.nl\/de\/#organization","name":"Wijnhuis-Mana.nl","url":"https:\/\/wijnhuis-mana.nl\/de\/","logo":{"@id":"https:\/\/wijnhuis-mana.nl\/de\/product\/danos-winery-rkatsiteli\/#local-main-organization-logo"},"image":{"@id":"https:\/\/wijnhuis-mana.nl\/de\/product\/danos-winery-rkatsiteli\/#local-main-organization-logo"},"sameAs":["https:\/\/www.facebook.com\/wijnhuismana","https:\/\/www.instagram.com\/ghvino.nl"],"hasMerchantReturnPolicy":{"@type":"MerchantReturnPolicy","merchantReturnLink":"https:\/\/wijnhuis-mana.nl\/algemene-voorwaarden\/"},"address":{"@id":"https:\/\/wijnhuis-mana.nl\/de\/product\/danos-winery-rkatsiteli\/#local-main-place-address"},"telephone":["0299-769018"],"openingHoursSpecification":[{"@type":"OpeningHoursSpecification","dayOfWeek":["Monday","Sunday"],"opens":"00:00","closes":"00:00"},{"@type":"OpeningHoursSpecification","dayOfWeek":["Tuesday"],"opens":"10:00","closes":"18:00"},{"@type":"OpeningHoursSpecification","dayOfWeek":["Wednesday","Thursday","Saturday"],"opens":"11:00","closes":"18:00"},{"@type":"OpeningHoursSpecification","dayOfWeek":["Friday"],"opens":"11:00","closes":"21:00"}],"email":"info@wijnhuis-mana.nl","areaServed":"Nederland","vatID":"NL58KNAB0255573782","taxID":"NL58KNAB0255573782"},{"@type":"PostalAddress","@id":"https:\/\/wijnhuis-mana.nl\/de\/product\/danos-winery-rkatsiteli\/#local-main-place-address","streetAddress":"Weerwal 11","addressLocality":"Purmerend","postalCode":"1441 AL","addressRegion":"Noord-Holland","addressCountry":"NL"},{"@type":"ImageObject","inLanguage":"de-DE","@id":"https:\/\/wijnhuis-mana.nl\/de\/product\/danos-winery-rkatsiteli\/#local-main-organization-logo","url":"https:\/\/wijnhuis-mana.nl\/wp-content\/uploads\/2022\/01\/Logo_Wijnhuis-Mana_Kleur.jpg","contentUrl":"https:\/\/wijnhuis-mana.nl\/wp-content\/uploads\/2022\/01\/Logo_Wijnhuis-Mana_Kleur.jpg","width":400,"height":111,"caption":"Wijnhuis-Mana.nl"}]},"product_price_amount":"14.95","product_price_currency":"EUR","og_availability":"instock","product_availability":"instock","product_retailer_item_id":"4869002020746","product_condition":"new","geo.placename":"Purmerend","geo.region":"Netherlands"},"post_mailing_queue_ids":[],"_links":{"self":[{"href":"https:\/\/wijnhuis-mana.nl\/de\/wp-json\/wp\/v2\/product\/6293","targetHints":{"allow":["GET"]}}],"collection":[{"href":"https:\/\/wijnhuis-mana.nl\/de\/wp-json\/wp\/v2\/product"}],"about":[{"href":"https:\/\/wijnhuis-mana.nl\/de\/wp-json\/wp\/v2\/types\/product"}],"replies":[{"embeddable":true,"href":"https:\/\/wijnhuis-mana.nl\/de\/wp-json\/wp\/v2\/comments?post=6293"}],"wp:featuredmedia":[{"embeddable":true,"href":"https:\/\/wijnhuis-mana.nl\/de\/wp-json\/wp\/v2\/media\/11778"}],"wp:attachment":[{"href":"https:\/\/wijnhuis-mana.nl\/de\/wp-json\/wp\/v2\/media?parent=6293"}],"wp:term":[{"taxonomy":"product_brand","embeddable":true,"href":"https:\/\/wijnhuis-mana.nl\/de\/wp-json\/wp\/v2\/product_brand?post=6293"},{"taxonomy":"product_cat","embeddable":true,"href":"https:\/\/wijnhuis-mana.nl\/de\/wp-json\/wp\/v2\/product_cat?post=6293"},{"taxonomy":"product_tag","embeddable":true,"href":"https:\/\/wijnhuis-mana.nl\/de\/wp-json\/wp\/v2\/product_tag?post=6293"}],"curies":[{"name":"wp","href":"https:\/\/api.w.org\/{rel}","templated":true}]}}