{"id":6504,"date":"2022-10-11T20:59:53","date_gmt":"2022-10-11T18:59:53","guid":{"rendered":"https:\/\/wijnhuis-mana.nl\/shop\/niet-gecategoriseerd\/kolkha-saperavi\/"},"modified":"2026-04-11T15:25:27","modified_gmt":"2026-04-11T13:25:27","slug":"kolkha-saperavi","status":"publish","type":"product","link":"https:\/\/wijnhuis-mana.nl\/de\/product\/kolkha-saperavi\/","title":{"rendered":"Kolkha Saperavi 2023"},"content":{"rendered":"<p><strong>Kolkha Saperavi<\/strong> is een karaktervolle rode wijn uit de Kakheti-regio in Georgi\u00eb, gemaakt van de inheemse Saperavi-druif. Deze wijn staat bekend om zijn diepe kleur, rijke aroma&#8217;s en harmonieuze smaakprofiel.<\/p>\n<h3>Druivenras en Vinificatie<\/h3>\n<p>De <strong>Saperavi<\/strong>-druif, een van de oudste en meest gewaardeerde druivenrassen van Georgi\u00eb, wordt met de hand geoogst in de vruchtbare wijngaarden van Kakheti. Na de oogst ondergaan de druiven een traditionele fermentatie, gevolgd door rijping om de complexiteit en diepte van de wijn te ontwikkelen.<\/p>\n<h3>Smaakprofiel<\/h3>\n<p>Kolkha Saperavi heeft een diepe robijnrode kleur. In de neus biedt de wijn intense aroma&#8217;s van rijpe kersen, zwarte moerbei en rode bessen. Het smaakpalet is vol en evenwichtig, met jonge tannines die zorgen voor een fluweelzachte en lange afdronk.<\/p>\n<h3>Serveeradvies<\/h3>\n<p>Deze wijn past uitstekend bij gegrild rood vlees, wildgerechten en gerijpte kazen. Schenk de wijn bij een temperatuur van 16-18\u00b0C om de rijke aroma&#8217;s en smaken volledig tot hun recht te laten komen.<\/p>\n<h3>Weetje<\/h3>\n<p>De naam &#8220;Saperavi&#8221; betekent letterlijk &#8220;verf&#8221; of &#8220;kleur&#8221; in het Georgisch, een verwijzing naar de diepe kleur die deze druif aan de wijn geeft. Het is een teinturier-druif, wat betekent dat zowel het sap als de schil gekleurd zijn, een zeldzaamheid onder druivenrassen.<\/p>\n","protected":false},"excerpt":{"rendered":"<p>Kolkha Saperavi is een volle rode wijn uit Georgi\u00eb met intense aroma&#8217;s van rijpe kersen en zwarte moerbei, een fluweelzachte textuur en een lange afdronk.<\/p>\n<p>\nVivino score:<\/p>\n<div class=\"vivino-widget vivino-wine-card-widget\" data-vivino-widget-type=\"wineWithoutVintage\" data-vivino-wine-id=\"6529032\" data-make-vivino-redirect=\"true\" data-vivino-widget-language=\"en\" data-vivino-widget-layout=\"small_new\">\n  <a target=\"_blank\">Wine name<\/a>\n<\/div>\n","protected":false},"featured_media":11524,"comment_status":"open","ping_status":"closed","template":"","meta":[],"product_brand":[],"product_cat":[2888,2897,2889],"product_tag":[588,135,136],"class_list":{"0":"post-6504","1":"product","2":"type-product","3":"status-publish","4":"has-post-thumbnail","6":"product_cat-alle-wijn","7":"product_cat-georgische-wijn","8":"product_cat-rode-wijn","9":"product_tag-aanbevolen","10":"product_tag-georgische-wijn","11":"product_tag-rode-wijn","13":"first","14":"instock","15":"taxable","16":"shipping-taxable","17":"purchasable","18":"product-type-simple"},"yoast_head":"<!-- This site is optimized with the Yoast SEO Premium plugin v27.3 (Yoast SEO v27.3) - https:\/\/yoast.com\/product\/yoast-seo-premium-wordpress\/ -->\n<title>Kolkha Saperavi \u2013 Karaktervolle Rode Wijn uit Georgi\u00eb<\/title>\n<meta name=\"description\" content=\"Ontdek de rijke smaak en diepe kleur van Kolkha Saperavi, een karaktervolle rode wijn uit Georgi\u00eb. Perfect bij gegrild rood vlees en gerijpte kazen. Proost!\" \/>\n<meta name=\"robots\" content=\"index, follow, max-snippet:-1, max-image-preview:large, max-video-preview:-1\" \/>\n<link rel=\"canonical\" href=\"https:\/\/wijnhuis-mana.nl\/de\/product\/kolkha-saperavi\/\" \/>\n<meta property=\"og:locale\" content=\"de_DE\" \/>\n<meta property=\"og:type\" content=\"article\" \/>\n<meta property=\"og:title\" content=\"Kolkha Saperavi 2023\" \/>\n<meta property=\"og:description\" content=\"Ontdek de rijke smaak en diepe kleur van Kolkha Saperavi, een karaktervolle rode wijn uit Georgi\u00eb. Perfect bij gegrild rood vlees en gerijpte kazen. Proost!\" \/>\n<meta property=\"og:url\" content=\"https:\/\/wijnhuis-mana.nl\/de\/product\/kolkha-saperavi\/\" \/>\n<meta property=\"og:site_name\" content=\"Wijnhuis-Mana.nl\" \/>\n<meta property=\"article:publisher\" content=\"https:\/\/www.facebook.com\/wijnhuismana\" \/>\n<meta property=\"article:modified_time\" content=\"2026-04-11T13:25:27+00:00\" \/>\n<meta property=\"og:image\" content=\"https:\/\/wijnhuis-mana.nl\/wp-content\/uploads\/2022\/10\/Kolkha-Saperavi.jpg\" \/>\n\t<meta property=\"og:image:width\" content=\"800\" \/>\n\t<meta property=\"og:image:height\" content=\"800\" \/>\n\t<meta property=\"og:image:type\" content=\"image\/jpeg\" \/>\n<meta name=\"twitter:card\" content=\"summary_large_image\" \/>\n<meta name=\"twitter:label1\" content=\"Price\" \/>\n\t<meta name=\"twitter:data1\" content=\"&euro;&nbsp;8,95\" \/>\n\t<meta name=\"twitter:label2\" content=\"Availability\" \/>\n\t<meta name=\"twitter:data2\" content=\"In stock\" \/>\n<script type=\"application\/ld+json\" class=\"yoast-schema-graph\">{\"@context\":\"https:\\\/\\\/schema.org\",\"@graph\":[{\"@type\":\"WebPage\",\"@id\":\"https:\\\/\\\/wijnhuis-mana.nl\\\/de\\\/product\\\/kolkha-saperavi\\\/\",\"url\":\"https:\\\/\\\/wijnhuis-mana.nl\\\/de\\\/product\\\/kolkha-saperavi\\\/\",\"name\":\"Kolkha Saperavi \u2013 Karaktervolle Rode Wijn uit Georgi\u00eb\",\"isPartOf\":{\"@id\":\"https:\\\/\\\/wijnhuis-mana.nl\\\/de\\\/#website\"},\"primaryImageOfPage\":{\"@id\":\"https:\\\/\\\/wijnhuis-mana.nl\\\/de\\\/product\\\/kolkha-saperavi\\\/#primaryimage\"},\"image\":{\"@id\":\"https:\\\/\\\/wijnhuis-mana.nl\\\/de\\\/product\\\/kolkha-saperavi\\\/#primaryimage\"},\"thumbnailUrl\":\"https:\\\/\\\/wijnhuis-mana.nl\\\/wp-content\\\/uploads\\\/2022\\\/10\\\/Kolkha-Saperavi.jpg\",\"datePublished\":\"2022-10-11T18:59:53+00:00\",\"dateModified\":\"2026-04-11T13:25:27+00:00\",\"description\":\"Ontdek de rijke smaak en diepe kleur van Kolkha Saperavi, een karaktervolle rode wijn uit Georgi\u00eb. Perfect bij gegrild rood vlees en gerijpte kazen. Proost!\",\"breadcrumb\":{\"@id\":\"https:\\\/\\\/wijnhuis-mana.nl\\\/de\\\/product\\\/kolkha-saperavi\\\/#breadcrumb\"},\"inLanguage\":\"de-DE\",\"potentialAction\":[{\"@type\":\"ReadAction\",\"target\":[\"https:\\\/\\\/wijnhuis-mana.nl\\\/de\\\/product\\\/kolkha-saperavi\\\/\"]}]},{\"@type\":\"ImageObject\",\"inLanguage\":\"de-DE\",\"@id\":\"https:\\\/\\\/wijnhuis-mana.nl\\\/de\\\/product\\\/kolkha-saperavi\\\/#primaryimage\",\"url\":\"https:\\\/\\\/wijnhuis-mana.nl\\\/wp-content\\\/uploads\\\/2022\\\/10\\\/Kolkha-Saperavi.jpg\",\"contentUrl\":\"https:\\\/\\\/wijnhuis-mana.nl\\\/wp-content\\\/uploads\\\/2022\\\/10\\\/Kolkha-Saperavi.jpg\",\"width\":800,\"height\":800,\"caption\":\"Ontdek de rijke smaak en diepe kleur van Kolkha Saperavi, een karaktervolle rode wijn uit Georgi\u00eb. Perfect bij gegrild rood vlees en gerijpte kazen. Proost!\"},{\"@type\":\"BreadcrumbList\",\"@id\":\"https:\\\/\\\/wijnhuis-mana.nl\\\/de\\\/product\\\/kolkha-saperavi\\\/#breadcrumb\",\"itemListElement\":[{\"@type\":\"ListItem\",\"position\":1,\"name\":\"Home\",\"item\":\"https:\\\/\\\/wijnhuis-mana.nl\\\/de\\\/\"},{\"@type\":\"ListItem\",\"position\":2,\"name\":\"Shop\",\"item\":\"https:\\\/\\\/wijnhuis-mana.nl\\\/de\\\/shop-2\\\/\"},{\"@type\":\"ListItem\",\"position\":3,\"name\":\"Kolkha Saperavi 2023\"}]},{\"@type\":\"WebSite\",\"@id\":\"https:\\\/\\\/wijnhuis-mana.nl\\\/de\\\/#website\",\"url\":\"https:\\\/\\\/wijnhuis-mana.nl\\\/de\\\/\",\"name\":\"Wijnhuis-Mana.nl\",\"description\":\"Wijn v\u00e1n liefhebbers, v\u00f3\u00f3r liefhebbers\",\"publisher\":{\"@id\":\"https:\\\/\\\/wijnhuis-mana.nl\\\/de\\\/#organization\"},\"potentialAction\":[{\"@type\":\"SearchAction\",\"target\":{\"@type\":\"EntryPoint\",\"urlTemplate\":\"https:\\\/\\\/wijnhuis-mana.nl\\\/de\\\/?s={search_term_string}\"},\"query-input\":{\"@type\":\"PropertyValueSpecification\",\"valueRequired\":true,\"valueName\":\"search_term_string\"}}],\"inLanguage\":\"de-DE\"},{\"@type\":[\"Organization\",\"Place\"],\"@id\":\"https:\\\/\\\/wijnhuis-mana.nl\\\/de\\\/#organization\",\"name\":\"Wijnhuis-Mana.nl\",\"url\":\"https:\\\/\\\/wijnhuis-mana.nl\\\/de\\\/\",\"logo\":{\"@id\":\"https:\\\/\\\/wijnhuis-mana.nl\\\/de\\\/product\\\/kolkha-saperavi\\\/#local-main-organization-logo\"},\"image\":{\"@id\":\"https:\\\/\\\/wijnhuis-mana.nl\\\/de\\\/product\\\/kolkha-saperavi\\\/#local-main-organization-logo\"},\"sameAs\":[\"https:\\\/\\\/www.facebook.com\\\/wijnhuismana\",\"https:\\\/\\\/www.instagram.com\\\/ghvino.nl\"],\"hasMerchantReturnPolicy\":{\"@type\":\"MerchantReturnPolicy\",\"merchantReturnLink\":\"https:\\\/\\\/wijnhuis-mana.nl\\\/algemene-voorwaarden\\\/\"},\"address\":{\"@id\":\"https:\\\/\\\/wijnhuis-mana.nl\\\/de\\\/product\\\/kolkha-saperavi\\\/#local-main-place-address\"},\"telephone\":[\"0299-769018\"],\"openingHoursSpecification\":[{\"@type\":\"OpeningHoursSpecification\",\"dayOfWeek\":[\"Monday\",\"Sunday\"],\"opens\":\"00:00\",\"closes\":\"00:00\"},{\"@type\":\"OpeningHoursSpecification\",\"dayOfWeek\":[\"Tuesday\"],\"opens\":\"10:00\",\"closes\":\"18:00\"},{\"@type\":\"OpeningHoursSpecification\",\"dayOfWeek\":[\"Wednesday\",\"Thursday\",\"Saturday\"],\"opens\":\"11:00\",\"closes\":\"18:00\"},{\"@type\":\"OpeningHoursSpecification\",\"dayOfWeek\":[\"Friday\"],\"opens\":\"11:00\",\"closes\":\"21:00\"}],\"email\":\"info@wijnhuis-mana.nl\",\"areaServed\":\"Nederland\",\"vatID\":\"NL58KNAB0255573782\",\"taxID\":\"NL58KNAB0255573782\"},{\"@type\":\"PostalAddress\",\"@id\":\"https:\\\/\\\/wijnhuis-mana.nl\\\/de\\\/product\\\/kolkha-saperavi\\\/#local-main-place-address\",\"streetAddress\":\"Weerwal 11\",\"addressLocality\":\"Purmerend\",\"postalCode\":\"1441 AL\",\"addressRegion\":\"Noord-Holland\",\"addressCountry\":\"NL\"},{\"@type\":\"ImageObject\",\"inLanguage\":\"de-DE\",\"@id\":\"https:\\\/\\\/wijnhuis-mana.nl\\\/de\\\/product\\\/kolkha-saperavi\\\/#local-main-organization-logo\",\"url\":\"https:\\\/\\\/wijnhuis-mana.nl\\\/wp-content\\\/uploads\\\/2022\\\/01\\\/Logo_Wijnhuis-Mana_Kleur.jpg\",\"contentUrl\":\"https:\\\/\\\/wijnhuis-mana.nl\\\/wp-content\\\/uploads\\\/2022\\\/01\\\/Logo_Wijnhuis-Mana_Kleur.jpg\",\"width\":400,\"height\":111,\"caption\":\"Wijnhuis-Mana.nl\"}]}<\/script>\n<meta property=\"product:price:amount\" content=\"8.95\" \/>\n<meta property=\"product:price:currency\" content=\"EUR\" \/>\n<meta property=\"og:availability\" content=\"instock\" \/>\n<meta property=\"product:availability\" content=\"instock\" \/>\n<meta property=\"product:retailer_item_id\" content=\"4860109190684\" \/>\n<meta property=\"product:condition\" content=\"new\" \/>\n<meta name=\"geo.placename\" content=\"Purmerend\" \/>\n<meta name=\"geo.region\" content=\"Netherlands\" \/>\n<!-- \/ Yoast SEO Premium plugin. -->","yoast_head_json":{"title":"Kolkha Saperavi \u2013 Karaktervolle Rode Wijn uit Georgi\u00eb","description":"Ontdek de rijke smaak en diepe kleur van Kolkha Saperavi, een karaktervolle rode wijn uit Georgi\u00eb. Perfect bij gegrild rood vlees en gerijpte kazen. Proost!","robots":{"index":"index","follow":"follow","max-snippet":"max-snippet:-1","max-image-preview":"max-image-preview:large","max-video-preview":"max-video-preview:-1"},"canonical":"https:\/\/wijnhuis-mana.nl\/de\/product\/kolkha-saperavi\/","og_locale":"de_DE","og_type":"article","og_title":"Kolkha Saperavi 2023","og_description":"Ontdek de rijke smaak en diepe kleur van Kolkha Saperavi, een karaktervolle rode wijn uit Georgi\u00eb. Perfect bij gegrild rood vlees en gerijpte kazen. Proost!","og_url":"https:\/\/wijnhuis-mana.nl\/de\/product\/kolkha-saperavi\/","og_site_name":"Wijnhuis-Mana.nl","article_publisher":"https:\/\/www.facebook.com\/wijnhuismana","article_modified_time":"2026-04-11T13:25:27+00:00","og_image":[{"width":800,"height":800,"url":"https:\/\/wijnhuis-mana.nl\/wp-content\/uploads\/2022\/10\/Kolkha-Saperavi.jpg","type":"image\/jpeg"}],"twitter_card":"summary_large_image","twitter_misc":{"Price":"&euro;&nbsp;8,95","Availability":"In stock"},"schema":{"@context":"https:\/\/schema.org","@graph":[{"@type":"WebPage","@id":"https:\/\/wijnhuis-mana.nl\/de\/product\/kolkha-saperavi\/","url":"https:\/\/wijnhuis-mana.nl\/de\/product\/kolkha-saperavi\/","name":"Kolkha Saperavi \u2013 Karaktervolle Rode Wijn uit Georgi\u00eb","isPartOf":{"@id":"https:\/\/wijnhuis-mana.nl\/de\/#website"},"primaryImageOfPage":{"@id":"https:\/\/wijnhuis-mana.nl\/de\/product\/kolkha-saperavi\/#primaryimage"},"image":{"@id":"https:\/\/wijnhuis-mana.nl\/de\/product\/kolkha-saperavi\/#primaryimage"},"thumbnailUrl":"https:\/\/wijnhuis-mana.nl\/wp-content\/uploads\/2022\/10\/Kolkha-Saperavi.jpg","datePublished":"2022-10-11T18:59:53+00:00","dateModified":"2026-04-11T13:25:27+00:00","description":"Ontdek de rijke smaak en diepe kleur van Kolkha Saperavi, een karaktervolle rode wijn uit Georgi\u00eb. Perfect bij gegrild rood vlees en gerijpte kazen. Proost!","breadcrumb":{"@id":"https:\/\/wijnhuis-mana.nl\/de\/product\/kolkha-saperavi\/#breadcrumb"},"inLanguage":"de-DE","potentialAction":[{"@type":"ReadAction","target":["https:\/\/wijnhuis-mana.nl\/de\/product\/kolkha-saperavi\/"]}]},{"@type":"ImageObject","inLanguage":"de-DE","@id":"https:\/\/wijnhuis-mana.nl\/de\/product\/kolkha-saperavi\/#primaryimage","url":"https:\/\/wijnhuis-mana.nl\/wp-content\/uploads\/2022\/10\/Kolkha-Saperavi.jpg","contentUrl":"https:\/\/wijnhuis-mana.nl\/wp-content\/uploads\/2022\/10\/Kolkha-Saperavi.jpg","width":800,"height":800,"caption":"Ontdek de rijke smaak en diepe kleur van Kolkha Saperavi, een karaktervolle rode wijn uit Georgi\u00eb. Perfect bij gegrild rood vlees en gerijpte kazen. Proost!"},{"@type":"BreadcrumbList","@id":"https:\/\/wijnhuis-mana.nl\/de\/product\/kolkha-saperavi\/#breadcrumb","itemListElement":[{"@type":"ListItem","position":1,"name":"Home","item":"https:\/\/wijnhuis-mana.nl\/de\/"},{"@type":"ListItem","position":2,"name":"Shop","item":"https:\/\/wijnhuis-mana.nl\/de\/shop-2\/"},{"@type":"ListItem","position":3,"name":"Kolkha Saperavi 2023"}]},{"@type":"WebSite","@id":"https:\/\/wijnhuis-mana.nl\/de\/#website","url":"https:\/\/wijnhuis-mana.nl\/de\/","name":"Wijnhuis-Mana.nl","description":"Wijn v\u00e1n liefhebbers, v\u00f3\u00f3r liefhebbers","publisher":{"@id":"https:\/\/wijnhuis-mana.nl\/de\/#organization"},"potentialAction":[{"@type":"SearchAction","target":{"@type":"EntryPoint","urlTemplate":"https:\/\/wijnhuis-mana.nl\/de\/?s={search_term_string}"},"query-input":{"@type":"PropertyValueSpecification","valueRequired":true,"valueName":"search_term_string"}}],"inLanguage":"de-DE"},{"@type":["Organization","Place"],"@id":"https:\/\/wijnhuis-mana.nl\/de\/#organization","name":"Wijnhuis-Mana.nl","url":"https:\/\/wijnhuis-mana.nl\/de\/","logo":{"@id":"https:\/\/wijnhuis-mana.nl\/de\/product\/kolkha-saperavi\/#local-main-organization-logo"},"image":{"@id":"https:\/\/wijnhuis-mana.nl\/de\/product\/kolkha-saperavi\/#local-main-organization-logo"},"sameAs":["https:\/\/www.facebook.com\/wijnhuismana","https:\/\/www.instagram.com\/ghvino.nl"],"hasMerchantReturnPolicy":{"@type":"MerchantReturnPolicy","merchantReturnLink":"https:\/\/wijnhuis-mana.nl\/algemene-voorwaarden\/"},"address":{"@id":"https:\/\/wijnhuis-mana.nl\/de\/product\/kolkha-saperavi\/#local-main-place-address"},"telephone":["0299-769018"],"openingHoursSpecification":[{"@type":"OpeningHoursSpecification","dayOfWeek":["Monday","Sunday"],"opens":"00:00","closes":"00:00"},{"@type":"OpeningHoursSpecification","dayOfWeek":["Tuesday"],"opens":"10:00","closes":"18:00"},{"@type":"OpeningHoursSpecification","dayOfWeek":["Wednesday","Thursday","Saturday"],"opens":"11:00","closes":"18:00"},{"@type":"OpeningHoursSpecification","dayOfWeek":["Friday"],"opens":"11:00","closes":"21:00"}],"email":"info@wijnhuis-mana.nl","areaServed":"Nederland","vatID":"NL58KNAB0255573782","taxID":"NL58KNAB0255573782"},{"@type":"PostalAddress","@id":"https:\/\/wijnhuis-mana.nl\/de\/product\/kolkha-saperavi\/#local-main-place-address","streetAddress":"Weerwal 11","addressLocality":"Purmerend","postalCode":"1441 AL","addressRegion":"Noord-Holland","addressCountry":"NL"},{"@type":"ImageObject","inLanguage":"de-DE","@id":"https:\/\/wijnhuis-mana.nl\/de\/product\/kolkha-saperavi\/#local-main-organization-logo","url":"https:\/\/wijnhuis-mana.nl\/wp-content\/uploads\/2022\/01\/Logo_Wijnhuis-Mana_Kleur.jpg","contentUrl":"https:\/\/wijnhuis-mana.nl\/wp-content\/uploads\/2022\/01\/Logo_Wijnhuis-Mana_Kleur.jpg","width":400,"height":111,"caption":"Wijnhuis-Mana.nl"}]},"product_price_amount":"8.95","product_price_currency":"EUR","og_availability":"instock","product_availability":"instock","product_retailer_item_id":"4860109190684","product_condition":"new","geo.placename":"Purmerend","geo.region":"Netherlands"},"post_mailing_queue_ids":[],"_links":{"self":[{"href":"https:\/\/wijnhuis-mana.nl\/de\/wp-json\/wp\/v2\/product\/6504","targetHints":{"allow":["GET"]}}],"collection":[{"href":"https:\/\/wijnhuis-mana.nl\/de\/wp-json\/wp\/v2\/product"}],"about":[{"href":"https:\/\/wijnhuis-mana.nl\/de\/wp-json\/wp\/v2\/types\/product"}],"replies":[{"embeddable":true,"href":"https:\/\/wijnhuis-mana.nl\/de\/wp-json\/wp\/v2\/comments?post=6504"}],"wp:featuredmedia":[{"embeddable":true,"href":"https:\/\/wijnhuis-mana.nl\/de\/wp-json\/wp\/v2\/media\/11524"}],"wp:attachment":[{"href":"https:\/\/wijnhuis-mana.nl\/de\/wp-json\/wp\/v2\/media?parent=6504"}],"wp:term":[{"taxonomy":"product_brand","embeddable":true,"href":"https:\/\/wijnhuis-mana.nl\/de\/wp-json\/wp\/v2\/product_brand?post=6504"},{"taxonomy":"product_cat","embeddable":true,"href":"https:\/\/wijnhuis-mana.nl\/de\/wp-json\/wp\/v2\/product_cat?post=6504"},{"taxonomy":"product_tag","embeddable":true,"href":"https:\/\/wijnhuis-mana.nl\/de\/wp-json\/wp\/v2\/product_tag?post=6504"}],"curies":[{"name":"wp","href":"https:\/\/api.w.org\/{rel}","templated":true}]}}