{"id":9084,"date":"2023-09-26T18:23:31","date_gmt":"2023-09-26T16:23:31","guid":{"rendered":"https:\/\/wijnhuis-mana.nl\/?post_type=product&#038;p=9084"},"modified":"2026-04-04T11:12:05","modified_gmt":"2026-04-04T09:12:05","slug":"cielo-gran-maestro-appassimento-bianco","status":"publish","type":"product","link":"https:\/\/wijnhuis-mana.nl\/de\/product\/cielo-gran-maestro-appassimento-bianco\/","title":{"rendered":"Cielo Gran Maestro Appassimento Bianco"},"content":{"rendered":"<div class=\"DescriptionBlock_cc-desc-item__E8eNd\">\n<div class=\"DescriptionBlock_cc-desc-item__E8eNd\">\n<div class=\"DescriptionBlock_cc-desc-item__E8eNd\">\n<div class=\"DescriptionBlock_cc-desc-item__E8eNd\">\n<p>Deze wijn wordt gemaakt van Chardonnay en Fiano\u00a0 druiven die gedeeltelijk gedroogd zijn. De druiven komen uit de regio Puglia.<\/p>\n<\/div>\n<div class=\"DescriptionBlock_cc-desc-item__E8eNd\">\n<p>De wijn heeft een goudgele kleur. Het bouquet heeft\u00a0 aangename hints van tropisch fruit. Op het palet is het een volle, ronde en warme wijn met structuur en zachtheid. Een delicate en aromatische lange finish. De wijn behoud zijn frisheid en aroma&#8217;s in zowel geur als smaak.<\/p>\n<\/div>\n<div class=\"DescriptionBlock_cc-desc-item__E8eNd\">\n<p>Een heerlijke wijn om te combineren met rijke voorgerechten, magere vis, wit vlees, rijpe kazen en gegrilde groenten. Ook erg geschikt om te drinken met\u00a0 vrienden of na de maaltijd.<\/p>\n<\/div>\n<\/div>\n<\/div>\n<\/div>\n","protected":false},"excerpt":{"rendered":"<p>Deze wijn wordt gemaakt van Chardonnay en Fiano\u00a0 druiven die gedeeltelijk gedroogd zijn. De druiven komen uit de regio Puglia.<\/p>\n<p>\nVivino score:<\/p>\n<div class=\"vivino-widget vivino-wine-card-widget\" data-vivino-widget-type=\"wineWithoutVintage\" data-vivino-wine-id=\"3994983\" data-make-vivino-redirect=\"true\" data-vivino-widget-language=\"en\" data-vivino-widget-layout=\"small_new\">\n  <a target=\"_blank\">Wine name<\/a>\n<\/div>\n","protected":false},"featured_media":9086,"comment_status":"open","ping_status":"closed","template":"","meta":[],"product_brand":[],"product_cat":[2888,2899,2890],"product_tag":[137,411,143,142],"class_list":{"0":"post-9084","1":"product","2":"type-product","3":"status-publish","4":"has-post-thumbnail","6":"product_cat-alle-wijn","7":"product_cat-italiaanse-wijn","8":"product_cat-witte-wijn","9":"product_tag-droge-wijn","10":"product_tag-italiaanse-wijn","11":"product_tag-traditionele-vinificatie","12":"product_tag-witte-wijn","14":"first","15":"instock","16":"taxable","17":"shipping-taxable","18":"purchasable","19":"product-type-simple"},"yoast_head":"<!-- This site is optimized with the Yoast SEO Premium plugin v27.3 (Yoast SEO v27.3) - https:\/\/yoast.com\/product\/yoast-seo-premium-wordpress\/ -->\n<title>Cielo Gran Maestro Appassimento Bianco | Italiaanse unieke wijn | Wijnhuis-Mana.nl<\/title>\n<meta name=\"description\" content=\"Proef eens deze Cielo Gran Maestro Appassimento Bianco , een droge witte wijn uit Itali\u00eb bij Wijnhuis-Mana.nl \u2713 Service \u2713 Kwaliteit \u2713 Snelle levering\" \/>\n<meta name=\"robots\" content=\"index, follow, max-snippet:-1, max-image-preview:large, max-video-preview:-1\" \/>\n<link rel=\"canonical\" href=\"https:\/\/wijnhuis-mana.nl\/de\/product\/cielo-gran-maestro-appassimento-bianco\/\" \/>\n<meta property=\"og:locale\" content=\"de_DE\" \/>\n<meta property=\"og:type\" content=\"article\" \/>\n<meta property=\"og:title\" content=\"Cielo Gran Maestro Appassimento Bianco\" \/>\n<meta property=\"og:description\" content=\"Proef eens deze Cielo Gran Maestro Appassimento Bianco , een droge witte wijn uit Itali\u00eb bij Wijnhuis-Mana.nl \u2713 Service \u2713 Kwaliteit \u2713 Snelle levering\" \/>\n<meta property=\"og:url\" content=\"https:\/\/wijnhuis-mana.nl\/de\/product\/cielo-gran-maestro-appassimento-bianco\/\" \/>\n<meta property=\"og:site_name\" content=\"Wijnhuis-Mana.nl\" \/>\n<meta property=\"article:publisher\" content=\"https:\/\/www.facebook.com\/wijnhuismana\" \/>\n<meta property=\"article:modified_time\" content=\"2026-04-04T09:12:05+00:00\" \/>\n<meta property=\"og:image\" content=\"https:\/\/wijnhuis-mana.nl\/wp-content\/uploads\/2023\/09\/Cielo-Gran-Maestro-Appassimento-Bianco.jpg\" \/>\n\t<meta property=\"og:image:width\" content=\"800\" \/>\n\t<meta property=\"og:image:height\" content=\"800\" \/>\n\t<meta property=\"og:image:type\" content=\"image\/jpeg\" \/>\n<meta name=\"twitter:card\" content=\"summary_large_image\" \/>\n<meta name=\"twitter:label1\" content=\"Price\" \/>\n\t<meta name=\"twitter:data1\" content=\"&euro;&nbsp;7,89\" \/>\n\t<meta name=\"twitter:label2\" content=\"Availability\" \/>\n\t<meta name=\"twitter:data2\" content=\"In stock\" \/>\n<script type=\"application\/ld+json\" class=\"yoast-schema-graph\">{\"@context\":\"https:\\\/\\\/schema.org\",\"@graph\":[{\"@type\":\"WebPage\",\"@id\":\"https:\\\/\\\/wijnhuis-mana.nl\\\/de\\\/product\\\/cielo-gran-maestro-appassimento-bianco\\\/\",\"url\":\"https:\\\/\\\/wijnhuis-mana.nl\\\/de\\\/product\\\/cielo-gran-maestro-appassimento-bianco\\\/\",\"name\":\"Cielo Gran Maestro Appassimento Bianco | Italiaanse unieke wijn | Wijnhuis-Mana.nl\",\"isPartOf\":{\"@id\":\"https:\\\/\\\/wijnhuis-mana.nl\\\/de\\\/#website\"},\"primaryImageOfPage\":{\"@id\":\"https:\\\/\\\/wijnhuis-mana.nl\\\/de\\\/product\\\/cielo-gran-maestro-appassimento-bianco\\\/#primaryimage\"},\"image\":{\"@id\":\"https:\\\/\\\/wijnhuis-mana.nl\\\/de\\\/product\\\/cielo-gran-maestro-appassimento-bianco\\\/#primaryimage\"},\"thumbnailUrl\":\"https:\\\/\\\/wijnhuis-mana.nl\\\/wp-content\\\/uploads\\\/2023\\\/09\\\/Cielo-Gran-Maestro-Appassimento-Bianco.jpg\",\"datePublished\":\"2023-09-26T16:23:31+00:00\",\"dateModified\":\"2026-04-04T09:12:05+00:00\",\"description\":\"Proef eens deze Cielo Gran Maestro Appassimento Bianco , een droge witte wijn uit Itali\u00eb bij Wijnhuis-Mana.nl \u2713 Service \u2713 Kwaliteit \u2713 Snelle levering\",\"breadcrumb\":{\"@id\":\"https:\\\/\\\/wijnhuis-mana.nl\\\/de\\\/product\\\/cielo-gran-maestro-appassimento-bianco\\\/#breadcrumb\"},\"inLanguage\":\"de-DE\",\"potentialAction\":[{\"@type\":\"ReadAction\",\"target\":[\"https:\\\/\\\/wijnhuis-mana.nl\\\/de\\\/product\\\/cielo-gran-maestro-appassimento-bianco\\\/\"]}]},{\"@type\":\"ImageObject\",\"inLanguage\":\"de-DE\",\"@id\":\"https:\\\/\\\/wijnhuis-mana.nl\\\/de\\\/product\\\/cielo-gran-maestro-appassimento-bianco\\\/#primaryimage\",\"url\":\"https:\\\/\\\/wijnhuis-mana.nl\\\/wp-content\\\/uploads\\\/2023\\\/09\\\/Cielo-Gran-Maestro-Appassimento-Bianco.jpg\",\"contentUrl\":\"https:\\\/\\\/wijnhuis-mana.nl\\\/wp-content\\\/uploads\\\/2023\\\/09\\\/Cielo-Gran-Maestro-Appassimento-Bianco.jpg\",\"width\":800,\"height\":800,\"caption\":\"Proef eens deze Cielo Gran Maestro Appassimento Bianco , een droge witte wijn uit Itali\u00eb bij Wijnhuis-Mana.nl \u2713 Service \u2713 Kwaliteit \u2713 Snelle levering\"},{\"@type\":\"BreadcrumbList\",\"@id\":\"https:\\\/\\\/wijnhuis-mana.nl\\\/de\\\/product\\\/cielo-gran-maestro-appassimento-bianco\\\/#breadcrumb\",\"itemListElement\":[{\"@type\":\"ListItem\",\"position\":1,\"name\":\"Home\",\"item\":\"https:\\\/\\\/wijnhuis-mana.nl\\\/de\\\/\"},{\"@type\":\"ListItem\",\"position\":2,\"name\":\"Shop\",\"item\":\"https:\\\/\\\/wijnhuis-mana.nl\\\/de\\\/shop-2\\\/\"},{\"@type\":\"ListItem\",\"position\":3,\"name\":\"Cielo Gran Maestro Appassimento Bianco\"}]},{\"@type\":\"WebSite\",\"@id\":\"https:\\\/\\\/wijnhuis-mana.nl\\\/de\\\/#website\",\"url\":\"https:\\\/\\\/wijnhuis-mana.nl\\\/de\\\/\",\"name\":\"Wijnhuis-Mana.nl\",\"description\":\"Wijn v\u00e1n liefhebbers, v\u00f3\u00f3r liefhebbers\",\"publisher\":{\"@id\":\"https:\\\/\\\/wijnhuis-mana.nl\\\/de\\\/#organization\"},\"potentialAction\":[{\"@type\":\"SearchAction\",\"target\":{\"@type\":\"EntryPoint\",\"urlTemplate\":\"https:\\\/\\\/wijnhuis-mana.nl\\\/de\\\/?s={search_term_string}\"},\"query-input\":{\"@type\":\"PropertyValueSpecification\",\"valueRequired\":true,\"valueName\":\"search_term_string\"}}],\"inLanguage\":\"de-DE\"},{\"@type\":[\"Organization\",\"Place\"],\"@id\":\"https:\\\/\\\/wijnhuis-mana.nl\\\/de\\\/#organization\",\"name\":\"Wijnhuis-Mana.nl\",\"url\":\"https:\\\/\\\/wijnhuis-mana.nl\\\/de\\\/\",\"logo\":{\"@id\":\"https:\\\/\\\/wijnhuis-mana.nl\\\/de\\\/product\\\/cielo-gran-maestro-appassimento-bianco\\\/#local-main-organization-logo\"},\"image\":{\"@id\":\"https:\\\/\\\/wijnhuis-mana.nl\\\/de\\\/product\\\/cielo-gran-maestro-appassimento-bianco\\\/#local-main-organization-logo\"},\"sameAs\":[\"https:\\\/\\\/www.facebook.com\\\/wijnhuismana\",\"https:\\\/\\\/www.instagram.com\\\/ghvino.nl\"],\"hasMerchantReturnPolicy\":{\"@type\":\"MerchantReturnPolicy\",\"merchantReturnLink\":\"https:\\\/\\\/wijnhuis-mana.nl\\\/algemene-voorwaarden\\\/\"},\"address\":{\"@id\":\"https:\\\/\\\/wijnhuis-mana.nl\\\/de\\\/product\\\/cielo-gran-maestro-appassimento-bianco\\\/#local-main-place-address\"},\"telephone\":[\"0299-769018\"],\"openingHoursSpecification\":[{\"@type\":\"OpeningHoursSpecification\",\"dayOfWeek\":[\"Monday\",\"Sunday\"],\"opens\":\"00:00\",\"closes\":\"00:00\"},{\"@type\":\"OpeningHoursSpecification\",\"dayOfWeek\":[\"Tuesday\"],\"opens\":\"10:00\",\"closes\":\"18:00\"},{\"@type\":\"OpeningHoursSpecification\",\"dayOfWeek\":[\"Wednesday\",\"Thursday\",\"Saturday\"],\"opens\":\"11:00\",\"closes\":\"18:00\"},{\"@type\":\"OpeningHoursSpecification\",\"dayOfWeek\":[\"Friday\"],\"opens\":\"11:00\",\"closes\":\"21:00\"}],\"email\":\"info@wijnhuis-mana.nl\",\"areaServed\":\"Nederland\",\"vatID\":\"NL58KNAB0255573782\",\"taxID\":\"NL58KNAB0255573782\"},{\"@type\":\"PostalAddress\",\"@id\":\"https:\\\/\\\/wijnhuis-mana.nl\\\/de\\\/product\\\/cielo-gran-maestro-appassimento-bianco\\\/#local-main-place-address\",\"streetAddress\":\"Weerwal 11\",\"addressLocality\":\"Purmerend\",\"postalCode\":\"1441 AL\",\"addressRegion\":\"Noord-Holland\",\"addressCountry\":\"NL\"},{\"@type\":\"ImageObject\",\"inLanguage\":\"de-DE\",\"@id\":\"https:\\\/\\\/wijnhuis-mana.nl\\\/de\\\/product\\\/cielo-gran-maestro-appassimento-bianco\\\/#local-main-organization-logo\",\"url\":\"https:\\\/\\\/wijnhuis-mana.nl\\\/wp-content\\\/uploads\\\/2022\\\/01\\\/Logo_Wijnhuis-Mana_Kleur.jpg\",\"contentUrl\":\"https:\\\/\\\/wijnhuis-mana.nl\\\/wp-content\\\/uploads\\\/2022\\\/01\\\/Logo_Wijnhuis-Mana_Kleur.jpg\",\"width\":400,\"height\":111,\"caption\":\"Wijnhuis-Mana.nl\"}]}<\/script>\n<meta property=\"product:price:amount\" content=\"7.89\" \/>\n<meta property=\"product:price:currency\" content=\"EUR\" \/>\n<meta property=\"og:availability\" content=\"instock\" \/>\n<meta property=\"product:availability\" content=\"instock\" \/>\n<meta property=\"product:retailer_item_id\" content=\"8008900007817\" \/>\n<meta property=\"product:condition\" content=\"new\" \/>\n<meta name=\"geo.placename\" content=\"Purmerend\" \/>\n<meta name=\"geo.region\" content=\"Netherlands\" \/>\n<!-- \/ Yoast SEO Premium plugin. -->","yoast_head_json":{"title":"Cielo Gran Maestro Appassimento Bianco | Italiaanse unieke wijn | Wijnhuis-Mana.nl","description":"Proef eens deze Cielo Gran Maestro Appassimento Bianco , een droge witte wijn uit Itali\u00eb bij Wijnhuis-Mana.nl \u2713 Service \u2713 Kwaliteit \u2713 Snelle levering","robots":{"index":"index","follow":"follow","max-snippet":"max-snippet:-1","max-image-preview":"max-image-preview:large","max-video-preview":"max-video-preview:-1"},"canonical":"https:\/\/wijnhuis-mana.nl\/de\/product\/cielo-gran-maestro-appassimento-bianco\/","og_locale":"de_DE","og_type":"article","og_title":"Cielo Gran Maestro Appassimento Bianco","og_description":"Proef eens deze Cielo Gran Maestro Appassimento Bianco , een droge witte wijn uit Itali\u00eb bij Wijnhuis-Mana.nl \u2713 Service \u2713 Kwaliteit \u2713 Snelle levering","og_url":"https:\/\/wijnhuis-mana.nl\/de\/product\/cielo-gran-maestro-appassimento-bianco\/","og_site_name":"Wijnhuis-Mana.nl","article_publisher":"https:\/\/www.facebook.com\/wijnhuismana","article_modified_time":"2026-04-04T09:12:05+00:00","og_image":[{"width":800,"height":800,"url":"https:\/\/wijnhuis-mana.nl\/wp-content\/uploads\/2023\/09\/Cielo-Gran-Maestro-Appassimento-Bianco.jpg","type":"image\/jpeg"}],"twitter_card":"summary_large_image","twitter_misc":{"Price":"&euro;&nbsp;7,89","Availability":"In stock"},"schema":{"@context":"https:\/\/schema.org","@graph":[{"@type":"WebPage","@id":"https:\/\/wijnhuis-mana.nl\/de\/product\/cielo-gran-maestro-appassimento-bianco\/","url":"https:\/\/wijnhuis-mana.nl\/de\/product\/cielo-gran-maestro-appassimento-bianco\/","name":"Cielo Gran Maestro Appassimento Bianco | Italiaanse unieke wijn | Wijnhuis-Mana.nl","isPartOf":{"@id":"https:\/\/wijnhuis-mana.nl\/de\/#website"},"primaryImageOfPage":{"@id":"https:\/\/wijnhuis-mana.nl\/de\/product\/cielo-gran-maestro-appassimento-bianco\/#primaryimage"},"image":{"@id":"https:\/\/wijnhuis-mana.nl\/de\/product\/cielo-gran-maestro-appassimento-bianco\/#primaryimage"},"thumbnailUrl":"https:\/\/wijnhuis-mana.nl\/wp-content\/uploads\/2023\/09\/Cielo-Gran-Maestro-Appassimento-Bianco.jpg","datePublished":"2023-09-26T16:23:31+00:00","dateModified":"2026-04-04T09:12:05+00:00","description":"Proef eens deze Cielo Gran Maestro Appassimento Bianco , een droge witte wijn uit Itali\u00eb bij Wijnhuis-Mana.nl \u2713 Service \u2713 Kwaliteit \u2713 Snelle levering","breadcrumb":{"@id":"https:\/\/wijnhuis-mana.nl\/de\/product\/cielo-gran-maestro-appassimento-bianco\/#breadcrumb"},"inLanguage":"de-DE","potentialAction":[{"@type":"ReadAction","target":["https:\/\/wijnhuis-mana.nl\/de\/product\/cielo-gran-maestro-appassimento-bianco\/"]}]},{"@type":"ImageObject","inLanguage":"de-DE","@id":"https:\/\/wijnhuis-mana.nl\/de\/product\/cielo-gran-maestro-appassimento-bianco\/#primaryimage","url":"https:\/\/wijnhuis-mana.nl\/wp-content\/uploads\/2023\/09\/Cielo-Gran-Maestro-Appassimento-Bianco.jpg","contentUrl":"https:\/\/wijnhuis-mana.nl\/wp-content\/uploads\/2023\/09\/Cielo-Gran-Maestro-Appassimento-Bianco.jpg","width":800,"height":800,"caption":"Proef eens deze Cielo Gran Maestro Appassimento Bianco , een droge witte wijn uit Itali\u00eb bij Wijnhuis-Mana.nl \u2713 Service \u2713 Kwaliteit \u2713 Snelle levering"},{"@type":"BreadcrumbList","@id":"https:\/\/wijnhuis-mana.nl\/de\/product\/cielo-gran-maestro-appassimento-bianco\/#breadcrumb","itemListElement":[{"@type":"ListItem","position":1,"name":"Home","item":"https:\/\/wijnhuis-mana.nl\/de\/"},{"@type":"ListItem","position":2,"name":"Shop","item":"https:\/\/wijnhuis-mana.nl\/de\/shop-2\/"},{"@type":"ListItem","position":3,"name":"Cielo Gran Maestro Appassimento Bianco"}]},{"@type":"WebSite","@id":"https:\/\/wijnhuis-mana.nl\/de\/#website","url":"https:\/\/wijnhuis-mana.nl\/de\/","name":"Wijnhuis-Mana.nl","description":"Wijn v\u00e1n liefhebbers, v\u00f3\u00f3r liefhebbers","publisher":{"@id":"https:\/\/wijnhuis-mana.nl\/de\/#organization"},"potentialAction":[{"@type":"SearchAction","target":{"@type":"EntryPoint","urlTemplate":"https:\/\/wijnhuis-mana.nl\/de\/?s={search_term_string}"},"query-input":{"@type":"PropertyValueSpecification","valueRequired":true,"valueName":"search_term_string"}}],"inLanguage":"de-DE"},{"@type":["Organization","Place"],"@id":"https:\/\/wijnhuis-mana.nl\/de\/#organization","name":"Wijnhuis-Mana.nl","url":"https:\/\/wijnhuis-mana.nl\/de\/","logo":{"@id":"https:\/\/wijnhuis-mana.nl\/de\/product\/cielo-gran-maestro-appassimento-bianco\/#local-main-organization-logo"},"image":{"@id":"https:\/\/wijnhuis-mana.nl\/de\/product\/cielo-gran-maestro-appassimento-bianco\/#local-main-organization-logo"},"sameAs":["https:\/\/www.facebook.com\/wijnhuismana","https:\/\/www.instagram.com\/ghvino.nl"],"hasMerchantReturnPolicy":{"@type":"MerchantReturnPolicy","merchantReturnLink":"https:\/\/wijnhuis-mana.nl\/algemene-voorwaarden\/"},"address":{"@id":"https:\/\/wijnhuis-mana.nl\/de\/product\/cielo-gran-maestro-appassimento-bianco\/#local-main-place-address"},"telephone":["0299-769018"],"openingHoursSpecification":[{"@type":"OpeningHoursSpecification","dayOfWeek":["Monday","Sunday"],"opens":"00:00","closes":"00:00"},{"@type":"OpeningHoursSpecification","dayOfWeek":["Tuesday"],"opens":"10:00","closes":"18:00"},{"@type":"OpeningHoursSpecification","dayOfWeek":["Wednesday","Thursday","Saturday"],"opens":"11:00","closes":"18:00"},{"@type":"OpeningHoursSpecification","dayOfWeek":["Friday"],"opens":"11:00","closes":"21:00"}],"email":"info@wijnhuis-mana.nl","areaServed":"Nederland","vatID":"NL58KNAB0255573782","taxID":"NL58KNAB0255573782"},{"@type":"PostalAddress","@id":"https:\/\/wijnhuis-mana.nl\/de\/product\/cielo-gran-maestro-appassimento-bianco\/#local-main-place-address","streetAddress":"Weerwal 11","addressLocality":"Purmerend","postalCode":"1441 AL","addressRegion":"Noord-Holland","addressCountry":"NL"},{"@type":"ImageObject","inLanguage":"de-DE","@id":"https:\/\/wijnhuis-mana.nl\/de\/product\/cielo-gran-maestro-appassimento-bianco\/#local-main-organization-logo","url":"https:\/\/wijnhuis-mana.nl\/wp-content\/uploads\/2022\/01\/Logo_Wijnhuis-Mana_Kleur.jpg","contentUrl":"https:\/\/wijnhuis-mana.nl\/wp-content\/uploads\/2022\/01\/Logo_Wijnhuis-Mana_Kleur.jpg","width":400,"height":111,"caption":"Wijnhuis-Mana.nl"}]},"product_price_amount":"7.89","product_price_currency":"EUR","og_availability":"instock","product_availability":"instock","product_retailer_item_id":"8008900007817","product_condition":"new","geo.placename":"Purmerend","geo.region":"Netherlands"},"post_mailing_queue_ids":[],"_links":{"self":[{"href":"https:\/\/wijnhuis-mana.nl\/de\/wp-json\/wp\/v2\/product\/9084","targetHints":{"allow":["GET"]}}],"collection":[{"href":"https:\/\/wijnhuis-mana.nl\/de\/wp-json\/wp\/v2\/product"}],"about":[{"href":"https:\/\/wijnhuis-mana.nl\/de\/wp-json\/wp\/v2\/types\/product"}],"replies":[{"embeddable":true,"href":"https:\/\/wijnhuis-mana.nl\/de\/wp-json\/wp\/v2\/comments?post=9084"}],"wp:featuredmedia":[{"embeddable":true,"href":"https:\/\/wijnhuis-mana.nl\/de\/wp-json\/wp\/v2\/media\/9086"}],"wp:attachment":[{"href":"https:\/\/wijnhuis-mana.nl\/de\/wp-json\/wp\/v2\/media?parent=9084"}],"wp:term":[{"taxonomy":"product_brand","embeddable":true,"href":"https:\/\/wijnhuis-mana.nl\/de\/wp-json\/wp\/v2\/product_brand?post=9084"},{"taxonomy":"product_cat","embeddable":true,"href":"https:\/\/wijnhuis-mana.nl\/de\/wp-json\/wp\/v2\/product_cat?post=9084"},{"taxonomy":"product_tag","embeddable":true,"href":"https:\/\/wijnhuis-mana.nl\/de\/wp-json\/wp\/v2\/product_tag?post=9084"}],"curies":[{"name":"wp","href":"https:\/\/api.w.org\/{rel}","templated":true}]}}