{"id":10210,"date":"2024-11-16T12:40:43","date_gmt":"2024-11-16T11:40:43","guid":{"rendered":"https:\/\/wijnhuis-mana.nl\/?post_type=product&#038;p=10210"},"modified":"2026-04-07T10:01:51","modified_gmt":"2026-04-07T08:01:51","slug":"rutte-jonge-graanjenever","status":"publish","type":"product","link":"https:\/\/wijnhuis-mana.nl\/en\/product\/rutte-jonge-graanjenever\/","title":{"rendered":"Rutte Jonge Graanjenever"},"content":{"rendered":"<h3 class=\"\" data-start=\"826\" data-end=\"851\">Algemene informatie<\/h3>\n<p class=\"\" data-start=\"852\" data-end=\"1054\">Rutte Jonge Graanjenever is een klassieke Nederlandse jonge jenever, geproduceerd door het gerenommeerde huis Rutte in Dordrecht, waar sinds 1872 op ambachtelijke wijze wordt gestookt.<\/p>\n<p class=\"\" data-start=\"1056\" data-end=\"1459\">In tegenstelling tot oude jenever, bevat jonge jenever minder moutwijn en meer gezuiverde graanalcohol, wat zorgt voor een lichte en zachte stijl. Rutte onderscheidt zich door ook aan deze jonge variant een complexiteit van botanicals mee te geven \u2013 met o.a. engelwortel, koriander, jeneverbes en sinaasappelschil. Alles wordt in kleine hoeveelheden met de hand gemaakt en gedistilleerd.<\/p>\n<h3 class=\"\" data-start=\"1461\" data-end=\"1508\">Smaakprofiel van Rutte Jonge Graanjenever<\/h3>\n<p class=\"\" data-start=\"1509\" data-end=\"1542\">De jenever is helder van kleur.<\/p>\n<ul data-start=\"1544\" data-end=\"1805\">\n<li class=\"\" data-start=\"1544\" data-end=\"1625\">\n<p class=\"\" data-start=\"1546\" data-end=\"1625\">Neus: subtiele aroma\u2019s van graan, citrus, korianderzaad en jeneverbes<\/p>\n<\/li>\n<li class=\"\" data-start=\"1626\" data-end=\"1736\">\n<p class=\"\" data-start=\"1628\" data-end=\"1736\">Smaak: soepel en licht, met tonen van lichte mout, citrusschil, zachte kruiden en florale accenten<\/p>\n<\/li>\n<li class=\"\" data-start=\"1737\" data-end=\"1805\">\n<p class=\"\" data-start=\"1739\" data-end=\"1805\">Afdronk: fris, droog en zuiver, met een elegante kruidigheid<\/p>\n<\/li>\n<\/ul>\n<p class=\"\" data-start=\"1807\" data-end=\"1887\">Een toegankelijke, verfijnde jenever met balans tussen neutraliteit en karakter.<\/p>\n<h3 class=\"\" data-start=\"1889\" data-end=\"1908\">Serveeradvies<\/h3>\n<p class=\"\" data-start=\"1909\" data-end=\"1945\">Rutte Jonge Graanjenever is perfect:<\/p>\n<ul data-start=\"1947\" data-end=\"2172\">\n<li class=\"\" data-start=\"1947\" data-end=\"1997\">\n<p class=\"\" data-start=\"1949\" data-end=\"1997\">Puur en gekoeld als aperitief of digestief<\/p>\n<\/li>\n<li class=\"\" data-start=\"1998\" data-end=\"2046\">\n<p class=\"\" data-start=\"2000\" data-end=\"2046\">In een klassieke Kopstoot naast een pils<\/p>\n<\/li>\n<li class=\"\" data-start=\"2047\" data-end=\"2110\">\n<p class=\"\" data-start=\"2049\" data-end=\"2110\">In cocktails zoals de Dutch Collins of Holland Mule<\/p>\n<\/li>\n<li class=\"\" data-start=\"2111\" data-end=\"2172\">\n<p class=\"\" data-start=\"2113\" data-end=\"2172\">In de keuken: bijvoorbeeld in vinaigrettes of bij oesters<\/p>\n<\/li>\n<\/ul>\n<p class=\"\" data-start=\"2174\" data-end=\"2197\">Serveer op 6\u201310 \u00b0C.<\/p>\n<h3 class=\"\" data-start=\"2199\" data-end=\"2211\">Weetje<\/h3>\n<p class=\"\" data-start=\"2212\" data-end=\"2521\">Rutte is een van de weinige distilleerderijen in Nederland die nog steeds z\u00e9lf distilleert in kleine ketels, en dat proef je. De familiegeschiedenis en focus op kwaliteit maakt Rutte Jonge Graanjenever tot een unieke combinatie van traditie en elegantie \u2013 een moderne klassieker in het jeneversegment.<\/p>\n","protected":false},"excerpt":{"rendered":"<p>Rutte Jonge Graanjenever is een zachte, elegante jenever uit Dordrecht. Ambachtelijk gestookt met graanalcohol en botanicals. Fris, verfijnd en perfect in balans.<\/p>\n","protected":false},"featured_media":11664,"comment_status":"open","ping_status":"closed","template":"","meta":[],"product_brand":[],"product_cat":[2922],"product_tag":[1170,1169,1168,1166,1163,1165,1167,1164],"class_list":{"0":"post-10210","1":"product","2":"type-product","3":"status-publish","4":"has-post-thumbnail","6":"product_cat-jenever-vieux","7":"product_tag-ambachtelijke-jenever","8":"product_tag-botanicals","9":"product_tag-dordrecht","10":"product_tag-graanjenever","11":"product_tag-jenever","12":"product_tag-jonge-jenever","13":"product_tag-nederlandse-gedistilleerd","14":"product_tag-rutte","16":"first","17":"instock","18":"taxable","19":"shipping-taxable","20":"purchasable","21":"product-type-simple"},"yoast_head":"<!-- This site is optimized with the Yoast SEO Premium plugin v27.3 (Yoast SEO v27.3) - https:\/\/yoast.com\/product\/yoast-seo-premium-wordpress\/ -->\n<title>Rutte Jonge Graanjenever \u2013 Zachte jenever uit Dordrecht<\/title>\n<meta name=\"description\" content=\"Rutte Jonge Graanjenever is een verfijnde, frisse jenever met graantonen en subtiele kruiden. Ambachtelijk gestookt in Dordrecht. Perfect puur of in mix.\" \/>\n<meta name=\"robots\" content=\"index, follow, max-snippet:-1, max-image-preview:large, max-video-preview:-1\" \/>\n<link rel=\"canonical\" href=\"https:\/\/wijnhuis-mana.nl\/en\/product\/rutte-jonge-graanjenever\/\" \/>\n<meta property=\"og:locale\" content=\"en_US\" \/>\n<meta property=\"og:type\" content=\"article\" \/>\n<meta property=\"og:title\" content=\"Rutte Jonge Graanjenever\" \/>\n<meta property=\"og:description\" content=\"Rutte Jonge Graanjenever is een verfijnde, frisse jenever met graantonen en subtiele kruiden. Ambachtelijk gestookt in Dordrecht. Perfect puur of in mix.\" \/>\n<meta property=\"og:url\" content=\"https:\/\/wijnhuis-mana.nl\/en\/product\/rutte-jonge-graanjenever\/\" \/>\n<meta property=\"og:site_name\" content=\"Wijnhuis-Mana.nl\" \/>\n<meta property=\"article:publisher\" content=\"https:\/\/www.facebook.com\/wijnhuismana\" \/>\n<meta property=\"article:modified_time\" content=\"2026-04-07T08:01:51+00:00\" \/>\n<meta property=\"og:image\" content=\"https:\/\/wijnhuis-mana.nl\/wp-content\/uploads\/2025\/03\/Rutte-Jonge-Jenever-1.jpg\" \/>\n\t<meta property=\"og:image:width\" content=\"800\" \/>\n\t<meta property=\"og:image:height\" content=\"800\" \/>\n\t<meta property=\"og:image:type\" content=\"image\/jpeg\" \/>\n<meta name=\"twitter:card\" content=\"summary_large_image\" \/>\n<meta name=\"twitter:label1\" content=\"Price\" \/>\n\t<meta name=\"twitter:data1\" content=\"&euro;&nbsp;19,95\" \/>\n\t<meta name=\"twitter:label2\" content=\"Availability\" \/>\n\t<meta name=\"twitter:data2\" content=\"In stock\" \/>\n<script type=\"application\/ld+json\" class=\"yoast-schema-graph\">{\"@context\":\"https:\\\/\\\/schema.org\",\"@graph\":[{\"@type\":\"WebPage\",\"@id\":\"https:\\\/\\\/wijnhuis-mana.nl\\\/en\\\/product\\\/rutte-jonge-graanjenever\\\/\",\"url\":\"https:\\\/\\\/wijnhuis-mana.nl\\\/en\\\/product\\\/rutte-jonge-graanjenever\\\/\",\"name\":\"Rutte Jonge Graanjenever \u2013 Zachte jenever uit Dordrecht\",\"isPartOf\":{\"@id\":\"https:\\\/\\\/wijnhuis-mana.nl\\\/en\\\/#website\"},\"primaryImageOfPage\":{\"@id\":\"https:\\\/\\\/wijnhuis-mana.nl\\\/en\\\/product\\\/rutte-jonge-graanjenever\\\/#primaryimage\"},\"image\":{\"@id\":\"https:\\\/\\\/wijnhuis-mana.nl\\\/en\\\/product\\\/rutte-jonge-graanjenever\\\/#primaryimage\"},\"thumbnailUrl\":\"https:\\\/\\\/wijnhuis-mana.nl\\\/wp-content\\\/uploads\\\/2025\\\/03\\\/Rutte-Jonge-Jenever-1.jpg\",\"datePublished\":\"2024-11-16T11:40:43+00:00\",\"dateModified\":\"2026-04-07T08:01:51+00:00\",\"description\":\"Rutte Jonge Graanjenever is een verfijnde, frisse jenever met graantonen en subtiele kruiden. Ambachtelijk gestookt in Dordrecht. Perfect puur of in mix.\",\"breadcrumb\":{\"@id\":\"https:\\\/\\\/wijnhuis-mana.nl\\\/en\\\/product\\\/rutte-jonge-graanjenever\\\/#breadcrumb\"},\"inLanguage\":\"en-US\",\"potentialAction\":[{\"@type\":\"ReadAction\",\"target\":[\"https:\\\/\\\/wijnhuis-mana.nl\\\/en\\\/product\\\/rutte-jonge-graanjenever\\\/\"]}]},{\"@type\":\"ImageObject\",\"inLanguage\":\"en-US\",\"@id\":\"https:\\\/\\\/wijnhuis-mana.nl\\\/en\\\/product\\\/rutte-jonge-graanjenever\\\/#primaryimage\",\"url\":\"https:\\\/\\\/wijnhuis-mana.nl\\\/wp-content\\\/uploads\\\/2025\\\/03\\\/Rutte-Jonge-Jenever-1.jpg\",\"contentUrl\":\"https:\\\/\\\/wijnhuis-mana.nl\\\/wp-content\\\/uploads\\\/2025\\\/03\\\/Rutte-Jonge-Jenever-1.jpg\",\"width\":800,\"height\":800,\"caption\":\"Proef eens deze Rutte Jonge Graanjever, een heerlijke zachte Jenever verkrijgbaar bij Ghvino.nl \u2713 Service \u2713 Kwaliteit \u2713 Snelle levering\"},{\"@type\":\"BreadcrumbList\",\"@id\":\"https:\\\/\\\/wijnhuis-mana.nl\\\/en\\\/product\\\/rutte-jonge-graanjenever\\\/#breadcrumb\",\"itemListElement\":[{\"@type\":\"ListItem\",\"position\":1,\"name\":\"Home\",\"item\":\"https:\\\/\\\/wijnhuis-mana.nl\\\/en\\\/\"},{\"@type\":\"ListItem\",\"position\":2,\"name\":\"Shop\",\"item\":\"https:\\\/\\\/wijnhuis-mana.nl\\\/en\\\/shop-2\\\/\"},{\"@type\":\"ListItem\",\"position\":3,\"name\":\"Rutte Jonge Graanjenever\"}]},{\"@type\":\"WebSite\",\"@id\":\"https:\\\/\\\/wijnhuis-mana.nl\\\/en\\\/#website\",\"url\":\"https:\\\/\\\/wijnhuis-mana.nl\\\/en\\\/\",\"name\":\"Wijnhuis-Mana.nl\",\"description\":\"Wijn v\u00e1n liefhebbers, v\u00f3\u00f3r liefhebbers\",\"publisher\":{\"@id\":\"https:\\\/\\\/wijnhuis-mana.nl\\\/en\\\/#organization\"},\"potentialAction\":[{\"@type\":\"SearchAction\",\"target\":{\"@type\":\"EntryPoint\",\"urlTemplate\":\"https:\\\/\\\/wijnhuis-mana.nl\\\/en\\\/?s={search_term_string}\"},\"query-input\":{\"@type\":\"PropertyValueSpecification\",\"valueRequired\":true,\"valueName\":\"search_term_string\"}}],\"inLanguage\":\"en-US\"},{\"@type\":[\"Organization\",\"Place\"],\"@id\":\"https:\\\/\\\/wijnhuis-mana.nl\\\/en\\\/#organization\",\"name\":\"Wijnhuis-Mana.nl\",\"url\":\"https:\\\/\\\/wijnhuis-mana.nl\\\/en\\\/\",\"logo\":{\"@id\":\"https:\\\/\\\/wijnhuis-mana.nl\\\/en\\\/product\\\/rutte-jonge-graanjenever\\\/#local-main-organization-logo\"},\"image\":{\"@id\":\"https:\\\/\\\/wijnhuis-mana.nl\\\/en\\\/product\\\/rutte-jonge-graanjenever\\\/#local-main-organization-logo\"},\"sameAs\":[\"https:\\\/\\\/www.facebook.com\\\/wijnhuismana\",\"https:\\\/\\\/www.instagram.com\\\/ghvino.nl\"],\"hasMerchantReturnPolicy\":{\"@type\":\"MerchantReturnPolicy\",\"merchantReturnLink\":\"https:\\\/\\\/wijnhuis-mana.nl\\\/algemene-voorwaarden\\\/\"},\"address\":{\"@id\":\"https:\\\/\\\/wijnhuis-mana.nl\\\/en\\\/product\\\/rutte-jonge-graanjenever\\\/#local-main-place-address\"},\"telephone\":[\"0299-769018\"],\"openingHoursSpecification\":[{\"@type\":\"OpeningHoursSpecification\",\"dayOfWeek\":[\"Monday\",\"Sunday\"],\"opens\":\"00:00\",\"closes\":\"00:00\"},{\"@type\":\"OpeningHoursSpecification\",\"dayOfWeek\":[\"Tuesday\"],\"opens\":\"10:00\",\"closes\":\"18:00\"},{\"@type\":\"OpeningHoursSpecification\",\"dayOfWeek\":[\"Wednesday\",\"Thursday\",\"Saturday\"],\"opens\":\"11:00\",\"closes\":\"18:00\"},{\"@type\":\"OpeningHoursSpecification\",\"dayOfWeek\":[\"Friday\"],\"opens\":\"11:00\",\"closes\":\"21:00\"}],\"email\":\"info@wijnhuis-mana.nl\",\"areaServed\":\"Nederland\",\"vatID\":\"NL58KNAB0255573782\",\"taxID\":\"NL58KNAB0255573782\"},{\"@type\":\"PostalAddress\",\"@id\":\"https:\\\/\\\/wijnhuis-mana.nl\\\/en\\\/product\\\/rutte-jonge-graanjenever\\\/#local-main-place-address\",\"streetAddress\":\"Weerwal 11\",\"addressLocality\":\"Purmerend\",\"postalCode\":\"1441 AL\",\"addressRegion\":\"Noord-Holland\",\"addressCountry\":\"NL\"},{\"@type\":\"ImageObject\",\"inLanguage\":\"en-US\",\"@id\":\"https:\\\/\\\/wijnhuis-mana.nl\\\/en\\\/product\\\/rutte-jonge-graanjenever\\\/#local-main-organization-logo\",\"url\":\"https:\\\/\\\/wijnhuis-mana.nl\\\/wp-content\\\/uploads\\\/2022\\\/01\\\/Logo_Wijnhuis-Mana_Kleur.jpg\",\"contentUrl\":\"https:\\\/\\\/wijnhuis-mana.nl\\\/wp-content\\\/uploads\\\/2022\\\/01\\\/Logo_Wijnhuis-Mana_Kleur.jpg\",\"width\":400,\"height\":111,\"caption\":\"Wijnhuis-Mana.nl\"}]}<\/script>\n<meta property=\"product:price:amount\" content=\"19.95\" \/>\n<meta property=\"product:price:currency\" content=\"EUR\" \/>\n<meta property=\"og:availability\" content=\"instock\" \/>\n<meta property=\"product:availability\" content=\"instock\" \/>\n<meta property=\"product:retailer_item_id\" content=\"8718215750826\" \/>\n<meta property=\"product:condition\" content=\"new\" \/>\n<meta name=\"geo.placename\" content=\"Purmerend\" \/>\n<meta name=\"geo.region\" content=\"Netherlands\" \/>\n<!-- \/ Yoast SEO Premium plugin. -->","yoast_head_json":{"title":"Rutte Jonge Graanjenever \u2013 Zachte jenever uit Dordrecht","description":"Rutte Jonge Graanjenever is een verfijnde, frisse jenever met graantonen en subtiele kruiden. Ambachtelijk gestookt in Dordrecht. Perfect puur of in mix.","robots":{"index":"index","follow":"follow","max-snippet":"max-snippet:-1","max-image-preview":"max-image-preview:large","max-video-preview":"max-video-preview:-1"},"canonical":"https:\/\/wijnhuis-mana.nl\/en\/product\/rutte-jonge-graanjenever\/","og_locale":"en_US","og_type":"article","og_title":"Rutte Jonge Graanjenever","og_description":"Rutte Jonge Graanjenever is een verfijnde, frisse jenever met graantonen en subtiele kruiden. Ambachtelijk gestookt in Dordrecht. Perfect puur of in mix.","og_url":"https:\/\/wijnhuis-mana.nl\/en\/product\/rutte-jonge-graanjenever\/","og_site_name":"Wijnhuis-Mana.nl","article_publisher":"https:\/\/www.facebook.com\/wijnhuismana","article_modified_time":"2026-04-07T08:01:51+00:00","og_image":[{"width":800,"height":800,"url":"https:\/\/wijnhuis-mana.nl\/wp-content\/uploads\/2025\/03\/Rutte-Jonge-Jenever-1.jpg","type":"image\/jpeg"}],"twitter_card":"summary_large_image","twitter_misc":{"Price":"&euro;&nbsp;19,95","Availability":"In stock"},"schema":{"@context":"https:\/\/schema.org","@graph":[{"@type":"WebPage","@id":"https:\/\/wijnhuis-mana.nl\/en\/product\/rutte-jonge-graanjenever\/","url":"https:\/\/wijnhuis-mana.nl\/en\/product\/rutte-jonge-graanjenever\/","name":"Rutte Jonge Graanjenever \u2013 Zachte jenever uit Dordrecht","isPartOf":{"@id":"https:\/\/wijnhuis-mana.nl\/en\/#website"},"primaryImageOfPage":{"@id":"https:\/\/wijnhuis-mana.nl\/en\/product\/rutte-jonge-graanjenever\/#primaryimage"},"image":{"@id":"https:\/\/wijnhuis-mana.nl\/en\/product\/rutte-jonge-graanjenever\/#primaryimage"},"thumbnailUrl":"https:\/\/wijnhuis-mana.nl\/wp-content\/uploads\/2025\/03\/Rutte-Jonge-Jenever-1.jpg","datePublished":"2024-11-16T11:40:43+00:00","dateModified":"2026-04-07T08:01:51+00:00","description":"Rutte Jonge Graanjenever is een verfijnde, frisse jenever met graantonen en subtiele kruiden. Ambachtelijk gestookt in Dordrecht. Perfect puur of in mix.","breadcrumb":{"@id":"https:\/\/wijnhuis-mana.nl\/en\/product\/rutte-jonge-graanjenever\/#breadcrumb"},"inLanguage":"en-US","potentialAction":[{"@type":"ReadAction","target":["https:\/\/wijnhuis-mana.nl\/en\/product\/rutte-jonge-graanjenever\/"]}]},{"@type":"ImageObject","inLanguage":"en-US","@id":"https:\/\/wijnhuis-mana.nl\/en\/product\/rutte-jonge-graanjenever\/#primaryimage","url":"https:\/\/wijnhuis-mana.nl\/wp-content\/uploads\/2025\/03\/Rutte-Jonge-Jenever-1.jpg","contentUrl":"https:\/\/wijnhuis-mana.nl\/wp-content\/uploads\/2025\/03\/Rutte-Jonge-Jenever-1.jpg","width":800,"height":800,"caption":"Proef eens deze Rutte Jonge Graanjever, een heerlijke zachte Jenever verkrijgbaar bij Ghvino.nl \u2713 Service \u2713 Kwaliteit \u2713 Snelle levering"},{"@type":"BreadcrumbList","@id":"https:\/\/wijnhuis-mana.nl\/en\/product\/rutte-jonge-graanjenever\/#breadcrumb","itemListElement":[{"@type":"ListItem","position":1,"name":"Home","item":"https:\/\/wijnhuis-mana.nl\/en\/"},{"@type":"ListItem","position":2,"name":"Shop","item":"https:\/\/wijnhuis-mana.nl\/en\/shop-2\/"},{"@type":"ListItem","position":3,"name":"Rutte Jonge Graanjenever"}]},{"@type":"WebSite","@id":"https:\/\/wijnhuis-mana.nl\/en\/#website","url":"https:\/\/wijnhuis-mana.nl\/en\/","name":"Wijnhuis-Mana.nl","description":"Wijn v\u00e1n liefhebbers, v\u00f3\u00f3r liefhebbers","publisher":{"@id":"https:\/\/wijnhuis-mana.nl\/en\/#organization"},"potentialAction":[{"@type":"SearchAction","target":{"@type":"EntryPoint","urlTemplate":"https:\/\/wijnhuis-mana.nl\/en\/?s={search_term_string}"},"query-input":{"@type":"PropertyValueSpecification","valueRequired":true,"valueName":"search_term_string"}}],"inLanguage":"en-US"},{"@type":["Organization","Place"],"@id":"https:\/\/wijnhuis-mana.nl\/en\/#organization","name":"Wijnhuis-Mana.nl","url":"https:\/\/wijnhuis-mana.nl\/en\/","logo":{"@id":"https:\/\/wijnhuis-mana.nl\/en\/product\/rutte-jonge-graanjenever\/#local-main-organization-logo"},"image":{"@id":"https:\/\/wijnhuis-mana.nl\/en\/product\/rutte-jonge-graanjenever\/#local-main-organization-logo"},"sameAs":["https:\/\/www.facebook.com\/wijnhuismana","https:\/\/www.instagram.com\/ghvino.nl"],"hasMerchantReturnPolicy":{"@type":"MerchantReturnPolicy","merchantReturnLink":"https:\/\/wijnhuis-mana.nl\/algemene-voorwaarden\/"},"address":{"@id":"https:\/\/wijnhuis-mana.nl\/en\/product\/rutte-jonge-graanjenever\/#local-main-place-address"},"telephone":["0299-769018"],"openingHoursSpecification":[{"@type":"OpeningHoursSpecification","dayOfWeek":["Monday","Sunday"],"opens":"00:00","closes":"00:00"},{"@type":"OpeningHoursSpecification","dayOfWeek":["Tuesday"],"opens":"10:00","closes":"18:00"},{"@type":"OpeningHoursSpecification","dayOfWeek":["Wednesday","Thursday","Saturday"],"opens":"11:00","closes":"18:00"},{"@type":"OpeningHoursSpecification","dayOfWeek":["Friday"],"opens":"11:00","closes":"21:00"}],"email":"info@wijnhuis-mana.nl","areaServed":"Nederland","vatID":"NL58KNAB0255573782","taxID":"NL58KNAB0255573782"},{"@type":"PostalAddress","@id":"https:\/\/wijnhuis-mana.nl\/en\/product\/rutte-jonge-graanjenever\/#local-main-place-address","streetAddress":"Weerwal 11","addressLocality":"Purmerend","postalCode":"1441 AL","addressRegion":"Noord-Holland","addressCountry":"NL"},{"@type":"ImageObject","inLanguage":"en-US","@id":"https:\/\/wijnhuis-mana.nl\/en\/product\/rutte-jonge-graanjenever\/#local-main-organization-logo","url":"https:\/\/wijnhuis-mana.nl\/wp-content\/uploads\/2022\/01\/Logo_Wijnhuis-Mana_Kleur.jpg","contentUrl":"https:\/\/wijnhuis-mana.nl\/wp-content\/uploads\/2022\/01\/Logo_Wijnhuis-Mana_Kleur.jpg","width":400,"height":111,"caption":"Wijnhuis-Mana.nl"}]},"product_price_amount":"19.95","product_price_currency":"EUR","og_availability":"instock","product_availability":"instock","product_retailer_item_id":"8718215750826","product_condition":"new","geo.placename":"Purmerend","geo.region":"Netherlands"},"post_mailing_queue_ids":[],"_links":{"self":[{"href":"https:\/\/wijnhuis-mana.nl\/en\/wp-json\/wp\/v2\/product\/10210","targetHints":{"allow":["GET"]}}],"collection":[{"href":"https:\/\/wijnhuis-mana.nl\/en\/wp-json\/wp\/v2\/product"}],"about":[{"href":"https:\/\/wijnhuis-mana.nl\/en\/wp-json\/wp\/v2\/types\/product"}],"replies":[{"embeddable":true,"href":"https:\/\/wijnhuis-mana.nl\/en\/wp-json\/wp\/v2\/comments?post=10210"}],"wp:featuredmedia":[{"embeddable":true,"href":"https:\/\/wijnhuis-mana.nl\/en\/wp-json\/wp\/v2\/media\/11664"}],"wp:attachment":[{"href":"https:\/\/wijnhuis-mana.nl\/en\/wp-json\/wp\/v2\/media?parent=10210"}],"wp:term":[{"taxonomy":"product_brand","embeddable":true,"href":"https:\/\/wijnhuis-mana.nl\/en\/wp-json\/wp\/v2\/product_brand?post=10210"},{"taxonomy":"product_cat","embeddable":true,"href":"https:\/\/wijnhuis-mana.nl\/en\/wp-json\/wp\/v2\/product_cat?post=10210"},{"taxonomy":"product_tag","embeddable":true,"href":"https:\/\/wijnhuis-mana.nl\/en\/wp-json\/wp\/v2\/product_tag?post=10210"}],"curies":[{"name":"wp","href":"https:\/\/api.w.org\/{rel}","templated":true}]}}