{"id":11266,"date":"2025-02-12T21:00:59","date_gmt":"2025-02-12T20:00:59","guid":{"rendered":"https:\/\/wijnhuis-mana.nl\/?post_type=product&#038;p=11266"},"modified":"2026-04-08T14:12:03","modified_gmt":"2026-04-08T12:12:03","slug":"tchotiashvili-rose-nitsa","status":"publish","type":"product","link":"https:\/\/wijnhuis-mana.nl\/en\/product\/tchotiashvili-rose-nitsa\/","title":{"rendered":"Tchotiashvili Ros\u00e9 Nitsa"},"content":{"rendered":"<p data-start=\"0\" data-end=\"428\"><strong data-start=\"0\" data-end=\"28\">Tchotiashvili Ros\u00e9 Nitsa<\/strong> is een exclusieve en ambachtelijke <strong data-start=\"64\" data-end=\"83\">Qvevri-ros\u00e9wijn<\/strong> uit de Georgische <strong data-start=\"102\" data-end=\"119\">Kakheti-regio<\/strong>, geproduceerd door <strong data-start=\"139\" data-end=\"173\">Tchotiashvili Family Vineyards<\/strong>. Deze bijzondere wijn, een blend van <strong data-start=\"211\" data-end=\"240\">Montepulciano en Tavkveri<\/strong>, wordt met de grootste zorg gemaakt en is een eerbetoon aan <strong data-start=\"301\" data-end=\"310\">Nitsa<\/strong>, de dochter van wijnmaker <strong data-start=\"337\" data-end=\"360\">Kakha Tchotiashvili<\/strong>, die op zevenjarige leeftijd de wens uitsprak om ros\u00e9wijn te maken.<\/p>\n<h3 data-start=\"430\" data-end=\"465\"><strong data-start=\"434\" data-end=\"463\">Druivenras en Vinificatie<\/strong><\/h3>\n<p data-start=\"466\" data-end=\"779\">Tchotiashvili gebruikt uitsluitend <strong data-start=\"501\" data-end=\"558\">druiven uit hun eigen wijngaarden in Saniore, Kakheti<\/strong>. Deze <strong data-start=\"565\" data-end=\"596\">SB-wijn (Specially Bottled)<\/strong> ondergaat een streng kwaliteitsproces en wordt alleen verkocht na goedkeuring en ondertekening door de wijnmaker. Elke fles is uniek genummerd en de productie is sterk gelimiteerd.<\/p>\n<p data-start=\"781\" data-end=\"1081\">De fermentatie vindt plaats met <strong data-start=\"813\" data-end=\"850\">schilcontact gedurende drie dagen<\/strong> in <strong data-start=\"854\" data-end=\"864\">Qvevri<\/strong>, waarna de wijn nog <strong data-start=\"885\" data-end=\"910\">20 dagen zonder schil<\/strong> verder fermenteert in dezelfde aardewerken vaten. Vervolgens wordt de wijn <strong data-start=\"986\" data-end=\"1031\">drie maanden gerijpt in eikenhouten vaten<\/strong>, wat zorgt voor extra complexiteit en verfijning.<\/p>\n<h3 data-start=\"1083\" data-end=\"1105\"><strong data-start=\"1087\" data-end=\"1103\">Smaakprofiel<\/strong><\/h3>\n<p data-start=\"1106\" data-end=\"1494\">Tchotiashvili Ros\u00e9 Nitsa heeft een <strong data-start=\"1141\" data-end=\"1174\">levendig en verfijnd karakter<\/strong>, met intense aroma\u2019s van <strong data-start=\"1200\" data-end=\"1252\">rijpe bessen, framboos, cranberry en rozenbottel<\/strong>. In de mond proef je een <strong data-start=\"1278\" data-end=\"1304\">verfrissende zuurgraad<\/strong>, een zachte textuur en een subtiele invloed van het eikenhout, wat bijdraagt aan de diepgang van de wijn. De <strong data-start=\"1414\" data-end=\"1444\">fruitige en kruidige tonen<\/strong> maken deze ros\u00e9 uitzonderlijk complex en elegant.<\/p>\n<h3 data-start=\"1496\" data-end=\"1519\"><strong data-start=\"1500\" data-end=\"1517\">Serveeradvies<\/strong><\/h3>\n<p data-start=\"1520\" data-end=\"1790\">Deze exclusieve ros\u00e9 komt het beste tot zijn recht bij een <strong data-start=\"1579\" data-end=\"1613\">serveertemperatuur van 10-12\u00b0C<\/strong>.<br data-start=\"1614\" data-end=\"1617\" \/>Combineer hem met:<br data-start=\"1635\" data-end=\"1638\" \/>\u2714 <strong data-start=\"1640\" data-end=\"1658\">Lichte salades<\/strong> en verfijnde groentegerechten<br data-start=\"1688\" data-end=\"1691\" \/>\u2714 <strong data-start=\"1693\" data-end=\"1717\">Gegrilde zeevruchten<\/strong> en schelpdieren<br data-start=\"1733\" data-end=\"1736\" \/>\u2714 <strong data-start=\"1738\" data-end=\"1754\">Zachte kazen<\/strong> en kruidige Mediterrane gerechten<\/p>\n<h3 data-start=\"1792\" data-end=\"1808\"><strong data-start=\"1796\" data-end=\"1806\">Weetje<\/strong><\/h3>\n<p data-start=\"1809\" data-end=\"2097\">De naam <strong data-start=\"1817\" data-end=\"1826\">Nitsa<\/strong> verwijst naar de dochter van wijnmaker Kakha Tchotiashvili. Op zevenjarige leeftijd wenste ze dat haar vader een ros\u00e9wijn zou maken. Haar droom werd werkelijkheid met deze unieke <strong data-start=\"2006\" data-end=\"2038\">Montepulciano-Tavkveri blend<\/strong>, een van de meest verfijnde Qvevri-ros\u00e9wijnen van Georgi\u00eb.<\/p>\n","protected":false},"excerpt":{"rendered":"<p>Tchotiashvili Ros\u00e9 Nitsa is een exclusieve, genummerde Qvevri-ros\u00e9wijn uit Kakheti. Deze blend van Montepulciano en Tavkveri biedt een levendig en verfijnd smaakprofiel met tonen van rood fruit en subtiele houtinvloeden.<\/p>\n<div class=\"vivino-widget vivino-wine-card-widget\" data-vivino-widget-type=\"wineWithoutVintage\" data-vivino-wine-id=\"8784514\" data-make-vivino-redirect=\"true\" data-vivino-widget-language=\"en\" data-vivino-widget-layout=\"small_new\">\n  <a target=\"_blank\">Wine name<\/a>\n<\/div>\n<p>\nVivino score:<\/p>\n<div class=\"vivino-widget vivino-wine-card-widget\" data-vivino-widget-type=\"wineWithoutVintage\" data-vivino-wine-id=\"8784514\" data-make-vivino-redirect=\"true\" data-vivino-widget-language=\"en\" data-vivino-widget-layout=\"small_new\">\n  <a target=\"_blank\">Wine name<\/a>\n<\/div>\n","protected":false},"featured_media":11267,"comment_status":"open","ping_status":"closed","template":"","meta":[],"product_brand":[],"product_cat":[2888,2897,2891],"product_tag":[135,148,578],"class_list":{"0":"post-11266","1":"product","2":"type-product","3":"status-publish","4":"has-post-thumbnail","6":"product_cat-alle-wijn","7":"product_cat-georgische-wijn","8":"product_cat-rose-wijn","9":"product_tag-georgische-wijn","10":"product_tag-rose-wijn","11":"product_tag-wijn","13":"first","14":"instock","15":"sale","16":"taxable","17":"shipping-taxable","18":"purchasable","19":"product-type-simple"},"yoast_head":"<!-- This site is optimized with the Yoast SEO Premium plugin v27.3 (Yoast SEO v27.3) - https:\/\/yoast.com\/product\/yoast-seo-premium-wordpress\/ -->\n<title>Tchotiashvili Ros\u00e9 Nitsa: Ambachtelijk en Gelimiteerd<\/title>\n<meta name=\"description\" content=\"Ontdek de kleurrijke Tchotiashvili Ros\u00e9 Nitsa! Deze unieke wijn, van Montepulciano en Tavkveri, biedt een onvergetelijke smaakervaring. \ud83c\udf77\" \/>\n<meta name=\"robots\" content=\"index, follow, max-snippet:-1, max-image-preview:large, max-video-preview:-1\" \/>\n<link rel=\"canonical\" href=\"https:\/\/wijnhuis-mana.nl\/en\/product\/tchotiashvili-rose-nitsa\/\" \/>\n<meta property=\"og:locale\" content=\"en_US\" \/>\n<meta property=\"og:type\" content=\"article\" \/>\n<meta property=\"og:title\" content=\"Tchotiashvili Ros\u00e9 Nitsa\" \/>\n<meta property=\"og:description\" content=\"Ontdek de kleurrijke Tchotiashvili Ros\u00e9 Nitsa! Deze unieke wijn, van Montepulciano en Tavkveri, biedt een onvergetelijke smaakervaring. \ud83c\udf77\" \/>\n<meta property=\"og:url\" content=\"https:\/\/wijnhuis-mana.nl\/en\/product\/tchotiashvili-rose-nitsa\/\" \/>\n<meta property=\"og:site_name\" content=\"Wijnhuis-Mana.nl\" \/>\n<meta property=\"article:publisher\" content=\"https:\/\/www.facebook.com\/wijnhuismana\" \/>\n<meta property=\"article:modified_time\" content=\"2026-04-08T12:12:03+00:00\" \/>\n<meta property=\"og:image\" content=\"https:\/\/wijnhuis-mana.nl\/wp-content\/uploads\/2025\/02\/Tchotiashvili-Rose-Nitsa.jpg\" \/>\n\t<meta property=\"og:image:width\" content=\"800\" \/>\n\t<meta property=\"og:image:height\" content=\"800\" \/>\n\t<meta property=\"og:image:type\" content=\"image\/jpeg\" \/>\n<meta name=\"twitter:card\" content=\"summary_large_image\" \/>\n<meta name=\"twitter:label1\" content=\"Price\" \/>\n\t<meta name=\"twitter:data1\" content=\"&euro;&nbsp;16,09\" \/>\n\t<meta name=\"twitter:label2\" content=\"Availability\" \/>\n\t<meta name=\"twitter:data2\" content=\"In stock\" \/>\n<script type=\"application\/ld+json\" class=\"yoast-schema-graph\">{\"@context\":\"https:\\\/\\\/schema.org\",\"@graph\":[{\"@type\":\"WebPage\",\"@id\":\"https:\\\/\\\/wijnhuis-mana.nl\\\/en\\\/product\\\/tchotiashvili-rose-nitsa\\\/\",\"url\":\"https:\\\/\\\/wijnhuis-mana.nl\\\/en\\\/product\\\/tchotiashvili-rose-nitsa\\\/\",\"name\":\"Tchotiashvili Ros\u00e9 Nitsa: Ambachtelijk en Gelimiteerd\",\"isPartOf\":{\"@id\":\"https:\\\/\\\/wijnhuis-mana.nl\\\/en\\\/#website\"},\"primaryImageOfPage\":{\"@id\":\"https:\\\/\\\/wijnhuis-mana.nl\\\/en\\\/product\\\/tchotiashvili-rose-nitsa\\\/#primaryimage\"},\"image\":{\"@id\":\"https:\\\/\\\/wijnhuis-mana.nl\\\/en\\\/product\\\/tchotiashvili-rose-nitsa\\\/#primaryimage\"},\"thumbnailUrl\":\"https:\\\/\\\/wijnhuis-mana.nl\\\/wp-content\\\/uploads\\\/2025\\\/02\\\/Tchotiashvili-Rose-Nitsa.jpg\",\"datePublished\":\"2025-02-12T20:00:59+00:00\",\"dateModified\":\"2026-04-08T12:12:03+00:00\",\"description\":\"Ontdek de kleurrijke Tchotiashvili Ros\u00e9 Nitsa! Deze unieke wijn, van Montepulciano en Tavkveri, biedt een onvergetelijke smaakervaring. \ud83c\udf77\",\"breadcrumb\":{\"@id\":\"https:\\\/\\\/wijnhuis-mana.nl\\\/en\\\/product\\\/tchotiashvili-rose-nitsa\\\/#breadcrumb\"},\"inLanguage\":\"en-US\",\"potentialAction\":[{\"@type\":\"ReadAction\",\"target\":[\"https:\\\/\\\/wijnhuis-mana.nl\\\/en\\\/product\\\/tchotiashvili-rose-nitsa\\\/\"]}]},{\"@type\":\"ImageObject\",\"inLanguage\":\"en-US\",\"@id\":\"https:\\\/\\\/wijnhuis-mana.nl\\\/en\\\/product\\\/tchotiashvili-rose-nitsa\\\/#primaryimage\",\"url\":\"https:\\\/\\\/wijnhuis-mana.nl\\\/wp-content\\\/uploads\\\/2025\\\/02\\\/Tchotiashvili-Rose-Nitsa.jpg\",\"contentUrl\":\"https:\\\/\\\/wijnhuis-mana.nl\\\/wp-content\\\/uploads\\\/2025\\\/02\\\/Tchotiashvili-Rose-Nitsa.jpg\",\"width\":800,\"height\":800,\"caption\":\"Ontdek de kleurrijke Tchotiashvili Ros\u00e9 Nitsa! Deze unieke wijn, van Montepulciano en Tavkveri, biedt een onvergetelijke smaakervaring. \ud83c\udf77\"},{\"@type\":\"BreadcrumbList\",\"@id\":\"https:\\\/\\\/wijnhuis-mana.nl\\\/en\\\/product\\\/tchotiashvili-rose-nitsa\\\/#breadcrumb\",\"itemListElement\":[{\"@type\":\"ListItem\",\"position\":1,\"name\":\"Home\",\"item\":\"https:\\\/\\\/wijnhuis-mana.nl\\\/en\\\/\"},{\"@type\":\"ListItem\",\"position\":2,\"name\":\"Shop\",\"item\":\"https:\\\/\\\/wijnhuis-mana.nl\\\/en\\\/shop-2\\\/\"},{\"@type\":\"ListItem\",\"position\":3,\"name\":\"Tchotiashvili Ros\u00e9 Nitsa\"}]},{\"@type\":\"WebSite\",\"@id\":\"https:\\\/\\\/wijnhuis-mana.nl\\\/en\\\/#website\",\"url\":\"https:\\\/\\\/wijnhuis-mana.nl\\\/en\\\/\",\"name\":\"Wijnhuis-Mana.nl\",\"description\":\"Wijn v\u00e1n liefhebbers, v\u00f3\u00f3r liefhebbers\",\"publisher\":{\"@id\":\"https:\\\/\\\/wijnhuis-mana.nl\\\/en\\\/#organization\"},\"potentialAction\":[{\"@type\":\"SearchAction\",\"target\":{\"@type\":\"EntryPoint\",\"urlTemplate\":\"https:\\\/\\\/wijnhuis-mana.nl\\\/en\\\/?s={search_term_string}\"},\"query-input\":{\"@type\":\"PropertyValueSpecification\",\"valueRequired\":true,\"valueName\":\"search_term_string\"}}],\"inLanguage\":\"en-US\"},{\"@type\":[\"Organization\",\"Place\"],\"@id\":\"https:\\\/\\\/wijnhuis-mana.nl\\\/en\\\/#organization\",\"name\":\"Wijnhuis-Mana.nl\",\"url\":\"https:\\\/\\\/wijnhuis-mana.nl\\\/en\\\/\",\"logo\":{\"@id\":\"https:\\\/\\\/wijnhuis-mana.nl\\\/en\\\/product\\\/tchotiashvili-rose-nitsa\\\/#local-main-organization-logo\"},\"image\":{\"@id\":\"https:\\\/\\\/wijnhuis-mana.nl\\\/en\\\/product\\\/tchotiashvili-rose-nitsa\\\/#local-main-organization-logo\"},\"sameAs\":[\"https:\\\/\\\/www.facebook.com\\\/wijnhuismana\",\"https:\\\/\\\/www.instagram.com\\\/ghvino.nl\"],\"hasMerchantReturnPolicy\":{\"@type\":\"MerchantReturnPolicy\",\"merchantReturnLink\":\"https:\\\/\\\/wijnhuis-mana.nl\\\/algemene-voorwaarden\\\/\"},\"address\":{\"@id\":\"https:\\\/\\\/wijnhuis-mana.nl\\\/en\\\/product\\\/tchotiashvili-rose-nitsa\\\/#local-main-place-address\"},\"telephone\":[\"0299-769018\"],\"openingHoursSpecification\":[{\"@type\":\"OpeningHoursSpecification\",\"dayOfWeek\":[\"Monday\",\"Sunday\"],\"opens\":\"00:00\",\"closes\":\"00:00\"},{\"@type\":\"OpeningHoursSpecification\",\"dayOfWeek\":[\"Tuesday\"],\"opens\":\"10:00\",\"closes\":\"18:00\"},{\"@type\":\"OpeningHoursSpecification\",\"dayOfWeek\":[\"Wednesday\",\"Thursday\",\"Saturday\"],\"opens\":\"11:00\",\"closes\":\"18:00\"},{\"@type\":\"OpeningHoursSpecification\",\"dayOfWeek\":[\"Friday\"],\"opens\":\"11:00\",\"closes\":\"21:00\"}],\"email\":\"info@wijnhuis-mana.nl\",\"areaServed\":\"Nederland\",\"vatID\":\"NL58KNAB0255573782\",\"taxID\":\"NL58KNAB0255573782\"},{\"@type\":\"PostalAddress\",\"@id\":\"https:\\\/\\\/wijnhuis-mana.nl\\\/en\\\/product\\\/tchotiashvili-rose-nitsa\\\/#local-main-place-address\",\"streetAddress\":\"Weerwal 11\",\"addressLocality\":\"Purmerend\",\"postalCode\":\"1441 AL\",\"addressRegion\":\"Noord-Holland\",\"addressCountry\":\"NL\"},{\"@type\":\"ImageObject\",\"inLanguage\":\"en-US\",\"@id\":\"https:\\\/\\\/wijnhuis-mana.nl\\\/en\\\/product\\\/tchotiashvili-rose-nitsa\\\/#local-main-organization-logo\",\"url\":\"https:\\\/\\\/wijnhuis-mana.nl\\\/wp-content\\\/uploads\\\/2022\\\/01\\\/Logo_Wijnhuis-Mana_Kleur.jpg\",\"contentUrl\":\"https:\\\/\\\/wijnhuis-mana.nl\\\/wp-content\\\/uploads\\\/2022\\\/01\\\/Logo_Wijnhuis-Mana_Kleur.jpg\",\"width\":400,\"height\":111,\"caption\":\"Wijnhuis-Mana.nl\"}]}<\/script>\n<meta property=\"product:price:amount\" content=\"16.09\" \/>\n<meta property=\"product:price:currency\" content=\"EUR\" \/>\n<meta property=\"og:availability\" content=\"instock\" \/>\n<meta property=\"product:availability\" content=\"instock\" \/>\n<meta property=\"product:retailer_item_id\" content=\"4860108420157\" \/>\n<meta property=\"product:condition\" content=\"new\" \/>\n<meta name=\"geo.placename\" content=\"Purmerend\" \/>\n<meta name=\"geo.region\" content=\"Netherlands\" \/>\n<!-- \/ Yoast SEO Premium plugin. -->","yoast_head_json":{"title":"Tchotiashvili Ros\u00e9 Nitsa: Ambachtelijk en Gelimiteerd","description":"Ontdek de kleurrijke Tchotiashvili Ros\u00e9 Nitsa! Deze unieke wijn, van Montepulciano en Tavkveri, biedt een onvergetelijke smaakervaring. \ud83c\udf77","robots":{"index":"index","follow":"follow","max-snippet":"max-snippet:-1","max-image-preview":"max-image-preview:large","max-video-preview":"max-video-preview:-1"},"canonical":"https:\/\/wijnhuis-mana.nl\/en\/product\/tchotiashvili-rose-nitsa\/","og_locale":"en_US","og_type":"article","og_title":"Tchotiashvili Ros\u00e9 Nitsa","og_description":"Ontdek de kleurrijke Tchotiashvili Ros\u00e9 Nitsa! Deze unieke wijn, van Montepulciano en Tavkveri, biedt een onvergetelijke smaakervaring. \ud83c\udf77","og_url":"https:\/\/wijnhuis-mana.nl\/en\/product\/tchotiashvili-rose-nitsa\/","og_site_name":"Wijnhuis-Mana.nl","article_publisher":"https:\/\/www.facebook.com\/wijnhuismana","article_modified_time":"2026-04-08T12:12:03+00:00","og_image":[{"width":800,"height":800,"url":"https:\/\/wijnhuis-mana.nl\/wp-content\/uploads\/2025\/02\/Tchotiashvili-Rose-Nitsa.jpg","type":"image\/jpeg"}],"twitter_card":"summary_large_image","twitter_misc":{"Price":"&euro;&nbsp;16,09","Availability":"In stock"},"schema":{"@context":"https:\/\/schema.org","@graph":[{"@type":"WebPage","@id":"https:\/\/wijnhuis-mana.nl\/en\/product\/tchotiashvili-rose-nitsa\/","url":"https:\/\/wijnhuis-mana.nl\/en\/product\/tchotiashvili-rose-nitsa\/","name":"Tchotiashvili Ros\u00e9 Nitsa: Ambachtelijk en Gelimiteerd","isPartOf":{"@id":"https:\/\/wijnhuis-mana.nl\/en\/#website"},"primaryImageOfPage":{"@id":"https:\/\/wijnhuis-mana.nl\/en\/product\/tchotiashvili-rose-nitsa\/#primaryimage"},"image":{"@id":"https:\/\/wijnhuis-mana.nl\/en\/product\/tchotiashvili-rose-nitsa\/#primaryimage"},"thumbnailUrl":"https:\/\/wijnhuis-mana.nl\/wp-content\/uploads\/2025\/02\/Tchotiashvili-Rose-Nitsa.jpg","datePublished":"2025-02-12T20:00:59+00:00","dateModified":"2026-04-08T12:12:03+00:00","description":"Ontdek de kleurrijke Tchotiashvili Ros\u00e9 Nitsa! Deze unieke wijn, van Montepulciano en Tavkveri, biedt een onvergetelijke smaakervaring. \ud83c\udf77","breadcrumb":{"@id":"https:\/\/wijnhuis-mana.nl\/en\/product\/tchotiashvili-rose-nitsa\/#breadcrumb"},"inLanguage":"en-US","potentialAction":[{"@type":"ReadAction","target":["https:\/\/wijnhuis-mana.nl\/en\/product\/tchotiashvili-rose-nitsa\/"]}]},{"@type":"ImageObject","inLanguage":"en-US","@id":"https:\/\/wijnhuis-mana.nl\/en\/product\/tchotiashvili-rose-nitsa\/#primaryimage","url":"https:\/\/wijnhuis-mana.nl\/wp-content\/uploads\/2025\/02\/Tchotiashvili-Rose-Nitsa.jpg","contentUrl":"https:\/\/wijnhuis-mana.nl\/wp-content\/uploads\/2025\/02\/Tchotiashvili-Rose-Nitsa.jpg","width":800,"height":800,"caption":"Ontdek de kleurrijke Tchotiashvili Ros\u00e9 Nitsa! Deze unieke wijn, van Montepulciano en Tavkveri, biedt een onvergetelijke smaakervaring. \ud83c\udf77"},{"@type":"BreadcrumbList","@id":"https:\/\/wijnhuis-mana.nl\/en\/product\/tchotiashvili-rose-nitsa\/#breadcrumb","itemListElement":[{"@type":"ListItem","position":1,"name":"Home","item":"https:\/\/wijnhuis-mana.nl\/en\/"},{"@type":"ListItem","position":2,"name":"Shop","item":"https:\/\/wijnhuis-mana.nl\/en\/shop-2\/"},{"@type":"ListItem","position":3,"name":"Tchotiashvili Ros\u00e9 Nitsa"}]},{"@type":"WebSite","@id":"https:\/\/wijnhuis-mana.nl\/en\/#website","url":"https:\/\/wijnhuis-mana.nl\/en\/","name":"Wijnhuis-Mana.nl","description":"Wijn v\u00e1n liefhebbers, v\u00f3\u00f3r liefhebbers","publisher":{"@id":"https:\/\/wijnhuis-mana.nl\/en\/#organization"},"potentialAction":[{"@type":"SearchAction","target":{"@type":"EntryPoint","urlTemplate":"https:\/\/wijnhuis-mana.nl\/en\/?s={search_term_string}"},"query-input":{"@type":"PropertyValueSpecification","valueRequired":true,"valueName":"search_term_string"}}],"inLanguage":"en-US"},{"@type":["Organization","Place"],"@id":"https:\/\/wijnhuis-mana.nl\/en\/#organization","name":"Wijnhuis-Mana.nl","url":"https:\/\/wijnhuis-mana.nl\/en\/","logo":{"@id":"https:\/\/wijnhuis-mana.nl\/en\/product\/tchotiashvili-rose-nitsa\/#local-main-organization-logo"},"image":{"@id":"https:\/\/wijnhuis-mana.nl\/en\/product\/tchotiashvili-rose-nitsa\/#local-main-organization-logo"},"sameAs":["https:\/\/www.facebook.com\/wijnhuismana","https:\/\/www.instagram.com\/ghvino.nl"],"hasMerchantReturnPolicy":{"@type":"MerchantReturnPolicy","merchantReturnLink":"https:\/\/wijnhuis-mana.nl\/algemene-voorwaarden\/"},"address":{"@id":"https:\/\/wijnhuis-mana.nl\/en\/product\/tchotiashvili-rose-nitsa\/#local-main-place-address"},"telephone":["0299-769018"],"openingHoursSpecification":[{"@type":"OpeningHoursSpecification","dayOfWeek":["Monday","Sunday"],"opens":"00:00","closes":"00:00"},{"@type":"OpeningHoursSpecification","dayOfWeek":["Tuesday"],"opens":"10:00","closes":"18:00"},{"@type":"OpeningHoursSpecification","dayOfWeek":["Wednesday","Thursday","Saturday"],"opens":"11:00","closes":"18:00"},{"@type":"OpeningHoursSpecification","dayOfWeek":["Friday"],"opens":"11:00","closes":"21:00"}],"email":"info@wijnhuis-mana.nl","areaServed":"Nederland","vatID":"NL58KNAB0255573782","taxID":"NL58KNAB0255573782"},{"@type":"PostalAddress","@id":"https:\/\/wijnhuis-mana.nl\/en\/product\/tchotiashvili-rose-nitsa\/#local-main-place-address","streetAddress":"Weerwal 11","addressLocality":"Purmerend","postalCode":"1441 AL","addressRegion":"Noord-Holland","addressCountry":"NL"},{"@type":"ImageObject","inLanguage":"en-US","@id":"https:\/\/wijnhuis-mana.nl\/en\/product\/tchotiashvili-rose-nitsa\/#local-main-organization-logo","url":"https:\/\/wijnhuis-mana.nl\/wp-content\/uploads\/2022\/01\/Logo_Wijnhuis-Mana_Kleur.jpg","contentUrl":"https:\/\/wijnhuis-mana.nl\/wp-content\/uploads\/2022\/01\/Logo_Wijnhuis-Mana_Kleur.jpg","width":400,"height":111,"caption":"Wijnhuis-Mana.nl"}]},"product_price_amount":"16.09","product_price_currency":"EUR","og_availability":"instock","product_availability":"instock","product_retailer_item_id":"4860108420157","product_condition":"new","geo.placename":"Purmerend","geo.region":"Netherlands"},"post_mailing_queue_ids":[],"_links":{"self":[{"href":"https:\/\/wijnhuis-mana.nl\/en\/wp-json\/wp\/v2\/product\/11266","targetHints":{"allow":["GET"]}}],"collection":[{"href":"https:\/\/wijnhuis-mana.nl\/en\/wp-json\/wp\/v2\/product"}],"about":[{"href":"https:\/\/wijnhuis-mana.nl\/en\/wp-json\/wp\/v2\/types\/product"}],"replies":[{"embeddable":true,"href":"https:\/\/wijnhuis-mana.nl\/en\/wp-json\/wp\/v2\/comments?post=11266"}],"wp:featuredmedia":[{"embeddable":true,"href":"https:\/\/wijnhuis-mana.nl\/en\/wp-json\/wp\/v2\/media\/11267"}],"wp:attachment":[{"href":"https:\/\/wijnhuis-mana.nl\/en\/wp-json\/wp\/v2\/media?parent=11266"}],"wp:term":[{"taxonomy":"product_brand","embeddable":true,"href":"https:\/\/wijnhuis-mana.nl\/en\/wp-json\/wp\/v2\/product_brand?post=11266"},{"taxonomy":"product_cat","embeddable":true,"href":"https:\/\/wijnhuis-mana.nl\/en\/wp-json\/wp\/v2\/product_cat?post=11266"},{"taxonomy":"product_tag","embeddable":true,"href":"https:\/\/wijnhuis-mana.nl\/en\/wp-json\/wp\/v2\/product_tag?post=11266"}],"curies":[{"name":"wp","href":"https:\/\/api.w.org\/{rel}","templated":true}]}}