{"id":11289,"date":"2025-02-15T13:53:09","date_gmt":"2025-02-15T12:53:09","guid":{"rendered":"https:\/\/wijnhuis-mana.nl\/?post_type=product&#038;p=11289"},"modified":"2026-03-08T14:45:55","modified_gmt":"2026-03-08T13:45:55","slug":"weingut-tschida-illmitzer-spatlese","status":"publish","type":"product","link":"https:\/\/wijnhuis-mana.nl\/en\/product\/weingut-tschida-illmitzer-spatlese\/","title":{"rendered":"Weingut Tschida Illmitzer Sp\u00e4tlese"},"content":{"rendered":"<h3>Algemene informatie<\/h3>\n<p>Weingut Tschida Illmitzer Sp\u00e4tlese representeert een prachtige uitdrukking van de Oostenrijkse wijnbouwkunst, bekend om haar zoete, laat geoogste wijnen. De zoetheid is het resultaat van de edele rotting (botrytis) die druiven op een natuurlijke wijze concentreert. Dit proces vindt plaats in de serene wijngaarden van Illmitz, een gebied in Oostenrijk dat bekend staat om haar perfecte klimaatomstandigheden voor Sp\u00e4tlese-stijl wijnen.<\/p>\n<h3>Smaakprofiel<\/h3>\n<p>De wijn schittert met een gouden glans en trakteert de neus op aroma&#8217;s van rijpe perzik en honing. Dit is mooi in balans met een levendige zuurgraad die zorgt voor frisheid. De smaakbeleving wordt afgerond met een langdurige afdronk waarin fruit en zoetheid persistent blijven.<\/p>\n<h3>Serveeradvies<\/h3>\n<p>Ideaal als dessertwijn of als begeleider van foie gras en sterke kazen. De optimale serveertemperatuur ligt tussen 8-10\u00b0C.<\/p>\n<ul>\n<li>Perfect met cr\u00e8me br\u00fbl\u00e9e<\/li>\n<li>Heerlijk naast blauwe kazen<\/li>\n<li>Ideale partner voor spicy Aziatische gerechten<\/li>\n<\/ul>\n<h3>Weetje<\/h3>\n<p>Did you know that &#8216;Illmitzer&#8217; refers to the Illmitz area in Austria, renowned for its excellent conditions for cultivating noble rot grapes, essential for producing top-tier Sp\u00e4tlese wines.<\/p>\n","protected":false},"excerpt":{"rendered":"<p>Ervaar de elegante zoetheid van Weingut Tschida Illmitzer Sp\u00e4tlese, een Oostenrijkse wijn perfect voor desserts en foie gras. Een symfonie van perzik en honing, klaar om uw zintuigen te betoveren.<\/p>\n<p>\nVivino score:<\/p>\n<div class=\"vivino-widget vivino-wine-card-widget\" data-vivino-widget-type=\"wineWithoutVintage\" data-vivino-wine-id=\"4466979\" data-make-vivino-redirect=\"true\" data-vivino-widget-language=\"en\" data-vivino-widget-layout=\"small_new\">\n  <a target=\"_blank\">Wine name<\/a>\n<\/div>\n","protected":false},"featured_media":13671,"comment_status":"open","ping_status":"closed","template":"","meta":[],"product_brand":[],"product_cat":[2888,2902],"product_tag":[916,142],"class_list":{"0":"post-11289","1":"product","2":"type-product","3":"status-publish","4":"has-post-thumbnail","6":"product_cat-alle-wijn","7":"product_cat-overige-landen","8":"product_tag-oostenrijkse-wijn","9":"product_tag-witte-wijn","11":"first","12":"instock","13":"taxable","14":"shipping-taxable","15":"purchasable","16":"product-type-simple"},"yoast_head":"<!-- This site is optimized with the Yoast SEO Premium plugin v27.3 (Yoast SEO v27.3) - https:\/\/yoast.com\/product\/yoast-seo-premium-wordpress\/ -->\n<title>Weingut Tschida Illmitzer Sp\u00e4tlese - Oostenrijkse Late Harvest Wijn<\/title>\n<meta name=\"description\" content=\"Ontdek Weingut Tschida Illmitzer Sp\u00e4tlese, een prachtig gebalanceerde Oostenrijkse Sp\u00e4tlese wijn met tonen van perzik en honing. Koop nu en geniet van zijn rijke aroma&#039;s en zoete afdronk.\" \/>\n<meta name=\"robots\" content=\"index, follow, max-snippet:-1, max-image-preview:large, max-video-preview:-1\" \/>\n<link rel=\"canonical\" href=\"https:\/\/wijnhuis-mana.nl\/en\/product\/weingut-tschida-illmitzer-spatlese\/\" \/>\n<meta property=\"og:locale\" content=\"en_US\" \/>\n<meta property=\"og:type\" content=\"article\" \/>\n<meta property=\"og:title\" content=\"Weingut Tschida Illmitzer Sp\u00e4tlese\" \/>\n<meta property=\"og:description\" content=\"Ontdek Weingut Tschida Illmitzer Sp\u00e4tlese, een prachtig gebalanceerde Oostenrijkse Sp\u00e4tlese wijn met tonen van perzik en honing. Koop nu en geniet van zijn rijke aroma&#039;s en zoete afdronk.\" \/>\n<meta property=\"og:url\" content=\"https:\/\/wijnhuis-mana.nl\/en\/product\/weingut-tschida-illmitzer-spatlese\/\" \/>\n<meta property=\"og:site_name\" content=\"Wijnhuis-Mana.nl\" \/>\n<meta property=\"article:publisher\" content=\"https:\/\/www.facebook.com\/wijnhuismana\" \/>\n<meta property=\"article:modified_time\" content=\"2026-03-08T13:45:55+00:00\" \/>\n<meta property=\"og:image\" content=\"https:\/\/wijnhuis-mana.nl\/wp-content\/uploads\/2025\/04\/Weingut-Tschida-Illmitzer-Spatlese.jpg\" \/>\n\t<meta property=\"og:image:width\" content=\"800\" \/>\n\t<meta property=\"og:image:height\" content=\"800\" \/>\n\t<meta property=\"og:image:type\" content=\"image\/jpeg\" \/>\n<meta name=\"twitter:card\" content=\"summary_large_image\" \/>\n<meta name=\"twitter:label1\" content=\"Price\" \/>\n\t<meta name=\"twitter:data1\" content=\"&euro;&nbsp;12,29\" \/>\n\t<meta name=\"twitter:label2\" content=\"Availability\" \/>\n\t<meta name=\"twitter:data2\" content=\"In stock\" \/>\n<script type=\"application\/ld+json\" class=\"yoast-schema-graph\">{\"@context\":\"https:\\\/\\\/schema.org\",\"@graph\":[{\"@type\":\"WebPage\",\"@id\":\"https:\\\/\\\/wijnhuis-mana.nl\\\/en\\\/product\\\/weingut-tschida-illmitzer-spatlese\\\/\",\"url\":\"https:\\\/\\\/wijnhuis-mana.nl\\\/en\\\/product\\\/weingut-tschida-illmitzer-spatlese\\\/\",\"name\":\"Weingut Tschida Illmitzer Sp\u00e4tlese - Oostenrijkse Late Harvest Wijn\",\"isPartOf\":{\"@id\":\"https:\\\/\\\/wijnhuis-mana.nl\\\/en\\\/#website\"},\"primaryImageOfPage\":{\"@id\":\"https:\\\/\\\/wijnhuis-mana.nl\\\/en\\\/product\\\/weingut-tschida-illmitzer-spatlese\\\/#primaryimage\"},\"image\":{\"@id\":\"https:\\\/\\\/wijnhuis-mana.nl\\\/en\\\/product\\\/weingut-tschida-illmitzer-spatlese\\\/#primaryimage\"},\"thumbnailUrl\":\"https:\\\/\\\/wijnhuis-mana.nl\\\/wp-content\\\/uploads\\\/2025\\\/04\\\/Weingut-Tschida-Illmitzer-Spatlese.jpg\",\"datePublished\":\"2025-02-15T12:53:09+00:00\",\"dateModified\":\"2026-03-08T13:45:55+00:00\",\"description\":\"Ontdek Weingut Tschida Illmitzer Sp\u00e4tlese, een prachtig gebalanceerde Oostenrijkse Sp\u00e4tlese wijn met tonen van perzik en honing. Koop nu en geniet van zijn rijke aroma's en zoete afdronk.\",\"breadcrumb\":{\"@id\":\"https:\\\/\\\/wijnhuis-mana.nl\\\/en\\\/product\\\/weingut-tschida-illmitzer-spatlese\\\/#breadcrumb\"},\"inLanguage\":\"en-US\",\"potentialAction\":[{\"@type\":\"ReadAction\",\"target\":[\"https:\\\/\\\/wijnhuis-mana.nl\\\/en\\\/product\\\/weingut-tschida-illmitzer-spatlese\\\/\"]}]},{\"@type\":\"ImageObject\",\"inLanguage\":\"en-US\",\"@id\":\"https:\\\/\\\/wijnhuis-mana.nl\\\/en\\\/product\\\/weingut-tschida-illmitzer-spatlese\\\/#primaryimage\",\"url\":\"https:\\\/\\\/wijnhuis-mana.nl\\\/wp-content\\\/uploads\\\/2025\\\/04\\\/Weingut-Tschida-Illmitzer-Spatlese.jpg\",\"contentUrl\":\"https:\\\/\\\/wijnhuis-mana.nl\\\/wp-content\\\/uploads\\\/2025\\\/04\\\/Weingut-Tschida-Illmitzer-Spatlese.jpg\",\"width\":800,\"height\":800,\"caption\":\"Ontdek Weingut Tschida Illmitzer Sp\u00e4tlese, een prachtig gebalanceerde Oostenrijkse Sp\u00e4tlese wijn met tonen van perzik en honing. Koop nu en geniet van zijn rijke aroma's en zoete afdronk.\"},{\"@type\":\"BreadcrumbList\",\"@id\":\"https:\\\/\\\/wijnhuis-mana.nl\\\/en\\\/product\\\/weingut-tschida-illmitzer-spatlese\\\/#breadcrumb\",\"itemListElement\":[{\"@type\":\"ListItem\",\"position\":1,\"name\":\"Home\",\"item\":\"https:\\\/\\\/wijnhuis-mana.nl\\\/en\\\/\"},{\"@type\":\"ListItem\",\"position\":2,\"name\":\"Shop\",\"item\":\"https:\\\/\\\/wijnhuis-mana.nl\\\/en\\\/shop-2\\\/\"},{\"@type\":\"ListItem\",\"position\":3,\"name\":\"Weingut Tschida Illmitzer Sp\u00e4tlese\"}]},{\"@type\":\"WebSite\",\"@id\":\"https:\\\/\\\/wijnhuis-mana.nl\\\/en\\\/#website\",\"url\":\"https:\\\/\\\/wijnhuis-mana.nl\\\/en\\\/\",\"name\":\"Wijnhuis-Mana.nl\",\"description\":\"Wijn v\u00e1n liefhebbers, v\u00f3\u00f3r liefhebbers\",\"publisher\":{\"@id\":\"https:\\\/\\\/wijnhuis-mana.nl\\\/en\\\/#organization\"},\"potentialAction\":[{\"@type\":\"SearchAction\",\"target\":{\"@type\":\"EntryPoint\",\"urlTemplate\":\"https:\\\/\\\/wijnhuis-mana.nl\\\/en\\\/?s={search_term_string}\"},\"query-input\":{\"@type\":\"PropertyValueSpecification\",\"valueRequired\":true,\"valueName\":\"search_term_string\"}}],\"inLanguage\":\"en-US\"},{\"@type\":[\"Organization\",\"Place\"],\"@id\":\"https:\\\/\\\/wijnhuis-mana.nl\\\/en\\\/#organization\",\"name\":\"Wijnhuis-Mana.nl\",\"url\":\"https:\\\/\\\/wijnhuis-mana.nl\\\/en\\\/\",\"logo\":{\"@id\":\"https:\\\/\\\/wijnhuis-mana.nl\\\/en\\\/product\\\/weingut-tschida-illmitzer-spatlese\\\/#local-main-organization-logo\"},\"image\":{\"@id\":\"https:\\\/\\\/wijnhuis-mana.nl\\\/en\\\/product\\\/weingut-tschida-illmitzer-spatlese\\\/#local-main-organization-logo\"},\"sameAs\":[\"https:\\\/\\\/www.facebook.com\\\/wijnhuismana\",\"https:\\\/\\\/www.instagram.com\\\/ghvino.nl\"],\"hasMerchantReturnPolicy\":{\"@type\":\"MerchantReturnPolicy\",\"merchantReturnLink\":\"https:\\\/\\\/wijnhuis-mana.nl\\\/algemene-voorwaarden\\\/\"},\"address\":{\"@id\":\"https:\\\/\\\/wijnhuis-mana.nl\\\/en\\\/product\\\/weingut-tschida-illmitzer-spatlese\\\/#local-main-place-address\"},\"telephone\":[\"0299-769018\"],\"openingHoursSpecification\":[{\"@type\":\"OpeningHoursSpecification\",\"dayOfWeek\":[\"Monday\",\"Sunday\"],\"opens\":\"00:00\",\"closes\":\"00:00\"},{\"@type\":\"OpeningHoursSpecification\",\"dayOfWeek\":[\"Tuesday\"],\"opens\":\"10:00\",\"closes\":\"18:00\"},{\"@type\":\"OpeningHoursSpecification\",\"dayOfWeek\":[\"Wednesday\",\"Thursday\",\"Saturday\"],\"opens\":\"11:00\",\"closes\":\"18:00\"},{\"@type\":\"OpeningHoursSpecification\",\"dayOfWeek\":[\"Friday\"],\"opens\":\"11:00\",\"closes\":\"21:00\"}],\"email\":\"info@wijnhuis-mana.nl\",\"areaServed\":\"Nederland\",\"vatID\":\"NL58KNAB0255573782\",\"taxID\":\"NL58KNAB0255573782\"},{\"@type\":\"PostalAddress\",\"@id\":\"https:\\\/\\\/wijnhuis-mana.nl\\\/en\\\/product\\\/weingut-tschida-illmitzer-spatlese\\\/#local-main-place-address\",\"streetAddress\":\"Weerwal 11\",\"addressLocality\":\"Purmerend\",\"postalCode\":\"1441 AL\",\"addressRegion\":\"Noord-Holland\",\"addressCountry\":\"NL\"},{\"@type\":\"ImageObject\",\"inLanguage\":\"en-US\",\"@id\":\"https:\\\/\\\/wijnhuis-mana.nl\\\/en\\\/product\\\/weingut-tschida-illmitzer-spatlese\\\/#local-main-organization-logo\",\"url\":\"https:\\\/\\\/wijnhuis-mana.nl\\\/wp-content\\\/uploads\\\/2022\\\/01\\\/Logo_Wijnhuis-Mana_Kleur.jpg\",\"contentUrl\":\"https:\\\/\\\/wijnhuis-mana.nl\\\/wp-content\\\/uploads\\\/2022\\\/01\\\/Logo_Wijnhuis-Mana_Kleur.jpg\",\"width\":400,\"height\":111,\"caption\":\"Wijnhuis-Mana.nl\"}]}<\/script>\n<meta property=\"product:price:amount\" content=\"12.29\" \/>\n<meta property=\"product:price:currency\" content=\"EUR\" \/>\n<meta property=\"og:availability\" content=\"instock\" \/>\n<meta property=\"product:availability\" content=\"instock\" \/>\n<meta property=\"product:retailer_item_id\" content=\"9120014650471\" \/>\n<meta property=\"product:condition\" content=\"new\" \/>\n<meta name=\"geo.placename\" content=\"Purmerend\" \/>\n<meta name=\"geo.region\" content=\"Netherlands\" \/>\n<!-- \/ Yoast SEO Premium plugin. -->","yoast_head_json":{"title":"Weingut Tschida Illmitzer Sp\u00e4tlese - Oostenrijkse Late Harvest Wijn","description":"Ontdek Weingut Tschida Illmitzer Sp\u00e4tlese, een prachtig gebalanceerde Oostenrijkse Sp\u00e4tlese wijn met tonen van perzik en honing. Koop nu en geniet van zijn rijke aroma's en zoete afdronk.","robots":{"index":"index","follow":"follow","max-snippet":"max-snippet:-1","max-image-preview":"max-image-preview:large","max-video-preview":"max-video-preview:-1"},"canonical":"https:\/\/wijnhuis-mana.nl\/en\/product\/weingut-tschida-illmitzer-spatlese\/","og_locale":"en_US","og_type":"article","og_title":"Weingut Tschida Illmitzer Sp\u00e4tlese","og_description":"Ontdek Weingut Tschida Illmitzer Sp\u00e4tlese, een prachtig gebalanceerde Oostenrijkse Sp\u00e4tlese wijn met tonen van perzik en honing. Koop nu en geniet van zijn rijke aroma's en zoete afdronk.","og_url":"https:\/\/wijnhuis-mana.nl\/en\/product\/weingut-tschida-illmitzer-spatlese\/","og_site_name":"Wijnhuis-Mana.nl","article_publisher":"https:\/\/www.facebook.com\/wijnhuismana","article_modified_time":"2026-03-08T13:45:55+00:00","og_image":[{"width":800,"height":800,"url":"https:\/\/wijnhuis-mana.nl\/wp-content\/uploads\/2025\/04\/Weingut-Tschida-Illmitzer-Spatlese.jpg","type":"image\/jpeg"}],"twitter_card":"summary_large_image","twitter_misc":{"Price":"&euro;&nbsp;12,29","Availability":"In stock"},"schema":{"@context":"https:\/\/schema.org","@graph":[{"@type":"WebPage","@id":"https:\/\/wijnhuis-mana.nl\/en\/product\/weingut-tschida-illmitzer-spatlese\/","url":"https:\/\/wijnhuis-mana.nl\/en\/product\/weingut-tschida-illmitzer-spatlese\/","name":"Weingut Tschida Illmitzer Sp\u00e4tlese - Oostenrijkse Late Harvest Wijn","isPartOf":{"@id":"https:\/\/wijnhuis-mana.nl\/en\/#website"},"primaryImageOfPage":{"@id":"https:\/\/wijnhuis-mana.nl\/en\/product\/weingut-tschida-illmitzer-spatlese\/#primaryimage"},"image":{"@id":"https:\/\/wijnhuis-mana.nl\/en\/product\/weingut-tschida-illmitzer-spatlese\/#primaryimage"},"thumbnailUrl":"https:\/\/wijnhuis-mana.nl\/wp-content\/uploads\/2025\/04\/Weingut-Tschida-Illmitzer-Spatlese.jpg","datePublished":"2025-02-15T12:53:09+00:00","dateModified":"2026-03-08T13:45:55+00:00","description":"Ontdek Weingut Tschida Illmitzer Sp\u00e4tlese, een prachtig gebalanceerde Oostenrijkse Sp\u00e4tlese wijn met tonen van perzik en honing. Koop nu en geniet van zijn rijke aroma's en zoete afdronk.","breadcrumb":{"@id":"https:\/\/wijnhuis-mana.nl\/en\/product\/weingut-tschida-illmitzer-spatlese\/#breadcrumb"},"inLanguage":"en-US","potentialAction":[{"@type":"ReadAction","target":["https:\/\/wijnhuis-mana.nl\/en\/product\/weingut-tschida-illmitzer-spatlese\/"]}]},{"@type":"ImageObject","inLanguage":"en-US","@id":"https:\/\/wijnhuis-mana.nl\/en\/product\/weingut-tschida-illmitzer-spatlese\/#primaryimage","url":"https:\/\/wijnhuis-mana.nl\/wp-content\/uploads\/2025\/04\/Weingut-Tschida-Illmitzer-Spatlese.jpg","contentUrl":"https:\/\/wijnhuis-mana.nl\/wp-content\/uploads\/2025\/04\/Weingut-Tschida-Illmitzer-Spatlese.jpg","width":800,"height":800,"caption":"Ontdek Weingut Tschida Illmitzer Sp\u00e4tlese, een prachtig gebalanceerde Oostenrijkse Sp\u00e4tlese wijn met tonen van perzik en honing. Koop nu en geniet van zijn rijke aroma's en zoete afdronk."},{"@type":"BreadcrumbList","@id":"https:\/\/wijnhuis-mana.nl\/en\/product\/weingut-tschida-illmitzer-spatlese\/#breadcrumb","itemListElement":[{"@type":"ListItem","position":1,"name":"Home","item":"https:\/\/wijnhuis-mana.nl\/en\/"},{"@type":"ListItem","position":2,"name":"Shop","item":"https:\/\/wijnhuis-mana.nl\/en\/shop-2\/"},{"@type":"ListItem","position":3,"name":"Weingut Tschida Illmitzer Sp\u00e4tlese"}]},{"@type":"WebSite","@id":"https:\/\/wijnhuis-mana.nl\/en\/#website","url":"https:\/\/wijnhuis-mana.nl\/en\/","name":"Wijnhuis-Mana.nl","description":"Wijn v\u00e1n liefhebbers, v\u00f3\u00f3r liefhebbers","publisher":{"@id":"https:\/\/wijnhuis-mana.nl\/en\/#organization"},"potentialAction":[{"@type":"SearchAction","target":{"@type":"EntryPoint","urlTemplate":"https:\/\/wijnhuis-mana.nl\/en\/?s={search_term_string}"},"query-input":{"@type":"PropertyValueSpecification","valueRequired":true,"valueName":"search_term_string"}}],"inLanguage":"en-US"},{"@type":["Organization","Place"],"@id":"https:\/\/wijnhuis-mana.nl\/en\/#organization","name":"Wijnhuis-Mana.nl","url":"https:\/\/wijnhuis-mana.nl\/en\/","logo":{"@id":"https:\/\/wijnhuis-mana.nl\/en\/product\/weingut-tschida-illmitzer-spatlese\/#local-main-organization-logo"},"image":{"@id":"https:\/\/wijnhuis-mana.nl\/en\/product\/weingut-tschida-illmitzer-spatlese\/#local-main-organization-logo"},"sameAs":["https:\/\/www.facebook.com\/wijnhuismana","https:\/\/www.instagram.com\/ghvino.nl"],"hasMerchantReturnPolicy":{"@type":"MerchantReturnPolicy","merchantReturnLink":"https:\/\/wijnhuis-mana.nl\/algemene-voorwaarden\/"},"address":{"@id":"https:\/\/wijnhuis-mana.nl\/en\/product\/weingut-tschida-illmitzer-spatlese\/#local-main-place-address"},"telephone":["0299-769018"],"openingHoursSpecification":[{"@type":"OpeningHoursSpecification","dayOfWeek":["Monday","Sunday"],"opens":"00:00","closes":"00:00"},{"@type":"OpeningHoursSpecification","dayOfWeek":["Tuesday"],"opens":"10:00","closes":"18:00"},{"@type":"OpeningHoursSpecification","dayOfWeek":["Wednesday","Thursday","Saturday"],"opens":"11:00","closes":"18:00"},{"@type":"OpeningHoursSpecification","dayOfWeek":["Friday"],"opens":"11:00","closes":"21:00"}],"email":"info@wijnhuis-mana.nl","areaServed":"Nederland","vatID":"NL58KNAB0255573782","taxID":"NL58KNAB0255573782"},{"@type":"PostalAddress","@id":"https:\/\/wijnhuis-mana.nl\/en\/product\/weingut-tschida-illmitzer-spatlese\/#local-main-place-address","streetAddress":"Weerwal 11","addressLocality":"Purmerend","postalCode":"1441 AL","addressRegion":"Noord-Holland","addressCountry":"NL"},{"@type":"ImageObject","inLanguage":"en-US","@id":"https:\/\/wijnhuis-mana.nl\/en\/product\/weingut-tschida-illmitzer-spatlese\/#local-main-organization-logo","url":"https:\/\/wijnhuis-mana.nl\/wp-content\/uploads\/2022\/01\/Logo_Wijnhuis-Mana_Kleur.jpg","contentUrl":"https:\/\/wijnhuis-mana.nl\/wp-content\/uploads\/2022\/01\/Logo_Wijnhuis-Mana_Kleur.jpg","width":400,"height":111,"caption":"Wijnhuis-Mana.nl"}]},"product_price_amount":"12.29","product_price_currency":"EUR","og_availability":"instock","product_availability":"instock","product_retailer_item_id":"9120014650471","product_condition":"new","geo.placename":"Purmerend","geo.region":"Netherlands"},"post_mailing_queue_ids":[],"_links":{"self":[{"href":"https:\/\/wijnhuis-mana.nl\/en\/wp-json\/wp\/v2\/product\/11289","targetHints":{"allow":["GET"]}}],"collection":[{"href":"https:\/\/wijnhuis-mana.nl\/en\/wp-json\/wp\/v2\/product"}],"about":[{"href":"https:\/\/wijnhuis-mana.nl\/en\/wp-json\/wp\/v2\/types\/product"}],"replies":[{"embeddable":true,"href":"https:\/\/wijnhuis-mana.nl\/en\/wp-json\/wp\/v2\/comments?post=11289"}],"wp:featuredmedia":[{"embeddable":true,"href":"https:\/\/wijnhuis-mana.nl\/en\/wp-json\/wp\/v2\/media\/13671"}],"wp:attachment":[{"href":"https:\/\/wijnhuis-mana.nl\/en\/wp-json\/wp\/v2\/media?parent=11289"}],"wp:term":[{"taxonomy":"product_brand","embeddable":true,"href":"https:\/\/wijnhuis-mana.nl\/en\/wp-json\/wp\/v2\/product_brand?post=11289"},{"taxonomy":"product_cat","embeddable":true,"href":"https:\/\/wijnhuis-mana.nl\/en\/wp-json\/wp\/v2\/product_cat?post=11289"},{"taxonomy":"product_tag","embeddable":true,"href":"https:\/\/wijnhuis-mana.nl\/en\/wp-json\/wp\/v2\/product_tag?post=11289"}],"curies":[{"name":"wp","href":"https:\/\/api.w.org\/{rel}","templated":true}]}}