{"id":11366,"date":"2025-03-04T21:24:53","date_gmt":"2025-03-04T20:24:53","guid":{"rendered":"https:\/\/wijnhuis-mana.nl\/?post_type=product&#038;p=11366"},"modified":"2026-03-28T20:42:06","modified_gmt":"2026-03-28T19:42:06","slug":"chateau-mukhrani-saperavi","status":"publish","type":"product","link":"https:\/\/wijnhuis-mana.nl\/en\/product\/chateau-mukhrani-saperavi\/","title":{"rendered":"Chateau Mukhrani Saperavi"},"content":{"rendered":"<p data-start=\"0\" data-end=\"453\"><strong data-start=\"0\" data-end=\"29\">Ch\u00e2teau Mukhrani Saperavi<\/strong> is een verfijnde, biologische rode wijn uit Georgi\u00eb, geproduceerd door het prestigieuze <strong data-start=\"118\" data-end=\"138\">Ch\u00e2teau Mukhrani<\/strong> wijnhuis. Deze wijn wordt gemaakt van de inheemse <strong data-start=\"189\" data-end=\"201\">Saperavi<\/strong>-druif, die bekend staat om zijn diepe kleur, volle body en uitgesproken fruitigheid. De druiven worden zorgvuldig met de hand geplukt en met respect voor traditie verwerkt, waardoor deze wijn een uitstekende expressie is van de Georgische wijncultuur.<\/p>\n<h3 data-start=\"455\" data-end=\"490\"><strong data-start=\"459\" data-end=\"488\">Druivenras en Vinificatie<\/strong><\/h3>\n<p data-start=\"491\" data-end=\"1121\">De <strong data-start=\"494\" data-end=\"506\">Saperavi<\/strong> is een authentiek Georgisch druivenras met een intens fruitige en krachtige structuur. De druiven worden <strong data-start=\"612\" data-end=\"635\">met de hand geplukt<\/strong> op het eigen wijngoed van Ch\u00e2teau Mukhrani om de hoogste kwaliteit te garanderen. Het fermentatieproces omvat <strong data-start=\"746\" data-end=\"780\">pump-over, d\u00e9lestage en ponsen<\/strong>, technieken die helpen om een optimale extractie van kleur en aroma\u2019s te verkrijgen. Na een <strong data-start=\"873\" data-end=\"910\">zorgvuldige malolactische gisting<\/strong> rijpt 20% van de blend in een combinatie van <strong data-start=\"956\" data-end=\"1012\">Franse, Amerikaanse en Kaukasische eikenhouten vaten<\/strong>. Dit draagt bij aan de complexiteit en balans van de wijn, zonder de kenmerkende fruitigheid te overheersen.<\/p>\n<h3 data-start=\"1123\" data-end=\"1145\"><strong data-start=\"1127\" data-end=\"1143\">Smaakprofiel<\/strong><\/h3>\n<p data-start=\"1146\" data-end=\"1691\">Ch\u00e2teau Mukhrani Saperavi heeft een <strong data-start=\"1182\" data-end=\"1207\">diep robijnrode kleur<\/strong> met paarse reflecties. Het <strong data-start=\"1235\" data-end=\"1245\">boeket<\/strong> is rijk en intens, met aroma\u2019s van <strong data-start=\"1281\" data-end=\"1314\">zwarte moerbei, braam en kers<\/strong>, aangevuld met subtiele tonen van <strong data-start=\"1349\" data-end=\"1386\">zachte eik en een vleugje kruiden<\/strong>. De <strong data-start=\"1391\" data-end=\"1400\">smaak<\/strong> is vol en krachtig, met een uitstekende balans tussen fruitige tonen, fluweelzachte tannines en een aanhoudende, elegante afdronk. Door de natuurlijke rijping kunnen er <strong data-start=\"1570\" data-end=\"1606\">diamant-kristallijne afzettingen<\/strong> in de fles ontstaan, wat een teken is van de puurheid en hoge kwaliteit van de wijn.<\/p>\n<h3 data-start=\"1693\" data-end=\"1716\"><strong data-start=\"1697\" data-end=\"1714\">Serveeradvies<\/strong><\/h3>\n<p data-start=\"1717\" data-end=\"1950\">Deze krachtige, fruitige wijn komt het best tot zijn recht bij:<br data-start=\"1780\" data-end=\"1783\" \/>\u2714 <strong data-start=\"1785\" data-end=\"1819\">Gegrild of gebraden rood vlees<\/strong> zoals rundvlees en lamsvlees<br data-start=\"1848\" data-end=\"1851\" \/>\u2714 <strong data-start=\"1853\" data-end=\"1870\">Wildgerechten<\/strong> zoals hert of eend<br data-start=\"1889\" data-end=\"1892\" \/>\u2714 <strong data-start=\"1894\" data-end=\"1912\">Gerijpte kazen<\/strong> met een romige of pittige structuur<\/p>\n<p data-start=\"1952\" data-end=\"1985\"><strong data-start=\"1952\" data-end=\"1975\">Serveertemperatuur:<\/strong> 16-18\u00b0C<\/p>\n<h3 data-start=\"1987\" data-end=\"2003\"><strong data-start=\"1991\" data-end=\"2001\">Weetje<\/strong><\/h3>\n<p data-start=\"2004\" data-end=\"2228\">Ch\u00e2teau Mukhrani behoort tot de <strong data-start=\"2036\" data-end=\"2072\">100 beste wijngaarden ter wereld<\/strong> en stond in <strong data-start=\"2085\" data-end=\"2106\">2021 op nummer 58<\/strong>. Dit wijnhuis combineert eeuwenoude Georgische tradities met moderne technieken om wijnen van wereldklasse te produceren.<\/p>\n","protected":false},"excerpt":{"rendered":"<p>Een robijnrode Georgische wijn met aroma\u2019s van zwarte moerbei, bramen en kersen, een elegante houttoets en fluweelzachte tannines. Vol, krachtig en perfect in balans.<\/p>\n<p>\nVivino score:<\/p>\n<div class=\"vivino-widget vivino-wine-card-widget\" data-vivino-widget-type=\"wineWithoutVintage\" data-vivino-wine-id=\"1172721\" data-make-vivino-redirect=\"true\" data-vivino-widget-language=\"en\" data-vivino-widget-layout=\"small_new\">\n  <a target=\"_blank\">Wine name<\/a>\n<\/div>\n","protected":false},"featured_media":11367,"comment_status":"open","ping_status":"closed","template":"","meta":[],"product_brand":[],"product_cat":[2888,2897,2889],"product_tag":[135,136],"class_list":{"0":"post-11366","1":"product","2":"type-product","3":"status-publish","4":"has-post-thumbnail","6":"product_cat-alle-wijn","7":"product_cat-georgische-wijn","8":"product_cat-rode-wijn","9":"product_tag-georgische-wijn","10":"product_tag-rode-wijn","12":"first","13":"instock","14":"taxable","15":"shipping-taxable","16":"purchasable","17":"product-type-simple"},"yoast_head":"<!-- This site is optimized with the Yoast SEO Premium plugin v27.3 (Yoast SEO v27.3) - https:\/\/yoast.com\/product\/yoast-seo-premium-wordpress\/ -->\n<title>Chateau Mukhrani Saperavi: Authentiek Georgisch Genot<\/title>\n<meta name=\"description\" content=\"Proef de verfijning van Ch\u00e2teau Mukhrani Saperavi, een biologische rode wijn uit Georgi\u00eb. Geniet van de volle body en uitgesproken fruitigheid! \ud83c\udf77\" \/>\n<meta name=\"robots\" content=\"index, follow, max-snippet:-1, max-image-preview:large, max-video-preview:-1\" \/>\n<link rel=\"canonical\" href=\"https:\/\/wijnhuis-mana.nl\/en\/product\/chateau-mukhrani-saperavi\/\" \/>\n<meta property=\"og:locale\" content=\"en_US\" \/>\n<meta property=\"og:type\" content=\"article\" \/>\n<meta property=\"og:title\" content=\"Chateau Mukhrani Saperavi\" \/>\n<meta property=\"og:description\" content=\"Proef de verfijning van Ch\u00e2teau Mukhrani Saperavi, een biologische rode wijn uit Georgi\u00eb. Geniet van de volle body en uitgesproken fruitigheid! \ud83c\udf77\" \/>\n<meta property=\"og:url\" content=\"https:\/\/wijnhuis-mana.nl\/en\/product\/chateau-mukhrani-saperavi\/\" \/>\n<meta property=\"og:site_name\" content=\"Wijnhuis-Mana.nl\" \/>\n<meta property=\"article:publisher\" content=\"https:\/\/www.facebook.com\/wijnhuismana\" \/>\n<meta property=\"article:modified_time\" content=\"2026-03-28T19:42:06+00:00\" \/>\n<meta property=\"og:image\" content=\"https:\/\/wijnhuis-mana.nl\/wp-content\/uploads\/2025\/03\/Chateau-Mukhrani-Saperavi.jpg\" \/>\n\t<meta property=\"og:image:width\" content=\"800\" \/>\n\t<meta property=\"og:image:height\" content=\"800\" \/>\n\t<meta property=\"og:image:type\" content=\"image\/jpeg\" \/>\n<meta name=\"twitter:card\" content=\"summary_large_image\" \/>\n<meta name=\"twitter:label1\" content=\"Price\" \/>\n\t<meta name=\"twitter:data1\" content=\"&euro;&nbsp;22,45\" \/>\n\t<meta name=\"twitter:label2\" content=\"Availability\" \/>\n\t<meta name=\"twitter:data2\" content=\"In stock\" \/>\n<script type=\"application\/ld+json\" class=\"yoast-schema-graph\">{\"@context\":\"https:\\\/\\\/schema.org\",\"@graph\":[{\"@type\":\"WebPage\",\"@id\":\"https:\\\/\\\/wijnhuis-mana.nl\\\/en\\\/product\\\/chateau-mukhrani-saperavi\\\/\",\"url\":\"https:\\\/\\\/wijnhuis-mana.nl\\\/en\\\/product\\\/chateau-mukhrani-saperavi\\\/\",\"name\":\"Chateau Mukhrani Saperavi: Authentiek Georgisch Genot\",\"isPartOf\":{\"@id\":\"https:\\\/\\\/wijnhuis-mana.nl\\\/en\\\/#website\"},\"primaryImageOfPage\":{\"@id\":\"https:\\\/\\\/wijnhuis-mana.nl\\\/en\\\/product\\\/chateau-mukhrani-saperavi\\\/#primaryimage\"},\"image\":{\"@id\":\"https:\\\/\\\/wijnhuis-mana.nl\\\/en\\\/product\\\/chateau-mukhrani-saperavi\\\/#primaryimage\"},\"thumbnailUrl\":\"https:\\\/\\\/wijnhuis-mana.nl\\\/wp-content\\\/uploads\\\/2025\\\/03\\\/Chateau-Mukhrani-Saperavi.jpg\",\"datePublished\":\"2025-03-04T20:24:53+00:00\",\"dateModified\":\"2026-03-28T19:42:06+00:00\",\"description\":\"Proef de verfijning van Ch\u00e2teau Mukhrani Saperavi, een biologische rode wijn uit Georgi\u00eb. Geniet van de volle body en uitgesproken fruitigheid! \ud83c\udf77\",\"breadcrumb\":{\"@id\":\"https:\\\/\\\/wijnhuis-mana.nl\\\/en\\\/product\\\/chateau-mukhrani-saperavi\\\/#breadcrumb\"},\"inLanguage\":\"en-US\",\"potentialAction\":[{\"@type\":\"ReadAction\",\"target\":[\"https:\\\/\\\/wijnhuis-mana.nl\\\/en\\\/product\\\/chateau-mukhrani-saperavi\\\/\"]}]},{\"@type\":\"ImageObject\",\"inLanguage\":\"en-US\",\"@id\":\"https:\\\/\\\/wijnhuis-mana.nl\\\/en\\\/product\\\/chateau-mukhrani-saperavi\\\/#primaryimage\",\"url\":\"https:\\\/\\\/wijnhuis-mana.nl\\\/wp-content\\\/uploads\\\/2025\\\/03\\\/Chateau-Mukhrani-Saperavi.jpg\",\"contentUrl\":\"https:\\\/\\\/wijnhuis-mana.nl\\\/wp-content\\\/uploads\\\/2025\\\/03\\\/Chateau-Mukhrani-Saperavi.jpg\",\"width\":800,\"height\":800,\"caption\":\"Proef de verfijning van Ch\u00e2teau Mukhrani Saperavi, een biologische rode wijn uit Georgi\u00eb. Geniet van de volle body en uitgesproken fruitigheid! \ud83c\udf77\"},{\"@type\":\"BreadcrumbList\",\"@id\":\"https:\\\/\\\/wijnhuis-mana.nl\\\/en\\\/product\\\/chateau-mukhrani-saperavi\\\/#breadcrumb\",\"itemListElement\":[{\"@type\":\"ListItem\",\"position\":1,\"name\":\"Home\",\"item\":\"https:\\\/\\\/wijnhuis-mana.nl\\\/en\\\/\"},{\"@type\":\"ListItem\",\"position\":2,\"name\":\"Shop\",\"item\":\"https:\\\/\\\/wijnhuis-mana.nl\\\/en\\\/shop-2\\\/\"},{\"@type\":\"ListItem\",\"position\":3,\"name\":\"Chateau Mukhrani Saperavi\"}]},{\"@type\":\"WebSite\",\"@id\":\"https:\\\/\\\/wijnhuis-mana.nl\\\/en\\\/#website\",\"url\":\"https:\\\/\\\/wijnhuis-mana.nl\\\/en\\\/\",\"name\":\"Wijnhuis-Mana.nl\",\"description\":\"Wijn v\u00e1n liefhebbers, v\u00f3\u00f3r liefhebbers\",\"publisher\":{\"@id\":\"https:\\\/\\\/wijnhuis-mana.nl\\\/en\\\/#organization\"},\"potentialAction\":[{\"@type\":\"SearchAction\",\"target\":{\"@type\":\"EntryPoint\",\"urlTemplate\":\"https:\\\/\\\/wijnhuis-mana.nl\\\/en\\\/?s={search_term_string}\"},\"query-input\":{\"@type\":\"PropertyValueSpecification\",\"valueRequired\":true,\"valueName\":\"search_term_string\"}}],\"inLanguage\":\"en-US\"},{\"@type\":[\"Organization\",\"Place\"],\"@id\":\"https:\\\/\\\/wijnhuis-mana.nl\\\/en\\\/#organization\",\"name\":\"Wijnhuis-Mana.nl\",\"url\":\"https:\\\/\\\/wijnhuis-mana.nl\\\/en\\\/\",\"logo\":{\"@id\":\"https:\\\/\\\/wijnhuis-mana.nl\\\/en\\\/product\\\/chateau-mukhrani-saperavi\\\/#local-main-organization-logo\"},\"image\":{\"@id\":\"https:\\\/\\\/wijnhuis-mana.nl\\\/en\\\/product\\\/chateau-mukhrani-saperavi\\\/#local-main-organization-logo\"},\"sameAs\":[\"https:\\\/\\\/www.facebook.com\\\/wijnhuismana\",\"https:\\\/\\\/www.instagram.com\\\/ghvino.nl\"],\"hasMerchantReturnPolicy\":{\"@type\":\"MerchantReturnPolicy\",\"merchantReturnLink\":\"https:\\\/\\\/wijnhuis-mana.nl\\\/algemene-voorwaarden\\\/\"},\"address\":{\"@id\":\"https:\\\/\\\/wijnhuis-mana.nl\\\/en\\\/product\\\/chateau-mukhrani-saperavi\\\/#local-main-place-address\"},\"telephone\":[\"0299-769018\"],\"openingHoursSpecification\":[{\"@type\":\"OpeningHoursSpecification\",\"dayOfWeek\":[\"Monday\",\"Sunday\"],\"opens\":\"00:00\",\"closes\":\"00:00\"},{\"@type\":\"OpeningHoursSpecification\",\"dayOfWeek\":[\"Tuesday\"],\"opens\":\"10:00\",\"closes\":\"18:00\"},{\"@type\":\"OpeningHoursSpecification\",\"dayOfWeek\":[\"Wednesday\",\"Thursday\",\"Saturday\"],\"opens\":\"11:00\",\"closes\":\"18:00\"},{\"@type\":\"OpeningHoursSpecification\",\"dayOfWeek\":[\"Friday\"],\"opens\":\"11:00\",\"closes\":\"21:00\"}],\"email\":\"info@wijnhuis-mana.nl\",\"areaServed\":\"Nederland\",\"vatID\":\"NL58KNAB0255573782\",\"taxID\":\"NL58KNAB0255573782\"},{\"@type\":\"PostalAddress\",\"@id\":\"https:\\\/\\\/wijnhuis-mana.nl\\\/en\\\/product\\\/chateau-mukhrani-saperavi\\\/#local-main-place-address\",\"streetAddress\":\"Weerwal 11\",\"addressLocality\":\"Purmerend\",\"postalCode\":\"1441 AL\",\"addressRegion\":\"Noord-Holland\",\"addressCountry\":\"NL\"},{\"@type\":\"ImageObject\",\"inLanguage\":\"en-US\",\"@id\":\"https:\\\/\\\/wijnhuis-mana.nl\\\/en\\\/product\\\/chateau-mukhrani-saperavi\\\/#local-main-organization-logo\",\"url\":\"https:\\\/\\\/wijnhuis-mana.nl\\\/wp-content\\\/uploads\\\/2022\\\/01\\\/Logo_Wijnhuis-Mana_Kleur.jpg\",\"contentUrl\":\"https:\\\/\\\/wijnhuis-mana.nl\\\/wp-content\\\/uploads\\\/2022\\\/01\\\/Logo_Wijnhuis-Mana_Kleur.jpg\",\"width\":400,\"height\":111,\"caption\":\"Wijnhuis-Mana.nl\"}]}<\/script>\n<meta property=\"product:price:amount\" content=\"22.45\" \/>\n<meta property=\"product:price:currency\" content=\"EUR\" \/>\n<meta property=\"og:availability\" content=\"instock\" \/>\n<meta property=\"product:availability\" content=\"instock\" \/>\n<meta property=\"product:retailer_item_id\" content=\"4860008470016\" \/>\n<meta property=\"product:condition\" content=\"new\" \/>\n<meta name=\"geo.placename\" content=\"Purmerend\" \/>\n<meta name=\"geo.region\" content=\"Netherlands\" \/>\n<!-- \/ Yoast SEO Premium plugin. -->","yoast_head_json":{"title":"Chateau Mukhrani Saperavi: Authentiek Georgisch Genot","description":"Proef de verfijning van Ch\u00e2teau Mukhrani Saperavi, een biologische rode wijn uit Georgi\u00eb. Geniet van de volle body en uitgesproken fruitigheid! \ud83c\udf77","robots":{"index":"index","follow":"follow","max-snippet":"max-snippet:-1","max-image-preview":"max-image-preview:large","max-video-preview":"max-video-preview:-1"},"canonical":"https:\/\/wijnhuis-mana.nl\/en\/product\/chateau-mukhrani-saperavi\/","og_locale":"en_US","og_type":"article","og_title":"Chateau Mukhrani Saperavi","og_description":"Proef de verfijning van Ch\u00e2teau Mukhrani Saperavi, een biologische rode wijn uit Georgi\u00eb. Geniet van de volle body en uitgesproken fruitigheid! \ud83c\udf77","og_url":"https:\/\/wijnhuis-mana.nl\/en\/product\/chateau-mukhrani-saperavi\/","og_site_name":"Wijnhuis-Mana.nl","article_publisher":"https:\/\/www.facebook.com\/wijnhuismana","article_modified_time":"2026-03-28T19:42:06+00:00","og_image":[{"width":800,"height":800,"url":"https:\/\/wijnhuis-mana.nl\/wp-content\/uploads\/2025\/03\/Chateau-Mukhrani-Saperavi.jpg","type":"image\/jpeg"}],"twitter_card":"summary_large_image","twitter_misc":{"Price":"&euro;&nbsp;22,45","Availability":"In stock"},"schema":{"@context":"https:\/\/schema.org","@graph":[{"@type":"WebPage","@id":"https:\/\/wijnhuis-mana.nl\/en\/product\/chateau-mukhrani-saperavi\/","url":"https:\/\/wijnhuis-mana.nl\/en\/product\/chateau-mukhrani-saperavi\/","name":"Chateau Mukhrani Saperavi: Authentiek Georgisch Genot","isPartOf":{"@id":"https:\/\/wijnhuis-mana.nl\/en\/#website"},"primaryImageOfPage":{"@id":"https:\/\/wijnhuis-mana.nl\/en\/product\/chateau-mukhrani-saperavi\/#primaryimage"},"image":{"@id":"https:\/\/wijnhuis-mana.nl\/en\/product\/chateau-mukhrani-saperavi\/#primaryimage"},"thumbnailUrl":"https:\/\/wijnhuis-mana.nl\/wp-content\/uploads\/2025\/03\/Chateau-Mukhrani-Saperavi.jpg","datePublished":"2025-03-04T20:24:53+00:00","dateModified":"2026-03-28T19:42:06+00:00","description":"Proef de verfijning van Ch\u00e2teau Mukhrani Saperavi, een biologische rode wijn uit Georgi\u00eb. Geniet van de volle body en uitgesproken fruitigheid! \ud83c\udf77","breadcrumb":{"@id":"https:\/\/wijnhuis-mana.nl\/en\/product\/chateau-mukhrani-saperavi\/#breadcrumb"},"inLanguage":"en-US","potentialAction":[{"@type":"ReadAction","target":["https:\/\/wijnhuis-mana.nl\/en\/product\/chateau-mukhrani-saperavi\/"]}]},{"@type":"ImageObject","inLanguage":"en-US","@id":"https:\/\/wijnhuis-mana.nl\/en\/product\/chateau-mukhrani-saperavi\/#primaryimage","url":"https:\/\/wijnhuis-mana.nl\/wp-content\/uploads\/2025\/03\/Chateau-Mukhrani-Saperavi.jpg","contentUrl":"https:\/\/wijnhuis-mana.nl\/wp-content\/uploads\/2025\/03\/Chateau-Mukhrani-Saperavi.jpg","width":800,"height":800,"caption":"Proef de verfijning van Ch\u00e2teau Mukhrani Saperavi, een biologische rode wijn uit Georgi\u00eb. Geniet van de volle body en uitgesproken fruitigheid! \ud83c\udf77"},{"@type":"BreadcrumbList","@id":"https:\/\/wijnhuis-mana.nl\/en\/product\/chateau-mukhrani-saperavi\/#breadcrumb","itemListElement":[{"@type":"ListItem","position":1,"name":"Home","item":"https:\/\/wijnhuis-mana.nl\/en\/"},{"@type":"ListItem","position":2,"name":"Shop","item":"https:\/\/wijnhuis-mana.nl\/en\/shop-2\/"},{"@type":"ListItem","position":3,"name":"Chateau Mukhrani Saperavi"}]},{"@type":"WebSite","@id":"https:\/\/wijnhuis-mana.nl\/en\/#website","url":"https:\/\/wijnhuis-mana.nl\/en\/","name":"Wijnhuis-Mana.nl","description":"Wijn v\u00e1n liefhebbers, v\u00f3\u00f3r liefhebbers","publisher":{"@id":"https:\/\/wijnhuis-mana.nl\/en\/#organization"},"potentialAction":[{"@type":"SearchAction","target":{"@type":"EntryPoint","urlTemplate":"https:\/\/wijnhuis-mana.nl\/en\/?s={search_term_string}"},"query-input":{"@type":"PropertyValueSpecification","valueRequired":true,"valueName":"search_term_string"}}],"inLanguage":"en-US"},{"@type":["Organization","Place"],"@id":"https:\/\/wijnhuis-mana.nl\/en\/#organization","name":"Wijnhuis-Mana.nl","url":"https:\/\/wijnhuis-mana.nl\/en\/","logo":{"@id":"https:\/\/wijnhuis-mana.nl\/en\/product\/chateau-mukhrani-saperavi\/#local-main-organization-logo"},"image":{"@id":"https:\/\/wijnhuis-mana.nl\/en\/product\/chateau-mukhrani-saperavi\/#local-main-organization-logo"},"sameAs":["https:\/\/www.facebook.com\/wijnhuismana","https:\/\/www.instagram.com\/ghvino.nl"],"hasMerchantReturnPolicy":{"@type":"MerchantReturnPolicy","merchantReturnLink":"https:\/\/wijnhuis-mana.nl\/algemene-voorwaarden\/"},"address":{"@id":"https:\/\/wijnhuis-mana.nl\/en\/product\/chateau-mukhrani-saperavi\/#local-main-place-address"},"telephone":["0299-769018"],"openingHoursSpecification":[{"@type":"OpeningHoursSpecification","dayOfWeek":["Monday","Sunday"],"opens":"00:00","closes":"00:00"},{"@type":"OpeningHoursSpecification","dayOfWeek":["Tuesday"],"opens":"10:00","closes":"18:00"},{"@type":"OpeningHoursSpecification","dayOfWeek":["Wednesday","Thursday","Saturday"],"opens":"11:00","closes":"18:00"},{"@type":"OpeningHoursSpecification","dayOfWeek":["Friday"],"opens":"11:00","closes":"21:00"}],"email":"info@wijnhuis-mana.nl","areaServed":"Nederland","vatID":"NL58KNAB0255573782","taxID":"NL58KNAB0255573782"},{"@type":"PostalAddress","@id":"https:\/\/wijnhuis-mana.nl\/en\/product\/chateau-mukhrani-saperavi\/#local-main-place-address","streetAddress":"Weerwal 11","addressLocality":"Purmerend","postalCode":"1441 AL","addressRegion":"Noord-Holland","addressCountry":"NL"},{"@type":"ImageObject","inLanguage":"en-US","@id":"https:\/\/wijnhuis-mana.nl\/en\/product\/chateau-mukhrani-saperavi\/#local-main-organization-logo","url":"https:\/\/wijnhuis-mana.nl\/wp-content\/uploads\/2022\/01\/Logo_Wijnhuis-Mana_Kleur.jpg","contentUrl":"https:\/\/wijnhuis-mana.nl\/wp-content\/uploads\/2022\/01\/Logo_Wijnhuis-Mana_Kleur.jpg","width":400,"height":111,"caption":"Wijnhuis-Mana.nl"}]},"product_price_amount":"22.45","product_price_currency":"EUR","og_availability":"instock","product_availability":"instock","product_retailer_item_id":"4860008470016","product_condition":"new","geo.placename":"Purmerend","geo.region":"Netherlands"},"post_mailing_queue_ids":[],"_links":{"self":[{"href":"https:\/\/wijnhuis-mana.nl\/en\/wp-json\/wp\/v2\/product\/11366","targetHints":{"allow":["GET"]}}],"collection":[{"href":"https:\/\/wijnhuis-mana.nl\/en\/wp-json\/wp\/v2\/product"}],"about":[{"href":"https:\/\/wijnhuis-mana.nl\/en\/wp-json\/wp\/v2\/types\/product"}],"replies":[{"embeddable":true,"href":"https:\/\/wijnhuis-mana.nl\/en\/wp-json\/wp\/v2\/comments?post=11366"}],"wp:featuredmedia":[{"embeddable":true,"href":"https:\/\/wijnhuis-mana.nl\/en\/wp-json\/wp\/v2\/media\/11367"}],"wp:attachment":[{"href":"https:\/\/wijnhuis-mana.nl\/en\/wp-json\/wp\/v2\/media?parent=11366"}],"wp:term":[{"taxonomy":"product_brand","embeddable":true,"href":"https:\/\/wijnhuis-mana.nl\/en\/wp-json\/wp\/v2\/product_brand?post=11366"},{"taxonomy":"product_cat","embeddable":true,"href":"https:\/\/wijnhuis-mana.nl\/en\/wp-json\/wp\/v2\/product_cat?post=11366"},{"taxonomy":"product_tag","embeddable":true,"href":"https:\/\/wijnhuis-mana.nl\/en\/wp-json\/wp\/v2\/product_tag?post=11366"}],"curies":[{"name":"wp","href":"https:\/\/api.w.org\/{rel}","templated":true}]}}