{"id":11938,"date":"2025-03-28T12:49:53","date_gmt":"2025-03-28T11:49:53","guid":{"rendered":"https:\/\/wijnhuis-mana.nl\/?post_type=product&#038;p=11938"},"modified":"2025-09-20T12:44:24","modified_gmt":"2025-09-20T10:44:24","slug":"bierbroeder-west-fries-dubbel-barrel","status":"publish","type":"product","link":"https:\/\/wijnhuis-mana.nl\/en\/product\/bierbroeder-west-fries-dubbel-barrel\/","title":{"rendered":"Bierbroeder West-fries dubbel Barrel"},"content":{"rendered":"<h3>Algemene informatie<\/h3>\n<p>Bierbroeder West-fries dubbel Barrel is een speciaalbier dat met passie en vakmanschap in Nederland wordt gebrouwen. Dit dubbel bier staat bekend om zijn rijke, complexe smaakprofiel. Het wordt geproduceerd door een zorgvuldige selectie van de beste mouten en hopsoorten, gecombineerd met een traditionele brouwprocedure die het bier een uniek karakter geeft. De dubbele gisting en rijping in vaten zorgen voor extra diepte in de smaak.<\/p>\n<h3>Smaakprofiel<\/h3>\n<p>Dit donkerbruine bier heeft een krachtig aroma van geroosterde mouten en subtiele hints van karamel en chocolade. De smaak is rijk en vol, met een lichte zoetheid die perfect in balans is met een milde bitterheid. De afdronk is warm en lang, waardoor elke slok een ontdekkingsreis is.<\/p>\n<h3>Serveeradvies<\/h3>\n<p>De ideale serveertemperatuur voor Bierbroeder West-fries dubbel Barrel ligt tussen de 8-12\u00b0C. Het bier past uitstekend bij hartige gerechten zoals gegrild vlees en stevige stoofschotels, maar ook bij zoete desserts zoals chocolademousse of een stuk oude kaas.<\/p>\n<ul>\n<li>Gegrild vlees<\/li>\n<li>Stevige stoofschotels<\/li>\n<li>Zoete desserts zoals chocolademousse<\/li>\n<\/ul>\n<h3>Weetje<\/h3>\n<p>Bierbroeder West-fries dubbel Barrel is genoemd naar de West-Friese regio in Nederland, bekend om zijn riche brouwtradities. Dit bier is een eerbetoon aan de historische bierstijlen van de regio, gemoderniseerd met hedendaagse technieken.<\/p>\n","protected":false},"excerpt":{"rendered":"<p>Ervaar de diepte van Bierbroeder West-fries dubbel Barrel, een rijk en vol donkerbruin bier met hints van karamel en een warme, lange afdronk. Perfect voor liefhebbers van traditioneel gebrouwen bieren!<\/p>\n","protected":false},"featured_media":12927,"comment_status":"open","ping_status":"closed","template":"","meta":[],"product_brand":[],"product_cat":[2903],"product_tag":[912],"class_list":{"0":"post-11938","1":"product","2":"type-product","3":"status-publish","4":"has-post-thumbnail","6":"product_cat-speciaalbier","7":"product_tag-speciaalbier","9":"first","10":"instock","11":"taxable","12":"shipping-taxable","13":"purchasable","14":"product-type-simple"},"yoast_head":"<!-- This site is optimized with the Yoast SEO Premium plugin v27.3 (Yoast SEO v27.3) - https:\/\/yoast.com\/product\/yoast-seo-premium-wordpress\/ -->\n<title>Bierbroeder West-fries dubbel Barrel | Authentiek Dubbel Bier<\/title>\n<meta name=\"description\" content=\"Ontdek Bierbroeder West-fries dubbel Barrel, een rijk en vol speciaalbier uit Nederland. Geniet van de complexe smaken en lange afdronk. Bestel nu en proef de traditie!\" \/>\n<meta name=\"robots\" content=\"index, follow, max-snippet:-1, max-image-preview:large, max-video-preview:-1\" \/>\n<link rel=\"canonical\" href=\"https:\/\/wijnhuis-mana.nl\/en\/product\/bierbroeder-west-fries-dubbel-barrel\/\" \/>\n<meta property=\"og:locale\" content=\"en_US\" \/>\n<meta property=\"og:type\" content=\"article\" \/>\n<meta property=\"og:title\" content=\"Bierbroeder West-fries dubbel Barrel\" \/>\n<meta property=\"og:description\" content=\"Ontdek Bierbroeder West-fries dubbel Barrel, een rijk en vol speciaalbier uit Nederland. Geniet van de complexe smaken en lange afdronk. Bestel nu en proef de traditie!\" \/>\n<meta property=\"og:url\" content=\"https:\/\/wijnhuis-mana.nl\/en\/product\/bierbroeder-west-fries-dubbel-barrel\/\" \/>\n<meta property=\"og:site_name\" content=\"Wijnhuis-Mana.nl\" \/>\n<meta property=\"article:publisher\" content=\"https:\/\/www.facebook.com\/wijnhuismana\" \/>\n<meta property=\"article:modified_time\" content=\"2025-09-20T10:44:24+00:00\" \/>\n<meta property=\"og:image\" content=\"https:\/\/wijnhuis-mana.nl\/wp-content\/uploads\/2025\/04\/Bierbroeder-West-fries-dubbel-Barrel.jpg\" \/>\n\t<meta property=\"og:image:width\" content=\"800\" \/>\n\t<meta property=\"og:image:height\" content=\"800\" \/>\n\t<meta property=\"og:image:type\" content=\"image\/jpeg\" \/>\n<meta name=\"twitter:card\" content=\"summary_large_image\" \/>\n<meta name=\"twitter:label1\" content=\"Price\" \/>\n\t<meta name=\"twitter:data1\" content=\"&euro;&nbsp;2,95\" \/>\n\t<meta name=\"twitter:label2\" content=\"Availability\" \/>\n\t<meta name=\"twitter:data2\" content=\"In stock\" \/>\n<script type=\"application\/ld+json\" class=\"yoast-schema-graph\">{\"@context\":\"https:\\\/\\\/schema.org\",\"@graph\":[{\"@type\":\"WebPage\",\"@id\":\"https:\\\/\\\/wijnhuis-mana.nl\\\/en\\\/product\\\/bierbroeder-west-fries-dubbel-barrel\\\/\",\"url\":\"https:\\\/\\\/wijnhuis-mana.nl\\\/en\\\/product\\\/bierbroeder-west-fries-dubbel-barrel\\\/\",\"name\":\"Bierbroeder West-fries dubbel Barrel | Authentiek Dubbel Bier\",\"isPartOf\":{\"@id\":\"https:\\\/\\\/wijnhuis-mana.nl\\\/en\\\/#website\"},\"primaryImageOfPage\":{\"@id\":\"https:\\\/\\\/wijnhuis-mana.nl\\\/en\\\/product\\\/bierbroeder-west-fries-dubbel-barrel\\\/#primaryimage\"},\"image\":{\"@id\":\"https:\\\/\\\/wijnhuis-mana.nl\\\/en\\\/product\\\/bierbroeder-west-fries-dubbel-barrel\\\/#primaryimage\"},\"thumbnailUrl\":\"https:\\\/\\\/wijnhuis-mana.nl\\\/wp-content\\\/uploads\\\/2025\\\/04\\\/Bierbroeder-West-fries-dubbel-Barrel.jpg\",\"datePublished\":\"2025-03-28T11:49:53+00:00\",\"dateModified\":\"2025-09-20T10:44:24+00:00\",\"description\":\"Ontdek Bierbroeder West-fries dubbel Barrel, een rijk en vol speciaalbier uit Nederland. Geniet van de complexe smaken en lange afdronk. Bestel nu en proef de traditie!\",\"breadcrumb\":{\"@id\":\"https:\\\/\\\/wijnhuis-mana.nl\\\/en\\\/product\\\/bierbroeder-west-fries-dubbel-barrel\\\/#breadcrumb\"},\"inLanguage\":\"en-US\",\"potentialAction\":[{\"@type\":\"ReadAction\",\"target\":[\"https:\\\/\\\/wijnhuis-mana.nl\\\/en\\\/product\\\/bierbroeder-west-fries-dubbel-barrel\\\/\"]}]},{\"@type\":\"ImageObject\",\"inLanguage\":\"en-US\",\"@id\":\"https:\\\/\\\/wijnhuis-mana.nl\\\/en\\\/product\\\/bierbroeder-west-fries-dubbel-barrel\\\/#primaryimage\",\"url\":\"https:\\\/\\\/wijnhuis-mana.nl\\\/wp-content\\\/uploads\\\/2025\\\/04\\\/Bierbroeder-West-fries-dubbel-Barrel.jpg\",\"contentUrl\":\"https:\\\/\\\/wijnhuis-mana.nl\\\/wp-content\\\/uploads\\\/2025\\\/04\\\/Bierbroeder-West-fries-dubbel-Barrel.jpg\",\"width\":800,\"height\":800,\"caption\":\"Ontdek Bierbroeder West-fries dubbel Barrel, een rijk en vol speciaalbier uit Nederland. Geniet van de complexe smaken en lange afdronk. Bestel nu en proef de traditie!\"},{\"@type\":\"BreadcrumbList\",\"@id\":\"https:\\\/\\\/wijnhuis-mana.nl\\\/en\\\/product\\\/bierbroeder-west-fries-dubbel-barrel\\\/#breadcrumb\",\"itemListElement\":[{\"@type\":\"ListItem\",\"position\":1,\"name\":\"Home\",\"item\":\"https:\\\/\\\/wijnhuis-mana.nl\\\/en\\\/\"},{\"@type\":\"ListItem\",\"position\":2,\"name\":\"Shop\",\"item\":\"https:\\\/\\\/wijnhuis-mana.nl\\\/en\\\/shop-2\\\/\"},{\"@type\":\"ListItem\",\"position\":3,\"name\":\"Bierbroeder West-fries dubbel Barrel\"}]},{\"@type\":\"WebSite\",\"@id\":\"https:\\\/\\\/wijnhuis-mana.nl\\\/en\\\/#website\",\"url\":\"https:\\\/\\\/wijnhuis-mana.nl\\\/en\\\/\",\"name\":\"Wijnhuis-Mana.nl\",\"description\":\"Wijn v\u00e1n liefhebbers, v\u00f3\u00f3r liefhebbers\",\"publisher\":{\"@id\":\"https:\\\/\\\/wijnhuis-mana.nl\\\/en\\\/#organization\"},\"potentialAction\":[{\"@type\":\"SearchAction\",\"target\":{\"@type\":\"EntryPoint\",\"urlTemplate\":\"https:\\\/\\\/wijnhuis-mana.nl\\\/en\\\/?s={search_term_string}\"},\"query-input\":{\"@type\":\"PropertyValueSpecification\",\"valueRequired\":true,\"valueName\":\"search_term_string\"}}],\"inLanguage\":\"en-US\"},{\"@type\":[\"Organization\",\"Place\"],\"@id\":\"https:\\\/\\\/wijnhuis-mana.nl\\\/en\\\/#organization\",\"name\":\"Wijnhuis-Mana.nl\",\"url\":\"https:\\\/\\\/wijnhuis-mana.nl\\\/en\\\/\",\"logo\":{\"@id\":\"https:\\\/\\\/wijnhuis-mana.nl\\\/en\\\/product\\\/bierbroeder-west-fries-dubbel-barrel\\\/#local-main-organization-logo\"},\"image\":{\"@id\":\"https:\\\/\\\/wijnhuis-mana.nl\\\/en\\\/product\\\/bierbroeder-west-fries-dubbel-barrel\\\/#local-main-organization-logo\"},\"sameAs\":[\"https:\\\/\\\/www.facebook.com\\\/wijnhuismana\",\"https:\\\/\\\/www.instagram.com\\\/ghvino.nl\"],\"hasMerchantReturnPolicy\":{\"@type\":\"MerchantReturnPolicy\",\"merchantReturnLink\":\"https:\\\/\\\/wijnhuis-mana.nl\\\/algemene-voorwaarden\\\/\"},\"address\":{\"@id\":\"https:\\\/\\\/wijnhuis-mana.nl\\\/en\\\/product\\\/bierbroeder-west-fries-dubbel-barrel\\\/#local-main-place-address\"},\"telephone\":[\"0299-769018\"],\"openingHoursSpecification\":[{\"@type\":\"OpeningHoursSpecification\",\"dayOfWeek\":[\"Monday\",\"Sunday\"],\"opens\":\"00:00\",\"closes\":\"00:00\"},{\"@type\":\"OpeningHoursSpecification\",\"dayOfWeek\":[\"Tuesday\"],\"opens\":\"10:00\",\"closes\":\"18:00\"},{\"@type\":\"OpeningHoursSpecification\",\"dayOfWeek\":[\"Wednesday\",\"Thursday\",\"Saturday\"],\"opens\":\"11:00\",\"closes\":\"18:00\"},{\"@type\":\"OpeningHoursSpecification\",\"dayOfWeek\":[\"Friday\"],\"opens\":\"11:00\",\"closes\":\"21:00\"}],\"email\":\"info@wijnhuis-mana.nl\",\"areaServed\":\"Nederland\",\"vatID\":\"NL58KNAB0255573782\",\"taxID\":\"NL58KNAB0255573782\"},{\"@type\":\"PostalAddress\",\"@id\":\"https:\\\/\\\/wijnhuis-mana.nl\\\/en\\\/product\\\/bierbroeder-west-fries-dubbel-barrel\\\/#local-main-place-address\",\"streetAddress\":\"Weerwal 11\",\"addressLocality\":\"Purmerend\",\"postalCode\":\"1441 AL\",\"addressRegion\":\"Noord-Holland\",\"addressCountry\":\"NL\"},{\"@type\":\"ImageObject\",\"inLanguage\":\"en-US\",\"@id\":\"https:\\\/\\\/wijnhuis-mana.nl\\\/en\\\/product\\\/bierbroeder-west-fries-dubbel-barrel\\\/#local-main-organization-logo\",\"url\":\"https:\\\/\\\/wijnhuis-mana.nl\\\/wp-content\\\/uploads\\\/2022\\\/01\\\/Logo_Wijnhuis-Mana_Kleur.jpg\",\"contentUrl\":\"https:\\\/\\\/wijnhuis-mana.nl\\\/wp-content\\\/uploads\\\/2022\\\/01\\\/Logo_Wijnhuis-Mana_Kleur.jpg\",\"width\":400,\"height\":111,\"caption\":\"Wijnhuis-Mana.nl\"}]}<\/script>\n<meta property=\"product:price:amount\" content=\"2.95\" \/>\n<meta property=\"product:price:currency\" content=\"EUR\" \/>\n<meta property=\"og:availability\" content=\"instock\" \/>\n<meta property=\"product:availability\" content=\"instock\" \/>\n<meta property=\"product:retailer_item_id\" content=\"7432230665651\" \/>\n<meta property=\"product:condition\" content=\"new\" \/>\n<meta name=\"geo.placename\" content=\"Purmerend\" \/>\n<meta name=\"geo.region\" content=\"Netherlands\" \/>\n<!-- \/ Yoast SEO Premium plugin. -->","yoast_head_json":{"title":"Bierbroeder West-fries dubbel Barrel | Authentiek Dubbel Bier","description":"Ontdek Bierbroeder West-fries dubbel Barrel, een rijk en vol speciaalbier uit Nederland. Geniet van de complexe smaken en lange afdronk. Bestel nu en proef de traditie!","robots":{"index":"index","follow":"follow","max-snippet":"max-snippet:-1","max-image-preview":"max-image-preview:large","max-video-preview":"max-video-preview:-1"},"canonical":"https:\/\/wijnhuis-mana.nl\/en\/product\/bierbroeder-west-fries-dubbel-barrel\/","og_locale":"en_US","og_type":"article","og_title":"Bierbroeder West-fries dubbel Barrel","og_description":"Ontdek Bierbroeder West-fries dubbel Barrel, een rijk en vol speciaalbier uit Nederland. Geniet van de complexe smaken en lange afdronk. Bestel nu en proef de traditie!","og_url":"https:\/\/wijnhuis-mana.nl\/en\/product\/bierbroeder-west-fries-dubbel-barrel\/","og_site_name":"Wijnhuis-Mana.nl","article_publisher":"https:\/\/www.facebook.com\/wijnhuismana","article_modified_time":"2025-09-20T10:44:24+00:00","og_image":[{"width":800,"height":800,"url":"https:\/\/wijnhuis-mana.nl\/wp-content\/uploads\/2025\/04\/Bierbroeder-West-fries-dubbel-Barrel.jpg","type":"image\/jpeg"}],"twitter_card":"summary_large_image","twitter_misc":{"Price":"&euro;&nbsp;2,95","Availability":"In stock"},"schema":{"@context":"https:\/\/schema.org","@graph":[{"@type":"WebPage","@id":"https:\/\/wijnhuis-mana.nl\/en\/product\/bierbroeder-west-fries-dubbel-barrel\/","url":"https:\/\/wijnhuis-mana.nl\/en\/product\/bierbroeder-west-fries-dubbel-barrel\/","name":"Bierbroeder West-fries dubbel Barrel | Authentiek Dubbel Bier","isPartOf":{"@id":"https:\/\/wijnhuis-mana.nl\/en\/#website"},"primaryImageOfPage":{"@id":"https:\/\/wijnhuis-mana.nl\/en\/product\/bierbroeder-west-fries-dubbel-barrel\/#primaryimage"},"image":{"@id":"https:\/\/wijnhuis-mana.nl\/en\/product\/bierbroeder-west-fries-dubbel-barrel\/#primaryimage"},"thumbnailUrl":"https:\/\/wijnhuis-mana.nl\/wp-content\/uploads\/2025\/04\/Bierbroeder-West-fries-dubbel-Barrel.jpg","datePublished":"2025-03-28T11:49:53+00:00","dateModified":"2025-09-20T10:44:24+00:00","description":"Ontdek Bierbroeder West-fries dubbel Barrel, een rijk en vol speciaalbier uit Nederland. Geniet van de complexe smaken en lange afdronk. Bestel nu en proef de traditie!","breadcrumb":{"@id":"https:\/\/wijnhuis-mana.nl\/en\/product\/bierbroeder-west-fries-dubbel-barrel\/#breadcrumb"},"inLanguage":"en-US","potentialAction":[{"@type":"ReadAction","target":["https:\/\/wijnhuis-mana.nl\/en\/product\/bierbroeder-west-fries-dubbel-barrel\/"]}]},{"@type":"ImageObject","inLanguage":"en-US","@id":"https:\/\/wijnhuis-mana.nl\/en\/product\/bierbroeder-west-fries-dubbel-barrel\/#primaryimage","url":"https:\/\/wijnhuis-mana.nl\/wp-content\/uploads\/2025\/04\/Bierbroeder-West-fries-dubbel-Barrel.jpg","contentUrl":"https:\/\/wijnhuis-mana.nl\/wp-content\/uploads\/2025\/04\/Bierbroeder-West-fries-dubbel-Barrel.jpg","width":800,"height":800,"caption":"Ontdek Bierbroeder West-fries dubbel Barrel, een rijk en vol speciaalbier uit Nederland. Geniet van de complexe smaken en lange afdronk. Bestel nu en proef de traditie!"},{"@type":"BreadcrumbList","@id":"https:\/\/wijnhuis-mana.nl\/en\/product\/bierbroeder-west-fries-dubbel-barrel\/#breadcrumb","itemListElement":[{"@type":"ListItem","position":1,"name":"Home","item":"https:\/\/wijnhuis-mana.nl\/en\/"},{"@type":"ListItem","position":2,"name":"Shop","item":"https:\/\/wijnhuis-mana.nl\/en\/shop-2\/"},{"@type":"ListItem","position":3,"name":"Bierbroeder West-fries dubbel Barrel"}]},{"@type":"WebSite","@id":"https:\/\/wijnhuis-mana.nl\/en\/#website","url":"https:\/\/wijnhuis-mana.nl\/en\/","name":"Wijnhuis-Mana.nl","description":"Wijn v\u00e1n liefhebbers, v\u00f3\u00f3r liefhebbers","publisher":{"@id":"https:\/\/wijnhuis-mana.nl\/en\/#organization"},"potentialAction":[{"@type":"SearchAction","target":{"@type":"EntryPoint","urlTemplate":"https:\/\/wijnhuis-mana.nl\/en\/?s={search_term_string}"},"query-input":{"@type":"PropertyValueSpecification","valueRequired":true,"valueName":"search_term_string"}}],"inLanguage":"en-US"},{"@type":["Organization","Place"],"@id":"https:\/\/wijnhuis-mana.nl\/en\/#organization","name":"Wijnhuis-Mana.nl","url":"https:\/\/wijnhuis-mana.nl\/en\/","logo":{"@id":"https:\/\/wijnhuis-mana.nl\/en\/product\/bierbroeder-west-fries-dubbel-barrel\/#local-main-organization-logo"},"image":{"@id":"https:\/\/wijnhuis-mana.nl\/en\/product\/bierbroeder-west-fries-dubbel-barrel\/#local-main-organization-logo"},"sameAs":["https:\/\/www.facebook.com\/wijnhuismana","https:\/\/www.instagram.com\/ghvino.nl"],"hasMerchantReturnPolicy":{"@type":"MerchantReturnPolicy","merchantReturnLink":"https:\/\/wijnhuis-mana.nl\/algemene-voorwaarden\/"},"address":{"@id":"https:\/\/wijnhuis-mana.nl\/en\/product\/bierbroeder-west-fries-dubbel-barrel\/#local-main-place-address"},"telephone":["0299-769018"],"openingHoursSpecification":[{"@type":"OpeningHoursSpecification","dayOfWeek":["Monday","Sunday"],"opens":"00:00","closes":"00:00"},{"@type":"OpeningHoursSpecification","dayOfWeek":["Tuesday"],"opens":"10:00","closes":"18:00"},{"@type":"OpeningHoursSpecification","dayOfWeek":["Wednesday","Thursday","Saturday"],"opens":"11:00","closes":"18:00"},{"@type":"OpeningHoursSpecification","dayOfWeek":["Friday"],"opens":"11:00","closes":"21:00"}],"email":"info@wijnhuis-mana.nl","areaServed":"Nederland","vatID":"NL58KNAB0255573782","taxID":"NL58KNAB0255573782"},{"@type":"PostalAddress","@id":"https:\/\/wijnhuis-mana.nl\/en\/product\/bierbroeder-west-fries-dubbel-barrel\/#local-main-place-address","streetAddress":"Weerwal 11","addressLocality":"Purmerend","postalCode":"1441 AL","addressRegion":"Noord-Holland","addressCountry":"NL"},{"@type":"ImageObject","inLanguage":"en-US","@id":"https:\/\/wijnhuis-mana.nl\/en\/product\/bierbroeder-west-fries-dubbel-barrel\/#local-main-organization-logo","url":"https:\/\/wijnhuis-mana.nl\/wp-content\/uploads\/2022\/01\/Logo_Wijnhuis-Mana_Kleur.jpg","contentUrl":"https:\/\/wijnhuis-mana.nl\/wp-content\/uploads\/2022\/01\/Logo_Wijnhuis-Mana_Kleur.jpg","width":400,"height":111,"caption":"Wijnhuis-Mana.nl"}]},"product_price_amount":"2.95","product_price_currency":"EUR","og_availability":"instock","product_availability":"instock","product_retailer_item_id":"7432230665651","product_condition":"new","geo.placename":"Purmerend","geo.region":"Netherlands"},"post_mailing_queue_ids":[],"_links":{"self":[{"href":"https:\/\/wijnhuis-mana.nl\/en\/wp-json\/wp\/v2\/product\/11938","targetHints":{"allow":["GET"]}}],"collection":[{"href":"https:\/\/wijnhuis-mana.nl\/en\/wp-json\/wp\/v2\/product"}],"about":[{"href":"https:\/\/wijnhuis-mana.nl\/en\/wp-json\/wp\/v2\/types\/product"}],"replies":[{"embeddable":true,"href":"https:\/\/wijnhuis-mana.nl\/en\/wp-json\/wp\/v2\/comments?post=11938"}],"wp:featuredmedia":[{"embeddable":true,"href":"https:\/\/wijnhuis-mana.nl\/en\/wp-json\/wp\/v2\/media\/12927"}],"wp:attachment":[{"href":"https:\/\/wijnhuis-mana.nl\/en\/wp-json\/wp\/v2\/media?parent=11938"}],"wp:term":[{"taxonomy":"product_brand","embeddable":true,"href":"https:\/\/wijnhuis-mana.nl\/en\/wp-json\/wp\/v2\/product_brand?post=11938"},{"taxonomy":"product_cat","embeddable":true,"href":"https:\/\/wijnhuis-mana.nl\/en\/wp-json\/wp\/v2\/product_cat?post=11938"},{"taxonomy":"product_tag","embeddable":true,"href":"https:\/\/wijnhuis-mana.nl\/en\/wp-json\/wp\/v2\/product_tag?post=11938"}],"curies":[{"name":"wp","href":"https:\/\/api.w.org\/{rel}","templated":true}]}}