{"id":11940,"date":"2025-03-28T12:51:18","date_gmt":"2025-03-28T11:51:18","guid":{"rendered":"https:\/\/wijnhuis-mana.nl\/?post_type=product&#038;p=11940"},"modified":"2026-03-09T12:19:41","modified_gmt":"2026-03-09T11:19:41","slug":"bierbroeders-west-fries-milkstout","status":"publish","type":"product","link":"https:\/\/wijnhuis-mana.nl\/en\/product\/bierbroeders-west-fries-milkstout\/","title":{"rendered":"Bierbroeders West-fries Milkstout"},"content":{"rendered":"<h3>Algemene informatie<\/h3>\n<p>De Bierbroeders West-fries Milkstout is een uniek speciaalbier gecre\u00eberd met passie en vakmanschap in Nederland. Met een zorgvuldige selectie van gemoute gerst en een speciale soort lactose, wordt dit bier gebrouwen om een zacht, romig mondgevoel te cre\u00ebren dat kenmerkend is voor een echte Milk Stout. Deze stout heeft een donkere, bijna zwarte kleur, die wordt bereikt door de gerst langer te roosteren. Dit cre\u00ebert niet alleen de diepe kleur, maar draagt ook bij aan de rijke smaken die dit bier kenmerken.<\/p>\n<h3>Smaakprofiel<\/h3>\n<p>De Bierbroeders West-fries Milkstout biedt een ervaring van complexiteit en comfort. Bij de eerste slok merk je een mix van zoetheid en bitterheid dankzij de combinatie van geroosterde mouten en de zachte toevoeging van lactose. Dit bier heeft een zachte koffie- en chocoladegeur, die overgaat in smaken van donkere chocolade, koffie en een hint van vanille. De afdronk is aangenaam en lang, waardoor je elke slok wilt koesteren.<\/p>\n<h3>Serveeradvies<\/h3>\n<p>Dit speciaalbier is perfect om te serveren bij een temperatuur van rond de 6-8\u00b0C. Het combineert geweldig met zoete desserts of als contrast met pittige gerechten.<\/p>\n<ul>\n<li>Combineer het met een chocolade lava cake voor een heerlijk dessert.<\/li>\n<li>Serveer naast stoofschotels of gerookt vlees om de diepte in smaak naar boven te halen.<\/li>\n<li>Ideaal als afsluiting van een gezellige avonddiner.<\/li>\n<\/ul>\n<h3>Weetje<\/h3>\n<p>De term &#8216;Milk Stout&#8217; werd voor het eerst gebruikt in Engeland vroeg in de 20e eeuw omdat lactose, een suikertype dat niet fermenterend is door biergist, werd toegevoegd aan het brouwsel. Dit gaf niet alleen een extra textuur en zoetheid aan het bier, maar werd destijds ook als voedzaam beschouwd.<\/p>\n","protected":false},"excerpt":{"rendered":"<p>Ontdek de rijke, romige wereld van Bierbroeders West-fries Milkstout, met diepe tonen van chocolade en een subtiele zoetheid. Perfect voor elk moment, uitstekend met desserts.<\/p>\n","protected":false},"featured_media":12931,"comment_status":"open","ping_status":"closed","template":"","meta":[],"product_brand":[],"product_cat":[2903],"product_tag":[912],"class_list":{"0":"post-11940","1":"product","2":"type-product","3":"status-publish","4":"has-post-thumbnail","6":"product_cat-speciaalbier","7":"product_tag-speciaalbier","9":"first","10":"instock","11":"taxable","12":"shipping-taxable","13":"purchasable","14":"product-type-simple"},"yoast_head":"<!-- This site is optimized with the Yoast SEO Premium plugin v27.3 (Yoast SEO v27.3) - https:\/\/yoast.com\/product\/yoast-seo-premium-wordpress\/ -->\n<title>Bierbroeders West-fries Milkstout - Koop Nu | Onze Speciaalbierwinkel<\/title>\n<meta name=\"description\" content=\"Ervaar Bierbroeders West-fries Milkstout: een rijk, romig bier met tonen van chocolade en vanille. Ideaal voor smaakliefhebbers die houden van een diep en uitgesproken bier.\" \/>\n<meta name=\"robots\" content=\"index, follow, max-snippet:-1, max-image-preview:large, max-video-preview:-1\" \/>\n<link rel=\"canonical\" href=\"https:\/\/wijnhuis-mana.nl\/en\/product\/bierbroeders-west-fries-milkstout\/\" \/>\n<meta property=\"og:locale\" content=\"en_US\" \/>\n<meta property=\"og:type\" content=\"article\" \/>\n<meta property=\"og:title\" content=\"Bierbroeders West-fries Milkstout\" \/>\n<meta property=\"og:description\" content=\"Ervaar Bierbroeders West-fries Milkstout: een rijk, romig bier met tonen van chocolade en vanille. Ideaal voor smaakliefhebbers die houden van een diep en uitgesproken bier.\" \/>\n<meta property=\"og:url\" content=\"https:\/\/wijnhuis-mana.nl\/en\/product\/bierbroeders-west-fries-milkstout\/\" \/>\n<meta property=\"og:site_name\" content=\"Wijnhuis-Mana.nl\" \/>\n<meta property=\"article:publisher\" content=\"https:\/\/www.facebook.com\/wijnhuismana\" \/>\n<meta property=\"article:modified_time\" content=\"2026-03-09T11:19:41+00:00\" \/>\n<meta property=\"og:image\" content=\"https:\/\/wijnhuis-mana.nl\/wp-content\/uploads\/2025\/04\/Bierbroeders-West-fries-Milkstout.jpg\" \/>\n\t<meta property=\"og:image:width\" content=\"800\" \/>\n\t<meta property=\"og:image:height\" content=\"800\" \/>\n\t<meta property=\"og:image:type\" content=\"image\/jpeg\" \/>\n<meta name=\"twitter:card\" content=\"summary_large_image\" \/>\n<meta name=\"twitter:label1\" content=\"Price\" \/>\n\t<meta name=\"twitter:data1\" content=\"&euro;&nbsp;2,95\" \/>\n\t<meta name=\"twitter:label2\" content=\"Availability\" \/>\n\t<meta name=\"twitter:data2\" content=\"In stock\" \/>\n<script type=\"application\/ld+json\" class=\"yoast-schema-graph\">{\"@context\":\"https:\\\/\\\/schema.org\",\"@graph\":[{\"@type\":\"WebPage\",\"@id\":\"https:\\\/\\\/wijnhuis-mana.nl\\\/en\\\/product\\\/bierbroeders-west-fries-milkstout\\\/\",\"url\":\"https:\\\/\\\/wijnhuis-mana.nl\\\/en\\\/product\\\/bierbroeders-west-fries-milkstout\\\/\",\"name\":\"Bierbroeders West-fries Milkstout - Koop Nu | Onze Speciaalbierwinkel\",\"isPartOf\":{\"@id\":\"https:\\\/\\\/wijnhuis-mana.nl\\\/en\\\/#website\"},\"primaryImageOfPage\":{\"@id\":\"https:\\\/\\\/wijnhuis-mana.nl\\\/en\\\/product\\\/bierbroeders-west-fries-milkstout\\\/#primaryimage\"},\"image\":{\"@id\":\"https:\\\/\\\/wijnhuis-mana.nl\\\/en\\\/product\\\/bierbroeders-west-fries-milkstout\\\/#primaryimage\"},\"thumbnailUrl\":\"https:\\\/\\\/wijnhuis-mana.nl\\\/wp-content\\\/uploads\\\/2025\\\/04\\\/Bierbroeders-West-fries-Milkstout.jpg\",\"datePublished\":\"2025-03-28T11:51:18+00:00\",\"dateModified\":\"2026-03-09T11:19:41+00:00\",\"description\":\"Ervaar Bierbroeders West-fries Milkstout: een rijk, romig bier met tonen van chocolade en vanille. Ideaal voor smaakliefhebbers die houden van een diep en uitgesproken bier.\",\"breadcrumb\":{\"@id\":\"https:\\\/\\\/wijnhuis-mana.nl\\\/en\\\/product\\\/bierbroeders-west-fries-milkstout\\\/#breadcrumb\"},\"inLanguage\":\"en-US\",\"potentialAction\":[{\"@type\":\"ReadAction\",\"target\":[\"https:\\\/\\\/wijnhuis-mana.nl\\\/en\\\/product\\\/bierbroeders-west-fries-milkstout\\\/\"]}]},{\"@type\":\"ImageObject\",\"inLanguage\":\"en-US\",\"@id\":\"https:\\\/\\\/wijnhuis-mana.nl\\\/en\\\/product\\\/bierbroeders-west-fries-milkstout\\\/#primaryimage\",\"url\":\"https:\\\/\\\/wijnhuis-mana.nl\\\/wp-content\\\/uploads\\\/2025\\\/04\\\/Bierbroeders-West-fries-Milkstout.jpg\",\"contentUrl\":\"https:\\\/\\\/wijnhuis-mana.nl\\\/wp-content\\\/uploads\\\/2025\\\/04\\\/Bierbroeders-West-fries-Milkstout.jpg\",\"width\":800,\"height\":800,\"caption\":\"Ervaar Bierbroeders West-fries Milkstout: een rijk, romig bier met tonen van chocolade en vanille. Ideaal voor smaakliefhebbers die houden van een diep en uitgesproken bier.\"},{\"@type\":\"BreadcrumbList\",\"@id\":\"https:\\\/\\\/wijnhuis-mana.nl\\\/en\\\/product\\\/bierbroeders-west-fries-milkstout\\\/#breadcrumb\",\"itemListElement\":[{\"@type\":\"ListItem\",\"position\":1,\"name\":\"Home\",\"item\":\"https:\\\/\\\/wijnhuis-mana.nl\\\/en\\\/\"},{\"@type\":\"ListItem\",\"position\":2,\"name\":\"Shop\",\"item\":\"https:\\\/\\\/wijnhuis-mana.nl\\\/en\\\/shop-2\\\/\"},{\"@type\":\"ListItem\",\"position\":3,\"name\":\"Bierbroeders West-fries Milkstout\"}]},{\"@type\":\"WebSite\",\"@id\":\"https:\\\/\\\/wijnhuis-mana.nl\\\/en\\\/#website\",\"url\":\"https:\\\/\\\/wijnhuis-mana.nl\\\/en\\\/\",\"name\":\"Wijnhuis-Mana.nl\",\"description\":\"Wijn v\u00e1n liefhebbers, v\u00f3\u00f3r liefhebbers\",\"publisher\":{\"@id\":\"https:\\\/\\\/wijnhuis-mana.nl\\\/en\\\/#organization\"},\"potentialAction\":[{\"@type\":\"SearchAction\",\"target\":{\"@type\":\"EntryPoint\",\"urlTemplate\":\"https:\\\/\\\/wijnhuis-mana.nl\\\/en\\\/?s={search_term_string}\"},\"query-input\":{\"@type\":\"PropertyValueSpecification\",\"valueRequired\":true,\"valueName\":\"search_term_string\"}}],\"inLanguage\":\"en-US\"},{\"@type\":[\"Organization\",\"Place\"],\"@id\":\"https:\\\/\\\/wijnhuis-mana.nl\\\/en\\\/#organization\",\"name\":\"Wijnhuis-Mana.nl\",\"url\":\"https:\\\/\\\/wijnhuis-mana.nl\\\/en\\\/\",\"logo\":{\"@id\":\"https:\\\/\\\/wijnhuis-mana.nl\\\/en\\\/product\\\/bierbroeders-west-fries-milkstout\\\/#local-main-organization-logo\"},\"image\":{\"@id\":\"https:\\\/\\\/wijnhuis-mana.nl\\\/en\\\/product\\\/bierbroeders-west-fries-milkstout\\\/#local-main-organization-logo\"},\"sameAs\":[\"https:\\\/\\\/www.facebook.com\\\/wijnhuismana\",\"https:\\\/\\\/www.instagram.com\\\/ghvino.nl\"],\"hasMerchantReturnPolicy\":{\"@type\":\"MerchantReturnPolicy\",\"merchantReturnLink\":\"https:\\\/\\\/wijnhuis-mana.nl\\\/algemene-voorwaarden\\\/\"},\"address\":{\"@id\":\"https:\\\/\\\/wijnhuis-mana.nl\\\/en\\\/product\\\/bierbroeders-west-fries-milkstout\\\/#local-main-place-address\"},\"telephone\":[\"0299-769018\"],\"openingHoursSpecification\":[{\"@type\":\"OpeningHoursSpecification\",\"dayOfWeek\":[\"Monday\",\"Sunday\"],\"opens\":\"00:00\",\"closes\":\"00:00\"},{\"@type\":\"OpeningHoursSpecification\",\"dayOfWeek\":[\"Tuesday\"],\"opens\":\"10:00\",\"closes\":\"18:00\"},{\"@type\":\"OpeningHoursSpecification\",\"dayOfWeek\":[\"Wednesday\",\"Thursday\",\"Saturday\"],\"opens\":\"11:00\",\"closes\":\"18:00\"},{\"@type\":\"OpeningHoursSpecification\",\"dayOfWeek\":[\"Friday\"],\"opens\":\"11:00\",\"closes\":\"21:00\"}],\"email\":\"info@wijnhuis-mana.nl\",\"areaServed\":\"Nederland\",\"vatID\":\"NL58KNAB0255573782\",\"taxID\":\"NL58KNAB0255573782\"},{\"@type\":\"PostalAddress\",\"@id\":\"https:\\\/\\\/wijnhuis-mana.nl\\\/en\\\/product\\\/bierbroeders-west-fries-milkstout\\\/#local-main-place-address\",\"streetAddress\":\"Weerwal 11\",\"addressLocality\":\"Purmerend\",\"postalCode\":\"1441 AL\",\"addressRegion\":\"Noord-Holland\",\"addressCountry\":\"NL\"},{\"@type\":\"ImageObject\",\"inLanguage\":\"en-US\",\"@id\":\"https:\\\/\\\/wijnhuis-mana.nl\\\/en\\\/product\\\/bierbroeders-west-fries-milkstout\\\/#local-main-organization-logo\",\"url\":\"https:\\\/\\\/wijnhuis-mana.nl\\\/wp-content\\\/uploads\\\/2022\\\/01\\\/Logo_Wijnhuis-Mana_Kleur.jpg\",\"contentUrl\":\"https:\\\/\\\/wijnhuis-mana.nl\\\/wp-content\\\/uploads\\\/2022\\\/01\\\/Logo_Wijnhuis-Mana_Kleur.jpg\",\"width\":400,\"height\":111,\"caption\":\"Wijnhuis-Mana.nl\"}]}<\/script>\n<meta property=\"product:price:amount\" content=\"2.95\" \/>\n<meta property=\"product:price:currency\" content=\"EUR\" \/>\n<meta property=\"og:availability\" content=\"instock\" \/>\n<meta property=\"product:availability\" content=\"instock\" \/>\n<meta property=\"product:retailer_item_id\" content=\"7434049317356\" \/>\n<meta property=\"product:condition\" content=\"new\" \/>\n<meta name=\"geo.placename\" content=\"Purmerend\" \/>\n<meta name=\"geo.region\" content=\"Netherlands\" \/>\n<!-- \/ Yoast SEO Premium plugin. -->","yoast_head_json":{"title":"Bierbroeders West-fries Milkstout - Koop Nu | Onze Speciaalbierwinkel","description":"Ervaar Bierbroeders West-fries Milkstout: een rijk, romig bier met tonen van chocolade en vanille. Ideaal voor smaakliefhebbers die houden van een diep en uitgesproken bier.","robots":{"index":"index","follow":"follow","max-snippet":"max-snippet:-1","max-image-preview":"max-image-preview:large","max-video-preview":"max-video-preview:-1"},"canonical":"https:\/\/wijnhuis-mana.nl\/en\/product\/bierbroeders-west-fries-milkstout\/","og_locale":"en_US","og_type":"article","og_title":"Bierbroeders West-fries Milkstout","og_description":"Ervaar Bierbroeders West-fries Milkstout: een rijk, romig bier met tonen van chocolade en vanille. Ideaal voor smaakliefhebbers die houden van een diep en uitgesproken bier.","og_url":"https:\/\/wijnhuis-mana.nl\/en\/product\/bierbroeders-west-fries-milkstout\/","og_site_name":"Wijnhuis-Mana.nl","article_publisher":"https:\/\/www.facebook.com\/wijnhuismana","article_modified_time":"2026-03-09T11:19:41+00:00","og_image":[{"width":800,"height":800,"url":"https:\/\/wijnhuis-mana.nl\/wp-content\/uploads\/2025\/04\/Bierbroeders-West-fries-Milkstout.jpg","type":"image\/jpeg"}],"twitter_card":"summary_large_image","twitter_misc":{"Price":"&euro;&nbsp;2,95","Availability":"In stock"},"schema":{"@context":"https:\/\/schema.org","@graph":[{"@type":"WebPage","@id":"https:\/\/wijnhuis-mana.nl\/en\/product\/bierbroeders-west-fries-milkstout\/","url":"https:\/\/wijnhuis-mana.nl\/en\/product\/bierbroeders-west-fries-milkstout\/","name":"Bierbroeders West-fries Milkstout - Koop Nu | Onze Speciaalbierwinkel","isPartOf":{"@id":"https:\/\/wijnhuis-mana.nl\/en\/#website"},"primaryImageOfPage":{"@id":"https:\/\/wijnhuis-mana.nl\/en\/product\/bierbroeders-west-fries-milkstout\/#primaryimage"},"image":{"@id":"https:\/\/wijnhuis-mana.nl\/en\/product\/bierbroeders-west-fries-milkstout\/#primaryimage"},"thumbnailUrl":"https:\/\/wijnhuis-mana.nl\/wp-content\/uploads\/2025\/04\/Bierbroeders-West-fries-Milkstout.jpg","datePublished":"2025-03-28T11:51:18+00:00","dateModified":"2026-03-09T11:19:41+00:00","description":"Ervaar Bierbroeders West-fries Milkstout: een rijk, romig bier met tonen van chocolade en vanille. Ideaal voor smaakliefhebbers die houden van een diep en uitgesproken bier.","breadcrumb":{"@id":"https:\/\/wijnhuis-mana.nl\/en\/product\/bierbroeders-west-fries-milkstout\/#breadcrumb"},"inLanguage":"en-US","potentialAction":[{"@type":"ReadAction","target":["https:\/\/wijnhuis-mana.nl\/en\/product\/bierbroeders-west-fries-milkstout\/"]}]},{"@type":"ImageObject","inLanguage":"en-US","@id":"https:\/\/wijnhuis-mana.nl\/en\/product\/bierbroeders-west-fries-milkstout\/#primaryimage","url":"https:\/\/wijnhuis-mana.nl\/wp-content\/uploads\/2025\/04\/Bierbroeders-West-fries-Milkstout.jpg","contentUrl":"https:\/\/wijnhuis-mana.nl\/wp-content\/uploads\/2025\/04\/Bierbroeders-West-fries-Milkstout.jpg","width":800,"height":800,"caption":"Ervaar Bierbroeders West-fries Milkstout: een rijk, romig bier met tonen van chocolade en vanille. Ideaal voor smaakliefhebbers die houden van een diep en uitgesproken bier."},{"@type":"BreadcrumbList","@id":"https:\/\/wijnhuis-mana.nl\/en\/product\/bierbroeders-west-fries-milkstout\/#breadcrumb","itemListElement":[{"@type":"ListItem","position":1,"name":"Home","item":"https:\/\/wijnhuis-mana.nl\/en\/"},{"@type":"ListItem","position":2,"name":"Shop","item":"https:\/\/wijnhuis-mana.nl\/en\/shop-2\/"},{"@type":"ListItem","position":3,"name":"Bierbroeders West-fries Milkstout"}]},{"@type":"WebSite","@id":"https:\/\/wijnhuis-mana.nl\/en\/#website","url":"https:\/\/wijnhuis-mana.nl\/en\/","name":"Wijnhuis-Mana.nl","description":"Wijn v\u00e1n liefhebbers, v\u00f3\u00f3r liefhebbers","publisher":{"@id":"https:\/\/wijnhuis-mana.nl\/en\/#organization"},"potentialAction":[{"@type":"SearchAction","target":{"@type":"EntryPoint","urlTemplate":"https:\/\/wijnhuis-mana.nl\/en\/?s={search_term_string}"},"query-input":{"@type":"PropertyValueSpecification","valueRequired":true,"valueName":"search_term_string"}}],"inLanguage":"en-US"},{"@type":["Organization","Place"],"@id":"https:\/\/wijnhuis-mana.nl\/en\/#organization","name":"Wijnhuis-Mana.nl","url":"https:\/\/wijnhuis-mana.nl\/en\/","logo":{"@id":"https:\/\/wijnhuis-mana.nl\/en\/product\/bierbroeders-west-fries-milkstout\/#local-main-organization-logo"},"image":{"@id":"https:\/\/wijnhuis-mana.nl\/en\/product\/bierbroeders-west-fries-milkstout\/#local-main-organization-logo"},"sameAs":["https:\/\/www.facebook.com\/wijnhuismana","https:\/\/www.instagram.com\/ghvino.nl"],"hasMerchantReturnPolicy":{"@type":"MerchantReturnPolicy","merchantReturnLink":"https:\/\/wijnhuis-mana.nl\/algemene-voorwaarden\/"},"address":{"@id":"https:\/\/wijnhuis-mana.nl\/en\/product\/bierbroeders-west-fries-milkstout\/#local-main-place-address"},"telephone":["0299-769018"],"openingHoursSpecification":[{"@type":"OpeningHoursSpecification","dayOfWeek":["Monday","Sunday"],"opens":"00:00","closes":"00:00"},{"@type":"OpeningHoursSpecification","dayOfWeek":["Tuesday"],"opens":"10:00","closes":"18:00"},{"@type":"OpeningHoursSpecification","dayOfWeek":["Wednesday","Thursday","Saturday"],"opens":"11:00","closes":"18:00"},{"@type":"OpeningHoursSpecification","dayOfWeek":["Friday"],"opens":"11:00","closes":"21:00"}],"email":"info@wijnhuis-mana.nl","areaServed":"Nederland","vatID":"NL58KNAB0255573782","taxID":"NL58KNAB0255573782"},{"@type":"PostalAddress","@id":"https:\/\/wijnhuis-mana.nl\/en\/product\/bierbroeders-west-fries-milkstout\/#local-main-place-address","streetAddress":"Weerwal 11","addressLocality":"Purmerend","postalCode":"1441 AL","addressRegion":"Noord-Holland","addressCountry":"NL"},{"@type":"ImageObject","inLanguage":"en-US","@id":"https:\/\/wijnhuis-mana.nl\/en\/product\/bierbroeders-west-fries-milkstout\/#local-main-organization-logo","url":"https:\/\/wijnhuis-mana.nl\/wp-content\/uploads\/2022\/01\/Logo_Wijnhuis-Mana_Kleur.jpg","contentUrl":"https:\/\/wijnhuis-mana.nl\/wp-content\/uploads\/2022\/01\/Logo_Wijnhuis-Mana_Kleur.jpg","width":400,"height":111,"caption":"Wijnhuis-Mana.nl"}]},"product_price_amount":"2.95","product_price_currency":"EUR","og_availability":"instock","product_availability":"instock","product_retailer_item_id":"7434049317356","product_condition":"new","geo.placename":"Purmerend","geo.region":"Netherlands"},"post_mailing_queue_ids":[],"_links":{"self":[{"href":"https:\/\/wijnhuis-mana.nl\/en\/wp-json\/wp\/v2\/product\/11940","targetHints":{"allow":["GET"]}}],"collection":[{"href":"https:\/\/wijnhuis-mana.nl\/en\/wp-json\/wp\/v2\/product"}],"about":[{"href":"https:\/\/wijnhuis-mana.nl\/en\/wp-json\/wp\/v2\/types\/product"}],"replies":[{"embeddable":true,"href":"https:\/\/wijnhuis-mana.nl\/en\/wp-json\/wp\/v2\/comments?post=11940"}],"wp:featuredmedia":[{"embeddable":true,"href":"https:\/\/wijnhuis-mana.nl\/en\/wp-json\/wp\/v2\/media\/12931"}],"wp:attachment":[{"href":"https:\/\/wijnhuis-mana.nl\/en\/wp-json\/wp\/v2\/media?parent=11940"}],"wp:term":[{"taxonomy":"product_brand","embeddable":true,"href":"https:\/\/wijnhuis-mana.nl\/en\/wp-json\/wp\/v2\/product_brand?post=11940"},{"taxonomy":"product_cat","embeddable":true,"href":"https:\/\/wijnhuis-mana.nl\/en\/wp-json\/wp\/v2\/product_cat?post=11940"},{"taxonomy":"product_tag","embeddable":true,"href":"https:\/\/wijnhuis-mana.nl\/en\/wp-json\/wp\/v2\/product_tag?post=11940"}],"curies":[{"name":"wp","href":"https:\/\/api.w.org\/{rel}","templated":true}]}}