{"id":12002,"date":"2025-03-28T15:49:49","date_gmt":"2025-03-28T14:49:49","guid":{"rendered":"https:\/\/wijnhuis-mana.nl\/?post_type=product&#038;p=12002"},"modified":"2025-12-02T17:29:48","modified_gmt":"2025-12-02T16:29:48","slug":"dutch-bargain-imperial-zeeuws-blond","status":"publish","type":"product","link":"https:\/\/wijnhuis-mana.nl\/en\/product\/dutch-bargain-imperial-zeeuws-blond\/","title":{"rendered":"Dutch Bargain Imperial Zeeuws Blond"},"content":{"rendered":"<h3>Algemene informatie<\/h3>\n<p>Dutch Bargain Imperial Zeeuws Blond is een ambachtelijk speciaalbier van hoge gisting, gebrouwen in het schilderachtige Zeeland. Met een verfijnde selectie van mouten en Zeeuwse hoppen, gecombineerd met puur water, biedt dit bier een unieke smaakervaring die de lokale biercultuur weerspiegelt. Dit blonde bier heeft een rijk karakter door de speciale brouwtechnieken en zorgvuldig gekozen ingredi\u00ebnten die zorgen voor diepgang en complexiteit.<\/p>\n<h3>Smaakprofiel<\/h3>\n<p>Dutch Bargain Imperial Zeeuws Blond straalt een helder, licht gouden kleur uit, met een robuuste schuimkraag. De aroma&#8217;s van fris citrusfruit, lichte kruiden en bloemige hop tonen zorgen voor een verkwikkende geurnuance. In de smaak vindt men een harmonieuze balans tussen zoete moutigheid en een verfrissende bitterheid, wat leidt tot een zachte, doch aanhoudende afdronk.<\/p>\n<h3>Serveeradvies<\/h3>\n<p>Optimaal genieten van Dutch Bargain Imperial Zeeuws Blond kan het beste bij een temperatuur van ongeveer 6-8\u00b0C. Dit biertype komt goed tot zijn recht met diverse zeevruchten, lichte kazen of als verfrissende tegenhanger bij een kruidige maaltijd.<\/p>\n<ul>\n<li>Bij oesters of frisse zeevruchtensalade<\/li>\n<li>Samen met een jonge, romige kaas<\/li>\n<li>Als dorstlesser naast een pittige Oost-Aziatische curry<\/li>\n<\/ul>\n<h3>Weetje<\/h3>\n<p>Dutch Bargain Imperial Zeeuws Blond is niet zomaar een bier; het vertegenwoordigt de Zeeuwse trots en vakmanschap in bierbrouwen. Gebrouwen in een oude boerderij die omgetoverd is tot brouwerij, reflecteert elk slokje de passie en de geschiedenis van de Zeeuwse brouwers en hun band met het waterrijke landschap.<\/p>\n","protected":false},"excerpt":{"rendered":"<p>Ontdek de Dutch Bargain Imperial Zeeuws Blond uit Zeeland: een harmonieuze blend van citrus en bloemige tonen, perfect gebalanceerd met een frisse bitterheid. Een uitstekende keuze voor liefhebbers van ambachtelijk bier.<\/p>\n","protected":false},"featured_media":12999,"comment_status":"open","ping_status":"closed","template":"","meta":[],"product_brand":[],"product_cat":[2906,2903],"product_tag":[912],"class_list":{"0":"post-12002","1":"product","2":"type-product","3":"status-publish","4":"has-post-thumbnail","6":"product_cat-blond-tripel","7":"product_cat-speciaalbier","8":"product_tag-speciaalbier","10":"first","11":"instock","12":"taxable","13":"shipping-taxable","14":"purchasable","15":"product-type-simple"},"yoast_head":"<!-- This site is optimized with the Yoast SEO Premium plugin v27.3 (Yoast SEO v27.3) - https:\/\/yoast.com\/product\/yoast-seo-premium-wordpress\/ -->\n<title>Dutch Bargain Imperial Zeeuws Blond - Zeeuws Speciaalbier<\/title>\n<meta name=\"description\" content=\"Proef de essentie van Zeeland met Dutch Bargain Imperial Zeeuws Blond, een verfrissend speciaalbier met een vleugje citrus en een florale bitterheid. Ideaal voor elke gelegenheid.\" \/>\n<meta name=\"robots\" content=\"index, follow, max-snippet:-1, max-image-preview:large, max-video-preview:-1\" \/>\n<link rel=\"canonical\" href=\"https:\/\/wijnhuis-mana.nl\/en\/product\/dutch-bargain-imperial-zeeuws-blond\/\" \/>\n<meta property=\"og:locale\" content=\"en_US\" \/>\n<meta property=\"og:type\" content=\"article\" \/>\n<meta property=\"og:title\" content=\"Dutch Bargain Imperial Zeeuws Blond\" \/>\n<meta property=\"og:description\" content=\"Proef de essentie van Zeeland met Dutch Bargain Imperial Zeeuws Blond, een verfrissend speciaalbier met een vleugje citrus en een florale bitterheid. Ideaal voor elke gelegenheid.\" \/>\n<meta property=\"og:url\" content=\"https:\/\/wijnhuis-mana.nl\/en\/product\/dutch-bargain-imperial-zeeuws-blond\/\" \/>\n<meta property=\"og:site_name\" content=\"Wijnhuis-Mana.nl\" \/>\n<meta property=\"article:publisher\" content=\"https:\/\/www.facebook.com\/wijnhuismana\" \/>\n<meta property=\"article:modified_time\" content=\"2025-12-02T16:29:48+00:00\" \/>\n<meta property=\"og:image\" content=\"https:\/\/wijnhuis-mana.nl\/wp-content\/uploads\/2025\/04\/Dutch-Bargain-Imperial-Zeeuws-Blond.jpg\" \/>\n\t<meta property=\"og:image:width\" content=\"800\" \/>\n\t<meta property=\"og:image:height\" content=\"800\" \/>\n\t<meta property=\"og:image:type\" content=\"image\/jpeg\" \/>\n<meta name=\"twitter:card\" content=\"summary_large_image\" \/>\n<meta name=\"twitter:label1\" content=\"Price\" \/>\n\t<meta name=\"twitter:data1\" content=\"&euro;&nbsp;3,49\" \/>\n\t<meta name=\"twitter:label2\" content=\"Availability\" \/>\n\t<meta name=\"twitter:data2\" content=\"In stock\" \/>\n<script type=\"application\/ld+json\" class=\"yoast-schema-graph\">{\"@context\":\"https:\\\/\\\/schema.org\",\"@graph\":[{\"@type\":\"WebPage\",\"@id\":\"https:\\\/\\\/wijnhuis-mana.nl\\\/en\\\/product\\\/dutch-bargain-imperial-zeeuws-blond\\\/\",\"url\":\"https:\\\/\\\/wijnhuis-mana.nl\\\/en\\\/product\\\/dutch-bargain-imperial-zeeuws-blond\\\/\",\"name\":\"Dutch Bargain Imperial Zeeuws Blond - Zeeuws Speciaalbier\",\"isPartOf\":{\"@id\":\"https:\\\/\\\/wijnhuis-mana.nl\\\/en\\\/#website\"},\"primaryImageOfPage\":{\"@id\":\"https:\\\/\\\/wijnhuis-mana.nl\\\/en\\\/product\\\/dutch-bargain-imperial-zeeuws-blond\\\/#primaryimage\"},\"image\":{\"@id\":\"https:\\\/\\\/wijnhuis-mana.nl\\\/en\\\/product\\\/dutch-bargain-imperial-zeeuws-blond\\\/#primaryimage\"},\"thumbnailUrl\":\"https:\\\/\\\/wijnhuis-mana.nl\\\/wp-content\\\/uploads\\\/2025\\\/04\\\/Dutch-Bargain-Imperial-Zeeuws-Blond.jpg\",\"datePublished\":\"2025-03-28T14:49:49+00:00\",\"dateModified\":\"2025-12-02T16:29:48+00:00\",\"description\":\"Proef de essentie van Zeeland met Dutch Bargain Imperial Zeeuws Blond, een verfrissend speciaalbier met een vleugje citrus en een florale bitterheid. Ideaal voor elke gelegenheid.\",\"breadcrumb\":{\"@id\":\"https:\\\/\\\/wijnhuis-mana.nl\\\/en\\\/product\\\/dutch-bargain-imperial-zeeuws-blond\\\/#breadcrumb\"},\"inLanguage\":\"en-US\",\"potentialAction\":[{\"@type\":\"ReadAction\",\"target\":[\"https:\\\/\\\/wijnhuis-mana.nl\\\/en\\\/product\\\/dutch-bargain-imperial-zeeuws-blond\\\/\"]}]},{\"@type\":\"ImageObject\",\"inLanguage\":\"en-US\",\"@id\":\"https:\\\/\\\/wijnhuis-mana.nl\\\/en\\\/product\\\/dutch-bargain-imperial-zeeuws-blond\\\/#primaryimage\",\"url\":\"https:\\\/\\\/wijnhuis-mana.nl\\\/wp-content\\\/uploads\\\/2025\\\/04\\\/Dutch-Bargain-Imperial-Zeeuws-Blond.jpg\",\"contentUrl\":\"https:\\\/\\\/wijnhuis-mana.nl\\\/wp-content\\\/uploads\\\/2025\\\/04\\\/Dutch-Bargain-Imperial-Zeeuws-Blond.jpg\",\"width\":800,\"height\":800,\"caption\":\"Proef de essentie van Zeeland met Dutch Bargain Imperial Zeeuws Blond, een verfrissend speciaalbier met een vleugje citrus en een florale bitterheid. Ideaal voor elke gelegenheid.\"},{\"@type\":\"BreadcrumbList\",\"@id\":\"https:\\\/\\\/wijnhuis-mana.nl\\\/en\\\/product\\\/dutch-bargain-imperial-zeeuws-blond\\\/#breadcrumb\",\"itemListElement\":[{\"@type\":\"ListItem\",\"position\":1,\"name\":\"Home\",\"item\":\"https:\\\/\\\/wijnhuis-mana.nl\\\/en\\\/\"},{\"@type\":\"ListItem\",\"position\":2,\"name\":\"Shop\",\"item\":\"https:\\\/\\\/wijnhuis-mana.nl\\\/en\\\/shop-2\\\/\"},{\"@type\":\"ListItem\",\"position\":3,\"name\":\"Dutch Bargain Imperial Zeeuws Blond\"}]},{\"@type\":\"WebSite\",\"@id\":\"https:\\\/\\\/wijnhuis-mana.nl\\\/en\\\/#website\",\"url\":\"https:\\\/\\\/wijnhuis-mana.nl\\\/en\\\/\",\"name\":\"Wijnhuis-Mana.nl\",\"description\":\"Wijn v\u00e1n liefhebbers, v\u00f3\u00f3r liefhebbers\",\"publisher\":{\"@id\":\"https:\\\/\\\/wijnhuis-mana.nl\\\/en\\\/#organization\"},\"potentialAction\":[{\"@type\":\"SearchAction\",\"target\":{\"@type\":\"EntryPoint\",\"urlTemplate\":\"https:\\\/\\\/wijnhuis-mana.nl\\\/en\\\/?s={search_term_string}\"},\"query-input\":{\"@type\":\"PropertyValueSpecification\",\"valueRequired\":true,\"valueName\":\"search_term_string\"}}],\"inLanguage\":\"en-US\"},{\"@type\":[\"Organization\",\"Place\"],\"@id\":\"https:\\\/\\\/wijnhuis-mana.nl\\\/en\\\/#organization\",\"name\":\"Wijnhuis-Mana.nl\",\"url\":\"https:\\\/\\\/wijnhuis-mana.nl\\\/en\\\/\",\"logo\":{\"@id\":\"https:\\\/\\\/wijnhuis-mana.nl\\\/en\\\/product\\\/dutch-bargain-imperial-zeeuws-blond\\\/#local-main-organization-logo\"},\"image\":{\"@id\":\"https:\\\/\\\/wijnhuis-mana.nl\\\/en\\\/product\\\/dutch-bargain-imperial-zeeuws-blond\\\/#local-main-organization-logo\"},\"sameAs\":[\"https:\\\/\\\/www.facebook.com\\\/wijnhuismana\",\"https:\\\/\\\/www.instagram.com\\\/ghvino.nl\"],\"hasMerchantReturnPolicy\":{\"@type\":\"MerchantReturnPolicy\",\"merchantReturnLink\":\"https:\\\/\\\/wijnhuis-mana.nl\\\/algemene-voorwaarden\\\/\"},\"address\":{\"@id\":\"https:\\\/\\\/wijnhuis-mana.nl\\\/en\\\/product\\\/dutch-bargain-imperial-zeeuws-blond\\\/#local-main-place-address\"},\"telephone\":[\"0299-769018\"],\"openingHoursSpecification\":[{\"@type\":\"OpeningHoursSpecification\",\"dayOfWeek\":[\"Monday\",\"Sunday\"],\"opens\":\"00:00\",\"closes\":\"00:00\"},{\"@type\":\"OpeningHoursSpecification\",\"dayOfWeek\":[\"Tuesday\"],\"opens\":\"10:00\",\"closes\":\"18:00\"},{\"@type\":\"OpeningHoursSpecification\",\"dayOfWeek\":[\"Wednesday\",\"Thursday\",\"Saturday\"],\"opens\":\"11:00\",\"closes\":\"18:00\"},{\"@type\":\"OpeningHoursSpecification\",\"dayOfWeek\":[\"Friday\"],\"opens\":\"11:00\",\"closes\":\"21:00\"}],\"email\":\"info@wijnhuis-mana.nl\",\"areaServed\":\"Nederland\",\"vatID\":\"NL58KNAB0255573782\",\"taxID\":\"NL58KNAB0255573782\"},{\"@type\":\"PostalAddress\",\"@id\":\"https:\\\/\\\/wijnhuis-mana.nl\\\/en\\\/product\\\/dutch-bargain-imperial-zeeuws-blond\\\/#local-main-place-address\",\"streetAddress\":\"Weerwal 11\",\"addressLocality\":\"Purmerend\",\"postalCode\":\"1441 AL\",\"addressRegion\":\"Noord-Holland\",\"addressCountry\":\"NL\"},{\"@type\":\"ImageObject\",\"inLanguage\":\"en-US\",\"@id\":\"https:\\\/\\\/wijnhuis-mana.nl\\\/en\\\/product\\\/dutch-bargain-imperial-zeeuws-blond\\\/#local-main-organization-logo\",\"url\":\"https:\\\/\\\/wijnhuis-mana.nl\\\/wp-content\\\/uploads\\\/2022\\\/01\\\/Logo_Wijnhuis-Mana_Kleur.jpg\",\"contentUrl\":\"https:\\\/\\\/wijnhuis-mana.nl\\\/wp-content\\\/uploads\\\/2022\\\/01\\\/Logo_Wijnhuis-Mana_Kleur.jpg\",\"width\":400,\"height\":111,\"caption\":\"Wijnhuis-Mana.nl\"}]}<\/script>\n<meta property=\"product:price:amount\" content=\"3.49\" \/>\n<meta property=\"product:price:currency\" content=\"EUR\" \/>\n<meta property=\"og:availability\" content=\"instock\" \/>\n<meta property=\"product:availability\" content=\"instock\" \/>\n<meta property=\"product:retailer_item_id\" content=\"8718868887146\" \/>\n<meta property=\"product:condition\" content=\"new\" \/>\n<meta name=\"geo.placename\" content=\"Purmerend\" \/>\n<meta name=\"geo.region\" content=\"Netherlands\" \/>\n<!-- \/ Yoast SEO Premium plugin. -->","yoast_head_json":{"title":"Dutch Bargain Imperial Zeeuws Blond - Zeeuws Speciaalbier","description":"Proef de essentie van Zeeland met Dutch Bargain Imperial Zeeuws Blond, een verfrissend speciaalbier met een vleugje citrus en een florale bitterheid. Ideaal voor elke gelegenheid.","robots":{"index":"index","follow":"follow","max-snippet":"max-snippet:-1","max-image-preview":"max-image-preview:large","max-video-preview":"max-video-preview:-1"},"canonical":"https:\/\/wijnhuis-mana.nl\/en\/product\/dutch-bargain-imperial-zeeuws-blond\/","og_locale":"en_US","og_type":"article","og_title":"Dutch Bargain Imperial Zeeuws Blond","og_description":"Proef de essentie van Zeeland met Dutch Bargain Imperial Zeeuws Blond, een verfrissend speciaalbier met een vleugje citrus en een florale bitterheid. Ideaal voor elke gelegenheid.","og_url":"https:\/\/wijnhuis-mana.nl\/en\/product\/dutch-bargain-imperial-zeeuws-blond\/","og_site_name":"Wijnhuis-Mana.nl","article_publisher":"https:\/\/www.facebook.com\/wijnhuismana","article_modified_time":"2025-12-02T16:29:48+00:00","og_image":[{"width":800,"height":800,"url":"https:\/\/wijnhuis-mana.nl\/wp-content\/uploads\/2025\/04\/Dutch-Bargain-Imperial-Zeeuws-Blond.jpg","type":"image\/jpeg"}],"twitter_card":"summary_large_image","twitter_misc":{"Price":"&euro;&nbsp;3,49","Availability":"In stock"},"schema":{"@context":"https:\/\/schema.org","@graph":[{"@type":"WebPage","@id":"https:\/\/wijnhuis-mana.nl\/en\/product\/dutch-bargain-imperial-zeeuws-blond\/","url":"https:\/\/wijnhuis-mana.nl\/en\/product\/dutch-bargain-imperial-zeeuws-blond\/","name":"Dutch Bargain Imperial Zeeuws Blond - Zeeuws Speciaalbier","isPartOf":{"@id":"https:\/\/wijnhuis-mana.nl\/en\/#website"},"primaryImageOfPage":{"@id":"https:\/\/wijnhuis-mana.nl\/en\/product\/dutch-bargain-imperial-zeeuws-blond\/#primaryimage"},"image":{"@id":"https:\/\/wijnhuis-mana.nl\/en\/product\/dutch-bargain-imperial-zeeuws-blond\/#primaryimage"},"thumbnailUrl":"https:\/\/wijnhuis-mana.nl\/wp-content\/uploads\/2025\/04\/Dutch-Bargain-Imperial-Zeeuws-Blond.jpg","datePublished":"2025-03-28T14:49:49+00:00","dateModified":"2025-12-02T16:29:48+00:00","description":"Proef de essentie van Zeeland met Dutch Bargain Imperial Zeeuws Blond, een verfrissend speciaalbier met een vleugje citrus en een florale bitterheid. Ideaal voor elke gelegenheid.","breadcrumb":{"@id":"https:\/\/wijnhuis-mana.nl\/en\/product\/dutch-bargain-imperial-zeeuws-blond\/#breadcrumb"},"inLanguage":"en-US","potentialAction":[{"@type":"ReadAction","target":["https:\/\/wijnhuis-mana.nl\/en\/product\/dutch-bargain-imperial-zeeuws-blond\/"]}]},{"@type":"ImageObject","inLanguage":"en-US","@id":"https:\/\/wijnhuis-mana.nl\/en\/product\/dutch-bargain-imperial-zeeuws-blond\/#primaryimage","url":"https:\/\/wijnhuis-mana.nl\/wp-content\/uploads\/2025\/04\/Dutch-Bargain-Imperial-Zeeuws-Blond.jpg","contentUrl":"https:\/\/wijnhuis-mana.nl\/wp-content\/uploads\/2025\/04\/Dutch-Bargain-Imperial-Zeeuws-Blond.jpg","width":800,"height":800,"caption":"Proef de essentie van Zeeland met Dutch Bargain Imperial Zeeuws Blond, een verfrissend speciaalbier met een vleugje citrus en een florale bitterheid. Ideaal voor elke gelegenheid."},{"@type":"BreadcrumbList","@id":"https:\/\/wijnhuis-mana.nl\/en\/product\/dutch-bargain-imperial-zeeuws-blond\/#breadcrumb","itemListElement":[{"@type":"ListItem","position":1,"name":"Home","item":"https:\/\/wijnhuis-mana.nl\/en\/"},{"@type":"ListItem","position":2,"name":"Shop","item":"https:\/\/wijnhuis-mana.nl\/en\/shop-2\/"},{"@type":"ListItem","position":3,"name":"Dutch Bargain Imperial Zeeuws Blond"}]},{"@type":"WebSite","@id":"https:\/\/wijnhuis-mana.nl\/en\/#website","url":"https:\/\/wijnhuis-mana.nl\/en\/","name":"Wijnhuis-Mana.nl","description":"Wijn v\u00e1n liefhebbers, v\u00f3\u00f3r liefhebbers","publisher":{"@id":"https:\/\/wijnhuis-mana.nl\/en\/#organization"},"potentialAction":[{"@type":"SearchAction","target":{"@type":"EntryPoint","urlTemplate":"https:\/\/wijnhuis-mana.nl\/en\/?s={search_term_string}"},"query-input":{"@type":"PropertyValueSpecification","valueRequired":true,"valueName":"search_term_string"}}],"inLanguage":"en-US"},{"@type":["Organization","Place"],"@id":"https:\/\/wijnhuis-mana.nl\/en\/#organization","name":"Wijnhuis-Mana.nl","url":"https:\/\/wijnhuis-mana.nl\/en\/","logo":{"@id":"https:\/\/wijnhuis-mana.nl\/en\/product\/dutch-bargain-imperial-zeeuws-blond\/#local-main-organization-logo"},"image":{"@id":"https:\/\/wijnhuis-mana.nl\/en\/product\/dutch-bargain-imperial-zeeuws-blond\/#local-main-organization-logo"},"sameAs":["https:\/\/www.facebook.com\/wijnhuismana","https:\/\/www.instagram.com\/ghvino.nl"],"hasMerchantReturnPolicy":{"@type":"MerchantReturnPolicy","merchantReturnLink":"https:\/\/wijnhuis-mana.nl\/algemene-voorwaarden\/"},"address":{"@id":"https:\/\/wijnhuis-mana.nl\/en\/product\/dutch-bargain-imperial-zeeuws-blond\/#local-main-place-address"},"telephone":["0299-769018"],"openingHoursSpecification":[{"@type":"OpeningHoursSpecification","dayOfWeek":["Monday","Sunday"],"opens":"00:00","closes":"00:00"},{"@type":"OpeningHoursSpecification","dayOfWeek":["Tuesday"],"opens":"10:00","closes":"18:00"},{"@type":"OpeningHoursSpecification","dayOfWeek":["Wednesday","Thursday","Saturday"],"opens":"11:00","closes":"18:00"},{"@type":"OpeningHoursSpecification","dayOfWeek":["Friday"],"opens":"11:00","closes":"21:00"}],"email":"info@wijnhuis-mana.nl","areaServed":"Nederland","vatID":"NL58KNAB0255573782","taxID":"NL58KNAB0255573782"},{"@type":"PostalAddress","@id":"https:\/\/wijnhuis-mana.nl\/en\/product\/dutch-bargain-imperial-zeeuws-blond\/#local-main-place-address","streetAddress":"Weerwal 11","addressLocality":"Purmerend","postalCode":"1441 AL","addressRegion":"Noord-Holland","addressCountry":"NL"},{"@type":"ImageObject","inLanguage":"en-US","@id":"https:\/\/wijnhuis-mana.nl\/en\/product\/dutch-bargain-imperial-zeeuws-blond\/#local-main-organization-logo","url":"https:\/\/wijnhuis-mana.nl\/wp-content\/uploads\/2022\/01\/Logo_Wijnhuis-Mana_Kleur.jpg","contentUrl":"https:\/\/wijnhuis-mana.nl\/wp-content\/uploads\/2022\/01\/Logo_Wijnhuis-Mana_Kleur.jpg","width":400,"height":111,"caption":"Wijnhuis-Mana.nl"}]},"product_price_amount":"3.49","product_price_currency":"EUR","og_availability":"instock","product_availability":"instock","product_retailer_item_id":"8718868887146","product_condition":"new","geo.placename":"Purmerend","geo.region":"Netherlands"},"post_mailing_queue_ids":[],"_links":{"self":[{"href":"https:\/\/wijnhuis-mana.nl\/en\/wp-json\/wp\/v2\/product\/12002","targetHints":{"allow":["GET"]}}],"collection":[{"href":"https:\/\/wijnhuis-mana.nl\/en\/wp-json\/wp\/v2\/product"}],"about":[{"href":"https:\/\/wijnhuis-mana.nl\/en\/wp-json\/wp\/v2\/types\/product"}],"replies":[{"embeddable":true,"href":"https:\/\/wijnhuis-mana.nl\/en\/wp-json\/wp\/v2\/comments?post=12002"}],"wp:featuredmedia":[{"embeddable":true,"href":"https:\/\/wijnhuis-mana.nl\/en\/wp-json\/wp\/v2\/media\/12999"}],"wp:attachment":[{"href":"https:\/\/wijnhuis-mana.nl\/en\/wp-json\/wp\/v2\/media?parent=12002"}],"wp:term":[{"taxonomy":"product_brand","embeddable":true,"href":"https:\/\/wijnhuis-mana.nl\/en\/wp-json\/wp\/v2\/product_brand?post=12002"},{"taxonomy":"product_cat","embeddable":true,"href":"https:\/\/wijnhuis-mana.nl\/en\/wp-json\/wp\/v2\/product_cat?post=12002"},{"taxonomy":"product_tag","embeddable":true,"href":"https:\/\/wijnhuis-mana.nl\/en\/wp-json\/wp\/v2\/product_tag?post=12002"}],"curies":[{"name":"wp","href":"https:\/\/api.w.org\/{rel}","templated":true}]}}