{"id":12038,"date":"2025-03-28T19:13:11","date_gmt":"2025-03-28T18:13:11","guid":{"rendered":"https:\/\/wijnhuis-mana.nl\/?post_type=product&#038;p=12038"},"modified":"2025-05-23T20:27:33","modified_gmt":"2025-05-23T18:27:33","slug":"the-balvenie-14-caribbean-cask","status":"publish","type":"product","link":"https:\/\/wijnhuis-mana.nl\/en\/product\/the-balvenie-14-caribbean-cask\/","title":{"rendered":"The Balvenie 14 Caribbean Cask"},"content":{"rendered":"<h3>Algemene informatie<\/h3>\n<p>The Balvenie 14 Caribbean Cask is een exceptionele single malt whisky die een unieke rijpingsprocedure heeft ondergaan. Eerst rijpt de whisky minimaal veertien jaar in traditionele eikenhouten whiskyvaten, waarna hij wordt overgebracht naar vaten die eerder Caribische rum bevatten. Deze methode voegt complexe, zoete en fruitige smaaktonen toe aan de al rijke en soepele smaak van The Balvenie. De distilleerderij ligt in de Speyside regio van Schotland, gekend voor het produceren van enkele van de fijnste whisky&#8217;s ter wereld.<\/p>\n<h3>Smaakprofiel<\/h3>\n<p>Deze whisky onthult bij het inschenken een diepe, gouden kleur. In de neus wordt je begroet door aroma&#8217;s van rijke toffee, zoete vruchten en een hint van kruiden. Bij het proeven openbaart The Balvenie 14 Caribbean Cask een buitengewoon zachte textuur met smaken van sappige sinaasappel, romige melkchocolade en een subtiele mix van kaneel en kruidnagel. De afdronk is lang en verwarmend met een zoete, kruidige nasmaak.<\/p>\n<h3>Serveeradvies<\/h3>\n<p>Perfect om puur te genieten, mogelijk aangevuld met een klein beetje water om meer aroma&#8217;s vrij te geven. Deze whisky is ook een verbluffende begeleider van gerechten zoals gegrild vlees of rijke chocoladedesserts.<\/p>\n<ul>\n<li>Puur, met enkele druppels water<\/li>\n<li>Gecombineerd met een donkere chocolade dessert<\/li>\n<li>Als basis in verfijnde cocktails<\/li>\n<\/ul>\n<h3>Weetje<\/h3>\n<p>The Balvenie&#8217;s unieke benadering van het maken van whisky houdt in dat men bijna al het benodigde vakmanschap in huis heeft. Van het kweken van hun eigen gerst, het traditioneel drijven van de moutvloer, het koperen schutbladen en kuiperswerk tot het rijpen en bottelen. Dit alles draagt bij aan de distinctieve stijl en kwaliteit van The Balvenie.<\/p>\n","protected":false},"excerpt":{"rendered":"<p>Ontdek The Balvenie 14 Caribbean Cask, een Schotse single malt met een exotische twist van Caribische rumrijping. Verwacht diepe tonen van toffee, sinaasappel en specerijen.<\/p>\n","protected":false},"featured_media":12774,"comment_status":"open","ping_status":"closed","template":"","meta":[],"product_brand":[],"product_cat":[2914],"product_tag":[540,803,832],"class_list":{"0":"post-12038","1":"product","2":"type-product","3":"status-publish","4":"has-post-thumbnail","6":"product_cat-whisky","7":"product_tag-gedistilleerd","8":"product_tag-houtrijping","9":"product_tag-whisky","11":"first","12":"instock","13":"taxable","14":"shipping-taxable","15":"purchasable","16":"product-type-simple"},"yoast_head":"<!-- This site is optimized with the Yoast SEO Premium plugin v27.3 (Yoast SEO v27.3) - https:\/\/yoast.com\/product\/yoast-seo-premium-wordpress\/ -->\n<title>The Balvenie 14 Caribbean Cask | Exotische Schotse Whisky<\/title>\n<meta name=\"description\" content=\"Ervaar The Balvenie 14 Caribbean Cask, een unieke Schotse whisky gerijpt in rumvaten uit het Caribische gebied. Geniet van rijke toffee, fruitige sinaasappel en kruidige tonen.\" \/>\n<meta name=\"robots\" content=\"index, follow, max-snippet:-1, max-image-preview:large, max-video-preview:-1\" \/>\n<link rel=\"canonical\" href=\"https:\/\/wijnhuis-mana.nl\/en\/product\/the-balvenie-14-caribbean-cask\/\" \/>\n<meta property=\"og:locale\" content=\"en_US\" \/>\n<meta property=\"og:type\" content=\"article\" \/>\n<meta property=\"og:title\" content=\"The Balvenie 14 Caribbean Cask\" \/>\n<meta property=\"og:description\" content=\"Ervaar The Balvenie 14 Caribbean Cask, een unieke Schotse whisky gerijpt in rumvaten uit het Caribische gebied. Geniet van rijke toffee, fruitige sinaasappel en kruidige tonen.\" \/>\n<meta property=\"og:url\" content=\"https:\/\/wijnhuis-mana.nl\/en\/product\/the-balvenie-14-caribbean-cask\/\" \/>\n<meta property=\"og:site_name\" content=\"Wijnhuis-Mana.nl\" \/>\n<meta property=\"article:publisher\" content=\"https:\/\/www.facebook.com\/wijnhuismana\" \/>\n<meta property=\"article:modified_time\" content=\"2025-05-23T18:27:33+00:00\" \/>\n<meta property=\"og:image\" content=\"https:\/\/wijnhuis-mana.nl\/wp-content\/uploads\/2025\/04\/The-Balvenie-14-Caribbean-Cask.jpg\" \/>\n\t<meta property=\"og:image:width\" content=\"800\" \/>\n\t<meta property=\"og:image:height\" content=\"800\" \/>\n\t<meta property=\"og:image:type\" content=\"image\/jpeg\" \/>\n<meta name=\"twitter:card\" content=\"summary_large_image\" \/>\n<meta name=\"twitter:label1\" content=\"Price\" \/>\n\t<meta name=\"twitter:data1\" content=\"&euro;&nbsp;92,95\" \/>\n\t<meta name=\"twitter:label2\" content=\"Availability\" \/>\n\t<meta name=\"twitter:data2\" content=\"In stock\" \/>\n<script type=\"application\/ld+json\" class=\"yoast-schema-graph\">{\"@context\":\"https:\\\/\\\/schema.org\",\"@graph\":[{\"@type\":\"WebPage\",\"@id\":\"https:\\\/\\\/wijnhuis-mana.nl\\\/en\\\/product\\\/the-balvenie-14-caribbean-cask\\\/\",\"url\":\"https:\\\/\\\/wijnhuis-mana.nl\\\/en\\\/product\\\/the-balvenie-14-caribbean-cask\\\/\",\"name\":\"The Balvenie 14 Caribbean Cask | Exotische Schotse Whisky\",\"isPartOf\":{\"@id\":\"https:\\\/\\\/wijnhuis-mana.nl\\\/en\\\/#website\"},\"primaryImageOfPage\":{\"@id\":\"https:\\\/\\\/wijnhuis-mana.nl\\\/en\\\/product\\\/the-balvenie-14-caribbean-cask\\\/#primaryimage\"},\"image\":{\"@id\":\"https:\\\/\\\/wijnhuis-mana.nl\\\/en\\\/product\\\/the-balvenie-14-caribbean-cask\\\/#primaryimage\"},\"thumbnailUrl\":\"https:\\\/\\\/wijnhuis-mana.nl\\\/wp-content\\\/uploads\\\/2025\\\/04\\\/The-Balvenie-14-Caribbean-Cask.jpg\",\"datePublished\":\"2025-03-28T18:13:11+00:00\",\"dateModified\":\"2025-05-23T18:27:33+00:00\",\"description\":\"Ervaar The Balvenie 14 Caribbean Cask, een unieke Schotse whisky gerijpt in rumvaten uit het Caribische gebied. Geniet van rijke toffee, fruitige sinaasappel en kruidige tonen.\",\"breadcrumb\":{\"@id\":\"https:\\\/\\\/wijnhuis-mana.nl\\\/en\\\/product\\\/the-balvenie-14-caribbean-cask\\\/#breadcrumb\"},\"inLanguage\":\"en-US\",\"potentialAction\":[{\"@type\":\"ReadAction\",\"target\":[\"https:\\\/\\\/wijnhuis-mana.nl\\\/en\\\/product\\\/the-balvenie-14-caribbean-cask\\\/\"]}]},{\"@type\":\"ImageObject\",\"inLanguage\":\"en-US\",\"@id\":\"https:\\\/\\\/wijnhuis-mana.nl\\\/en\\\/product\\\/the-balvenie-14-caribbean-cask\\\/#primaryimage\",\"url\":\"https:\\\/\\\/wijnhuis-mana.nl\\\/wp-content\\\/uploads\\\/2025\\\/04\\\/The-Balvenie-14-Caribbean-Cask.jpg\",\"contentUrl\":\"https:\\\/\\\/wijnhuis-mana.nl\\\/wp-content\\\/uploads\\\/2025\\\/04\\\/The-Balvenie-14-Caribbean-Cask.jpg\",\"width\":800,\"height\":800,\"caption\":\"Ervaar The Balvenie 14 Caribbean Cask, een unieke Schotse whisky gerijpt in rumvaten uit het Caribische gebied. Geniet van rijke toffee, fruitige sinaasappel en kruidige tonen.\"},{\"@type\":\"BreadcrumbList\",\"@id\":\"https:\\\/\\\/wijnhuis-mana.nl\\\/en\\\/product\\\/the-balvenie-14-caribbean-cask\\\/#breadcrumb\",\"itemListElement\":[{\"@type\":\"ListItem\",\"position\":1,\"name\":\"Home\",\"item\":\"https:\\\/\\\/wijnhuis-mana.nl\\\/en\\\/\"},{\"@type\":\"ListItem\",\"position\":2,\"name\":\"Shop\",\"item\":\"https:\\\/\\\/wijnhuis-mana.nl\\\/en\\\/shop-2\\\/\"},{\"@type\":\"ListItem\",\"position\":3,\"name\":\"The Balvenie 14 Caribbean Cask\"}]},{\"@type\":\"WebSite\",\"@id\":\"https:\\\/\\\/wijnhuis-mana.nl\\\/en\\\/#website\",\"url\":\"https:\\\/\\\/wijnhuis-mana.nl\\\/en\\\/\",\"name\":\"Wijnhuis-Mana.nl\",\"description\":\"Wijn v\u00e1n liefhebbers, v\u00f3\u00f3r liefhebbers\",\"publisher\":{\"@id\":\"https:\\\/\\\/wijnhuis-mana.nl\\\/en\\\/#organization\"},\"potentialAction\":[{\"@type\":\"SearchAction\",\"target\":{\"@type\":\"EntryPoint\",\"urlTemplate\":\"https:\\\/\\\/wijnhuis-mana.nl\\\/en\\\/?s={search_term_string}\"},\"query-input\":{\"@type\":\"PropertyValueSpecification\",\"valueRequired\":true,\"valueName\":\"search_term_string\"}}],\"inLanguage\":\"en-US\"},{\"@type\":[\"Organization\",\"Place\"],\"@id\":\"https:\\\/\\\/wijnhuis-mana.nl\\\/en\\\/#organization\",\"name\":\"Wijnhuis-Mana.nl\",\"url\":\"https:\\\/\\\/wijnhuis-mana.nl\\\/en\\\/\",\"logo\":{\"@id\":\"https:\\\/\\\/wijnhuis-mana.nl\\\/en\\\/product\\\/the-balvenie-14-caribbean-cask\\\/#local-main-organization-logo\"},\"image\":{\"@id\":\"https:\\\/\\\/wijnhuis-mana.nl\\\/en\\\/product\\\/the-balvenie-14-caribbean-cask\\\/#local-main-organization-logo\"},\"sameAs\":[\"https:\\\/\\\/www.facebook.com\\\/wijnhuismana\",\"https:\\\/\\\/www.instagram.com\\\/ghvino.nl\"],\"hasMerchantReturnPolicy\":{\"@type\":\"MerchantReturnPolicy\",\"merchantReturnLink\":\"https:\\\/\\\/wijnhuis-mana.nl\\\/algemene-voorwaarden\\\/\"},\"address\":{\"@id\":\"https:\\\/\\\/wijnhuis-mana.nl\\\/en\\\/product\\\/the-balvenie-14-caribbean-cask\\\/#local-main-place-address\"},\"telephone\":[\"0299-769018\"],\"openingHoursSpecification\":[{\"@type\":\"OpeningHoursSpecification\",\"dayOfWeek\":[\"Monday\",\"Sunday\"],\"opens\":\"00:00\",\"closes\":\"00:00\"},{\"@type\":\"OpeningHoursSpecification\",\"dayOfWeek\":[\"Tuesday\"],\"opens\":\"10:00\",\"closes\":\"18:00\"},{\"@type\":\"OpeningHoursSpecification\",\"dayOfWeek\":[\"Wednesday\",\"Thursday\",\"Saturday\"],\"opens\":\"11:00\",\"closes\":\"18:00\"},{\"@type\":\"OpeningHoursSpecification\",\"dayOfWeek\":[\"Friday\"],\"opens\":\"11:00\",\"closes\":\"21:00\"}],\"email\":\"info@wijnhuis-mana.nl\",\"areaServed\":\"Nederland\",\"vatID\":\"NL58KNAB0255573782\",\"taxID\":\"NL58KNAB0255573782\"},{\"@type\":\"PostalAddress\",\"@id\":\"https:\\\/\\\/wijnhuis-mana.nl\\\/en\\\/product\\\/the-balvenie-14-caribbean-cask\\\/#local-main-place-address\",\"streetAddress\":\"Weerwal 11\",\"addressLocality\":\"Purmerend\",\"postalCode\":\"1441 AL\",\"addressRegion\":\"Noord-Holland\",\"addressCountry\":\"NL\"},{\"@type\":\"ImageObject\",\"inLanguage\":\"en-US\",\"@id\":\"https:\\\/\\\/wijnhuis-mana.nl\\\/en\\\/product\\\/the-balvenie-14-caribbean-cask\\\/#local-main-organization-logo\",\"url\":\"https:\\\/\\\/wijnhuis-mana.nl\\\/wp-content\\\/uploads\\\/2022\\\/01\\\/Logo_Wijnhuis-Mana_Kleur.jpg\",\"contentUrl\":\"https:\\\/\\\/wijnhuis-mana.nl\\\/wp-content\\\/uploads\\\/2022\\\/01\\\/Logo_Wijnhuis-Mana_Kleur.jpg\",\"width\":400,\"height\":111,\"caption\":\"Wijnhuis-Mana.nl\"}]}<\/script>\n<meta property=\"product:price:amount\" content=\"92.95\" \/>\n<meta property=\"product:price:currency\" content=\"EUR\" \/>\n<meta property=\"og:availability\" content=\"instock\" \/>\n<meta property=\"product:availability\" content=\"instock\" \/>\n<meta property=\"product:retailer_item_id\" content=\"5010327524566\" \/>\n<meta property=\"product:condition\" content=\"new\" \/>\n<meta name=\"geo.placename\" content=\"Purmerend\" \/>\n<meta name=\"geo.region\" content=\"Netherlands\" \/>\n<!-- \/ Yoast SEO Premium plugin. -->","yoast_head_json":{"title":"The Balvenie 14 Caribbean Cask | Exotische Schotse Whisky","description":"Ervaar The Balvenie 14 Caribbean Cask, een unieke Schotse whisky gerijpt in rumvaten uit het Caribische gebied. Geniet van rijke toffee, fruitige sinaasappel en kruidige tonen.","robots":{"index":"index","follow":"follow","max-snippet":"max-snippet:-1","max-image-preview":"max-image-preview:large","max-video-preview":"max-video-preview:-1"},"canonical":"https:\/\/wijnhuis-mana.nl\/en\/product\/the-balvenie-14-caribbean-cask\/","og_locale":"en_US","og_type":"article","og_title":"The Balvenie 14 Caribbean Cask","og_description":"Ervaar The Balvenie 14 Caribbean Cask, een unieke Schotse whisky gerijpt in rumvaten uit het Caribische gebied. Geniet van rijke toffee, fruitige sinaasappel en kruidige tonen.","og_url":"https:\/\/wijnhuis-mana.nl\/en\/product\/the-balvenie-14-caribbean-cask\/","og_site_name":"Wijnhuis-Mana.nl","article_publisher":"https:\/\/www.facebook.com\/wijnhuismana","article_modified_time":"2025-05-23T18:27:33+00:00","og_image":[{"width":800,"height":800,"url":"https:\/\/wijnhuis-mana.nl\/wp-content\/uploads\/2025\/04\/The-Balvenie-14-Caribbean-Cask.jpg","type":"image\/jpeg"}],"twitter_card":"summary_large_image","twitter_misc":{"Price":"&euro;&nbsp;92,95","Availability":"In stock"},"schema":{"@context":"https:\/\/schema.org","@graph":[{"@type":"WebPage","@id":"https:\/\/wijnhuis-mana.nl\/en\/product\/the-balvenie-14-caribbean-cask\/","url":"https:\/\/wijnhuis-mana.nl\/en\/product\/the-balvenie-14-caribbean-cask\/","name":"The Balvenie 14 Caribbean Cask | Exotische Schotse Whisky","isPartOf":{"@id":"https:\/\/wijnhuis-mana.nl\/en\/#website"},"primaryImageOfPage":{"@id":"https:\/\/wijnhuis-mana.nl\/en\/product\/the-balvenie-14-caribbean-cask\/#primaryimage"},"image":{"@id":"https:\/\/wijnhuis-mana.nl\/en\/product\/the-balvenie-14-caribbean-cask\/#primaryimage"},"thumbnailUrl":"https:\/\/wijnhuis-mana.nl\/wp-content\/uploads\/2025\/04\/The-Balvenie-14-Caribbean-Cask.jpg","datePublished":"2025-03-28T18:13:11+00:00","dateModified":"2025-05-23T18:27:33+00:00","description":"Ervaar The Balvenie 14 Caribbean Cask, een unieke Schotse whisky gerijpt in rumvaten uit het Caribische gebied. Geniet van rijke toffee, fruitige sinaasappel en kruidige tonen.","breadcrumb":{"@id":"https:\/\/wijnhuis-mana.nl\/en\/product\/the-balvenie-14-caribbean-cask\/#breadcrumb"},"inLanguage":"en-US","potentialAction":[{"@type":"ReadAction","target":["https:\/\/wijnhuis-mana.nl\/en\/product\/the-balvenie-14-caribbean-cask\/"]}]},{"@type":"ImageObject","inLanguage":"en-US","@id":"https:\/\/wijnhuis-mana.nl\/en\/product\/the-balvenie-14-caribbean-cask\/#primaryimage","url":"https:\/\/wijnhuis-mana.nl\/wp-content\/uploads\/2025\/04\/The-Balvenie-14-Caribbean-Cask.jpg","contentUrl":"https:\/\/wijnhuis-mana.nl\/wp-content\/uploads\/2025\/04\/The-Balvenie-14-Caribbean-Cask.jpg","width":800,"height":800,"caption":"Ervaar The Balvenie 14 Caribbean Cask, een unieke Schotse whisky gerijpt in rumvaten uit het Caribische gebied. Geniet van rijke toffee, fruitige sinaasappel en kruidige tonen."},{"@type":"BreadcrumbList","@id":"https:\/\/wijnhuis-mana.nl\/en\/product\/the-balvenie-14-caribbean-cask\/#breadcrumb","itemListElement":[{"@type":"ListItem","position":1,"name":"Home","item":"https:\/\/wijnhuis-mana.nl\/en\/"},{"@type":"ListItem","position":2,"name":"Shop","item":"https:\/\/wijnhuis-mana.nl\/en\/shop-2\/"},{"@type":"ListItem","position":3,"name":"The Balvenie 14 Caribbean Cask"}]},{"@type":"WebSite","@id":"https:\/\/wijnhuis-mana.nl\/en\/#website","url":"https:\/\/wijnhuis-mana.nl\/en\/","name":"Wijnhuis-Mana.nl","description":"Wijn v\u00e1n liefhebbers, v\u00f3\u00f3r liefhebbers","publisher":{"@id":"https:\/\/wijnhuis-mana.nl\/en\/#organization"},"potentialAction":[{"@type":"SearchAction","target":{"@type":"EntryPoint","urlTemplate":"https:\/\/wijnhuis-mana.nl\/en\/?s={search_term_string}"},"query-input":{"@type":"PropertyValueSpecification","valueRequired":true,"valueName":"search_term_string"}}],"inLanguage":"en-US"},{"@type":["Organization","Place"],"@id":"https:\/\/wijnhuis-mana.nl\/en\/#organization","name":"Wijnhuis-Mana.nl","url":"https:\/\/wijnhuis-mana.nl\/en\/","logo":{"@id":"https:\/\/wijnhuis-mana.nl\/en\/product\/the-balvenie-14-caribbean-cask\/#local-main-organization-logo"},"image":{"@id":"https:\/\/wijnhuis-mana.nl\/en\/product\/the-balvenie-14-caribbean-cask\/#local-main-organization-logo"},"sameAs":["https:\/\/www.facebook.com\/wijnhuismana","https:\/\/www.instagram.com\/ghvino.nl"],"hasMerchantReturnPolicy":{"@type":"MerchantReturnPolicy","merchantReturnLink":"https:\/\/wijnhuis-mana.nl\/algemene-voorwaarden\/"},"address":{"@id":"https:\/\/wijnhuis-mana.nl\/en\/product\/the-balvenie-14-caribbean-cask\/#local-main-place-address"},"telephone":["0299-769018"],"openingHoursSpecification":[{"@type":"OpeningHoursSpecification","dayOfWeek":["Monday","Sunday"],"opens":"00:00","closes":"00:00"},{"@type":"OpeningHoursSpecification","dayOfWeek":["Tuesday"],"opens":"10:00","closes":"18:00"},{"@type":"OpeningHoursSpecification","dayOfWeek":["Wednesday","Thursday","Saturday"],"opens":"11:00","closes":"18:00"},{"@type":"OpeningHoursSpecification","dayOfWeek":["Friday"],"opens":"11:00","closes":"21:00"}],"email":"info@wijnhuis-mana.nl","areaServed":"Nederland","vatID":"NL58KNAB0255573782","taxID":"NL58KNAB0255573782"},{"@type":"PostalAddress","@id":"https:\/\/wijnhuis-mana.nl\/en\/product\/the-balvenie-14-caribbean-cask\/#local-main-place-address","streetAddress":"Weerwal 11","addressLocality":"Purmerend","postalCode":"1441 AL","addressRegion":"Noord-Holland","addressCountry":"NL"},{"@type":"ImageObject","inLanguage":"en-US","@id":"https:\/\/wijnhuis-mana.nl\/en\/product\/the-balvenie-14-caribbean-cask\/#local-main-organization-logo","url":"https:\/\/wijnhuis-mana.nl\/wp-content\/uploads\/2022\/01\/Logo_Wijnhuis-Mana_Kleur.jpg","contentUrl":"https:\/\/wijnhuis-mana.nl\/wp-content\/uploads\/2022\/01\/Logo_Wijnhuis-Mana_Kleur.jpg","width":400,"height":111,"caption":"Wijnhuis-Mana.nl"}]},"product_price_amount":"92.95","product_price_currency":"EUR","og_availability":"instock","product_availability":"instock","product_retailer_item_id":"5010327524566","product_condition":"new","geo.placename":"Purmerend","geo.region":"Netherlands"},"post_mailing_queue_ids":[],"_links":{"self":[{"href":"https:\/\/wijnhuis-mana.nl\/en\/wp-json\/wp\/v2\/product\/12038","targetHints":{"allow":["GET"]}}],"collection":[{"href":"https:\/\/wijnhuis-mana.nl\/en\/wp-json\/wp\/v2\/product"}],"about":[{"href":"https:\/\/wijnhuis-mana.nl\/en\/wp-json\/wp\/v2\/types\/product"}],"replies":[{"embeddable":true,"href":"https:\/\/wijnhuis-mana.nl\/en\/wp-json\/wp\/v2\/comments?post=12038"}],"wp:featuredmedia":[{"embeddable":true,"href":"https:\/\/wijnhuis-mana.nl\/en\/wp-json\/wp\/v2\/media\/12774"}],"wp:attachment":[{"href":"https:\/\/wijnhuis-mana.nl\/en\/wp-json\/wp\/v2\/media?parent=12038"}],"wp:term":[{"taxonomy":"product_brand","embeddable":true,"href":"https:\/\/wijnhuis-mana.nl\/en\/wp-json\/wp\/v2\/product_brand?post=12038"},{"taxonomy":"product_cat","embeddable":true,"href":"https:\/\/wijnhuis-mana.nl\/en\/wp-json\/wp\/v2\/product_cat?post=12038"},{"taxonomy":"product_tag","embeddable":true,"href":"https:\/\/wijnhuis-mana.nl\/en\/wp-json\/wp\/v2\/product_tag?post=12038"}],"curies":[{"name":"wp","href":"https:\/\/api.w.org\/{rel}","templated":true}]}}