{"id":12059,"date":"2025-03-28T19:35:35","date_gmt":"2025-03-28T18:35:35","guid":{"rendered":"https:\/\/wijnhuis-mana.nl\/?post_type=product&#038;p=12059"},"modified":"2025-05-23T20:27:58","modified_gmt":"2025-05-23T18:27:58","slug":"wolfburn-sherry-oak-aurora","status":"publish","type":"product","link":"https:\/\/wijnhuis-mana.nl\/en\/product\/wolfburn-sherry-oak-aurora\/","title":{"rendered":"Wolfburn Sherry Oak Aurora"},"content":{"rendered":"<h3>Algemene informatie<\/h3>\n<p>Wolfburn Sherry Oak Aurora is een uitmuntende Schotse whisky, gedistilleerd in het noordelijkste deel van Schotland. Deze expressieve whisky wordt met uitgekiende zorg geproduceerd, waarbij enkel het puurste bronwater en gerst worden gebruikt. Deze unieke editie ondergaat een rijpingsproces in ex-sherry vaten, wat de whisky een bijzonder diep en rijk smaakprofiel biedt.<\/p>\n<h3>Smaakprofiel<\/h3>\n<p>Wolfburn Sherry Oak Aurora ontvouwt zich in het glas met een licht amberkleur. In de neus ontdekt u complexe aroma&#8217;s van gedroogd fruit, aangevuld door subtiele hints van vanille en een zweem van donkere chocolade. De smaak is rijk en vol, met een perfecte balans tussen zoete sherrytonen en de intrinsieke, licht rokerige karakteristieken van de Wolfburn distilleerstijl. De afdronk is lang en warm, met een blijvende zoetheid.<\/p>\n<h3>Serveeradvies<\/h3>\n<p>Wolfburn Sherry Oak Aurora is ideaal om puur of met een klein beetje water te genieten. Serveer deze bijzondere whisky op kamertemperatuur om de diepte van zijn aroma&#8217;s en smaken volledig te waarderen.<\/p>\n<ul>\n<li>Tijdens een rustige avond bij de open haard<\/li>\n<li>Als afsluiter van een fijn diner<\/li>\n<li>In combinatie met donkere chocolade of een rijke cheesecake<\/li>\n<\/ul>\n<h3>Weetje<\/h3>\n<p>De Wolfburn distilleerderij werd opgericht in 1821 bij de ru\u00efnes van een eerdere distilleerderij uit de 14e eeuw. De naam &#8216;Wolfburn&#8217; is afgeleid van het Schots-Gaelische \u2018burn\u2019, wat &#8216;stroom&#8217; betekent, verwijzend naar de waterbron die nog steeds gebruikt wordt in het productieproces.<\/p>\n","protected":false},"excerpt":{"rendered":"<p>Ontdek Wolfburn Sherry Oak Aurora, een Schotse whisky met rijke lagen van gedroogd fruit, vanille en donkere chocolade. Perfect voor een avond bij de open haard.<\/p>\n","protected":false},"featured_media":12802,"comment_status":"open","ping_status":"closed","template":"","meta":[],"product_brand":[],"product_cat":[2914],"product_tag":[540,803,868,832],"class_list":{"0":"post-12059","1":"product","2":"type-product","3":"status-publish","4":"has-post-thumbnail","6":"product_cat-whisky","7":"product_tag-gedistilleerd","8":"product_tag-houtrijping","9":"product_tag-whiskey","10":"product_tag-whisky","12":"first","13":"instock","14":"taxable","15":"shipping-taxable","16":"purchasable","17":"product-type-simple"},"yoast_head":"<!-- This site is optimized with the Yoast SEO Premium plugin v27.3 (Yoast SEO v27.3) - https:\/\/yoast.com\/product\/yoast-seo-premium-wordpress\/ -->\n<title>Wolfburn Sherry Oak Aurora - Premium Schotse Whisky<\/title>\n<meta name=\"description\" content=\"Proef de rijkdom van Wolfburn Sherry Oak Aurora, een Schotse whisky met complexe lagen van gedroogd fruit en chocolade. Ideaal voor liefhebbers van rijke, diepe smaken.\" \/>\n<meta name=\"robots\" content=\"index, follow, max-snippet:-1, max-image-preview:large, max-video-preview:-1\" \/>\n<link rel=\"canonical\" href=\"https:\/\/wijnhuis-mana.nl\/en\/product\/wolfburn-sherry-oak-aurora\/\" \/>\n<meta property=\"og:locale\" content=\"en_US\" \/>\n<meta property=\"og:type\" content=\"article\" \/>\n<meta property=\"og:title\" content=\"Wolfburn Sherry Oak Aurora\" \/>\n<meta property=\"og:description\" content=\"Proef de rijkdom van Wolfburn Sherry Oak Aurora, een Schotse whisky met complexe lagen van gedroogd fruit en chocolade. Ideaal voor liefhebbers van rijke, diepe smaken.\" \/>\n<meta property=\"og:url\" content=\"https:\/\/wijnhuis-mana.nl\/en\/product\/wolfburn-sherry-oak-aurora\/\" \/>\n<meta property=\"og:site_name\" content=\"Wijnhuis-Mana.nl\" \/>\n<meta property=\"article:publisher\" content=\"https:\/\/www.facebook.com\/wijnhuismana\" \/>\n<meta property=\"article:modified_time\" content=\"2025-05-23T18:27:58+00:00\" \/>\n<meta property=\"og:image\" content=\"https:\/\/wijnhuis-mana.nl\/wp-content\/uploads\/2025\/04\/Wolfburn-Sherry-Oak-Aurora.jpg\" \/>\n\t<meta property=\"og:image:width\" content=\"800\" \/>\n\t<meta property=\"og:image:height\" content=\"800\" \/>\n\t<meta property=\"og:image:type\" content=\"image\/jpeg\" \/>\n<meta name=\"twitter:card\" content=\"summary_large_image\" \/>\n<meta name=\"twitter:label1\" content=\"Price\" \/>\n\t<meta name=\"twitter:data1\" content=\"&euro;&nbsp;47,95\" \/>\n\t<meta name=\"twitter:label2\" content=\"Availability\" \/>\n\t<meta name=\"twitter:data2\" content=\"In stock\" \/>\n<script type=\"application\/ld+json\" class=\"yoast-schema-graph\">{\"@context\":\"https:\\\/\\\/schema.org\",\"@graph\":[{\"@type\":\"WebPage\",\"@id\":\"https:\\\/\\\/wijnhuis-mana.nl\\\/en\\\/product\\\/wolfburn-sherry-oak-aurora\\\/\",\"url\":\"https:\\\/\\\/wijnhuis-mana.nl\\\/en\\\/product\\\/wolfburn-sherry-oak-aurora\\\/\",\"name\":\"Wolfburn Sherry Oak Aurora - Premium Schotse Whisky\",\"isPartOf\":{\"@id\":\"https:\\\/\\\/wijnhuis-mana.nl\\\/en\\\/#website\"},\"primaryImageOfPage\":{\"@id\":\"https:\\\/\\\/wijnhuis-mana.nl\\\/en\\\/product\\\/wolfburn-sherry-oak-aurora\\\/#primaryimage\"},\"image\":{\"@id\":\"https:\\\/\\\/wijnhuis-mana.nl\\\/en\\\/product\\\/wolfburn-sherry-oak-aurora\\\/#primaryimage\"},\"thumbnailUrl\":\"https:\\\/\\\/wijnhuis-mana.nl\\\/wp-content\\\/uploads\\\/2025\\\/04\\\/Wolfburn-Sherry-Oak-Aurora.jpg\",\"datePublished\":\"2025-03-28T18:35:35+00:00\",\"dateModified\":\"2025-05-23T18:27:58+00:00\",\"description\":\"Proef de rijkdom van Wolfburn Sherry Oak Aurora, een Schotse whisky met complexe lagen van gedroogd fruit en chocolade. Ideaal voor liefhebbers van rijke, diepe smaken.\",\"breadcrumb\":{\"@id\":\"https:\\\/\\\/wijnhuis-mana.nl\\\/en\\\/product\\\/wolfburn-sherry-oak-aurora\\\/#breadcrumb\"},\"inLanguage\":\"en-US\",\"potentialAction\":[{\"@type\":\"ReadAction\",\"target\":[\"https:\\\/\\\/wijnhuis-mana.nl\\\/en\\\/product\\\/wolfburn-sherry-oak-aurora\\\/\"]}]},{\"@type\":\"ImageObject\",\"inLanguage\":\"en-US\",\"@id\":\"https:\\\/\\\/wijnhuis-mana.nl\\\/en\\\/product\\\/wolfburn-sherry-oak-aurora\\\/#primaryimage\",\"url\":\"https:\\\/\\\/wijnhuis-mana.nl\\\/wp-content\\\/uploads\\\/2025\\\/04\\\/Wolfburn-Sherry-Oak-Aurora.jpg\",\"contentUrl\":\"https:\\\/\\\/wijnhuis-mana.nl\\\/wp-content\\\/uploads\\\/2025\\\/04\\\/Wolfburn-Sherry-Oak-Aurora.jpg\",\"width\":800,\"height\":800,\"caption\":\"Proef de rijkdom van Wolfburn Sherry Oak Aurora, een Schotse whisky met complexe lagen van gedroogd fruit en chocolade. Ideaal voor liefhebbers van rijke, diepe smaken.\"},{\"@type\":\"BreadcrumbList\",\"@id\":\"https:\\\/\\\/wijnhuis-mana.nl\\\/en\\\/product\\\/wolfburn-sherry-oak-aurora\\\/#breadcrumb\",\"itemListElement\":[{\"@type\":\"ListItem\",\"position\":1,\"name\":\"Home\",\"item\":\"https:\\\/\\\/wijnhuis-mana.nl\\\/en\\\/\"},{\"@type\":\"ListItem\",\"position\":2,\"name\":\"Shop\",\"item\":\"https:\\\/\\\/wijnhuis-mana.nl\\\/en\\\/shop-2\\\/\"},{\"@type\":\"ListItem\",\"position\":3,\"name\":\"Wolfburn Sherry Oak Aurora\"}]},{\"@type\":\"WebSite\",\"@id\":\"https:\\\/\\\/wijnhuis-mana.nl\\\/en\\\/#website\",\"url\":\"https:\\\/\\\/wijnhuis-mana.nl\\\/en\\\/\",\"name\":\"Wijnhuis-Mana.nl\",\"description\":\"Wijn v\u00e1n liefhebbers, v\u00f3\u00f3r liefhebbers\",\"publisher\":{\"@id\":\"https:\\\/\\\/wijnhuis-mana.nl\\\/en\\\/#organization\"},\"potentialAction\":[{\"@type\":\"SearchAction\",\"target\":{\"@type\":\"EntryPoint\",\"urlTemplate\":\"https:\\\/\\\/wijnhuis-mana.nl\\\/en\\\/?s={search_term_string}\"},\"query-input\":{\"@type\":\"PropertyValueSpecification\",\"valueRequired\":true,\"valueName\":\"search_term_string\"}}],\"inLanguage\":\"en-US\"},{\"@type\":[\"Organization\",\"Place\"],\"@id\":\"https:\\\/\\\/wijnhuis-mana.nl\\\/en\\\/#organization\",\"name\":\"Wijnhuis-Mana.nl\",\"url\":\"https:\\\/\\\/wijnhuis-mana.nl\\\/en\\\/\",\"logo\":{\"@id\":\"https:\\\/\\\/wijnhuis-mana.nl\\\/en\\\/product\\\/wolfburn-sherry-oak-aurora\\\/#local-main-organization-logo\"},\"image\":{\"@id\":\"https:\\\/\\\/wijnhuis-mana.nl\\\/en\\\/product\\\/wolfburn-sherry-oak-aurora\\\/#local-main-organization-logo\"},\"sameAs\":[\"https:\\\/\\\/www.facebook.com\\\/wijnhuismana\",\"https:\\\/\\\/www.instagram.com\\\/ghvino.nl\"],\"hasMerchantReturnPolicy\":{\"@type\":\"MerchantReturnPolicy\",\"merchantReturnLink\":\"https:\\\/\\\/wijnhuis-mana.nl\\\/algemene-voorwaarden\\\/\"},\"address\":{\"@id\":\"https:\\\/\\\/wijnhuis-mana.nl\\\/en\\\/product\\\/wolfburn-sherry-oak-aurora\\\/#local-main-place-address\"},\"telephone\":[\"0299-769018\"],\"openingHoursSpecification\":[{\"@type\":\"OpeningHoursSpecification\",\"dayOfWeek\":[\"Monday\",\"Sunday\"],\"opens\":\"00:00\",\"closes\":\"00:00\"},{\"@type\":\"OpeningHoursSpecification\",\"dayOfWeek\":[\"Tuesday\"],\"opens\":\"10:00\",\"closes\":\"18:00\"},{\"@type\":\"OpeningHoursSpecification\",\"dayOfWeek\":[\"Wednesday\",\"Thursday\",\"Saturday\"],\"opens\":\"11:00\",\"closes\":\"18:00\"},{\"@type\":\"OpeningHoursSpecification\",\"dayOfWeek\":[\"Friday\"],\"opens\":\"11:00\",\"closes\":\"21:00\"}],\"email\":\"info@wijnhuis-mana.nl\",\"areaServed\":\"Nederland\",\"vatID\":\"NL58KNAB0255573782\",\"taxID\":\"NL58KNAB0255573782\"},{\"@type\":\"PostalAddress\",\"@id\":\"https:\\\/\\\/wijnhuis-mana.nl\\\/en\\\/product\\\/wolfburn-sherry-oak-aurora\\\/#local-main-place-address\",\"streetAddress\":\"Weerwal 11\",\"addressLocality\":\"Purmerend\",\"postalCode\":\"1441 AL\",\"addressRegion\":\"Noord-Holland\",\"addressCountry\":\"NL\"},{\"@type\":\"ImageObject\",\"inLanguage\":\"en-US\",\"@id\":\"https:\\\/\\\/wijnhuis-mana.nl\\\/en\\\/product\\\/wolfburn-sherry-oak-aurora\\\/#local-main-organization-logo\",\"url\":\"https:\\\/\\\/wijnhuis-mana.nl\\\/wp-content\\\/uploads\\\/2022\\\/01\\\/Logo_Wijnhuis-Mana_Kleur.jpg\",\"contentUrl\":\"https:\\\/\\\/wijnhuis-mana.nl\\\/wp-content\\\/uploads\\\/2022\\\/01\\\/Logo_Wijnhuis-Mana_Kleur.jpg\",\"width\":400,\"height\":111,\"caption\":\"Wijnhuis-Mana.nl\"}]}<\/script>\n<meta property=\"product:price:amount\" content=\"47.95\" \/>\n<meta property=\"product:price:currency\" content=\"EUR\" \/>\n<meta property=\"og:availability\" content=\"instock\" \/>\n<meta property=\"product:availability\" content=\"instock\" \/>\n<meta property=\"product:retailer_item_id\" content=\"634158496363\" \/>\n<meta property=\"product:condition\" content=\"new\" \/>\n<meta name=\"geo.placename\" content=\"Purmerend\" \/>\n<meta name=\"geo.region\" content=\"Netherlands\" \/>\n<!-- \/ Yoast SEO Premium plugin. -->","yoast_head_json":{"title":"Wolfburn Sherry Oak Aurora - Premium Schotse Whisky","description":"Proef de rijkdom van Wolfburn Sherry Oak Aurora, een Schotse whisky met complexe lagen van gedroogd fruit en chocolade. Ideaal voor liefhebbers van rijke, diepe smaken.","robots":{"index":"index","follow":"follow","max-snippet":"max-snippet:-1","max-image-preview":"max-image-preview:large","max-video-preview":"max-video-preview:-1"},"canonical":"https:\/\/wijnhuis-mana.nl\/en\/product\/wolfburn-sherry-oak-aurora\/","og_locale":"en_US","og_type":"article","og_title":"Wolfburn Sherry Oak Aurora","og_description":"Proef de rijkdom van Wolfburn Sherry Oak Aurora, een Schotse whisky met complexe lagen van gedroogd fruit en chocolade. Ideaal voor liefhebbers van rijke, diepe smaken.","og_url":"https:\/\/wijnhuis-mana.nl\/en\/product\/wolfburn-sherry-oak-aurora\/","og_site_name":"Wijnhuis-Mana.nl","article_publisher":"https:\/\/www.facebook.com\/wijnhuismana","article_modified_time":"2025-05-23T18:27:58+00:00","og_image":[{"width":800,"height":800,"url":"https:\/\/wijnhuis-mana.nl\/wp-content\/uploads\/2025\/04\/Wolfburn-Sherry-Oak-Aurora.jpg","type":"image\/jpeg"}],"twitter_card":"summary_large_image","twitter_misc":{"Price":"&euro;&nbsp;47,95","Availability":"In stock"},"schema":{"@context":"https:\/\/schema.org","@graph":[{"@type":"WebPage","@id":"https:\/\/wijnhuis-mana.nl\/en\/product\/wolfburn-sherry-oak-aurora\/","url":"https:\/\/wijnhuis-mana.nl\/en\/product\/wolfburn-sherry-oak-aurora\/","name":"Wolfburn Sherry Oak Aurora - Premium Schotse Whisky","isPartOf":{"@id":"https:\/\/wijnhuis-mana.nl\/en\/#website"},"primaryImageOfPage":{"@id":"https:\/\/wijnhuis-mana.nl\/en\/product\/wolfburn-sherry-oak-aurora\/#primaryimage"},"image":{"@id":"https:\/\/wijnhuis-mana.nl\/en\/product\/wolfburn-sherry-oak-aurora\/#primaryimage"},"thumbnailUrl":"https:\/\/wijnhuis-mana.nl\/wp-content\/uploads\/2025\/04\/Wolfburn-Sherry-Oak-Aurora.jpg","datePublished":"2025-03-28T18:35:35+00:00","dateModified":"2025-05-23T18:27:58+00:00","description":"Proef de rijkdom van Wolfburn Sherry Oak Aurora, een Schotse whisky met complexe lagen van gedroogd fruit en chocolade. Ideaal voor liefhebbers van rijke, diepe smaken.","breadcrumb":{"@id":"https:\/\/wijnhuis-mana.nl\/en\/product\/wolfburn-sherry-oak-aurora\/#breadcrumb"},"inLanguage":"en-US","potentialAction":[{"@type":"ReadAction","target":["https:\/\/wijnhuis-mana.nl\/en\/product\/wolfburn-sherry-oak-aurora\/"]}]},{"@type":"ImageObject","inLanguage":"en-US","@id":"https:\/\/wijnhuis-mana.nl\/en\/product\/wolfburn-sherry-oak-aurora\/#primaryimage","url":"https:\/\/wijnhuis-mana.nl\/wp-content\/uploads\/2025\/04\/Wolfburn-Sherry-Oak-Aurora.jpg","contentUrl":"https:\/\/wijnhuis-mana.nl\/wp-content\/uploads\/2025\/04\/Wolfburn-Sherry-Oak-Aurora.jpg","width":800,"height":800,"caption":"Proef de rijkdom van Wolfburn Sherry Oak Aurora, een Schotse whisky met complexe lagen van gedroogd fruit en chocolade. Ideaal voor liefhebbers van rijke, diepe smaken."},{"@type":"BreadcrumbList","@id":"https:\/\/wijnhuis-mana.nl\/en\/product\/wolfburn-sherry-oak-aurora\/#breadcrumb","itemListElement":[{"@type":"ListItem","position":1,"name":"Home","item":"https:\/\/wijnhuis-mana.nl\/en\/"},{"@type":"ListItem","position":2,"name":"Shop","item":"https:\/\/wijnhuis-mana.nl\/en\/shop-2\/"},{"@type":"ListItem","position":3,"name":"Wolfburn Sherry Oak Aurora"}]},{"@type":"WebSite","@id":"https:\/\/wijnhuis-mana.nl\/en\/#website","url":"https:\/\/wijnhuis-mana.nl\/en\/","name":"Wijnhuis-Mana.nl","description":"Wijn v\u00e1n liefhebbers, v\u00f3\u00f3r liefhebbers","publisher":{"@id":"https:\/\/wijnhuis-mana.nl\/en\/#organization"},"potentialAction":[{"@type":"SearchAction","target":{"@type":"EntryPoint","urlTemplate":"https:\/\/wijnhuis-mana.nl\/en\/?s={search_term_string}"},"query-input":{"@type":"PropertyValueSpecification","valueRequired":true,"valueName":"search_term_string"}}],"inLanguage":"en-US"},{"@type":["Organization","Place"],"@id":"https:\/\/wijnhuis-mana.nl\/en\/#organization","name":"Wijnhuis-Mana.nl","url":"https:\/\/wijnhuis-mana.nl\/en\/","logo":{"@id":"https:\/\/wijnhuis-mana.nl\/en\/product\/wolfburn-sherry-oak-aurora\/#local-main-organization-logo"},"image":{"@id":"https:\/\/wijnhuis-mana.nl\/en\/product\/wolfburn-sherry-oak-aurora\/#local-main-organization-logo"},"sameAs":["https:\/\/www.facebook.com\/wijnhuismana","https:\/\/www.instagram.com\/ghvino.nl"],"hasMerchantReturnPolicy":{"@type":"MerchantReturnPolicy","merchantReturnLink":"https:\/\/wijnhuis-mana.nl\/algemene-voorwaarden\/"},"address":{"@id":"https:\/\/wijnhuis-mana.nl\/en\/product\/wolfburn-sherry-oak-aurora\/#local-main-place-address"},"telephone":["0299-769018"],"openingHoursSpecification":[{"@type":"OpeningHoursSpecification","dayOfWeek":["Monday","Sunday"],"opens":"00:00","closes":"00:00"},{"@type":"OpeningHoursSpecification","dayOfWeek":["Tuesday"],"opens":"10:00","closes":"18:00"},{"@type":"OpeningHoursSpecification","dayOfWeek":["Wednesday","Thursday","Saturday"],"opens":"11:00","closes":"18:00"},{"@type":"OpeningHoursSpecification","dayOfWeek":["Friday"],"opens":"11:00","closes":"21:00"}],"email":"info@wijnhuis-mana.nl","areaServed":"Nederland","vatID":"NL58KNAB0255573782","taxID":"NL58KNAB0255573782"},{"@type":"PostalAddress","@id":"https:\/\/wijnhuis-mana.nl\/en\/product\/wolfburn-sherry-oak-aurora\/#local-main-place-address","streetAddress":"Weerwal 11","addressLocality":"Purmerend","postalCode":"1441 AL","addressRegion":"Noord-Holland","addressCountry":"NL"},{"@type":"ImageObject","inLanguage":"en-US","@id":"https:\/\/wijnhuis-mana.nl\/en\/product\/wolfburn-sherry-oak-aurora\/#local-main-organization-logo","url":"https:\/\/wijnhuis-mana.nl\/wp-content\/uploads\/2022\/01\/Logo_Wijnhuis-Mana_Kleur.jpg","contentUrl":"https:\/\/wijnhuis-mana.nl\/wp-content\/uploads\/2022\/01\/Logo_Wijnhuis-Mana_Kleur.jpg","width":400,"height":111,"caption":"Wijnhuis-Mana.nl"}]},"product_price_amount":"47.95","product_price_currency":"EUR","og_availability":"instock","product_availability":"instock","product_retailer_item_id":"634158496363","product_condition":"new","geo.placename":"Purmerend","geo.region":"Netherlands"},"post_mailing_queue_ids":[],"_links":{"self":[{"href":"https:\/\/wijnhuis-mana.nl\/en\/wp-json\/wp\/v2\/product\/12059","targetHints":{"allow":["GET"]}}],"collection":[{"href":"https:\/\/wijnhuis-mana.nl\/en\/wp-json\/wp\/v2\/product"}],"about":[{"href":"https:\/\/wijnhuis-mana.nl\/en\/wp-json\/wp\/v2\/types\/product"}],"replies":[{"embeddable":true,"href":"https:\/\/wijnhuis-mana.nl\/en\/wp-json\/wp\/v2\/comments?post=12059"}],"wp:featuredmedia":[{"embeddable":true,"href":"https:\/\/wijnhuis-mana.nl\/en\/wp-json\/wp\/v2\/media\/12802"}],"wp:attachment":[{"href":"https:\/\/wijnhuis-mana.nl\/en\/wp-json\/wp\/v2\/media?parent=12059"}],"wp:term":[{"taxonomy":"product_brand","embeddable":true,"href":"https:\/\/wijnhuis-mana.nl\/en\/wp-json\/wp\/v2\/product_brand?post=12059"},{"taxonomy":"product_cat","embeddable":true,"href":"https:\/\/wijnhuis-mana.nl\/en\/wp-json\/wp\/v2\/product_cat?post=12059"},{"taxonomy":"product_tag","embeddable":true,"href":"https:\/\/wijnhuis-mana.nl\/en\/wp-json\/wp\/v2\/product_tag?post=12059"}],"curies":[{"name":"wp","href":"https:\/\/api.w.org\/{rel}","templated":true}]}}