{"id":14480,"date":"2025-04-25T11:31:45","date_gmt":"2025-04-25T09:31:45","guid":{"rendered":"https:\/\/wijnhuis-mana.nl\/?post_type=product&#038;p=14480"},"modified":"2026-03-08T13:55:11","modified_gmt":"2026-03-08T12:55:11","slug":"domaine-tremeaux-pere-fils-mercurey-1er-cru-les-naugues","status":"publish","type":"product","link":"https:\/\/wijnhuis-mana.nl\/en\/product\/domaine-tremeaux-pere-fils-mercurey-1er-cru-les-naugues\/","title":{"rendered":"Domaine Tremeaux Pere &#038; Fils Mercurey 1er Cru &#8216;Les Naugues&#8217; 2019"},"content":{"rendered":"<h3 class=\"\" data-start=\"1081\" data-end=\"1106\">Algemene informatie<\/h3>\n<p class=\"\" data-start=\"1107\" data-end=\"1430\">Mercurey 1er Cru \u2018Les Naugues\u2019 2019 is een verfijnde rode Bourgogne van Domaine Tremeaux P\u00e8re &amp; Fils, gelegen in de C\u00f4te Chalonnaise. De wijn wordt volledig gemaakt van Pinot Noir en komt uit het erkende Premier Cru-climat \u2018Les Naugues\u2019, bekend om zijn kalk- en kleihoudende bodems en goede expositie.<\/p>\n<p class=\"\" data-start=\"1432\" data-end=\"1653\">De wijn wordt klassiek gevinifieerd en rijpt daarna deels in hout: 50% van de wijn rijpt in nieuwe eikenhouten vaten, wat de Pinot Noir een elegante structuur, kruidige finesse en mooi ge\u00efntegreerde houttonen geeft.<\/p>\n<p class=\"\" data-start=\"1655\" data-end=\"1862\">2019 was een uitstekend wijnjaar in Bourgogne, met perfecte rijpingscondities. Deze wijn combineert diepte met charme en biedt bovendien bewaarpotentieel van 7 tot 10 jaar onder goede omstandigheden.<\/p>\n<h3 class=\"\" data-start=\"1864\" data-end=\"1922\">Smaakprofiel van Mercurey 1er Cru \u2018Les Naugues\u2019 2019<\/h3>\n<ul data-start=\"1923\" data-end=\"2246\">\n<li class=\"\" data-start=\"1923\" data-end=\"1965\">\n<p class=\"\" data-start=\"1925\" data-end=\"1965\">Kleur: robijnrood met heldere rand<\/p>\n<\/li>\n<li class=\"\" data-start=\"1966\" data-end=\"2048\">\n<p class=\"\" data-start=\"1968\" data-end=\"2048\">Neus: fijne aroma\u2019s van rijpe kers, viooltjes, kruiden en lichte toast<\/p>\n<\/li>\n<li class=\"\" data-start=\"2049\" data-end=\"2179\">\n<p class=\"\" data-start=\"2051\" data-end=\"2179\">Smaak: soepel en verfijnd, met fluweelzachte tannines, sappig rood fruit en een subtiele toets van ceder en specerijen<\/p>\n<\/li>\n<li class=\"\" data-start=\"2180\" data-end=\"2246\">\n<p class=\"\" data-start=\"2182\" data-end=\"2246\">Afdronk: elegant, zacht en harmonieus met minerale ondertoon<\/p>\n<\/li>\n<\/ul>\n<h3 class=\"\" data-start=\"2248\" data-end=\"2267\">Serveeradvies<\/h3>\n<p class=\"\" data-start=\"2268\" data-end=\"2291\">Combineert perfect met:<\/p>\n<ul data-start=\"2293\" data-end=\"2472\">\n<li class=\"\" data-start=\"2293\" data-end=\"2337\">\n<p class=\"\" data-start=\"2295\" data-end=\"2337\">Gebraden gevogelte zoals eend of kwartel<\/p>\n<\/li>\n<li class=\"\" data-start=\"2338\" data-end=\"2376\">\n<p class=\"\" data-start=\"2340\" data-end=\"2376\">Geroosterde paddenstoelen met tijm<\/p>\n<\/li>\n<li class=\"\" data-start=\"2377\" data-end=\"2414\">\n<p class=\"\" data-start=\"2379\" data-end=\"2414\">Kalfsgebraad of fijne charcuterie<\/p>\n<\/li>\n<li class=\"\" data-start=\"2415\" data-end=\"2472\">\n<p class=\"\" data-start=\"2417\" data-end=\"2472\">Rijpe, romige kazen zoals brillat-savarin of chaource<\/p>\n<\/li>\n<\/ul>\n<p class=\"\" data-start=\"2474\" data-end=\"2532\">Serveer op 16\u201318 \u00b0C. Karafferen aanbevolen bij openen.<\/p>\n<blockquote data-start=\"2534\" data-end=\"2755\">\n<p class=\"\" data-start=\"2536\" data-end=\"2755\"><em data-start=\"2536\" data-end=\"2755\">Bij het openen kan de wijn aanvankelijk wat reductie tonen \u2013 een teken van zorgvuldig afgesloten rijping. Een korte beluchting (bijvoorbeeld karafferen) opent het bouquet volledig en laat de wijn tot zijn recht komen.<\/em><\/p>\n<\/blockquote>\n<h3 class=\"\" data-start=\"2757\" data-end=\"2769\">Weetje<\/h3>\n<p class=\"\" data-start=\"2770\" data-end=\"3129\">\u2018Les Naugues\u2019 behoort tot de beste Premier Cru-wijngaarden van Mercurey. Deze jaargang laat de verfijnde, fruitige kant van Pinot Noir zien, met tegelijk genoeg structuur voor veroudering. De combinatie van terroir, ambachtelijke vinificatie en gedeeltelijke rijping in nieuw Frans eiken maakt deze wijn tot een ware ontdekking binnen zijn klasse.<\/p>\n","protected":false},"excerpt":{"rendered":"<p>Domaine Tremeaux Mercurey 1er Cru \u2018Les Naugues\u2019 2019 is een elegante Pinot Noir uit Bourgogne. Rijping in 50% nieuw eiken geeft diepte aan het rode fruit en florale finesse. Prachtige balans met bewaarpotentieel.<\/p>\n<p>\nVivino score:<\/p>\n<div class=\"vivino-widget vivino-wine-card-widget\" data-vivino-widget-type=\"wineWithoutVintage\" data-vivino-wine-id=\"2564271\" data-make-vivino-redirect=\"true\" data-vivino-widget-language=\"en\" data-vivino-widget-layout=\"small_new\">\n  <a target=\"_blank\">Wine name<\/a>\n<\/div>\n","protected":false},"featured_media":14483,"comment_status":"open","ping_status":"closed","template":"","meta":[],"product_brand":[],"product_cat":[2888,2898,2889],"product_tag":[1194,1198,1197,1199,1195,952,1196,136],"class_list":{"0":"post-14480","1":"product","2":"type-product","3":"status-publish","4":"has-post-thumbnail","6":"product_cat-alle-wijn","7":"product_cat-franse-wijn","8":"product_cat-rode-wijn","9":"product_tag-bourgogne","10":"product_tag-cote-chalonnaise","11":"product_tag-domaine-tremeaux","12":"product_tag-eikenrijping","13":"product_tag-mercurey","14":"product_tag-pinot-noir","15":"product_tag-premier-cru","16":"product_tag-rode-wijn","18":"first","19":"instock","20":"taxable","21":"shipping-taxable","22":"purchasable","23":"product-type-simple"},"yoast_head":"<!-- This site is optimized with the Yoast SEO Premium plugin v27.3 (Yoast SEO v27.3) - https:\/\/yoast.com\/product\/yoast-seo-premium-wordpress\/ -->\n<title>Mercurey 1er Cru Les Naugues 2019 \u2013 Domaine Tremeaux<\/title>\n<meta name=\"description\" content=\"Mercurey 1er Cru Les Naugues 2019 van Domaine Tremeaux is elegant en krachtig. Rood fruit, kruidigheid en 50% nieuw eiken. Drink of bewaar.\" \/>\n<meta name=\"robots\" content=\"index, follow, max-snippet:-1, max-image-preview:large, max-video-preview:-1\" \/>\n<link rel=\"canonical\" href=\"https:\/\/wijnhuis-mana.nl\/en\/product\/domaine-tremeaux-pere-fils-mercurey-1er-cru-les-naugues\/\" \/>\n<meta property=\"og:locale\" content=\"en_US\" \/>\n<meta property=\"og:type\" content=\"article\" \/>\n<meta property=\"og:title\" content=\"Domaine Tremeaux Pere &amp; Fils Mercurey 1er Cru &#039;Les Naugues&#039; 2019\" \/>\n<meta property=\"og:description\" content=\"Mercurey 1er Cru Les Naugues 2019 van Domaine Tremeaux is elegant en krachtig. Rood fruit, kruidigheid en 50% nieuw eiken. Drink of bewaar.\" \/>\n<meta property=\"og:url\" content=\"https:\/\/wijnhuis-mana.nl\/en\/product\/domaine-tremeaux-pere-fils-mercurey-1er-cru-les-naugues\/\" \/>\n<meta property=\"og:site_name\" content=\"Wijnhuis-Mana.nl\" \/>\n<meta property=\"article:publisher\" content=\"https:\/\/www.facebook.com\/wijnhuismana\" \/>\n<meta property=\"article:modified_time\" content=\"2026-03-08T12:55:11+00:00\" \/>\n<meta property=\"og:image\" content=\"https:\/\/wijnhuis-mana.nl\/wp-content\/uploads\/2025\/04\/Domaine-Tremeaux-Pere-Fils-Mercurey-1er-Cru-Les-Naugues.jpg\" \/>\n\t<meta property=\"og:image:width\" content=\"800\" \/>\n\t<meta property=\"og:image:height\" content=\"800\" \/>\n\t<meta property=\"og:image:type\" content=\"image\/jpeg\" \/>\n<meta name=\"twitter:card\" content=\"summary_large_image\" \/>\n<meta name=\"twitter:label1\" content=\"Price\" \/>\n\t<meta name=\"twitter:data1\" content=\"&euro;&nbsp;34,25\" \/>\n\t<meta name=\"twitter:label2\" content=\"Availability\" \/>\n\t<meta name=\"twitter:data2\" content=\"In stock\" \/>\n<script type=\"application\/ld+json\" class=\"yoast-schema-graph\">{\"@context\":\"https:\\\/\\\/schema.org\",\"@graph\":[{\"@type\":\"WebPage\",\"@id\":\"https:\\\/\\\/wijnhuis-mana.nl\\\/en\\\/product\\\/domaine-tremeaux-pere-fils-mercurey-1er-cru-les-naugues\\\/\",\"url\":\"https:\\\/\\\/wijnhuis-mana.nl\\\/en\\\/product\\\/domaine-tremeaux-pere-fils-mercurey-1er-cru-les-naugues\\\/\",\"name\":\"Mercurey 1er Cru Les Naugues 2019 \u2013 Domaine Tremeaux\",\"isPartOf\":{\"@id\":\"https:\\\/\\\/wijnhuis-mana.nl\\\/en\\\/#website\"},\"primaryImageOfPage\":{\"@id\":\"https:\\\/\\\/wijnhuis-mana.nl\\\/en\\\/product\\\/domaine-tremeaux-pere-fils-mercurey-1er-cru-les-naugues\\\/#primaryimage\"},\"image\":{\"@id\":\"https:\\\/\\\/wijnhuis-mana.nl\\\/en\\\/product\\\/domaine-tremeaux-pere-fils-mercurey-1er-cru-les-naugues\\\/#primaryimage\"},\"thumbnailUrl\":\"https:\\\/\\\/wijnhuis-mana.nl\\\/wp-content\\\/uploads\\\/2025\\\/04\\\/Domaine-Tremeaux-Pere-Fils-Mercurey-1er-Cru-Les-Naugues.jpg\",\"datePublished\":\"2025-04-25T09:31:45+00:00\",\"dateModified\":\"2026-03-08T12:55:11+00:00\",\"description\":\"Mercurey 1er Cru Les Naugues 2019 van Domaine Tremeaux is elegant en krachtig. Rood fruit, kruidigheid en 50% nieuw eiken. Drink of bewaar.\",\"breadcrumb\":{\"@id\":\"https:\\\/\\\/wijnhuis-mana.nl\\\/en\\\/product\\\/domaine-tremeaux-pere-fils-mercurey-1er-cru-les-naugues\\\/#breadcrumb\"},\"inLanguage\":\"en-US\",\"potentialAction\":[{\"@type\":\"ReadAction\",\"target\":[\"https:\\\/\\\/wijnhuis-mana.nl\\\/en\\\/product\\\/domaine-tremeaux-pere-fils-mercurey-1er-cru-les-naugues\\\/\"]}]},{\"@type\":\"ImageObject\",\"inLanguage\":\"en-US\",\"@id\":\"https:\\\/\\\/wijnhuis-mana.nl\\\/en\\\/product\\\/domaine-tremeaux-pere-fils-mercurey-1er-cru-les-naugues\\\/#primaryimage\",\"url\":\"https:\\\/\\\/wijnhuis-mana.nl\\\/wp-content\\\/uploads\\\/2025\\\/04\\\/Domaine-Tremeaux-Pere-Fils-Mercurey-1er-Cru-Les-Naugues.jpg\",\"contentUrl\":\"https:\\\/\\\/wijnhuis-mana.nl\\\/wp-content\\\/uploads\\\/2025\\\/04\\\/Domaine-Tremeaux-Pere-Fils-Mercurey-1er-Cru-Les-Naugues.jpg\",\"width\":800,\"height\":800,\"caption\":\"Mercurey 1er Cru Les Naugues 2019 van Domaine Tremeaux\"},{\"@type\":\"BreadcrumbList\",\"@id\":\"https:\\\/\\\/wijnhuis-mana.nl\\\/en\\\/product\\\/domaine-tremeaux-pere-fils-mercurey-1er-cru-les-naugues\\\/#breadcrumb\",\"itemListElement\":[{\"@type\":\"ListItem\",\"position\":1,\"name\":\"Home\",\"item\":\"https:\\\/\\\/wijnhuis-mana.nl\\\/en\\\/\"},{\"@type\":\"ListItem\",\"position\":2,\"name\":\"Shop\",\"item\":\"https:\\\/\\\/wijnhuis-mana.nl\\\/en\\\/shop-2\\\/\"},{\"@type\":\"ListItem\",\"position\":3,\"name\":\"Domaine Tremeaux Pere &#038; Fils Mercurey 1er Cru &#8216;Les Naugues&#8217; 2019\"}]},{\"@type\":\"WebSite\",\"@id\":\"https:\\\/\\\/wijnhuis-mana.nl\\\/en\\\/#website\",\"url\":\"https:\\\/\\\/wijnhuis-mana.nl\\\/en\\\/\",\"name\":\"Wijnhuis-Mana.nl\",\"description\":\"Wijn v\u00e1n liefhebbers, v\u00f3\u00f3r liefhebbers\",\"publisher\":{\"@id\":\"https:\\\/\\\/wijnhuis-mana.nl\\\/en\\\/#organization\"},\"potentialAction\":[{\"@type\":\"SearchAction\",\"target\":{\"@type\":\"EntryPoint\",\"urlTemplate\":\"https:\\\/\\\/wijnhuis-mana.nl\\\/en\\\/?s={search_term_string}\"},\"query-input\":{\"@type\":\"PropertyValueSpecification\",\"valueRequired\":true,\"valueName\":\"search_term_string\"}}],\"inLanguage\":\"en-US\"},{\"@type\":[\"Organization\",\"Place\"],\"@id\":\"https:\\\/\\\/wijnhuis-mana.nl\\\/en\\\/#organization\",\"name\":\"Wijnhuis-Mana.nl\",\"url\":\"https:\\\/\\\/wijnhuis-mana.nl\\\/en\\\/\",\"logo\":{\"@id\":\"https:\\\/\\\/wijnhuis-mana.nl\\\/en\\\/product\\\/domaine-tremeaux-pere-fils-mercurey-1er-cru-les-naugues\\\/#local-main-organization-logo\"},\"image\":{\"@id\":\"https:\\\/\\\/wijnhuis-mana.nl\\\/en\\\/product\\\/domaine-tremeaux-pere-fils-mercurey-1er-cru-les-naugues\\\/#local-main-organization-logo\"},\"sameAs\":[\"https:\\\/\\\/www.facebook.com\\\/wijnhuismana\",\"https:\\\/\\\/www.instagram.com\\\/ghvino.nl\"],\"hasMerchantReturnPolicy\":{\"@type\":\"MerchantReturnPolicy\",\"merchantReturnLink\":\"https:\\\/\\\/wijnhuis-mana.nl\\\/algemene-voorwaarden\\\/\"},\"address\":{\"@id\":\"https:\\\/\\\/wijnhuis-mana.nl\\\/en\\\/product\\\/domaine-tremeaux-pere-fils-mercurey-1er-cru-les-naugues\\\/#local-main-place-address\"},\"telephone\":[\"0299-769018\"],\"openingHoursSpecification\":[{\"@type\":\"OpeningHoursSpecification\",\"dayOfWeek\":[\"Monday\",\"Sunday\"],\"opens\":\"00:00\",\"closes\":\"00:00\"},{\"@type\":\"OpeningHoursSpecification\",\"dayOfWeek\":[\"Tuesday\"],\"opens\":\"10:00\",\"closes\":\"18:00\"},{\"@type\":\"OpeningHoursSpecification\",\"dayOfWeek\":[\"Wednesday\",\"Thursday\",\"Saturday\"],\"opens\":\"11:00\",\"closes\":\"18:00\"},{\"@type\":\"OpeningHoursSpecification\",\"dayOfWeek\":[\"Friday\"],\"opens\":\"11:00\",\"closes\":\"21:00\"}],\"email\":\"info@wijnhuis-mana.nl\",\"areaServed\":\"Nederland\",\"vatID\":\"NL58KNAB0255573782\",\"taxID\":\"NL58KNAB0255573782\"},{\"@type\":\"PostalAddress\",\"@id\":\"https:\\\/\\\/wijnhuis-mana.nl\\\/en\\\/product\\\/domaine-tremeaux-pere-fils-mercurey-1er-cru-les-naugues\\\/#local-main-place-address\",\"streetAddress\":\"Weerwal 11\",\"addressLocality\":\"Purmerend\",\"postalCode\":\"1441 AL\",\"addressRegion\":\"Noord-Holland\",\"addressCountry\":\"NL\"},{\"@type\":\"ImageObject\",\"inLanguage\":\"en-US\",\"@id\":\"https:\\\/\\\/wijnhuis-mana.nl\\\/en\\\/product\\\/domaine-tremeaux-pere-fils-mercurey-1er-cru-les-naugues\\\/#local-main-organization-logo\",\"url\":\"https:\\\/\\\/wijnhuis-mana.nl\\\/wp-content\\\/uploads\\\/2022\\\/01\\\/Logo_Wijnhuis-Mana_Kleur.jpg\",\"contentUrl\":\"https:\\\/\\\/wijnhuis-mana.nl\\\/wp-content\\\/uploads\\\/2022\\\/01\\\/Logo_Wijnhuis-Mana_Kleur.jpg\",\"width\":400,\"height\":111,\"caption\":\"Wijnhuis-Mana.nl\"}]}<\/script>\n<meta property=\"product:price:amount\" content=\"34.25\" \/>\n<meta property=\"product:price:currency\" content=\"EUR\" \/>\n<meta property=\"og:availability\" content=\"instock\" \/>\n<meta property=\"product:availability\" content=\"instock\" \/>\n<meta property=\"product:retailer_item_id\" content=\"Tremeaux-Mercurey\" \/>\n<meta property=\"product:condition\" content=\"new\" \/>\n<meta name=\"geo.placename\" content=\"Purmerend\" \/>\n<meta name=\"geo.region\" content=\"Netherlands\" \/>\n<!-- \/ Yoast SEO Premium plugin. -->","yoast_head_json":{"title":"Mercurey 1er Cru Les Naugues 2019 \u2013 Domaine Tremeaux","description":"Mercurey 1er Cru Les Naugues 2019 van Domaine Tremeaux is elegant en krachtig. Rood fruit, kruidigheid en 50% nieuw eiken. Drink of bewaar.","robots":{"index":"index","follow":"follow","max-snippet":"max-snippet:-1","max-image-preview":"max-image-preview:large","max-video-preview":"max-video-preview:-1"},"canonical":"https:\/\/wijnhuis-mana.nl\/en\/product\/domaine-tremeaux-pere-fils-mercurey-1er-cru-les-naugues\/","og_locale":"en_US","og_type":"article","og_title":"Domaine Tremeaux Pere & Fils Mercurey 1er Cru 'Les Naugues' 2019","og_description":"Mercurey 1er Cru Les Naugues 2019 van Domaine Tremeaux is elegant en krachtig. Rood fruit, kruidigheid en 50% nieuw eiken. Drink of bewaar.","og_url":"https:\/\/wijnhuis-mana.nl\/en\/product\/domaine-tremeaux-pere-fils-mercurey-1er-cru-les-naugues\/","og_site_name":"Wijnhuis-Mana.nl","article_publisher":"https:\/\/www.facebook.com\/wijnhuismana","article_modified_time":"2026-03-08T12:55:11+00:00","og_image":[{"width":800,"height":800,"url":"https:\/\/wijnhuis-mana.nl\/wp-content\/uploads\/2025\/04\/Domaine-Tremeaux-Pere-Fils-Mercurey-1er-Cru-Les-Naugues.jpg","type":"image\/jpeg"}],"twitter_card":"summary_large_image","twitter_misc":{"Price":"&euro;&nbsp;34,25","Availability":"In stock"},"schema":{"@context":"https:\/\/schema.org","@graph":[{"@type":"WebPage","@id":"https:\/\/wijnhuis-mana.nl\/en\/product\/domaine-tremeaux-pere-fils-mercurey-1er-cru-les-naugues\/","url":"https:\/\/wijnhuis-mana.nl\/en\/product\/domaine-tremeaux-pere-fils-mercurey-1er-cru-les-naugues\/","name":"Mercurey 1er Cru Les Naugues 2019 \u2013 Domaine Tremeaux","isPartOf":{"@id":"https:\/\/wijnhuis-mana.nl\/en\/#website"},"primaryImageOfPage":{"@id":"https:\/\/wijnhuis-mana.nl\/en\/product\/domaine-tremeaux-pere-fils-mercurey-1er-cru-les-naugues\/#primaryimage"},"image":{"@id":"https:\/\/wijnhuis-mana.nl\/en\/product\/domaine-tremeaux-pere-fils-mercurey-1er-cru-les-naugues\/#primaryimage"},"thumbnailUrl":"https:\/\/wijnhuis-mana.nl\/wp-content\/uploads\/2025\/04\/Domaine-Tremeaux-Pere-Fils-Mercurey-1er-Cru-Les-Naugues.jpg","datePublished":"2025-04-25T09:31:45+00:00","dateModified":"2026-03-08T12:55:11+00:00","description":"Mercurey 1er Cru Les Naugues 2019 van Domaine Tremeaux is elegant en krachtig. Rood fruit, kruidigheid en 50% nieuw eiken. Drink of bewaar.","breadcrumb":{"@id":"https:\/\/wijnhuis-mana.nl\/en\/product\/domaine-tremeaux-pere-fils-mercurey-1er-cru-les-naugues\/#breadcrumb"},"inLanguage":"en-US","potentialAction":[{"@type":"ReadAction","target":["https:\/\/wijnhuis-mana.nl\/en\/product\/domaine-tremeaux-pere-fils-mercurey-1er-cru-les-naugues\/"]}]},{"@type":"ImageObject","inLanguage":"en-US","@id":"https:\/\/wijnhuis-mana.nl\/en\/product\/domaine-tremeaux-pere-fils-mercurey-1er-cru-les-naugues\/#primaryimage","url":"https:\/\/wijnhuis-mana.nl\/wp-content\/uploads\/2025\/04\/Domaine-Tremeaux-Pere-Fils-Mercurey-1er-Cru-Les-Naugues.jpg","contentUrl":"https:\/\/wijnhuis-mana.nl\/wp-content\/uploads\/2025\/04\/Domaine-Tremeaux-Pere-Fils-Mercurey-1er-Cru-Les-Naugues.jpg","width":800,"height":800,"caption":"Mercurey 1er Cru Les Naugues 2019 van Domaine Tremeaux"},{"@type":"BreadcrumbList","@id":"https:\/\/wijnhuis-mana.nl\/en\/product\/domaine-tremeaux-pere-fils-mercurey-1er-cru-les-naugues\/#breadcrumb","itemListElement":[{"@type":"ListItem","position":1,"name":"Home","item":"https:\/\/wijnhuis-mana.nl\/en\/"},{"@type":"ListItem","position":2,"name":"Shop","item":"https:\/\/wijnhuis-mana.nl\/en\/shop-2\/"},{"@type":"ListItem","position":3,"name":"Domaine Tremeaux Pere &#038; Fils Mercurey 1er Cru &#8216;Les Naugues&#8217; 2019"}]},{"@type":"WebSite","@id":"https:\/\/wijnhuis-mana.nl\/en\/#website","url":"https:\/\/wijnhuis-mana.nl\/en\/","name":"Wijnhuis-Mana.nl","description":"Wijn v\u00e1n liefhebbers, v\u00f3\u00f3r liefhebbers","publisher":{"@id":"https:\/\/wijnhuis-mana.nl\/en\/#organization"},"potentialAction":[{"@type":"SearchAction","target":{"@type":"EntryPoint","urlTemplate":"https:\/\/wijnhuis-mana.nl\/en\/?s={search_term_string}"},"query-input":{"@type":"PropertyValueSpecification","valueRequired":true,"valueName":"search_term_string"}}],"inLanguage":"en-US"},{"@type":["Organization","Place"],"@id":"https:\/\/wijnhuis-mana.nl\/en\/#organization","name":"Wijnhuis-Mana.nl","url":"https:\/\/wijnhuis-mana.nl\/en\/","logo":{"@id":"https:\/\/wijnhuis-mana.nl\/en\/product\/domaine-tremeaux-pere-fils-mercurey-1er-cru-les-naugues\/#local-main-organization-logo"},"image":{"@id":"https:\/\/wijnhuis-mana.nl\/en\/product\/domaine-tremeaux-pere-fils-mercurey-1er-cru-les-naugues\/#local-main-organization-logo"},"sameAs":["https:\/\/www.facebook.com\/wijnhuismana","https:\/\/www.instagram.com\/ghvino.nl"],"hasMerchantReturnPolicy":{"@type":"MerchantReturnPolicy","merchantReturnLink":"https:\/\/wijnhuis-mana.nl\/algemene-voorwaarden\/"},"address":{"@id":"https:\/\/wijnhuis-mana.nl\/en\/product\/domaine-tremeaux-pere-fils-mercurey-1er-cru-les-naugues\/#local-main-place-address"},"telephone":["0299-769018"],"openingHoursSpecification":[{"@type":"OpeningHoursSpecification","dayOfWeek":["Monday","Sunday"],"opens":"00:00","closes":"00:00"},{"@type":"OpeningHoursSpecification","dayOfWeek":["Tuesday"],"opens":"10:00","closes":"18:00"},{"@type":"OpeningHoursSpecification","dayOfWeek":["Wednesday","Thursday","Saturday"],"opens":"11:00","closes":"18:00"},{"@type":"OpeningHoursSpecification","dayOfWeek":["Friday"],"opens":"11:00","closes":"21:00"}],"email":"info@wijnhuis-mana.nl","areaServed":"Nederland","vatID":"NL58KNAB0255573782","taxID":"NL58KNAB0255573782"},{"@type":"PostalAddress","@id":"https:\/\/wijnhuis-mana.nl\/en\/product\/domaine-tremeaux-pere-fils-mercurey-1er-cru-les-naugues\/#local-main-place-address","streetAddress":"Weerwal 11","addressLocality":"Purmerend","postalCode":"1441 AL","addressRegion":"Noord-Holland","addressCountry":"NL"},{"@type":"ImageObject","inLanguage":"en-US","@id":"https:\/\/wijnhuis-mana.nl\/en\/product\/domaine-tremeaux-pere-fils-mercurey-1er-cru-les-naugues\/#local-main-organization-logo","url":"https:\/\/wijnhuis-mana.nl\/wp-content\/uploads\/2022\/01\/Logo_Wijnhuis-Mana_Kleur.jpg","contentUrl":"https:\/\/wijnhuis-mana.nl\/wp-content\/uploads\/2022\/01\/Logo_Wijnhuis-Mana_Kleur.jpg","width":400,"height":111,"caption":"Wijnhuis-Mana.nl"}]},"product_price_amount":"34.25","product_price_currency":"EUR","og_availability":"instock","product_availability":"instock","product_retailer_item_id":"Tremeaux-Mercurey","product_condition":"new","geo.placename":"Purmerend","geo.region":"Netherlands"},"post_mailing_queue_ids":[],"_links":{"self":[{"href":"https:\/\/wijnhuis-mana.nl\/en\/wp-json\/wp\/v2\/product\/14480","targetHints":{"allow":["GET"]}}],"collection":[{"href":"https:\/\/wijnhuis-mana.nl\/en\/wp-json\/wp\/v2\/product"}],"about":[{"href":"https:\/\/wijnhuis-mana.nl\/en\/wp-json\/wp\/v2\/types\/product"}],"replies":[{"embeddable":true,"href":"https:\/\/wijnhuis-mana.nl\/en\/wp-json\/wp\/v2\/comments?post=14480"}],"wp:featuredmedia":[{"embeddable":true,"href":"https:\/\/wijnhuis-mana.nl\/en\/wp-json\/wp\/v2\/media\/14483"}],"wp:attachment":[{"href":"https:\/\/wijnhuis-mana.nl\/en\/wp-json\/wp\/v2\/media?parent=14480"}],"wp:term":[{"taxonomy":"product_brand","embeddable":true,"href":"https:\/\/wijnhuis-mana.nl\/en\/wp-json\/wp\/v2\/product_brand?post=14480"},{"taxonomy":"product_cat","embeddable":true,"href":"https:\/\/wijnhuis-mana.nl\/en\/wp-json\/wp\/v2\/product_cat?post=14480"},{"taxonomy":"product_tag","embeddable":true,"href":"https:\/\/wijnhuis-mana.nl\/en\/wp-json\/wp\/v2\/product_tag?post=14480"}],"curies":[{"name":"wp","href":"https:\/\/api.w.org\/{rel}","templated":true}]}}