{"id":14612,"date":"2025-04-27T20:52:13","date_gmt":"2025-04-27T18:52:13","guid":{"rendered":"https:\/\/wijnhuis-mana.nl\/?post_type=product&#038;p=14612"},"modified":"2025-10-04T15:55:31","modified_gmt":"2025-10-04T13:55:31","slug":"kust-brouwers-licht-amber-bier","status":"publish","type":"product","link":"https:\/\/wijnhuis-mana.nl\/en\/product\/kust-brouwers-licht-amber-bier\/","title":{"rendered":"Kust Brouwers Licht Amber Bier"},"content":{"rendered":"<h3>Algemene informatie<\/h3>\n<p>Kust Brouwers Licht Amber Bier is geproduceerd met de grootste zorg en vakmanschap. Het unieke amberkleurige bier heeft zijn authentieke kleur te danken aan speciaal geselecteerde moutsoorten. De brouwmeesters van Kust Brouwers hebben met hun jarenlange ervaring en passie een bier gecre\u00eberd dat niet alleen verfrissend, maar ook rijk van smaak is. Dit bier is een ode aan de kust, ge\u00efnspireerd op de frisse zeewind en het vrije gevoel van de zee.<\/p>\n<h3>Smaakprofiel<\/h3>\n<p>Kust Brouwers Licht Amber Bier heeft een prachtige, licht amberkleurige gloed die perfect harmonieert met zijn aromatische boeket van licht geroosterde mouten. De smaak is een delicate balans tussen zoetheid en bitterheid, waarbij tonen van karamel subtiel naar voren komen, gevolgd door een zacht bittere afdronk. Het is een ware beleving voor de zintuigen.<\/p>\n<h3>Serveeradvies<\/h3>\n<p>Dit verfrissende bier is het beste te genieten op een temperatuur van ongeveer 6-8\u00b0C. Het past perfect bij lichte maaltijden en is ideaal tijdens de warmere dagen. Kust Brouwers Licht Amber Bier is uitstekend op zijn plaats bij een gezellige barbecue of net zo goed bij een formeel diner.<\/p>\n<ul>\n<li>Combineer met seafood, vooral gegrilde garnalen en verse salades.<\/li>\n<li>Serveer als aperitief bij een zomerse borrel.<\/li>\n<li>Perfect als begeleider van lichte pasta gerechten.<\/li>\n<\/ul>\n<h3>Weetje<\/h3>\n<p>De Kust Brouwers staan bekend om hun liefde voor de kust en dit wordt weerspiegeld in hun bieren. Elk bier uit hun assortiment is een reflectie van de kust, waarbij de frisse lucht en het vrije gevoel in elk glas teruggevonden kunnen worden. Dit Amber Bier is een van hun populairste bieren, geliefd bij locals en toeristen alike<\/p>\n","protected":false},"excerpt":{"rendered":"<p>Ontdek de verfrissende smaak van Kust Brouwers Licht Amber Bier; een perfecte harmonie van zoet en bitter, ge\u00efnspireerd door het vrije gevoel van de zee.<\/p>\n","protected":false},"featured_media":14932,"comment_status":"open","ping_status":"closed","template":"","meta":[],"product_brand":[],"product_cat":[2910,2903],"product_tag":[912],"class_list":{"0":"post-14612","1":"product","2":"type-product","3":"status-publish","4":"has-post-thumbnail","6":"product_cat-pils-lager","7":"product_cat-speciaalbier","8":"product_tag-speciaalbier","10":"first","11":"instock","12":"taxable","13":"shipping-taxable","14":"purchasable","15":"product-type-simple"},"yoast_head":"<!-- This site is optimized with the Yoast SEO Premium plugin v27.3 (Yoast SEO v27.3) - https:\/\/yoast.com\/product\/yoast-seo-premium-wordpress\/ -->\n<title>Kust Brouwers Licht Amber Bier - Verfrissend en Rijk<\/title>\n<meta name=\"description\" content=\"Ervaar Kust Brouwers Licht Amber Bier, een verfrissende smaak perfect voor elke gelegenheid. Prachtig amberkleurig met een zachte smaak van karamel.\" \/>\n<meta name=\"robots\" content=\"index, follow, max-snippet:-1, max-image-preview:large, max-video-preview:-1\" \/>\n<link rel=\"canonical\" href=\"https:\/\/wijnhuis-mana.nl\/en\/product\/kust-brouwers-licht-amber-bier\/\" \/>\n<meta property=\"og:locale\" content=\"en_US\" \/>\n<meta property=\"og:type\" content=\"article\" \/>\n<meta property=\"og:title\" content=\"Kust Brouwers Licht Amber Bier\" \/>\n<meta property=\"og:description\" content=\"Ervaar Kust Brouwers Licht Amber Bier, een verfrissende smaak perfect voor elke gelegenheid. Prachtig amberkleurig met een zachte smaak van karamel.\" \/>\n<meta property=\"og:url\" content=\"https:\/\/wijnhuis-mana.nl\/en\/product\/kust-brouwers-licht-amber-bier\/\" \/>\n<meta property=\"og:site_name\" content=\"Wijnhuis-Mana.nl\" \/>\n<meta property=\"article:publisher\" content=\"https:\/\/www.facebook.com\/wijnhuismana\" \/>\n<meta property=\"article:modified_time\" content=\"2025-10-04T13:55:31+00:00\" \/>\n<meta property=\"og:image\" content=\"https:\/\/wijnhuis-mana.nl\/wp-content\/uploads\/2025\/04\/Kust-Brouwers-Licht-Amber-Bier.jpg\" \/>\n\t<meta property=\"og:image:width\" content=\"800\" \/>\n\t<meta property=\"og:image:height\" content=\"800\" \/>\n\t<meta property=\"og:image:type\" content=\"image\/jpeg\" \/>\n<meta name=\"twitter:card\" content=\"summary_large_image\" \/>\n<meta name=\"twitter:label1\" content=\"Price\" \/>\n\t<meta name=\"twitter:data1\" content=\"&euro;&nbsp;3,25\" \/>\n\t<meta name=\"twitter:label2\" content=\"Availability\" \/>\n\t<meta name=\"twitter:data2\" content=\"In stock\" \/>\n<script type=\"application\/ld+json\" class=\"yoast-schema-graph\">{\"@context\":\"https:\\\/\\\/schema.org\",\"@graph\":[{\"@type\":\"WebPage\",\"@id\":\"https:\\\/\\\/wijnhuis-mana.nl\\\/en\\\/product\\\/kust-brouwers-licht-amber-bier\\\/\",\"url\":\"https:\\\/\\\/wijnhuis-mana.nl\\\/en\\\/product\\\/kust-brouwers-licht-amber-bier\\\/\",\"name\":\"Kust Brouwers Licht Amber Bier - Verfrissend en Rijk\",\"isPartOf\":{\"@id\":\"https:\\\/\\\/wijnhuis-mana.nl\\\/en\\\/#website\"},\"primaryImageOfPage\":{\"@id\":\"https:\\\/\\\/wijnhuis-mana.nl\\\/en\\\/product\\\/kust-brouwers-licht-amber-bier\\\/#primaryimage\"},\"image\":{\"@id\":\"https:\\\/\\\/wijnhuis-mana.nl\\\/en\\\/product\\\/kust-brouwers-licht-amber-bier\\\/#primaryimage\"},\"thumbnailUrl\":\"https:\\\/\\\/wijnhuis-mana.nl\\\/wp-content\\\/uploads\\\/2025\\\/04\\\/Kust-Brouwers-Licht-Amber-Bier.jpg\",\"datePublished\":\"2025-04-27T18:52:13+00:00\",\"dateModified\":\"2025-10-04T13:55:31+00:00\",\"description\":\"Ervaar Kust Brouwers Licht Amber Bier, een verfrissende smaak perfect voor elke gelegenheid. Prachtig amberkleurig met een zachte smaak van karamel.\",\"breadcrumb\":{\"@id\":\"https:\\\/\\\/wijnhuis-mana.nl\\\/en\\\/product\\\/kust-brouwers-licht-amber-bier\\\/#breadcrumb\"},\"inLanguage\":\"en-US\",\"potentialAction\":[{\"@type\":\"ReadAction\",\"target\":[\"https:\\\/\\\/wijnhuis-mana.nl\\\/en\\\/product\\\/kust-brouwers-licht-amber-bier\\\/\"]}]},{\"@type\":\"ImageObject\",\"inLanguage\":\"en-US\",\"@id\":\"https:\\\/\\\/wijnhuis-mana.nl\\\/en\\\/product\\\/kust-brouwers-licht-amber-bier\\\/#primaryimage\",\"url\":\"https:\\\/\\\/wijnhuis-mana.nl\\\/wp-content\\\/uploads\\\/2025\\\/04\\\/Kust-Brouwers-Licht-Amber-Bier.jpg\",\"contentUrl\":\"https:\\\/\\\/wijnhuis-mana.nl\\\/wp-content\\\/uploads\\\/2025\\\/04\\\/Kust-Brouwers-Licht-Amber-Bier.jpg\",\"width\":800,\"height\":800,\"caption\":\"Ervaar Kust Brouwers Licht Amber Bier, een verfrissende smaak perfect voor elke gelegenheid. Prachtig amberkleurig met een zachte smaak van karamel.\"},{\"@type\":\"BreadcrumbList\",\"@id\":\"https:\\\/\\\/wijnhuis-mana.nl\\\/en\\\/product\\\/kust-brouwers-licht-amber-bier\\\/#breadcrumb\",\"itemListElement\":[{\"@type\":\"ListItem\",\"position\":1,\"name\":\"Home\",\"item\":\"https:\\\/\\\/wijnhuis-mana.nl\\\/en\\\/\"},{\"@type\":\"ListItem\",\"position\":2,\"name\":\"Shop\",\"item\":\"https:\\\/\\\/wijnhuis-mana.nl\\\/en\\\/shop-2\\\/\"},{\"@type\":\"ListItem\",\"position\":3,\"name\":\"Kust Brouwers Licht Amber Bier\"}]},{\"@type\":\"WebSite\",\"@id\":\"https:\\\/\\\/wijnhuis-mana.nl\\\/en\\\/#website\",\"url\":\"https:\\\/\\\/wijnhuis-mana.nl\\\/en\\\/\",\"name\":\"Wijnhuis-Mana.nl\",\"description\":\"Wijn v\u00e1n liefhebbers, v\u00f3\u00f3r liefhebbers\",\"publisher\":{\"@id\":\"https:\\\/\\\/wijnhuis-mana.nl\\\/en\\\/#organization\"},\"potentialAction\":[{\"@type\":\"SearchAction\",\"target\":{\"@type\":\"EntryPoint\",\"urlTemplate\":\"https:\\\/\\\/wijnhuis-mana.nl\\\/en\\\/?s={search_term_string}\"},\"query-input\":{\"@type\":\"PropertyValueSpecification\",\"valueRequired\":true,\"valueName\":\"search_term_string\"}}],\"inLanguage\":\"en-US\"},{\"@type\":[\"Organization\",\"Place\"],\"@id\":\"https:\\\/\\\/wijnhuis-mana.nl\\\/en\\\/#organization\",\"name\":\"Wijnhuis-Mana.nl\",\"url\":\"https:\\\/\\\/wijnhuis-mana.nl\\\/en\\\/\",\"logo\":{\"@id\":\"https:\\\/\\\/wijnhuis-mana.nl\\\/en\\\/product\\\/kust-brouwers-licht-amber-bier\\\/#local-main-organization-logo\"},\"image\":{\"@id\":\"https:\\\/\\\/wijnhuis-mana.nl\\\/en\\\/product\\\/kust-brouwers-licht-amber-bier\\\/#local-main-organization-logo\"},\"sameAs\":[\"https:\\\/\\\/www.facebook.com\\\/wijnhuismana\",\"https:\\\/\\\/www.instagram.com\\\/ghvino.nl\"],\"hasMerchantReturnPolicy\":{\"@type\":\"MerchantReturnPolicy\",\"merchantReturnLink\":\"https:\\\/\\\/wijnhuis-mana.nl\\\/algemene-voorwaarden\\\/\"},\"address\":{\"@id\":\"https:\\\/\\\/wijnhuis-mana.nl\\\/en\\\/product\\\/kust-brouwers-licht-amber-bier\\\/#local-main-place-address\"},\"telephone\":[\"0299-769018\"],\"openingHoursSpecification\":[{\"@type\":\"OpeningHoursSpecification\",\"dayOfWeek\":[\"Monday\",\"Sunday\"],\"opens\":\"00:00\",\"closes\":\"00:00\"},{\"@type\":\"OpeningHoursSpecification\",\"dayOfWeek\":[\"Tuesday\"],\"opens\":\"10:00\",\"closes\":\"18:00\"},{\"@type\":\"OpeningHoursSpecification\",\"dayOfWeek\":[\"Wednesday\",\"Thursday\",\"Saturday\"],\"opens\":\"11:00\",\"closes\":\"18:00\"},{\"@type\":\"OpeningHoursSpecification\",\"dayOfWeek\":[\"Friday\"],\"opens\":\"11:00\",\"closes\":\"21:00\"}],\"email\":\"info@wijnhuis-mana.nl\",\"areaServed\":\"Nederland\",\"vatID\":\"NL58KNAB0255573782\",\"taxID\":\"NL58KNAB0255573782\"},{\"@type\":\"PostalAddress\",\"@id\":\"https:\\\/\\\/wijnhuis-mana.nl\\\/en\\\/product\\\/kust-brouwers-licht-amber-bier\\\/#local-main-place-address\",\"streetAddress\":\"Weerwal 11\",\"addressLocality\":\"Purmerend\",\"postalCode\":\"1441 AL\",\"addressRegion\":\"Noord-Holland\",\"addressCountry\":\"NL\"},{\"@type\":\"ImageObject\",\"inLanguage\":\"en-US\",\"@id\":\"https:\\\/\\\/wijnhuis-mana.nl\\\/en\\\/product\\\/kust-brouwers-licht-amber-bier\\\/#local-main-organization-logo\",\"url\":\"https:\\\/\\\/wijnhuis-mana.nl\\\/wp-content\\\/uploads\\\/2022\\\/01\\\/Logo_Wijnhuis-Mana_Kleur.jpg\",\"contentUrl\":\"https:\\\/\\\/wijnhuis-mana.nl\\\/wp-content\\\/uploads\\\/2022\\\/01\\\/Logo_Wijnhuis-Mana_Kleur.jpg\",\"width\":400,\"height\":111,\"caption\":\"Wijnhuis-Mana.nl\"}]}<\/script>\n<meta property=\"product:price:amount\" content=\"3.25\" \/>\n<meta property=\"product:price:currency\" content=\"EUR\" \/>\n<meta property=\"og:availability\" content=\"instock\" \/>\n<meta property=\"product:availability\" content=\"instock\" \/>\n<meta property=\"product:retailer_item_id\" content=\"8720892543417\" \/>\n<meta property=\"product:condition\" content=\"new\" \/>\n<meta name=\"geo.placename\" content=\"Purmerend\" \/>\n<meta name=\"geo.region\" content=\"Netherlands\" \/>\n<!-- \/ Yoast SEO Premium plugin. -->","yoast_head_json":{"title":"Kust Brouwers Licht Amber Bier - Verfrissend en Rijk","description":"Ervaar Kust Brouwers Licht Amber Bier, een verfrissende smaak perfect voor elke gelegenheid. Prachtig amberkleurig met een zachte smaak van karamel.","robots":{"index":"index","follow":"follow","max-snippet":"max-snippet:-1","max-image-preview":"max-image-preview:large","max-video-preview":"max-video-preview:-1"},"canonical":"https:\/\/wijnhuis-mana.nl\/en\/product\/kust-brouwers-licht-amber-bier\/","og_locale":"en_US","og_type":"article","og_title":"Kust Brouwers Licht Amber Bier","og_description":"Ervaar Kust Brouwers Licht Amber Bier, een verfrissende smaak perfect voor elke gelegenheid. Prachtig amberkleurig met een zachte smaak van karamel.","og_url":"https:\/\/wijnhuis-mana.nl\/en\/product\/kust-brouwers-licht-amber-bier\/","og_site_name":"Wijnhuis-Mana.nl","article_publisher":"https:\/\/www.facebook.com\/wijnhuismana","article_modified_time":"2025-10-04T13:55:31+00:00","og_image":[{"width":800,"height":800,"url":"https:\/\/wijnhuis-mana.nl\/wp-content\/uploads\/2025\/04\/Kust-Brouwers-Licht-Amber-Bier.jpg","type":"image\/jpeg"}],"twitter_card":"summary_large_image","twitter_misc":{"Price":"&euro;&nbsp;3,25","Availability":"In stock"},"schema":{"@context":"https:\/\/schema.org","@graph":[{"@type":"WebPage","@id":"https:\/\/wijnhuis-mana.nl\/en\/product\/kust-brouwers-licht-amber-bier\/","url":"https:\/\/wijnhuis-mana.nl\/en\/product\/kust-brouwers-licht-amber-bier\/","name":"Kust Brouwers Licht Amber Bier - Verfrissend en Rijk","isPartOf":{"@id":"https:\/\/wijnhuis-mana.nl\/en\/#website"},"primaryImageOfPage":{"@id":"https:\/\/wijnhuis-mana.nl\/en\/product\/kust-brouwers-licht-amber-bier\/#primaryimage"},"image":{"@id":"https:\/\/wijnhuis-mana.nl\/en\/product\/kust-brouwers-licht-amber-bier\/#primaryimage"},"thumbnailUrl":"https:\/\/wijnhuis-mana.nl\/wp-content\/uploads\/2025\/04\/Kust-Brouwers-Licht-Amber-Bier.jpg","datePublished":"2025-04-27T18:52:13+00:00","dateModified":"2025-10-04T13:55:31+00:00","description":"Ervaar Kust Brouwers Licht Amber Bier, een verfrissende smaak perfect voor elke gelegenheid. Prachtig amberkleurig met een zachte smaak van karamel.","breadcrumb":{"@id":"https:\/\/wijnhuis-mana.nl\/en\/product\/kust-brouwers-licht-amber-bier\/#breadcrumb"},"inLanguage":"en-US","potentialAction":[{"@type":"ReadAction","target":["https:\/\/wijnhuis-mana.nl\/en\/product\/kust-brouwers-licht-amber-bier\/"]}]},{"@type":"ImageObject","inLanguage":"en-US","@id":"https:\/\/wijnhuis-mana.nl\/en\/product\/kust-brouwers-licht-amber-bier\/#primaryimage","url":"https:\/\/wijnhuis-mana.nl\/wp-content\/uploads\/2025\/04\/Kust-Brouwers-Licht-Amber-Bier.jpg","contentUrl":"https:\/\/wijnhuis-mana.nl\/wp-content\/uploads\/2025\/04\/Kust-Brouwers-Licht-Amber-Bier.jpg","width":800,"height":800,"caption":"Ervaar Kust Brouwers Licht Amber Bier, een verfrissende smaak perfect voor elke gelegenheid. Prachtig amberkleurig met een zachte smaak van karamel."},{"@type":"BreadcrumbList","@id":"https:\/\/wijnhuis-mana.nl\/en\/product\/kust-brouwers-licht-amber-bier\/#breadcrumb","itemListElement":[{"@type":"ListItem","position":1,"name":"Home","item":"https:\/\/wijnhuis-mana.nl\/en\/"},{"@type":"ListItem","position":2,"name":"Shop","item":"https:\/\/wijnhuis-mana.nl\/en\/shop-2\/"},{"@type":"ListItem","position":3,"name":"Kust Brouwers Licht Amber Bier"}]},{"@type":"WebSite","@id":"https:\/\/wijnhuis-mana.nl\/en\/#website","url":"https:\/\/wijnhuis-mana.nl\/en\/","name":"Wijnhuis-Mana.nl","description":"Wijn v\u00e1n liefhebbers, v\u00f3\u00f3r liefhebbers","publisher":{"@id":"https:\/\/wijnhuis-mana.nl\/en\/#organization"},"potentialAction":[{"@type":"SearchAction","target":{"@type":"EntryPoint","urlTemplate":"https:\/\/wijnhuis-mana.nl\/en\/?s={search_term_string}"},"query-input":{"@type":"PropertyValueSpecification","valueRequired":true,"valueName":"search_term_string"}}],"inLanguage":"en-US"},{"@type":["Organization","Place"],"@id":"https:\/\/wijnhuis-mana.nl\/en\/#organization","name":"Wijnhuis-Mana.nl","url":"https:\/\/wijnhuis-mana.nl\/en\/","logo":{"@id":"https:\/\/wijnhuis-mana.nl\/en\/product\/kust-brouwers-licht-amber-bier\/#local-main-organization-logo"},"image":{"@id":"https:\/\/wijnhuis-mana.nl\/en\/product\/kust-brouwers-licht-amber-bier\/#local-main-organization-logo"},"sameAs":["https:\/\/www.facebook.com\/wijnhuismana","https:\/\/www.instagram.com\/ghvino.nl"],"hasMerchantReturnPolicy":{"@type":"MerchantReturnPolicy","merchantReturnLink":"https:\/\/wijnhuis-mana.nl\/algemene-voorwaarden\/"},"address":{"@id":"https:\/\/wijnhuis-mana.nl\/en\/product\/kust-brouwers-licht-amber-bier\/#local-main-place-address"},"telephone":["0299-769018"],"openingHoursSpecification":[{"@type":"OpeningHoursSpecification","dayOfWeek":["Monday","Sunday"],"opens":"00:00","closes":"00:00"},{"@type":"OpeningHoursSpecification","dayOfWeek":["Tuesday"],"opens":"10:00","closes":"18:00"},{"@type":"OpeningHoursSpecification","dayOfWeek":["Wednesday","Thursday","Saturday"],"opens":"11:00","closes":"18:00"},{"@type":"OpeningHoursSpecification","dayOfWeek":["Friday"],"opens":"11:00","closes":"21:00"}],"email":"info@wijnhuis-mana.nl","areaServed":"Nederland","vatID":"NL58KNAB0255573782","taxID":"NL58KNAB0255573782"},{"@type":"PostalAddress","@id":"https:\/\/wijnhuis-mana.nl\/en\/product\/kust-brouwers-licht-amber-bier\/#local-main-place-address","streetAddress":"Weerwal 11","addressLocality":"Purmerend","postalCode":"1441 AL","addressRegion":"Noord-Holland","addressCountry":"NL"},{"@type":"ImageObject","inLanguage":"en-US","@id":"https:\/\/wijnhuis-mana.nl\/en\/product\/kust-brouwers-licht-amber-bier\/#local-main-organization-logo","url":"https:\/\/wijnhuis-mana.nl\/wp-content\/uploads\/2022\/01\/Logo_Wijnhuis-Mana_Kleur.jpg","contentUrl":"https:\/\/wijnhuis-mana.nl\/wp-content\/uploads\/2022\/01\/Logo_Wijnhuis-Mana_Kleur.jpg","width":400,"height":111,"caption":"Wijnhuis-Mana.nl"}]},"product_price_amount":"3.25","product_price_currency":"EUR","og_availability":"instock","product_availability":"instock","product_retailer_item_id":"8720892543417","product_condition":"new","geo.placename":"Purmerend","geo.region":"Netherlands"},"post_mailing_queue_ids":[],"_links":{"self":[{"href":"https:\/\/wijnhuis-mana.nl\/en\/wp-json\/wp\/v2\/product\/14612","targetHints":{"allow":["GET"]}}],"collection":[{"href":"https:\/\/wijnhuis-mana.nl\/en\/wp-json\/wp\/v2\/product"}],"about":[{"href":"https:\/\/wijnhuis-mana.nl\/en\/wp-json\/wp\/v2\/types\/product"}],"replies":[{"embeddable":true,"href":"https:\/\/wijnhuis-mana.nl\/en\/wp-json\/wp\/v2\/comments?post=14612"}],"wp:featuredmedia":[{"embeddable":true,"href":"https:\/\/wijnhuis-mana.nl\/en\/wp-json\/wp\/v2\/media\/14932"}],"wp:attachment":[{"href":"https:\/\/wijnhuis-mana.nl\/en\/wp-json\/wp\/v2\/media?parent=14612"}],"wp:term":[{"taxonomy":"product_brand","embeddable":true,"href":"https:\/\/wijnhuis-mana.nl\/en\/wp-json\/wp\/v2\/product_brand?post=14612"},{"taxonomy":"product_cat","embeddable":true,"href":"https:\/\/wijnhuis-mana.nl\/en\/wp-json\/wp\/v2\/product_cat?post=14612"},{"taxonomy":"product_tag","embeddable":true,"href":"https:\/\/wijnhuis-mana.nl\/en\/wp-json\/wp\/v2\/product_tag?post=14612"}],"curies":[{"name":"wp","href":"https:\/\/api.w.org\/{rel}","templated":true}]}}