{"id":14625,"date":"2025-04-27T21:03:27","date_gmt":"2025-04-27T19:03:27","guid":{"rendered":"https:\/\/wijnhuis-mana.nl\/?post_type=product&#038;p=14625"},"modified":"2025-12-09T12:35:36","modified_gmt":"2025-12-09T11:35:36","slug":"brouwerij-volendam-vd-ruige-rus-bourbon-barrel-aged-stout","status":"publish","type":"product","link":"https:\/\/wijnhuis-mana.nl\/en\/product\/brouwerij-volendam-vd-ruige-rus-bourbon-barrel-aged-stout\/","title":{"rendered":"Brouwerij Volendam VD Ruige Rus Bourbon Barrel Aged Russian Imperial Stout"},"content":{"rendered":"<h3>Algemene informatie<\/h3>\n<p>Brouwerij Volendam heeft met de VD Ruige Rus een uitstekend voorbeeld van een Russian Imperial Stout dat rijpte op bourbon vaten. Dit bier typeert zich door het gebruik van gebrande mouten, wat zorgt voor diepe, complexe smaken. De rijping op bourbon vaten voegt een extra laag van vanille, hout en een hint van whiskey toe. Vervaardigd in Nederland, combineert het traditioneel vakmanschap met een eigentijdse twist.<\/p>\n<h3>Smaakprofiel<\/h3>\n<p>VD Ruige Rus openbaart een diepzwarte kleur met een stevige, bruine schuimkraag. Aroma&#8217;s van donkere chocolade, koffie en gedroogde vruchten maken de eerste indruk, gevolgd door subtiele tonen van vanille en eikenhout van de bourbon vaten. De smaak is rijk en vol, met een uitgebalanceerde zoetheid en een krachtige afdronk.<\/p>\n<h3>Serveeradvies<\/h3>\n<p>Serveer dit imposante bier op een temperatuur van ongeveer 12\u00b0C. Het past perfect bij rijke desserts zoals chocolade fondant of als begeleiding van een stevig stuk rood vlees of wild.<\/p>\n<ul>\n<li>Serveer bij chocolademousse voor een decadente ervaring<\/li>\n<li>Combineer met een stoofpot van hert voor een hartelijke wintermaaltijd<\/li>\n<li>Perfect als afsluiter bij een kaasplank met sterke, oude kazen<\/li>\n<\/ul>\n<h3>Weetje<\/h3>\n<p>De VD Ruige Rus van Brouwerij Volendam onderscheidt zich niet alleen door zijn volle smaak, maar ook door het unieke rijpingsproces op bourbon vaten. Dit proces, meestal voorbehouden voor sterke dranken en wijn, geeft het bier een unieke identiteit en diepgang die bij traditionele bieren minder voorkomend zijn.<\/p>\n","protected":false},"excerpt":{"rendered":"<p>Ervaar de intense smaken van Brouwerij Volendam&#8217;s VD Ruige Rus, een Russian Imperial Stout gerijpt op bourbon vaten. Diepe tonen van chocolade, koffie en vanille maken elk slok memorabel.<\/p>\n","protected":false},"featured_media":14743,"comment_status":"open","ping_status":"closed","template":"","meta":[],"product_brand":[],"product_cat":[2903],"product_tag":[912],"class_list":{"0":"post-14625","1":"product","2":"type-product","3":"status-publish","4":"has-post-thumbnail","6":"product_cat-speciaalbier","7":"product_tag-speciaalbier","9":"first","10":"outofstock","11":"taxable","12":"shipping-taxable","13":"purchasable","14":"product-type-simple"},"yoast_head":"<!-- This site is optimized with the Yoast SEO Premium plugin v27.3 (Yoast SEO v27.3) - https:\/\/yoast.com\/product\/yoast-seo-premium-wordpress\/ -->\n<title>Brouwerij Volendam VD Ruige Rus | Bourbon Barrel Aged Stout<\/title>\n<meta name=\"description\" content=\"Ontdek Brouwerij Volendam&#039;s VD Ruige Rus, een Russian Imperial Stout gerijpt op bourbon vaten, met rijke tonen van chocolade, vanille en eikenhout.\" \/>\n<meta name=\"robots\" content=\"index, follow, max-snippet:-1, max-image-preview:large, max-video-preview:-1\" \/>\n<link rel=\"canonical\" href=\"https:\/\/wijnhuis-mana.nl\/en\/product\/brouwerij-volendam-vd-ruige-rus-bourbon-barrel-aged-stout\/\" \/>\n<meta property=\"og:locale\" content=\"en_US\" \/>\n<meta property=\"og:type\" content=\"article\" \/>\n<meta property=\"og:title\" content=\"Brouwerij Volendam VD Ruige Rus Bourbon Barrel Aged Russian Imperial Stout\" \/>\n<meta property=\"og:description\" content=\"Ontdek Brouwerij Volendam&#039;s VD Ruige Rus, een Russian Imperial Stout gerijpt op bourbon vaten, met rijke tonen van chocolade, vanille en eikenhout.\" \/>\n<meta property=\"og:url\" content=\"https:\/\/wijnhuis-mana.nl\/en\/product\/brouwerij-volendam-vd-ruige-rus-bourbon-barrel-aged-stout\/\" \/>\n<meta property=\"og:site_name\" content=\"Wijnhuis-Mana.nl\" \/>\n<meta property=\"article:publisher\" content=\"https:\/\/www.facebook.com\/wijnhuismana\" \/>\n<meta property=\"article:modified_time\" content=\"2025-12-09T11:35:36+00:00\" \/>\n<meta property=\"og:image\" content=\"https:\/\/wijnhuis-mana.nl\/wp-content\/uploads\/2025\/05\/Brouwerij-Volendam-VD-Ruige-Rus-Bourbon-Barrel-Aged-Russian-Imperial-Stout.jpg\" \/>\n\t<meta property=\"og:image:width\" content=\"800\" \/>\n\t<meta property=\"og:image:height\" content=\"800\" \/>\n\t<meta property=\"og:image:type\" content=\"image\/jpeg\" \/>\n<meta name=\"twitter:card\" content=\"summary_large_image\" \/>\n<meta name=\"twitter:label1\" content=\"Price\" \/>\n\t<meta name=\"twitter:data1\" content=\"&euro;&nbsp;6,75\" \/>\n\t<meta name=\"twitter:label2\" content=\"Availability\" \/>\n\t<meta name=\"twitter:data2\" content=\"Out of stock\" \/>\n<script type=\"application\/ld+json\" class=\"yoast-schema-graph\">{\"@context\":\"https:\\\/\\\/schema.org\",\"@graph\":[{\"@type\":\"WebPage\",\"@id\":\"https:\\\/\\\/wijnhuis-mana.nl\\\/en\\\/product\\\/brouwerij-volendam-vd-ruige-rus-bourbon-barrel-aged-stout\\\/\",\"url\":\"https:\\\/\\\/wijnhuis-mana.nl\\\/en\\\/product\\\/brouwerij-volendam-vd-ruige-rus-bourbon-barrel-aged-stout\\\/\",\"name\":\"Brouwerij Volendam VD Ruige Rus | Bourbon Barrel Aged Stout\",\"isPartOf\":{\"@id\":\"https:\\\/\\\/wijnhuis-mana.nl\\\/en\\\/#website\"},\"primaryImageOfPage\":{\"@id\":\"https:\\\/\\\/wijnhuis-mana.nl\\\/en\\\/product\\\/brouwerij-volendam-vd-ruige-rus-bourbon-barrel-aged-stout\\\/#primaryimage\"},\"image\":{\"@id\":\"https:\\\/\\\/wijnhuis-mana.nl\\\/en\\\/product\\\/brouwerij-volendam-vd-ruige-rus-bourbon-barrel-aged-stout\\\/#primaryimage\"},\"thumbnailUrl\":\"https:\\\/\\\/wijnhuis-mana.nl\\\/wp-content\\\/uploads\\\/2025\\\/05\\\/Brouwerij-Volendam-VD-Ruige-Rus-Bourbon-Barrel-Aged-Russian-Imperial-Stout.jpg\",\"datePublished\":\"2025-04-27T19:03:27+00:00\",\"dateModified\":\"2025-12-09T11:35:36+00:00\",\"description\":\"Ontdek Brouwerij Volendam's VD Ruige Rus, een Russian Imperial Stout gerijpt op bourbon vaten, met rijke tonen van chocolade, vanille en eikenhout.\",\"breadcrumb\":{\"@id\":\"https:\\\/\\\/wijnhuis-mana.nl\\\/en\\\/product\\\/brouwerij-volendam-vd-ruige-rus-bourbon-barrel-aged-stout\\\/#breadcrumb\"},\"inLanguage\":\"en-US\",\"potentialAction\":[{\"@type\":\"ReadAction\",\"target\":[\"https:\\\/\\\/wijnhuis-mana.nl\\\/en\\\/product\\\/brouwerij-volendam-vd-ruige-rus-bourbon-barrel-aged-stout\\\/\"]}]},{\"@type\":\"ImageObject\",\"inLanguage\":\"en-US\",\"@id\":\"https:\\\/\\\/wijnhuis-mana.nl\\\/en\\\/product\\\/brouwerij-volendam-vd-ruige-rus-bourbon-barrel-aged-stout\\\/#primaryimage\",\"url\":\"https:\\\/\\\/wijnhuis-mana.nl\\\/wp-content\\\/uploads\\\/2025\\\/05\\\/Brouwerij-Volendam-VD-Ruige-Rus-Bourbon-Barrel-Aged-Russian-Imperial-Stout.jpg\",\"contentUrl\":\"https:\\\/\\\/wijnhuis-mana.nl\\\/wp-content\\\/uploads\\\/2025\\\/05\\\/Brouwerij-Volendam-VD-Ruige-Rus-Bourbon-Barrel-Aged-Russian-Imperial-Stout.jpg\",\"width\":800,\"height\":800,\"caption\":\"Ontdek Brouwerij Volendam's VD Ruige Rus, een Russian Imperial Stout gerijpt op bourbon vaten, met rijke tonen van chocolade, vanille en eikenhout.\"},{\"@type\":\"BreadcrumbList\",\"@id\":\"https:\\\/\\\/wijnhuis-mana.nl\\\/en\\\/product\\\/brouwerij-volendam-vd-ruige-rus-bourbon-barrel-aged-stout\\\/#breadcrumb\",\"itemListElement\":[{\"@type\":\"ListItem\",\"position\":1,\"name\":\"Home\",\"item\":\"https:\\\/\\\/wijnhuis-mana.nl\\\/en\\\/\"},{\"@type\":\"ListItem\",\"position\":2,\"name\":\"Shop\",\"item\":\"https:\\\/\\\/wijnhuis-mana.nl\\\/en\\\/shop-2\\\/\"},{\"@type\":\"ListItem\",\"position\":3,\"name\":\"Brouwerij Volendam VD Ruige Rus Bourbon Barrel Aged Russian Imperial Stout\"}]},{\"@type\":\"WebSite\",\"@id\":\"https:\\\/\\\/wijnhuis-mana.nl\\\/en\\\/#website\",\"url\":\"https:\\\/\\\/wijnhuis-mana.nl\\\/en\\\/\",\"name\":\"Wijnhuis-Mana.nl\",\"description\":\"Wijn v\u00e1n liefhebbers, v\u00f3\u00f3r liefhebbers\",\"publisher\":{\"@id\":\"https:\\\/\\\/wijnhuis-mana.nl\\\/en\\\/#organization\"},\"potentialAction\":[{\"@type\":\"SearchAction\",\"target\":{\"@type\":\"EntryPoint\",\"urlTemplate\":\"https:\\\/\\\/wijnhuis-mana.nl\\\/en\\\/?s={search_term_string}\"},\"query-input\":{\"@type\":\"PropertyValueSpecification\",\"valueRequired\":true,\"valueName\":\"search_term_string\"}}],\"inLanguage\":\"en-US\"},{\"@type\":[\"Organization\",\"Place\"],\"@id\":\"https:\\\/\\\/wijnhuis-mana.nl\\\/en\\\/#organization\",\"name\":\"Wijnhuis-Mana.nl\",\"url\":\"https:\\\/\\\/wijnhuis-mana.nl\\\/en\\\/\",\"logo\":{\"@id\":\"https:\\\/\\\/wijnhuis-mana.nl\\\/en\\\/product\\\/brouwerij-volendam-vd-ruige-rus-bourbon-barrel-aged-stout\\\/#local-main-organization-logo\"},\"image\":{\"@id\":\"https:\\\/\\\/wijnhuis-mana.nl\\\/en\\\/product\\\/brouwerij-volendam-vd-ruige-rus-bourbon-barrel-aged-stout\\\/#local-main-organization-logo\"},\"sameAs\":[\"https:\\\/\\\/www.facebook.com\\\/wijnhuismana\",\"https:\\\/\\\/www.instagram.com\\\/ghvino.nl\"],\"hasMerchantReturnPolicy\":{\"@type\":\"MerchantReturnPolicy\",\"merchantReturnLink\":\"https:\\\/\\\/wijnhuis-mana.nl\\\/algemene-voorwaarden\\\/\"},\"address\":{\"@id\":\"https:\\\/\\\/wijnhuis-mana.nl\\\/en\\\/product\\\/brouwerij-volendam-vd-ruige-rus-bourbon-barrel-aged-stout\\\/#local-main-place-address\"},\"telephone\":[\"0299-769018\"],\"openingHoursSpecification\":[{\"@type\":\"OpeningHoursSpecification\",\"dayOfWeek\":[\"Monday\",\"Sunday\"],\"opens\":\"00:00\",\"closes\":\"00:00\"},{\"@type\":\"OpeningHoursSpecification\",\"dayOfWeek\":[\"Tuesday\"],\"opens\":\"10:00\",\"closes\":\"18:00\"},{\"@type\":\"OpeningHoursSpecification\",\"dayOfWeek\":[\"Wednesday\",\"Thursday\",\"Saturday\"],\"opens\":\"11:00\",\"closes\":\"18:00\"},{\"@type\":\"OpeningHoursSpecification\",\"dayOfWeek\":[\"Friday\"],\"opens\":\"11:00\",\"closes\":\"21:00\"}],\"email\":\"info@wijnhuis-mana.nl\",\"areaServed\":\"Nederland\",\"vatID\":\"NL58KNAB0255573782\",\"taxID\":\"NL58KNAB0255573782\"},{\"@type\":\"PostalAddress\",\"@id\":\"https:\\\/\\\/wijnhuis-mana.nl\\\/en\\\/product\\\/brouwerij-volendam-vd-ruige-rus-bourbon-barrel-aged-stout\\\/#local-main-place-address\",\"streetAddress\":\"Weerwal 11\",\"addressLocality\":\"Purmerend\",\"postalCode\":\"1441 AL\",\"addressRegion\":\"Noord-Holland\",\"addressCountry\":\"NL\"},{\"@type\":\"ImageObject\",\"inLanguage\":\"en-US\",\"@id\":\"https:\\\/\\\/wijnhuis-mana.nl\\\/en\\\/product\\\/brouwerij-volendam-vd-ruige-rus-bourbon-barrel-aged-stout\\\/#local-main-organization-logo\",\"url\":\"https:\\\/\\\/wijnhuis-mana.nl\\\/wp-content\\\/uploads\\\/2022\\\/01\\\/Logo_Wijnhuis-Mana_Kleur.jpg\",\"contentUrl\":\"https:\\\/\\\/wijnhuis-mana.nl\\\/wp-content\\\/uploads\\\/2022\\\/01\\\/Logo_Wijnhuis-Mana_Kleur.jpg\",\"width\":400,\"height\":111,\"caption\":\"Wijnhuis-Mana.nl\"}]}<\/script>\n<meta property=\"product:price:amount\" content=\"6.75\" \/>\n<meta property=\"product:price:currency\" content=\"EUR\" \/>\n<meta property=\"og:availability\" content=\"out of stock\" \/>\n<meta property=\"product:availability\" content=\"out of stock\" \/>\n<meta property=\"product:retailer_item_id\" content=\"8719689402990\" \/>\n<meta property=\"product:condition\" content=\"new\" \/>\n<meta name=\"geo.placename\" content=\"Purmerend\" \/>\n<meta name=\"geo.region\" content=\"Netherlands\" \/>\n<!-- \/ Yoast SEO Premium plugin. -->","yoast_head_json":{"title":"Brouwerij Volendam VD Ruige Rus | Bourbon Barrel Aged Stout","description":"Ontdek Brouwerij Volendam's VD Ruige Rus, een Russian Imperial Stout gerijpt op bourbon vaten, met rijke tonen van chocolade, vanille en eikenhout.","robots":{"index":"index","follow":"follow","max-snippet":"max-snippet:-1","max-image-preview":"max-image-preview:large","max-video-preview":"max-video-preview:-1"},"canonical":"https:\/\/wijnhuis-mana.nl\/en\/product\/brouwerij-volendam-vd-ruige-rus-bourbon-barrel-aged-stout\/","og_locale":"en_US","og_type":"article","og_title":"Brouwerij Volendam VD Ruige Rus Bourbon Barrel Aged Russian Imperial Stout","og_description":"Ontdek Brouwerij Volendam's VD Ruige Rus, een Russian Imperial Stout gerijpt op bourbon vaten, met rijke tonen van chocolade, vanille en eikenhout.","og_url":"https:\/\/wijnhuis-mana.nl\/en\/product\/brouwerij-volendam-vd-ruige-rus-bourbon-barrel-aged-stout\/","og_site_name":"Wijnhuis-Mana.nl","article_publisher":"https:\/\/www.facebook.com\/wijnhuismana","article_modified_time":"2025-12-09T11:35:36+00:00","og_image":[{"width":800,"height":800,"url":"https:\/\/wijnhuis-mana.nl\/wp-content\/uploads\/2025\/05\/Brouwerij-Volendam-VD-Ruige-Rus-Bourbon-Barrel-Aged-Russian-Imperial-Stout.jpg","type":"image\/jpeg"}],"twitter_card":"summary_large_image","twitter_misc":{"Price":"&euro;&nbsp;6,75","Availability":"Out of stock"},"schema":{"@context":"https:\/\/schema.org","@graph":[{"@type":"WebPage","@id":"https:\/\/wijnhuis-mana.nl\/en\/product\/brouwerij-volendam-vd-ruige-rus-bourbon-barrel-aged-stout\/","url":"https:\/\/wijnhuis-mana.nl\/en\/product\/brouwerij-volendam-vd-ruige-rus-bourbon-barrel-aged-stout\/","name":"Brouwerij Volendam VD Ruige Rus | Bourbon Barrel Aged Stout","isPartOf":{"@id":"https:\/\/wijnhuis-mana.nl\/en\/#website"},"primaryImageOfPage":{"@id":"https:\/\/wijnhuis-mana.nl\/en\/product\/brouwerij-volendam-vd-ruige-rus-bourbon-barrel-aged-stout\/#primaryimage"},"image":{"@id":"https:\/\/wijnhuis-mana.nl\/en\/product\/brouwerij-volendam-vd-ruige-rus-bourbon-barrel-aged-stout\/#primaryimage"},"thumbnailUrl":"https:\/\/wijnhuis-mana.nl\/wp-content\/uploads\/2025\/05\/Brouwerij-Volendam-VD-Ruige-Rus-Bourbon-Barrel-Aged-Russian-Imperial-Stout.jpg","datePublished":"2025-04-27T19:03:27+00:00","dateModified":"2025-12-09T11:35:36+00:00","description":"Ontdek Brouwerij Volendam's VD Ruige Rus, een Russian Imperial Stout gerijpt op bourbon vaten, met rijke tonen van chocolade, vanille en eikenhout.","breadcrumb":{"@id":"https:\/\/wijnhuis-mana.nl\/en\/product\/brouwerij-volendam-vd-ruige-rus-bourbon-barrel-aged-stout\/#breadcrumb"},"inLanguage":"en-US","potentialAction":[{"@type":"ReadAction","target":["https:\/\/wijnhuis-mana.nl\/en\/product\/brouwerij-volendam-vd-ruige-rus-bourbon-barrel-aged-stout\/"]}]},{"@type":"ImageObject","inLanguage":"en-US","@id":"https:\/\/wijnhuis-mana.nl\/en\/product\/brouwerij-volendam-vd-ruige-rus-bourbon-barrel-aged-stout\/#primaryimage","url":"https:\/\/wijnhuis-mana.nl\/wp-content\/uploads\/2025\/05\/Brouwerij-Volendam-VD-Ruige-Rus-Bourbon-Barrel-Aged-Russian-Imperial-Stout.jpg","contentUrl":"https:\/\/wijnhuis-mana.nl\/wp-content\/uploads\/2025\/05\/Brouwerij-Volendam-VD-Ruige-Rus-Bourbon-Barrel-Aged-Russian-Imperial-Stout.jpg","width":800,"height":800,"caption":"Ontdek Brouwerij Volendam's VD Ruige Rus, een Russian Imperial Stout gerijpt op bourbon vaten, met rijke tonen van chocolade, vanille en eikenhout."},{"@type":"BreadcrumbList","@id":"https:\/\/wijnhuis-mana.nl\/en\/product\/brouwerij-volendam-vd-ruige-rus-bourbon-barrel-aged-stout\/#breadcrumb","itemListElement":[{"@type":"ListItem","position":1,"name":"Home","item":"https:\/\/wijnhuis-mana.nl\/en\/"},{"@type":"ListItem","position":2,"name":"Shop","item":"https:\/\/wijnhuis-mana.nl\/en\/shop-2\/"},{"@type":"ListItem","position":3,"name":"Brouwerij Volendam VD Ruige Rus Bourbon Barrel Aged Russian Imperial Stout"}]},{"@type":"WebSite","@id":"https:\/\/wijnhuis-mana.nl\/en\/#website","url":"https:\/\/wijnhuis-mana.nl\/en\/","name":"Wijnhuis-Mana.nl","description":"Wijn v\u00e1n liefhebbers, v\u00f3\u00f3r liefhebbers","publisher":{"@id":"https:\/\/wijnhuis-mana.nl\/en\/#organization"},"potentialAction":[{"@type":"SearchAction","target":{"@type":"EntryPoint","urlTemplate":"https:\/\/wijnhuis-mana.nl\/en\/?s={search_term_string}"},"query-input":{"@type":"PropertyValueSpecification","valueRequired":true,"valueName":"search_term_string"}}],"inLanguage":"en-US"},{"@type":["Organization","Place"],"@id":"https:\/\/wijnhuis-mana.nl\/en\/#organization","name":"Wijnhuis-Mana.nl","url":"https:\/\/wijnhuis-mana.nl\/en\/","logo":{"@id":"https:\/\/wijnhuis-mana.nl\/en\/product\/brouwerij-volendam-vd-ruige-rus-bourbon-barrel-aged-stout\/#local-main-organization-logo"},"image":{"@id":"https:\/\/wijnhuis-mana.nl\/en\/product\/brouwerij-volendam-vd-ruige-rus-bourbon-barrel-aged-stout\/#local-main-organization-logo"},"sameAs":["https:\/\/www.facebook.com\/wijnhuismana","https:\/\/www.instagram.com\/ghvino.nl"],"hasMerchantReturnPolicy":{"@type":"MerchantReturnPolicy","merchantReturnLink":"https:\/\/wijnhuis-mana.nl\/algemene-voorwaarden\/"},"address":{"@id":"https:\/\/wijnhuis-mana.nl\/en\/product\/brouwerij-volendam-vd-ruige-rus-bourbon-barrel-aged-stout\/#local-main-place-address"},"telephone":["0299-769018"],"openingHoursSpecification":[{"@type":"OpeningHoursSpecification","dayOfWeek":["Monday","Sunday"],"opens":"00:00","closes":"00:00"},{"@type":"OpeningHoursSpecification","dayOfWeek":["Tuesday"],"opens":"10:00","closes":"18:00"},{"@type":"OpeningHoursSpecification","dayOfWeek":["Wednesday","Thursday","Saturday"],"opens":"11:00","closes":"18:00"},{"@type":"OpeningHoursSpecification","dayOfWeek":["Friday"],"opens":"11:00","closes":"21:00"}],"email":"info@wijnhuis-mana.nl","areaServed":"Nederland","vatID":"NL58KNAB0255573782","taxID":"NL58KNAB0255573782"},{"@type":"PostalAddress","@id":"https:\/\/wijnhuis-mana.nl\/en\/product\/brouwerij-volendam-vd-ruige-rus-bourbon-barrel-aged-stout\/#local-main-place-address","streetAddress":"Weerwal 11","addressLocality":"Purmerend","postalCode":"1441 AL","addressRegion":"Noord-Holland","addressCountry":"NL"},{"@type":"ImageObject","inLanguage":"en-US","@id":"https:\/\/wijnhuis-mana.nl\/en\/product\/brouwerij-volendam-vd-ruige-rus-bourbon-barrel-aged-stout\/#local-main-organization-logo","url":"https:\/\/wijnhuis-mana.nl\/wp-content\/uploads\/2022\/01\/Logo_Wijnhuis-Mana_Kleur.jpg","contentUrl":"https:\/\/wijnhuis-mana.nl\/wp-content\/uploads\/2022\/01\/Logo_Wijnhuis-Mana_Kleur.jpg","width":400,"height":111,"caption":"Wijnhuis-Mana.nl"}]},"product_price_amount":"6.75","product_price_currency":"EUR","og_availability":"out of stock","product_availability":"out of stock","product_retailer_item_id":"8719689402990","product_condition":"new","geo.placename":"Purmerend","geo.region":"Netherlands"},"post_mailing_queue_ids":[],"_links":{"self":[{"href":"https:\/\/wijnhuis-mana.nl\/en\/wp-json\/wp\/v2\/product\/14625","targetHints":{"allow":["GET"]}}],"collection":[{"href":"https:\/\/wijnhuis-mana.nl\/en\/wp-json\/wp\/v2\/product"}],"about":[{"href":"https:\/\/wijnhuis-mana.nl\/en\/wp-json\/wp\/v2\/types\/product"}],"replies":[{"embeddable":true,"href":"https:\/\/wijnhuis-mana.nl\/en\/wp-json\/wp\/v2\/comments?post=14625"}],"wp:featuredmedia":[{"embeddable":true,"href":"https:\/\/wijnhuis-mana.nl\/en\/wp-json\/wp\/v2\/media\/14743"}],"wp:attachment":[{"href":"https:\/\/wijnhuis-mana.nl\/en\/wp-json\/wp\/v2\/media?parent=14625"}],"wp:term":[{"taxonomy":"product_brand","embeddable":true,"href":"https:\/\/wijnhuis-mana.nl\/en\/wp-json\/wp\/v2\/product_brand?post=14625"},{"taxonomy":"product_cat","embeddable":true,"href":"https:\/\/wijnhuis-mana.nl\/en\/wp-json\/wp\/v2\/product_cat?post=14625"},{"taxonomy":"product_tag","embeddable":true,"href":"https:\/\/wijnhuis-mana.nl\/en\/wp-json\/wp\/v2\/product_tag?post=14625"}],"curies":[{"name":"wp","href":"https:\/\/api.w.org\/{rel}","templated":true}]}}