{"id":15218,"date":"2025-05-16T15:30:27","date_gmt":"2025-05-16T13:30:27","guid":{"rendered":"https:\/\/wijnhuis-mana.nl\/?post_type=product&#038;p=15218"},"modified":"2026-04-06T20:31:31","modified_gmt":"2026-04-06T18:31:31","slug":"insel-summer-ale","status":"publish","type":"product","link":"https:\/\/wijnhuis-mana.nl\/en\/product\/insel-summer-ale\/","title":{"rendered":"Insel Summer Ale"},"content":{"rendered":"<h3 class=\"\" data-start=\"244\" data-end=\"269\">Algemene informatie<\/h3>\n<p class=\"\" data-start=\"270\" data-end=\"535\">Insel Summer Ale is een frisse en fruitige ale van de bekroonde Duitse craftbrouwerij Insel Brauerei, gevestigd op het eiland R\u00fcgen. Deze Session Ale van 4,9% alcohol is speciaal gebrouwen om de essentie van de zomer te vangen in geur, kleur en smaak.<\/p>\n<p class=\"\" data-start=\"537\" data-end=\"930\">De brouwers combineren innovatie met traditionele gistingstechnieken en gebruiken een unieke hopblend van Tango en El Dorado. Het resultaat is een verfrissend blond bier met tropische fruittonen, een zachte body en een heerlijk uitgebalanceerd hopkarakter. Zoals bij alle bieren van Insel Brauerei is ook deze Summer Ale ongepasteuriseerd en ongefilterd \u2013 ambachtelijk tot in het glas.<\/p>\n<h3 class=\"\" data-start=\"932\" data-end=\"950\">Smaakprofiel<\/h3>\n<p class=\"\" data-start=\"951\" data-end=\"1236\">Zonnig geel van kleur, met een lichte, natuurlijke waas. In de neus uitgesproken tonen van ananas, passievrucht en peer, met een zomers bloemig accent. De smaak is fris en sappig, met fruitige zoetheid en een zachte, milde bitterheid die het bier perfect in balans houdt.<\/p>\n<p class=\"\" data-start=\"1238\" data-end=\"1335\">Een toegankelijk, doordrinkbaar bier dat je moeiteloos meeneemt naar lange avonden op het terras.<\/p>\n<h3 class=\"\" data-start=\"1337\" data-end=\"1356\">Serveeradvies<\/h3>\n<p class=\"\" data-start=\"1357\" data-end=\"1405\">Serveertemperatuur: 6\u20138\u202f\u00b0C<br data-start=\"1387\" data-end=\"1390\" \/>Ideaal bij:<\/p>\n<ul data-start=\"1407\" data-end=\"1528\">\n<li class=\"\" data-start=\"1407\" data-end=\"1440\">\n<p class=\"\" data-start=\"1409\" data-end=\"1440\">Gegrilde kip met frisse salsa<\/p>\n<\/li>\n<li class=\"\" data-start=\"1441\" data-end=\"1475\">\n<p class=\"\" data-start=\"1443\" data-end=\"1475\">Taco&#8217;s met limoen en koriander<\/p>\n<\/li>\n<li class=\"\" data-start=\"1476\" data-end=\"1501\">\n<p class=\"\" data-start=\"1478\" data-end=\"1501\">Hamburgers van de BBQ<\/p>\n<\/li>\n<li class=\"\" data-start=\"1502\" data-end=\"1528\">\n<p class=\"\" data-start=\"1504\" data-end=\"1528\">Lichte zomerse salades<\/p>\n<\/li>\n<\/ul>\n<h3 class=\"\" data-start=\"1530\" data-end=\"1542\">Weetje<\/h3>\n<p class=\"\" data-start=\"1543\" data-end=\"1851\">Insel Brauerei is een van de meest gerenommeerde craftbrouwers van Duitsland, bekend om hun karakteristieke flessen met papieren wikkel \u00e9n om hun innovatieve bierstijlen. De Summer Ale is hun ode aan het zomerse seizoen: laag in alcohol, rijk aan aroma, en perfect afgestemd op zon, zee en samenzijn.<\/p>\n","protected":false},"excerpt":{"rendered":"<p>Insel Summer Ale is een zonnig blond bier met aroma\u2019s van ananas, passievrucht en peer. Verfrissend, mild en perfect voor de zomer.<\/p>\n","protected":false},"featured_media":15449,"comment_status":"open","ping_status":"closed","template":"","meta":[],"product_brand":[],"product_cat":[2905,2903],"product_tag":[1334,1333,1335,1331,1336,1328,1330,1329,1101,1332],"class_list":{"0":"post-15218","1":"product","2":"type-product","3":"status-publish","4":"has-post-thumbnail","6":"product_cat-ipa-pale-ale","7":"product_cat-speciaalbier","8":"product_tag-bbq-bier","9":"product_tag-blond-bier","10":"product_tag-craftbier","11":"product_tag-duits-bier","12":"product_tag-el-dorado-hop","13":"product_tag-insel-brauerei","14":"product_tag-session-ale","15":"product_tag-summer-ale","16":"product_tag-tropisch-fruit","17":"product_tag-zomerbier","19":"first","20":"instock","21":"taxable","22":"shipping-taxable","23":"purchasable","24":"product-type-simple"},"yoast_head":"<!-- This site is optimized with the Yoast SEO Premium plugin v27.3 (Yoast SEO v27.3) - https:\/\/yoast.com\/product\/yoast-seo-premium-wordpress\/ -->\n<title>Insel Summer Ale \u2013 fris en fruitig zomerbier van Insel Brauerei<\/title>\n<meta name=\"description\" content=\"Insel Summer Ale is een verfrissend zomerbier met tropisch fruit en milde hop. Perfect bij BBQ-gerechten of als terrasbier.\" \/>\n<meta name=\"robots\" content=\"index, follow, max-snippet:-1, max-image-preview:large, max-video-preview:-1\" \/>\n<link rel=\"canonical\" href=\"https:\/\/wijnhuis-mana.nl\/en\/product\/insel-summer-ale\/\" \/>\n<meta property=\"og:locale\" content=\"en_US\" \/>\n<meta property=\"og:type\" content=\"article\" \/>\n<meta property=\"og:title\" content=\"Insel Summer Ale\" \/>\n<meta property=\"og:description\" content=\"Insel Summer Ale is een verfrissend zomerbier met tropisch fruit en milde hop. Perfect bij BBQ-gerechten of als terrasbier.\" \/>\n<meta property=\"og:url\" content=\"https:\/\/wijnhuis-mana.nl\/en\/product\/insel-summer-ale\/\" \/>\n<meta property=\"og:site_name\" content=\"Wijnhuis-Mana.nl\" \/>\n<meta property=\"article:publisher\" content=\"https:\/\/www.facebook.com\/wijnhuismana\" \/>\n<meta property=\"article:modified_time\" content=\"2026-04-06T18:31:31+00:00\" \/>\n<meta property=\"og:image\" content=\"https:\/\/wijnhuis-mana.nl\/wp-content\/uploads\/2025\/05\/Insel-Summer-Ale.jpg\" \/>\n\t<meta property=\"og:image:width\" content=\"800\" \/>\n\t<meta property=\"og:image:height\" content=\"800\" \/>\n\t<meta property=\"og:image:type\" content=\"image\/jpeg\" \/>\n<meta name=\"twitter:card\" content=\"summary_large_image\" \/>\n<meta name=\"twitter:label1\" content=\"Price\" \/>\n\t<meta name=\"twitter:data1\" content=\"&euro;&nbsp;4,19\" \/>\n\t<meta name=\"twitter:label2\" content=\"Availability\" \/>\n\t<meta name=\"twitter:data2\" content=\"In stock\" \/>\n<script type=\"application\/ld+json\" class=\"yoast-schema-graph\">{\"@context\":\"https:\\\/\\\/schema.org\",\"@graph\":[{\"@type\":\"WebPage\",\"@id\":\"https:\\\/\\\/wijnhuis-mana.nl\\\/en\\\/product\\\/insel-summer-ale\\\/\",\"url\":\"https:\\\/\\\/wijnhuis-mana.nl\\\/en\\\/product\\\/insel-summer-ale\\\/\",\"name\":\"Insel Summer Ale \u2013 fris en fruitig zomerbier van Insel Brauerei\",\"isPartOf\":{\"@id\":\"https:\\\/\\\/wijnhuis-mana.nl\\\/en\\\/#website\"},\"primaryImageOfPage\":{\"@id\":\"https:\\\/\\\/wijnhuis-mana.nl\\\/en\\\/product\\\/insel-summer-ale\\\/#primaryimage\"},\"image\":{\"@id\":\"https:\\\/\\\/wijnhuis-mana.nl\\\/en\\\/product\\\/insel-summer-ale\\\/#primaryimage\"},\"thumbnailUrl\":\"https:\\\/\\\/wijnhuis-mana.nl\\\/wp-content\\\/uploads\\\/2025\\\/05\\\/Insel-Summer-Ale.jpg\",\"datePublished\":\"2025-05-16T13:30:27+00:00\",\"dateModified\":\"2026-04-06T18:31:31+00:00\",\"description\":\"Insel Summer Ale is een verfrissend zomerbier met tropisch fruit en milde hop. Perfect bij BBQ-gerechten of als terrasbier.\",\"breadcrumb\":{\"@id\":\"https:\\\/\\\/wijnhuis-mana.nl\\\/en\\\/product\\\/insel-summer-ale\\\/#breadcrumb\"},\"inLanguage\":\"en-US\",\"potentialAction\":[{\"@type\":\"ReadAction\",\"target\":[\"https:\\\/\\\/wijnhuis-mana.nl\\\/en\\\/product\\\/insel-summer-ale\\\/\"]}]},{\"@type\":\"ImageObject\",\"inLanguage\":\"en-US\",\"@id\":\"https:\\\/\\\/wijnhuis-mana.nl\\\/en\\\/product\\\/insel-summer-ale\\\/#primaryimage\",\"url\":\"https:\\\/\\\/wijnhuis-mana.nl\\\/wp-content\\\/uploads\\\/2025\\\/05\\\/Insel-Summer-Ale.jpg\",\"contentUrl\":\"https:\\\/\\\/wijnhuis-mana.nl\\\/wp-content\\\/uploads\\\/2025\\\/05\\\/Insel-Summer-Ale.jpg\",\"width\":800,\"height\":800,\"caption\":\"Insel Summer Ale is een verfrissend zomerbier met tropisch fruit en milde hop. Perfect bij BBQ-gerechten of als terrasbier.\"},{\"@type\":\"BreadcrumbList\",\"@id\":\"https:\\\/\\\/wijnhuis-mana.nl\\\/en\\\/product\\\/insel-summer-ale\\\/#breadcrumb\",\"itemListElement\":[{\"@type\":\"ListItem\",\"position\":1,\"name\":\"Home\",\"item\":\"https:\\\/\\\/wijnhuis-mana.nl\\\/en\\\/\"},{\"@type\":\"ListItem\",\"position\":2,\"name\":\"Shop\",\"item\":\"https:\\\/\\\/wijnhuis-mana.nl\\\/en\\\/shop-2\\\/\"},{\"@type\":\"ListItem\",\"position\":3,\"name\":\"Insel Summer Ale\"}]},{\"@type\":\"WebSite\",\"@id\":\"https:\\\/\\\/wijnhuis-mana.nl\\\/en\\\/#website\",\"url\":\"https:\\\/\\\/wijnhuis-mana.nl\\\/en\\\/\",\"name\":\"Wijnhuis-Mana.nl\",\"description\":\"Wijn v\u00e1n liefhebbers, v\u00f3\u00f3r liefhebbers\",\"publisher\":{\"@id\":\"https:\\\/\\\/wijnhuis-mana.nl\\\/en\\\/#organization\"},\"potentialAction\":[{\"@type\":\"SearchAction\",\"target\":{\"@type\":\"EntryPoint\",\"urlTemplate\":\"https:\\\/\\\/wijnhuis-mana.nl\\\/en\\\/?s={search_term_string}\"},\"query-input\":{\"@type\":\"PropertyValueSpecification\",\"valueRequired\":true,\"valueName\":\"search_term_string\"}}],\"inLanguage\":\"en-US\"},{\"@type\":[\"Organization\",\"Place\"],\"@id\":\"https:\\\/\\\/wijnhuis-mana.nl\\\/en\\\/#organization\",\"name\":\"Wijnhuis-Mana.nl\",\"url\":\"https:\\\/\\\/wijnhuis-mana.nl\\\/en\\\/\",\"logo\":{\"@id\":\"https:\\\/\\\/wijnhuis-mana.nl\\\/en\\\/product\\\/insel-summer-ale\\\/#local-main-organization-logo\"},\"image\":{\"@id\":\"https:\\\/\\\/wijnhuis-mana.nl\\\/en\\\/product\\\/insel-summer-ale\\\/#local-main-organization-logo\"},\"sameAs\":[\"https:\\\/\\\/www.facebook.com\\\/wijnhuismana\",\"https:\\\/\\\/www.instagram.com\\\/ghvino.nl\"],\"hasMerchantReturnPolicy\":{\"@type\":\"MerchantReturnPolicy\",\"merchantReturnLink\":\"https:\\\/\\\/wijnhuis-mana.nl\\\/algemene-voorwaarden\\\/\"},\"address\":{\"@id\":\"https:\\\/\\\/wijnhuis-mana.nl\\\/en\\\/product\\\/insel-summer-ale\\\/#local-main-place-address\"},\"telephone\":[\"0299-769018\"],\"openingHoursSpecification\":[{\"@type\":\"OpeningHoursSpecification\",\"dayOfWeek\":[\"Monday\",\"Sunday\"],\"opens\":\"00:00\",\"closes\":\"00:00\"},{\"@type\":\"OpeningHoursSpecification\",\"dayOfWeek\":[\"Tuesday\"],\"opens\":\"10:00\",\"closes\":\"18:00\"},{\"@type\":\"OpeningHoursSpecification\",\"dayOfWeek\":[\"Wednesday\",\"Thursday\",\"Saturday\"],\"opens\":\"11:00\",\"closes\":\"18:00\"},{\"@type\":\"OpeningHoursSpecification\",\"dayOfWeek\":[\"Friday\"],\"opens\":\"11:00\",\"closes\":\"21:00\"}],\"email\":\"info@wijnhuis-mana.nl\",\"areaServed\":\"Nederland\",\"vatID\":\"NL58KNAB0255573782\",\"taxID\":\"NL58KNAB0255573782\"},{\"@type\":\"PostalAddress\",\"@id\":\"https:\\\/\\\/wijnhuis-mana.nl\\\/en\\\/product\\\/insel-summer-ale\\\/#local-main-place-address\",\"streetAddress\":\"Weerwal 11\",\"addressLocality\":\"Purmerend\",\"postalCode\":\"1441 AL\",\"addressRegion\":\"Noord-Holland\",\"addressCountry\":\"NL\"},{\"@type\":\"ImageObject\",\"inLanguage\":\"en-US\",\"@id\":\"https:\\\/\\\/wijnhuis-mana.nl\\\/en\\\/product\\\/insel-summer-ale\\\/#local-main-organization-logo\",\"url\":\"https:\\\/\\\/wijnhuis-mana.nl\\\/wp-content\\\/uploads\\\/2022\\\/01\\\/Logo_Wijnhuis-Mana_Kleur.jpg\",\"contentUrl\":\"https:\\\/\\\/wijnhuis-mana.nl\\\/wp-content\\\/uploads\\\/2022\\\/01\\\/Logo_Wijnhuis-Mana_Kleur.jpg\",\"width\":400,\"height\":111,\"caption\":\"Wijnhuis-Mana.nl\"}]}<\/script>\n<meta property=\"product:price:amount\" content=\"4.19\" \/>\n<meta property=\"product:price:currency\" content=\"EUR\" \/>\n<meta property=\"og:availability\" content=\"instock\" \/>\n<meta property=\"product:availability\" content=\"instock\" \/>\n<meta property=\"product:retailer_item_id\" content=\"4251135915332\" \/>\n<meta property=\"product:condition\" content=\"new\" \/>\n<meta name=\"geo.placename\" content=\"Purmerend\" \/>\n<meta name=\"geo.region\" content=\"Netherlands\" \/>\n<!-- \/ Yoast SEO Premium plugin. -->","yoast_head_json":{"title":"Insel Summer Ale \u2013 fris en fruitig zomerbier van Insel Brauerei","description":"Insel Summer Ale is een verfrissend zomerbier met tropisch fruit en milde hop. Perfect bij BBQ-gerechten of als terrasbier.","robots":{"index":"index","follow":"follow","max-snippet":"max-snippet:-1","max-image-preview":"max-image-preview:large","max-video-preview":"max-video-preview:-1"},"canonical":"https:\/\/wijnhuis-mana.nl\/en\/product\/insel-summer-ale\/","og_locale":"en_US","og_type":"article","og_title":"Insel Summer Ale","og_description":"Insel Summer Ale is een verfrissend zomerbier met tropisch fruit en milde hop. Perfect bij BBQ-gerechten of als terrasbier.","og_url":"https:\/\/wijnhuis-mana.nl\/en\/product\/insel-summer-ale\/","og_site_name":"Wijnhuis-Mana.nl","article_publisher":"https:\/\/www.facebook.com\/wijnhuismana","article_modified_time":"2026-04-06T18:31:31+00:00","og_image":[{"width":800,"height":800,"url":"https:\/\/wijnhuis-mana.nl\/wp-content\/uploads\/2025\/05\/Insel-Summer-Ale.jpg","type":"image\/jpeg"}],"twitter_card":"summary_large_image","twitter_misc":{"Price":"&euro;&nbsp;4,19","Availability":"In stock"},"schema":{"@context":"https:\/\/schema.org","@graph":[{"@type":"WebPage","@id":"https:\/\/wijnhuis-mana.nl\/en\/product\/insel-summer-ale\/","url":"https:\/\/wijnhuis-mana.nl\/en\/product\/insel-summer-ale\/","name":"Insel Summer Ale \u2013 fris en fruitig zomerbier van Insel Brauerei","isPartOf":{"@id":"https:\/\/wijnhuis-mana.nl\/en\/#website"},"primaryImageOfPage":{"@id":"https:\/\/wijnhuis-mana.nl\/en\/product\/insel-summer-ale\/#primaryimage"},"image":{"@id":"https:\/\/wijnhuis-mana.nl\/en\/product\/insel-summer-ale\/#primaryimage"},"thumbnailUrl":"https:\/\/wijnhuis-mana.nl\/wp-content\/uploads\/2025\/05\/Insel-Summer-Ale.jpg","datePublished":"2025-05-16T13:30:27+00:00","dateModified":"2026-04-06T18:31:31+00:00","description":"Insel Summer Ale is een verfrissend zomerbier met tropisch fruit en milde hop. Perfect bij BBQ-gerechten of als terrasbier.","breadcrumb":{"@id":"https:\/\/wijnhuis-mana.nl\/en\/product\/insel-summer-ale\/#breadcrumb"},"inLanguage":"en-US","potentialAction":[{"@type":"ReadAction","target":["https:\/\/wijnhuis-mana.nl\/en\/product\/insel-summer-ale\/"]}]},{"@type":"ImageObject","inLanguage":"en-US","@id":"https:\/\/wijnhuis-mana.nl\/en\/product\/insel-summer-ale\/#primaryimage","url":"https:\/\/wijnhuis-mana.nl\/wp-content\/uploads\/2025\/05\/Insel-Summer-Ale.jpg","contentUrl":"https:\/\/wijnhuis-mana.nl\/wp-content\/uploads\/2025\/05\/Insel-Summer-Ale.jpg","width":800,"height":800,"caption":"Insel Summer Ale is een verfrissend zomerbier met tropisch fruit en milde hop. Perfect bij BBQ-gerechten of als terrasbier."},{"@type":"BreadcrumbList","@id":"https:\/\/wijnhuis-mana.nl\/en\/product\/insel-summer-ale\/#breadcrumb","itemListElement":[{"@type":"ListItem","position":1,"name":"Home","item":"https:\/\/wijnhuis-mana.nl\/en\/"},{"@type":"ListItem","position":2,"name":"Shop","item":"https:\/\/wijnhuis-mana.nl\/en\/shop-2\/"},{"@type":"ListItem","position":3,"name":"Insel Summer Ale"}]},{"@type":"WebSite","@id":"https:\/\/wijnhuis-mana.nl\/en\/#website","url":"https:\/\/wijnhuis-mana.nl\/en\/","name":"Wijnhuis-Mana.nl","description":"Wijn v\u00e1n liefhebbers, v\u00f3\u00f3r liefhebbers","publisher":{"@id":"https:\/\/wijnhuis-mana.nl\/en\/#organization"},"potentialAction":[{"@type":"SearchAction","target":{"@type":"EntryPoint","urlTemplate":"https:\/\/wijnhuis-mana.nl\/en\/?s={search_term_string}"},"query-input":{"@type":"PropertyValueSpecification","valueRequired":true,"valueName":"search_term_string"}}],"inLanguage":"en-US"},{"@type":["Organization","Place"],"@id":"https:\/\/wijnhuis-mana.nl\/en\/#organization","name":"Wijnhuis-Mana.nl","url":"https:\/\/wijnhuis-mana.nl\/en\/","logo":{"@id":"https:\/\/wijnhuis-mana.nl\/en\/product\/insel-summer-ale\/#local-main-organization-logo"},"image":{"@id":"https:\/\/wijnhuis-mana.nl\/en\/product\/insel-summer-ale\/#local-main-organization-logo"},"sameAs":["https:\/\/www.facebook.com\/wijnhuismana","https:\/\/www.instagram.com\/ghvino.nl"],"hasMerchantReturnPolicy":{"@type":"MerchantReturnPolicy","merchantReturnLink":"https:\/\/wijnhuis-mana.nl\/algemene-voorwaarden\/"},"address":{"@id":"https:\/\/wijnhuis-mana.nl\/en\/product\/insel-summer-ale\/#local-main-place-address"},"telephone":["0299-769018"],"openingHoursSpecification":[{"@type":"OpeningHoursSpecification","dayOfWeek":["Monday","Sunday"],"opens":"00:00","closes":"00:00"},{"@type":"OpeningHoursSpecification","dayOfWeek":["Tuesday"],"opens":"10:00","closes":"18:00"},{"@type":"OpeningHoursSpecification","dayOfWeek":["Wednesday","Thursday","Saturday"],"opens":"11:00","closes":"18:00"},{"@type":"OpeningHoursSpecification","dayOfWeek":["Friday"],"opens":"11:00","closes":"21:00"}],"email":"info@wijnhuis-mana.nl","areaServed":"Nederland","vatID":"NL58KNAB0255573782","taxID":"NL58KNAB0255573782"},{"@type":"PostalAddress","@id":"https:\/\/wijnhuis-mana.nl\/en\/product\/insel-summer-ale\/#local-main-place-address","streetAddress":"Weerwal 11","addressLocality":"Purmerend","postalCode":"1441 AL","addressRegion":"Noord-Holland","addressCountry":"NL"},{"@type":"ImageObject","inLanguage":"en-US","@id":"https:\/\/wijnhuis-mana.nl\/en\/product\/insel-summer-ale\/#local-main-organization-logo","url":"https:\/\/wijnhuis-mana.nl\/wp-content\/uploads\/2022\/01\/Logo_Wijnhuis-Mana_Kleur.jpg","contentUrl":"https:\/\/wijnhuis-mana.nl\/wp-content\/uploads\/2022\/01\/Logo_Wijnhuis-Mana_Kleur.jpg","width":400,"height":111,"caption":"Wijnhuis-Mana.nl"}]},"product_price_amount":"4.19","product_price_currency":"EUR","og_availability":"instock","product_availability":"instock","product_retailer_item_id":"4251135915332","product_condition":"new","geo.placename":"Purmerend","geo.region":"Netherlands"},"post_mailing_queue_ids":[],"_links":{"self":[{"href":"https:\/\/wijnhuis-mana.nl\/en\/wp-json\/wp\/v2\/product\/15218","targetHints":{"allow":["GET"]}}],"collection":[{"href":"https:\/\/wijnhuis-mana.nl\/en\/wp-json\/wp\/v2\/product"}],"about":[{"href":"https:\/\/wijnhuis-mana.nl\/en\/wp-json\/wp\/v2\/types\/product"}],"replies":[{"embeddable":true,"href":"https:\/\/wijnhuis-mana.nl\/en\/wp-json\/wp\/v2\/comments?post=15218"}],"wp:featuredmedia":[{"embeddable":true,"href":"https:\/\/wijnhuis-mana.nl\/en\/wp-json\/wp\/v2\/media\/15449"}],"wp:attachment":[{"href":"https:\/\/wijnhuis-mana.nl\/en\/wp-json\/wp\/v2\/media?parent=15218"}],"wp:term":[{"taxonomy":"product_brand","embeddable":true,"href":"https:\/\/wijnhuis-mana.nl\/en\/wp-json\/wp\/v2\/product_brand?post=15218"},{"taxonomy":"product_cat","embeddable":true,"href":"https:\/\/wijnhuis-mana.nl\/en\/wp-json\/wp\/v2\/product_cat?post=15218"},{"taxonomy":"product_tag","embeddable":true,"href":"https:\/\/wijnhuis-mana.nl\/en\/wp-json\/wp\/v2\/product_tag?post=15218"}],"curies":[{"name":"wp","href":"https:\/\/api.w.org\/{rel}","templated":true}]}}