{"id":15869,"date":"2025-06-14T13:05:00","date_gmt":"2025-06-14T11:05:00","guid":{"rendered":"https:\/\/wijnhuis-mana.nl\/?post_type=product&#038;p=15869"},"modified":"2026-03-08T18:35:40","modified_gmt":"2026-03-08T17:35:40","slug":"casa-ermelinda-la-tulipa-rosado-de-setubal","status":"publish","type":"product","link":"https:\/\/wijnhuis-mana.nl\/en\/product\/casa-ermelinda-la-tulipa-rosado-de-setubal\/","title":{"rendered":"Casa Ermelinda La Tulipa Rosado de Setubal"},"content":{"rendered":"<h3 class=\"ai-optimize-15\" data-start=\"192\" data-end=\"217\">Algemene informatie<\/h3>\n<p class=\"ai-optimize-16 ai-optimize-introduction\" data-start=\"218\" data-end=\"668\">Casa Ermelinda La Tulipa Rosado de Set\u00fabal is een elegante Portugese ros\u00e9 van het gerenommeerde wijnhuis Casa Ermelinda Freitas, gelegen op het schiereiland Set\u00fabal. De wijn komt uit het subgebied Fernando P\u00f3, bekend om zijn zandgronden en mediterraan-continentaal klimaat. De druiven \u2014 syrah, aragon\u00eas, touriga nacional en castel\u00e3o \u2014 worden afzonderlijk gevinifieerd onder gecontroleerde temperatuur in RVS, om het fruitige karakter te behouden.<\/p>\n<h3 class=\"ai-optimize-17\" data-start=\"670\" data-end=\"735\">Smaakprofiel van Casa Ermelinda La Tulipa Rosado de Set\u00fabal<\/h3>\n<p class=\"ai-optimize-18\" data-start=\"736\" data-end=\"1005\">Deze licht zalmkleurige ros\u00e9 heeft een verfijnd en intens aroma van jong rood fruit zoals aardbei en framboos. In de mond is hij rijk en verfrissend met een zachte structuur en een elegante, droge afdronk. De balans tussen fruit en frisheid maakt hem zeer toegankelijk.<\/p>\n<h3 class=\"ai-optimize-19\" data-start=\"1007\" data-end=\"1026\">Serveeradvies<\/h3>\n<p class=\"ai-optimize-20\" data-start=\"1027\" data-end=\"1100\">Deze ros\u00e9 komt perfect tot zijn recht in diverse situaties. Denk aan:<\/p>\n<ul data-start=\"1101\" data-end=\"1238\">\n<li class=\"ai-optimize-21\" data-start=\"1101\" data-end=\"1135\">\n<p class=\"ai-optimize-22\" data-start=\"1103\" data-end=\"1135\">Aperitief op een zonnig terras<\/p>\n<\/li>\n<li class=\"ai-optimize-23\" data-start=\"1136\" data-end=\"1167\">\n<p class=\"ai-optimize-24\" data-start=\"1138\" data-end=\"1167\">Pasta met gegrilde groenten<\/p>\n<\/li>\n<li class=\"ai-optimize-25\" data-start=\"1168\" data-end=\"1195\">\n<p class=\"ai-optimize-26\" data-start=\"1170\" data-end=\"1195\">Gebakken dorade of zalm<\/p>\n<\/li>\n<li class=\"ai-optimize-27\" data-start=\"1196\" data-end=\"1238\">\n<p class=\"ai-optimize-28\" data-start=\"1198\" data-end=\"1238\">Zeevruchten zoals garnalen of mosselen<\/p>\n<\/li>\n<\/ul>\n<p class=\"ai-optimize-29\" data-start=\"1240\" data-end=\"1283\">Serveer op 8\u201310 \u00b0C voor optimaal genot.<\/p>\n<h3 class=\"ai-optimize-30\" data-start=\"1285\" data-end=\"1297\">Weetje<\/h3>\n<p class=\"ai-optimize-31\" data-start=\"1298\" data-end=\"1550\">Casa Ermelinda Freitas wordt geleid door Leonor Freitas, de vierde generatie wijnmakers in dit familiebedrijf. Hun wijngaarden omvatten 240 hectare in Palmela, waar vooral lokale druivenrassen zorgen voor wijnen met een uitgesproken Portugees karakter.<\/p>\n","protected":false},"excerpt":{"rendered":"<p class=\"ai-optimize-34\">Casa Ermelinda La Tulipa Rosado de Set\u00fabal is een verfijnde Portugese ros\u00e9 met fris rood fruit en elegante afdronk.<\/p>\n<p>\nVivino score:<\/p>\n<div class=\"vivino-widget vivino-wine-card-widget\" data-vivino-widget-type=\"wineWithoutVintage\" data-vivino-wine-id=\"6997075\" data-make-vivino-redirect=\"true\" data-vivino-widget-language=\"en\" data-vivino-widget-layout=\"small_new\">\n  <a target=\"_blank\">Wine name<\/a>\n<\/div>\n","protected":false},"featured_media":15928,"comment_status":"open","ping_status":"closed","template":"","meta":[],"product_brand":[],"product_cat":[2888,2902,2891],"product_tag":[1915,1914,1917,1916,1919,1306,1918,1356],"class_list":{"0":"post-15869","1":"product","2":"type-product","3":"status-publish","4":"has-post-thumbnail","6":"product_cat-alle-wijn","7":"product_cat-overige-landen","8":"product_cat-rose-wijn","9":"product_tag-casa-ermelinda-freitas","10":"product_tag-portugese-rose","11":"product_tag-rose-wijn-portugal","12":"product_tag-setubal-wijn","13":"product_tag-syrah-rose","14":"product_tag-touriga-nacional","15":"product_tag-vegan-rose","16":"product_tag-zomerwijn","18":"first","19":"instock","20":"taxable","21":"shipping-taxable","22":"purchasable","23":"product-type-simple"},"yoast_head":"<!-- This site is optimized with the Yoast SEO Premium plugin v27.3 (Yoast SEO v27.3) - https:\/\/yoast.com\/product\/yoast-seo-premium-wordpress\/ -->\n<title>Casa Ermelinda La Tulipa Rosado de Set\u00fabal \u2013 Portugese ros\u00e9<\/title>\n<meta name=\"description\" content=\"Casa Ermelinda La Tulipa Rosado de Set\u00fabal: fruitige Portugese ros\u00e9 van lokale druiven. Licht, elegant en verfrissend.\" \/>\n<meta name=\"robots\" content=\"index, follow, max-snippet:-1, max-image-preview:large, max-video-preview:-1\" \/>\n<link rel=\"canonical\" href=\"https:\/\/wijnhuis-mana.nl\/en\/product\/casa-ermelinda-la-tulipa-rosado-de-setubal\/\" \/>\n<meta property=\"og:locale\" content=\"en_US\" \/>\n<meta property=\"og:type\" content=\"article\" \/>\n<meta property=\"og:title\" content=\"Casa Ermelinda La Tulipa Rosado de Setubal\" \/>\n<meta property=\"og:description\" content=\"Casa Ermelinda La Tulipa Rosado de Set\u00fabal: fruitige Portugese ros\u00e9 van lokale druiven. Licht, elegant en verfrissend.\" \/>\n<meta property=\"og:url\" content=\"https:\/\/wijnhuis-mana.nl\/en\/product\/casa-ermelinda-la-tulipa-rosado-de-setubal\/\" \/>\n<meta property=\"og:site_name\" content=\"Wijnhuis-Mana.nl\" \/>\n<meta property=\"article:publisher\" content=\"https:\/\/www.facebook.com\/wijnhuismana\" \/>\n<meta property=\"article:modified_time\" content=\"2026-03-08T17:35:40+00:00\" \/>\n<meta property=\"og:image\" content=\"https:\/\/wijnhuis-mana.nl\/wp-content\/uploads\/2025\/06\/Casa-Ermelinda-La-Tulipa-Rosado-de-Setubal-1.jpg\" \/>\n\t<meta property=\"og:image:width\" content=\"800\" \/>\n\t<meta property=\"og:image:height\" content=\"800\" \/>\n\t<meta property=\"og:image:type\" content=\"image\/jpeg\" \/>\n<meta name=\"twitter:card\" content=\"summary_large_image\" \/>\n<meta name=\"twitter:label1\" content=\"Price\" \/>\n\t<meta name=\"twitter:data1\" content=\"&euro;&nbsp;6,35\" \/>\n\t<meta name=\"twitter:label2\" content=\"Availability\" \/>\n\t<meta name=\"twitter:data2\" content=\"In stock\" \/>\n<script type=\"application\/ld+json\" class=\"yoast-schema-graph\">{\"@context\":\"https:\\\/\\\/schema.org\",\"@graph\":[{\"@type\":\"WebPage\",\"@id\":\"https:\\\/\\\/wijnhuis-mana.nl\\\/en\\\/product\\\/casa-ermelinda-la-tulipa-rosado-de-setubal\\\/\",\"url\":\"https:\\\/\\\/wijnhuis-mana.nl\\\/en\\\/product\\\/casa-ermelinda-la-tulipa-rosado-de-setubal\\\/\",\"name\":\"Casa Ermelinda La Tulipa Rosado de Set\u00fabal \u2013 Portugese ros\u00e9\",\"isPartOf\":{\"@id\":\"https:\\\/\\\/wijnhuis-mana.nl\\\/en\\\/#website\"},\"primaryImageOfPage\":{\"@id\":\"https:\\\/\\\/wijnhuis-mana.nl\\\/en\\\/product\\\/casa-ermelinda-la-tulipa-rosado-de-setubal\\\/#primaryimage\"},\"image\":{\"@id\":\"https:\\\/\\\/wijnhuis-mana.nl\\\/en\\\/product\\\/casa-ermelinda-la-tulipa-rosado-de-setubal\\\/#primaryimage\"},\"thumbnailUrl\":\"https:\\\/\\\/wijnhuis-mana.nl\\\/wp-content\\\/uploads\\\/2025\\\/06\\\/Casa-Ermelinda-La-Tulipa-Rosado-de-Setubal-1.jpg\",\"datePublished\":\"2025-06-14T11:05:00+00:00\",\"dateModified\":\"2026-03-08T17:35:40+00:00\",\"description\":\"Casa Ermelinda La Tulipa Rosado de Set\u00fabal: fruitige Portugese ros\u00e9 van lokale druiven. Licht, elegant en verfrissend.\",\"breadcrumb\":{\"@id\":\"https:\\\/\\\/wijnhuis-mana.nl\\\/en\\\/product\\\/casa-ermelinda-la-tulipa-rosado-de-setubal\\\/#breadcrumb\"},\"inLanguage\":\"en-US\",\"potentialAction\":[{\"@type\":\"ReadAction\",\"target\":[\"https:\\\/\\\/wijnhuis-mana.nl\\\/en\\\/product\\\/casa-ermelinda-la-tulipa-rosado-de-setubal\\\/\"]}]},{\"@type\":\"ImageObject\",\"inLanguage\":\"en-US\",\"@id\":\"https:\\\/\\\/wijnhuis-mana.nl\\\/en\\\/product\\\/casa-ermelinda-la-tulipa-rosado-de-setubal\\\/#primaryimage\",\"url\":\"https:\\\/\\\/wijnhuis-mana.nl\\\/wp-content\\\/uploads\\\/2025\\\/06\\\/Casa-Ermelinda-La-Tulipa-Rosado-de-Setubal-1.jpg\",\"contentUrl\":\"https:\\\/\\\/wijnhuis-mana.nl\\\/wp-content\\\/uploads\\\/2025\\\/06\\\/Casa-Ermelinda-La-Tulipa-Rosado-de-Setubal-1.jpg\",\"width\":800,\"height\":800,\"caption\":\"Casa Ermelinda La Tulipa Rosado de Set\u00fabal: fruitige Portugese ros\u00e9 van lokale druiven. Licht, elegant en verfrissend.\"},{\"@type\":\"BreadcrumbList\",\"@id\":\"https:\\\/\\\/wijnhuis-mana.nl\\\/en\\\/product\\\/casa-ermelinda-la-tulipa-rosado-de-setubal\\\/#breadcrumb\",\"itemListElement\":[{\"@type\":\"ListItem\",\"position\":1,\"name\":\"Home\",\"item\":\"https:\\\/\\\/wijnhuis-mana.nl\\\/en\\\/\"},{\"@type\":\"ListItem\",\"position\":2,\"name\":\"Shop\",\"item\":\"https:\\\/\\\/wijnhuis-mana.nl\\\/en\\\/shop-2\\\/\"},{\"@type\":\"ListItem\",\"position\":3,\"name\":\"Casa Ermelinda La Tulipa Rosado de Setubal\"}]},{\"@type\":\"WebSite\",\"@id\":\"https:\\\/\\\/wijnhuis-mana.nl\\\/en\\\/#website\",\"url\":\"https:\\\/\\\/wijnhuis-mana.nl\\\/en\\\/\",\"name\":\"Wijnhuis-Mana.nl\",\"description\":\"Wijn v\u00e1n liefhebbers, v\u00f3\u00f3r liefhebbers\",\"publisher\":{\"@id\":\"https:\\\/\\\/wijnhuis-mana.nl\\\/en\\\/#organization\"},\"potentialAction\":[{\"@type\":\"SearchAction\",\"target\":{\"@type\":\"EntryPoint\",\"urlTemplate\":\"https:\\\/\\\/wijnhuis-mana.nl\\\/en\\\/?s={search_term_string}\"},\"query-input\":{\"@type\":\"PropertyValueSpecification\",\"valueRequired\":true,\"valueName\":\"search_term_string\"}}],\"inLanguage\":\"en-US\"},{\"@type\":[\"Organization\",\"Place\"],\"@id\":\"https:\\\/\\\/wijnhuis-mana.nl\\\/en\\\/#organization\",\"name\":\"Wijnhuis-Mana.nl\",\"url\":\"https:\\\/\\\/wijnhuis-mana.nl\\\/en\\\/\",\"logo\":{\"@id\":\"https:\\\/\\\/wijnhuis-mana.nl\\\/en\\\/product\\\/casa-ermelinda-la-tulipa-rosado-de-setubal\\\/#local-main-organization-logo\"},\"image\":{\"@id\":\"https:\\\/\\\/wijnhuis-mana.nl\\\/en\\\/product\\\/casa-ermelinda-la-tulipa-rosado-de-setubal\\\/#local-main-organization-logo\"},\"sameAs\":[\"https:\\\/\\\/www.facebook.com\\\/wijnhuismana\",\"https:\\\/\\\/www.instagram.com\\\/ghvino.nl\"],\"hasMerchantReturnPolicy\":{\"@type\":\"MerchantReturnPolicy\",\"merchantReturnLink\":\"https:\\\/\\\/wijnhuis-mana.nl\\\/algemene-voorwaarden\\\/\"},\"address\":{\"@id\":\"https:\\\/\\\/wijnhuis-mana.nl\\\/en\\\/product\\\/casa-ermelinda-la-tulipa-rosado-de-setubal\\\/#local-main-place-address\"},\"telephone\":[\"0299-769018\"],\"openingHoursSpecification\":[{\"@type\":\"OpeningHoursSpecification\",\"dayOfWeek\":[\"Monday\",\"Sunday\"],\"opens\":\"00:00\",\"closes\":\"00:00\"},{\"@type\":\"OpeningHoursSpecification\",\"dayOfWeek\":[\"Tuesday\"],\"opens\":\"10:00\",\"closes\":\"18:00\"},{\"@type\":\"OpeningHoursSpecification\",\"dayOfWeek\":[\"Wednesday\",\"Thursday\",\"Saturday\"],\"opens\":\"11:00\",\"closes\":\"18:00\"},{\"@type\":\"OpeningHoursSpecification\",\"dayOfWeek\":[\"Friday\"],\"opens\":\"11:00\",\"closes\":\"21:00\"}],\"email\":\"info@wijnhuis-mana.nl\",\"areaServed\":\"Nederland\",\"vatID\":\"NL58KNAB0255573782\",\"taxID\":\"NL58KNAB0255573782\"},{\"@type\":\"PostalAddress\",\"@id\":\"https:\\\/\\\/wijnhuis-mana.nl\\\/en\\\/product\\\/casa-ermelinda-la-tulipa-rosado-de-setubal\\\/#local-main-place-address\",\"streetAddress\":\"Weerwal 11\",\"addressLocality\":\"Purmerend\",\"postalCode\":\"1441 AL\",\"addressRegion\":\"Noord-Holland\",\"addressCountry\":\"NL\"},{\"@type\":\"ImageObject\",\"inLanguage\":\"en-US\",\"@id\":\"https:\\\/\\\/wijnhuis-mana.nl\\\/en\\\/product\\\/casa-ermelinda-la-tulipa-rosado-de-setubal\\\/#local-main-organization-logo\",\"url\":\"https:\\\/\\\/wijnhuis-mana.nl\\\/wp-content\\\/uploads\\\/2022\\\/01\\\/Logo_Wijnhuis-Mana_Kleur.jpg\",\"contentUrl\":\"https:\\\/\\\/wijnhuis-mana.nl\\\/wp-content\\\/uploads\\\/2022\\\/01\\\/Logo_Wijnhuis-Mana_Kleur.jpg\",\"width\":400,\"height\":111,\"caption\":\"Wijnhuis-Mana.nl\"}]}<\/script>\n<meta property=\"product:price:amount\" content=\"6.35\" \/>\n<meta property=\"product:price:currency\" content=\"EUR\" \/>\n<meta property=\"og:availability\" content=\"instock\" \/>\n<meta property=\"product:availability\" content=\"instock\" \/>\n<meta property=\"product:retailer_item_id\" content=\"5608527003297\" \/>\n<meta property=\"product:condition\" content=\"new\" \/>\n<meta name=\"geo.placename\" content=\"Purmerend\" \/>\n<meta name=\"geo.region\" content=\"Netherlands\" \/>\n<!-- \/ Yoast SEO Premium plugin. -->","yoast_head_json":{"title":"Casa Ermelinda La Tulipa Rosado de Set\u00fabal \u2013 Portugese ros\u00e9","description":"Casa Ermelinda La Tulipa Rosado de Set\u00fabal: fruitige Portugese ros\u00e9 van lokale druiven. Licht, elegant en verfrissend.","robots":{"index":"index","follow":"follow","max-snippet":"max-snippet:-1","max-image-preview":"max-image-preview:large","max-video-preview":"max-video-preview:-1"},"canonical":"https:\/\/wijnhuis-mana.nl\/en\/product\/casa-ermelinda-la-tulipa-rosado-de-setubal\/","og_locale":"en_US","og_type":"article","og_title":"Casa Ermelinda La Tulipa Rosado de Setubal","og_description":"Casa Ermelinda La Tulipa Rosado de Set\u00fabal: fruitige Portugese ros\u00e9 van lokale druiven. Licht, elegant en verfrissend.","og_url":"https:\/\/wijnhuis-mana.nl\/en\/product\/casa-ermelinda-la-tulipa-rosado-de-setubal\/","og_site_name":"Wijnhuis-Mana.nl","article_publisher":"https:\/\/www.facebook.com\/wijnhuismana","article_modified_time":"2026-03-08T17:35:40+00:00","og_image":[{"width":800,"height":800,"url":"https:\/\/wijnhuis-mana.nl\/wp-content\/uploads\/2025\/06\/Casa-Ermelinda-La-Tulipa-Rosado-de-Setubal-1.jpg","type":"image\/jpeg"}],"twitter_card":"summary_large_image","twitter_misc":{"Price":"&euro;&nbsp;6,35","Availability":"In stock"},"schema":{"@context":"https:\/\/schema.org","@graph":[{"@type":"WebPage","@id":"https:\/\/wijnhuis-mana.nl\/en\/product\/casa-ermelinda-la-tulipa-rosado-de-setubal\/","url":"https:\/\/wijnhuis-mana.nl\/en\/product\/casa-ermelinda-la-tulipa-rosado-de-setubal\/","name":"Casa Ermelinda La Tulipa Rosado de Set\u00fabal \u2013 Portugese ros\u00e9","isPartOf":{"@id":"https:\/\/wijnhuis-mana.nl\/en\/#website"},"primaryImageOfPage":{"@id":"https:\/\/wijnhuis-mana.nl\/en\/product\/casa-ermelinda-la-tulipa-rosado-de-setubal\/#primaryimage"},"image":{"@id":"https:\/\/wijnhuis-mana.nl\/en\/product\/casa-ermelinda-la-tulipa-rosado-de-setubal\/#primaryimage"},"thumbnailUrl":"https:\/\/wijnhuis-mana.nl\/wp-content\/uploads\/2025\/06\/Casa-Ermelinda-La-Tulipa-Rosado-de-Setubal-1.jpg","datePublished":"2025-06-14T11:05:00+00:00","dateModified":"2026-03-08T17:35:40+00:00","description":"Casa Ermelinda La Tulipa Rosado de Set\u00fabal: fruitige Portugese ros\u00e9 van lokale druiven. Licht, elegant en verfrissend.","breadcrumb":{"@id":"https:\/\/wijnhuis-mana.nl\/en\/product\/casa-ermelinda-la-tulipa-rosado-de-setubal\/#breadcrumb"},"inLanguage":"en-US","potentialAction":[{"@type":"ReadAction","target":["https:\/\/wijnhuis-mana.nl\/en\/product\/casa-ermelinda-la-tulipa-rosado-de-setubal\/"]}]},{"@type":"ImageObject","inLanguage":"en-US","@id":"https:\/\/wijnhuis-mana.nl\/en\/product\/casa-ermelinda-la-tulipa-rosado-de-setubal\/#primaryimage","url":"https:\/\/wijnhuis-mana.nl\/wp-content\/uploads\/2025\/06\/Casa-Ermelinda-La-Tulipa-Rosado-de-Setubal-1.jpg","contentUrl":"https:\/\/wijnhuis-mana.nl\/wp-content\/uploads\/2025\/06\/Casa-Ermelinda-La-Tulipa-Rosado-de-Setubal-1.jpg","width":800,"height":800,"caption":"Casa Ermelinda La Tulipa Rosado de Set\u00fabal: fruitige Portugese ros\u00e9 van lokale druiven. Licht, elegant en verfrissend."},{"@type":"BreadcrumbList","@id":"https:\/\/wijnhuis-mana.nl\/en\/product\/casa-ermelinda-la-tulipa-rosado-de-setubal\/#breadcrumb","itemListElement":[{"@type":"ListItem","position":1,"name":"Home","item":"https:\/\/wijnhuis-mana.nl\/en\/"},{"@type":"ListItem","position":2,"name":"Shop","item":"https:\/\/wijnhuis-mana.nl\/en\/shop-2\/"},{"@type":"ListItem","position":3,"name":"Casa Ermelinda La Tulipa Rosado de Setubal"}]},{"@type":"WebSite","@id":"https:\/\/wijnhuis-mana.nl\/en\/#website","url":"https:\/\/wijnhuis-mana.nl\/en\/","name":"Wijnhuis-Mana.nl","description":"Wijn v\u00e1n liefhebbers, v\u00f3\u00f3r liefhebbers","publisher":{"@id":"https:\/\/wijnhuis-mana.nl\/en\/#organization"},"potentialAction":[{"@type":"SearchAction","target":{"@type":"EntryPoint","urlTemplate":"https:\/\/wijnhuis-mana.nl\/en\/?s={search_term_string}"},"query-input":{"@type":"PropertyValueSpecification","valueRequired":true,"valueName":"search_term_string"}}],"inLanguage":"en-US"},{"@type":["Organization","Place"],"@id":"https:\/\/wijnhuis-mana.nl\/en\/#organization","name":"Wijnhuis-Mana.nl","url":"https:\/\/wijnhuis-mana.nl\/en\/","logo":{"@id":"https:\/\/wijnhuis-mana.nl\/en\/product\/casa-ermelinda-la-tulipa-rosado-de-setubal\/#local-main-organization-logo"},"image":{"@id":"https:\/\/wijnhuis-mana.nl\/en\/product\/casa-ermelinda-la-tulipa-rosado-de-setubal\/#local-main-organization-logo"},"sameAs":["https:\/\/www.facebook.com\/wijnhuismana","https:\/\/www.instagram.com\/ghvino.nl"],"hasMerchantReturnPolicy":{"@type":"MerchantReturnPolicy","merchantReturnLink":"https:\/\/wijnhuis-mana.nl\/algemene-voorwaarden\/"},"address":{"@id":"https:\/\/wijnhuis-mana.nl\/en\/product\/casa-ermelinda-la-tulipa-rosado-de-setubal\/#local-main-place-address"},"telephone":["0299-769018"],"openingHoursSpecification":[{"@type":"OpeningHoursSpecification","dayOfWeek":["Monday","Sunday"],"opens":"00:00","closes":"00:00"},{"@type":"OpeningHoursSpecification","dayOfWeek":["Tuesday"],"opens":"10:00","closes":"18:00"},{"@type":"OpeningHoursSpecification","dayOfWeek":["Wednesday","Thursday","Saturday"],"opens":"11:00","closes":"18:00"},{"@type":"OpeningHoursSpecification","dayOfWeek":["Friday"],"opens":"11:00","closes":"21:00"}],"email":"info@wijnhuis-mana.nl","areaServed":"Nederland","vatID":"NL58KNAB0255573782","taxID":"NL58KNAB0255573782"},{"@type":"PostalAddress","@id":"https:\/\/wijnhuis-mana.nl\/en\/product\/casa-ermelinda-la-tulipa-rosado-de-setubal\/#local-main-place-address","streetAddress":"Weerwal 11","addressLocality":"Purmerend","postalCode":"1441 AL","addressRegion":"Noord-Holland","addressCountry":"NL"},{"@type":"ImageObject","inLanguage":"en-US","@id":"https:\/\/wijnhuis-mana.nl\/en\/product\/casa-ermelinda-la-tulipa-rosado-de-setubal\/#local-main-organization-logo","url":"https:\/\/wijnhuis-mana.nl\/wp-content\/uploads\/2022\/01\/Logo_Wijnhuis-Mana_Kleur.jpg","contentUrl":"https:\/\/wijnhuis-mana.nl\/wp-content\/uploads\/2022\/01\/Logo_Wijnhuis-Mana_Kleur.jpg","width":400,"height":111,"caption":"Wijnhuis-Mana.nl"}]},"product_price_amount":"6.35","product_price_currency":"EUR","og_availability":"instock","product_availability":"instock","product_retailer_item_id":"5608527003297","product_condition":"new","geo.placename":"Purmerend","geo.region":"Netherlands"},"post_mailing_queue_ids":[],"_links":{"self":[{"href":"https:\/\/wijnhuis-mana.nl\/en\/wp-json\/wp\/v2\/product\/15869","targetHints":{"allow":["GET"]}}],"collection":[{"href":"https:\/\/wijnhuis-mana.nl\/en\/wp-json\/wp\/v2\/product"}],"about":[{"href":"https:\/\/wijnhuis-mana.nl\/en\/wp-json\/wp\/v2\/types\/product"}],"replies":[{"embeddable":true,"href":"https:\/\/wijnhuis-mana.nl\/en\/wp-json\/wp\/v2\/comments?post=15869"}],"wp:featuredmedia":[{"embeddable":true,"href":"https:\/\/wijnhuis-mana.nl\/en\/wp-json\/wp\/v2\/media\/15928"}],"wp:attachment":[{"href":"https:\/\/wijnhuis-mana.nl\/en\/wp-json\/wp\/v2\/media?parent=15869"}],"wp:term":[{"taxonomy":"product_brand","embeddable":true,"href":"https:\/\/wijnhuis-mana.nl\/en\/wp-json\/wp\/v2\/product_brand?post=15869"},{"taxonomy":"product_cat","embeddable":true,"href":"https:\/\/wijnhuis-mana.nl\/en\/wp-json\/wp\/v2\/product_cat?post=15869"},{"taxonomy":"product_tag","embeddable":true,"href":"https:\/\/wijnhuis-mana.nl\/en\/wp-json\/wp\/v2\/product_tag?post=15869"}],"curies":[{"name":"wp","href":"https:\/\/api.w.org\/{rel}","templated":true}]}}