{"id":16065,"date":"2025-06-16T15:58:58","date_gmt":"2025-06-16T13:58:58","guid":{"rendered":"https:\/\/wijnhuis-mana.nl\/?post_type=product&#038;p=16065"},"modified":"2025-08-05T13:34:53","modified_gmt":"2025-08-05T11:34:53","slug":"guess-the-wine-tasting-blind-wijnproeven","status":"publish","type":"product","link":"https:\/\/wijnhuis-mana.nl\/en\/product\/guess-the-wine-tasting-blind-wijnproeven\/","title":{"rendered":"Guess the wine\u2026 tasting \u2013 Blind wijnproeven | Vrijdag 18 juli 2025, Wijnhuis Mana"},"content":{"rendered":"<h4 data-start=\"1161\" data-end=\"1222\">Guess the wine\u2026 tasting \u2013 Blind wijnproeven in Purmerend<\/h4>\n<p data-start=\"1224\" data-end=\"1473\">Op vrijdagavond <strong data-start=\"1240\" data-end=\"1256\">18 juli 2025<\/strong> nodigen we je uit voor de ultieme zintuiglijke uitdaging: <strong data-start=\"1315\" data-end=\"1342\">Guess the wine\u2026 tasting<\/strong>. Deze exclusieve avond draait volledig om <strong data-start=\"1385\" data-end=\"1419\">blind wijnproeven in Purmerend<\/strong>, waarbij zelfs de kleur van de wijn verborgen blijft\u2026<\/p>\n<p data-start=\"1475\" data-end=\"1717\">We schenken vijf wijnen in <strong data-start=\"1502\" data-end=\"1523\">zwarte wijnglazen<\/strong>. Dat betekent: geen visuele hints, geen etiketten \u2014 alleen geur, smaak en intu\u00eftie. Je gebruikt een proefschijf om je bevindingen te noteren en vervolgens waag je de gok: herkomstland en druif.<\/p>\n<hr data-start=\"1719\" data-end=\"1722\" \/>\n<h4 data-start=\"1724\" data-end=\"1752\">Wat je kunt verwachten:<\/h4>\n<ul data-start=\"1754\" data-end=\"2218\">\n<li data-start=\"1754\" data-end=\"1811\">\n<p data-start=\"1756\" data-end=\"1811\">\ud83d\udccd <strong data-start=\"1759\" data-end=\"1771\">Locatie:<\/strong> Wijnhuis Mana, Weerwal 11a, Purmerend<\/p>\n<\/li>\n<li data-start=\"1812\" data-end=\"1850\">\n<p data-start=\"1814\" data-end=\"1850\">\ud83d\udcc5 <strong data-start=\"1817\" data-end=\"1827\">Datum:<\/strong> Vrijdag 18 juli 2025<\/p>\n<\/li>\n<li data-start=\"1851\" data-end=\"1881\">\n<p data-start=\"1853\" data-end=\"1881\">\ud83d\udd56 <strong data-start=\"1856\" data-end=\"1865\">Tijd:<\/strong> 19:00 \u2013 21:00<\/p>\n<\/li>\n<li data-start=\"1882\" data-end=\"1935\">\n<p data-start=\"1884\" data-end=\"1935\">\ud83c\udf77 <strong data-start=\"1887\" data-end=\"1915\">5 blinde proeffragmenten<\/strong> uit zwarte glazen<\/p>\n<\/li>\n<li data-start=\"1936\" data-end=\"1986\">\n<p data-start=\"1938\" data-end=\"1986\">\ud83c\udf7d\ufe0f <strong data-start=\"1942\" data-end=\"1959\">Kleine hapjes<\/strong> die de smaken begeleiden<\/p>\n<\/li>\n<li data-start=\"1987\" data-end=\"2059\">\n<p data-start=\"1989\" data-end=\"2059\">\ud83e\udde0 <strong data-start=\"1992\" data-end=\"2007\">Proefschijf<\/strong> + begeleiding bij het herkennen van geur en smaak<\/p>\n<\/li>\n<li data-start=\"2060\" data-end=\"2089\">\n<p data-start=\"2062\" data-end=\"2089\">\ud83d\udcb3 <strong data-start=\"2065\" data-end=\"2075\">Prijs:<\/strong> \u20ac 35,- p.p.<\/p>\n<\/li>\n<li data-start=\"2090\" data-end=\"2218\">\n<p data-start=\"2092\" data-end=\"2218\">\ud83c\udf81 <strong data-start=\"2095\" data-end=\"2105\">Actie:<\/strong> Raad je bij 4 van de 5 wijnen de druif \u00e9n het land goed? Dan ontvang je een <strong data-start=\"2182\" data-end=\"2199\">\u20ac15 waardebon<\/strong> van Wijnhuis Mana!<\/p>\n<\/li>\n<\/ul>\n<hr data-start=\"2220\" data-end=\"2223\" \/>\n<h4 data-start=\"2225\" data-end=\"2255\">Waarom blind wijnproeven?<\/h4>\n<p data-start=\"2257\" data-end=\"2494\">Bij <strong data-start=\"2261\" data-end=\"2295\">blind wijnproeven in Purmerend<\/strong> draait het niet om kennis, maar om waarneming. Zonder visuele cues ontdek je \u00e9cht wat je proeft. De zwarte glazen maken het onmogelijk om op kleur te gokken, dus je zintuigen worden op scherp gezet.<\/p>\n<p data-start=\"2496\" data-end=\"2619\">Het maakt de avond spannend, leerzaam \u00e9n ontzettend leuk \u2014 of je nu een beginnende wijndrinker bent of een ervaren proever.<\/p>\n<hr data-start=\"2621\" data-end=\"2624\" \/>\n<p data-start=\"2626\" data-end=\"2655\">\ud83c\udfaf <strong data-start=\"2629\" data-end=\"2655\">Win een \u20ac15 shoptegoed<\/strong><\/p>\n<p data-start=\"2657\" data-end=\"2814\">Heb jij de juiste neus \u00e9n smaakpapillen? Raad 4 van de 5 wijnen correct en verdien een <strong data-start=\"2744\" data-end=\"2763\">\u20ac15 kortingsbon<\/strong>, te besteden op het assortiment van Wijnhuis Mana.<\/p>\n<hr data-start=\"2816\" data-end=\"2819\" \/>\n<p data-start=\"2821\" data-end=\"2861\">\ud83c\udf9f\ufe0f <strong data-start=\"2825\" data-end=\"2861\">Beperkte plaatsen \u2013 reserveer nu<\/strong><\/p>\n<p data-start=\"2863\" data-end=\"3001\">Deze proeverij is uniek in zijn soort en de plaatsen zijn beperkt. Mis deze zintuiglijke ontdekkingsreis niet \u2014 schrijf je vandaag nog in!<\/p>\n","protected":false},"excerpt":{"rendered":"<p class=\"ai-optimize-18\">Zin in een verrassende avond vol smaak en mysterie? Doe mee aan onze \u201cGuess the wine\u2026 tasting\u201d op 18 juli in Purmerend. Je proeft vijf bijzondere wijnen uit zwarte glazen, dus zelfs de kleur blijft geheim. Laat je zintuigen het werk doen en ontdek hoe goed jij kunt proeven \u2014 puur op geur, smaak en gevoel. Een unieke ervaring voor wijnliefhebbers van elk niveau!<\/p>\n","protected":false},"featured_media":298,"comment_status":"open","ping_status":"closed","template":"","meta":[],"product_brand":[],"product_cat":[2925],"product_tag":[1939,1940,1934,1945,1944,1935,557,1946,1942,1943,1936,1941],"class_list":{"0":"post-16065","1":"product","2":"type-product","3":"status-publish","4":"has-post-thumbnail","6":"product_cat-proeverijen","7":"product_tag-blind-wijnproeven","8":"product_tag-guess-the-wine","9":"product_tag-purmerend","10":"product_tag-waardebon-wijn","11":"product_tag-wijnactie","12":"product_tag-wijnhuis-mana","13":"product_tag-wijnproeverij","14":"product_tag-wijnquiz","15":"product_tag-wijnspel","16":"product_tag-zintuiglijke-proeverij","17":"product_tag-zomer-2025","18":"product_tag-zwarte-wijnglazen","20":"first","21":"outofstock","22":"virtual","23":"taxable","24":"purchasable","25":"product-type-simple"},"yoast_head":"<!-- This site is optimized with the Yoast SEO Premium plugin v27.5 (Yoast SEO v27.5) - https:\/\/yoast.com\/product\/yoast-seo-premium-wordpress\/ -->\n<title>Guess the wine\u2026 tasting \u2013 Blind wijnproeven in Purmerend (18 juli)<\/title>\n<meta name=\"description\" content=\"Guess the wine\u2026 tasting op 18 juli in Purmerend! Blind wijnproeven uit zwarte glazen. Win \u20ac15 shoptegoed bij 4 goede antwoorden. Reserveer snel je plek.\" \/>\n<meta name=\"robots\" content=\"index, follow, max-snippet:-1, max-image-preview:large, max-video-preview:-1\" \/>\n<link rel=\"canonical\" href=\"https:\/\/wijnhuis-mana.nl\/en\/product\/guess-the-wine-tasting-blind-wijnproeven\/\" \/>\n<meta property=\"og:locale\" content=\"en_US\" \/>\n<meta property=\"og:type\" content=\"article\" \/>\n<meta property=\"og:title\" content=\"Guess the wine\u2026 tasting \u2013 Blind wijnproeven | Vrijdag 18 juli 2025, Wijnhuis Mana\" \/>\n<meta property=\"og:description\" content=\"Guess the wine\u2026 tasting op 18 juli in Purmerend! Blind wijnproeven uit zwarte glazen. Win \u20ac15 shoptegoed bij 4 goede antwoorden. Reserveer snel je plek.\" \/>\n<meta property=\"og:url\" content=\"https:\/\/wijnhuis-mana.nl\/en\/product\/guess-the-wine-tasting-blind-wijnproeven\/\" \/>\n<meta property=\"og:site_name\" content=\"Wijnhuis-Mana.nl\" \/>\n<meta property=\"article:publisher\" content=\"https:\/\/www.facebook.com\/wijnhuismana\" \/>\n<meta property=\"article:modified_time\" content=\"2025-08-05T11:34:53+00:00\" \/>\n<meta property=\"og:image\" content=\"https:\/\/wijnhuis-mana.nl\/wp-content\/uploads\/2022\/01\/Wijn-proeverij-web.jpg\" \/>\n\t<meta property=\"og:image:width\" content=\"375\" \/>\n\t<meta property=\"og:image:height\" content=\"250\" \/>\n\t<meta property=\"og:image:type\" content=\"image\/jpeg\" \/>\n<meta name=\"twitter:card\" content=\"summary_large_image\" \/>\n<meta name=\"twitter:label1\" content=\"Price\" \/>\n\t<meta name=\"twitter:data1\" content=\"&euro;&nbsp;35,00\" \/>\n\t<meta name=\"twitter:label2\" content=\"Availability\" \/>\n\t<meta name=\"twitter:data2\" content=\"Out of stock\" \/>\n<script type=\"application\/ld+json\" class=\"yoast-schema-graph\">{\"@context\":\"https:\\\/\\\/schema.org\",\"@graph\":[{\"@type\":\"WebPage\",\"@id\":\"https:\\\/\\\/wijnhuis-mana.nl\\\/en\\\/product\\\/guess-the-wine-tasting-blind-wijnproeven\\\/\",\"url\":\"https:\\\/\\\/wijnhuis-mana.nl\\\/en\\\/product\\\/guess-the-wine-tasting-blind-wijnproeven\\\/\",\"name\":\"Guess the wine\u2026 tasting \u2013 Blind wijnproeven in Purmerend (18 juli)\",\"isPartOf\":{\"@id\":\"https:\\\/\\\/wijnhuis-mana.nl\\\/en\\\/#website\"},\"primaryImageOfPage\":{\"@id\":\"https:\\\/\\\/wijnhuis-mana.nl\\\/en\\\/product\\\/guess-the-wine-tasting-blind-wijnproeven\\\/#primaryimage\"},\"image\":{\"@id\":\"https:\\\/\\\/wijnhuis-mana.nl\\\/en\\\/product\\\/guess-the-wine-tasting-blind-wijnproeven\\\/#primaryimage\"},\"thumbnailUrl\":\"https:\\\/\\\/wijnhuis-mana.nl\\\/wp-content\\\/uploads\\\/2022\\\/01\\\/Wijn-proeverij-web.jpg\",\"datePublished\":\"2025-06-16T13:58:58+00:00\",\"dateModified\":\"2025-08-05T11:34:53+00:00\",\"description\":\"Guess the wine\u2026 tasting op 18 juli in Purmerend! Blind wijnproeven uit zwarte glazen. Win \u20ac15 shoptegoed bij 4 goede antwoorden. Reserveer snel je plek.\",\"breadcrumb\":{\"@id\":\"https:\\\/\\\/wijnhuis-mana.nl\\\/en\\\/product\\\/guess-the-wine-tasting-blind-wijnproeven\\\/#breadcrumb\"},\"inLanguage\":\"en-US\",\"potentialAction\":[{\"@type\":\"ReadAction\",\"target\":[\"https:\\\/\\\/wijnhuis-mana.nl\\\/en\\\/product\\\/guess-the-wine-tasting-blind-wijnproeven\\\/\"]}]},{\"@type\":\"ImageObject\",\"inLanguage\":\"en-US\",\"@id\":\"https:\\\/\\\/wijnhuis-mana.nl\\\/en\\\/product\\\/guess-the-wine-tasting-blind-wijnproeven\\\/#primaryimage\",\"url\":\"https:\\\/\\\/wijnhuis-mana.nl\\\/wp-content\\\/uploads\\\/2022\\\/01\\\/Wijn-proeverij-web.jpg\",\"contentUrl\":\"https:\\\/\\\/wijnhuis-mana.nl\\\/wp-content\\\/uploads\\\/2022\\\/01\\\/Wijn-proeverij-web.jpg\",\"width\":375,\"height\":250,\"caption\":\"Neem deel aan deze wijnproeverij en prikkel je zintuigen met het proeven van een 8-tal wijnen uit verschillende landen en streken.\"},{\"@type\":\"BreadcrumbList\",\"@id\":\"https:\\\/\\\/wijnhuis-mana.nl\\\/en\\\/product\\\/guess-the-wine-tasting-blind-wijnproeven\\\/#breadcrumb\",\"itemListElement\":[{\"@type\":\"ListItem\",\"position\":1,\"name\":\"Home\",\"item\":\"https:\\\/\\\/wijnhuis-mana.nl\\\/en\\\/\"},{\"@type\":\"ListItem\",\"position\":2,\"name\":\"Shop\",\"item\":\"https:\\\/\\\/wijnhuis-mana.nl\\\/en\\\/shop-2\\\/\"},{\"@type\":\"ListItem\",\"position\":3,\"name\":\"Guess the wine\u2026 tasting \u2013 Blind wijnproeven | Vrijdag 18 juli 2025, Wijnhuis Mana\"}]},{\"@type\":\"WebSite\",\"@id\":\"https:\\\/\\\/wijnhuis-mana.nl\\\/en\\\/#website\",\"url\":\"https:\\\/\\\/wijnhuis-mana.nl\\\/en\\\/\",\"name\":\"Wijnhuis-Mana.nl\",\"description\":\"Wijn v\u00e1n liefhebbers, v\u00f3\u00f3r liefhebbers\",\"publisher\":{\"@id\":\"https:\\\/\\\/wijnhuis-mana.nl\\\/en\\\/#organization\"},\"potentialAction\":[{\"@type\":\"SearchAction\",\"target\":{\"@type\":\"EntryPoint\",\"urlTemplate\":\"https:\\\/\\\/wijnhuis-mana.nl\\\/en\\\/?s={search_term_string}\"},\"query-input\":{\"@type\":\"PropertyValueSpecification\",\"valueRequired\":true,\"valueName\":\"search_term_string\"}}],\"inLanguage\":\"en-US\"},{\"@type\":[\"Organization\",\"Place\"],\"@id\":\"https:\\\/\\\/wijnhuis-mana.nl\\\/en\\\/#organization\",\"name\":\"Wijnhuis-Mana.nl\",\"url\":\"https:\\\/\\\/wijnhuis-mana.nl\\\/en\\\/\",\"logo\":{\"@id\":\"https:\\\/\\\/wijnhuis-mana.nl\\\/en\\\/product\\\/guess-the-wine-tasting-blind-wijnproeven\\\/#local-main-organization-logo\"},\"image\":{\"@id\":\"https:\\\/\\\/wijnhuis-mana.nl\\\/en\\\/product\\\/guess-the-wine-tasting-blind-wijnproeven\\\/#local-main-organization-logo\"},\"sameAs\":[\"https:\\\/\\\/www.facebook.com\\\/wijnhuismana\",\"https:\\\/\\\/www.instagram.com\\\/ghvino.nl\"],\"hasMerchantReturnPolicy\":{\"@type\":\"MerchantReturnPolicy\",\"merchantReturnLink\":\"https:\\\/\\\/wijnhuis-mana.nl\\\/algemene-voorwaarden\\\/\"},\"address\":{\"@id\":\"https:\\\/\\\/wijnhuis-mana.nl\\\/en\\\/product\\\/guess-the-wine-tasting-blind-wijnproeven\\\/#local-main-place-address\"},\"telephone\":[\"0299-769018\"],\"openingHoursSpecification\":[{\"@type\":\"OpeningHoursSpecification\",\"dayOfWeek\":[\"Monday\",\"Sunday\"],\"opens\":\"00:00\",\"closes\":\"00:00\"},{\"@type\":\"OpeningHoursSpecification\",\"dayOfWeek\":[\"Tuesday\"],\"opens\":\"10:00\",\"closes\":\"18:00\"},{\"@type\":\"OpeningHoursSpecification\",\"dayOfWeek\":[\"Wednesday\",\"Thursday\",\"Saturday\"],\"opens\":\"11:00\",\"closes\":\"18:00\"},{\"@type\":\"OpeningHoursSpecification\",\"dayOfWeek\":[\"Friday\"],\"opens\":\"11:00\",\"closes\":\"21:00\"}],\"email\":\"info@wijnhuis-mana.nl\",\"areaServed\":\"Nederland\",\"vatID\":\"NL58KNAB0255573782\",\"taxID\":\"NL58KNAB0255573782\"},{\"@type\":\"PostalAddress\",\"@id\":\"https:\\\/\\\/wijnhuis-mana.nl\\\/en\\\/product\\\/guess-the-wine-tasting-blind-wijnproeven\\\/#local-main-place-address\",\"streetAddress\":\"Weerwal 11\",\"addressLocality\":\"Purmerend\",\"postalCode\":\"1441 AL\",\"addressRegion\":\"Noord-Holland\",\"addressCountry\":\"NL\"},{\"@type\":\"ImageObject\",\"inLanguage\":\"en-US\",\"@id\":\"https:\\\/\\\/wijnhuis-mana.nl\\\/en\\\/product\\\/guess-the-wine-tasting-blind-wijnproeven\\\/#local-main-organization-logo\",\"url\":\"https:\\\/\\\/wijnhuis-mana.nl\\\/wp-content\\\/uploads\\\/2022\\\/01\\\/Logo_Wijnhuis-Mana_Kleur.jpg\",\"contentUrl\":\"https:\\\/\\\/wijnhuis-mana.nl\\\/wp-content\\\/uploads\\\/2022\\\/01\\\/Logo_Wijnhuis-Mana_Kleur.jpg\",\"width\":400,\"height\":111,\"caption\":\"Wijnhuis-Mana.nl\"}]}<\/script>\n<meta property=\"product:price:amount\" content=\"35.00\" \/>\n<meta property=\"product:price:currency\" content=\"EUR\" \/>\n<meta property=\"og:availability\" content=\"out of stock\" \/>\n<meta property=\"product:availability\" content=\"out of stock\" \/>\n<meta property=\"product:retailer_item_id\" content=\"wijnproeverij_18072025\" \/>\n<meta property=\"product:condition\" content=\"new\" \/>\n<meta name=\"geo.placename\" content=\"Purmerend\" \/>\n<meta name=\"geo.region\" content=\"Netherlands\" \/>\n<!-- \/ Yoast SEO Premium plugin. -->","yoast_head_json":{"title":"Guess the wine\u2026 tasting \u2013 Blind wijnproeven in Purmerend (18 juli)","description":"Guess the wine\u2026 tasting op 18 juli in Purmerend! Blind wijnproeven uit zwarte glazen. Win \u20ac15 shoptegoed bij 4 goede antwoorden. Reserveer snel je plek.","robots":{"index":"index","follow":"follow","max-snippet":"max-snippet:-1","max-image-preview":"max-image-preview:large","max-video-preview":"max-video-preview:-1"},"canonical":"https:\/\/wijnhuis-mana.nl\/en\/product\/guess-the-wine-tasting-blind-wijnproeven\/","og_locale":"en_US","og_type":"article","og_title":"Guess the wine\u2026 tasting \u2013 Blind wijnproeven | Vrijdag 18 juli 2025, Wijnhuis Mana","og_description":"Guess the wine\u2026 tasting op 18 juli in Purmerend! Blind wijnproeven uit zwarte glazen. Win \u20ac15 shoptegoed bij 4 goede antwoorden. Reserveer snel je plek.","og_url":"https:\/\/wijnhuis-mana.nl\/en\/product\/guess-the-wine-tasting-blind-wijnproeven\/","og_site_name":"Wijnhuis-Mana.nl","article_publisher":"https:\/\/www.facebook.com\/wijnhuismana","article_modified_time":"2025-08-05T11:34:53+00:00","og_image":[{"width":375,"height":250,"url":"https:\/\/wijnhuis-mana.nl\/wp-content\/uploads\/2022\/01\/Wijn-proeverij-web.jpg","type":"image\/jpeg"}],"twitter_card":"summary_large_image","twitter_misc":{"Price":"&euro;&nbsp;35,00","Availability":"Out of stock"},"schema":{"@context":"https:\/\/schema.org","@graph":[{"@type":"WebPage","@id":"https:\/\/wijnhuis-mana.nl\/en\/product\/guess-the-wine-tasting-blind-wijnproeven\/","url":"https:\/\/wijnhuis-mana.nl\/en\/product\/guess-the-wine-tasting-blind-wijnproeven\/","name":"Guess the wine\u2026 tasting \u2013 Blind wijnproeven in Purmerend (18 juli)","isPartOf":{"@id":"https:\/\/wijnhuis-mana.nl\/en\/#website"},"primaryImageOfPage":{"@id":"https:\/\/wijnhuis-mana.nl\/en\/product\/guess-the-wine-tasting-blind-wijnproeven\/#primaryimage"},"image":{"@id":"https:\/\/wijnhuis-mana.nl\/en\/product\/guess-the-wine-tasting-blind-wijnproeven\/#primaryimage"},"thumbnailUrl":"https:\/\/wijnhuis-mana.nl\/wp-content\/uploads\/2022\/01\/Wijn-proeverij-web.jpg","datePublished":"2025-06-16T13:58:58+00:00","dateModified":"2025-08-05T11:34:53+00:00","description":"Guess the wine\u2026 tasting op 18 juli in Purmerend! Blind wijnproeven uit zwarte glazen. Win \u20ac15 shoptegoed bij 4 goede antwoorden. Reserveer snel je plek.","breadcrumb":{"@id":"https:\/\/wijnhuis-mana.nl\/en\/product\/guess-the-wine-tasting-blind-wijnproeven\/#breadcrumb"},"inLanguage":"en-US","potentialAction":[{"@type":"ReadAction","target":["https:\/\/wijnhuis-mana.nl\/en\/product\/guess-the-wine-tasting-blind-wijnproeven\/"]}]},{"@type":"ImageObject","inLanguage":"en-US","@id":"https:\/\/wijnhuis-mana.nl\/en\/product\/guess-the-wine-tasting-blind-wijnproeven\/#primaryimage","url":"https:\/\/wijnhuis-mana.nl\/wp-content\/uploads\/2022\/01\/Wijn-proeverij-web.jpg","contentUrl":"https:\/\/wijnhuis-mana.nl\/wp-content\/uploads\/2022\/01\/Wijn-proeverij-web.jpg","width":375,"height":250,"caption":"Neem deel aan deze wijnproeverij en prikkel je zintuigen met het proeven van een 8-tal wijnen uit verschillende landen en streken."},{"@type":"BreadcrumbList","@id":"https:\/\/wijnhuis-mana.nl\/en\/product\/guess-the-wine-tasting-blind-wijnproeven\/#breadcrumb","itemListElement":[{"@type":"ListItem","position":1,"name":"Home","item":"https:\/\/wijnhuis-mana.nl\/en\/"},{"@type":"ListItem","position":2,"name":"Shop","item":"https:\/\/wijnhuis-mana.nl\/en\/shop-2\/"},{"@type":"ListItem","position":3,"name":"Guess the wine\u2026 tasting \u2013 Blind wijnproeven | Vrijdag 18 juli 2025, Wijnhuis Mana"}]},{"@type":"WebSite","@id":"https:\/\/wijnhuis-mana.nl\/en\/#website","url":"https:\/\/wijnhuis-mana.nl\/en\/","name":"Wijnhuis-Mana.nl","description":"Wijn v\u00e1n liefhebbers, v\u00f3\u00f3r liefhebbers","publisher":{"@id":"https:\/\/wijnhuis-mana.nl\/en\/#organization"},"potentialAction":[{"@type":"SearchAction","target":{"@type":"EntryPoint","urlTemplate":"https:\/\/wijnhuis-mana.nl\/en\/?s={search_term_string}"},"query-input":{"@type":"PropertyValueSpecification","valueRequired":true,"valueName":"search_term_string"}}],"inLanguage":"en-US"},{"@type":["Organization","Place"],"@id":"https:\/\/wijnhuis-mana.nl\/en\/#organization","name":"Wijnhuis-Mana.nl","url":"https:\/\/wijnhuis-mana.nl\/en\/","logo":{"@id":"https:\/\/wijnhuis-mana.nl\/en\/product\/guess-the-wine-tasting-blind-wijnproeven\/#local-main-organization-logo"},"image":{"@id":"https:\/\/wijnhuis-mana.nl\/en\/product\/guess-the-wine-tasting-blind-wijnproeven\/#local-main-organization-logo"},"sameAs":["https:\/\/www.facebook.com\/wijnhuismana","https:\/\/www.instagram.com\/ghvino.nl"],"hasMerchantReturnPolicy":{"@type":"MerchantReturnPolicy","merchantReturnLink":"https:\/\/wijnhuis-mana.nl\/algemene-voorwaarden\/"},"address":{"@id":"https:\/\/wijnhuis-mana.nl\/en\/product\/guess-the-wine-tasting-blind-wijnproeven\/#local-main-place-address"},"telephone":["0299-769018"],"openingHoursSpecification":[{"@type":"OpeningHoursSpecification","dayOfWeek":["Monday","Sunday"],"opens":"00:00","closes":"00:00"},{"@type":"OpeningHoursSpecification","dayOfWeek":["Tuesday"],"opens":"10:00","closes":"18:00"},{"@type":"OpeningHoursSpecification","dayOfWeek":["Wednesday","Thursday","Saturday"],"opens":"11:00","closes":"18:00"},{"@type":"OpeningHoursSpecification","dayOfWeek":["Friday"],"opens":"11:00","closes":"21:00"}],"email":"info@wijnhuis-mana.nl","areaServed":"Nederland","vatID":"NL58KNAB0255573782","taxID":"NL58KNAB0255573782"},{"@type":"PostalAddress","@id":"https:\/\/wijnhuis-mana.nl\/en\/product\/guess-the-wine-tasting-blind-wijnproeven\/#local-main-place-address","streetAddress":"Weerwal 11","addressLocality":"Purmerend","postalCode":"1441 AL","addressRegion":"Noord-Holland","addressCountry":"NL"},{"@type":"ImageObject","inLanguage":"en-US","@id":"https:\/\/wijnhuis-mana.nl\/en\/product\/guess-the-wine-tasting-blind-wijnproeven\/#local-main-organization-logo","url":"https:\/\/wijnhuis-mana.nl\/wp-content\/uploads\/2022\/01\/Logo_Wijnhuis-Mana_Kleur.jpg","contentUrl":"https:\/\/wijnhuis-mana.nl\/wp-content\/uploads\/2022\/01\/Logo_Wijnhuis-Mana_Kleur.jpg","width":400,"height":111,"caption":"Wijnhuis-Mana.nl"}]},"product_price_amount":"35.00","product_price_currency":"EUR","og_availability":"out of stock","product_availability":"out of stock","product_retailer_item_id":"wijnproeverij_18072025","product_condition":"new","geo.placename":"Purmerend","geo.region":"Netherlands"},"post_mailing_queue_ids":[],"_links":{"self":[{"href":"https:\/\/wijnhuis-mana.nl\/en\/wp-json\/wp\/v2\/product\/16065","targetHints":{"allow":["GET"]}}],"collection":[{"href":"https:\/\/wijnhuis-mana.nl\/en\/wp-json\/wp\/v2\/product"}],"about":[{"href":"https:\/\/wijnhuis-mana.nl\/en\/wp-json\/wp\/v2\/types\/product"}],"replies":[{"embeddable":true,"href":"https:\/\/wijnhuis-mana.nl\/en\/wp-json\/wp\/v2\/comments?post=16065"}],"wp:featuredmedia":[{"embeddable":true,"href":"https:\/\/wijnhuis-mana.nl\/en\/wp-json\/wp\/v2\/media\/298"}],"wp:attachment":[{"href":"https:\/\/wijnhuis-mana.nl\/en\/wp-json\/wp\/v2\/media?parent=16065"}],"wp:term":[{"taxonomy":"product_brand","embeddable":true,"href":"https:\/\/wijnhuis-mana.nl\/en\/wp-json\/wp\/v2\/product_brand?post=16065"},{"taxonomy":"product_cat","embeddable":true,"href":"https:\/\/wijnhuis-mana.nl\/en\/wp-json\/wp\/v2\/product_cat?post=16065"},{"taxonomy":"product_tag","embeddable":true,"href":"https:\/\/wijnhuis-mana.nl\/en\/wp-json\/wp\/v2\/product_tag?post=16065"}],"curies":[{"name":"wp","href":"https:\/\/api.w.org\/{rel}","templated":true}]}}