{"id":16085,"date":"2025-06-26T10:48:40","date_gmt":"2025-06-26T08:48:40","guid":{"rendered":"https:\/\/wijnhuis-mana.nl\/?post_type=product&#038;p=16085"},"modified":"2025-12-30T11:10:08","modified_gmt":"2025-12-30T10:10:08","slug":"omnipollo-nebuchadnezzar","status":"publish","type":"product","link":"https:\/\/wijnhuis-mana.nl\/en\/product\/omnipollo-nebuchadnezzar\/","title":{"rendered":"Omnipollo Nebuchadnezzar"},"content":{"rendered":"<h3 data-start=\"137\" data-end=\"162\">Algemene informatie<\/h3>\n<p data-start=\"163\" data-end=\"628\"><strong data-start=\"163\" data-end=\"191\">Omnipollo Nebuchadnezzar<\/strong> is een krachtige en iconische Imperial IPA van 8,5%, oorspronkelijk ontstaan als thuisbrouwsel. Het recept van brouwer Henok Fentie werd in 2012 op grotere schaal uitgebracht en groeide uit tot een van de meest bekroonde Zweedse IPA\u2019s ooit. De bieren worden gebrouwen bij Omnipollos Kyrka in Zweden, Brunswick Bierworks (Canada) en 12 Percent Beer Project (VS). De opvallende vormgeving is, zoals altijd bij Omnipollo, van Karl Grandin.<\/p>\n<h3 data-start=\"630\" data-end=\"677\">Smaakprofiel van Omnipollo Nebuchadnezzar<\/h3>\n<p data-start=\"678\" data-end=\"1060\">Nebuchadnezzar is een helder goudkleurige imperial IPA met een stevige witte schuimkraag. In de geur komen citrus, tropisch fruit en harsige dennenaroma\u2019s je tegemoet. De smaak is intens hoppig met tonen van mango, grapefruit, perzik en een milde bitterheid in de afdronk. Het mondgevoel is vol maar strak, met een stevige koolzuurprikkel die de hoge doordrinkbaarheid onderstreept.<\/p>\n<h3 data-start=\"1062\" data-end=\"1081\">Serveeradvies<\/h3>\n<p data-start=\"1082\" data-end=\"1216\">Serveer dit bier bij voorkeur rond 8\u201310\u00b0C in een IPA-glas of tulpglas. Dit zorgt voor maximale expressie van het aroma. Combineer met:<\/p>\n<ul data-start=\"1218\" data-end=\"1340\">\n<li data-start=\"1218\" data-end=\"1247\">\n<p data-start=\"1220\" data-end=\"1247\">Pittige Mexicaanse taco\u2019s<\/p>\n<\/li>\n<li data-start=\"1248\" data-end=\"1286\">\n<p data-start=\"1250\" data-end=\"1286\">Geroosterde kip met citrusmarinade<\/p>\n<\/li>\n<li data-start=\"1287\" data-end=\"1311\">\n<p data-start=\"1289\" data-end=\"1311\">Harde gerijpte kazen<\/p>\n<\/li>\n<li data-start=\"1312\" data-end=\"1340\">\n<p data-start=\"1314\" data-end=\"1340\">Thaise curry\u2019s met kokos<\/p>\n<\/li>\n<\/ul>\n<p data-start=\"1342\" data-end=\"1364\">Geen karafferen nodig.<\/p>\n<h3 data-start=\"1366\" data-end=\"1378\">Weetje<\/h3>\n<p data-start=\"1379\" data-end=\"1699\"><strong data-start=\"1379\" data-end=\"1397\">Nebuchadnezzar<\/strong> won in 2012 de gouden medaille \u00e9n Best of Show op het Stockholm Beer &amp; Whisky Festival. Het werd in 2012 en 2013 uitgeroepen tot Beste Zweedse Bier door onder meer RateBeer en Allt om \u00d6l. Ook staat het op de legendarische lijst <em data-start=\"1626\" data-end=\"1665\">30 Great IPAs to Drink Before You Die<\/em>. Een klassieker binnen het genre.<\/p>\n","protected":false},"excerpt":{"rendered":"<p>Omnipollo Nebuchadnezzar is een legendarische Imperial IPA van 8.5%, intens hoppig en bekroond als beste Zweedse bier.<\/p>\n","protected":false},"featured_media":16126,"comment_status":"open","ping_status":"closed","template":"","meta":[],"product_brand":[],"product_cat":[2903],"product_tag":[1995,1682,1958,1341,1993,1674,1994,1988,1415,1992],"class_list":{"0":"post-16085","1":"product","2":"type-product","3":"status-publish","4":"has-post-thumbnail","6":"product_cat-speciaalbier","7":"product_tag-bitter","8":"product_tag-citrus","9":"product_tag-craft-beer","10":"product_tag-hoppig-bier","11":"product_tag-imperial-ipa","12":"product_tag-ipa","13":"product_tag-nebuchadnezzar","14":"product_tag-omnipollo","15":"product_tag-tropisch","16":"product_tag-zweden","18":"first","19":"instock","20":"taxable","21":"shipping-taxable","22":"purchasable","23":"product-type-simple"},"yoast_head":"<!-- This site is optimized with the Yoast SEO Premium plugin v27.3 (Yoast SEO v27.3) - https:\/\/yoast.com\/product\/yoast-seo-premium-wordpress\/ -->\n<title>Omnipollo Nebuchadnezzar \u2013 Imperial IPA 8.5%<\/title>\n<meta name=\"description\" content=\"Omnipollo Nebuchadnezzar is een bekroonde Imperial IPA van 8.5% met tropisch fruit, citrus en een stevige bitterheid.\" \/>\n<meta name=\"robots\" content=\"index, follow, max-snippet:-1, max-image-preview:large, max-video-preview:-1\" \/>\n<link rel=\"canonical\" href=\"https:\/\/wijnhuis-mana.nl\/en\/product\/omnipollo-nebuchadnezzar\/\" \/>\n<meta property=\"og:locale\" content=\"en_US\" \/>\n<meta property=\"og:type\" content=\"article\" \/>\n<meta property=\"og:title\" content=\"Omnipollo Nebuchadnezzar\" \/>\n<meta property=\"og:description\" content=\"Omnipollo Nebuchadnezzar is een bekroonde Imperial IPA van 8.5% met tropisch fruit, citrus en een stevige bitterheid.\" \/>\n<meta property=\"og:url\" content=\"https:\/\/wijnhuis-mana.nl\/en\/product\/omnipollo-nebuchadnezzar\/\" \/>\n<meta property=\"og:site_name\" content=\"Wijnhuis-Mana.nl\" \/>\n<meta property=\"article:publisher\" content=\"https:\/\/www.facebook.com\/wijnhuismana\" \/>\n<meta property=\"article:modified_time\" content=\"2025-12-30T10:10:08+00:00\" \/>\n<meta property=\"og:image\" content=\"https:\/\/wijnhuis-mana.nl\/wp-content\/uploads\/2025\/06\/Omnipollo-Nebuchadnezzar.jpg\" \/>\n\t<meta property=\"og:image:width\" content=\"800\" \/>\n\t<meta property=\"og:image:height\" content=\"800\" \/>\n\t<meta property=\"og:image:type\" content=\"image\/jpeg\" \/>\n<meta name=\"twitter:card\" content=\"summary_large_image\" \/>\n<meta name=\"twitter:label1\" content=\"Price\" \/>\n\t<meta name=\"twitter:data1\" content=\"&euro;&nbsp;5,25\" \/>\n\t<meta name=\"twitter:label2\" content=\"Availability\" \/>\n\t<meta name=\"twitter:data2\" content=\"In stock\" \/>\n<script type=\"application\/ld+json\" class=\"yoast-schema-graph\">{\"@context\":\"https:\\\/\\\/schema.org\",\"@graph\":[{\"@type\":\"WebPage\",\"@id\":\"https:\\\/\\\/wijnhuis-mana.nl\\\/en\\\/product\\\/omnipollo-nebuchadnezzar\\\/\",\"url\":\"https:\\\/\\\/wijnhuis-mana.nl\\\/en\\\/product\\\/omnipollo-nebuchadnezzar\\\/\",\"name\":\"Omnipollo Nebuchadnezzar \u2013 Imperial IPA 8.5%\",\"isPartOf\":{\"@id\":\"https:\\\/\\\/wijnhuis-mana.nl\\\/en\\\/#website\"},\"primaryImageOfPage\":{\"@id\":\"https:\\\/\\\/wijnhuis-mana.nl\\\/en\\\/product\\\/omnipollo-nebuchadnezzar\\\/#primaryimage\"},\"image\":{\"@id\":\"https:\\\/\\\/wijnhuis-mana.nl\\\/en\\\/product\\\/omnipollo-nebuchadnezzar\\\/#primaryimage\"},\"thumbnailUrl\":\"https:\\\/\\\/wijnhuis-mana.nl\\\/wp-content\\\/uploads\\\/2025\\\/06\\\/Omnipollo-Nebuchadnezzar.jpg\",\"datePublished\":\"2025-06-26T08:48:40+00:00\",\"dateModified\":\"2025-12-30T10:10:08+00:00\",\"description\":\"Omnipollo Nebuchadnezzar is een bekroonde Imperial IPA van 8.5% met tropisch fruit, citrus en een stevige bitterheid.\",\"breadcrumb\":{\"@id\":\"https:\\\/\\\/wijnhuis-mana.nl\\\/en\\\/product\\\/omnipollo-nebuchadnezzar\\\/#breadcrumb\"},\"inLanguage\":\"en-US\",\"potentialAction\":[{\"@type\":\"ReadAction\",\"target\":[\"https:\\\/\\\/wijnhuis-mana.nl\\\/en\\\/product\\\/omnipollo-nebuchadnezzar\\\/\"]}]},{\"@type\":\"ImageObject\",\"inLanguage\":\"en-US\",\"@id\":\"https:\\\/\\\/wijnhuis-mana.nl\\\/en\\\/product\\\/omnipollo-nebuchadnezzar\\\/#primaryimage\",\"url\":\"https:\\\/\\\/wijnhuis-mana.nl\\\/wp-content\\\/uploads\\\/2025\\\/06\\\/Omnipollo-Nebuchadnezzar.jpg\",\"contentUrl\":\"https:\\\/\\\/wijnhuis-mana.nl\\\/wp-content\\\/uploads\\\/2025\\\/06\\\/Omnipollo-Nebuchadnezzar.jpg\",\"width\":800,\"height\":800,\"caption\":\"Omnipollo Nebuchadnezzar is een bekroonde Imperial IPA van 8.5% met tropisch fruit, citrus en een stevige bitterheid.\"},{\"@type\":\"BreadcrumbList\",\"@id\":\"https:\\\/\\\/wijnhuis-mana.nl\\\/en\\\/product\\\/omnipollo-nebuchadnezzar\\\/#breadcrumb\",\"itemListElement\":[{\"@type\":\"ListItem\",\"position\":1,\"name\":\"Home\",\"item\":\"https:\\\/\\\/wijnhuis-mana.nl\\\/en\\\/\"},{\"@type\":\"ListItem\",\"position\":2,\"name\":\"Shop\",\"item\":\"https:\\\/\\\/wijnhuis-mana.nl\\\/en\\\/shop-2\\\/\"},{\"@type\":\"ListItem\",\"position\":3,\"name\":\"Omnipollo Nebuchadnezzar\"}]},{\"@type\":\"WebSite\",\"@id\":\"https:\\\/\\\/wijnhuis-mana.nl\\\/en\\\/#website\",\"url\":\"https:\\\/\\\/wijnhuis-mana.nl\\\/en\\\/\",\"name\":\"Wijnhuis-Mana.nl\",\"description\":\"Wijn v\u00e1n liefhebbers, v\u00f3\u00f3r liefhebbers\",\"publisher\":{\"@id\":\"https:\\\/\\\/wijnhuis-mana.nl\\\/en\\\/#organization\"},\"potentialAction\":[{\"@type\":\"SearchAction\",\"target\":{\"@type\":\"EntryPoint\",\"urlTemplate\":\"https:\\\/\\\/wijnhuis-mana.nl\\\/en\\\/?s={search_term_string}\"},\"query-input\":{\"@type\":\"PropertyValueSpecification\",\"valueRequired\":true,\"valueName\":\"search_term_string\"}}],\"inLanguage\":\"en-US\"},{\"@type\":[\"Organization\",\"Place\"],\"@id\":\"https:\\\/\\\/wijnhuis-mana.nl\\\/en\\\/#organization\",\"name\":\"Wijnhuis-Mana.nl\",\"url\":\"https:\\\/\\\/wijnhuis-mana.nl\\\/en\\\/\",\"logo\":{\"@id\":\"https:\\\/\\\/wijnhuis-mana.nl\\\/en\\\/product\\\/omnipollo-nebuchadnezzar\\\/#local-main-organization-logo\"},\"image\":{\"@id\":\"https:\\\/\\\/wijnhuis-mana.nl\\\/en\\\/product\\\/omnipollo-nebuchadnezzar\\\/#local-main-organization-logo\"},\"sameAs\":[\"https:\\\/\\\/www.facebook.com\\\/wijnhuismana\",\"https:\\\/\\\/www.instagram.com\\\/ghvino.nl\"],\"hasMerchantReturnPolicy\":{\"@type\":\"MerchantReturnPolicy\",\"merchantReturnLink\":\"https:\\\/\\\/wijnhuis-mana.nl\\\/algemene-voorwaarden\\\/\"},\"address\":{\"@id\":\"https:\\\/\\\/wijnhuis-mana.nl\\\/en\\\/product\\\/omnipollo-nebuchadnezzar\\\/#local-main-place-address\"},\"telephone\":[\"0299-769018\"],\"openingHoursSpecification\":[{\"@type\":\"OpeningHoursSpecification\",\"dayOfWeek\":[\"Monday\",\"Sunday\"],\"opens\":\"00:00\",\"closes\":\"00:00\"},{\"@type\":\"OpeningHoursSpecification\",\"dayOfWeek\":[\"Tuesday\"],\"opens\":\"10:00\",\"closes\":\"18:00\"},{\"@type\":\"OpeningHoursSpecification\",\"dayOfWeek\":[\"Wednesday\",\"Thursday\",\"Saturday\"],\"opens\":\"11:00\",\"closes\":\"18:00\"},{\"@type\":\"OpeningHoursSpecification\",\"dayOfWeek\":[\"Friday\"],\"opens\":\"11:00\",\"closes\":\"21:00\"}],\"email\":\"info@wijnhuis-mana.nl\",\"areaServed\":\"Nederland\",\"vatID\":\"NL58KNAB0255573782\",\"taxID\":\"NL58KNAB0255573782\"},{\"@type\":\"PostalAddress\",\"@id\":\"https:\\\/\\\/wijnhuis-mana.nl\\\/en\\\/product\\\/omnipollo-nebuchadnezzar\\\/#local-main-place-address\",\"streetAddress\":\"Weerwal 11\",\"addressLocality\":\"Purmerend\",\"postalCode\":\"1441 AL\",\"addressRegion\":\"Noord-Holland\",\"addressCountry\":\"NL\"},{\"@type\":\"ImageObject\",\"inLanguage\":\"en-US\",\"@id\":\"https:\\\/\\\/wijnhuis-mana.nl\\\/en\\\/product\\\/omnipollo-nebuchadnezzar\\\/#local-main-organization-logo\",\"url\":\"https:\\\/\\\/wijnhuis-mana.nl\\\/wp-content\\\/uploads\\\/2022\\\/01\\\/Logo_Wijnhuis-Mana_Kleur.jpg\",\"contentUrl\":\"https:\\\/\\\/wijnhuis-mana.nl\\\/wp-content\\\/uploads\\\/2022\\\/01\\\/Logo_Wijnhuis-Mana_Kleur.jpg\",\"width\":400,\"height\":111,\"caption\":\"Wijnhuis-Mana.nl\"}]}<\/script>\n<meta property=\"product:price:amount\" content=\"5.25\" \/>\n<meta property=\"product:price:currency\" content=\"EUR\" \/>\n<meta property=\"og:availability\" content=\"instock\" \/>\n<meta property=\"product:availability\" content=\"instock\" \/>\n<meta property=\"product:retailer_item_id\" content=\"7340216100266\" \/>\n<meta property=\"product:condition\" content=\"new\" \/>\n<meta name=\"geo.placename\" content=\"Purmerend\" \/>\n<meta name=\"geo.region\" content=\"Netherlands\" \/>\n<!-- \/ Yoast SEO Premium plugin. -->","yoast_head_json":{"title":"Omnipollo Nebuchadnezzar \u2013 Imperial IPA 8.5%","description":"Omnipollo Nebuchadnezzar is een bekroonde Imperial IPA van 8.5% met tropisch fruit, citrus en een stevige bitterheid.","robots":{"index":"index","follow":"follow","max-snippet":"max-snippet:-1","max-image-preview":"max-image-preview:large","max-video-preview":"max-video-preview:-1"},"canonical":"https:\/\/wijnhuis-mana.nl\/en\/product\/omnipollo-nebuchadnezzar\/","og_locale":"en_US","og_type":"article","og_title":"Omnipollo Nebuchadnezzar","og_description":"Omnipollo Nebuchadnezzar is een bekroonde Imperial IPA van 8.5% met tropisch fruit, citrus en een stevige bitterheid.","og_url":"https:\/\/wijnhuis-mana.nl\/en\/product\/omnipollo-nebuchadnezzar\/","og_site_name":"Wijnhuis-Mana.nl","article_publisher":"https:\/\/www.facebook.com\/wijnhuismana","article_modified_time":"2025-12-30T10:10:08+00:00","og_image":[{"width":800,"height":800,"url":"https:\/\/wijnhuis-mana.nl\/wp-content\/uploads\/2025\/06\/Omnipollo-Nebuchadnezzar.jpg","type":"image\/jpeg"}],"twitter_card":"summary_large_image","twitter_misc":{"Price":"&euro;&nbsp;5,25","Availability":"In stock"},"schema":{"@context":"https:\/\/schema.org","@graph":[{"@type":"WebPage","@id":"https:\/\/wijnhuis-mana.nl\/en\/product\/omnipollo-nebuchadnezzar\/","url":"https:\/\/wijnhuis-mana.nl\/en\/product\/omnipollo-nebuchadnezzar\/","name":"Omnipollo Nebuchadnezzar \u2013 Imperial IPA 8.5%","isPartOf":{"@id":"https:\/\/wijnhuis-mana.nl\/en\/#website"},"primaryImageOfPage":{"@id":"https:\/\/wijnhuis-mana.nl\/en\/product\/omnipollo-nebuchadnezzar\/#primaryimage"},"image":{"@id":"https:\/\/wijnhuis-mana.nl\/en\/product\/omnipollo-nebuchadnezzar\/#primaryimage"},"thumbnailUrl":"https:\/\/wijnhuis-mana.nl\/wp-content\/uploads\/2025\/06\/Omnipollo-Nebuchadnezzar.jpg","datePublished":"2025-06-26T08:48:40+00:00","dateModified":"2025-12-30T10:10:08+00:00","description":"Omnipollo Nebuchadnezzar is een bekroonde Imperial IPA van 8.5% met tropisch fruit, citrus en een stevige bitterheid.","breadcrumb":{"@id":"https:\/\/wijnhuis-mana.nl\/en\/product\/omnipollo-nebuchadnezzar\/#breadcrumb"},"inLanguage":"en-US","potentialAction":[{"@type":"ReadAction","target":["https:\/\/wijnhuis-mana.nl\/en\/product\/omnipollo-nebuchadnezzar\/"]}]},{"@type":"ImageObject","inLanguage":"en-US","@id":"https:\/\/wijnhuis-mana.nl\/en\/product\/omnipollo-nebuchadnezzar\/#primaryimage","url":"https:\/\/wijnhuis-mana.nl\/wp-content\/uploads\/2025\/06\/Omnipollo-Nebuchadnezzar.jpg","contentUrl":"https:\/\/wijnhuis-mana.nl\/wp-content\/uploads\/2025\/06\/Omnipollo-Nebuchadnezzar.jpg","width":800,"height":800,"caption":"Omnipollo Nebuchadnezzar is een bekroonde Imperial IPA van 8.5% met tropisch fruit, citrus en een stevige bitterheid."},{"@type":"BreadcrumbList","@id":"https:\/\/wijnhuis-mana.nl\/en\/product\/omnipollo-nebuchadnezzar\/#breadcrumb","itemListElement":[{"@type":"ListItem","position":1,"name":"Home","item":"https:\/\/wijnhuis-mana.nl\/en\/"},{"@type":"ListItem","position":2,"name":"Shop","item":"https:\/\/wijnhuis-mana.nl\/en\/shop-2\/"},{"@type":"ListItem","position":3,"name":"Omnipollo Nebuchadnezzar"}]},{"@type":"WebSite","@id":"https:\/\/wijnhuis-mana.nl\/en\/#website","url":"https:\/\/wijnhuis-mana.nl\/en\/","name":"Wijnhuis-Mana.nl","description":"Wijn v\u00e1n liefhebbers, v\u00f3\u00f3r liefhebbers","publisher":{"@id":"https:\/\/wijnhuis-mana.nl\/en\/#organization"},"potentialAction":[{"@type":"SearchAction","target":{"@type":"EntryPoint","urlTemplate":"https:\/\/wijnhuis-mana.nl\/en\/?s={search_term_string}"},"query-input":{"@type":"PropertyValueSpecification","valueRequired":true,"valueName":"search_term_string"}}],"inLanguage":"en-US"},{"@type":["Organization","Place"],"@id":"https:\/\/wijnhuis-mana.nl\/en\/#organization","name":"Wijnhuis-Mana.nl","url":"https:\/\/wijnhuis-mana.nl\/en\/","logo":{"@id":"https:\/\/wijnhuis-mana.nl\/en\/product\/omnipollo-nebuchadnezzar\/#local-main-organization-logo"},"image":{"@id":"https:\/\/wijnhuis-mana.nl\/en\/product\/omnipollo-nebuchadnezzar\/#local-main-organization-logo"},"sameAs":["https:\/\/www.facebook.com\/wijnhuismana","https:\/\/www.instagram.com\/ghvino.nl"],"hasMerchantReturnPolicy":{"@type":"MerchantReturnPolicy","merchantReturnLink":"https:\/\/wijnhuis-mana.nl\/algemene-voorwaarden\/"},"address":{"@id":"https:\/\/wijnhuis-mana.nl\/en\/product\/omnipollo-nebuchadnezzar\/#local-main-place-address"},"telephone":["0299-769018"],"openingHoursSpecification":[{"@type":"OpeningHoursSpecification","dayOfWeek":["Monday","Sunday"],"opens":"00:00","closes":"00:00"},{"@type":"OpeningHoursSpecification","dayOfWeek":["Tuesday"],"opens":"10:00","closes":"18:00"},{"@type":"OpeningHoursSpecification","dayOfWeek":["Wednesday","Thursday","Saturday"],"opens":"11:00","closes":"18:00"},{"@type":"OpeningHoursSpecification","dayOfWeek":["Friday"],"opens":"11:00","closes":"21:00"}],"email":"info@wijnhuis-mana.nl","areaServed":"Nederland","vatID":"NL58KNAB0255573782","taxID":"NL58KNAB0255573782"},{"@type":"PostalAddress","@id":"https:\/\/wijnhuis-mana.nl\/en\/product\/omnipollo-nebuchadnezzar\/#local-main-place-address","streetAddress":"Weerwal 11","addressLocality":"Purmerend","postalCode":"1441 AL","addressRegion":"Noord-Holland","addressCountry":"NL"},{"@type":"ImageObject","inLanguage":"en-US","@id":"https:\/\/wijnhuis-mana.nl\/en\/product\/omnipollo-nebuchadnezzar\/#local-main-organization-logo","url":"https:\/\/wijnhuis-mana.nl\/wp-content\/uploads\/2022\/01\/Logo_Wijnhuis-Mana_Kleur.jpg","contentUrl":"https:\/\/wijnhuis-mana.nl\/wp-content\/uploads\/2022\/01\/Logo_Wijnhuis-Mana_Kleur.jpg","width":400,"height":111,"caption":"Wijnhuis-Mana.nl"}]},"product_price_amount":"5.25","product_price_currency":"EUR","og_availability":"instock","product_availability":"instock","product_retailer_item_id":"7340216100266","product_condition":"new","geo.placename":"Purmerend","geo.region":"Netherlands"},"post_mailing_queue_ids":[],"_links":{"self":[{"href":"https:\/\/wijnhuis-mana.nl\/en\/wp-json\/wp\/v2\/product\/16085","targetHints":{"allow":["GET"]}}],"collection":[{"href":"https:\/\/wijnhuis-mana.nl\/en\/wp-json\/wp\/v2\/product"}],"about":[{"href":"https:\/\/wijnhuis-mana.nl\/en\/wp-json\/wp\/v2\/types\/product"}],"replies":[{"embeddable":true,"href":"https:\/\/wijnhuis-mana.nl\/en\/wp-json\/wp\/v2\/comments?post=16085"}],"wp:featuredmedia":[{"embeddable":true,"href":"https:\/\/wijnhuis-mana.nl\/en\/wp-json\/wp\/v2\/media\/16126"}],"wp:attachment":[{"href":"https:\/\/wijnhuis-mana.nl\/en\/wp-json\/wp\/v2\/media?parent=16085"}],"wp:term":[{"taxonomy":"product_brand","embeddable":true,"href":"https:\/\/wijnhuis-mana.nl\/en\/wp-json\/wp\/v2\/product_brand?post=16085"},{"taxonomy":"product_cat","embeddable":true,"href":"https:\/\/wijnhuis-mana.nl\/en\/wp-json\/wp\/v2\/product_cat?post=16085"},{"taxonomy":"product_tag","embeddable":true,"href":"https:\/\/wijnhuis-mana.nl\/en\/wp-json\/wp\/v2\/product_tag?post=16085"}],"curies":[{"name":"wp","href":"https:\/\/api.w.org\/{rel}","templated":true}]}}