{"id":16236,"date":"2025-08-01T20:22:12","date_gmt":"2025-08-01T18:22:12","guid":{"rendered":"https:\/\/wijnhuis-mana.nl\/?post_type=product&#038;p=16236"},"modified":"2026-01-04T19:22:34","modified_gmt":"2026-01-04T18:22:34","slug":"feuerheerds-colheita-2000","status":"publish","type":"product","link":"https:\/\/wijnhuis-mana.nl\/en\/product\/feuerheerds-colheita-2000\/","title":{"rendered":"Feuerheerds Colheita 2000"},"content":{"rendered":"<p data-start=\"187\" data-end=\"643\"><strong data-start=\"187\" data-end=\"210\">Algemene informatie<\/strong><br data-start=\"210\" data-end=\"213\" \/>Feuerheerd\u2019s Colheita 2000 is een exclusieve Colheita Port gemaakt van een enkele oogst. Deze Port is samengesteld uit traditionele druivenrassen zoals Touriga Nacional, Touriga Franca, Tinta Roriz, Tinta Barroca en Tinto C\u00e3o. Na de vinificatie rijpt de wijn minstens 7 jaar op eikenhouten vaten. Bovendien is deze Colheita afkomstig uit het uitstekende oogstjaar 2000, wat de wijn een bijzondere diepgang en complexiteit geeft.<\/p>\n<p data-start=\"645\" data-end=\"1029\"><strong data-start=\"645\" data-end=\"661\">Smaakprofiel<\/strong><br data-start=\"661\" data-end=\"664\" \/>In het glas toont de Feuerheerd\u2019s Colheita 2000 een amberkleur met rode tinten. In de neus ontdek je aroma\u2019s van karamel en zoete specerijen. Daarnaast proef je een rijke, romige structuur die perfect in balans wordt gebracht door een frisse toets. Hierdoor ontstaat een Port die zowel krachtig als elegant is. Kortom, een wijn die uitblinkt in balans en finesse.<\/p>\n<p data-start=\"1031\" data-end=\"1188\"><strong data-start=\"1031\" data-end=\"1048\">Serveeradvies<\/strong><br data-start=\"1048\" data-end=\"1051\" \/>Serveer licht gekoeld op 12\u201314 \u00b0C in een Portglas. Deze Colheita is ideaal als afsluiting van een diner of als begeleider van desserts.<\/p>\n<p data-start=\"1190\" data-end=\"1209\"><strong data-start=\"1190\" data-end=\"1207\">Past goed bij<\/strong><\/p>\n<ul data-start=\"1210\" data-end=\"1322\">\n<li data-start=\"1210\" data-end=\"1246\">\n<p data-start=\"1212\" data-end=\"1246\">Roquefort en andere blauwe kazen<\/p>\n<\/li>\n<li data-start=\"1247\" data-end=\"1271\">\n<p data-start=\"1249\" data-end=\"1271\">Notentaarten en cake<\/p>\n<\/li>\n<li data-start=\"1272\" data-end=\"1293\">\n<p data-start=\"1274\" data-end=\"1293\">Chocoladedesserts<\/p>\n<\/li>\n<li data-start=\"1294\" data-end=\"1322\">\n<p data-start=\"1296\" data-end=\"1322\">Walnoten en cr\u00e8me br\u00fbl\u00e9e<\/p>\n<\/li>\n<\/ul>\n<p data-start=\"1324\" data-end=\"1580\"><strong data-start=\"1324\" data-end=\"1334\">Weetje<\/strong><br data-start=\"1334\" data-end=\"1337\" \/>Het huis Feuerheerd\u2019s werd opgericht in 1815 en staat bekend om zijn hoogwaardige Ports. Hun Colheita\u2019s worden uitsluitend gemaakt in uitstekende oogstjaren en onderscheiden zich door een lange vatrijping die complexiteit en diepte toevoegt.<\/p>\n","protected":false},"excerpt":{"rendered":"<p>Feuerheerd\u2019s Colheita 2000 is een exclusieve Tawny Port uit \u00e9\u00e9n oogstjaar met aroma\u2019s van karamel en specerijen. Romig, fris en perfect in balans.<\/p>\n<p>\nVivino score:<\/p>\n<div class=\"vivino-widget vivino-wine-card-widget\" data-vivino-widget-type=\"wineWithoutVintage\" data-vivino-wine-id=\"1586930\" data-make-vivino-redirect=\"true\" data-vivino-widget-language=\"en\" data-vivino-widget-layout=\"small_new\">\n  <a target=\"_blank\">Wine name<\/a>\n<\/div>\n","protected":false},"featured_media":16367,"comment_status":"open","ping_status":"closed","template":"","meta":[],"product_brand":[],"product_cat":[2888,2902,2889],"product_tag":[1305,1185,2087,2088,1928,2090,2089,1925],"class_list":{"0":"post-16236","1":"product","2":"type-product","3":"status-publish","4":"has-post-thumbnail","6":"product_cat-alle-wijn","7":"product_cat-overige-landen","8":"product_cat-rode-wijn","9":"product_tag-colheita","10":"product_tag-dessertwijn","11":"product_tag-feuerheerds","12":"product_tag-port-2000","13":"product_tag-port-bij-chocolade","14":"product_tag-port-bij-kaas","15":"product_tag-portugese-port","16":"product_tag-tawny-port","18":"first","19":"instock","20":"taxable","21":"shipping-taxable","22":"purchasable","23":"product-type-simple"},"yoast_head":"<!-- This site is optimized with the Yoast SEO Premium plugin v27.3 (Yoast SEO v27.3) - https:\/\/yoast.com\/product\/yoast-seo-premium-wordpress\/ -->\n<title>Feuerheerd\u2019s Colheita 2000 \u2013 Exclusieve Tawny Port uit \u00e9\u00e9n oogstjaar<\/title>\n<meta name=\"description\" content=\"Feuerheerd\u2019s Colheita 2000: gerijpte Tawny Port met aroma\u2019s van karamel en specerijen. Exclusieve oogst 2000, romig en elegant.\" \/>\n<meta name=\"robots\" content=\"index, follow, max-snippet:-1, max-image-preview:large, max-video-preview:-1\" \/>\n<link rel=\"canonical\" href=\"https:\/\/wijnhuis-mana.nl\/en\/product\/feuerheerds-colheita-2000\/\" \/>\n<meta property=\"og:locale\" content=\"en_US\" \/>\n<meta property=\"og:type\" content=\"article\" \/>\n<meta property=\"og:title\" content=\"Feuerheerds Colheita 2000\" \/>\n<meta property=\"og:description\" content=\"Feuerheerd\u2019s Colheita 2000: gerijpte Tawny Port met aroma\u2019s van karamel en specerijen. Exclusieve oogst 2000, romig en elegant.\" \/>\n<meta property=\"og:url\" content=\"https:\/\/wijnhuis-mana.nl\/en\/product\/feuerheerds-colheita-2000\/\" \/>\n<meta property=\"og:site_name\" content=\"Wijnhuis-Mana.nl\" \/>\n<meta property=\"article:publisher\" content=\"https:\/\/www.facebook.com\/wijnhuismana\" \/>\n<meta property=\"article:modified_time\" content=\"2026-01-04T18:22:34+00:00\" \/>\n<meta property=\"og:image\" content=\"https:\/\/wijnhuis-mana.nl\/wp-content\/uploads\/2025\/08\/Feuerheerds-Colheita-2000.jpg\" \/>\n\t<meta property=\"og:image:width\" content=\"800\" \/>\n\t<meta property=\"og:image:height\" content=\"800\" \/>\n\t<meta property=\"og:image:type\" content=\"image\/jpeg\" \/>\n<meta name=\"twitter:card\" content=\"summary_large_image\" \/>\n<meta name=\"twitter:label1\" content=\"Price\" \/>\n\t<meta name=\"twitter:data1\" content=\"&euro;&nbsp;31,95\" \/>\n\t<meta name=\"twitter:label2\" content=\"Availability\" \/>\n\t<meta name=\"twitter:data2\" content=\"In stock\" \/>\n<script type=\"application\/ld+json\" class=\"yoast-schema-graph\">{\"@context\":\"https:\\\/\\\/schema.org\",\"@graph\":[{\"@type\":\"WebPage\",\"@id\":\"https:\\\/\\\/wijnhuis-mana.nl\\\/en\\\/product\\\/feuerheerds-colheita-2000\\\/\",\"url\":\"https:\\\/\\\/wijnhuis-mana.nl\\\/en\\\/product\\\/feuerheerds-colheita-2000\\\/\",\"name\":\"Feuerheerd\u2019s Colheita 2000 \u2013 Exclusieve Tawny Port uit \u00e9\u00e9n oogstjaar\",\"isPartOf\":{\"@id\":\"https:\\\/\\\/wijnhuis-mana.nl\\\/en\\\/#website\"},\"primaryImageOfPage\":{\"@id\":\"https:\\\/\\\/wijnhuis-mana.nl\\\/en\\\/product\\\/feuerheerds-colheita-2000\\\/#primaryimage\"},\"image\":{\"@id\":\"https:\\\/\\\/wijnhuis-mana.nl\\\/en\\\/product\\\/feuerheerds-colheita-2000\\\/#primaryimage\"},\"thumbnailUrl\":\"https:\\\/\\\/wijnhuis-mana.nl\\\/wp-content\\\/uploads\\\/2025\\\/08\\\/Feuerheerds-Colheita-2000.jpg\",\"datePublished\":\"2025-08-01T18:22:12+00:00\",\"dateModified\":\"2026-01-04T18:22:34+00:00\",\"description\":\"Feuerheerd\u2019s Colheita 2000: gerijpte Tawny Port met aroma\u2019s van karamel en specerijen. Exclusieve oogst 2000, romig en elegant.\",\"breadcrumb\":{\"@id\":\"https:\\\/\\\/wijnhuis-mana.nl\\\/en\\\/product\\\/feuerheerds-colheita-2000\\\/#breadcrumb\"},\"inLanguage\":\"en-US\",\"potentialAction\":[{\"@type\":\"ReadAction\",\"target\":[\"https:\\\/\\\/wijnhuis-mana.nl\\\/en\\\/product\\\/feuerheerds-colheita-2000\\\/\"]}]},{\"@type\":\"ImageObject\",\"inLanguage\":\"en-US\",\"@id\":\"https:\\\/\\\/wijnhuis-mana.nl\\\/en\\\/product\\\/feuerheerds-colheita-2000\\\/#primaryimage\",\"url\":\"https:\\\/\\\/wijnhuis-mana.nl\\\/wp-content\\\/uploads\\\/2025\\\/08\\\/Feuerheerds-Colheita-2000.jpg\",\"contentUrl\":\"https:\\\/\\\/wijnhuis-mana.nl\\\/wp-content\\\/uploads\\\/2025\\\/08\\\/Feuerheerds-Colheita-2000.jpg\",\"width\":800,\"height\":800,\"caption\":\"Feuerheerd\u2019s Colheita 2000: gerijpte Tawny Port met aroma\u2019s van karamel en specerijen. Exclusieve oogst 2000, romig en elegant.\"},{\"@type\":\"BreadcrumbList\",\"@id\":\"https:\\\/\\\/wijnhuis-mana.nl\\\/en\\\/product\\\/feuerheerds-colheita-2000\\\/#breadcrumb\",\"itemListElement\":[{\"@type\":\"ListItem\",\"position\":1,\"name\":\"Home\",\"item\":\"https:\\\/\\\/wijnhuis-mana.nl\\\/en\\\/\"},{\"@type\":\"ListItem\",\"position\":2,\"name\":\"Shop\",\"item\":\"https:\\\/\\\/wijnhuis-mana.nl\\\/en\\\/shop-2\\\/\"},{\"@type\":\"ListItem\",\"position\":3,\"name\":\"Feuerheerds Colheita 2000\"}]},{\"@type\":\"WebSite\",\"@id\":\"https:\\\/\\\/wijnhuis-mana.nl\\\/en\\\/#website\",\"url\":\"https:\\\/\\\/wijnhuis-mana.nl\\\/en\\\/\",\"name\":\"Wijnhuis-Mana.nl\",\"description\":\"Wijn v\u00e1n liefhebbers, v\u00f3\u00f3r liefhebbers\",\"publisher\":{\"@id\":\"https:\\\/\\\/wijnhuis-mana.nl\\\/en\\\/#organization\"},\"potentialAction\":[{\"@type\":\"SearchAction\",\"target\":{\"@type\":\"EntryPoint\",\"urlTemplate\":\"https:\\\/\\\/wijnhuis-mana.nl\\\/en\\\/?s={search_term_string}\"},\"query-input\":{\"@type\":\"PropertyValueSpecification\",\"valueRequired\":true,\"valueName\":\"search_term_string\"}}],\"inLanguage\":\"en-US\"},{\"@type\":[\"Organization\",\"Place\"],\"@id\":\"https:\\\/\\\/wijnhuis-mana.nl\\\/en\\\/#organization\",\"name\":\"Wijnhuis-Mana.nl\",\"url\":\"https:\\\/\\\/wijnhuis-mana.nl\\\/en\\\/\",\"logo\":{\"@id\":\"https:\\\/\\\/wijnhuis-mana.nl\\\/en\\\/product\\\/feuerheerds-colheita-2000\\\/#local-main-organization-logo\"},\"image\":{\"@id\":\"https:\\\/\\\/wijnhuis-mana.nl\\\/en\\\/product\\\/feuerheerds-colheita-2000\\\/#local-main-organization-logo\"},\"sameAs\":[\"https:\\\/\\\/www.facebook.com\\\/wijnhuismana\",\"https:\\\/\\\/www.instagram.com\\\/ghvino.nl\"],\"hasMerchantReturnPolicy\":{\"@type\":\"MerchantReturnPolicy\",\"merchantReturnLink\":\"https:\\\/\\\/wijnhuis-mana.nl\\\/algemene-voorwaarden\\\/\"},\"address\":{\"@id\":\"https:\\\/\\\/wijnhuis-mana.nl\\\/en\\\/product\\\/feuerheerds-colheita-2000\\\/#local-main-place-address\"},\"telephone\":[\"0299-769018\"],\"openingHoursSpecification\":[{\"@type\":\"OpeningHoursSpecification\",\"dayOfWeek\":[\"Monday\",\"Sunday\"],\"opens\":\"00:00\",\"closes\":\"00:00\"},{\"@type\":\"OpeningHoursSpecification\",\"dayOfWeek\":[\"Tuesday\"],\"opens\":\"10:00\",\"closes\":\"18:00\"},{\"@type\":\"OpeningHoursSpecification\",\"dayOfWeek\":[\"Wednesday\",\"Thursday\",\"Saturday\"],\"opens\":\"11:00\",\"closes\":\"18:00\"},{\"@type\":\"OpeningHoursSpecification\",\"dayOfWeek\":[\"Friday\"],\"opens\":\"11:00\",\"closes\":\"21:00\"}],\"email\":\"info@wijnhuis-mana.nl\",\"areaServed\":\"Nederland\",\"vatID\":\"NL58KNAB0255573782\",\"taxID\":\"NL58KNAB0255573782\"},{\"@type\":\"PostalAddress\",\"@id\":\"https:\\\/\\\/wijnhuis-mana.nl\\\/en\\\/product\\\/feuerheerds-colheita-2000\\\/#local-main-place-address\",\"streetAddress\":\"Weerwal 11\",\"addressLocality\":\"Purmerend\",\"postalCode\":\"1441 AL\",\"addressRegion\":\"Noord-Holland\",\"addressCountry\":\"NL\"},{\"@type\":\"ImageObject\",\"inLanguage\":\"en-US\",\"@id\":\"https:\\\/\\\/wijnhuis-mana.nl\\\/en\\\/product\\\/feuerheerds-colheita-2000\\\/#local-main-organization-logo\",\"url\":\"https:\\\/\\\/wijnhuis-mana.nl\\\/wp-content\\\/uploads\\\/2022\\\/01\\\/Logo_Wijnhuis-Mana_Kleur.jpg\",\"contentUrl\":\"https:\\\/\\\/wijnhuis-mana.nl\\\/wp-content\\\/uploads\\\/2022\\\/01\\\/Logo_Wijnhuis-Mana_Kleur.jpg\",\"width\":400,\"height\":111,\"caption\":\"Wijnhuis-Mana.nl\"}]}<\/script>\n<meta property=\"product:price:amount\" content=\"31.95\" \/>\n<meta property=\"product:price:currency\" content=\"EUR\" \/>\n<meta property=\"og:availability\" content=\"instock\" \/>\n<meta property=\"product:availability\" content=\"instock\" \/>\n<meta property=\"product:retailer_item_id\" content=\"5605567404619\" \/>\n<meta property=\"product:condition\" content=\"new\" \/>\n<meta name=\"geo.placename\" content=\"Purmerend\" \/>\n<meta name=\"geo.region\" content=\"Netherlands\" \/>\n<!-- \/ Yoast SEO Premium plugin. -->","yoast_head_json":{"title":"Feuerheerd\u2019s Colheita 2000 \u2013 Exclusieve Tawny Port uit \u00e9\u00e9n oogstjaar","description":"Feuerheerd\u2019s Colheita 2000: gerijpte Tawny Port met aroma\u2019s van karamel en specerijen. Exclusieve oogst 2000, romig en elegant.","robots":{"index":"index","follow":"follow","max-snippet":"max-snippet:-1","max-image-preview":"max-image-preview:large","max-video-preview":"max-video-preview:-1"},"canonical":"https:\/\/wijnhuis-mana.nl\/en\/product\/feuerheerds-colheita-2000\/","og_locale":"en_US","og_type":"article","og_title":"Feuerheerds Colheita 2000","og_description":"Feuerheerd\u2019s Colheita 2000: gerijpte Tawny Port met aroma\u2019s van karamel en specerijen. Exclusieve oogst 2000, romig en elegant.","og_url":"https:\/\/wijnhuis-mana.nl\/en\/product\/feuerheerds-colheita-2000\/","og_site_name":"Wijnhuis-Mana.nl","article_publisher":"https:\/\/www.facebook.com\/wijnhuismana","article_modified_time":"2026-01-04T18:22:34+00:00","og_image":[{"width":800,"height":800,"url":"https:\/\/wijnhuis-mana.nl\/wp-content\/uploads\/2025\/08\/Feuerheerds-Colheita-2000.jpg","type":"image\/jpeg"}],"twitter_card":"summary_large_image","twitter_misc":{"Price":"&euro;&nbsp;31,95","Availability":"In stock"},"schema":{"@context":"https:\/\/schema.org","@graph":[{"@type":"WebPage","@id":"https:\/\/wijnhuis-mana.nl\/en\/product\/feuerheerds-colheita-2000\/","url":"https:\/\/wijnhuis-mana.nl\/en\/product\/feuerheerds-colheita-2000\/","name":"Feuerheerd\u2019s Colheita 2000 \u2013 Exclusieve Tawny Port uit \u00e9\u00e9n oogstjaar","isPartOf":{"@id":"https:\/\/wijnhuis-mana.nl\/en\/#website"},"primaryImageOfPage":{"@id":"https:\/\/wijnhuis-mana.nl\/en\/product\/feuerheerds-colheita-2000\/#primaryimage"},"image":{"@id":"https:\/\/wijnhuis-mana.nl\/en\/product\/feuerheerds-colheita-2000\/#primaryimage"},"thumbnailUrl":"https:\/\/wijnhuis-mana.nl\/wp-content\/uploads\/2025\/08\/Feuerheerds-Colheita-2000.jpg","datePublished":"2025-08-01T18:22:12+00:00","dateModified":"2026-01-04T18:22:34+00:00","description":"Feuerheerd\u2019s Colheita 2000: gerijpte Tawny Port met aroma\u2019s van karamel en specerijen. Exclusieve oogst 2000, romig en elegant.","breadcrumb":{"@id":"https:\/\/wijnhuis-mana.nl\/en\/product\/feuerheerds-colheita-2000\/#breadcrumb"},"inLanguage":"en-US","potentialAction":[{"@type":"ReadAction","target":["https:\/\/wijnhuis-mana.nl\/en\/product\/feuerheerds-colheita-2000\/"]}]},{"@type":"ImageObject","inLanguage":"en-US","@id":"https:\/\/wijnhuis-mana.nl\/en\/product\/feuerheerds-colheita-2000\/#primaryimage","url":"https:\/\/wijnhuis-mana.nl\/wp-content\/uploads\/2025\/08\/Feuerheerds-Colheita-2000.jpg","contentUrl":"https:\/\/wijnhuis-mana.nl\/wp-content\/uploads\/2025\/08\/Feuerheerds-Colheita-2000.jpg","width":800,"height":800,"caption":"Feuerheerd\u2019s Colheita 2000: gerijpte Tawny Port met aroma\u2019s van karamel en specerijen. Exclusieve oogst 2000, romig en elegant."},{"@type":"BreadcrumbList","@id":"https:\/\/wijnhuis-mana.nl\/en\/product\/feuerheerds-colheita-2000\/#breadcrumb","itemListElement":[{"@type":"ListItem","position":1,"name":"Home","item":"https:\/\/wijnhuis-mana.nl\/en\/"},{"@type":"ListItem","position":2,"name":"Shop","item":"https:\/\/wijnhuis-mana.nl\/en\/shop-2\/"},{"@type":"ListItem","position":3,"name":"Feuerheerds Colheita 2000"}]},{"@type":"WebSite","@id":"https:\/\/wijnhuis-mana.nl\/en\/#website","url":"https:\/\/wijnhuis-mana.nl\/en\/","name":"Wijnhuis-Mana.nl","description":"Wijn v\u00e1n liefhebbers, v\u00f3\u00f3r liefhebbers","publisher":{"@id":"https:\/\/wijnhuis-mana.nl\/en\/#organization"},"potentialAction":[{"@type":"SearchAction","target":{"@type":"EntryPoint","urlTemplate":"https:\/\/wijnhuis-mana.nl\/en\/?s={search_term_string}"},"query-input":{"@type":"PropertyValueSpecification","valueRequired":true,"valueName":"search_term_string"}}],"inLanguage":"en-US"},{"@type":["Organization","Place"],"@id":"https:\/\/wijnhuis-mana.nl\/en\/#organization","name":"Wijnhuis-Mana.nl","url":"https:\/\/wijnhuis-mana.nl\/en\/","logo":{"@id":"https:\/\/wijnhuis-mana.nl\/en\/product\/feuerheerds-colheita-2000\/#local-main-organization-logo"},"image":{"@id":"https:\/\/wijnhuis-mana.nl\/en\/product\/feuerheerds-colheita-2000\/#local-main-organization-logo"},"sameAs":["https:\/\/www.facebook.com\/wijnhuismana","https:\/\/www.instagram.com\/ghvino.nl"],"hasMerchantReturnPolicy":{"@type":"MerchantReturnPolicy","merchantReturnLink":"https:\/\/wijnhuis-mana.nl\/algemene-voorwaarden\/"},"address":{"@id":"https:\/\/wijnhuis-mana.nl\/en\/product\/feuerheerds-colheita-2000\/#local-main-place-address"},"telephone":["0299-769018"],"openingHoursSpecification":[{"@type":"OpeningHoursSpecification","dayOfWeek":["Monday","Sunday"],"opens":"00:00","closes":"00:00"},{"@type":"OpeningHoursSpecification","dayOfWeek":["Tuesday"],"opens":"10:00","closes":"18:00"},{"@type":"OpeningHoursSpecification","dayOfWeek":["Wednesday","Thursday","Saturday"],"opens":"11:00","closes":"18:00"},{"@type":"OpeningHoursSpecification","dayOfWeek":["Friday"],"opens":"11:00","closes":"21:00"}],"email":"info@wijnhuis-mana.nl","areaServed":"Nederland","vatID":"NL58KNAB0255573782","taxID":"NL58KNAB0255573782"},{"@type":"PostalAddress","@id":"https:\/\/wijnhuis-mana.nl\/en\/product\/feuerheerds-colheita-2000\/#local-main-place-address","streetAddress":"Weerwal 11","addressLocality":"Purmerend","postalCode":"1441 AL","addressRegion":"Noord-Holland","addressCountry":"NL"},{"@type":"ImageObject","inLanguage":"en-US","@id":"https:\/\/wijnhuis-mana.nl\/en\/product\/feuerheerds-colheita-2000\/#local-main-organization-logo","url":"https:\/\/wijnhuis-mana.nl\/wp-content\/uploads\/2022\/01\/Logo_Wijnhuis-Mana_Kleur.jpg","contentUrl":"https:\/\/wijnhuis-mana.nl\/wp-content\/uploads\/2022\/01\/Logo_Wijnhuis-Mana_Kleur.jpg","width":400,"height":111,"caption":"Wijnhuis-Mana.nl"}]},"product_price_amount":"31.95","product_price_currency":"EUR","og_availability":"instock","product_availability":"instock","product_retailer_item_id":"5605567404619","product_condition":"new","geo.placename":"Purmerend","geo.region":"Netherlands"},"post_mailing_queue_ids":[],"_links":{"self":[{"href":"https:\/\/wijnhuis-mana.nl\/en\/wp-json\/wp\/v2\/product\/16236","targetHints":{"allow":["GET"]}}],"collection":[{"href":"https:\/\/wijnhuis-mana.nl\/en\/wp-json\/wp\/v2\/product"}],"about":[{"href":"https:\/\/wijnhuis-mana.nl\/en\/wp-json\/wp\/v2\/types\/product"}],"replies":[{"embeddable":true,"href":"https:\/\/wijnhuis-mana.nl\/en\/wp-json\/wp\/v2\/comments?post=16236"}],"wp:featuredmedia":[{"embeddable":true,"href":"https:\/\/wijnhuis-mana.nl\/en\/wp-json\/wp\/v2\/media\/16367"}],"wp:attachment":[{"href":"https:\/\/wijnhuis-mana.nl\/en\/wp-json\/wp\/v2\/media?parent=16236"}],"wp:term":[{"taxonomy":"product_brand","embeddable":true,"href":"https:\/\/wijnhuis-mana.nl\/en\/wp-json\/wp\/v2\/product_brand?post=16236"},{"taxonomy":"product_cat","embeddable":true,"href":"https:\/\/wijnhuis-mana.nl\/en\/wp-json\/wp\/v2\/product_cat?post=16236"},{"taxonomy":"product_tag","embeddable":true,"href":"https:\/\/wijnhuis-mana.nl\/en\/wp-json\/wp\/v2\/product_tag?post=16236"}],"curies":[{"name":"wp","href":"https:\/\/api.w.org\/{rel}","templated":true}]}}