{"id":16572,"date":"2025-09-27T13:12:18","date_gmt":"2025-09-27T11:12:18","guid":{"rendered":"https:\/\/wijnhuis-mana.nl\/?post_type=product&#038;p=16572"},"modified":"2025-12-21T15:15:16","modified_gmt":"2025-12-21T14:15:16","slug":"de-molen-straight-vanilla-barrel-aged","status":"publish","type":"product","link":"https:\/\/wijnhuis-mana.nl\/en\/product\/de-molen-straight-vanilla-barrel-aged\/","title":{"rendered":"De Molen Straight &#038; Vanilla (Barrel Aged)"},"content":{"rendered":"<h3 data-start=\"185\" data-end=\"210\">Algemene informatie<\/h3>\n<p data-start=\"211\" data-end=\"437\">Brouwerij de Molen Straight &amp; Vanilla is een whisky barrel-aged Baltic Porter uit Nederland (Bodegraven). Met een alcoholpercentage van 14,4% is dit een stevige, rijke bierbelevenis waarin dove kracht en verfijning samenkomen.<\/p>\n<h3 data-start=\"439\" data-end=\"457\">Smaakprofiel<\/h3>\n<p data-start=\"458\" data-end=\"742\">Het bier toont een diep zwarte kleur met robijnrode glans. In de geur en smaak domineren zachte vanille, gebrande suiker en een duidelijke whisky-tonen, aangevuld met lichte koffie\u00adnoten en geroosterde accenten. De body is vol, omhullend en verwarmend \u2014 ideaal voor langzaam genieten.<\/p>\n<h3 data-start=\"744\" data-end=\"763\">Serveeradvies<\/h3>\n<p data-start=\"764\" data-end=\"900\">Serveer op ongeveer 10 \u00b0C in een snifter of ruim glas zodat de aroma\u2019s vrij kunnen komen en de rijke structuur goed tot zijn recht komt.<\/p>\n<h3 data-start=\"902\" data-end=\"921\">Past goed bij<\/h3>\n<ul data-start=\"922\" data-end=\"1100\">\n<li data-start=\"922\" data-end=\"960\">\n<p data-start=\"924\" data-end=\"960\">Donkere chocolade en luxe desserts<\/p>\n<\/li>\n<li data-start=\"961\" data-end=\"999\">\n<p data-start=\"963\" data-end=\"999\">Oude kazen en blauwe smeu\u00efge kazen<\/p>\n<\/li>\n<li data-start=\"1000\" data-end=\"1041\">\n<p data-start=\"1002\" data-end=\"1041\">Gevulde sigaren-momenten of digestief<\/p>\n<\/li>\n<li data-start=\"1042\" data-end=\"1100\">\n<p data-start=\"1044\" data-end=\"1100\">Een moment van contemplatie aan het einde van de avond<\/p>\n<\/li>\n<\/ul>\n<h3 data-start=\"1102\" data-end=\"1114\">Weetje<\/h3>\n<p data-start=\"1115\" data-end=\"1353\">Deze variant maakt gebruik van whisky-vaten voor de lagering, wat zorgt voor extra diepgang en houtkarakter. Het contrast tussen de klassieke Baltic Porter-stijl en de frisse invloed van vanille maakt dit bier tot een bijzondere ervaring.<\/p>\n","protected":false},"excerpt":{"rendered":"<p>de Molen Straight &amp; Vanilla is een krachtige Nederlandse Baltic Porter met whisky-vatlagering, vanille en geroosterde accenten.<\/p>\n","protected":false},"featured_media":16722,"comment_status":"open","ping_status":"closed","template":"","meta":[],"product_brand":[],"product_cat":[2903],"product_tag":[2250,2251,2253,1795,2249,2252],"class_list":{"0":"post-16572","1":"product","2":"type-product","3":"status-publish","4":"has-post-thumbnail","6":"product_cat-speciaalbier","7":"product_tag-baltic-porter","8":"product_tag-barrel-aged-beer","9":"product_tag-craft-beer-nederland","10":"product_tag-de-molen","11":"product_tag-straight-vanilla","12":"product_tag-whisky-barrel","14":"first","15":"instock","16":"taxable","17":"shipping-taxable","18":"purchasable","19":"product-type-simple"},"yoast_head":"<!-- This site is optimized with the Yoast SEO Premium plugin v27.3 (Yoast SEO v27.3) - https:\/\/yoast.com\/product\/yoast-seo-premium-wordpress\/ -->\n<title>de Molen Straight &amp; Vanilla \u2013 Whisky Barrel Aged Baltic Porter<\/title>\n<meta name=\"description\" content=\"de Molen Straight &amp; Vanilla is een whisky barrel aged Baltic Porter (14,4%) met vanille, gebrande suiker, koffie en houttonen. Rijk, intens en karaktervol.\" \/>\n<meta name=\"robots\" content=\"index, follow, max-snippet:-1, max-image-preview:large, max-video-preview:-1\" \/>\n<link rel=\"canonical\" href=\"https:\/\/wijnhuis-mana.nl\/en\/product\/de-molen-straight-vanilla-barrel-aged\/\" \/>\n<meta property=\"og:locale\" content=\"en_US\" \/>\n<meta property=\"og:type\" content=\"article\" \/>\n<meta property=\"og:title\" content=\"De Molen Straight &amp; Vanilla (Barrel Aged)\" \/>\n<meta property=\"og:description\" content=\"de Molen Straight &amp; Vanilla is een whisky barrel aged Baltic Porter (14,4%) met vanille, gebrande suiker, koffie en houttonen. Rijk, intens en karaktervol.\" \/>\n<meta property=\"og:url\" content=\"https:\/\/wijnhuis-mana.nl\/en\/product\/de-molen-straight-vanilla-barrel-aged\/\" \/>\n<meta property=\"og:site_name\" content=\"Wijnhuis-Mana.nl\" \/>\n<meta property=\"article:publisher\" content=\"https:\/\/www.facebook.com\/wijnhuismana\" \/>\n<meta property=\"article:modified_time\" content=\"2025-12-21T14:15:16+00:00\" \/>\n<meta property=\"og:image\" content=\"https:\/\/wijnhuis-mana.nl\/wp-content\/uploads\/2025\/10\/De-Molen-Straight-Vanilla-Barrel-Aged.jpg\" \/>\n\t<meta property=\"og:image:width\" content=\"800\" \/>\n\t<meta property=\"og:image:height\" content=\"800\" \/>\n\t<meta property=\"og:image:type\" content=\"image\/jpeg\" \/>\n<meta name=\"twitter:card\" content=\"summary_large_image\" \/>\n<meta name=\"twitter:label1\" content=\"Price\" \/>\n\t<meta name=\"twitter:data1\" content=\"&euro;&nbsp;7,29\" \/>\n\t<meta name=\"twitter:label2\" content=\"Availability\" \/>\n\t<meta name=\"twitter:data2\" content=\"In stock\" \/>\n<script type=\"application\/ld+json\" class=\"yoast-schema-graph\">{\"@context\":\"https:\\\/\\\/schema.org\",\"@graph\":[{\"@type\":\"WebPage\",\"@id\":\"https:\\\/\\\/wijnhuis-mana.nl\\\/en\\\/product\\\/de-molen-straight-vanilla-barrel-aged\\\/\",\"url\":\"https:\\\/\\\/wijnhuis-mana.nl\\\/en\\\/product\\\/de-molen-straight-vanilla-barrel-aged\\\/\",\"name\":\"de Molen Straight & Vanilla \u2013 Whisky Barrel Aged Baltic Porter\",\"isPartOf\":{\"@id\":\"https:\\\/\\\/wijnhuis-mana.nl\\\/en\\\/#website\"},\"primaryImageOfPage\":{\"@id\":\"https:\\\/\\\/wijnhuis-mana.nl\\\/en\\\/product\\\/de-molen-straight-vanilla-barrel-aged\\\/#primaryimage\"},\"image\":{\"@id\":\"https:\\\/\\\/wijnhuis-mana.nl\\\/en\\\/product\\\/de-molen-straight-vanilla-barrel-aged\\\/#primaryimage\"},\"thumbnailUrl\":\"https:\\\/\\\/wijnhuis-mana.nl\\\/wp-content\\\/uploads\\\/2025\\\/10\\\/De-Molen-Straight-Vanilla-Barrel-Aged.jpg\",\"datePublished\":\"2025-09-27T11:12:18+00:00\",\"dateModified\":\"2025-12-21T14:15:16+00:00\",\"description\":\"de Molen Straight & Vanilla is een whisky barrel aged Baltic Porter (14,4%) met vanille, gebrande suiker, koffie en houttonen. Rijk, intens en karaktervol.\",\"breadcrumb\":{\"@id\":\"https:\\\/\\\/wijnhuis-mana.nl\\\/en\\\/product\\\/de-molen-straight-vanilla-barrel-aged\\\/#breadcrumb\"},\"inLanguage\":\"en-US\",\"potentialAction\":[{\"@type\":\"ReadAction\",\"target\":[\"https:\\\/\\\/wijnhuis-mana.nl\\\/en\\\/product\\\/de-molen-straight-vanilla-barrel-aged\\\/\"]}]},{\"@type\":\"ImageObject\",\"inLanguage\":\"en-US\",\"@id\":\"https:\\\/\\\/wijnhuis-mana.nl\\\/en\\\/product\\\/de-molen-straight-vanilla-barrel-aged\\\/#primaryimage\",\"url\":\"https:\\\/\\\/wijnhuis-mana.nl\\\/wp-content\\\/uploads\\\/2025\\\/10\\\/De-Molen-Straight-Vanilla-Barrel-Aged.jpg\",\"contentUrl\":\"https:\\\/\\\/wijnhuis-mana.nl\\\/wp-content\\\/uploads\\\/2025\\\/10\\\/De-Molen-Straight-Vanilla-Barrel-Aged.jpg\",\"width\":800,\"height\":800,\"caption\":\"de Molen Straight & Vanilla is een whisky barrel aged Baltic Porter (14,4%) met vanille, gebrande suiker, koffie en houttonen. Rijk, intens en karaktervol.\"},{\"@type\":\"BreadcrumbList\",\"@id\":\"https:\\\/\\\/wijnhuis-mana.nl\\\/en\\\/product\\\/de-molen-straight-vanilla-barrel-aged\\\/#breadcrumb\",\"itemListElement\":[{\"@type\":\"ListItem\",\"position\":1,\"name\":\"Home\",\"item\":\"https:\\\/\\\/wijnhuis-mana.nl\\\/en\\\/\"},{\"@type\":\"ListItem\",\"position\":2,\"name\":\"Shop\",\"item\":\"https:\\\/\\\/wijnhuis-mana.nl\\\/en\\\/shop-2\\\/\"},{\"@type\":\"ListItem\",\"position\":3,\"name\":\"De Molen Straight &#038; Vanilla (Barrel Aged)\"}]},{\"@type\":\"WebSite\",\"@id\":\"https:\\\/\\\/wijnhuis-mana.nl\\\/en\\\/#website\",\"url\":\"https:\\\/\\\/wijnhuis-mana.nl\\\/en\\\/\",\"name\":\"Wijnhuis-Mana.nl\",\"description\":\"Wijn v\u00e1n liefhebbers, v\u00f3\u00f3r liefhebbers\",\"publisher\":{\"@id\":\"https:\\\/\\\/wijnhuis-mana.nl\\\/en\\\/#organization\"},\"potentialAction\":[{\"@type\":\"SearchAction\",\"target\":{\"@type\":\"EntryPoint\",\"urlTemplate\":\"https:\\\/\\\/wijnhuis-mana.nl\\\/en\\\/?s={search_term_string}\"},\"query-input\":{\"@type\":\"PropertyValueSpecification\",\"valueRequired\":true,\"valueName\":\"search_term_string\"}}],\"inLanguage\":\"en-US\"},{\"@type\":[\"Organization\",\"Place\"],\"@id\":\"https:\\\/\\\/wijnhuis-mana.nl\\\/en\\\/#organization\",\"name\":\"Wijnhuis-Mana.nl\",\"url\":\"https:\\\/\\\/wijnhuis-mana.nl\\\/en\\\/\",\"logo\":{\"@id\":\"https:\\\/\\\/wijnhuis-mana.nl\\\/en\\\/product\\\/de-molen-straight-vanilla-barrel-aged\\\/#local-main-organization-logo\"},\"image\":{\"@id\":\"https:\\\/\\\/wijnhuis-mana.nl\\\/en\\\/product\\\/de-molen-straight-vanilla-barrel-aged\\\/#local-main-organization-logo\"},\"sameAs\":[\"https:\\\/\\\/www.facebook.com\\\/wijnhuismana\",\"https:\\\/\\\/www.instagram.com\\\/ghvino.nl\"],\"hasMerchantReturnPolicy\":{\"@type\":\"MerchantReturnPolicy\",\"merchantReturnLink\":\"https:\\\/\\\/wijnhuis-mana.nl\\\/algemene-voorwaarden\\\/\"},\"address\":{\"@id\":\"https:\\\/\\\/wijnhuis-mana.nl\\\/en\\\/product\\\/de-molen-straight-vanilla-barrel-aged\\\/#local-main-place-address\"},\"telephone\":[\"0299-769018\"],\"openingHoursSpecification\":[{\"@type\":\"OpeningHoursSpecification\",\"dayOfWeek\":[\"Monday\",\"Sunday\"],\"opens\":\"00:00\",\"closes\":\"00:00\"},{\"@type\":\"OpeningHoursSpecification\",\"dayOfWeek\":[\"Tuesday\"],\"opens\":\"10:00\",\"closes\":\"18:00\"},{\"@type\":\"OpeningHoursSpecification\",\"dayOfWeek\":[\"Wednesday\",\"Thursday\",\"Saturday\"],\"opens\":\"11:00\",\"closes\":\"18:00\"},{\"@type\":\"OpeningHoursSpecification\",\"dayOfWeek\":[\"Friday\"],\"opens\":\"11:00\",\"closes\":\"21:00\"}],\"email\":\"info@wijnhuis-mana.nl\",\"areaServed\":\"Nederland\",\"vatID\":\"NL58KNAB0255573782\",\"taxID\":\"NL58KNAB0255573782\"},{\"@type\":\"PostalAddress\",\"@id\":\"https:\\\/\\\/wijnhuis-mana.nl\\\/en\\\/product\\\/de-molen-straight-vanilla-barrel-aged\\\/#local-main-place-address\",\"streetAddress\":\"Weerwal 11\",\"addressLocality\":\"Purmerend\",\"postalCode\":\"1441 AL\",\"addressRegion\":\"Noord-Holland\",\"addressCountry\":\"NL\"},{\"@type\":\"ImageObject\",\"inLanguage\":\"en-US\",\"@id\":\"https:\\\/\\\/wijnhuis-mana.nl\\\/en\\\/product\\\/de-molen-straight-vanilla-barrel-aged\\\/#local-main-organization-logo\",\"url\":\"https:\\\/\\\/wijnhuis-mana.nl\\\/wp-content\\\/uploads\\\/2022\\\/01\\\/Logo_Wijnhuis-Mana_Kleur.jpg\",\"contentUrl\":\"https:\\\/\\\/wijnhuis-mana.nl\\\/wp-content\\\/uploads\\\/2022\\\/01\\\/Logo_Wijnhuis-Mana_Kleur.jpg\",\"width\":400,\"height\":111,\"caption\":\"Wijnhuis-Mana.nl\"}]}<\/script>\n<meta property=\"product:price:amount\" content=\"7.29\" \/>\n<meta property=\"product:price:currency\" content=\"EUR\" \/>\n<meta property=\"og:availability\" content=\"instock\" \/>\n<meta property=\"product:availability\" content=\"instock\" \/>\n<meta property=\"product:retailer_item_id\" content=\"8721017802167\" \/>\n<meta property=\"product:condition\" content=\"new\" \/>\n<meta name=\"geo.placename\" content=\"Purmerend\" \/>\n<meta name=\"geo.region\" content=\"Netherlands\" \/>\n<!-- \/ Yoast SEO Premium plugin. -->","yoast_head_json":{"title":"de Molen Straight & Vanilla \u2013 Whisky Barrel Aged Baltic Porter","description":"de Molen Straight & Vanilla is een whisky barrel aged Baltic Porter (14,4%) met vanille, gebrande suiker, koffie en houttonen. Rijk, intens en karaktervol.","robots":{"index":"index","follow":"follow","max-snippet":"max-snippet:-1","max-image-preview":"max-image-preview:large","max-video-preview":"max-video-preview:-1"},"canonical":"https:\/\/wijnhuis-mana.nl\/en\/product\/de-molen-straight-vanilla-barrel-aged\/","og_locale":"en_US","og_type":"article","og_title":"De Molen Straight & Vanilla (Barrel Aged)","og_description":"de Molen Straight & Vanilla is een whisky barrel aged Baltic Porter (14,4%) met vanille, gebrande suiker, koffie en houttonen. Rijk, intens en karaktervol.","og_url":"https:\/\/wijnhuis-mana.nl\/en\/product\/de-molen-straight-vanilla-barrel-aged\/","og_site_name":"Wijnhuis-Mana.nl","article_publisher":"https:\/\/www.facebook.com\/wijnhuismana","article_modified_time":"2025-12-21T14:15:16+00:00","og_image":[{"width":800,"height":800,"url":"https:\/\/wijnhuis-mana.nl\/wp-content\/uploads\/2025\/10\/De-Molen-Straight-Vanilla-Barrel-Aged.jpg","type":"image\/jpeg"}],"twitter_card":"summary_large_image","twitter_misc":{"Price":"&euro;&nbsp;7,29","Availability":"In stock"},"schema":{"@context":"https:\/\/schema.org","@graph":[{"@type":"WebPage","@id":"https:\/\/wijnhuis-mana.nl\/en\/product\/de-molen-straight-vanilla-barrel-aged\/","url":"https:\/\/wijnhuis-mana.nl\/en\/product\/de-molen-straight-vanilla-barrel-aged\/","name":"de Molen Straight & Vanilla \u2013 Whisky Barrel Aged Baltic Porter","isPartOf":{"@id":"https:\/\/wijnhuis-mana.nl\/en\/#website"},"primaryImageOfPage":{"@id":"https:\/\/wijnhuis-mana.nl\/en\/product\/de-molen-straight-vanilla-barrel-aged\/#primaryimage"},"image":{"@id":"https:\/\/wijnhuis-mana.nl\/en\/product\/de-molen-straight-vanilla-barrel-aged\/#primaryimage"},"thumbnailUrl":"https:\/\/wijnhuis-mana.nl\/wp-content\/uploads\/2025\/10\/De-Molen-Straight-Vanilla-Barrel-Aged.jpg","datePublished":"2025-09-27T11:12:18+00:00","dateModified":"2025-12-21T14:15:16+00:00","description":"de Molen Straight & Vanilla is een whisky barrel aged Baltic Porter (14,4%) met vanille, gebrande suiker, koffie en houttonen. Rijk, intens en karaktervol.","breadcrumb":{"@id":"https:\/\/wijnhuis-mana.nl\/en\/product\/de-molen-straight-vanilla-barrel-aged\/#breadcrumb"},"inLanguage":"en-US","potentialAction":[{"@type":"ReadAction","target":["https:\/\/wijnhuis-mana.nl\/en\/product\/de-molen-straight-vanilla-barrel-aged\/"]}]},{"@type":"ImageObject","inLanguage":"en-US","@id":"https:\/\/wijnhuis-mana.nl\/en\/product\/de-molen-straight-vanilla-barrel-aged\/#primaryimage","url":"https:\/\/wijnhuis-mana.nl\/wp-content\/uploads\/2025\/10\/De-Molen-Straight-Vanilla-Barrel-Aged.jpg","contentUrl":"https:\/\/wijnhuis-mana.nl\/wp-content\/uploads\/2025\/10\/De-Molen-Straight-Vanilla-Barrel-Aged.jpg","width":800,"height":800,"caption":"de Molen Straight & Vanilla is een whisky barrel aged Baltic Porter (14,4%) met vanille, gebrande suiker, koffie en houttonen. Rijk, intens en karaktervol."},{"@type":"BreadcrumbList","@id":"https:\/\/wijnhuis-mana.nl\/en\/product\/de-molen-straight-vanilla-barrel-aged\/#breadcrumb","itemListElement":[{"@type":"ListItem","position":1,"name":"Home","item":"https:\/\/wijnhuis-mana.nl\/en\/"},{"@type":"ListItem","position":2,"name":"Shop","item":"https:\/\/wijnhuis-mana.nl\/en\/shop-2\/"},{"@type":"ListItem","position":3,"name":"De Molen Straight &#038; Vanilla (Barrel Aged)"}]},{"@type":"WebSite","@id":"https:\/\/wijnhuis-mana.nl\/en\/#website","url":"https:\/\/wijnhuis-mana.nl\/en\/","name":"Wijnhuis-Mana.nl","description":"Wijn v\u00e1n liefhebbers, v\u00f3\u00f3r liefhebbers","publisher":{"@id":"https:\/\/wijnhuis-mana.nl\/en\/#organization"},"potentialAction":[{"@type":"SearchAction","target":{"@type":"EntryPoint","urlTemplate":"https:\/\/wijnhuis-mana.nl\/en\/?s={search_term_string}"},"query-input":{"@type":"PropertyValueSpecification","valueRequired":true,"valueName":"search_term_string"}}],"inLanguage":"en-US"},{"@type":["Organization","Place"],"@id":"https:\/\/wijnhuis-mana.nl\/en\/#organization","name":"Wijnhuis-Mana.nl","url":"https:\/\/wijnhuis-mana.nl\/en\/","logo":{"@id":"https:\/\/wijnhuis-mana.nl\/en\/product\/de-molen-straight-vanilla-barrel-aged\/#local-main-organization-logo"},"image":{"@id":"https:\/\/wijnhuis-mana.nl\/en\/product\/de-molen-straight-vanilla-barrel-aged\/#local-main-organization-logo"},"sameAs":["https:\/\/www.facebook.com\/wijnhuismana","https:\/\/www.instagram.com\/ghvino.nl"],"hasMerchantReturnPolicy":{"@type":"MerchantReturnPolicy","merchantReturnLink":"https:\/\/wijnhuis-mana.nl\/algemene-voorwaarden\/"},"address":{"@id":"https:\/\/wijnhuis-mana.nl\/en\/product\/de-molen-straight-vanilla-barrel-aged\/#local-main-place-address"},"telephone":["0299-769018"],"openingHoursSpecification":[{"@type":"OpeningHoursSpecification","dayOfWeek":["Monday","Sunday"],"opens":"00:00","closes":"00:00"},{"@type":"OpeningHoursSpecification","dayOfWeek":["Tuesday"],"opens":"10:00","closes":"18:00"},{"@type":"OpeningHoursSpecification","dayOfWeek":["Wednesday","Thursday","Saturday"],"opens":"11:00","closes":"18:00"},{"@type":"OpeningHoursSpecification","dayOfWeek":["Friday"],"opens":"11:00","closes":"21:00"}],"email":"info@wijnhuis-mana.nl","areaServed":"Nederland","vatID":"NL58KNAB0255573782","taxID":"NL58KNAB0255573782"},{"@type":"PostalAddress","@id":"https:\/\/wijnhuis-mana.nl\/en\/product\/de-molen-straight-vanilla-barrel-aged\/#local-main-place-address","streetAddress":"Weerwal 11","addressLocality":"Purmerend","postalCode":"1441 AL","addressRegion":"Noord-Holland","addressCountry":"NL"},{"@type":"ImageObject","inLanguage":"en-US","@id":"https:\/\/wijnhuis-mana.nl\/en\/product\/de-molen-straight-vanilla-barrel-aged\/#local-main-organization-logo","url":"https:\/\/wijnhuis-mana.nl\/wp-content\/uploads\/2022\/01\/Logo_Wijnhuis-Mana_Kleur.jpg","contentUrl":"https:\/\/wijnhuis-mana.nl\/wp-content\/uploads\/2022\/01\/Logo_Wijnhuis-Mana_Kleur.jpg","width":400,"height":111,"caption":"Wijnhuis-Mana.nl"}]},"product_price_amount":"7.29","product_price_currency":"EUR","og_availability":"instock","product_availability":"instock","product_retailer_item_id":"8721017802167","product_condition":"new","geo.placename":"Purmerend","geo.region":"Netherlands"},"post_mailing_queue_ids":[],"_links":{"self":[{"href":"https:\/\/wijnhuis-mana.nl\/en\/wp-json\/wp\/v2\/product\/16572","targetHints":{"allow":["GET"]}}],"collection":[{"href":"https:\/\/wijnhuis-mana.nl\/en\/wp-json\/wp\/v2\/product"}],"about":[{"href":"https:\/\/wijnhuis-mana.nl\/en\/wp-json\/wp\/v2\/types\/product"}],"replies":[{"embeddable":true,"href":"https:\/\/wijnhuis-mana.nl\/en\/wp-json\/wp\/v2\/comments?post=16572"}],"wp:featuredmedia":[{"embeddable":true,"href":"https:\/\/wijnhuis-mana.nl\/en\/wp-json\/wp\/v2\/media\/16722"}],"wp:attachment":[{"href":"https:\/\/wijnhuis-mana.nl\/en\/wp-json\/wp\/v2\/media?parent=16572"}],"wp:term":[{"taxonomy":"product_brand","embeddable":true,"href":"https:\/\/wijnhuis-mana.nl\/en\/wp-json\/wp\/v2\/product_brand?post=16572"},{"taxonomy":"product_cat","embeddable":true,"href":"https:\/\/wijnhuis-mana.nl\/en\/wp-json\/wp\/v2\/product_cat?post=16572"},{"taxonomy":"product_tag","embeddable":true,"href":"https:\/\/wijnhuis-mana.nl\/en\/wp-json\/wp\/v2\/product_tag?post=16572"}],"curies":[{"name":"wp","href":"https:\/\/api.w.org\/{rel}","templated":true}]}}