{"id":16857,"date":"2025-11-30T16:15:45","date_gmt":"2025-11-30T15:15:45","guid":{"rendered":"https:\/\/wijnhuis-mana.nl\/?post_type=product&#038;p=16857"},"modified":"2025-12-12T19:02:06","modified_gmt":"2025-12-12T18:02:06","slug":"georgische-wijnproeverij-21-december-1600-1800-kopie","status":"publish","type":"product","link":"https:\/\/wijnhuis-mana.nl\/en\/product\/georgische-wijnproeverij-21-december-1600-1800-kopie\/","title":{"rendered":"Georgische Wijnproeverij 21 december (16:00\u201318:00)"},"content":{"rendered":"<p data-start=\"5216\" data-end=\"5464\">Ontdek de unieke smaken van de oudste wijncultuur ter wereld! Tijdens deze Georgische proeverij staan <strong data-start=\"5318\" data-end=\"5352\">meer dan 25 authentieke wijnen<\/strong> klaar: <strong data-start=\"5360\" data-end=\"5374\">Tsolikouri<\/strong>, <strong data-start=\"5376\" data-end=\"5387\">Mtsvane<\/strong>, <strong data-start=\"5389\" data-end=\"5420\">amberkleurige qvevri-wijnen<\/strong>, <strong data-start=\"5422\" data-end=\"5434\">Saperavi<\/strong> en andere bijzondere stijlen.<\/p>\n<p data-start=\"1556\" data-end=\"1759\">De sfeer is ontspannen: je loopt rond, schenkt zelf kleine proefhoeveelheden en ontdekt zo gemakkelijk welke wijnen passen bij kerstcadeaus of het kerstdiner. Natuurlijk staan er ook kleine hapjes klaar.<\/p>\n<h2 data-start=\"1766\" data-end=\"1805\">\ud83c\udf81 <strong data-start=\"1772\" data-end=\"1805\">Voordeel tijdens de proeverij<\/strong><\/h2>\n<p data-start=\"1806\" data-end=\"1891\">We werken met twee soorten voordeel \u2014 <strong data-start=\"1844\" data-end=\"1890\">\u00e9\u00e9n voor je bestelling, \u00e9\u00e9n voor je ticket<\/strong>:<\/p>\n<h3 data-start=\"1893\" data-end=\"1942\">\ud83d\uded2 <strong data-start=\"1900\" data-end=\"1942\">1. Bestelling-korting (per bestelling)<\/strong><\/h3>\n<ul data-start=\"1943\" data-end=\"2008\">\n<li data-start=\"1943\" data-end=\"2008\">\n<p data-start=\"1945\" data-end=\"2008\"><strong data-start=\"1945\" data-end=\"1960\">10% korting<\/strong> bij <strong data-start=\"1965\" data-end=\"1987\">minimaal 6 flessen<\/strong> in \u00e9\u00e9n bestelling.<\/p>\n<\/li>\n<\/ul>\n<h3 data-start=\"2010\" data-end=\"2053\">\ud83c\udf9f <strong data-start=\"2017\" data-end=\"2053\">2. Ticket-voordeel (per persoon)<\/strong><\/h3>\n<ul data-start=\"2054\" data-end=\"2125\">\n<li data-start=\"2054\" data-end=\"2125\">\n<p data-start=\"2056\" data-end=\"2125\"><strong data-start=\"2056\" data-end=\"2082\">\u20ac15 retour per persoon<\/strong> bij aankoop van <strong data-start=\"2099\" data-end=\"2124\">3 flessen per persoon<\/strong>.<\/p>\n<\/li>\n<\/ul>\n<h3 data-start=\"2127\" data-end=\"2149\">\ud83e\udde0 <strong data-start=\"2134\" data-end=\"2149\">Voorbeelden<\/strong><\/h3>\n<ul data-start=\"2150\" data-end=\"2336\">\n<li data-start=\"2150\" data-end=\"2206\">\n<p data-start=\"2152\" data-end=\"2206\">Kom je alleen \u2192 6 flessen = \u20ac15 retour + 10% korting<\/p>\n<\/li>\n<li data-start=\"2207\" data-end=\"2277\">\n<p data-start=\"2209\" data-end=\"2277\">Kom je met z&#8217;n twee\u00ebn \u2192 6 flessen (3+3) = \u20ac30 retour + 10% korting<\/p>\n<\/li>\n<li data-start=\"2278\" data-end=\"2336\">\n<p data-start=\"2280\" data-end=\"2336\">5 flessen met twee personen \u2192 \u20ac15 retour, geen korting<\/p>\n<\/li>\n<\/ul>\n<p data-start=\"2338\" data-end=\"2460\">\u2728 <strong data-start=\"2340\" data-end=\"2356\">Kort gezegd:<\/strong><br data-start=\"2356\" data-end=\"2359\" \/><strong data-start=\"2359\" data-end=\"2460\">\u2192 10% korting bij 6 flessen per bestelling.<br data-start=\"2404\" data-end=\"2407\" \/>\u2192 \u20ac15 retour per persoon bij 3 flessen per persoon.<\/strong><\/p>\n<p data-start=\"2467\" data-end=\"2586\">\ud83d\udcc5 <strong data-start=\"2470\" data-end=\"2487\">Datum &amp; Tijd:<\/strong> Zondag 21 december, 16:00\u201318:00<br data-start=\"2519\" data-end=\"2522\" \/>\ud83d\udccd <strong data-start=\"2525\" data-end=\"2537\">Locatie:<\/strong> Wijnhuis Mana \u2013 Weerwal 11A, 1441 AL Purmerend<\/p>\n<p>Ben je toch verhinderd? Afzeggen kan tot 1 week voor de proeverij.<\/p>\n","protected":false},"excerpt":{"rendered":"<p>Een sfeervolle Georgische proeverij met 25+ wijnen: witte, amber en krachtige rode qvevri-wijnen.<\/p>\n","protected":false},"featured_media":298,"comment_status":"open","ping_status":"closed","template":"","meta":[],"product_brand":[],"product_cat":[2925],"product_tag":[152,2830,135,138,2832],"class_list":{"0":"post-16857","1":"product","2":"type-product","3":"status-publish","4":"has-post-thumbnail","6":"product_cat-proeverijen","7":"product_tag-amber-wijn","8":"product_tag-december-proeverij","9":"product_tag-georgische-wijn","10":"product_tag-qvevri-wijn","11":"product_tag-wijnproeverij-purmerend","13":"first","14":"outofstock","15":"virtual","16":"taxable","17":"purchasable","18":"product-type-simple"},"yoast_head":"<!-- This site is optimized with the Yoast SEO Premium plugin v27.5 (Yoast SEO v27.5) - https:\/\/yoast.com\/product\/yoast-seo-premium-wordpress\/ -->\n<title>Georgische Wijnproeverij 21 december 16\u201318 | Wijnhuis Mana Purmerend<\/title>\n<meta name=\"description\" content=\"Proef 25+ Georgische wijnen op 21 december 16\u201318. Van fris wit tot diepe qvevri-rode. \u20ac15 retour per persoon en 10% korting vanaf 6 flessen.\" \/>\n<meta name=\"robots\" content=\"index, follow, max-snippet:-1, max-image-preview:large, max-video-preview:-1\" \/>\n<link rel=\"canonical\" href=\"https:\/\/wijnhuis-mana.nl\/en\/product\/georgische-wijnproeverij-21-december-1600-1800-kopie\/\" \/>\n<meta property=\"og:locale\" content=\"en_US\" \/>\n<meta property=\"og:type\" content=\"article\" \/>\n<meta property=\"og:title\" content=\"Georgische Wijnproeverij 21 december (16:00\u201318:00)\" \/>\n<meta property=\"og:description\" content=\"Proef 25+ Georgische wijnen op 21 december 16\u201318. Van fris wit tot diepe qvevri-rode. \u20ac15 retour per persoon en 10% korting vanaf 6 flessen.\" \/>\n<meta property=\"og:url\" content=\"https:\/\/wijnhuis-mana.nl\/en\/product\/georgische-wijnproeverij-21-december-1600-1800-kopie\/\" \/>\n<meta property=\"og:site_name\" content=\"Wijnhuis-Mana.nl\" \/>\n<meta property=\"article:publisher\" content=\"https:\/\/www.facebook.com\/wijnhuismana\" \/>\n<meta property=\"article:modified_time\" content=\"2025-12-12T18:02:06+00:00\" \/>\n<meta property=\"og:image\" content=\"https:\/\/wijnhuis-mana.nl\/wp-content\/uploads\/2022\/01\/Wijn-proeverij-web.jpg\" \/>\n\t<meta property=\"og:image:width\" content=\"375\" \/>\n\t<meta property=\"og:image:height\" content=\"250\" \/>\n\t<meta property=\"og:image:type\" content=\"image\/jpeg\" \/>\n<meta name=\"twitter:card\" content=\"summary_large_image\" \/>\n<meta name=\"twitter:label1\" content=\"Price\" \/>\n\t<meta name=\"twitter:data1\" content=\"&euro;&nbsp;30,00\" \/>\n\t<meta name=\"twitter:label2\" content=\"Availability\" \/>\n\t<meta name=\"twitter:data2\" content=\"Out of stock\" \/>\n<script type=\"application\/ld+json\" class=\"yoast-schema-graph\">{\"@context\":\"https:\\\/\\\/schema.org\",\"@graph\":[{\"@type\":\"WebPage\",\"@id\":\"https:\\\/\\\/wijnhuis-mana.nl\\\/en\\\/product\\\/georgische-wijnproeverij-21-december-1600-1800-kopie\\\/\",\"url\":\"https:\\\/\\\/wijnhuis-mana.nl\\\/en\\\/product\\\/georgische-wijnproeverij-21-december-1600-1800-kopie\\\/\",\"name\":\"Georgische Wijnproeverij 21 december 16\u201318 | Wijnhuis Mana Purmerend\",\"isPartOf\":{\"@id\":\"https:\\\/\\\/wijnhuis-mana.nl\\\/en\\\/#website\"},\"primaryImageOfPage\":{\"@id\":\"https:\\\/\\\/wijnhuis-mana.nl\\\/en\\\/product\\\/georgische-wijnproeverij-21-december-1600-1800-kopie\\\/#primaryimage\"},\"image\":{\"@id\":\"https:\\\/\\\/wijnhuis-mana.nl\\\/en\\\/product\\\/georgische-wijnproeverij-21-december-1600-1800-kopie\\\/#primaryimage\"},\"thumbnailUrl\":\"https:\\\/\\\/wijnhuis-mana.nl\\\/wp-content\\\/uploads\\\/2022\\\/01\\\/Wijn-proeverij-web.jpg\",\"datePublished\":\"2025-11-30T15:15:45+00:00\",\"dateModified\":\"2025-12-12T18:02:06+00:00\",\"description\":\"Proef 25+ Georgische wijnen op 21 december 16\u201318. Van fris wit tot diepe qvevri-rode. \u20ac15 retour per persoon en 10% korting vanaf 6 flessen.\",\"breadcrumb\":{\"@id\":\"https:\\\/\\\/wijnhuis-mana.nl\\\/en\\\/product\\\/georgische-wijnproeverij-21-december-1600-1800-kopie\\\/#breadcrumb\"},\"inLanguage\":\"en-US\",\"potentialAction\":[{\"@type\":\"ReadAction\",\"target\":[\"https:\\\/\\\/wijnhuis-mana.nl\\\/en\\\/product\\\/georgische-wijnproeverij-21-december-1600-1800-kopie\\\/\"]}]},{\"@type\":\"ImageObject\",\"inLanguage\":\"en-US\",\"@id\":\"https:\\\/\\\/wijnhuis-mana.nl\\\/en\\\/product\\\/georgische-wijnproeverij-21-december-1600-1800-kopie\\\/#primaryimage\",\"url\":\"https:\\\/\\\/wijnhuis-mana.nl\\\/wp-content\\\/uploads\\\/2022\\\/01\\\/Wijn-proeverij-web.jpg\",\"contentUrl\":\"https:\\\/\\\/wijnhuis-mana.nl\\\/wp-content\\\/uploads\\\/2022\\\/01\\\/Wijn-proeverij-web.jpg\",\"width\":375,\"height\":250,\"caption\":\"Neem deel aan deze wijnproeverij en prikkel je zintuigen met het proeven van een 8-tal wijnen uit verschillende landen en streken.\"},{\"@type\":\"BreadcrumbList\",\"@id\":\"https:\\\/\\\/wijnhuis-mana.nl\\\/en\\\/product\\\/georgische-wijnproeverij-21-december-1600-1800-kopie\\\/#breadcrumb\",\"itemListElement\":[{\"@type\":\"ListItem\",\"position\":1,\"name\":\"Home\",\"item\":\"https:\\\/\\\/wijnhuis-mana.nl\\\/en\\\/\"},{\"@type\":\"ListItem\",\"position\":2,\"name\":\"Shop\",\"item\":\"https:\\\/\\\/wijnhuis-mana.nl\\\/en\\\/shop-2\\\/\"},{\"@type\":\"ListItem\",\"position\":3,\"name\":\"Georgische Wijnproeverij 21 december (16:00\u201318:00)\"}]},{\"@type\":\"WebSite\",\"@id\":\"https:\\\/\\\/wijnhuis-mana.nl\\\/en\\\/#website\",\"url\":\"https:\\\/\\\/wijnhuis-mana.nl\\\/en\\\/\",\"name\":\"Wijnhuis-Mana.nl\",\"description\":\"Wijn v\u00e1n liefhebbers, v\u00f3\u00f3r liefhebbers\",\"publisher\":{\"@id\":\"https:\\\/\\\/wijnhuis-mana.nl\\\/en\\\/#organization\"},\"potentialAction\":[{\"@type\":\"SearchAction\",\"target\":{\"@type\":\"EntryPoint\",\"urlTemplate\":\"https:\\\/\\\/wijnhuis-mana.nl\\\/en\\\/?s={search_term_string}\"},\"query-input\":{\"@type\":\"PropertyValueSpecification\",\"valueRequired\":true,\"valueName\":\"search_term_string\"}}],\"inLanguage\":\"en-US\"},{\"@type\":[\"Organization\",\"Place\"],\"@id\":\"https:\\\/\\\/wijnhuis-mana.nl\\\/en\\\/#organization\",\"name\":\"Wijnhuis-Mana.nl\",\"url\":\"https:\\\/\\\/wijnhuis-mana.nl\\\/en\\\/\",\"logo\":{\"@id\":\"https:\\\/\\\/wijnhuis-mana.nl\\\/en\\\/product\\\/georgische-wijnproeverij-21-december-1600-1800-kopie\\\/#local-main-organization-logo\"},\"image\":{\"@id\":\"https:\\\/\\\/wijnhuis-mana.nl\\\/en\\\/product\\\/georgische-wijnproeverij-21-december-1600-1800-kopie\\\/#local-main-organization-logo\"},\"sameAs\":[\"https:\\\/\\\/www.facebook.com\\\/wijnhuismana\",\"https:\\\/\\\/www.instagram.com\\\/ghvino.nl\"],\"hasMerchantReturnPolicy\":{\"@type\":\"MerchantReturnPolicy\",\"merchantReturnLink\":\"https:\\\/\\\/wijnhuis-mana.nl\\\/algemene-voorwaarden\\\/\"},\"address\":{\"@id\":\"https:\\\/\\\/wijnhuis-mana.nl\\\/en\\\/product\\\/georgische-wijnproeverij-21-december-1600-1800-kopie\\\/#local-main-place-address\"},\"telephone\":[\"0299-769018\"],\"openingHoursSpecification\":[{\"@type\":\"OpeningHoursSpecification\",\"dayOfWeek\":[\"Monday\",\"Sunday\"],\"opens\":\"00:00\",\"closes\":\"00:00\"},{\"@type\":\"OpeningHoursSpecification\",\"dayOfWeek\":[\"Tuesday\"],\"opens\":\"10:00\",\"closes\":\"18:00\"},{\"@type\":\"OpeningHoursSpecification\",\"dayOfWeek\":[\"Wednesday\",\"Thursday\",\"Saturday\"],\"opens\":\"11:00\",\"closes\":\"18:00\"},{\"@type\":\"OpeningHoursSpecification\",\"dayOfWeek\":[\"Friday\"],\"opens\":\"11:00\",\"closes\":\"21:00\"}],\"email\":\"info@wijnhuis-mana.nl\",\"areaServed\":\"Nederland\",\"vatID\":\"NL58KNAB0255573782\",\"taxID\":\"NL58KNAB0255573782\"},{\"@type\":\"PostalAddress\",\"@id\":\"https:\\\/\\\/wijnhuis-mana.nl\\\/en\\\/product\\\/georgische-wijnproeverij-21-december-1600-1800-kopie\\\/#local-main-place-address\",\"streetAddress\":\"Weerwal 11\",\"addressLocality\":\"Purmerend\",\"postalCode\":\"1441 AL\",\"addressRegion\":\"Noord-Holland\",\"addressCountry\":\"NL\"},{\"@type\":\"ImageObject\",\"inLanguage\":\"en-US\",\"@id\":\"https:\\\/\\\/wijnhuis-mana.nl\\\/en\\\/product\\\/georgische-wijnproeverij-21-december-1600-1800-kopie\\\/#local-main-organization-logo\",\"url\":\"https:\\\/\\\/wijnhuis-mana.nl\\\/wp-content\\\/uploads\\\/2022\\\/01\\\/Logo_Wijnhuis-Mana_Kleur.jpg\",\"contentUrl\":\"https:\\\/\\\/wijnhuis-mana.nl\\\/wp-content\\\/uploads\\\/2022\\\/01\\\/Logo_Wijnhuis-Mana_Kleur.jpg\",\"width\":400,\"height\":111,\"caption\":\"Wijnhuis-Mana.nl\"}]}<\/script>\n<meta property=\"product:price:amount\" content=\"30.00\" \/>\n<meta property=\"product:price:currency\" content=\"EUR\" \/>\n<meta property=\"og:availability\" content=\"out of stock\" \/>\n<meta property=\"product:availability\" content=\"out of stock\" \/>\n<meta property=\"product:retailer_item_id\" content=\"wijnproeverij_14122025-2\" \/>\n<meta property=\"product:condition\" content=\"new\" \/>\n<meta name=\"geo.placename\" content=\"Purmerend\" \/>\n<meta name=\"geo.region\" content=\"Netherlands\" \/>\n<!-- \/ Yoast SEO Premium plugin. -->","yoast_head_json":{"title":"Georgische Wijnproeverij 21 december 16\u201318 | Wijnhuis Mana Purmerend","description":"Proef 25+ Georgische wijnen op 21 december 16\u201318. Van fris wit tot diepe qvevri-rode. \u20ac15 retour per persoon en 10% korting vanaf 6 flessen.","robots":{"index":"index","follow":"follow","max-snippet":"max-snippet:-1","max-image-preview":"max-image-preview:large","max-video-preview":"max-video-preview:-1"},"canonical":"https:\/\/wijnhuis-mana.nl\/en\/product\/georgische-wijnproeverij-21-december-1600-1800-kopie\/","og_locale":"en_US","og_type":"article","og_title":"Georgische Wijnproeverij 21 december (16:00\u201318:00)","og_description":"Proef 25+ Georgische wijnen op 21 december 16\u201318. Van fris wit tot diepe qvevri-rode. \u20ac15 retour per persoon en 10% korting vanaf 6 flessen.","og_url":"https:\/\/wijnhuis-mana.nl\/en\/product\/georgische-wijnproeverij-21-december-1600-1800-kopie\/","og_site_name":"Wijnhuis-Mana.nl","article_publisher":"https:\/\/www.facebook.com\/wijnhuismana","article_modified_time":"2025-12-12T18:02:06+00:00","og_image":[{"width":375,"height":250,"url":"https:\/\/wijnhuis-mana.nl\/wp-content\/uploads\/2022\/01\/Wijn-proeverij-web.jpg","type":"image\/jpeg"}],"twitter_card":"summary_large_image","twitter_misc":{"Price":"&euro;&nbsp;30,00","Availability":"Out of stock"},"schema":{"@context":"https:\/\/schema.org","@graph":[{"@type":"WebPage","@id":"https:\/\/wijnhuis-mana.nl\/en\/product\/georgische-wijnproeverij-21-december-1600-1800-kopie\/","url":"https:\/\/wijnhuis-mana.nl\/en\/product\/georgische-wijnproeverij-21-december-1600-1800-kopie\/","name":"Georgische Wijnproeverij 21 december 16\u201318 | Wijnhuis Mana Purmerend","isPartOf":{"@id":"https:\/\/wijnhuis-mana.nl\/en\/#website"},"primaryImageOfPage":{"@id":"https:\/\/wijnhuis-mana.nl\/en\/product\/georgische-wijnproeverij-21-december-1600-1800-kopie\/#primaryimage"},"image":{"@id":"https:\/\/wijnhuis-mana.nl\/en\/product\/georgische-wijnproeverij-21-december-1600-1800-kopie\/#primaryimage"},"thumbnailUrl":"https:\/\/wijnhuis-mana.nl\/wp-content\/uploads\/2022\/01\/Wijn-proeverij-web.jpg","datePublished":"2025-11-30T15:15:45+00:00","dateModified":"2025-12-12T18:02:06+00:00","description":"Proef 25+ Georgische wijnen op 21 december 16\u201318. Van fris wit tot diepe qvevri-rode. \u20ac15 retour per persoon en 10% korting vanaf 6 flessen.","breadcrumb":{"@id":"https:\/\/wijnhuis-mana.nl\/en\/product\/georgische-wijnproeverij-21-december-1600-1800-kopie\/#breadcrumb"},"inLanguage":"en-US","potentialAction":[{"@type":"ReadAction","target":["https:\/\/wijnhuis-mana.nl\/en\/product\/georgische-wijnproeverij-21-december-1600-1800-kopie\/"]}]},{"@type":"ImageObject","inLanguage":"en-US","@id":"https:\/\/wijnhuis-mana.nl\/en\/product\/georgische-wijnproeverij-21-december-1600-1800-kopie\/#primaryimage","url":"https:\/\/wijnhuis-mana.nl\/wp-content\/uploads\/2022\/01\/Wijn-proeverij-web.jpg","contentUrl":"https:\/\/wijnhuis-mana.nl\/wp-content\/uploads\/2022\/01\/Wijn-proeverij-web.jpg","width":375,"height":250,"caption":"Neem deel aan deze wijnproeverij en prikkel je zintuigen met het proeven van een 8-tal wijnen uit verschillende landen en streken."},{"@type":"BreadcrumbList","@id":"https:\/\/wijnhuis-mana.nl\/en\/product\/georgische-wijnproeverij-21-december-1600-1800-kopie\/#breadcrumb","itemListElement":[{"@type":"ListItem","position":1,"name":"Home","item":"https:\/\/wijnhuis-mana.nl\/en\/"},{"@type":"ListItem","position":2,"name":"Shop","item":"https:\/\/wijnhuis-mana.nl\/en\/shop-2\/"},{"@type":"ListItem","position":3,"name":"Georgische Wijnproeverij 21 december (16:00\u201318:00)"}]},{"@type":"WebSite","@id":"https:\/\/wijnhuis-mana.nl\/en\/#website","url":"https:\/\/wijnhuis-mana.nl\/en\/","name":"Wijnhuis-Mana.nl","description":"Wijn v\u00e1n liefhebbers, v\u00f3\u00f3r liefhebbers","publisher":{"@id":"https:\/\/wijnhuis-mana.nl\/en\/#organization"},"potentialAction":[{"@type":"SearchAction","target":{"@type":"EntryPoint","urlTemplate":"https:\/\/wijnhuis-mana.nl\/en\/?s={search_term_string}"},"query-input":{"@type":"PropertyValueSpecification","valueRequired":true,"valueName":"search_term_string"}}],"inLanguage":"en-US"},{"@type":["Organization","Place"],"@id":"https:\/\/wijnhuis-mana.nl\/en\/#organization","name":"Wijnhuis-Mana.nl","url":"https:\/\/wijnhuis-mana.nl\/en\/","logo":{"@id":"https:\/\/wijnhuis-mana.nl\/en\/product\/georgische-wijnproeverij-21-december-1600-1800-kopie\/#local-main-organization-logo"},"image":{"@id":"https:\/\/wijnhuis-mana.nl\/en\/product\/georgische-wijnproeverij-21-december-1600-1800-kopie\/#local-main-organization-logo"},"sameAs":["https:\/\/www.facebook.com\/wijnhuismana","https:\/\/www.instagram.com\/ghvino.nl"],"hasMerchantReturnPolicy":{"@type":"MerchantReturnPolicy","merchantReturnLink":"https:\/\/wijnhuis-mana.nl\/algemene-voorwaarden\/"},"address":{"@id":"https:\/\/wijnhuis-mana.nl\/en\/product\/georgische-wijnproeverij-21-december-1600-1800-kopie\/#local-main-place-address"},"telephone":["0299-769018"],"openingHoursSpecification":[{"@type":"OpeningHoursSpecification","dayOfWeek":["Monday","Sunday"],"opens":"00:00","closes":"00:00"},{"@type":"OpeningHoursSpecification","dayOfWeek":["Tuesday"],"opens":"10:00","closes":"18:00"},{"@type":"OpeningHoursSpecification","dayOfWeek":["Wednesday","Thursday","Saturday"],"opens":"11:00","closes":"18:00"},{"@type":"OpeningHoursSpecification","dayOfWeek":["Friday"],"opens":"11:00","closes":"21:00"}],"email":"info@wijnhuis-mana.nl","areaServed":"Nederland","vatID":"NL58KNAB0255573782","taxID":"NL58KNAB0255573782"},{"@type":"PostalAddress","@id":"https:\/\/wijnhuis-mana.nl\/en\/product\/georgische-wijnproeverij-21-december-1600-1800-kopie\/#local-main-place-address","streetAddress":"Weerwal 11","addressLocality":"Purmerend","postalCode":"1441 AL","addressRegion":"Noord-Holland","addressCountry":"NL"},{"@type":"ImageObject","inLanguage":"en-US","@id":"https:\/\/wijnhuis-mana.nl\/en\/product\/georgische-wijnproeverij-21-december-1600-1800-kopie\/#local-main-organization-logo","url":"https:\/\/wijnhuis-mana.nl\/wp-content\/uploads\/2022\/01\/Logo_Wijnhuis-Mana_Kleur.jpg","contentUrl":"https:\/\/wijnhuis-mana.nl\/wp-content\/uploads\/2022\/01\/Logo_Wijnhuis-Mana_Kleur.jpg","width":400,"height":111,"caption":"Wijnhuis-Mana.nl"}]},"product_price_amount":"30.00","product_price_currency":"EUR","og_availability":"out of stock","product_availability":"out of stock","product_retailer_item_id":"wijnproeverij_14122025-2","product_condition":"new","geo.placename":"Purmerend","geo.region":"Netherlands"},"post_mailing_queue_ids":[],"_links":{"self":[{"href":"https:\/\/wijnhuis-mana.nl\/en\/wp-json\/wp\/v2\/product\/16857","targetHints":{"allow":["GET"]}}],"collection":[{"href":"https:\/\/wijnhuis-mana.nl\/en\/wp-json\/wp\/v2\/product"}],"about":[{"href":"https:\/\/wijnhuis-mana.nl\/en\/wp-json\/wp\/v2\/types\/product"}],"replies":[{"embeddable":true,"href":"https:\/\/wijnhuis-mana.nl\/en\/wp-json\/wp\/v2\/comments?post=16857"}],"wp:featuredmedia":[{"embeddable":true,"href":"https:\/\/wijnhuis-mana.nl\/en\/wp-json\/wp\/v2\/media\/298"}],"wp:attachment":[{"href":"https:\/\/wijnhuis-mana.nl\/en\/wp-json\/wp\/v2\/media?parent=16857"}],"wp:term":[{"taxonomy":"product_brand","embeddable":true,"href":"https:\/\/wijnhuis-mana.nl\/en\/wp-json\/wp\/v2\/product_brand?post=16857"},{"taxonomy":"product_cat","embeddable":true,"href":"https:\/\/wijnhuis-mana.nl\/en\/wp-json\/wp\/v2\/product_cat?post=16857"},{"taxonomy":"product_tag","embeddable":true,"href":"https:\/\/wijnhuis-mana.nl\/en\/wp-json\/wp\/v2\/product_tag?post=16857"}],"curies":[{"name":"wp","href":"https:\/\/api.w.org\/{rel}","templated":true}]}}