{"id":17191,"date":"2026-02-21T14:17:26","date_gmt":"2026-02-21T13:17:26","guid":{"rendered":"https:\/\/wijnhuis-mana.nl\/?post_type=product&#038;p=17191"},"modified":"2026-03-31T16:59:01","modified_gmt":"2026-03-31T14:59:01","slug":"old-salt-cranberry-gin","status":"publish","type":"product","link":"https:\/\/wijnhuis-mana.nl\/en\/product\/old-salt-cranberry-gin\/","title":{"rendered":"Old Salt cranberry gin"},"content":{"rendered":"<h2 data-section-id=\"mse2gx\" data-start=\"351\" data-end=\"375\">Algemene informatie<\/h2>\n<p data-start=\"377\" data-end=\"803\">OldSalt Cranberry Gin is een bijzondere Nederlandse gin, ontwikkeld op <strong data-start=\"448\" data-end=\"460\">Vlieland<\/strong> door twee broers die hun liefde voor gin wilden combineren met de smaken van hun eiland. De gin wordt gemaakt met <strong data-start=\"575\" data-end=\"603\">handgeplukte cranberry\u2019s<\/strong> en botanicals van het wad, waaronder <strong data-start=\"641\" data-end=\"673\">zeekraal, zeealsem en zeesla<\/strong>. Deze combinatie zorgt voor een uniek smaakprofiel waarin frisse fruittonen samenkomen met subtiele zilte en kruidige accenten.<\/p>\n<p data-start=\"805\" data-end=\"1024\">OldSalt Gin wordt gemaakt met <strong data-start=\"835\" data-end=\"868\">pure Nederlandse ingredi\u00ebnten<\/strong>, waarvan een deel rechtstreeks uit het Waddengebied komt. De kenmerkende roze kleur ontstaat door de cranberry\u2019s, die de gin een frisse, ronde smaak geven.<\/p>\n<h2 data-section-id=\"nj61ej\" data-start=\"1026\" data-end=\"1043\">Smaakprofiel<\/h2>\n<p data-start=\"1045\" data-end=\"1396\">In de geur komen <strong data-start=\"1062\" data-end=\"1087\">frisse cranberrytonen<\/strong> naar voren, ondersteund door kruidige en licht zilte nuances afkomstig van de botanicals uit zee.<br data-start=\"1185\" data-end=\"1188\" \/>In de mond is de gin <strong data-start=\"1209\" data-end=\"1243\">fruitig, zacht en toegankelijk<\/strong>, met een mooie balans tussen lichtzoete cranberry, frisse bessenaroma\u2019s en een subtiel <strong data-start=\"1331\" data-end=\"1348\">zilt karakter<\/strong>. De afdronk is fris, rond en aangenaam kruidig.<\/p>\n<h2 data-section-id=\"gut0g9\" data-start=\"1398\" data-end=\"1416\">Serveeradvies<\/h2>\n<p data-start=\"1418\" data-end=\"1667\">Serveer OldSalt Cranberry Gin met <strong data-start=\"1452\" data-end=\"1486\">veel ijs en een neutrale tonic<\/strong>. Garneer bijvoorbeeld met <strong data-start=\"1513\" data-end=\"1568\">cranberry\u2019s, rood fruit of een schijfje sinaasappel<\/strong> om het fruitige karakter extra te benadrukken. De gin werkt ook uitstekend in creatieve cocktails.<\/p>\n<h2 data-section-id=\"1djfst7\" data-start=\"1669\" data-end=\"1687\">Past goed bij<\/h2>\n<ul data-start=\"1689\" data-end=\"1779\">\n<li data-section-id=\"929vg6\" data-start=\"1689\" data-end=\"1704\">\n<p data-start=\"1691\" data-end=\"1704\">Gin &amp; Tonic<\/p>\n<\/li>\n<li data-section-id=\"1y9j57j\" data-start=\"1705\" data-end=\"1727\">\n<p data-start=\"1707\" data-end=\"1727\">Fruitige cocktails<\/p>\n<\/li>\n<li data-section-id=\"fyqdth\" data-start=\"1728\" data-end=\"1750\">\n<p data-start=\"1730\" data-end=\"1750\">Zomerse longdrinks<\/p>\n<\/li>\n<li data-section-id=\"4dafha\" data-start=\"1751\" data-end=\"1779\">\n<p data-start=\"1753\" data-end=\"1779\">Cocktails met rood fruit<\/p>\n<\/li>\n<\/ul>\n<h2 data-section-id=\"xer8uh\" data-start=\"1781\" data-end=\"1792\">Weetje<\/h2>\n<p data-start=\"1794\" data-end=\"2062\">De naam <strong data-start=\"1802\" data-end=\"1813\">OldSalt<\/strong> verwijst naar een oude Engelse term voor een ervaren zeeman of veerman \u2013 iemand die de verhalen en tradities van de zee bewaart. Voor de makers symboliseert dit de verbondenheid met <strong data-start=\"1996\" data-end=\"2061\">Vlieland, het wad en de maritieme geschiedenis van het eiland<\/strong>.<\/p>\n","protected":false},"excerpt":{"rendered":"<p>OldSalt Cranberry Gin is een fruitige gin van Vlieland met cranberry en subtiele zilte botanicals van het wad.<\/p>\n","protected":false},"featured_media":17226,"comment_status":"open","ping_status":"closed","template":"","meta":[],"product_brand":[3006],"product_cat":[2915],"product_tag":[2996,2999,1158,2998,2995,2997],"class_list":{"0":"post-17191","1":"product","2":"type-product","3":"status-publish","4":"has-post-thumbnail","6":"product_brand-oldsalt","7":"product_cat-gin","8":"product_tag-cranberry-gin","9":"product_tag-flavored-gin","10":"product_tag-gin-tonic","11":"product_tag-nederlandse-gin","12":"product_tag-oldsalt-gin","13":"product_tag-vlieland-gin","15":"first","16":"outofstock","17":"taxable","18":"shipping-taxable","19":"purchasable","20":"product-type-simple"},"yoast_head":"<!-- This site is optimized with the Yoast SEO Premium plugin v27.3 (Yoast SEO v27.3) - https:\/\/yoast.com\/product\/yoast-seo-premium-wordpress\/ -->\n<title>OldSalt Cranberry Gin \u2013 Gin van Vlieland met cranberry<\/title>\n<meta name=\"description\" content=\"OldSalt Cranberry Gin is een unieke gin van Vlieland met cranberry, zeekraal en botanicals uit het Waddengebied. Fris, fruitig en licht zilt.\" \/>\n<meta name=\"robots\" content=\"index, follow, max-snippet:-1, max-image-preview:large, max-video-preview:-1\" \/>\n<link rel=\"canonical\" href=\"https:\/\/wijnhuis-mana.nl\/en\/product\/old-salt-cranberry-gin\/\" \/>\n<meta property=\"og:locale\" content=\"en_US\" \/>\n<meta property=\"og:type\" content=\"article\" \/>\n<meta property=\"og:title\" content=\"Old Salt cranberry gin\" \/>\n<meta property=\"og:description\" content=\"OldSalt Cranberry Gin is een unieke gin van Vlieland met cranberry, zeekraal en botanicals uit het Waddengebied. Fris, fruitig en licht zilt.\" \/>\n<meta property=\"og:url\" content=\"https:\/\/wijnhuis-mana.nl\/en\/product\/old-salt-cranberry-gin\/\" \/>\n<meta property=\"og:site_name\" content=\"Wijnhuis-Mana.nl\" \/>\n<meta property=\"article:publisher\" content=\"https:\/\/www.facebook.com\/wijnhuismana\" \/>\n<meta property=\"article:modified_time\" content=\"2026-03-31T14:59:01+00:00\" \/>\n<meta property=\"og:image\" content=\"https:\/\/wijnhuis-mana.nl\/wp-content\/uploads\/2026\/02\/OldSalt-Cranberry-Gin.jpg\" \/>\n\t<meta property=\"og:image:width\" content=\"800\" \/>\n\t<meta property=\"og:image:height\" content=\"800\" \/>\n\t<meta property=\"og:image:type\" content=\"image\/jpeg\" \/>\n<meta name=\"twitter:card\" content=\"summary_large_image\" \/>\n<meta name=\"twitter:label1\" content=\"Price\" \/>\n\t<meta name=\"twitter:data1\" content=\"&euro;&nbsp;39,95\" \/>\n\t<meta name=\"twitter:label2\" content=\"Availability\" \/>\n\t<meta name=\"twitter:data2\" content=\"Out of stock\" \/>\n<script type=\"application\/ld+json\" class=\"yoast-schema-graph\">{\"@context\":\"https:\\\/\\\/schema.org\",\"@graph\":[{\"@type\":\"WebPage\",\"@id\":\"https:\\\/\\\/wijnhuis-mana.nl\\\/en\\\/product\\\/old-salt-cranberry-gin\\\/\",\"url\":\"https:\\\/\\\/wijnhuis-mana.nl\\\/en\\\/product\\\/old-salt-cranberry-gin\\\/\",\"name\":\"OldSalt Cranberry Gin \u2013 Gin van Vlieland met cranberry\",\"isPartOf\":{\"@id\":\"https:\\\/\\\/wijnhuis-mana.nl\\\/en\\\/#website\"},\"primaryImageOfPage\":{\"@id\":\"https:\\\/\\\/wijnhuis-mana.nl\\\/en\\\/product\\\/old-salt-cranberry-gin\\\/#primaryimage\"},\"image\":{\"@id\":\"https:\\\/\\\/wijnhuis-mana.nl\\\/en\\\/product\\\/old-salt-cranberry-gin\\\/#primaryimage\"},\"thumbnailUrl\":\"https:\\\/\\\/wijnhuis-mana.nl\\\/wp-content\\\/uploads\\\/2026\\\/02\\\/OldSalt-Cranberry-Gin.jpg\",\"datePublished\":\"2026-02-21T13:17:26+00:00\",\"dateModified\":\"2026-03-31T14:59:01+00:00\",\"description\":\"OldSalt Cranberry Gin is een unieke gin van Vlieland met cranberry, zeekraal en botanicals uit het Waddengebied. Fris, fruitig en licht zilt.\",\"breadcrumb\":{\"@id\":\"https:\\\/\\\/wijnhuis-mana.nl\\\/en\\\/product\\\/old-salt-cranberry-gin\\\/#breadcrumb\"},\"inLanguage\":\"en-US\",\"potentialAction\":[{\"@type\":\"ReadAction\",\"target\":[\"https:\\\/\\\/wijnhuis-mana.nl\\\/en\\\/product\\\/old-salt-cranberry-gin\\\/\"]}]},{\"@type\":\"ImageObject\",\"inLanguage\":\"en-US\",\"@id\":\"https:\\\/\\\/wijnhuis-mana.nl\\\/en\\\/product\\\/old-salt-cranberry-gin\\\/#primaryimage\",\"url\":\"https:\\\/\\\/wijnhuis-mana.nl\\\/wp-content\\\/uploads\\\/2026\\\/02\\\/OldSalt-Cranberry-Gin.jpg\",\"contentUrl\":\"https:\\\/\\\/wijnhuis-mana.nl\\\/wp-content\\\/uploads\\\/2026\\\/02\\\/OldSalt-Cranberry-Gin.jpg\",\"width\":800,\"height\":800},{\"@type\":\"BreadcrumbList\",\"@id\":\"https:\\\/\\\/wijnhuis-mana.nl\\\/en\\\/product\\\/old-salt-cranberry-gin\\\/#breadcrumb\",\"itemListElement\":[{\"@type\":\"ListItem\",\"position\":1,\"name\":\"Home\",\"item\":\"https:\\\/\\\/wijnhuis-mana.nl\\\/en\\\/\"},{\"@type\":\"ListItem\",\"position\":2,\"name\":\"Shop\",\"item\":\"https:\\\/\\\/wijnhuis-mana.nl\\\/en\\\/shop-2\\\/\"},{\"@type\":\"ListItem\",\"position\":3,\"name\":\"Old Salt cranberry gin\"}]},{\"@type\":\"WebSite\",\"@id\":\"https:\\\/\\\/wijnhuis-mana.nl\\\/en\\\/#website\",\"url\":\"https:\\\/\\\/wijnhuis-mana.nl\\\/en\\\/\",\"name\":\"Wijnhuis-Mana.nl\",\"description\":\"Wijn v\u00e1n liefhebbers, v\u00f3\u00f3r liefhebbers\",\"publisher\":{\"@id\":\"https:\\\/\\\/wijnhuis-mana.nl\\\/en\\\/#organization\"},\"potentialAction\":[{\"@type\":\"SearchAction\",\"target\":{\"@type\":\"EntryPoint\",\"urlTemplate\":\"https:\\\/\\\/wijnhuis-mana.nl\\\/en\\\/?s={search_term_string}\"},\"query-input\":{\"@type\":\"PropertyValueSpecification\",\"valueRequired\":true,\"valueName\":\"search_term_string\"}}],\"inLanguage\":\"en-US\"},{\"@type\":[\"Organization\",\"Place\"],\"@id\":\"https:\\\/\\\/wijnhuis-mana.nl\\\/en\\\/#organization\",\"name\":\"Wijnhuis-Mana.nl\",\"url\":\"https:\\\/\\\/wijnhuis-mana.nl\\\/en\\\/\",\"logo\":{\"@id\":\"https:\\\/\\\/wijnhuis-mana.nl\\\/en\\\/product\\\/old-salt-cranberry-gin\\\/#local-main-organization-logo\"},\"image\":{\"@id\":\"https:\\\/\\\/wijnhuis-mana.nl\\\/en\\\/product\\\/old-salt-cranberry-gin\\\/#local-main-organization-logo\"},\"sameAs\":[\"https:\\\/\\\/www.facebook.com\\\/wijnhuismana\",\"https:\\\/\\\/www.instagram.com\\\/ghvino.nl\"],\"hasMerchantReturnPolicy\":{\"@type\":\"MerchantReturnPolicy\",\"merchantReturnLink\":\"https:\\\/\\\/wijnhuis-mana.nl\\\/algemene-voorwaarden\\\/\"},\"address\":{\"@id\":\"https:\\\/\\\/wijnhuis-mana.nl\\\/en\\\/product\\\/old-salt-cranberry-gin\\\/#local-main-place-address\"},\"telephone\":[\"0299-769018\"],\"openingHoursSpecification\":[{\"@type\":\"OpeningHoursSpecification\",\"dayOfWeek\":[\"Monday\",\"Sunday\"],\"opens\":\"00:00\",\"closes\":\"00:00\"},{\"@type\":\"OpeningHoursSpecification\",\"dayOfWeek\":[\"Tuesday\"],\"opens\":\"10:00\",\"closes\":\"18:00\"},{\"@type\":\"OpeningHoursSpecification\",\"dayOfWeek\":[\"Wednesday\",\"Thursday\",\"Saturday\"],\"opens\":\"11:00\",\"closes\":\"18:00\"},{\"@type\":\"OpeningHoursSpecification\",\"dayOfWeek\":[\"Friday\"],\"opens\":\"11:00\",\"closes\":\"21:00\"}],\"email\":\"info@wijnhuis-mana.nl\",\"areaServed\":\"Nederland\",\"vatID\":\"NL58KNAB0255573782\",\"taxID\":\"NL58KNAB0255573782\"},{\"@type\":\"PostalAddress\",\"@id\":\"https:\\\/\\\/wijnhuis-mana.nl\\\/en\\\/product\\\/old-salt-cranberry-gin\\\/#local-main-place-address\",\"streetAddress\":\"Weerwal 11\",\"addressLocality\":\"Purmerend\",\"postalCode\":\"1441 AL\",\"addressRegion\":\"Noord-Holland\",\"addressCountry\":\"NL\"},{\"@type\":\"ImageObject\",\"inLanguage\":\"en-US\",\"@id\":\"https:\\\/\\\/wijnhuis-mana.nl\\\/en\\\/product\\\/old-salt-cranberry-gin\\\/#local-main-organization-logo\",\"url\":\"https:\\\/\\\/wijnhuis-mana.nl\\\/wp-content\\\/uploads\\\/2022\\\/01\\\/Logo_Wijnhuis-Mana_Kleur.jpg\",\"contentUrl\":\"https:\\\/\\\/wijnhuis-mana.nl\\\/wp-content\\\/uploads\\\/2022\\\/01\\\/Logo_Wijnhuis-Mana_Kleur.jpg\",\"width\":400,\"height\":111,\"caption\":\"Wijnhuis-Mana.nl\"}]}<\/script>\n<meta property=\"product:brand\" content=\"OldSalt\" \/>\n<meta property=\"product:price:amount\" content=\"39.95\" \/>\n<meta property=\"product:price:currency\" content=\"EUR\" \/>\n<meta property=\"og:availability\" content=\"out of stock\" \/>\n<meta property=\"product:availability\" content=\"out of stock\" \/>\n<meta property=\"product:retailer_item_id\" content=\"8719327402122\" \/>\n<meta property=\"product:condition\" content=\"new\" \/>\n<meta name=\"geo.placename\" content=\"Purmerend\" \/>\n<meta name=\"geo.region\" content=\"Netherlands\" \/>\n<!-- \/ Yoast SEO Premium plugin. -->","yoast_head_json":{"title":"OldSalt Cranberry Gin \u2013 Gin van Vlieland met cranberry","description":"OldSalt Cranberry Gin is een unieke gin van Vlieland met cranberry, zeekraal en botanicals uit het Waddengebied. Fris, fruitig en licht zilt.","robots":{"index":"index","follow":"follow","max-snippet":"max-snippet:-1","max-image-preview":"max-image-preview:large","max-video-preview":"max-video-preview:-1"},"canonical":"https:\/\/wijnhuis-mana.nl\/en\/product\/old-salt-cranberry-gin\/","og_locale":"en_US","og_type":"article","og_title":"Old Salt cranberry gin","og_description":"OldSalt Cranberry Gin is een unieke gin van Vlieland met cranberry, zeekraal en botanicals uit het Waddengebied. Fris, fruitig en licht zilt.","og_url":"https:\/\/wijnhuis-mana.nl\/en\/product\/old-salt-cranberry-gin\/","og_site_name":"Wijnhuis-Mana.nl","article_publisher":"https:\/\/www.facebook.com\/wijnhuismana","article_modified_time":"2026-03-31T14:59:01+00:00","og_image":[{"width":800,"height":800,"url":"https:\/\/wijnhuis-mana.nl\/wp-content\/uploads\/2026\/02\/OldSalt-Cranberry-Gin.jpg","type":"image\/jpeg"}],"twitter_card":"summary_large_image","twitter_misc":{"Price":"&euro;&nbsp;39,95","Availability":"Out of stock"},"schema":{"@context":"https:\/\/schema.org","@graph":[{"@type":"WebPage","@id":"https:\/\/wijnhuis-mana.nl\/en\/product\/old-salt-cranberry-gin\/","url":"https:\/\/wijnhuis-mana.nl\/en\/product\/old-salt-cranberry-gin\/","name":"OldSalt Cranberry Gin \u2013 Gin van Vlieland met cranberry","isPartOf":{"@id":"https:\/\/wijnhuis-mana.nl\/en\/#website"},"primaryImageOfPage":{"@id":"https:\/\/wijnhuis-mana.nl\/en\/product\/old-salt-cranberry-gin\/#primaryimage"},"image":{"@id":"https:\/\/wijnhuis-mana.nl\/en\/product\/old-salt-cranberry-gin\/#primaryimage"},"thumbnailUrl":"https:\/\/wijnhuis-mana.nl\/wp-content\/uploads\/2026\/02\/OldSalt-Cranberry-Gin.jpg","datePublished":"2026-02-21T13:17:26+00:00","dateModified":"2026-03-31T14:59:01+00:00","description":"OldSalt Cranberry Gin is een unieke gin van Vlieland met cranberry, zeekraal en botanicals uit het Waddengebied. Fris, fruitig en licht zilt.","breadcrumb":{"@id":"https:\/\/wijnhuis-mana.nl\/en\/product\/old-salt-cranberry-gin\/#breadcrumb"},"inLanguage":"en-US","potentialAction":[{"@type":"ReadAction","target":["https:\/\/wijnhuis-mana.nl\/en\/product\/old-salt-cranberry-gin\/"]}]},{"@type":"ImageObject","inLanguage":"en-US","@id":"https:\/\/wijnhuis-mana.nl\/en\/product\/old-salt-cranberry-gin\/#primaryimage","url":"https:\/\/wijnhuis-mana.nl\/wp-content\/uploads\/2026\/02\/OldSalt-Cranberry-Gin.jpg","contentUrl":"https:\/\/wijnhuis-mana.nl\/wp-content\/uploads\/2026\/02\/OldSalt-Cranberry-Gin.jpg","width":800,"height":800},{"@type":"BreadcrumbList","@id":"https:\/\/wijnhuis-mana.nl\/en\/product\/old-salt-cranberry-gin\/#breadcrumb","itemListElement":[{"@type":"ListItem","position":1,"name":"Home","item":"https:\/\/wijnhuis-mana.nl\/en\/"},{"@type":"ListItem","position":2,"name":"Shop","item":"https:\/\/wijnhuis-mana.nl\/en\/shop-2\/"},{"@type":"ListItem","position":3,"name":"Old Salt cranberry gin"}]},{"@type":"WebSite","@id":"https:\/\/wijnhuis-mana.nl\/en\/#website","url":"https:\/\/wijnhuis-mana.nl\/en\/","name":"Wijnhuis-Mana.nl","description":"Wijn v\u00e1n liefhebbers, v\u00f3\u00f3r liefhebbers","publisher":{"@id":"https:\/\/wijnhuis-mana.nl\/en\/#organization"},"potentialAction":[{"@type":"SearchAction","target":{"@type":"EntryPoint","urlTemplate":"https:\/\/wijnhuis-mana.nl\/en\/?s={search_term_string}"},"query-input":{"@type":"PropertyValueSpecification","valueRequired":true,"valueName":"search_term_string"}}],"inLanguage":"en-US"},{"@type":["Organization","Place"],"@id":"https:\/\/wijnhuis-mana.nl\/en\/#organization","name":"Wijnhuis-Mana.nl","url":"https:\/\/wijnhuis-mana.nl\/en\/","logo":{"@id":"https:\/\/wijnhuis-mana.nl\/en\/product\/old-salt-cranberry-gin\/#local-main-organization-logo"},"image":{"@id":"https:\/\/wijnhuis-mana.nl\/en\/product\/old-salt-cranberry-gin\/#local-main-organization-logo"},"sameAs":["https:\/\/www.facebook.com\/wijnhuismana","https:\/\/www.instagram.com\/ghvino.nl"],"hasMerchantReturnPolicy":{"@type":"MerchantReturnPolicy","merchantReturnLink":"https:\/\/wijnhuis-mana.nl\/algemene-voorwaarden\/"},"address":{"@id":"https:\/\/wijnhuis-mana.nl\/en\/product\/old-salt-cranberry-gin\/#local-main-place-address"},"telephone":["0299-769018"],"openingHoursSpecification":[{"@type":"OpeningHoursSpecification","dayOfWeek":["Monday","Sunday"],"opens":"00:00","closes":"00:00"},{"@type":"OpeningHoursSpecification","dayOfWeek":["Tuesday"],"opens":"10:00","closes":"18:00"},{"@type":"OpeningHoursSpecification","dayOfWeek":["Wednesday","Thursday","Saturday"],"opens":"11:00","closes":"18:00"},{"@type":"OpeningHoursSpecification","dayOfWeek":["Friday"],"opens":"11:00","closes":"21:00"}],"email":"info@wijnhuis-mana.nl","areaServed":"Nederland","vatID":"NL58KNAB0255573782","taxID":"NL58KNAB0255573782"},{"@type":"PostalAddress","@id":"https:\/\/wijnhuis-mana.nl\/en\/product\/old-salt-cranberry-gin\/#local-main-place-address","streetAddress":"Weerwal 11","addressLocality":"Purmerend","postalCode":"1441 AL","addressRegion":"Noord-Holland","addressCountry":"NL"},{"@type":"ImageObject","inLanguage":"en-US","@id":"https:\/\/wijnhuis-mana.nl\/en\/product\/old-salt-cranberry-gin\/#local-main-organization-logo","url":"https:\/\/wijnhuis-mana.nl\/wp-content\/uploads\/2022\/01\/Logo_Wijnhuis-Mana_Kleur.jpg","contentUrl":"https:\/\/wijnhuis-mana.nl\/wp-content\/uploads\/2022\/01\/Logo_Wijnhuis-Mana_Kleur.jpg","width":400,"height":111,"caption":"Wijnhuis-Mana.nl"}]},"product_brand":"OldSalt","product_price_amount":"39.95","product_price_currency":"EUR","og_availability":"out of stock","product_availability":"out of stock","product_retailer_item_id":"8719327402122","product_condition":"new","geo.placename":"Purmerend","geo.region":"Netherlands"},"post_mailing_queue_ids":[],"_links":{"self":[{"href":"https:\/\/wijnhuis-mana.nl\/en\/wp-json\/wp\/v2\/product\/17191","targetHints":{"allow":["GET"]}}],"collection":[{"href":"https:\/\/wijnhuis-mana.nl\/en\/wp-json\/wp\/v2\/product"}],"about":[{"href":"https:\/\/wijnhuis-mana.nl\/en\/wp-json\/wp\/v2\/types\/product"}],"replies":[{"embeddable":true,"href":"https:\/\/wijnhuis-mana.nl\/en\/wp-json\/wp\/v2\/comments?post=17191"}],"wp:featuredmedia":[{"embeddable":true,"href":"https:\/\/wijnhuis-mana.nl\/en\/wp-json\/wp\/v2\/media\/17226"}],"wp:attachment":[{"href":"https:\/\/wijnhuis-mana.nl\/en\/wp-json\/wp\/v2\/media?parent=17191"}],"wp:term":[{"taxonomy":"product_brand","embeddable":true,"href":"https:\/\/wijnhuis-mana.nl\/en\/wp-json\/wp\/v2\/product_brand?post=17191"},{"taxonomy":"product_cat","embeddable":true,"href":"https:\/\/wijnhuis-mana.nl\/en\/wp-json\/wp\/v2\/product_cat?post=17191"},{"taxonomy":"product_tag","embeddable":true,"href":"https:\/\/wijnhuis-mana.nl\/en\/wp-json\/wp\/v2\/product_tag?post=17191"}],"curies":[{"name":"wp","href":"https:\/\/api.w.org\/{rel}","templated":true}]}}