{"id":17204,"date":"2026-03-05T19:05:43","date_gmt":"2026-03-05T18:05:43","guid":{"rendered":"https:\/\/wijnhuis-mana.nl\/?post_type=product&#038;p=17204"},"modified":"2026-04-21T21:24:25","modified_gmt":"2026-04-21T19:24:25","slug":"wijnavond-bij-wijnhuis-mana-27-maart","status":"publish","type":"product","link":"https:\/\/wijnhuis-mana.nl\/en\/product\/wijnavond-bij-wijnhuis-mana-27-maart\/","title":{"rendered":"Wijnavond bij Wijnhuis Mana \u2013 27 maart"},"content":{"rendered":"<p data-start=\"453\" data-end=\"596\">Houd je van nieuwe smaken, een gezellige sfeer en mooie gesprekken over wijn? Dan is deze wijnavond bij Wijnhuis Mana precies wat je zoekt.<\/p>\n<p data-start=\"598\" data-end=\"848\">Op 27 maart organiseren wij een sfeervolle wijnproeverij waarbij ontdekken, proeven en ontmoeten centraal staan. Een avond om nieuwe wijnen te leren kennen, maar ook om andere wijnliefhebbers te ontmoeten en samen te genieten van goed gezelschap.<\/p>\n<p data-start=\"850\" data-end=\"1068\">Wie al eens bij ons is geweest weet het: bij Wijnhuis Mana is het altijd gezellig. Vaak ontstaan er spontaan gesprekken aan tafel, worden proefnotities uitgewisseld en ontdek je samen met anderen nieuwe favorieten.<\/p>\n<h3 data-start=\"1070\" data-end=\"1096\">Wat kun je verwachten?<\/h3>\n<ul data-start=\"1097\" data-end=\"1343\">\n<li data-start=\"1097\" data-end=\"1165\">\n<p data-start=\"1099\" data-end=\"1165\">\ud83c\udf77 <strong data-start=\"1102\" data-end=\"1142\">Proeverij van 2 verschillende wijnen<\/strong> (ca. 70 ml per wijn)<\/p>\n<\/li>\n<li data-start=\"1166\" data-end=\"1226\">\n<p data-start=\"1168\" data-end=\"1226\">\ud83e\uddc0 <strong data-start=\"1171\" data-end=\"1201\">Een vaste verrassingsplank<\/strong> met bijpassende hapjes<\/p>\n<\/li>\n<li data-start=\"1227\" data-end=\"1343\">\n<p data-start=\"1229\" data-end=\"1343\">\ud83c\udf77 Mogelijkheid om tijdens de avond <strong data-start=\"1265\" data-end=\"1301\">extra wijn per glas te bestellen<\/strong> uit een speciaal geselecteerde selectie<\/p>\n<\/li>\n<\/ul>\n<p data-start=\"1345\" data-end=\"1414\">De avond start om <strong data-start=\"1363\" data-end=\"1376\">19:00 uur<\/strong> en duurt tot uiterlijk <strong data-start=\"1400\" data-end=\"1413\">00:00 uur<\/strong>.<\/p>\n<h3 data-start=\"1416\" data-end=\"1446\">Optioneel bij te bestellen<\/h3>\n<p data-start=\"1447\" data-end=\"1538\">Wil je nog iets extra\u2019s bij je wijn? Je kunt van ten voren een extra plankje bestellen (neem van ten voren even contact met ons op):<\/p>\n<ul data-start=\"1540\" data-end=\"1650\">\n<li data-start=\"1540\" data-end=\"1559\">\n<p data-start=\"1542\" data-end=\"1559\">Kaasplankje \u2013 \u20ac10<\/p>\n<\/li>\n<li data-start=\"1560\" data-end=\"1580\">\n<p data-start=\"1562\" data-end=\"1580\">Vleesplankje \u2013 \u20ac10<\/p>\n<\/li>\n<li data-start=\"1581\" data-end=\"1605\">\n<p data-start=\"1583\" data-end=\"1605\">Gemengd plankje \u2013 \u20ac12<\/p>\n<\/li>\n<li data-start=\"1606\" data-end=\"1650\">\n<p data-start=\"1608\" data-end=\"1650\">Notenplankje met brood en kruidenboter \u2013 \u20ac10<\/p>\n<\/li>\n<\/ul>\n<h3 data-start=\"1652\" data-end=\"1667\">Dieetwensen<\/h3>\n<p data-start=\"1668\" data-end=\"1766\">Een vegetarische of vegan variant is mogelijk.<br data-start=\"1718\" data-end=\"1721\" \/>Laat dit vooraf bij je reservering weten.<\/p>\n<p data-start=\"1768\" data-end=\"1883\">Heb je allergie\u00ebn of specifieke dieetwensen? Geef dit ook vooraf door zodat we hier rekening mee kunnen houden.<\/p>\n<h3 data-start=\"1885\" data-end=\"1910\">Praktische informatie<\/h3>\n<p data-start=\"1911\" data-end=\"2083\">\ud83d\udcc5 <strong data-start=\"1914\" data-end=\"1924\">Datum:<\/strong> 27 maart<br data-start=\"1933\" data-end=\"1936\" \/>\ud83d\udd56 <strong data-start=\"1939\" data-end=\"1948\">Tijd:<\/strong> 19:00 \u2013 maximaal 00:00<br data-start=\"1971\" data-end=\"1974\" \/>\ud83d\udcb0 <strong data-start=\"1977\" data-end=\"1987\">Prijs:<\/strong> \u20ac35 per persoon<br data-start=\"2003\" data-end=\"2006\" \/>\ud83d\udc65 <strong data-start=\"2009\" data-end=\"2039\">Minimum aantal deelnemers:<\/strong> 10<br data-start=\"2042\" data-end=\"2045\" \/>\ud83d\udc65 <strong data-start=\"2048\" data-end=\"2078\">Maximum aantal deelnemers:<\/strong> 25<\/p>\n<p data-start=\"1911\" data-end=\"2083\">Adres: Weerwal 11a, Purmerend<\/p>\n<p data-start=\"2085\" data-end=\"2129\">De avond gaat door bij voldoende deelnemers.<\/p>\n<h3 data-start=\"2131\" data-end=\"2145\">Reserveren<\/h3>\n<p data-start=\"2146\" data-end=\"2307\">Deelname is alleen mogelijk met vooraf gekochte tickets via onze webshop. Zo kunnen wij alles zorgvuldig voorbereiden en zorgen dat alles voor je klaarstaat.<\/p>\n<p data-start=\"2309\" data-end=\"2358\">\ud83c\udf9f Plaatsen zijn beperkt \u2013 reserveer op tijd.<\/p>\n<p data-start=\"2360\" data-end=\"2463\">We kijken ernaar uit je te verwelkomen bij Wijnhuis Mana voor een gezellige avond vol mooie wijnen.<\/p>\n","protected":false},"excerpt":{"rendered":"<p data-start=\"940\" data-end=\"1183\">Beleef een gezellige wijnavond bij <strong data-start=\"975\" data-end=\"1005\">Wijnhuis Mana in Purmerend<\/strong>. Tijdens deze wijnproeverij proef je twee bijzondere wijnen met een verrassingsplank met bijpassende hapjes. Ontmoet andere wijnliefhebbers en geniet van een ontspannen sfeer.<\/p>\n<p data-start=\"1185\" data-end=\"1285\">\ud83d\udcc5 27 maart<br data-start=\"1196\" data-end=\"1199\" \/>\ud83d\udd56 19:00 \u2013 max. 00:00<br data-start=\"1220\" data-end=\"1223\" \/>\ud83d\udc65 10\u201325 deelnemers<br data-start=\"1242\" data-end=\"1245\" \/>\ud83c\udf9f Alleen op reservering via de webshop.<\/p>\n","protected":false},"featured_media":17205,"comment_status":"open","ping_status":"closed","template":"","meta":[],"product_brand":[],"product_cat":[2925],"product_tag":[2990,2993,2992,2989,2994,2988,1935,2991,557,2832],"class_list":{"0":"post-17204","1":"product","2":"type-product","3":"status-publish","4":"has-post-thumbnail","6":"product_cat-proeverijen","7":"product_tag-wijn-evenement","8":"product_tag-wijn-event-purmerend","9":"product_tag-wijn-proeven","10":"product_tag-wijn-tasting","11":"product_tag-wijn-tasting-purmerend","12":"product_tag-wijnavond","13":"product_tag-wijnhuis-mana","14":"product_tag-wijnliefhebbers","15":"product_tag-wijnproeverij","16":"product_tag-wijnproeverij-purmerend","18":"first","19":"outofstock","20":"virtual","21":"taxable","22":"purchasable","23":"product-type-simple"},"yoast_head":"<!-- This site is optimized with the Yoast SEO Premium plugin v27.5 (Yoast SEO v27.5) - https:\/\/yoast.com\/product\/yoast-seo-premium-wordpress\/ -->\n<title>Wijnproeverij Purmerend \u2013 Wijnavond bij Wijnhuis Mana (27 maart)<\/title>\n<meta name=\"description\" content=\"Beleef een gezellige wijnproeverij bij Wijnhuis Mana in Purmerend. Proef 2 bijzondere wijnen, geniet van een verrassingsplank en ontmoet andere wijnliefhebbers. Reserveer je ticket.\" \/>\n<meta name=\"robots\" content=\"index, follow, max-snippet:-1, max-image-preview:large, max-video-preview:-1\" \/>\n<link rel=\"canonical\" href=\"https:\/\/wijnhuis-mana.nl\/en\/product\/wijnavond-bij-wijnhuis-mana-27-maart\/\" \/>\n<meta property=\"og:locale\" content=\"en_US\" \/>\n<meta property=\"og:type\" content=\"article\" \/>\n<meta property=\"og:title\" content=\"Wijnavond bij Wijnhuis Mana \u2013 27 maart\" \/>\n<meta property=\"og:description\" content=\"Beleef een gezellige wijnproeverij bij Wijnhuis Mana in Purmerend. Proef 2 bijzondere wijnen, geniet van een verrassingsplank en ontmoet andere wijnliefhebbers. Reserveer je ticket.\" \/>\n<meta property=\"og:url\" content=\"https:\/\/wijnhuis-mana.nl\/en\/product\/wijnavond-bij-wijnhuis-mana-27-maart\/\" \/>\n<meta property=\"og:site_name\" content=\"Wijnhuis-Mana.nl\" \/>\n<meta property=\"article:publisher\" content=\"https:\/\/www.facebook.com\/wijnhuismana\" \/>\n<meta property=\"article:modified_time\" content=\"2026-04-21T19:24:25+00:00\" \/>\n<meta property=\"og:image\" content=\"https:\/\/wijnhuis-mana.nl\/wp-content\/uploads\/2026\/03\/wijnproeverij-27-maart-2026-1200x800.png\" \/>\n\t<meta property=\"og:image:width\" content=\"1200\" \/>\n\t<meta property=\"og:image:height\" content=\"800\" \/>\n\t<meta property=\"og:image:type\" content=\"image\/png\" \/>\n<meta name=\"twitter:card\" content=\"summary_large_image\" \/>\n<meta name=\"twitter:label1\" content=\"Price\" \/>\n\t<meta name=\"twitter:data1\" content=\"&euro;&nbsp;35,00\" \/>\n\t<meta name=\"twitter:label2\" content=\"Availability\" \/>\n\t<meta name=\"twitter:data2\" content=\"Out of stock\" \/>\n<script type=\"application\/ld+json\" class=\"yoast-schema-graph\">{\"@context\":\"https:\\\/\\\/schema.org\",\"@graph\":[{\"@type\":\"WebPage\",\"@id\":\"https:\\\/\\\/wijnhuis-mana.nl\\\/en\\\/product\\\/wijnavond-bij-wijnhuis-mana-27-maart\\\/\",\"url\":\"https:\\\/\\\/wijnhuis-mana.nl\\\/en\\\/product\\\/wijnavond-bij-wijnhuis-mana-27-maart\\\/\",\"name\":\"Wijnproeverij Purmerend \u2013 Wijnavond bij Wijnhuis Mana (27 maart)\",\"isPartOf\":{\"@id\":\"https:\\\/\\\/wijnhuis-mana.nl\\\/en\\\/#website\"},\"primaryImageOfPage\":{\"@id\":\"https:\\\/\\\/wijnhuis-mana.nl\\\/en\\\/product\\\/wijnavond-bij-wijnhuis-mana-27-maart\\\/#primaryimage\"},\"image\":{\"@id\":\"https:\\\/\\\/wijnhuis-mana.nl\\\/en\\\/product\\\/wijnavond-bij-wijnhuis-mana-27-maart\\\/#primaryimage\"},\"thumbnailUrl\":\"https:\\\/\\\/wijnhuis-mana.nl\\\/wp-content\\\/uploads\\\/2026\\\/03\\\/wijnproeverij-27-maart-2026.png\",\"datePublished\":\"2026-03-05T18:05:43+00:00\",\"dateModified\":\"2026-04-21T19:24:25+00:00\",\"description\":\"Beleef een gezellige wijnproeverij bij Wijnhuis Mana in Purmerend. Proef 2 bijzondere wijnen, geniet van een verrassingsplank en ontmoet andere wijnliefhebbers. Reserveer je ticket.\",\"breadcrumb\":{\"@id\":\"https:\\\/\\\/wijnhuis-mana.nl\\\/en\\\/product\\\/wijnavond-bij-wijnhuis-mana-27-maart\\\/#breadcrumb\"},\"inLanguage\":\"en-US\",\"potentialAction\":[{\"@type\":\"ReadAction\",\"target\":[\"https:\\\/\\\/wijnhuis-mana.nl\\\/en\\\/product\\\/wijnavond-bij-wijnhuis-mana-27-maart\\\/\"]}]},{\"@type\":\"ImageObject\",\"inLanguage\":\"en-US\",\"@id\":\"https:\\\/\\\/wijnhuis-mana.nl\\\/en\\\/product\\\/wijnavond-bij-wijnhuis-mana-27-maart\\\/#primaryimage\",\"url\":\"https:\\\/\\\/wijnhuis-mana.nl\\\/wp-content\\\/uploads\\\/2026\\\/03\\\/wijnproeverij-27-maart-2026.png\",\"contentUrl\":\"https:\\\/\\\/wijnhuis-mana.nl\\\/wp-content\\\/uploads\\\/2026\\\/03\\\/wijnproeverij-27-maart-2026.png\",\"width\":1536,\"height\":1024},{\"@type\":\"BreadcrumbList\",\"@id\":\"https:\\\/\\\/wijnhuis-mana.nl\\\/en\\\/product\\\/wijnavond-bij-wijnhuis-mana-27-maart\\\/#breadcrumb\",\"itemListElement\":[{\"@type\":\"ListItem\",\"position\":1,\"name\":\"Home\",\"item\":\"https:\\\/\\\/wijnhuis-mana.nl\\\/en\\\/\"},{\"@type\":\"ListItem\",\"position\":2,\"name\":\"Shop\",\"item\":\"https:\\\/\\\/wijnhuis-mana.nl\\\/en\\\/shop-2\\\/\"},{\"@type\":\"ListItem\",\"position\":3,\"name\":\"Wijnavond bij Wijnhuis Mana \u2013 27 maart\"}]},{\"@type\":\"WebSite\",\"@id\":\"https:\\\/\\\/wijnhuis-mana.nl\\\/en\\\/#website\",\"url\":\"https:\\\/\\\/wijnhuis-mana.nl\\\/en\\\/\",\"name\":\"Wijnhuis-Mana.nl\",\"description\":\"Wijn v\u00e1n liefhebbers, v\u00f3\u00f3r liefhebbers\",\"publisher\":{\"@id\":\"https:\\\/\\\/wijnhuis-mana.nl\\\/en\\\/#organization\"},\"potentialAction\":[{\"@type\":\"SearchAction\",\"target\":{\"@type\":\"EntryPoint\",\"urlTemplate\":\"https:\\\/\\\/wijnhuis-mana.nl\\\/en\\\/?s={search_term_string}\"},\"query-input\":{\"@type\":\"PropertyValueSpecification\",\"valueRequired\":true,\"valueName\":\"search_term_string\"}}],\"inLanguage\":\"en-US\"},{\"@type\":[\"Organization\",\"Place\"],\"@id\":\"https:\\\/\\\/wijnhuis-mana.nl\\\/en\\\/#organization\",\"name\":\"Wijnhuis-Mana.nl\",\"url\":\"https:\\\/\\\/wijnhuis-mana.nl\\\/en\\\/\",\"logo\":{\"@id\":\"https:\\\/\\\/wijnhuis-mana.nl\\\/en\\\/product\\\/wijnavond-bij-wijnhuis-mana-27-maart\\\/#local-main-organization-logo\"},\"image\":{\"@id\":\"https:\\\/\\\/wijnhuis-mana.nl\\\/en\\\/product\\\/wijnavond-bij-wijnhuis-mana-27-maart\\\/#local-main-organization-logo\"},\"sameAs\":[\"https:\\\/\\\/www.facebook.com\\\/wijnhuismana\",\"https:\\\/\\\/www.instagram.com\\\/ghvino.nl\"],\"hasMerchantReturnPolicy\":{\"@type\":\"MerchantReturnPolicy\",\"merchantReturnLink\":\"https:\\\/\\\/wijnhuis-mana.nl\\\/algemene-voorwaarden\\\/\"},\"address\":{\"@id\":\"https:\\\/\\\/wijnhuis-mana.nl\\\/en\\\/product\\\/wijnavond-bij-wijnhuis-mana-27-maart\\\/#local-main-place-address\"},\"telephone\":[\"0299-769018\"],\"openingHoursSpecification\":[{\"@type\":\"OpeningHoursSpecification\",\"dayOfWeek\":[\"Monday\",\"Sunday\"],\"opens\":\"00:00\",\"closes\":\"00:00\"},{\"@type\":\"OpeningHoursSpecification\",\"dayOfWeek\":[\"Tuesday\"],\"opens\":\"10:00\",\"closes\":\"18:00\"},{\"@type\":\"OpeningHoursSpecification\",\"dayOfWeek\":[\"Wednesday\",\"Thursday\",\"Saturday\"],\"opens\":\"11:00\",\"closes\":\"18:00\"},{\"@type\":\"OpeningHoursSpecification\",\"dayOfWeek\":[\"Friday\"],\"opens\":\"11:00\",\"closes\":\"21:00\"}],\"email\":\"info@wijnhuis-mana.nl\",\"areaServed\":\"Nederland\",\"vatID\":\"NL58KNAB0255573782\",\"taxID\":\"NL58KNAB0255573782\"},{\"@type\":\"PostalAddress\",\"@id\":\"https:\\\/\\\/wijnhuis-mana.nl\\\/en\\\/product\\\/wijnavond-bij-wijnhuis-mana-27-maart\\\/#local-main-place-address\",\"streetAddress\":\"Weerwal 11\",\"addressLocality\":\"Purmerend\",\"postalCode\":\"1441 AL\",\"addressRegion\":\"Noord-Holland\",\"addressCountry\":\"NL\"},{\"@type\":\"ImageObject\",\"inLanguage\":\"en-US\",\"@id\":\"https:\\\/\\\/wijnhuis-mana.nl\\\/en\\\/product\\\/wijnavond-bij-wijnhuis-mana-27-maart\\\/#local-main-organization-logo\",\"url\":\"https:\\\/\\\/wijnhuis-mana.nl\\\/wp-content\\\/uploads\\\/2022\\\/01\\\/Logo_Wijnhuis-Mana_Kleur.jpg\",\"contentUrl\":\"https:\\\/\\\/wijnhuis-mana.nl\\\/wp-content\\\/uploads\\\/2022\\\/01\\\/Logo_Wijnhuis-Mana_Kleur.jpg\",\"width\":400,\"height\":111,\"caption\":\"Wijnhuis-Mana.nl\"}]}<\/script>\n<meta property=\"product:price:amount\" content=\"35.00\" \/>\n<meta property=\"product:price:currency\" content=\"EUR\" \/>\n<meta property=\"og:availability\" content=\"out of stock\" \/>\n<meta property=\"product:availability\" content=\"out of stock\" \/>\n<meta property=\"product:retailer_item_id\" content=\"wijnproeverij_270326\" \/>\n<meta property=\"product:condition\" content=\"new\" \/>\n<meta name=\"geo.placename\" content=\"Purmerend\" \/>\n<meta name=\"geo.region\" content=\"Netherlands\" \/>\n<!-- \/ Yoast SEO Premium plugin. -->","yoast_head_json":{"title":"Wijnproeverij Purmerend \u2013 Wijnavond bij Wijnhuis Mana (27 maart)","description":"Beleef een gezellige wijnproeverij bij Wijnhuis Mana in Purmerend. Proef 2 bijzondere wijnen, geniet van een verrassingsplank en ontmoet andere wijnliefhebbers. Reserveer je ticket.","robots":{"index":"index","follow":"follow","max-snippet":"max-snippet:-1","max-image-preview":"max-image-preview:large","max-video-preview":"max-video-preview:-1"},"canonical":"https:\/\/wijnhuis-mana.nl\/en\/product\/wijnavond-bij-wijnhuis-mana-27-maart\/","og_locale":"en_US","og_type":"article","og_title":"Wijnavond bij Wijnhuis Mana \u2013 27 maart","og_description":"Beleef een gezellige wijnproeverij bij Wijnhuis Mana in Purmerend. Proef 2 bijzondere wijnen, geniet van een verrassingsplank en ontmoet andere wijnliefhebbers. Reserveer je ticket.","og_url":"https:\/\/wijnhuis-mana.nl\/en\/product\/wijnavond-bij-wijnhuis-mana-27-maart\/","og_site_name":"Wijnhuis-Mana.nl","article_publisher":"https:\/\/www.facebook.com\/wijnhuismana","article_modified_time":"2026-04-21T19:24:25+00:00","og_image":[{"width":1200,"height":800,"url":"https:\/\/wijnhuis-mana.nl\/wp-content\/uploads\/2026\/03\/wijnproeverij-27-maart-2026-1200x800.png","type":"image\/png"}],"twitter_card":"summary_large_image","twitter_misc":{"Price":"&euro;&nbsp;35,00","Availability":"Out of stock"},"schema":{"@context":"https:\/\/schema.org","@graph":[{"@type":"WebPage","@id":"https:\/\/wijnhuis-mana.nl\/en\/product\/wijnavond-bij-wijnhuis-mana-27-maart\/","url":"https:\/\/wijnhuis-mana.nl\/en\/product\/wijnavond-bij-wijnhuis-mana-27-maart\/","name":"Wijnproeverij Purmerend \u2013 Wijnavond bij Wijnhuis Mana (27 maart)","isPartOf":{"@id":"https:\/\/wijnhuis-mana.nl\/en\/#website"},"primaryImageOfPage":{"@id":"https:\/\/wijnhuis-mana.nl\/en\/product\/wijnavond-bij-wijnhuis-mana-27-maart\/#primaryimage"},"image":{"@id":"https:\/\/wijnhuis-mana.nl\/en\/product\/wijnavond-bij-wijnhuis-mana-27-maart\/#primaryimage"},"thumbnailUrl":"https:\/\/wijnhuis-mana.nl\/wp-content\/uploads\/2026\/03\/wijnproeverij-27-maart-2026.png","datePublished":"2026-03-05T18:05:43+00:00","dateModified":"2026-04-21T19:24:25+00:00","description":"Beleef een gezellige wijnproeverij bij Wijnhuis Mana in Purmerend. Proef 2 bijzondere wijnen, geniet van een verrassingsplank en ontmoet andere wijnliefhebbers. Reserveer je ticket.","breadcrumb":{"@id":"https:\/\/wijnhuis-mana.nl\/en\/product\/wijnavond-bij-wijnhuis-mana-27-maart\/#breadcrumb"},"inLanguage":"en-US","potentialAction":[{"@type":"ReadAction","target":["https:\/\/wijnhuis-mana.nl\/en\/product\/wijnavond-bij-wijnhuis-mana-27-maart\/"]}]},{"@type":"ImageObject","inLanguage":"en-US","@id":"https:\/\/wijnhuis-mana.nl\/en\/product\/wijnavond-bij-wijnhuis-mana-27-maart\/#primaryimage","url":"https:\/\/wijnhuis-mana.nl\/wp-content\/uploads\/2026\/03\/wijnproeverij-27-maart-2026.png","contentUrl":"https:\/\/wijnhuis-mana.nl\/wp-content\/uploads\/2026\/03\/wijnproeverij-27-maart-2026.png","width":1536,"height":1024},{"@type":"BreadcrumbList","@id":"https:\/\/wijnhuis-mana.nl\/en\/product\/wijnavond-bij-wijnhuis-mana-27-maart\/#breadcrumb","itemListElement":[{"@type":"ListItem","position":1,"name":"Home","item":"https:\/\/wijnhuis-mana.nl\/en\/"},{"@type":"ListItem","position":2,"name":"Shop","item":"https:\/\/wijnhuis-mana.nl\/en\/shop-2\/"},{"@type":"ListItem","position":3,"name":"Wijnavond bij Wijnhuis Mana \u2013 27 maart"}]},{"@type":"WebSite","@id":"https:\/\/wijnhuis-mana.nl\/en\/#website","url":"https:\/\/wijnhuis-mana.nl\/en\/","name":"Wijnhuis-Mana.nl","description":"Wijn v\u00e1n liefhebbers, v\u00f3\u00f3r liefhebbers","publisher":{"@id":"https:\/\/wijnhuis-mana.nl\/en\/#organization"},"potentialAction":[{"@type":"SearchAction","target":{"@type":"EntryPoint","urlTemplate":"https:\/\/wijnhuis-mana.nl\/en\/?s={search_term_string}"},"query-input":{"@type":"PropertyValueSpecification","valueRequired":true,"valueName":"search_term_string"}}],"inLanguage":"en-US"},{"@type":["Organization","Place"],"@id":"https:\/\/wijnhuis-mana.nl\/en\/#organization","name":"Wijnhuis-Mana.nl","url":"https:\/\/wijnhuis-mana.nl\/en\/","logo":{"@id":"https:\/\/wijnhuis-mana.nl\/en\/product\/wijnavond-bij-wijnhuis-mana-27-maart\/#local-main-organization-logo"},"image":{"@id":"https:\/\/wijnhuis-mana.nl\/en\/product\/wijnavond-bij-wijnhuis-mana-27-maart\/#local-main-organization-logo"},"sameAs":["https:\/\/www.facebook.com\/wijnhuismana","https:\/\/www.instagram.com\/ghvino.nl"],"hasMerchantReturnPolicy":{"@type":"MerchantReturnPolicy","merchantReturnLink":"https:\/\/wijnhuis-mana.nl\/algemene-voorwaarden\/"},"address":{"@id":"https:\/\/wijnhuis-mana.nl\/en\/product\/wijnavond-bij-wijnhuis-mana-27-maart\/#local-main-place-address"},"telephone":["0299-769018"],"openingHoursSpecification":[{"@type":"OpeningHoursSpecification","dayOfWeek":["Monday","Sunday"],"opens":"00:00","closes":"00:00"},{"@type":"OpeningHoursSpecification","dayOfWeek":["Tuesday"],"opens":"10:00","closes":"18:00"},{"@type":"OpeningHoursSpecification","dayOfWeek":["Wednesday","Thursday","Saturday"],"opens":"11:00","closes":"18:00"},{"@type":"OpeningHoursSpecification","dayOfWeek":["Friday"],"opens":"11:00","closes":"21:00"}],"email":"info@wijnhuis-mana.nl","areaServed":"Nederland","vatID":"NL58KNAB0255573782","taxID":"NL58KNAB0255573782"},{"@type":"PostalAddress","@id":"https:\/\/wijnhuis-mana.nl\/en\/product\/wijnavond-bij-wijnhuis-mana-27-maart\/#local-main-place-address","streetAddress":"Weerwal 11","addressLocality":"Purmerend","postalCode":"1441 AL","addressRegion":"Noord-Holland","addressCountry":"NL"},{"@type":"ImageObject","inLanguage":"en-US","@id":"https:\/\/wijnhuis-mana.nl\/en\/product\/wijnavond-bij-wijnhuis-mana-27-maart\/#local-main-organization-logo","url":"https:\/\/wijnhuis-mana.nl\/wp-content\/uploads\/2022\/01\/Logo_Wijnhuis-Mana_Kleur.jpg","contentUrl":"https:\/\/wijnhuis-mana.nl\/wp-content\/uploads\/2022\/01\/Logo_Wijnhuis-Mana_Kleur.jpg","width":400,"height":111,"caption":"Wijnhuis-Mana.nl"}]},"product_price_amount":"35.00","product_price_currency":"EUR","og_availability":"out of stock","product_availability":"out of stock","product_retailer_item_id":"wijnproeverij_270326","product_condition":"new","geo.placename":"Purmerend","geo.region":"Netherlands"},"post_mailing_queue_ids":[],"_links":{"self":[{"href":"https:\/\/wijnhuis-mana.nl\/en\/wp-json\/wp\/v2\/product\/17204","targetHints":{"allow":["GET"]}}],"collection":[{"href":"https:\/\/wijnhuis-mana.nl\/en\/wp-json\/wp\/v2\/product"}],"about":[{"href":"https:\/\/wijnhuis-mana.nl\/en\/wp-json\/wp\/v2\/types\/product"}],"replies":[{"embeddable":true,"href":"https:\/\/wijnhuis-mana.nl\/en\/wp-json\/wp\/v2\/comments?post=17204"}],"wp:featuredmedia":[{"embeddable":true,"href":"https:\/\/wijnhuis-mana.nl\/en\/wp-json\/wp\/v2\/media\/17205"}],"wp:attachment":[{"href":"https:\/\/wijnhuis-mana.nl\/en\/wp-json\/wp\/v2\/media?parent=17204"}],"wp:term":[{"taxonomy":"product_brand","embeddable":true,"href":"https:\/\/wijnhuis-mana.nl\/en\/wp-json\/wp\/v2\/product_brand?post=17204"},{"taxonomy":"product_cat","embeddable":true,"href":"https:\/\/wijnhuis-mana.nl\/en\/wp-json\/wp\/v2\/product_cat?post=17204"},{"taxonomy":"product_tag","embeddable":true,"href":"https:\/\/wijnhuis-mana.nl\/en\/wp-json\/wp\/v2\/product_tag?post=17204"}],"curies":[{"name":"wp","href":"https:\/\/api.w.org\/{rel}","templated":true}]}}