{"id":17288,"date":"2026-04-21T21:41:42","date_gmt":"2026-04-21T19:41:42","guid":{"rendered":"https:\/\/wijnhuis-mana.nl\/?post_type=product&#038;p=17288"},"modified":"2026-04-24T18:33:09","modified_gmt":"2026-04-24T16:33:09","slug":"georgische-wijnproeverij-zaterdag-6-juni-2026-1900-2100","status":"publish","type":"product","link":"https:\/\/wijnhuis-mana.nl\/en\/product\/georgische-wijnproeverij-zaterdag-6-juni-2026-1900-2100\/","title":{"rendered":"Georgische wijnproeverij \u2013 Zaterdag 6 Juni 2026 | 19:00\u201321:00"},"content":{"rendered":"<p data-start=\"473\" data-end=\"859\"><strong data-start=\"473\" data-end=\"516\">Ontdek de oorsprong van wijn \u2013 Georgi\u00eb!<\/strong><br data-start=\"516\" data-end=\"519\" \/>Tijdens deze sfeervolle avond nemen wij je mee door 8000 jaar wijncultuur. Je proeft vijf karaktervolle Georgische wijnen, van amberkleurige <em data-start=\"660\" data-end=\"675\">Qvevri-wijnen<\/em> tot elegante moderne blends.<br data-start=\"704\" data-end=\"707\" \/>De proeverij wordt begeleid door o.a. authentieke Georgische hapjes en een korte presentatie over het land, de druivenrassen en de unieke <em data-start=\"840\" data-end=\"856\">Qvevri-methode<\/em>.<\/p>\n<p data-start=\"861\" data-end=\"1022\"><strong data-start=\"861\" data-end=\"874\">Praktisch<\/strong><br data-start=\"874\" data-end=\"877\" \/>\ud83d\udccd Locatie: Proeflokaal <strong data-start=\"901\" data-end=\"918\">Wijnhuis Mana<\/strong>, Weerwal 11A \u2013 Purmerend<br data-start=\"943\" data-end=\"946\" \/>\ud83d\udd56 Tijd: 19:00 \u2013 21:00<br data-start=\"968\" data-end=\"971\" \/>\ud83d\udcb6 Deelname: \u20ac 35 p.p.<br data-start=\"993\" data-end=\"996\" \/>\ud83d\udc65 Doorgang bij minimaal 8 deelnemers<\/p>\n<p data-start=\"1024\" data-end=\"1089\">Reserveer tijdig \u2013 deze proeverij is doorgaans snel volgeboekt!<\/p>\n","protected":false},"excerpt":{"rendered":"<p>Ontdek de oorsprong van wijn! Tijdens deze Georgische wijnproeverij proef je vijf unieke wijnen uit de bakermat van de wijnwereld, begeleid door Georgische hapjes en verhalen over 8000 jaar wijntraditie.<\/p>\n","protected":false},"featured_media":298,"comment_status":"open","ping_status":"closed","template":"","meta":[],"product_brand":[],"product_cat":[2925],"product_tag":[135,559,558,560,557],"class_list":{"0":"post-17288","1":"product","2":"type-product","3":"status-publish","4":"has-post-thumbnail","6":"product_cat-proeverijen","7":"product_tag-georgische-wijn","8":"product_tag-gezellig","9":"product_tag-hapjes","10":"product_tag-presentatie","11":"product_tag-wijnproeverij","13":"first","14":"instock","15":"virtual","16":"taxable","17":"purchasable","18":"product-type-simple"},"yoast_head":"<!-- This site is optimized with the Yoast SEO Premium plugin v27.5 (Yoast SEO v27.5) - https:\/\/yoast.com\/product\/yoast-seo-premium-wordpress\/ -->\n<title>Georgische wijnproeverij Purmerend \u2013 Wijnhuis Mana 6 Juni 2026<\/title>\n<meta name=\"description\" content=\"Ontdek 8000 jaar wijntraditie tijdens onze Georgische wijnproeverij in Purmerend op 6 Juni. Proef 5 Qvevri-wijnen met Georgische hapjes. \u20ac 35 p.p.\" \/>\n<meta name=\"robots\" content=\"index, follow, max-snippet:-1, max-image-preview:large, max-video-preview:-1\" \/>\n<link rel=\"canonical\" href=\"https:\/\/wijnhuis-mana.nl\/en\/product\/georgische-wijnproeverij-zaterdag-6-juni-2026-1900-2100\/\" \/>\n<meta property=\"og:locale\" content=\"en_US\" \/>\n<meta property=\"og:type\" content=\"article\" \/>\n<meta property=\"og:title\" content=\"Georgische wijnproeverij \u2013 Zaterdag 6 Juni 2026 | 19:00\u201321:00\" \/>\n<meta property=\"og:description\" content=\"Ontdek 8000 jaar wijntraditie tijdens onze Georgische wijnproeverij in Purmerend op 6 Juni. Proef 5 Qvevri-wijnen met Georgische hapjes. \u20ac 35 p.p.\" \/>\n<meta property=\"og:url\" content=\"https:\/\/wijnhuis-mana.nl\/en\/product\/georgische-wijnproeverij-zaterdag-6-juni-2026-1900-2100\/\" \/>\n<meta property=\"og:site_name\" content=\"Wijnhuis-Mana.nl\" \/>\n<meta property=\"article:publisher\" content=\"https:\/\/www.facebook.com\/wijnhuismana\" \/>\n<meta property=\"article:modified_time\" content=\"2026-04-24T16:33:09+00:00\" \/>\n<meta property=\"og:image\" content=\"https:\/\/wijnhuis-mana.nl\/wp-content\/uploads\/2022\/01\/Wijn-proeverij-web.jpg\" \/>\n\t<meta property=\"og:image:width\" content=\"375\" \/>\n\t<meta property=\"og:image:height\" content=\"250\" \/>\n\t<meta property=\"og:image:type\" content=\"image\/jpeg\" \/>\n<meta name=\"twitter:card\" content=\"summary_large_image\" \/>\n<meta name=\"twitter:label1\" content=\"Price\" \/>\n\t<meta name=\"twitter:data1\" content=\"&euro;&nbsp;35,00\" \/>\n\t<meta name=\"twitter:label2\" content=\"Availability\" \/>\n\t<meta name=\"twitter:data2\" content=\"In stock\" \/>\n<script type=\"application\/ld+json\" class=\"yoast-schema-graph\">{\"@context\":\"https:\\\/\\\/schema.org\",\"@graph\":[{\"@type\":\"WebPage\",\"@id\":\"https:\\\/\\\/wijnhuis-mana.nl\\\/en\\\/product\\\/georgische-wijnproeverij-zaterdag-6-juni-2026-1900-2100\\\/\",\"url\":\"https:\\\/\\\/wijnhuis-mana.nl\\\/en\\\/product\\\/georgische-wijnproeverij-zaterdag-6-juni-2026-1900-2100\\\/\",\"name\":\"Georgische wijnproeverij Purmerend \u2013 Wijnhuis Mana 6 Juni 2026\",\"isPartOf\":{\"@id\":\"https:\\\/\\\/wijnhuis-mana.nl\\\/en\\\/#website\"},\"primaryImageOfPage\":{\"@id\":\"https:\\\/\\\/wijnhuis-mana.nl\\\/en\\\/product\\\/georgische-wijnproeverij-zaterdag-6-juni-2026-1900-2100\\\/#primaryimage\"},\"image\":{\"@id\":\"https:\\\/\\\/wijnhuis-mana.nl\\\/en\\\/product\\\/georgische-wijnproeverij-zaterdag-6-juni-2026-1900-2100\\\/#primaryimage\"},\"thumbnailUrl\":\"https:\\\/\\\/wijnhuis-mana.nl\\\/wp-content\\\/uploads\\\/2022\\\/01\\\/Wijn-proeverij-web.jpg\",\"datePublished\":\"2026-04-21T19:41:42+00:00\",\"dateModified\":\"2026-04-24T16:33:09+00:00\",\"description\":\"Ontdek 8000 jaar wijntraditie tijdens onze Georgische wijnproeverij in Purmerend op 6 Juni. Proef 5 Qvevri-wijnen met Georgische hapjes. \u20ac 35 p.p.\",\"breadcrumb\":{\"@id\":\"https:\\\/\\\/wijnhuis-mana.nl\\\/en\\\/product\\\/georgische-wijnproeverij-zaterdag-6-juni-2026-1900-2100\\\/#breadcrumb\"},\"inLanguage\":\"en-US\",\"potentialAction\":[{\"@type\":\"ReadAction\",\"target\":[\"https:\\\/\\\/wijnhuis-mana.nl\\\/en\\\/product\\\/georgische-wijnproeverij-zaterdag-6-juni-2026-1900-2100\\\/\"]}]},{\"@type\":\"ImageObject\",\"inLanguage\":\"en-US\",\"@id\":\"https:\\\/\\\/wijnhuis-mana.nl\\\/en\\\/product\\\/georgische-wijnproeverij-zaterdag-6-juni-2026-1900-2100\\\/#primaryimage\",\"url\":\"https:\\\/\\\/wijnhuis-mana.nl\\\/wp-content\\\/uploads\\\/2022\\\/01\\\/Wijn-proeverij-web.jpg\",\"contentUrl\":\"https:\\\/\\\/wijnhuis-mana.nl\\\/wp-content\\\/uploads\\\/2022\\\/01\\\/Wijn-proeverij-web.jpg\",\"width\":375,\"height\":250,\"caption\":\"Neem deel aan deze wijnproeverij en prikkel je zintuigen met het proeven van een 8-tal wijnen uit verschillende landen en streken.\"},{\"@type\":\"BreadcrumbList\",\"@id\":\"https:\\\/\\\/wijnhuis-mana.nl\\\/en\\\/product\\\/georgische-wijnproeverij-zaterdag-6-juni-2026-1900-2100\\\/#breadcrumb\",\"itemListElement\":[{\"@type\":\"ListItem\",\"position\":1,\"name\":\"Home\",\"item\":\"https:\\\/\\\/wijnhuis-mana.nl\\\/en\\\/\"},{\"@type\":\"ListItem\",\"position\":2,\"name\":\"Shop\",\"item\":\"https:\\\/\\\/wijnhuis-mana.nl\\\/en\\\/shop-2\\\/\"},{\"@type\":\"ListItem\",\"position\":3,\"name\":\"Georgische wijnproeverij \u2013 Zaterdag 6 Juni 2026 | 19:00\u201321:00\"}]},{\"@type\":\"WebSite\",\"@id\":\"https:\\\/\\\/wijnhuis-mana.nl\\\/en\\\/#website\",\"url\":\"https:\\\/\\\/wijnhuis-mana.nl\\\/en\\\/\",\"name\":\"Wijnhuis-Mana.nl\",\"description\":\"Wijn v\u00e1n liefhebbers, v\u00f3\u00f3r liefhebbers\",\"publisher\":{\"@id\":\"https:\\\/\\\/wijnhuis-mana.nl\\\/en\\\/#organization\"},\"potentialAction\":[{\"@type\":\"SearchAction\",\"target\":{\"@type\":\"EntryPoint\",\"urlTemplate\":\"https:\\\/\\\/wijnhuis-mana.nl\\\/en\\\/?s={search_term_string}\"},\"query-input\":{\"@type\":\"PropertyValueSpecification\",\"valueRequired\":true,\"valueName\":\"search_term_string\"}}],\"inLanguage\":\"en-US\"},{\"@type\":[\"Organization\",\"Place\"],\"@id\":\"https:\\\/\\\/wijnhuis-mana.nl\\\/en\\\/#organization\",\"name\":\"Wijnhuis-Mana.nl\",\"url\":\"https:\\\/\\\/wijnhuis-mana.nl\\\/en\\\/\",\"logo\":{\"@id\":\"https:\\\/\\\/wijnhuis-mana.nl\\\/en\\\/product\\\/georgische-wijnproeverij-zaterdag-6-juni-2026-1900-2100\\\/#local-main-organization-logo\"},\"image\":{\"@id\":\"https:\\\/\\\/wijnhuis-mana.nl\\\/en\\\/product\\\/georgische-wijnproeverij-zaterdag-6-juni-2026-1900-2100\\\/#local-main-organization-logo\"},\"sameAs\":[\"https:\\\/\\\/www.facebook.com\\\/wijnhuismana\",\"https:\\\/\\\/www.instagram.com\\\/ghvino.nl\"],\"hasMerchantReturnPolicy\":{\"@type\":\"MerchantReturnPolicy\",\"merchantReturnLink\":\"https:\\\/\\\/wijnhuis-mana.nl\\\/algemene-voorwaarden\\\/\"},\"address\":{\"@id\":\"https:\\\/\\\/wijnhuis-mana.nl\\\/en\\\/product\\\/georgische-wijnproeverij-zaterdag-6-juni-2026-1900-2100\\\/#local-main-place-address\"},\"telephone\":[\"0299-769018\"],\"openingHoursSpecification\":[{\"@type\":\"OpeningHoursSpecification\",\"dayOfWeek\":[\"Monday\",\"Sunday\"],\"opens\":\"00:00\",\"closes\":\"00:00\"},{\"@type\":\"OpeningHoursSpecification\",\"dayOfWeek\":[\"Tuesday\"],\"opens\":\"10:00\",\"closes\":\"18:00\"},{\"@type\":\"OpeningHoursSpecification\",\"dayOfWeek\":[\"Wednesday\",\"Thursday\",\"Saturday\"],\"opens\":\"11:00\",\"closes\":\"18:00\"},{\"@type\":\"OpeningHoursSpecification\",\"dayOfWeek\":[\"Friday\"],\"opens\":\"11:00\",\"closes\":\"21:00\"}],\"email\":\"info@wijnhuis-mana.nl\",\"areaServed\":\"Nederland\",\"vatID\":\"NL58KNAB0255573782\",\"taxID\":\"NL58KNAB0255573782\"},{\"@type\":\"PostalAddress\",\"@id\":\"https:\\\/\\\/wijnhuis-mana.nl\\\/en\\\/product\\\/georgische-wijnproeverij-zaterdag-6-juni-2026-1900-2100\\\/#local-main-place-address\",\"streetAddress\":\"Weerwal 11\",\"addressLocality\":\"Purmerend\",\"postalCode\":\"1441 AL\",\"addressRegion\":\"Noord-Holland\",\"addressCountry\":\"NL\"},{\"@type\":\"ImageObject\",\"inLanguage\":\"en-US\",\"@id\":\"https:\\\/\\\/wijnhuis-mana.nl\\\/en\\\/product\\\/georgische-wijnproeverij-zaterdag-6-juni-2026-1900-2100\\\/#local-main-organization-logo\",\"url\":\"https:\\\/\\\/wijnhuis-mana.nl\\\/wp-content\\\/uploads\\\/2022\\\/01\\\/Logo_Wijnhuis-Mana_Kleur.jpg\",\"contentUrl\":\"https:\\\/\\\/wijnhuis-mana.nl\\\/wp-content\\\/uploads\\\/2022\\\/01\\\/Logo_Wijnhuis-Mana_Kleur.jpg\",\"width\":400,\"height\":111,\"caption\":\"Wijnhuis-Mana.nl\"}]}<\/script>\n<meta property=\"product:price:amount\" content=\"35.00\" \/>\n<meta property=\"product:price:currency\" content=\"EUR\" \/>\n<meta property=\"og:availability\" content=\"instock\" \/>\n<meta property=\"product:availability\" content=\"instock\" \/>\n<meta property=\"product:retailer_item_id\" content=\"wijnproeverij_060626\" \/>\n<meta property=\"product:condition\" content=\"new\" \/>\n<meta name=\"geo.placename\" content=\"Purmerend\" \/>\n<meta name=\"geo.region\" content=\"Netherlands\" \/>\n<!-- \/ Yoast SEO Premium plugin. -->","yoast_head_json":{"title":"Georgische wijnproeverij Purmerend \u2013 Wijnhuis Mana 6 Juni 2026","description":"Ontdek 8000 jaar wijntraditie tijdens onze Georgische wijnproeverij in Purmerend op 6 Juni. Proef 5 Qvevri-wijnen met Georgische hapjes. \u20ac 35 p.p.","robots":{"index":"index","follow":"follow","max-snippet":"max-snippet:-1","max-image-preview":"max-image-preview:large","max-video-preview":"max-video-preview:-1"},"canonical":"https:\/\/wijnhuis-mana.nl\/en\/product\/georgische-wijnproeverij-zaterdag-6-juni-2026-1900-2100\/","og_locale":"en_US","og_type":"article","og_title":"Georgische wijnproeverij \u2013 Zaterdag 6 Juni 2026 | 19:00\u201321:00","og_description":"Ontdek 8000 jaar wijntraditie tijdens onze Georgische wijnproeverij in Purmerend op 6 Juni. Proef 5 Qvevri-wijnen met Georgische hapjes. \u20ac 35 p.p.","og_url":"https:\/\/wijnhuis-mana.nl\/en\/product\/georgische-wijnproeverij-zaterdag-6-juni-2026-1900-2100\/","og_site_name":"Wijnhuis-Mana.nl","article_publisher":"https:\/\/www.facebook.com\/wijnhuismana","article_modified_time":"2026-04-24T16:33:09+00:00","og_image":[{"width":375,"height":250,"url":"https:\/\/wijnhuis-mana.nl\/wp-content\/uploads\/2022\/01\/Wijn-proeverij-web.jpg","type":"image\/jpeg"}],"twitter_card":"summary_large_image","twitter_misc":{"Price":"&euro;&nbsp;35,00","Availability":"In stock"},"schema":{"@context":"https:\/\/schema.org","@graph":[{"@type":"WebPage","@id":"https:\/\/wijnhuis-mana.nl\/en\/product\/georgische-wijnproeverij-zaterdag-6-juni-2026-1900-2100\/","url":"https:\/\/wijnhuis-mana.nl\/en\/product\/georgische-wijnproeverij-zaterdag-6-juni-2026-1900-2100\/","name":"Georgische wijnproeverij Purmerend \u2013 Wijnhuis Mana 6 Juni 2026","isPartOf":{"@id":"https:\/\/wijnhuis-mana.nl\/en\/#website"},"primaryImageOfPage":{"@id":"https:\/\/wijnhuis-mana.nl\/en\/product\/georgische-wijnproeverij-zaterdag-6-juni-2026-1900-2100\/#primaryimage"},"image":{"@id":"https:\/\/wijnhuis-mana.nl\/en\/product\/georgische-wijnproeverij-zaterdag-6-juni-2026-1900-2100\/#primaryimage"},"thumbnailUrl":"https:\/\/wijnhuis-mana.nl\/wp-content\/uploads\/2022\/01\/Wijn-proeverij-web.jpg","datePublished":"2026-04-21T19:41:42+00:00","dateModified":"2026-04-24T16:33:09+00:00","description":"Ontdek 8000 jaar wijntraditie tijdens onze Georgische wijnproeverij in Purmerend op 6 Juni. Proef 5 Qvevri-wijnen met Georgische hapjes. \u20ac 35 p.p.","breadcrumb":{"@id":"https:\/\/wijnhuis-mana.nl\/en\/product\/georgische-wijnproeverij-zaterdag-6-juni-2026-1900-2100\/#breadcrumb"},"inLanguage":"en-US","potentialAction":[{"@type":"ReadAction","target":["https:\/\/wijnhuis-mana.nl\/en\/product\/georgische-wijnproeverij-zaterdag-6-juni-2026-1900-2100\/"]}]},{"@type":"ImageObject","inLanguage":"en-US","@id":"https:\/\/wijnhuis-mana.nl\/en\/product\/georgische-wijnproeverij-zaterdag-6-juni-2026-1900-2100\/#primaryimage","url":"https:\/\/wijnhuis-mana.nl\/wp-content\/uploads\/2022\/01\/Wijn-proeverij-web.jpg","contentUrl":"https:\/\/wijnhuis-mana.nl\/wp-content\/uploads\/2022\/01\/Wijn-proeverij-web.jpg","width":375,"height":250,"caption":"Neem deel aan deze wijnproeverij en prikkel je zintuigen met het proeven van een 8-tal wijnen uit verschillende landen en streken."},{"@type":"BreadcrumbList","@id":"https:\/\/wijnhuis-mana.nl\/en\/product\/georgische-wijnproeverij-zaterdag-6-juni-2026-1900-2100\/#breadcrumb","itemListElement":[{"@type":"ListItem","position":1,"name":"Home","item":"https:\/\/wijnhuis-mana.nl\/en\/"},{"@type":"ListItem","position":2,"name":"Shop","item":"https:\/\/wijnhuis-mana.nl\/en\/shop-2\/"},{"@type":"ListItem","position":3,"name":"Georgische wijnproeverij \u2013 Zaterdag 6 Juni 2026 | 19:00\u201321:00"}]},{"@type":"WebSite","@id":"https:\/\/wijnhuis-mana.nl\/en\/#website","url":"https:\/\/wijnhuis-mana.nl\/en\/","name":"Wijnhuis-Mana.nl","description":"Wijn v\u00e1n liefhebbers, v\u00f3\u00f3r liefhebbers","publisher":{"@id":"https:\/\/wijnhuis-mana.nl\/en\/#organization"},"potentialAction":[{"@type":"SearchAction","target":{"@type":"EntryPoint","urlTemplate":"https:\/\/wijnhuis-mana.nl\/en\/?s={search_term_string}"},"query-input":{"@type":"PropertyValueSpecification","valueRequired":true,"valueName":"search_term_string"}}],"inLanguage":"en-US"},{"@type":["Organization","Place"],"@id":"https:\/\/wijnhuis-mana.nl\/en\/#organization","name":"Wijnhuis-Mana.nl","url":"https:\/\/wijnhuis-mana.nl\/en\/","logo":{"@id":"https:\/\/wijnhuis-mana.nl\/en\/product\/georgische-wijnproeverij-zaterdag-6-juni-2026-1900-2100\/#local-main-organization-logo"},"image":{"@id":"https:\/\/wijnhuis-mana.nl\/en\/product\/georgische-wijnproeverij-zaterdag-6-juni-2026-1900-2100\/#local-main-organization-logo"},"sameAs":["https:\/\/www.facebook.com\/wijnhuismana","https:\/\/www.instagram.com\/ghvino.nl"],"hasMerchantReturnPolicy":{"@type":"MerchantReturnPolicy","merchantReturnLink":"https:\/\/wijnhuis-mana.nl\/algemene-voorwaarden\/"},"address":{"@id":"https:\/\/wijnhuis-mana.nl\/en\/product\/georgische-wijnproeverij-zaterdag-6-juni-2026-1900-2100\/#local-main-place-address"},"telephone":["0299-769018"],"openingHoursSpecification":[{"@type":"OpeningHoursSpecification","dayOfWeek":["Monday","Sunday"],"opens":"00:00","closes":"00:00"},{"@type":"OpeningHoursSpecification","dayOfWeek":["Tuesday"],"opens":"10:00","closes":"18:00"},{"@type":"OpeningHoursSpecification","dayOfWeek":["Wednesday","Thursday","Saturday"],"opens":"11:00","closes":"18:00"},{"@type":"OpeningHoursSpecification","dayOfWeek":["Friday"],"opens":"11:00","closes":"21:00"}],"email":"info@wijnhuis-mana.nl","areaServed":"Nederland","vatID":"NL58KNAB0255573782","taxID":"NL58KNAB0255573782"},{"@type":"PostalAddress","@id":"https:\/\/wijnhuis-mana.nl\/en\/product\/georgische-wijnproeverij-zaterdag-6-juni-2026-1900-2100\/#local-main-place-address","streetAddress":"Weerwal 11","addressLocality":"Purmerend","postalCode":"1441 AL","addressRegion":"Noord-Holland","addressCountry":"NL"},{"@type":"ImageObject","inLanguage":"en-US","@id":"https:\/\/wijnhuis-mana.nl\/en\/product\/georgische-wijnproeverij-zaterdag-6-juni-2026-1900-2100\/#local-main-organization-logo","url":"https:\/\/wijnhuis-mana.nl\/wp-content\/uploads\/2022\/01\/Logo_Wijnhuis-Mana_Kleur.jpg","contentUrl":"https:\/\/wijnhuis-mana.nl\/wp-content\/uploads\/2022\/01\/Logo_Wijnhuis-Mana_Kleur.jpg","width":400,"height":111,"caption":"Wijnhuis-Mana.nl"}]},"product_price_amount":"35.00","product_price_currency":"EUR","og_availability":"instock","product_availability":"instock","product_retailer_item_id":"wijnproeverij_060626","product_condition":"new","geo.placename":"Purmerend","geo.region":"Netherlands"},"post_mailing_queue_ids":[],"_links":{"self":[{"href":"https:\/\/wijnhuis-mana.nl\/en\/wp-json\/wp\/v2\/product\/17288","targetHints":{"allow":["GET"]}}],"collection":[{"href":"https:\/\/wijnhuis-mana.nl\/en\/wp-json\/wp\/v2\/product"}],"about":[{"href":"https:\/\/wijnhuis-mana.nl\/en\/wp-json\/wp\/v2\/types\/product"}],"replies":[{"embeddable":true,"href":"https:\/\/wijnhuis-mana.nl\/en\/wp-json\/wp\/v2\/comments?post=17288"}],"wp:featuredmedia":[{"embeddable":true,"href":"https:\/\/wijnhuis-mana.nl\/en\/wp-json\/wp\/v2\/media\/298"}],"wp:attachment":[{"href":"https:\/\/wijnhuis-mana.nl\/en\/wp-json\/wp\/v2\/media?parent=17288"}],"wp:term":[{"taxonomy":"product_brand","embeddable":true,"href":"https:\/\/wijnhuis-mana.nl\/en\/wp-json\/wp\/v2\/product_brand?post=17288"},{"taxonomy":"product_cat","embeddable":true,"href":"https:\/\/wijnhuis-mana.nl\/en\/wp-json\/wp\/v2\/product_cat?post=17288"},{"taxonomy":"product_tag","embeddable":true,"href":"https:\/\/wijnhuis-mana.nl\/en\/wp-json\/wp\/v2\/product_tag?post=17288"}],"curies":[{"name":"wp","href":"https:\/\/api.w.org\/{rel}","templated":true}]}}