{"id":5701,"date":"2022-10-10T21:17:24","date_gmt":"2022-10-10T19:17:24","guid":{"rendered":"https:\/\/wijnhuis-mana.nl\/shop\/niet-gecategoriseerd\/kakhuri-mtsvivani-2020\/"},"modified":"2026-03-28T20:42:10","modified_gmt":"2026-03-28T19:42:10","slug":"wine-people-kakhuri-mtsvivani","status":"publish","type":"product","link":"https:\/\/wijnhuis-mana.nl\/en\/product\/wine-people-kakhuri-mtsvivani\/","title":{"rendered":"Wine People Kakhuri Mtsvivani 2020"},"content":{"rendered":"<h3 class=\"\" data-start=\"866\" data-end=\"891\">Algemene informatie<\/h3>\n<p class=\"\" data-start=\"892\" data-end=\"1217\">Wine People Kakhuri Mtsvivani is een aromatische amberwijn uit de regio Kakheti, gemaakt van de zeldzame inheemse druif Kakhuri Mtsvivani. De wijn is gefermenteerd met schilcontact in traditionele qvevri, een eeuwenoude methode waarbij ondergrondse kleipotten worden gebruikt voor vergisting en rijping.<\/p>\n<p class=\"\" data-start=\"1219\" data-end=\"1444\">De wijn werd gemaakt door Levan Pachikashvili als onderdeel van het Wine People-project \u2013 een jaarlijks initiatief dat bijzondere druivenrassen en kleinschalige producenten uit Georgi\u00eb een internationaal podium geeft.<\/p>\n<h3 class=\"\" data-start=\"1446\" data-end=\"1498\">Smaakprofiel van Wine People Kakhuri Mtsvivani<\/h3>\n<p class=\"\" data-start=\"1499\" data-end=\"1655\">De wijn heeft een heldere amberkleur. In de geur herken je aroma\u2019s van roos, rijpe abrikoos, tropisch fruit (zoals ananas en mango) en zachte kruiden.<\/p>\n<p class=\"\" data-start=\"1657\" data-end=\"1844\">In de mond is de wijn droog, vol en aromatisch, met zachte tannines, frisse zuren en een ronde structuur. De afdronk is lang en kruidig, met florale verfijning en een tropisch accent.<\/p>\n<h3 class=\"\" data-start=\"1846\" data-end=\"1865\">Serveeradvies<\/h3>\n<p class=\"\" data-start=\"1866\" data-end=\"1942\">Wine People Kakhuri Mtsvivani is een veelzijdige maaltijdwijn. Heerlijk bij:<\/p>\n<ul data-start=\"1944\" data-end=\"2101\">\n<li class=\"\" data-start=\"1944\" data-end=\"1990\">\n<p class=\"\" data-start=\"1946\" data-end=\"1990\">Geroosterde kip met sinaasappel en kruiden<\/p>\n<\/li>\n<li class=\"\" data-start=\"1991\" data-end=\"2030\">\n<p class=\"\" data-start=\"1993\" data-end=\"2030\">Zeevruchten met limoen en koriander<\/p>\n<\/li>\n<li class=\"\" data-start=\"2031\" data-end=\"2071\">\n<p class=\"\" data-start=\"2033\" data-end=\"2071\">Pasta met romige sauzen of butternut<\/p>\n<\/li>\n<li class=\"\" data-start=\"2072\" data-end=\"2101\">\n<p class=\"\" data-start=\"2074\" data-end=\"2101\">Zachte en halfharde kazen<\/p>\n<\/li>\n<\/ul>\n<p class=\"\" data-start=\"2103\" data-end=\"2146\">Serveer op 13\u201314 \u00b0C. Karafferen aanbevolen.<\/p>\n<h3 class=\"\" data-start=\"2148\" data-end=\"2160\">Weetje<\/h3>\n<p class=\"\" data-start=\"2161\" data-end=\"2531\">De druif Kakhuri Mtsvivani is een zeldzame vari\u00ebteit uit Kakheti die zelden als monoc\u00e9page wordt gebotteld. Dankzij het Wine People-project en het vakmanschap van Levan Pachikashvili krijgt deze druif nu een podium in de vorm van een elegante amberwijn die zowel de kracht van qvevri als de verfijning van florale aroma\u2019s en tropisch fruit laat zien.<\/p>\n","protected":false},"excerpt":{"rendered":"<p id=\"ucj-3\" class=\"oBOnKe\">Wine People Kakhuri Mtsvivani is een droge amberwijn uit Kakheti, gemaakt van de zeldzame druif Kakhuri Mtsvivani. Bloemig, tropisch en rijp van stijl. Gevinifieerd door Levan Pachikashvili.<\/p>\n<p>\nVivino score:<\/p>\n<div class=\"vivino-widget vivino-wine-card-widget\" data-vivino-widget-type=\"wineWithoutVintage\" data-vivino-wine-id=\"8606141\" data-make-vivino-redirect=\"true\" data-vivino-widget-language=\"en\" data-vivino-widget-layout=\"small_new\">\n  <a target=\"_blank\">Wine name<\/a>\n<\/div>\n","protected":false},"featured_media":14195,"comment_status":"open","ping_status":"closed","template":"","meta":[],"product_brand":[],"product_cat":[2888,2897,2894],"product_tag":[152,927,135,678,1023,1024,920,578,968,931],"class_list":{"0":"post-5701","1":"product","2":"type-product","3":"status-publish","4":"has-post-thumbnail","6":"product_cat-alle-wijn","7":"product_cat-georgische-wijn","8":"product_cat-orange-amber-wijn","9":"product_tag-amber-wijn","10":"product_tag-amberwijn","11":"product_tag-georgische-wijn","12":"product_tag-kakheti","13":"product_tag-kakhuri-mtsvivani","14":"product_tag-levan-pachikashvili","15":"product_tag-qvevri","16":"product_tag-wijn","17":"product_tag-wine-people","18":"product_tag-zeldzame-druif","20":"first","21":"instock","22":"sale","23":"taxable","24":"shipping-taxable","25":"purchasable","26":"product-type-simple"},"yoast_head":"<!-- This site is optimized with the Yoast SEO Premium plugin v27.3 (Yoast SEO v27.3) - https:\/\/yoast.com\/product\/yoast-seo-premium-wordpress\/ -->\n<title>Wine People Kakhuri Mtsvivani \u2013 Amberwijn uit Kakheti<\/title>\n<meta name=\"description\" content=\"Wine People Kakhuri Mtsvivani is een amberwijn uit Kakheti, gemaakt door Levan Pachikashvili. Tropisch fruit, roos en kruidigheid. Gemaakt in qvevri.\" \/>\n<meta name=\"robots\" content=\"index, follow, max-snippet:-1, max-image-preview:large, max-video-preview:-1\" \/>\n<link rel=\"canonical\" href=\"https:\/\/wijnhuis-mana.nl\/en\/product\/wine-people-kakhuri-mtsvivani\/\" \/>\n<meta property=\"og:locale\" content=\"en_US\" \/>\n<meta property=\"og:type\" content=\"article\" \/>\n<meta property=\"og:title\" content=\"Wine People Kakhuri Mtsvivani 2020\" \/>\n<meta property=\"og:description\" content=\"Wine People Kakhuri Mtsvivani is een amberwijn uit Kakheti, gemaakt door Levan Pachikashvili. Tropisch fruit, roos en kruidigheid. Gemaakt in qvevri.\" \/>\n<meta property=\"og:url\" content=\"https:\/\/wijnhuis-mana.nl\/en\/product\/wine-people-kakhuri-mtsvivani\/\" \/>\n<meta property=\"og:site_name\" content=\"Wijnhuis-Mana.nl\" \/>\n<meta property=\"article:publisher\" content=\"https:\/\/www.facebook.com\/wijnhuismana\" \/>\n<meta property=\"article:modified_time\" content=\"2026-03-28T19:42:10+00:00\" \/>\n<meta property=\"og:image\" content=\"https:\/\/wijnhuis-mana.nl\/wp-content\/uploads\/2022\/10\/Wine-People-Kakhuri-Mtsvivani.jpg\" \/>\n\t<meta property=\"og:image:width\" content=\"800\" \/>\n\t<meta property=\"og:image:height\" content=\"800\" \/>\n\t<meta property=\"og:image:type\" content=\"image\/jpeg\" \/>\n<meta name=\"twitter:card\" content=\"summary_large_image\" \/>\n<meta name=\"twitter:label1\" content=\"Price\" \/>\n\t<meta name=\"twitter:data1\" content=\"&euro;&nbsp;13,09\" \/>\n\t<meta name=\"twitter:label2\" content=\"Availability\" \/>\n\t<meta name=\"twitter:data2\" content=\"In stock\" \/>\n<script type=\"application\/ld+json\" class=\"yoast-schema-graph\">{\"@context\":\"https:\\\/\\\/schema.org\",\"@graph\":[{\"@type\":\"WebPage\",\"@id\":\"https:\\\/\\\/wijnhuis-mana.nl\\\/en\\\/product\\\/wine-people-kakhuri-mtsvivani\\\/\",\"url\":\"https:\\\/\\\/wijnhuis-mana.nl\\\/en\\\/product\\\/wine-people-kakhuri-mtsvivani\\\/\",\"name\":\"Wine People Kakhuri Mtsvivani \u2013 Amberwijn uit Kakheti\",\"isPartOf\":{\"@id\":\"https:\\\/\\\/wijnhuis-mana.nl\\\/en\\\/#website\"},\"primaryImageOfPage\":{\"@id\":\"https:\\\/\\\/wijnhuis-mana.nl\\\/en\\\/product\\\/wine-people-kakhuri-mtsvivani\\\/#primaryimage\"},\"image\":{\"@id\":\"https:\\\/\\\/wijnhuis-mana.nl\\\/en\\\/product\\\/wine-people-kakhuri-mtsvivani\\\/#primaryimage\"},\"thumbnailUrl\":\"https:\\\/\\\/wijnhuis-mana.nl\\\/wp-content\\\/uploads\\\/2022\\\/10\\\/Wine-People-Kakhuri-Mtsvivani.jpg\",\"datePublished\":\"2022-10-10T19:17:24+00:00\",\"dateModified\":\"2026-03-28T19:42:10+00:00\",\"description\":\"Wine People Kakhuri Mtsvivani is een amberwijn uit Kakheti, gemaakt door Levan Pachikashvili. Tropisch fruit, roos en kruidigheid. Gemaakt in qvevri.\",\"breadcrumb\":{\"@id\":\"https:\\\/\\\/wijnhuis-mana.nl\\\/en\\\/product\\\/wine-people-kakhuri-mtsvivani\\\/#breadcrumb\"},\"inLanguage\":\"en-US\",\"potentialAction\":[{\"@type\":\"ReadAction\",\"target\":[\"https:\\\/\\\/wijnhuis-mana.nl\\\/en\\\/product\\\/wine-people-kakhuri-mtsvivani\\\/\"]}]},{\"@type\":\"ImageObject\",\"inLanguage\":\"en-US\",\"@id\":\"https:\\\/\\\/wijnhuis-mana.nl\\\/en\\\/product\\\/wine-people-kakhuri-mtsvivani\\\/#primaryimage\",\"url\":\"https:\\\/\\\/wijnhuis-mana.nl\\\/wp-content\\\/uploads\\\/2022\\\/10\\\/Wine-People-Kakhuri-Mtsvivani.jpg\",\"contentUrl\":\"https:\\\/\\\/wijnhuis-mana.nl\\\/wp-content\\\/uploads\\\/2022\\\/10\\\/Wine-People-Kakhuri-Mtsvivani.jpg\",\"width\":800,\"height\":800,\"caption\":\"Wine People Kakhuri Mtsvivani is een amberwijn uit Kakheti, gemaakt door Levan Pachikashvili. Tropisch fruit, roos en kruidigheid. Gemaakt in qvevri.\"},{\"@type\":\"BreadcrumbList\",\"@id\":\"https:\\\/\\\/wijnhuis-mana.nl\\\/en\\\/product\\\/wine-people-kakhuri-mtsvivani\\\/#breadcrumb\",\"itemListElement\":[{\"@type\":\"ListItem\",\"position\":1,\"name\":\"Home\",\"item\":\"https:\\\/\\\/wijnhuis-mana.nl\\\/en\\\/\"},{\"@type\":\"ListItem\",\"position\":2,\"name\":\"Shop\",\"item\":\"https:\\\/\\\/wijnhuis-mana.nl\\\/en\\\/shop-2\\\/\"},{\"@type\":\"ListItem\",\"position\":3,\"name\":\"Wine People Kakhuri Mtsvivani 2020\"}]},{\"@type\":\"WebSite\",\"@id\":\"https:\\\/\\\/wijnhuis-mana.nl\\\/en\\\/#website\",\"url\":\"https:\\\/\\\/wijnhuis-mana.nl\\\/en\\\/\",\"name\":\"Wijnhuis-Mana.nl\",\"description\":\"Wijn v\u00e1n liefhebbers, v\u00f3\u00f3r liefhebbers\",\"publisher\":{\"@id\":\"https:\\\/\\\/wijnhuis-mana.nl\\\/en\\\/#organization\"},\"potentialAction\":[{\"@type\":\"SearchAction\",\"target\":{\"@type\":\"EntryPoint\",\"urlTemplate\":\"https:\\\/\\\/wijnhuis-mana.nl\\\/en\\\/?s={search_term_string}\"},\"query-input\":{\"@type\":\"PropertyValueSpecification\",\"valueRequired\":true,\"valueName\":\"search_term_string\"}}],\"inLanguage\":\"en-US\"},{\"@type\":[\"Organization\",\"Place\"],\"@id\":\"https:\\\/\\\/wijnhuis-mana.nl\\\/en\\\/#organization\",\"name\":\"Wijnhuis-Mana.nl\",\"url\":\"https:\\\/\\\/wijnhuis-mana.nl\\\/en\\\/\",\"logo\":{\"@id\":\"https:\\\/\\\/wijnhuis-mana.nl\\\/en\\\/product\\\/wine-people-kakhuri-mtsvivani\\\/#local-main-organization-logo\"},\"image\":{\"@id\":\"https:\\\/\\\/wijnhuis-mana.nl\\\/en\\\/product\\\/wine-people-kakhuri-mtsvivani\\\/#local-main-organization-logo\"},\"sameAs\":[\"https:\\\/\\\/www.facebook.com\\\/wijnhuismana\",\"https:\\\/\\\/www.instagram.com\\\/ghvino.nl\"],\"hasMerchantReturnPolicy\":{\"@type\":\"MerchantReturnPolicy\",\"merchantReturnLink\":\"https:\\\/\\\/wijnhuis-mana.nl\\\/algemene-voorwaarden\\\/\"},\"address\":{\"@id\":\"https:\\\/\\\/wijnhuis-mana.nl\\\/en\\\/product\\\/wine-people-kakhuri-mtsvivani\\\/#local-main-place-address\"},\"telephone\":[\"0299-769018\"],\"openingHoursSpecification\":[{\"@type\":\"OpeningHoursSpecification\",\"dayOfWeek\":[\"Monday\",\"Sunday\"],\"opens\":\"00:00\",\"closes\":\"00:00\"},{\"@type\":\"OpeningHoursSpecification\",\"dayOfWeek\":[\"Tuesday\"],\"opens\":\"10:00\",\"closes\":\"18:00\"},{\"@type\":\"OpeningHoursSpecification\",\"dayOfWeek\":[\"Wednesday\",\"Thursday\",\"Saturday\"],\"opens\":\"11:00\",\"closes\":\"18:00\"},{\"@type\":\"OpeningHoursSpecification\",\"dayOfWeek\":[\"Friday\"],\"opens\":\"11:00\",\"closes\":\"21:00\"}],\"email\":\"info@wijnhuis-mana.nl\",\"areaServed\":\"Nederland\",\"vatID\":\"NL58KNAB0255573782\",\"taxID\":\"NL58KNAB0255573782\"},{\"@type\":\"PostalAddress\",\"@id\":\"https:\\\/\\\/wijnhuis-mana.nl\\\/en\\\/product\\\/wine-people-kakhuri-mtsvivani\\\/#local-main-place-address\",\"streetAddress\":\"Weerwal 11\",\"addressLocality\":\"Purmerend\",\"postalCode\":\"1441 AL\",\"addressRegion\":\"Noord-Holland\",\"addressCountry\":\"NL\"},{\"@type\":\"ImageObject\",\"inLanguage\":\"en-US\",\"@id\":\"https:\\\/\\\/wijnhuis-mana.nl\\\/en\\\/product\\\/wine-people-kakhuri-mtsvivani\\\/#local-main-organization-logo\",\"url\":\"https:\\\/\\\/wijnhuis-mana.nl\\\/wp-content\\\/uploads\\\/2022\\\/01\\\/Logo_Wijnhuis-Mana_Kleur.jpg\",\"contentUrl\":\"https:\\\/\\\/wijnhuis-mana.nl\\\/wp-content\\\/uploads\\\/2022\\\/01\\\/Logo_Wijnhuis-Mana_Kleur.jpg\",\"width\":400,\"height\":111,\"caption\":\"Wijnhuis-Mana.nl\"}]}<\/script>\n<meta property=\"product:price:amount\" content=\"13.09\" \/>\n<meta property=\"product:price:currency\" content=\"EUR\" \/>\n<meta property=\"og:availability\" content=\"instock\" \/>\n<meta property=\"product:availability\" content=\"instock\" \/>\n<meta property=\"product:retailer_item_id\" content=\"4860065016288\" \/>\n<meta property=\"product:condition\" content=\"new\" \/>\n<meta name=\"geo.placename\" content=\"Purmerend\" \/>\n<meta name=\"geo.region\" content=\"Netherlands\" \/>\n<!-- \/ Yoast SEO Premium plugin. -->","yoast_head_json":{"title":"Wine People Kakhuri Mtsvivani \u2013 Amberwijn uit Kakheti","description":"Wine People Kakhuri Mtsvivani is een amberwijn uit Kakheti, gemaakt door Levan Pachikashvili. Tropisch fruit, roos en kruidigheid. Gemaakt in qvevri.","robots":{"index":"index","follow":"follow","max-snippet":"max-snippet:-1","max-image-preview":"max-image-preview:large","max-video-preview":"max-video-preview:-1"},"canonical":"https:\/\/wijnhuis-mana.nl\/en\/product\/wine-people-kakhuri-mtsvivani\/","og_locale":"en_US","og_type":"article","og_title":"Wine People Kakhuri Mtsvivani 2020","og_description":"Wine People Kakhuri Mtsvivani is een amberwijn uit Kakheti, gemaakt door Levan Pachikashvili. Tropisch fruit, roos en kruidigheid. Gemaakt in qvevri.","og_url":"https:\/\/wijnhuis-mana.nl\/en\/product\/wine-people-kakhuri-mtsvivani\/","og_site_name":"Wijnhuis-Mana.nl","article_publisher":"https:\/\/www.facebook.com\/wijnhuismana","article_modified_time":"2026-03-28T19:42:10+00:00","og_image":[{"width":800,"height":800,"url":"https:\/\/wijnhuis-mana.nl\/wp-content\/uploads\/2022\/10\/Wine-People-Kakhuri-Mtsvivani.jpg","type":"image\/jpeg"}],"twitter_card":"summary_large_image","twitter_misc":{"Price":"&euro;&nbsp;13,09","Availability":"In stock"},"schema":{"@context":"https:\/\/schema.org","@graph":[{"@type":"WebPage","@id":"https:\/\/wijnhuis-mana.nl\/en\/product\/wine-people-kakhuri-mtsvivani\/","url":"https:\/\/wijnhuis-mana.nl\/en\/product\/wine-people-kakhuri-mtsvivani\/","name":"Wine People Kakhuri Mtsvivani \u2013 Amberwijn uit Kakheti","isPartOf":{"@id":"https:\/\/wijnhuis-mana.nl\/en\/#website"},"primaryImageOfPage":{"@id":"https:\/\/wijnhuis-mana.nl\/en\/product\/wine-people-kakhuri-mtsvivani\/#primaryimage"},"image":{"@id":"https:\/\/wijnhuis-mana.nl\/en\/product\/wine-people-kakhuri-mtsvivani\/#primaryimage"},"thumbnailUrl":"https:\/\/wijnhuis-mana.nl\/wp-content\/uploads\/2022\/10\/Wine-People-Kakhuri-Mtsvivani.jpg","datePublished":"2022-10-10T19:17:24+00:00","dateModified":"2026-03-28T19:42:10+00:00","description":"Wine People Kakhuri Mtsvivani is een amberwijn uit Kakheti, gemaakt door Levan Pachikashvili. Tropisch fruit, roos en kruidigheid. Gemaakt in qvevri.","breadcrumb":{"@id":"https:\/\/wijnhuis-mana.nl\/en\/product\/wine-people-kakhuri-mtsvivani\/#breadcrumb"},"inLanguage":"en-US","potentialAction":[{"@type":"ReadAction","target":["https:\/\/wijnhuis-mana.nl\/en\/product\/wine-people-kakhuri-mtsvivani\/"]}]},{"@type":"ImageObject","inLanguage":"en-US","@id":"https:\/\/wijnhuis-mana.nl\/en\/product\/wine-people-kakhuri-mtsvivani\/#primaryimage","url":"https:\/\/wijnhuis-mana.nl\/wp-content\/uploads\/2022\/10\/Wine-People-Kakhuri-Mtsvivani.jpg","contentUrl":"https:\/\/wijnhuis-mana.nl\/wp-content\/uploads\/2022\/10\/Wine-People-Kakhuri-Mtsvivani.jpg","width":800,"height":800,"caption":"Wine People Kakhuri Mtsvivani is een amberwijn uit Kakheti, gemaakt door Levan Pachikashvili. Tropisch fruit, roos en kruidigheid. Gemaakt in qvevri."},{"@type":"BreadcrumbList","@id":"https:\/\/wijnhuis-mana.nl\/en\/product\/wine-people-kakhuri-mtsvivani\/#breadcrumb","itemListElement":[{"@type":"ListItem","position":1,"name":"Home","item":"https:\/\/wijnhuis-mana.nl\/en\/"},{"@type":"ListItem","position":2,"name":"Shop","item":"https:\/\/wijnhuis-mana.nl\/en\/shop-2\/"},{"@type":"ListItem","position":3,"name":"Wine People Kakhuri Mtsvivani 2020"}]},{"@type":"WebSite","@id":"https:\/\/wijnhuis-mana.nl\/en\/#website","url":"https:\/\/wijnhuis-mana.nl\/en\/","name":"Wijnhuis-Mana.nl","description":"Wijn v\u00e1n liefhebbers, v\u00f3\u00f3r liefhebbers","publisher":{"@id":"https:\/\/wijnhuis-mana.nl\/en\/#organization"},"potentialAction":[{"@type":"SearchAction","target":{"@type":"EntryPoint","urlTemplate":"https:\/\/wijnhuis-mana.nl\/en\/?s={search_term_string}"},"query-input":{"@type":"PropertyValueSpecification","valueRequired":true,"valueName":"search_term_string"}}],"inLanguage":"en-US"},{"@type":["Organization","Place"],"@id":"https:\/\/wijnhuis-mana.nl\/en\/#organization","name":"Wijnhuis-Mana.nl","url":"https:\/\/wijnhuis-mana.nl\/en\/","logo":{"@id":"https:\/\/wijnhuis-mana.nl\/en\/product\/wine-people-kakhuri-mtsvivani\/#local-main-organization-logo"},"image":{"@id":"https:\/\/wijnhuis-mana.nl\/en\/product\/wine-people-kakhuri-mtsvivani\/#local-main-organization-logo"},"sameAs":["https:\/\/www.facebook.com\/wijnhuismana","https:\/\/www.instagram.com\/ghvino.nl"],"hasMerchantReturnPolicy":{"@type":"MerchantReturnPolicy","merchantReturnLink":"https:\/\/wijnhuis-mana.nl\/algemene-voorwaarden\/"},"address":{"@id":"https:\/\/wijnhuis-mana.nl\/en\/product\/wine-people-kakhuri-mtsvivani\/#local-main-place-address"},"telephone":["0299-769018"],"openingHoursSpecification":[{"@type":"OpeningHoursSpecification","dayOfWeek":["Monday","Sunday"],"opens":"00:00","closes":"00:00"},{"@type":"OpeningHoursSpecification","dayOfWeek":["Tuesday"],"opens":"10:00","closes":"18:00"},{"@type":"OpeningHoursSpecification","dayOfWeek":["Wednesday","Thursday","Saturday"],"opens":"11:00","closes":"18:00"},{"@type":"OpeningHoursSpecification","dayOfWeek":["Friday"],"opens":"11:00","closes":"21:00"}],"email":"info@wijnhuis-mana.nl","areaServed":"Nederland","vatID":"NL58KNAB0255573782","taxID":"NL58KNAB0255573782"},{"@type":"PostalAddress","@id":"https:\/\/wijnhuis-mana.nl\/en\/product\/wine-people-kakhuri-mtsvivani\/#local-main-place-address","streetAddress":"Weerwal 11","addressLocality":"Purmerend","postalCode":"1441 AL","addressRegion":"Noord-Holland","addressCountry":"NL"},{"@type":"ImageObject","inLanguage":"en-US","@id":"https:\/\/wijnhuis-mana.nl\/en\/product\/wine-people-kakhuri-mtsvivani\/#local-main-organization-logo","url":"https:\/\/wijnhuis-mana.nl\/wp-content\/uploads\/2022\/01\/Logo_Wijnhuis-Mana_Kleur.jpg","contentUrl":"https:\/\/wijnhuis-mana.nl\/wp-content\/uploads\/2022\/01\/Logo_Wijnhuis-Mana_Kleur.jpg","width":400,"height":111,"caption":"Wijnhuis-Mana.nl"}]},"product_price_amount":"13.09","product_price_currency":"EUR","og_availability":"instock","product_availability":"instock","product_retailer_item_id":"4860065016288","product_condition":"new","geo.placename":"Purmerend","geo.region":"Netherlands"},"post_mailing_queue_ids":[],"_links":{"self":[{"href":"https:\/\/wijnhuis-mana.nl\/en\/wp-json\/wp\/v2\/product\/5701","targetHints":{"allow":["GET"]}}],"collection":[{"href":"https:\/\/wijnhuis-mana.nl\/en\/wp-json\/wp\/v2\/product"}],"about":[{"href":"https:\/\/wijnhuis-mana.nl\/en\/wp-json\/wp\/v2\/types\/product"}],"replies":[{"embeddable":true,"href":"https:\/\/wijnhuis-mana.nl\/en\/wp-json\/wp\/v2\/comments?post=5701"}],"wp:featuredmedia":[{"embeddable":true,"href":"https:\/\/wijnhuis-mana.nl\/en\/wp-json\/wp\/v2\/media\/14195"}],"wp:attachment":[{"href":"https:\/\/wijnhuis-mana.nl\/en\/wp-json\/wp\/v2\/media?parent=5701"}],"wp:term":[{"taxonomy":"product_brand","embeddable":true,"href":"https:\/\/wijnhuis-mana.nl\/en\/wp-json\/wp\/v2\/product_brand?post=5701"},{"taxonomy":"product_cat","embeddable":true,"href":"https:\/\/wijnhuis-mana.nl\/en\/wp-json\/wp\/v2\/product_cat?post=5701"},{"taxonomy":"product_tag","embeddable":true,"href":"https:\/\/wijnhuis-mana.nl\/en\/wp-json\/wp\/v2\/product_tag?post=5701"}],"curies":[{"name":"wp","href":"https:\/\/api.w.org\/{rel}","templated":true}]}}