{"id":8643,"date":"2022-11-29T21:54:40","date_gmt":"2022-11-29T20:54:40","guid":{"rendered":"https:\/\/wijnhuis-mana.nl\/?post_type=product&#038;p=8643"},"modified":"2026-03-08T16:23:08","modified_gmt":"2026-03-08T15:23:08","slug":"taittinger-brut-champagne-reserve","status":"publish","type":"product","link":"https:\/\/wijnhuis-mana.nl\/en\/product\/taittinger-brut-champagne-reserve\/","title":{"rendered":"Taittinger Brut R\u00e9serve Champagne"},"content":{"rendered":"<p>Taittinger Brut R\u00e9serve Champagne is een verfijnde en elegante champagne die de kenmerkende stijl van het prestigieuze huis Taittinger perfect weerspiegelt. Deze non-vintage champagne wordt gemaakt van een uitzonderlijke blend van 40% Chardonnay, 35% Pinot Noir en 25% Pinot Meunier. De druiven zijn zorgvuldig geselecteerd uit meer dan 35 wijngaarden verspreid over de Champagnestreek, wat zorgt voor een lichte, harmonieuze en gebalanceerde smaak.<\/p>\n<h4><strong>Productieproces<\/strong><\/h4>\n<p>De productie van Taittinger Brut R\u00e9serve begint met een nauwkeurige selectie van druiven, die met zorg worden geoogst op optimale rijpheid. Na fermentatie rijpt de champagne minimaal drie jaar in de kelders van Taittinger. Deze langdurige rijping zorgt voor extra complexiteit en verfijning, met een aromatisch profiel dat geliefd is bij champagnekenners wereldwijd.<\/p>\n<h4><strong>Smaakprofiel<\/strong><\/h4>\n<p>Taittinger Brut R\u00e9serve straalt in het glas met een helder strogele kleur en fijne, aanhoudende bubbels. Het bouquet biedt verleidelijke aroma&#8217;s van rijp fruit, zoals perzik, aangevuld met tonen van brioche en subtiele hints van honing. Bij het proeven ervaar je een levendige en frisse champagne, met een perfecte balans tussen elegantie en volheid. De afdronk is fris en harmonieus, wat deze champagne ideaal maakt voor elke feestelijke gelegenheid.<\/p>\n<h4><strong>Serveeradvies<\/strong><\/h4>\n<p>Deze veelzijdige champagne is perfect om te serveren als aperitief, maar komt ook goed tot zijn recht bij een breed scala aan gerechten. Combineer hem met:<\/p>\n<ul>\n<li><strong>Schaaldieren<\/strong>, zoals oesters en kreeft.<\/li>\n<li><strong>Visgerechten<\/strong>, zoals gegrilde zeebaars of zalm.<\/li>\n<li><strong>Wit vlees of zachte kazen<\/strong>.<br \/>\nServeer gekoeld tussen 6-8\u00b0C voor de optimale smaakbeleving.<\/li>\n<\/ul>\n<h4><strong>Weetje<\/strong><\/h4>\n<p>Het hoge aandeel Chardonnay in de blend, een kenmerk van het huis Taittinger, maakt deze champagne uniek en geeft hem zijn verfijnde en frisse karakter. Dit onderscheidt hem van andere non-vintage champagnes en maakt hem een favoriet bij kenners en liefhebbers.<\/p>\n","protected":false},"excerpt":{"rendered":"<p>Taittinger Brut R\u00e9serve Champagne is een elegante blend van Chardonnay, Pinot Noir en Pinot Meunier. Met tonen van rijp fruit, brioche en honing biedt deze champagne een frisse en harmonieuze smaak. Perfect als aperitief of bij visgerechten.<\/p>\n<p>\nVivino score:<\/p>\n<div class=\"vivino-widget vivino-wine-card-widget\" data-vivino-widget-type=\"wineWithoutVintage\" data-vivino-wine-id=\"1129619\" data-make-vivino-redirect=\"true\" data-vivino-widget-language=\"en\" data-vivino-widget-layout=\"small_new\">\n  <a target=\"_blank\">Wine name<\/a>\n<\/div>\n","protected":false},"featured_media":10337,"comment_status":"open","ping_status":"closed","template":"","meta":[],"product_brand":[],"product_cat":[2888,2898,2892],"product_tag":[683,682,400,684],"class_list":{"0":"post-8643","1":"product","2":"type-product","3":"status-publish","4":"has-post-thumbnail","6":"product_cat-alle-wijn","7":"product_cat-franse-wijn","8":"product_cat-mousserende-wijn","9":"product_tag-bubbels","10":"product_tag-champagne","11":"product_tag-franse-wijn","12":"product_tag-mousserend","14":"first","15":"instock","16":"taxable","17":"shipping-taxable","18":"purchasable","19":"product-type-simple"},"yoast_head":"<!-- This site is optimized with the Yoast SEO Premium plugin v27.3 (Yoast SEO v27.3) - https:\/\/yoast.com\/product\/yoast-seo-premium-wordpress\/ -->\n<title>Taittinger Brut R\u00e9serve Champagne: Verfijnd en Elegant<\/title>\n<meta name=\"description\" content=\"Geniet van de verfijnde en elegante smaak van Taittinger Brut R\u00e9serve Champagne. Een blend van Chardonnay, Pinot Noir en Pinot Meunier. Proost! \ud83c\udf7e\" \/>\n<meta name=\"robots\" content=\"index, follow, max-snippet:-1, max-image-preview:large, max-video-preview:-1\" \/>\n<link rel=\"canonical\" href=\"https:\/\/wijnhuis-mana.nl\/en\/product\/taittinger-brut-champagne-reserve\/\" \/>\n<meta property=\"og:locale\" content=\"en_US\" \/>\n<meta property=\"og:type\" content=\"article\" \/>\n<meta property=\"og:title\" content=\"Taittinger Brut R\u00e9serve Champagne\" \/>\n<meta property=\"og:description\" content=\"Geniet van de verfijnde en elegante smaak van Taittinger Brut R\u00e9serve Champagne. Een blend van Chardonnay, Pinot Noir en Pinot Meunier. Proost! \ud83c\udf7e\" \/>\n<meta property=\"og:url\" content=\"https:\/\/wijnhuis-mana.nl\/en\/product\/taittinger-brut-champagne-reserve\/\" \/>\n<meta property=\"og:site_name\" content=\"Wijnhuis-Mana.nl\" \/>\n<meta property=\"article:publisher\" content=\"https:\/\/www.facebook.com\/wijnhuismana\" \/>\n<meta property=\"article:modified_time\" content=\"2026-03-08T15:23:08+00:00\" \/>\n<meta property=\"og:image\" content=\"https:\/\/wijnhuis-mana.nl\/wp-content\/uploads\/2024\/12\/Taittinger-Brut-Champagne.jpg\" \/>\n\t<meta property=\"og:image:width\" content=\"800\" \/>\n\t<meta property=\"og:image:height\" content=\"800\" \/>\n\t<meta property=\"og:image:type\" content=\"image\/jpeg\" \/>\n<meta name=\"twitter:card\" content=\"summary_large_image\" \/>\n<meta name=\"twitter:label1\" content=\"Price\" \/>\n\t<meta name=\"twitter:data1\" content=\"&euro;&nbsp;59,95\" \/>\n\t<meta name=\"twitter:label2\" content=\"Availability\" \/>\n\t<meta name=\"twitter:data2\" content=\"In stock\" \/>\n<script type=\"application\/ld+json\" class=\"yoast-schema-graph\">{\"@context\":\"https:\\\/\\\/schema.org\",\"@graph\":[{\"@type\":\"WebPage\",\"@id\":\"https:\\\/\\\/wijnhuis-mana.nl\\\/en\\\/product\\\/taittinger-brut-champagne-reserve\\\/\",\"url\":\"https:\\\/\\\/wijnhuis-mana.nl\\\/en\\\/product\\\/taittinger-brut-champagne-reserve\\\/\",\"name\":\"Taittinger Brut R\u00e9serve Champagne: Verfijnd en Elegant\",\"isPartOf\":{\"@id\":\"https:\\\/\\\/wijnhuis-mana.nl\\\/en\\\/#website\"},\"primaryImageOfPage\":{\"@id\":\"https:\\\/\\\/wijnhuis-mana.nl\\\/en\\\/product\\\/taittinger-brut-champagne-reserve\\\/#primaryimage\"},\"image\":{\"@id\":\"https:\\\/\\\/wijnhuis-mana.nl\\\/en\\\/product\\\/taittinger-brut-champagne-reserve\\\/#primaryimage\"},\"thumbnailUrl\":\"https:\\\/\\\/wijnhuis-mana.nl\\\/wp-content\\\/uploads\\\/2024\\\/12\\\/Taittinger-Brut-Champagne.jpg\",\"datePublished\":\"2022-11-29T20:54:40+00:00\",\"dateModified\":\"2026-03-08T15:23:08+00:00\",\"description\":\"Geniet van de verfijnde en elegante smaak van Taittinger Brut R\u00e9serve Champagne. Een blend van Chardonnay, Pinot Noir en Pinot Meunier. Proost! \ud83c\udf7e\",\"breadcrumb\":{\"@id\":\"https:\\\/\\\/wijnhuis-mana.nl\\\/en\\\/product\\\/taittinger-brut-champagne-reserve\\\/#breadcrumb\"},\"inLanguage\":\"en-US\",\"potentialAction\":[{\"@type\":\"ReadAction\",\"target\":[\"https:\\\/\\\/wijnhuis-mana.nl\\\/en\\\/product\\\/taittinger-brut-champagne-reserve\\\/\"]}]},{\"@type\":\"ImageObject\",\"inLanguage\":\"en-US\",\"@id\":\"https:\\\/\\\/wijnhuis-mana.nl\\\/en\\\/product\\\/taittinger-brut-champagne-reserve\\\/#primaryimage\",\"url\":\"https:\\\/\\\/wijnhuis-mana.nl\\\/wp-content\\\/uploads\\\/2024\\\/12\\\/Taittinger-Brut-Champagne.jpg\",\"contentUrl\":\"https:\\\/\\\/wijnhuis-mana.nl\\\/wp-content\\\/uploads\\\/2024\\\/12\\\/Taittinger-Brut-Champagne.jpg\",\"width\":800,\"height\":800,\"caption\":\"Geniet van de verfijnde en elegante smaak van Taittinger Brut R\u00e9serve Champagne. Een blend van Chardonnay, Pinot Noir en Pinot Meunier. Proost! \ud83c\udf7e\"},{\"@type\":\"BreadcrumbList\",\"@id\":\"https:\\\/\\\/wijnhuis-mana.nl\\\/en\\\/product\\\/taittinger-brut-champagne-reserve\\\/#breadcrumb\",\"itemListElement\":[{\"@type\":\"ListItem\",\"position\":1,\"name\":\"Home\",\"item\":\"https:\\\/\\\/wijnhuis-mana.nl\\\/en\\\/\"},{\"@type\":\"ListItem\",\"position\":2,\"name\":\"Shop\",\"item\":\"https:\\\/\\\/wijnhuis-mana.nl\\\/en\\\/shop-2\\\/\"},{\"@type\":\"ListItem\",\"position\":3,\"name\":\"Taittinger Brut R\u00e9serve Champagne\"}]},{\"@type\":\"WebSite\",\"@id\":\"https:\\\/\\\/wijnhuis-mana.nl\\\/en\\\/#website\",\"url\":\"https:\\\/\\\/wijnhuis-mana.nl\\\/en\\\/\",\"name\":\"Wijnhuis-Mana.nl\",\"description\":\"Wijn v\u00e1n liefhebbers, v\u00f3\u00f3r liefhebbers\",\"publisher\":{\"@id\":\"https:\\\/\\\/wijnhuis-mana.nl\\\/en\\\/#organization\"},\"potentialAction\":[{\"@type\":\"SearchAction\",\"target\":{\"@type\":\"EntryPoint\",\"urlTemplate\":\"https:\\\/\\\/wijnhuis-mana.nl\\\/en\\\/?s={search_term_string}\"},\"query-input\":{\"@type\":\"PropertyValueSpecification\",\"valueRequired\":true,\"valueName\":\"search_term_string\"}}],\"inLanguage\":\"en-US\"},{\"@type\":[\"Organization\",\"Place\"],\"@id\":\"https:\\\/\\\/wijnhuis-mana.nl\\\/en\\\/#organization\",\"name\":\"Wijnhuis-Mana.nl\",\"url\":\"https:\\\/\\\/wijnhuis-mana.nl\\\/en\\\/\",\"logo\":{\"@id\":\"https:\\\/\\\/wijnhuis-mana.nl\\\/en\\\/product\\\/taittinger-brut-champagne-reserve\\\/#local-main-organization-logo\"},\"image\":{\"@id\":\"https:\\\/\\\/wijnhuis-mana.nl\\\/en\\\/product\\\/taittinger-brut-champagne-reserve\\\/#local-main-organization-logo\"},\"sameAs\":[\"https:\\\/\\\/www.facebook.com\\\/wijnhuismana\",\"https:\\\/\\\/www.instagram.com\\\/ghvino.nl\"],\"hasMerchantReturnPolicy\":{\"@type\":\"MerchantReturnPolicy\",\"merchantReturnLink\":\"https:\\\/\\\/wijnhuis-mana.nl\\\/algemene-voorwaarden\\\/\"},\"address\":{\"@id\":\"https:\\\/\\\/wijnhuis-mana.nl\\\/en\\\/product\\\/taittinger-brut-champagne-reserve\\\/#local-main-place-address\"},\"telephone\":[\"0299-769018\"],\"openingHoursSpecification\":[{\"@type\":\"OpeningHoursSpecification\",\"dayOfWeek\":[\"Monday\",\"Sunday\"],\"opens\":\"00:00\",\"closes\":\"00:00\"},{\"@type\":\"OpeningHoursSpecification\",\"dayOfWeek\":[\"Tuesday\"],\"opens\":\"10:00\",\"closes\":\"18:00\"},{\"@type\":\"OpeningHoursSpecification\",\"dayOfWeek\":[\"Wednesday\",\"Thursday\",\"Saturday\"],\"opens\":\"11:00\",\"closes\":\"18:00\"},{\"@type\":\"OpeningHoursSpecification\",\"dayOfWeek\":[\"Friday\"],\"opens\":\"11:00\",\"closes\":\"21:00\"}],\"email\":\"info@wijnhuis-mana.nl\",\"areaServed\":\"Nederland\",\"vatID\":\"NL58KNAB0255573782\",\"taxID\":\"NL58KNAB0255573782\"},{\"@type\":\"PostalAddress\",\"@id\":\"https:\\\/\\\/wijnhuis-mana.nl\\\/en\\\/product\\\/taittinger-brut-champagne-reserve\\\/#local-main-place-address\",\"streetAddress\":\"Weerwal 11\",\"addressLocality\":\"Purmerend\",\"postalCode\":\"1441 AL\",\"addressRegion\":\"Noord-Holland\",\"addressCountry\":\"NL\"},{\"@type\":\"ImageObject\",\"inLanguage\":\"en-US\",\"@id\":\"https:\\\/\\\/wijnhuis-mana.nl\\\/en\\\/product\\\/taittinger-brut-champagne-reserve\\\/#local-main-organization-logo\",\"url\":\"https:\\\/\\\/wijnhuis-mana.nl\\\/wp-content\\\/uploads\\\/2022\\\/01\\\/Logo_Wijnhuis-Mana_Kleur.jpg\",\"contentUrl\":\"https:\\\/\\\/wijnhuis-mana.nl\\\/wp-content\\\/uploads\\\/2022\\\/01\\\/Logo_Wijnhuis-Mana_Kleur.jpg\",\"width\":400,\"height\":111,\"caption\":\"Wijnhuis-Mana.nl\"}]}<\/script>\n<meta property=\"product:price:amount\" content=\"59.95\" \/>\n<meta property=\"product:price:currency\" content=\"EUR\" \/>\n<meta property=\"og:availability\" content=\"instock\" \/>\n<meta property=\"product:availability\" content=\"instock\" \/>\n<meta property=\"product:retailer_item_id\" content=\"3016570001030\" \/>\n<meta property=\"product:condition\" content=\"new\" \/>\n<meta name=\"geo.placename\" content=\"Purmerend\" \/>\n<meta name=\"geo.region\" content=\"Netherlands\" \/>\n<!-- \/ Yoast SEO Premium plugin. -->","yoast_head_json":{"title":"Taittinger Brut R\u00e9serve Champagne: Verfijnd en Elegant","description":"Geniet van de verfijnde en elegante smaak van Taittinger Brut R\u00e9serve Champagne. Een blend van Chardonnay, Pinot Noir en Pinot Meunier. Proost! \ud83c\udf7e","robots":{"index":"index","follow":"follow","max-snippet":"max-snippet:-1","max-image-preview":"max-image-preview:large","max-video-preview":"max-video-preview:-1"},"canonical":"https:\/\/wijnhuis-mana.nl\/en\/product\/taittinger-brut-champagne-reserve\/","og_locale":"en_US","og_type":"article","og_title":"Taittinger Brut R\u00e9serve Champagne","og_description":"Geniet van de verfijnde en elegante smaak van Taittinger Brut R\u00e9serve Champagne. Een blend van Chardonnay, Pinot Noir en Pinot Meunier. Proost! \ud83c\udf7e","og_url":"https:\/\/wijnhuis-mana.nl\/en\/product\/taittinger-brut-champagne-reserve\/","og_site_name":"Wijnhuis-Mana.nl","article_publisher":"https:\/\/www.facebook.com\/wijnhuismana","article_modified_time":"2026-03-08T15:23:08+00:00","og_image":[{"width":800,"height":800,"url":"https:\/\/wijnhuis-mana.nl\/wp-content\/uploads\/2024\/12\/Taittinger-Brut-Champagne.jpg","type":"image\/jpeg"}],"twitter_card":"summary_large_image","twitter_misc":{"Price":"&euro;&nbsp;59,95","Availability":"In stock"},"schema":{"@context":"https:\/\/schema.org","@graph":[{"@type":"WebPage","@id":"https:\/\/wijnhuis-mana.nl\/en\/product\/taittinger-brut-champagne-reserve\/","url":"https:\/\/wijnhuis-mana.nl\/en\/product\/taittinger-brut-champagne-reserve\/","name":"Taittinger Brut R\u00e9serve Champagne: Verfijnd en Elegant","isPartOf":{"@id":"https:\/\/wijnhuis-mana.nl\/en\/#website"},"primaryImageOfPage":{"@id":"https:\/\/wijnhuis-mana.nl\/en\/product\/taittinger-brut-champagne-reserve\/#primaryimage"},"image":{"@id":"https:\/\/wijnhuis-mana.nl\/en\/product\/taittinger-brut-champagne-reserve\/#primaryimage"},"thumbnailUrl":"https:\/\/wijnhuis-mana.nl\/wp-content\/uploads\/2024\/12\/Taittinger-Brut-Champagne.jpg","datePublished":"2022-11-29T20:54:40+00:00","dateModified":"2026-03-08T15:23:08+00:00","description":"Geniet van de verfijnde en elegante smaak van Taittinger Brut R\u00e9serve Champagne. Een blend van Chardonnay, Pinot Noir en Pinot Meunier. Proost! \ud83c\udf7e","breadcrumb":{"@id":"https:\/\/wijnhuis-mana.nl\/en\/product\/taittinger-brut-champagne-reserve\/#breadcrumb"},"inLanguage":"en-US","potentialAction":[{"@type":"ReadAction","target":["https:\/\/wijnhuis-mana.nl\/en\/product\/taittinger-brut-champagne-reserve\/"]}]},{"@type":"ImageObject","inLanguage":"en-US","@id":"https:\/\/wijnhuis-mana.nl\/en\/product\/taittinger-brut-champagne-reserve\/#primaryimage","url":"https:\/\/wijnhuis-mana.nl\/wp-content\/uploads\/2024\/12\/Taittinger-Brut-Champagne.jpg","contentUrl":"https:\/\/wijnhuis-mana.nl\/wp-content\/uploads\/2024\/12\/Taittinger-Brut-Champagne.jpg","width":800,"height":800,"caption":"Geniet van de verfijnde en elegante smaak van Taittinger Brut R\u00e9serve Champagne. Een blend van Chardonnay, Pinot Noir en Pinot Meunier. Proost! \ud83c\udf7e"},{"@type":"BreadcrumbList","@id":"https:\/\/wijnhuis-mana.nl\/en\/product\/taittinger-brut-champagne-reserve\/#breadcrumb","itemListElement":[{"@type":"ListItem","position":1,"name":"Home","item":"https:\/\/wijnhuis-mana.nl\/en\/"},{"@type":"ListItem","position":2,"name":"Shop","item":"https:\/\/wijnhuis-mana.nl\/en\/shop-2\/"},{"@type":"ListItem","position":3,"name":"Taittinger Brut R\u00e9serve Champagne"}]},{"@type":"WebSite","@id":"https:\/\/wijnhuis-mana.nl\/en\/#website","url":"https:\/\/wijnhuis-mana.nl\/en\/","name":"Wijnhuis-Mana.nl","description":"Wijn v\u00e1n liefhebbers, v\u00f3\u00f3r liefhebbers","publisher":{"@id":"https:\/\/wijnhuis-mana.nl\/en\/#organization"},"potentialAction":[{"@type":"SearchAction","target":{"@type":"EntryPoint","urlTemplate":"https:\/\/wijnhuis-mana.nl\/en\/?s={search_term_string}"},"query-input":{"@type":"PropertyValueSpecification","valueRequired":true,"valueName":"search_term_string"}}],"inLanguage":"en-US"},{"@type":["Organization","Place"],"@id":"https:\/\/wijnhuis-mana.nl\/en\/#organization","name":"Wijnhuis-Mana.nl","url":"https:\/\/wijnhuis-mana.nl\/en\/","logo":{"@id":"https:\/\/wijnhuis-mana.nl\/en\/product\/taittinger-brut-champagne-reserve\/#local-main-organization-logo"},"image":{"@id":"https:\/\/wijnhuis-mana.nl\/en\/product\/taittinger-brut-champagne-reserve\/#local-main-organization-logo"},"sameAs":["https:\/\/www.facebook.com\/wijnhuismana","https:\/\/www.instagram.com\/ghvino.nl"],"hasMerchantReturnPolicy":{"@type":"MerchantReturnPolicy","merchantReturnLink":"https:\/\/wijnhuis-mana.nl\/algemene-voorwaarden\/"},"address":{"@id":"https:\/\/wijnhuis-mana.nl\/en\/product\/taittinger-brut-champagne-reserve\/#local-main-place-address"},"telephone":["0299-769018"],"openingHoursSpecification":[{"@type":"OpeningHoursSpecification","dayOfWeek":["Monday","Sunday"],"opens":"00:00","closes":"00:00"},{"@type":"OpeningHoursSpecification","dayOfWeek":["Tuesday"],"opens":"10:00","closes":"18:00"},{"@type":"OpeningHoursSpecification","dayOfWeek":["Wednesday","Thursday","Saturday"],"opens":"11:00","closes":"18:00"},{"@type":"OpeningHoursSpecification","dayOfWeek":["Friday"],"opens":"11:00","closes":"21:00"}],"email":"info@wijnhuis-mana.nl","areaServed":"Nederland","vatID":"NL58KNAB0255573782","taxID":"NL58KNAB0255573782"},{"@type":"PostalAddress","@id":"https:\/\/wijnhuis-mana.nl\/en\/product\/taittinger-brut-champagne-reserve\/#local-main-place-address","streetAddress":"Weerwal 11","addressLocality":"Purmerend","postalCode":"1441 AL","addressRegion":"Noord-Holland","addressCountry":"NL"},{"@type":"ImageObject","inLanguage":"en-US","@id":"https:\/\/wijnhuis-mana.nl\/en\/product\/taittinger-brut-champagne-reserve\/#local-main-organization-logo","url":"https:\/\/wijnhuis-mana.nl\/wp-content\/uploads\/2022\/01\/Logo_Wijnhuis-Mana_Kleur.jpg","contentUrl":"https:\/\/wijnhuis-mana.nl\/wp-content\/uploads\/2022\/01\/Logo_Wijnhuis-Mana_Kleur.jpg","width":400,"height":111,"caption":"Wijnhuis-Mana.nl"}]},"product_price_amount":"59.95","product_price_currency":"EUR","og_availability":"instock","product_availability":"instock","product_retailer_item_id":"3016570001030","product_condition":"new","geo.placename":"Purmerend","geo.region":"Netherlands"},"post_mailing_queue_ids":[],"_links":{"self":[{"href":"https:\/\/wijnhuis-mana.nl\/en\/wp-json\/wp\/v2\/product\/8643","targetHints":{"allow":["GET"]}}],"collection":[{"href":"https:\/\/wijnhuis-mana.nl\/en\/wp-json\/wp\/v2\/product"}],"about":[{"href":"https:\/\/wijnhuis-mana.nl\/en\/wp-json\/wp\/v2\/types\/product"}],"replies":[{"embeddable":true,"href":"https:\/\/wijnhuis-mana.nl\/en\/wp-json\/wp\/v2\/comments?post=8643"}],"wp:featuredmedia":[{"embeddable":true,"href":"https:\/\/wijnhuis-mana.nl\/en\/wp-json\/wp\/v2\/media\/10337"}],"wp:attachment":[{"href":"https:\/\/wijnhuis-mana.nl\/en\/wp-json\/wp\/v2\/media?parent=8643"}],"wp:term":[{"taxonomy":"product_brand","embeddable":true,"href":"https:\/\/wijnhuis-mana.nl\/en\/wp-json\/wp\/v2\/product_brand?post=8643"},{"taxonomy":"product_cat","embeddable":true,"href":"https:\/\/wijnhuis-mana.nl\/en\/wp-json\/wp\/v2\/product_cat?post=8643"},{"taxonomy":"product_tag","embeddable":true,"href":"https:\/\/wijnhuis-mana.nl\/en\/wp-json\/wp\/v2\/product_tag?post=8643"}],"curies":[{"name":"wp","href":"https:\/\/api.w.org\/{rel}","templated":true}]}}