{"id":9986,"date":"2024-07-28T14:14:56","date_gmt":"2024-07-28T12:14:56","guid":{"rendered":"https:\/\/wijnhuis-mana.nl\/?post_type=product&#038;p=9986"},"modified":"2026-03-28T10:52:12","modified_gmt":"2026-03-28T09:52:12","slug":"stellenrust-chenin-blanc","status":"publish","type":"product","link":"https:\/\/wijnhuis-mana.nl\/en\/product\/stellenrust-chenin-blanc\/","title":{"rendered":"Stellenrust Barrelfermented Chenin Blanc"},"content":{"rendered":"<p class=\"\" data-start=\"167\" data-end=\"190\"><strong data-start=\"167\" data-end=\"190\">Algemene informatie<\/strong><\/p>\n<p class=\"\" data-start=\"192\" data-end=\"885\">De <strong data-start=\"195\" data-end=\"239\">Stellenrust Barrelfermented Chenin Blanc<\/strong> is een toonbeeld van puur vakmanschap uit het hart van de Stellenbosch-regio in Zuid-Afrika. Deze witte wijn is gemaakt van 100% Chenin Blanc-druiven, die uiterst zorgvuldig worden behandeld. Hoewel er tijdens de oogst iets hogere temperaturen zijn waargenomen, blijft de tijd dat de druiven aan de stokken doorbrengen vrijwel ongewijzigd ten opzichte van voorgaande jaren. Na het persen wordt het sap in speciale vaten opgeslagen om vervolgens de natuurlijke fermentatie te laten plaatsvinden. Stellenrust combineert moderne vinificatietechnieken met traditionele methoden, terwijl het terroir en de duurzame wijngaardpraktijken centraal staan.<\/p>\n<p class=\"\" data-start=\"887\" data-end=\"903\"><strong data-start=\"887\" data-end=\"903\">Smaakprofiel<\/strong><\/p>\n<p class=\"\" data-start=\"905\" data-end=\"1281\">De Stellenrust Barrelfermented Chenin Blanc verrast met een heldere strogele kleur met groene hints. Op de neus komen bloemige tonen en subtiele aroma&#8217;s van honing, rijpe peer en appel naar voren. In de mond ervaar je een levendige zuurgraad, een ronde textuur en een lange, verfrissende afdronk \u2013 kenmerken die zorgen voor een perfecte balans tussen frisheid en complexiteit.<\/p>\n<p class=\"\" data-start=\"1283\" data-end=\"1300\"><strong data-start=\"1283\" data-end=\"1300\">Serveeradvies<\/strong><\/p>\n<p class=\"\" data-start=\"1302\" data-end=\"1482\">Serveer deze Chenin Blanc bij een temperatuur van 8\u201310\u00b0C om de frisse, aromatische nuances optimaal te laten tot hun recht komen. Deze veelzijdige wijn is de ideale begeleider van:<\/p>\n<ul data-start=\"1483\" data-end=\"1609\">\n<li class=\"\" data-start=\"1483\" data-end=\"1509\">\n<p class=\"\" data-start=\"1485\" data-end=\"1509\">Gegrilde zalm of forel<\/p>\n<\/li>\n<li class=\"\" data-start=\"1510\" data-end=\"1553\">\n<p class=\"\" data-start=\"1512\" data-end=\"1553\">Lichte kipgerechten met een romige saus<\/p>\n<\/li>\n<li class=\"\" data-start=\"1554\" data-end=\"1609\">\n<p class=\"\" data-start=\"1556\" data-end=\"1609\">Zeevruchten en zachte kazen zoals Brie of Camembert<\/p>\n<\/li>\n<\/ul>\n<p class=\"\" data-start=\"1611\" data-end=\"1733\">De natuurlijke zuurgraad en verfijnde smaak maken de wijn perfect voor zowel een casual diner als een formele bijeenkomst.<\/p>\n<p class=\"\" data-start=\"1735\" data-end=\"1745\"><strong data-start=\"1735\" data-end=\"1745\">Weetje<\/strong><\/p>\n<p class=\"\" data-start=\"1747\" data-end=\"2011\">Wist u dat Stellenrust een van de oudste wijnhuizen in Stellenbosch is, opgericht in 1928? Het wijnhuis staat bekend om zijn rijke geschiedenis en toewijding aan Fair Trade-principes, wat zorgt voor eerlijke arbeidsomstandigheden en duurzaamheid in de wijngaarden.<\/p>\n","protected":false},"excerpt":{"rendered":"<p>Verken de heldere en fruitige Stellenrust Barrelfermented Chenin Blanc uit Stellenbosch, Zuid-Afrika. Perfect gebalanceerd met een vleugje bloemen en honing, ideaal voor elk diner.<\/p>\n<p>\nVivino score:<\/p>\n<div class=\"vivino-widget vivino-wine-card-widget\" data-vivino-widget-type=\"wineWithoutVintage\" data-vivino-wine-id=\"1155076\" data-make-vivino-redirect=\"true\" data-vivino-widget-language=\"en\" data-vivino-widget-layout=\"small_new\">\n  <a target=\"_blank\">Wine name<\/a>\n<\/div>\n","protected":false},"featured_media":13769,"comment_status":"open","ping_status":"closed","template":"","meta":[],"product_brand":[],"product_cat":[2888,2902,2890],"product_tag":[201,803,142,349],"class_list":{"0":"post-9986","1":"product","2":"type-product","3":"status-publish","4":"has-post-thumbnail","6":"product_cat-alle-wijn","7":"product_cat-overige-landen","8":"product_cat-witte-wijn","9":"product_tag-biologisch","10":"product_tag-houtrijping","11":"product_tag-witte-wijn","12":"product_tag-zuid-afrikaanse-wijn","14":"first","15":"instock","16":"taxable","17":"shipping-taxable","18":"purchasable","19":"product-type-simple"},"yoast_head":"<!-- This site is optimized with the Yoast SEO Premium plugin v27.3 (Yoast SEO v27.3) - https:\/\/yoast.com\/product\/yoast-seo-premium-wordpress\/ -->\n<title>Stellenrust Barrelfermented Chenin Blanc - Premium Zuid-Afrikaanse Witte Wijn<\/title>\n<meta name=\"description\" content=\"Ervaar de verfijnde smaken van Stellenrust Barrelfermented Chenin Blanc, een voortreffelijke witte wijn uit Stellenbosch met tonen van peer, appel en subtiel bloemige noten.\" \/>\n<meta name=\"robots\" content=\"index, follow, max-snippet:-1, max-image-preview:large, max-video-preview:-1\" \/>\n<link rel=\"canonical\" href=\"https:\/\/wijnhuis-mana.nl\/en\/product\/stellenrust-chenin-blanc\/\" \/>\n<meta property=\"og:locale\" content=\"en_US\" \/>\n<meta property=\"og:type\" content=\"article\" \/>\n<meta property=\"og:title\" content=\"Stellenrust Barrelfermented Chenin Blanc\" \/>\n<meta property=\"og:description\" content=\"Ervaar de verfijnde smaken van Stellenrust Barrelfermented Chenin Blanc, een voortreffelijke witte wijn uit Stellenbosch met tonen van peer, appel en subtiel bloemige noten.\" \/>\n<meta property=\"og:url\" content=\"https:\/\/wijnhuis-mana.nl\/en\/product\/stellenrust-chenin-blanc\/\" \/>\n<meta property=\"og:site_name\" content=\"Wijnhuis-Mana.nl\" \/>\n<meta property=\"article:publisher\" content=\"https:\/\/www.facebook.com\/wijnhuismana\" \/>\n<meta property=\"article:modified_time\" content=\"2026-03-28T09:52:12+00:00\" \/>\n<meta property=\"og:image\" content=\"https:\/\/wijnhuis-mana.nl\/wp-content\/uploads\/2025\/04\/Stellenrust-Barrelfermented-Chenin-Blanc.jpg\" \/>\n\t<meta property=\"og:image:width\" content=\"800\" \/>\n\t<meta property=\"og:image:height\" content=\"800\" \/>\n\t<meta property=\"og:image:type\" content=\"image\/jpeg\" \/>\n<meta name=\"twitter:card\" content=\"summary_large_image\" \/>\n<meta name=\"twitter:label1\" content=\"Price\" \/>\n\t<meta name=\"twitter:data1\" content=\"&euro;&nbsp;16,29\" \/>\n\t<meta name=\"twitter:label2\" content=\"Availability\" \/>\n\t<meta name=\"twitter:data2\" content=\"In stock\" \/>\n<script type=\"application\/ld+json\" class=\"yoast-schema-graph\">{\"@context\":\"https:\\\/\\\/schema.org\",\"@graph\":[{\"@type\":\"WebPage\",\"@id\":\"https:\\\/\\\/wijnhuis-mana.nl\\\/en\\\/product\\\/stellenrust-chenin-blanc\\\/\",\"url\":\"https:\\\/\\\/wijnhuis-mana.nl\\\/en\\\/product\\\/stellenrust-chenin-blanc\\\/\",\"name\":\"Stellenrust Barrelfermented Chenin Blanc - Premium Zuid-Afrikaanse Witte Wijn\",\"isPartOf\":{\"@id\":\"https:\\\/\\\/wijnhuis-mana.nl\\\/en\\\/#website\"},\"primaryImageOfPage\":{\"@id\":\"https:\\\/\\\/wijnhuis-mana.nl\\\/en\\\/product\\\/stellenrust-chenin-blanc\\\/#primaryimage\"},\"image\":{\"@id\":\"https:\\\/\\\/wijnhuis-mana.nl\\\/en\\\/product\\\/stellenrust-chenin-blanc\\\/#primaryimage\"},\"thumbnailUrl\":\"https:\\\/\\\/wijnhuis-mana.nl\\\/wp-content\\\/uploads\\\/2025\\\/04\\\/Stellenrust-Barrelfermented-Chenin-Blanc.jpg\",\"datePublished\":\"2024-07-28T12:14:56+00:00\",\"dateModified\":\"2026-03-28T09:52:12+00:00\",\"description\":\"Ervaar de verfijnde smaken van Stellenrust Barrelfermented Chenin Blanc, een voortreffelijke witte wijn uit Stellenbosch met tonen van peer, appel en subtiel bloemige noten.\",\"breadcrumb\":{\"@id\":\"https:\\\/\\\/wijnhuis-mana.nl\\\/en\\\/product\\\/stellenrust-chenin-blanc\\\/#breadcrumb\"},\"inLanguage\":\"en-US\",\"potentialAction\":[{\"@type\":\"ReadAction\",\"target\":[\"https:\\\/\\\/wijnhuis-mana.nl\\\/en\\\/product\\\/stellenrust-chenin-blanc\\\/\"]}]},{\"@type\":\"ImageObject\",\"inLanguage\":\"en-US\",\"@id\":\"https:\\\/\\\/wijnhuis-mana.nl\\\/en\\\/product\\\/stellenrust-chenin-blanc\\\/#primaryimage\",\"url\":\"https:\\\/\\\/wijnhuis-mana.nl\\\/wp-content\\\/uploads\\\/2025\\\/04\\\/Stellenrust-Barrelfermented-Chenin-Blanc.jpg\",\"contentUrl\":\"https:\\\/\\\/wijnhuis-mana.nl\\\/wp-content\\\/uploads\\\/2025\\\/04\\\/Stellenrust-Barrelfermented-Chenin-Blanc.jpg\",\"width\":800,\"height\":800,\"caption\":\"Ervaar de verfijnde smaken van Stellenrust Barrelfermented Chenin Blanc, een voortreffelijke witte wijn uit Stellenbosch met tonen van peer, appel en subtiel bloemige noten.\"},{\"@type\":\"BreadcrumbList\",\"@id\":\"https:\\\/\\\/wijnhuis-mana.nl\\\/en\\\/product\\\/stellenrust-chenin-blanc\\\/#breadcrumb\",\"itemListElement\":[{\"@type\":\"ListItem\",\"position\":1,\"name\":\"Home\",\"item\":\"https:\\\/\\\/wijnhuis-mana.nl\\\/en\\\/\"},{\"@type\":\"ListItem\",\"position\":2,\"name\":\"Shop\",\"item\":\"https:\\\/\\\/wijnhuis-mana.nl\\\/en\\\/shop-2\\\/\"},{\"@type\":\"ListItem\",\"position\":3,\"name\":\"Stellenrust Barrelfermented Chenin Blanc\"}]},{\"@type\":\"WebSite\",\"@id\":\"https:\\\/\\\/wijnhuis-mana.nl\\\/en\\\/#website\",\"url\":\"https:\\\/\\\/wijnhuis-mana.nl\\\/en\\\/\",\"name\":\"Wijnhuis-Mana.nl\",\"description\":\"Wijn v\u00e1n liefhebbers, v\u00f3\u00f3r liefhebbers\",\"publisher\":{\"@id\":\"https:\\\/\\\/wijnhuis-mana.nl\\\/en\\\/#organization\"},\"potentialAction\":[{\"@type\":\"SearchAction\",\"target\":{\"@type\":\"EntryPoint\",\"urlTemplate\":\"https:\\\/\\\/wijnhuis-mana.nl\\\/en\\\/?s={search_term_string}\"},\"query-input\":{\"@type\":\"PropertyValueSpecification\",\"valueRequired\":true,\"valueName\":\"search_term_string\"}}],\"inLanguage\":\"en-US\"},{\"@type\":[\"Organization\",\"Place\"],\"@id\":\"https:\\\/\\\/wijnhuis-mana.nl\\\/en\\\/#organization\",\"name\":\"Wijnhuis-Mana.nl\",\"url\":\"https:\\\/\\\/wijnhuis-mana.nl\\\/en\\\/\",\"logo\":{\"@id\":\"https:\\\/\\\/wijnhuis-mana.nl\\\/en\\\/product\\\/stellenrust-chenin-blanc\\\/#local-main-organization-logo\"},\"image\":{\"@id\":\"https:\\\/\\\/wijnhuis-mana.nl\\\/en\\\/product\\\/stellenrust-chenin-blanc\\\/#local-main-organization-logo\"},\"sameAs\":[\"https:\\\/\\\/www.facebook.com\\\/wijnhuismana\",\"https:\\\/\\\/www.instagram.com\\\/ghvino.nl\"],\"hasMerchantReturnPolicy\":{\"@type\":\"MerchantReturnPolicy\",\"merchantReturnLink\":\"https:\\\/\\\/wijnhuis-mana.nl\\\/algemene-voorwaarden\\\/\"},\"address\":{\"@id\":\"https:\\\/\\\/wijnhuis-mana.nl\\\/en\\\/product\\\/stellenrust-chenin-blanc\\\/#local-main-place-address\"},\"telephone\":[\"0299-769018\"],\"openingHoursSpecification\":[{\"@type\":\"OpeningHoursSpecification\",\"dayOfWeek\":[\"Monday\",\"Sunday\"],\"opens\":\"00:00\",\"closes\":\"00:00\"},{\"@type\":\"OpeningHoursSpecification\",\"dayOfWeek\":[\"Tuesday\"],\"opens\":\"10:00\",\"closes\":\"18:00\"},{\"@type\":\"OpeningHoursSpecification\",\"dayOfWeek\":[\"Wednesday\",\"Thursday\",\"Saturday\"],\"opens\":\"11:00\",\"closes\":\"18:00\"},{\"@type\":\"OpeningHoursSpecification\",\"dayOfWeek\":[\"Friday\"],\"opens\":\"11:00\",\"closes\":\"21:00\"}],\"email\":\"info@wijnhuis-mana.nl\",\"areaServed\":\"Nederland\",\"vatID\":\"NL58KNAB0255573782\",\"taxID\":\"NL58KNAB0255573782\"},{\"@type\":\"PostalAddress\",\"@id\":\"https:\\\/\\\/wijnhuis-mana.nl\\\/en\\\/product\\\/stellenrust-chenin-blanc\\\/#local-main-place-address\",\"streetAddress\":\"Weerwal 11\",\"addressLocality\":\"Purmerend\",\"postalCode\":\"1441 AL\",\"addressRegion\":\"Noord-Holland\",\"addressCountry\":\"NL\"},{\"@type\":\"ImageObject\",\"inLanguage\":\"en-US\",\"@id\":\"https:\\\/\\\/wijnhuis-mana.nl\\\/en\\\/product\\\/stellenrust-chenin-blanc\\\/#local-main-organization-logo\",\"url\":\"https:\\\/\\\/wijnhuis-mana.nl\\\/wp-content\\\/uploads\\\/2022\\\/01\\\/Logo_Wijnhuis-Mana_Kleur.jpg\",\"contentUrl\":\"https:\\\/\\\/wijnhuis-mana.nl\\\/wp-content\\\/uploads\\\/2022\\\/01\\\/Logo_Wijnhuis-Mana_Kleur.jpg\",\"width\":400,\"height\":111,\"caption\":\"Wijnhuis-Mana.nl\"}]}<\/script>\n<meta property=\"product:price:amount\" content=\"16.29\" \/>\n<meta property=\"product:price:currency\" content=\"EUR\" \/>\n<meta property=\"og:availability\" content=\"instock\" \/>\n<meta property=\"product:availability\" content=\"instock\" \/>\n<meta property=\"product:retailer_item_id\" content=\"6009824740226\" \/>\n<meta property=\"product:condition\" content=\"new\" \/>\n<meta name=\"geo.placename\" content=\"Purmerend\" \/>\n<meta name=\"geo.region\" content=\"Netherlands\" \/>\n<!-- \/ Yoast SEO Premium plugin. -->","yoast_head_json":{"title":"Stellenrust Barrelfermented Chenin Blanc - Premium Zuid-Afrikaanse Witte Wijn","description":"Ervaar de verfijnde smaken van Stellenrust Barrelfermented Chenin Blanc, een voortreffelijke witte wijn uit Stellenbosch met tonen van peer, appel en subtiel bloemige noten.","robots":{"index":"index","follow":"follow","max-snippet":"max-snippet:-1","max-image-preview":"max-image-preview:large","max-video-preview":"max-video-preview:-1"},"canonical":"https:\/\/wijnhuis-mana.nl\/en\/product\/stellenrust-chenin-blanc\/","og_locale":"en_US","og_type":"article","og_title":"Stellenrust Barrelfermented Chenin Blanc","og_description":"Ervaar de verfijnde smaken van Stellenrust Barrelfermented Chenin Blanc, een voortreffelijke witte wijn uit Stellenbosch met tonen van peer, appel en subtiel bloemige noten.","og_url":"https:\/\/wijnhuis-mana.nl\/en\/product\/stellenrust-chenin-blanc\/","og_site_name":"Wijnhuis-Mana.nl","article_publisher":"https:\/\/www.facebook.com\/wijnhuismana","article_modified_time":"2026-03-28T09:52:12+00:00","og_image":[{"width":800,"height":800,"url":"https:\/\/wijnhuis-mana.nl\/wp-content\/uploads\/2025\/04\/Stellenrust-Barrelfermented-Chenin-Blanc.jpg","type":"image\/jpeg"}],"twitter_card":"summary_large_image","twitter_misc":{"Price":"&euro;&nbsp;16,29","Availability":"In stock"},"schema":{"@context":"https:\/\/schema.org","@graph":[{"@type":"WebPage","@id":"https:\/\/wijnhuis-mana.nl\/en\/product\/stellenrust-chenin-blanc\/","url":"https:\/\/wijnhuis-mana.nl\/en\/product\/stellenrust-chenin-blanc\/","name":"Stellenrust Barrelfermented Chenin Blanc - Premium Zuid-Afrikaanse Witte Wijn","isPartOf":{"@id":"https:\/\/wijnhuis-mana.nl\/en\/#website"},"primaryImageOfPage":{"@id":"https:\/\/wijnhuis-mana.nl\/en\/product\/stellenrust-chenin-blanc\/#primaryimage"},"image":{"@id":"https:\/\/wijnhuis-mana.nl\/en\/product\/stellenrust-chenin-blanc\/#primaryimage"},"thumbnailUrl":"https:\/\/wijnhuis-mana.nl\/wp-content\/uploads\/2025\/04\/Stellenrust-Barrelfermented-Chenin-Blanc.jpg","datePublished":"2024-07-28T12:14:56+00:00","dateModified":"2026-03-28T09:52:12+00:00","description":"Ervaar de verfijnde smaken van Stellenrust Barrelfermented Chenin Blanc, een voortreffelijke witte wijn uit Stellenbosch met tonen van peer, appel en subtiel bloemige noten.","breadcrumb":{"@id":"https:\/\/wijnhuis-mana.nl\/en\/product\/stellenrust-chenin-blanc\/#breadcrumb"},"inLanguage":"en-US","potentialAction":[{"@type":"ReadAction","target":["https:\/\/wijnhuis-mana.nl\/en\/product\/stellenrust-chenin-blanc\/"]}]},{"@type":"ImageObject","inLanguage":"en-US","@id":"https:\/\/wijnhuis-mana.nl\/en\/product\/stellenrust-chenin-blanc\/#primaryimage","url":"https:\/\/wijnhuis-mana.nl\/wp-content\/uploads\/2025\/04\/Stellenrust-Barrelfermented-Chenin-Blanc.jpg","contentUrl":"https:\/\/wijnhuis-mana.nl\/wp-content\/uploads\/2025\/04\/Stellenrust-Barrelfermented-Chenin-Blanc.jpg","width":800,"height":800,"caption":"Ervaar de verfijnde smaken van Stellenrust Barrelfermented Chenin Blanc, een voortreffelijke witte wijn uit Stellenbosch met tonen van peer, appel en subtiel bloemige noten."},{"@type":"BreadcrumbList","@id":"https:\/\/wijnhuis-mana.nl\/en\/product\/stellenrust-chenin-blanc\/#breadcrumb","itemListElement":[{"@type":"ListItem","position":1,"name":"Home","item":"https:\/\/wijnhuis-mana.nl\/en\/"},{"@type":"ListItem","position":2,"name":"Shop","item":"https:\/\/wijnhuis-mana.nl\/en\/shop-2\/"},{"@type":"ListItem","position":3,"name":"Stellenrust Barrelfermented Chenin Blanc"}]},{"@type":"WebSite","@id":"https:\/\/wijnhuis-mana.nl\/en\/#website","url":"https:\/\/wijnhuis-mana.nl\/en\/","name":"Wijnhuis-Mana.nl","description":"Wijn v\u00e1n liefhebbers, v\u00f3\u00f3r liefhebbers","publisher":{"@id":"https:\/\/wijnhuis-mana.nl\/en\/#organization"},"potentialAction":[{"@type":"SearchAction","target":{"@type":"EntryPoint","urlTemplate":"https:\/\/wijnhuis-mana.nl\/en\/?s={search_term_string}"},"query-input":{"@type":"PropertyValueSpecification","valueRequired":true,"valueName":"search_term_string"}}],"inLanguage":"en-US"},{"@type":["Organization","Place"],"@id":"https:\/\/wijnhuis-mana.nl\/en\/#organization","name":"Wijnhuis-Mana.nl","url":"https:\/\/wijnhuis-mana.nl\/en\/","logo":{"@id":"https:\/\/wijnhuis-mana.nl\/en\/product\/stellenrust-chenin-blanc\/#local-main-organization-logo"},"image":{"@id":"https:\/\/wijnhuis-mana.nl\/en\/product\/stellenrust-chenin-blanc\/#local-main-organization-logo"},"sameAs":["https:\/\/www.facebook.com\/wijnhuismana","https:\/\/www.instagram.com\/ghvino.nl"],"hasMerchantReturnPolicy":{"@type":"MerchantReturnPolicy","merchantReturnLink":"https:\/\/wijnhuis-mana.nl\/algemene-voorwaarden\/"},"address":{"@id":"https:\/\/wijnhuis-mana.nl\/en\/product\/stellenrust-chenin-blanc\/#local-main-place-address"},"telephone":["0299-769018"],"openingHoursSpecification":[{"@type":"OpeningHoursSpecification","dayOfWeek":["Monday","Sunday"],"opens":"00:00","closes":"00:00"},{"@type":"OpeningHoursSpecification","dayOfWeek":["Tuesday"],"opens":"10:00","closes":"18:00"},{"@type":"OpeningHoursSpecification","dayOfWeek":["Wednesday","Thursday","Saturday"],"opens":"11:00","closes":"18:00"},{"@type":"OpeningHoursSpecification","dayOfWeek":["Friday"],"opens":"11:00","closes":"21:00"}],"email":"info@wijnhuis-mana.nl","areaServed":"Nederland","vatID":"NL58KNAB0255573782","taxID":"NL58KNAB0255573782"},{"@type":"PostalAddress","@id":"https:\/\/wijnhuis-mana.nl\/en\/product\/stellenrust-chenin-blanc\/#local-main-place-address","streetAddress":"Weerwal 11","addressLocality":"Purmerend","postalCode":"1441 AL","addressRegion":"Noord-Holland","addressCountry":"NL"},{"@type":"ImageObject","inLanguage":"en-US","@id":"https:\/\/wijnhuis-mana.nl\/en\/product\/stellenrust-chenin-blanc\/#local-main-organization-logo","url":"https:\/\/wijnhuis-mana.nl\/wp-content\/uploads\/2022\/01\/Logo_Wijnhuis-Mana_Kleur.jpg","contentUrl":"https:\/\/wijnhuis-mana.nl\/wp-content\/uploads\/2022\/01\/Logo_Wijnhuis-Mana_Kleur.jpg","width":400,"height":111,"caption":"Wijnhuis-Mana.nl"}]},"product_price_amount":"16.29","product_price_currency":"EUR","og_availability":"instock","product_availability":"instock","product_retailer_item_id":"6009824740226","product_condition":"new","geo.placename":"Purmerend","geo.region":"Netherlands"},"post_mailing_queue_ids":[],"_links":{"self":[{"href":"https:\/\/wijnhuis-mana.nl\/en\/wp-json\/wp\/v2\/product\/9986","targetHints":{"allow":["GET"]}}],"collection":[{"href":"https:\/\/wijnhuis-mana.nl\/en\/wp-json\/wp\/v2\/product"}],"about":[{"href":"https:\/\/wijnhuis-mana.nl\/en\/wp-json\/wp\/v2\/types\/product"}],"replies":[{"embeddable":true,"href":"https:\/\/wijnhuis-mana.nl\/en\/wp-json\/wp\/v2\/comments?post=9986"}],"wp:featuredmedia":[{"embeddable":true,"href":"https:\/\/wijnhuis-mana.nl\/en\/wp-json\/wp\/v2\/media\/13769"}],"wp:attachment":[{"href":"https:\/\/wijnhuis-mana.nl\/en\/wp-json\/wp\/v2\/media?parent=9986"}],"wp:term":[{"taxonomy":"product_brand","embeddable":true,"href":"https:\/\/wijnhuis-mana.nl\/en\/wp-json\/wp\/v2\/product_brand?post=9986"},{"taxonomy":"product_cat","embeddable":true,"href":"https:\/\/wijnhuis-mana.nl\/en\/wp-json\/wp\/v2\/product_cat?post=9986"},{"taxonomy":"product_tag","embeddable":true,"href":"https:\/\/wijnhuis-mana.nl\/en\/wp-json\/wp\/v2\/product_tag?post=9986"}],"curies":[{"name":"wp","href":"https:\/\/api.w.org\/{rel}","templated":true}]}}