{"id":11025,"date":"2024-12-29T13:36:28","date_gmt":"2024-12-29T12:36:28","guid":{"rendered":"https:\/\/wijnhuis-mana.nl\/?post_type=product&#038;p=11025"},"modified":"2026-04-06T20:24:43","modified_gmt":"2026-04-06T18:24:43","slug":"graham-beck-mcc-brut-cuvee-clive","status":"publish","type":"product","link":"https:\/\/wijnhuis-mana.nl\/fr\/product\/graham-beck-mcc-brut-cuvee-clive\/","title":{"rendered":"Graham Beck MCC Brut Cuv\u00e9e Clive"},"content":{"rendered":"<div class=\"DescriptionBlock_cc-desc-item__E8eNd\">\n<p><strong>Graham Beck MCC Brut Cuv\u00e9e Clive<\/strong> is een meesterwerk van verfijning en vakmanschap. Deze premium mousserende wijn uit Zuid-Afrika wordt beschouwd als de vlaggenschipwijn van Graham Beck, speciaal gemaakt voor liefhebbers van klasse en elegantie.<\/p>\n<h4><strong>Productieproces<\/strong><\/h4>\n<p>De <strong>Cuv\u00e9e Clive<\/strong> is gemaakt van een blend van zorgvuldig geselecteerde <strong>Chardonnay<\/strong> en <strong>Pinot Noir<\/strong> druiven. De wijngaarden liggen op kalkrijke bodems tegenover de wijnkelders van Graham Beck in Robertson. Deze kalksteenbodems dragen bij aan de complexe aroma\u2019s en het hoge kwaliteitsniveau van de wijn.<\/p>\n<p>Na een vroege handmatige oogst in januari worden de druiven in hun geheel geperst. Alleen het eerste sap, bekend als het &#8220;cuvee-sap,&#8221; wordt gebruikt. Dit sap rust 24 uur voordat het fermentatieproces begint in roestvrijstalen tanks bij 15\u00b0C. Na 16 dagen fermentatie wordt de wijn niet geblend, maar rechtstreeks op fles gebracht. Hier ondergaat de wijn een tweede fermentatie en rijpt hij 60 maanden op zijn droesem, wat zorgt voor een krachtige mousse en verfijning.<\/p>\n<h4><strong>Smaakprofiel<\/strong><\/h4>\n<p>De <strong>Graham Beck MCC Brut Cuv\u00e9e Clive<\/strong> straalt luxe uit met zijn <strong>goudgele kleur<\/strong> en complexe aroma&#8217;s. In de neus ontdek je een samenspel van rijpe citrus, rood fruit, abrikoos en groene peer. Op de tong ontvouwt zich een speelse wijn met verfijnde bubbels en intense smaken van grapefruit en geel steenfruit. De knapperige frisheid zorgt voor een levendige, aanhoudende afdronk die je uitnodigt tot nog een slok.<\/p>\n<h4><strong>Serveeradvies<\/strong><\/h4>\n<ul>\n<li><strong>Bij gelegenheden:<\/strong> Ideaal voor feestelijke momenten of als luxe cadeau.<\/li>\n<li><strong>Bij gerechten:<\/strong> Combineer met oesters, kreeft, delicate visgerechten of verfijnde desserts.<\/li>\n<li><strong>Serveertemperatuur:<\/strong> Schenk gekoeld bij 8-10\u00b0C voor de ultieme smaakervaring.<\/li>\n<\/ul>\n<h4><strong>Weetje<\/strong><\/h4>\n<p>De naam <strong>Cuv\u00e9e Clive<\/strong> eert Clive Graham Beck, de oprichter van de Graham Beck wijnmakerij. Deze wijn wordt alleen in uitzonderlijke oogstjaren gemaakt en belichaamt het beste van Zuid-Afrikaanse mousserende wijn.<\/p>\n<\/div>\n","protected":false},"excerpt":{"rendered":"<p>De Sparkling Sauvignon Blanc\u00a0wordt op traditionele wijze gemaakt, met de hand geoogst en voorzichtig\u00a0 met de gehele tros geperst onder lage druk om geen bitterheid te verliezen. Het sap wordt &#8217;s nachts schoongemaakt voordat het de vergisting ondergaat.<\/p>\n<p>\nVivino score:<\/p>\n<div class=\"vivino-widget vivino-wine-card-widget\" data-vivino-widget-type=\"wineWithoutVintage\" data-vivino-wine-id=\"1380426\" data-make-vivino-redirect=\"true\" data-vivino-widget-language=\"en\" data-vivino-widget-layout=\"small_new\">\n  <a target=\"_blank\">Wine name<\/a>\n<\/div>\n","protected":false},"featured_media":11026,"comment_status":"open","ping_status":"closed","template":"","meta":[],"product_brand":[],"product_cat":[2888,2892,2902],"product_tag":[137,684,143,142,349],"class_list":{"0":"post-11025","1":"product","2":"type-product","3":"status-publish","4":"has-post-thumbnail","6":"product_cat-alle-wijn","7":"product_cat-mousserende-wijn","8":"product_cat-overige-landen","9":"product_tag-droge-wijn","10":"product_tag-mousserend","11":"product_tag-traditionele-vinificatie","12":"product_tag-witte-wijn","13":"product_tag-zuid-afrikaanse-wijn","15":"first","16":"instock","17":"taxable","18":"shipping-taxable","19":"purchasable","20":"product-type-simple"},"yoast_head":"<!-- This site is optimized with the Yoast SEO Premium plugin v27.3 (Yoast SEO v27.3) - https:\/\/yoast.com\/product\/yoast-seo-premium-wordpress\/ -->\n<title>Graham Beck MCC Brut Cuv\u00e9e Clive: Een Meesterwerk van Verfijning<\/title>\n<meta name=\"description\" content=\"Ervaar de complexe aroma&#039;s en hoogwaardige kwaliteit van Graham Beck MCC Brut Cuv\u00e9e Clive. Een perfecte keuze voor liefhebbers van verfijning. \ud83c\udf7e\" \/>\n<meta name=\"robots\" content=\"index, follow, max-snippet:-1, max-image-preview:large, max-video-preview:-1\" \/>\n<link rel=\"canonical\" href=\"https:\/\/wijnhuis-mana.nl\/fr\/product\/graham-beck-mcc-brut-cuvee-clive\/\" \/>\n<meta property=\"og:locale\" content=\"fr_FR\" \/>\n<meta property=\"og:type\" content=\"article\" \/>\n<meta property=\"og:title\" content=\"Graham Beck MCC Brut Cuv\u00e9e Clive\" \/>\n<meta property=\"og:description\" content=\"Ervaar de complexe aroma&#039;s en hoogwaardige kwaliteit van Graham Beck MCC Brut Cuv\u00e9e Clive. Een perfecte keuze voor liefhebbers van verfijning. \ud83c\udf7e\" \/>\n<meta property=\"og:url\" content=\"https:\/\/wijnhuis-mana.nl\/fr\/product\/graham-beck-mcc-brut-cuvee-clive\/\" \/>\n<meta property=\"og:site_name\" content=\"Wijnhuis-Mana.nl\" \/>\n<meta property=\"article:publisher\" content=\"https:\/\/www.facebook.com\/wijnhuismana\" \/>\n<meta property=\"article:modified_time\" content=\"2026-04-06T18:24:43+00:00\" \/>\n<meta property=\"og:image\" content=\"https:\/\/wijnhuis-mana.nl\/wp-content\/uploads\/2024\/12\/Graham-Beck-MCC-Brut-Cuvee-Clive.jpg\" \/>\n\t<meta property=\"og:image:width\" content=\"800\" \/>\n\t<meta property=\"og:image:height\" content=\"800\" \/>\n\t<meta property=\"og:image:type\" content=\"image\/jpeg\" \/>\n<meta name=\"twitter:card\" content=\"summary_large_image\" \/>\n<meta name=\"twitter:label1\" content=\"Price\" \/>\n\t<meta name=\"twitter:data1\" content=\"&euro;&nbsp;46,95\" \/>\n\t<meta name=\"twitter:label2\" content=\"Availability\" \/>\n\t<meta name=\"twitter:data2\" content=\"In stock\" \/>\n<script type=\"application\/ld+json\" class=\"yoast-schema-graph\">{\"@context\":\"https:\\\/\\\/schema.org\",\"@graph\":[{\"@type\":\"WebPage\",\"@id\":\"https:\\\/\\\/wijnhuis-mana.nl\\\/fr\\\/product\\\/graham-beck-mcc-brut-cuvee-clive\\\/\",\"url\":\"https:\\\/\\\/wijnhuis-mana.nl\\\/fr\\\/product\\\/graham-beck-mcc-brut-cuvee-clive\\\/\",\"name\":\"Graham Beck MCC Brut Cuv\u00e9e Clive: Een Meesterwerk van Verfijning\",\"isPartOf\":{\"@id\":\"https:\\\/\\\/wijnhuis-mana.nl\\\/fr\\\/#website\"},\"primaryImageOfPage\":{\"@id\":\"https:\\\/\\\/wijnhuis-mana.nl\\\/fr\\\/product\\\/graham-beck-mcc-brut-cuvee-clive\\\/#primaryimage\"},\"image\":{\"@id\":\"https:\\\/\\\/wijnhuis-mana.nl\\\/fr\\\/product\\\/graham-beck-mcc-brut-cuvee-clive\\\/#primaryimage\"},\"thumbnailUrl\":\"https:\\\/\\\/wijnhuis-mana.nl\\\/wp-content\\\/uploads\\\/2024\\\/12\\\/Graham-Beck-MCC-Brut-Cuvee-Clive.jpg\",\"datePublished\":\"2024-12-29T12:36:28+00:00\",\"dateModified\":\"2026-04-06T18:24:43+00:00\",\"description\":\"Ervaar de complexe aroma's en hoogwaardige kwaliteit van Graham Beck MCC Brut Cuv\u00e9e Clive. Een perfecte keuze voor liefhebbers van verfijning. \ud83c\udf7e\",\"breadcrumb\":{\"@id\":\"https:\\\/\\\/wijnhuis-mana.nl\\\/fr\\\/product\\\/graham-beck-mcc-brut-cuvee-clive\\\/#breadcrumb\"},\"inLanguage\":\"fr-FR\",\"potentialAction\":[{\"@type\":\"ReadAction\",\"target\":[\"https:\\\/\\\/wijnhuis-mana.nl\\\/fr\\\/product\\\/graham-beck-mcc-brut-cuvee-clive\\\/\"]}]},{\"@type\":\"ImageObject\",\"inLanguage\":\"fr-FR\",\"@id\":\"https:\\\/\\\/wijnhuis-mana.nl\\\/fr\\\/product\\\/graham-beck-mcc-brut-cuvee-clive\\\/#primaryimage\",\"url\":\"https:\\\/\\\/wijnhuis-mana.nl\\\/wp-content\\\/uploads\\\/2024\\\/12\\\/Graham-Beck-MCC-Brut-Cuvee-Clive.jpg\",\"contentUrl\":\"https:\\\/\\\/wijnhuis-mana.nl\\\/wp-content\\\/uploads\\\/2024\\\/12\\\/Graham-Beck-MCC-Brut-Cuvee-Clive.jpg\",\"width\":800,\"height\":800,\"caption\":\"Ervaar de complexe aroma's en hoogwaardige kwaliteit van Graham Beck MCC Brut Cuv\u00e9e Clive. Een perfecte keuze voor liefhebbers van verfijning. \ud83c\udf7e\"},{\"@type\":\"BreadcrumbList\",\"@id\":\"https:\\\/\\\/wijnhuis-mana.nl\\\/fr\\\/product\\\/graham-beck-mcc-brut-cuvee-clive\\\/#breadcrumb\",\"itemListElement\":[{\"@type\":\"ListItem\",\"position\":1,\"name\":\"Home\",\"item\":\"https:\\\/\\\/wijnhuis-mana.nl\\\/fr\\\/\"},{\"@type\":\"ListItem\",\"position\":2,\"name\":\"Boutique\",\"item\":\"https:\\\/\\\/wijnhuis-mana.nl\\\/fr\\\/boutique\\\/\"},{\"@type\":\"ListItem\",\"position\":3,\"name\":\"Graham Beck MCC Brut Cuv\u00e9e Clive\"}]},{\"@type\":\"WebSite\",\"@id\":\"https:\\\/\\\/wijnhuis-mana.nl\\\/fr\\\/#website\",\"url\":\"https:\\\/\\\/wijnhuis-mana.nl\\\/fr\\\/\",\"name\":\"Wijnhuis-Mana.nl\",\"description\":\"Wijn v\u00e1n liefhebbers, v\u00f3\u00f3r liefhebbers\",\"publisher\":{\"@id\":\"https:\\\/\\\/wijnhuis-mana.nl\\\/fr\\\/#organization\"},\"potentialAction\":[{\"@type\":\"SearchAction\",\"target\":{\"@type\":\"EntryPoint\",\"urlTemplate\":\"https:\\\/\\\/wijnhuis-mana.nl\\\/fr\\\/?s={search_term_string}\"},\"query-input\":{\"@type\":\"PropertyValueSpecification\",\"valueRequired\":true,\"valueName\":\"search_term_string\"}}],\"inLanguage\":\"fr-FR\"},{\"@type\":[\"Organization\",\"Place\"],\"@id\":\"https:\\\/\\\/wijnhuis-mana.nl\\\/fr\\\/#organization\",\"name\":\"Wijnhuis-Mana.nl\",\"url\":\"https:\\\/\\\/wijnhuis-mana.nl\\\/fr\\\/\",\"logo\":{\"@id\":\"https:\\\/\\\/wijnhuis-mana.nl\\\/fr\\\/product\\\/graham-beck-mcc-brut-cuvee-clive\\\/#local-main-organization-logo\"},\"image\":{\"@id\":\"https:\\\/\\\/wijnhuis-mana.nl\\\/fr\\\/product\\\/graham-beck-mcc-brut-cuvee-clive\\\/#local-main-organization-logo\"},\"sameAs\":[\"https:\\\/\\\/www.facebook.com\\\/wijnhuismana\",\"https:\\\/\\\/www.instagram.com\\\/ghvino.nl\"],\"hasMerchantReturnPolicy\":{\"@type\":\"MerchantReturnPolicy\",\"merchantReturnLink\":\"https:\\\/\\\/wijnhuis-mana.nl\\\/algemene-voorwaarden\\\/\"},\"address\":{\"@id\":\"https:\\\/\\\/wijnhuis-mana.nl\\\/fr\\\/product\\\/graham-beck-mcc-brut-cuvee-clive\\\/#local-main-place-address\"},\"telephone\":[\"0299-769018\"],\"openingHoursSpecification\":[{\"@type\":\"OpeningHoursSpecification\",\"dayOfWeek\":[\"Monday\",\"Sunday\"],\"opens\":\"00:00\",\"closes\":\"00:00\"},{\"@type\":\"OpeningHoursSpecification\",\"dayOfWeek\":[\"Tuesday\"],\"opens\":\"10:00\",\"closes\":\"18:00\"},{\"@type\":\"OpeningHoursSpecification\",\"dayOfWeek\":[\"Wednesday\",\"Thursday\",\"Saturday\"],\"opens\":\"11:00\",\"closes\":\"18:00\"},{\"@type\":\"OpeningHoursSpecification\",\"dayOfWeek\":[\"Friday\"],\"opens\":\"11:00\",\"closes\":\"21:00\"}],\"email\":\"info@wijnhuis-mana.nl\",\"areaServed\":\"Nederland\",\"vatID\":\"NL58KNAB0255573782\",\"taxID\":\"NL58KNAB0255573782\"},{\"@type\":\"PostalAddress\",\"@id\":\"https:\\\/\\\/wijnhuis-mana.nl\\\/fr\\\/product\\\/graham-beck-mcc-brut-cuvee-clive\\\/#local-main-place-address\",\"streetAddress\":\"Weerwal 11\",\"addressLocality\":\"Purmerend\",\"postalCode\":\"1441 AL\",\"addressRegion\":\"Noord-Holland\",\"addressCountry\":\"NL\"},{\"@type\":\"ImageObject\",\"inLanguage\":\"fr-FR\",\"@id\":\"https:\\\/\\\/wijnhuis-mana.nl\\\/fr\\\/product\\\/graham-beck-mcc-brut-cuvee-clive\\\/#local-main-organization-logo\",\"url\":\"https:\\\/\\\/wijnhuis-mana.nl\\\/wp-content\\\/uploads\\\/2022\\\/01\\\/Logo_Wijnhuis-Mana_Kleur.jpg\",\"contentUrl\":\"https:\\\/\\\/wijnhuis-mana.nl\\\/wp-content\\\/uploads\\\/2022\\\/01\\\/Logo_Wijnhuis-Mana_Kleur.jpg\",\"width\":400,\"height\":111,\"caption\":\"Wijnhuis-Mana.nl\"}]}<\/script>\n<meta property=\"product:price:amount\" content=\"46.95\" \/>\n<meta property=\"product:price:currency\" content=\"EUR\" \/>\n<meta property=\"og:availability\" content=\"instock\" \/>\n<meta property=\"product:availability\" content=\"instock\" \/>\n<meta property=\"product:retailer_item_id\" content=\"6004867000887\" \/>\n<meta property=\"product:condition\" content=\"new\" \/>\n<meta name=\"geo.placename\" content=\"Purmerend\" \/>\n<meta name=\"geo.region\" content=\"Netherlands\" \/>\n<!-- \/ Yoast SEO Premium plugin. -->","yoast_head_json":{"title":"Graham Beck MCC Brut Cuv\u00e9e Clive: Een Meesterwerk van Verfijning","description":"Ervaar de complexe aroma's en hoogwaardige kwaliteit van Graham Beck MCC Brut Cuv\u00e9e Clive. Een perfecte keuze voor liefhebbers van verfijning. \ud83c\udf7e","robots":{"index":"index","follow":"follow","max-snippet":"max-snippet:-1","max-image-preview":"max-image-preview:large","max-video-preview":"max-video-preview:-1"},"canonical":"https:\/\/wijnhuis-mana.nl\/fr\/product\/graham-beck-mcc-brut-cuvee-clive\/","og_locale":"fr_FR","og_type":"article","og_title":"Graham Beck MCC Brut Cuv\u00e9e Clive","og_description":"Ervaar de complexe aroma's en hoogwaardige kwaliteit van Graham Beck MCC Brut Cuv\u00e9e Clive. Een perfecte keuze voor liefhebbers van verfijning. \ud83c\udf7e","og_url":"https:\/\/wijnhuis-mana.nl\/fr\/product\/graham-beck-mcc-brut-cuvee-clive\/","og_site_name":"Wijnhuis-Mana.nl","article_publisher":"https:\/\/www.facebook.com\/wijnhuismana","article_modified_time":"2026-04-06T18:24:43+00:00","og_image":[{"width":800,"height":800,"url":"https:\/\/wijnhuis-mana.nl\/wp-content\/uploads\/2024\/12\/Graham-Beck-MCC-Brut-Cuvee-Clive.jpg","type":"image\/jpeg"}],"twitter_card":"summary_large_image","twitter_misc":{"Price":"&euro;&nbsp;46,95","Availability":"In stock"},"schema":{"@context":"https:\/\/schema.org","@graph":[{"@type":"WebPage","@id":"https:\/\/wijnhuis-mana.nl\/fr\/product\/graham-beck-mcc-brut-cuvee-clive\/","url":"https:\/\/wijnhuis-mana.nl\/fr\/product\/graham-beck-mcc-brut-cuvee-clive\/","name":"Graham Beck MCC Brut Cuv\u00e9e Clive: Een Meesterwerk van Verfijning","isPartOf":{"@id":"https:\/\/wijnhuis-mana.nl\/fr\/#website"},"primaryImageOfPage":{"@id":"https:\/\/wijnhuis-mana.nl\/fr\/product\/graham-beck-mcc-brut-cuvee-clive\/#primaryimage"},"image":{"@id":"https:\/\/wijnhuis-mana.nl\/fr\/product\/graham-beck-mcc-brut-cuvee-clive\/#primaryimage"},"thumbnailUrl":"https:\/\/wijnhuis-mana.nl\/wp-content\/uploads\/2024\/12\/Graham-Beck-MCC-Brut-Cuvee-Clive.jpg","datePublished":"2024-12-29T12:36:28+00:00","dateModified":"2026-04-06T18:24:43+00:00","description":"Ervaar de complexe aroma's en hoogwaardige kwaliteit van Graham Beck MCC Brut Cuv\u00e9e Clive. Een perfecte keuze voor liefhebbers van verfijning. \ud83c\udf7e","breadcrumb":{"@id":"https:\/\/wijnhuis-mana.nl\/fr\/product\/graham-beck-mcc-brut-cuvee-clive\/#breadcrumb"},"inLanguage":"fr-FR","potentialAction":[{"@type":"ReadAction","target":["https:\/\/wijnhuis-mana.nl\/fr\/product\/graham-beck-mcc-brut-cuvee-clive\/"]}]},{"@type":"ImageObject","inLanguage":"fr-FR","@id":"https:\/\/wijnhuis-mana.nl\/fr\/product\/graham-beck-mcc-brut-cuvee-clive\/#primaryimage","url":"https:\/\/wijnhuis-mana.nl\/wp-content\/uploads\/2024\/12\/Graham-Beck-MCC-Brut-Cuvee-Clive.jpg","contentUrl":"https:\/\/wijnhuis-mana.nl\/wp-content\/uploads\/2024\/12\/Graham-Beck-MCC-Brut-Cuvee-Clive.jpg","width":800,"height":800,"caption":"Ervaar de complexe aroma's en hoogwaardige kwaliteit van Graham Beck MCC Brut Cuv\u00e9e Clive. Een perfecte keuze voor liefhebbers van verfijning. \ud83c\udf7e"},{"@type":"BreadcrumbList","@id":"https:\/\/wijnhuis-mana.nl\/fr\/product\/graham-beck-mcc-brut-cuvee-clive\/#breadcrumb","itemListElement":[{"@type":"ListItem","position":1,"name":"Home","item":"https:\/\/wijnhuis-mana.nl\/fr\/"},{"@type":"ListItem","position":2,"name":"Boutique","item":"https:\/\/wijnhuis-mana.nl\/fr\/boutique\/"},{"@type":"ListItem","position":3,"name":"Graham Beck MCC Brut Cuv\u00e9e Clive"}]},{"@type":"WebSite","@id":"https:\/\/wijnhuis-mana.nl\/fr\/#website","url":"https:\/\/wijnhuis-mana.nl\/fr\/","name":"Wijnhuis-Mana.nl","description":"Wijn v\u00e1n liefhebbers, v\u00f3\u00f3r liefhebbers","publisher":{"@id":"https:\/\/wijnhuis-mana.nl\/fr\/#organization"},"potentialAction":[{"@type":"SearchAction","target":{"@type":"EntryPoint","urlTemplate":"https:\/\/wijnhuis-mana.nl\/fr\/?s={search_term_string}"},"query-input":{"@type":"PropertyValueSpecification","valueRequired":true,"valueName":"search_term_string"}}],"inLanguage":"fr-FR"},{"@type":["Organization","Place"],"@id":"https:\/\/wijnhuis-mana.nl\/fr\/#organization","name":"Wijnhuis-Mana.nl","url":"https:\/\/wijnhuis-mana.nl\/fr\/","logo":{"@id":"https:\/\/wijnhuis-mana.nl\/fr\/product\/graham-beck-mcc-brut-cuvee-clive\/#local-main-organization-logo"},"image":{"@id":"https:\/\/wijnhuis-mana.nl\/fr\/product\/graham-beck-mcc-brut-cuvee-clive\/#local-main-organization-logo"},"sameAs":["https:\/\/www.facebook.com\/wijnhuismana","https:\/\/www.instagram.com\/ghvino.nl"],"hasMerchantReturnPolicy":{"@type":"MerchantReturnPolicy","merchantReturnLink":"https:\/\/wijnhuis-mana.nl\/algemene-voorwaarden\/"},"address":{"@id":"https:\/\/wijnhuis-mana.nl\/fr\/product\/graham-beck-mcc-brut-cuvee-clive\/#local-main-place-address"},"telephone":["0299-769018"],"openingHoursSpecification":[{"@type":"OpeningHoursSpecification","dayOfWeek":["Monday","Sunday"],"opens":"00:00","closes":"00:00"},{"@type":"OpeningHoursSpecification","dayOfWeek":["Tuesday"],"opens":"10:00","closes":"18:00"},{"@type":"OpeningHoursSpecification","dayOfWeek":["Wednesday","Thursday","Saturday"],"opens":"11:00","closes":"18:00"},{"@type":"OpeningHoursSpecification","dayOfWeek":["Friday"],"opens":"11:00","closes":"21:00"}],"email":"info@wijnhuis-mana.nl","areaServed":"Nederland","vatID":"NL58KNAB0255573782","taxID":"NL58KNAB0255573782"},{"@type":"PostalAddress","@id":"https:\/\/wijnhuis-mana.nl\/fr\/product\/graham-beck-mcc-brut-cuvee-clive\/#local-main-place-address","streetAddress":"Weerwal 11","addressLocality":"Purmerend","postalCode":"1441 AL","addressRegion":"Noord-Holland","addressCountry":"NL"},{"@type":"ImageObject","inLanguage":"fr-FR","@id":"https:\/\/wijnhuis-mana.nl\/fr\/product\/graham-beck-mcc-brut-cuvee-clive\/#local-main-organization-logo","url":"https:\/\/wijnhuis-mana.nl\/wp-content\/uploads\/2022\/01\/Logo_Wijnhuis-Mana_Kleur.jpg","contentUrl":"https:\/\/wijnhuis-mana.nl\/wp-content\/uploads\/2022\/01\/Logo_Wijnhuis-Mana_Kleur.jpg","width":400,"height":111,"caption":"Wijnhuis-Mana.nl"}]},"product_price_amount":"46.95","product_price_currency":"EUR","og_availability":"instock","product_availability":"instock","product_retailer_item_id":"6004867000887","product_condition":"new","geo.placename":"Purmerend","geo.region":"Netherlands"},"post_mailing_queue_ids":[],"_links":{"self":[{"href":"https:\/\/wijnhuis-mana.nl\/fr\/wp-json\/wp\/v2\/product\/11025","targetHints":{"allow":["GET"]}}],"collection":[{"href":"https:\/\/wijnhuis-mana.nl\/fr\/wp-json\/wp\/v2\/product"}],"about":[{"href":"https:\/\/wijnhuis-mana.nl\/fr\/wp-json\/wp\/v2\/types\/product"}],"replies":[{"embeddable":true,"href":"https:\/\/wijnhuis-mana.nl\/fr\/wp-json\/wp\/v2\/comments?post=11025"}],"wp:featuredmedia":[{"embeddable":true,"href":"https:\/\/wijnhuis-mana.nl\/fr\/wp-json\/wp\/v2\/media\/11026"}],"wp:attachment":[{"href":"https:\/\/wijnhuis-mana.nl\/fr\/wp-json\/wp\/v2\/media?parent=11025"}],"wp:term":[{"taxonomy":"product_brand","embeddable":true,"href":"https:\/\/wijnhuis-mana.nl\/fr\/wp-json\/wp\/v2\/product_brand?post=11025"},{"taxonomy":"product_cat","embeddable":true,"href":"https:\/\/wijnhuis-mana.nl\/fr\/wp-json\/wp\/v2\/product_cat?post=11025"},{"taxonomy":"product_tag","embeddable":true,"href":"https:\/\/wijnhuis-mana.nl\/fr\/wp-json\/wp\/v2\/product_tag?post=11025"}],"curies":[{"name":"wp","href":"https:\/\/api.w.org\/{rel}","templated":true}]}}