{"id":11275,"date":"2025-02-15T12:52:00","date_gmt":"2025-02-15T11:52:00","guid":{"rendered":"https:\/\/wijnhuis-mana.nl\/?post_type=product&#038;p=11275"},"modified":"2026-04-04T12:35:20","modified_gmt":"2026-04-04T10:35:20","slug":"veuve-ambal-cremant-de-bourgogne-blanc-de-blancs-brut","status":"publish","type":"product","link":"https:\/\/wijnhuis-mana.nl\/fr\/product\/veuve-ambal-cremant-de-bourgogne-blanc-de-blancs-brut\/","title":{"rendered":"Veuve Ambal Cremant de Bourgogne Blanc de Blancs Brut"},"content":{"rendered":"<h3>Algemene informatie<\/h3>\n<p>De Veuve Ambal Cremant de Bourgogne Blanc de Blancs Brut is een prachtige expressie van vakmanschap uit de Bourgogne, Frankrijk. Deze mousserende wijn wordt vervaardigd volgens de traditionele methode champenoise, wat inhoudt dat de tweede gisting op de fles plaatsvindt. De Blanc de blancs is uitsluitend gemaakt van witte druiven, wat resulteert in een zuivere en verfijnde smaak. De regio&#8217;s kalksteenrijke bodems verlenen de druiven een unieke mineraliteit.<\/p>\n<h3>Smaakprofiel<\/h3>\n<p>Deze cremant biedt een heldere, goudgele kleur en een levendige mousse. Aroma&#8217;s van versgebakken brood, groene appels en witte bloemen springen uit het glas. In de mond is de wijn fris met een fijne zuurgraad en tonen van citroen en amandel, leidend tot een langdurige, knisperende afdronk.<\/p>\n<h3>Serveeradvies<\/h3>\n<p>De ideale serveertemperatuur voor deze Cremant de Bourgogne is 8-10\u00b0C. Perfect als aperitief of in combinatie met lichte voorgerechten en zeevruchten.<\/p>\n<ul>\n<li>Lichte salades met citroendressing<\/li>\n<li>Oesters en andere schelpdieren<\/li>\n<li>Geitenkaas<\/li>\n<\/ul>\n<h3>Weetje<\/h3>\n<p>Did you know that Veuve Ambal was founded in the late 19th century and has grown to become one of the largest producers of Cr\u00e9mant de Bourgogne? The winery remains family-owned and is dedicated to sustainable viniculture, practicing environmentally friendly techniques.<\/p>\n","protected":false},"excerpt":{"rendered":"<p>Geniet van de elegante bruis van de Veuve Ambal Cremant de Bourgogne Blanc de Blancs Brut. Een verbluffende combinatie van frisheid en finesse, perfect voor elke feestelijke gelegenheid.<\/p>\n<div class=\"vivino-widget vivino-wine-card-widget\" data-vivino-widget-type=\"wineWithoutVintage\" data-vivino-wine-id=\"1419947\" data-make-vivino-redirect=\"true\" data-vivino-widget-language=\"en\" data-vivino-widget-layout=\"small_new\">\n  <a target=\"_blank\">Wine name<\/a>\n<\/div>\n<p>\nVivino score:<\/p>\n<div class=\"vivino-widget vivino-wine-card-widget\" data-vivino-widget-type=\"wineWithoutVintage\" data-vivino-wine-id=\"1419947\" data-make-vivino-redirect=\"true\" data-vivino-widget-language=\"en\" data-vivino-widget-layout=\"small_new\">\n  <a target=\"_blank\">Wine name<\/a>\n<\/div>\n","protected":false},"featured_media":13663,"comment_status":"open","ping_status":"closed","template":"","meta":[],"product_brand":[],"product_cat":[2888,2898,2892],"product_tag":[379,378,683,400],"class_list":{"0":"post-11275","1":"product","2":"type-product","3":"status-publish","4":"has-post-thumbnail","6":"product_cat-alle-wijn","7":"product_cat-franse-wijn","8":"product_cat-mousserende-wijn","9":"product_tag-blanc-de-blancs","10":"product_tag-brut","11":"product_tag-bubbels","12":"product_tag-franse-wijn","14":"first","15":"instock","16":"taxable","17":"shipping-taxable","18":"purchasable","19":"product-type-simple"},"yoast_head":"<!-- This site is optimized with the Yoast SEO Premium plugin v27.3 (Yoast SEO v27.3) - https:\/\/yoast.com\/product\/yoast-seo-premium-wordpress\/ -->\n<title>Veuve Ambal Cremant de Bourgogne Blanc de Blancs Brut - Koop Online<\/title>\n<meta name=\"description\" content=\"Ontdek Veuve Ambal Cremant de Bourgogne Blanc de Blancs Brut op onze webshop. Een exclusieve Blanc de Blancs, ideaal voor speciale gelegenheden.\" \/>\n<meta name=\"robots\" content=\"index, follow, max-snippet:-1, max-image-preview:large, max-video-preview:-1\" \/>\n<link rel=\"canonical\" href=\"https:\/\/wijnhuis-mana.nl\/fr\/product\/veuve-ambal-cremant-de-bourgogne-blanc-de-blancs-brut\/\" \/>\n<meta property=\"og:locale\" content=\"fr_FR\" \/>\n<meta property=\"og:type\" content=\"article\" \/>\n<meta property=\"og:title\" content=\"Veuve Ambal Cremant de Bourgogne Blanc de Blancs Brut\" \/>\n<meta property=\"og:description\" content=\"Ontdek Veuve Ambal Cremant de Bourgogne Blanc de Blancs Brut op onze webshop. Een exclusieve Blanc de Blancs, ideaal voor speciale gelegenheden.\" \/>\n<meta property=\"og:url\" content=\"https:\/\/wijnhuis-mana.nl\/fr\/product\/veuve-ambal-cremant-de-bourgogne-blanc-de-blancs-brut\/\" \/>\n<meta property=\"og:site_name\" content=\"Wijnhuis-Mana.nl\" \/>\n<meta property=\"article:publisher\" content=\"https:\/\/www.facebook.com\/wijnhuismana\" \/>\n<meta property=\"article:modified_time\" content=\"2026-04-04T10:35:20+00:00\" \/>\n<meta property=\"og:image\" content=\"https:\/\/wijnhuis-mana.nl\/wp-content\/uploads\/2025\/04\/Veuve-Ambal-Cremant-de-Bourgogne-Blanc-de-Blancs-Brut.jpg\" \/>\n\t<meta property=\"og:image:width\" content=\"800\" \/>\n\t<meta property=\"og:image:height\" content=\"800\" \/>\n\t<meta property=\"og:image:type\" content=\"image\/jpeg\" \/>\n<meta name=\"twitter:card\" content=\"summary_large_image\" \/>\n<meta name=\"twitter:label1\" content=\"Price\" \/>\n\t<meta name=\"twitter:data1\" content=\"&euro;&nbsp;16,29\" \/>\n\t<meta name=\"twitter:label2\" content=\"Availability\" \/>\n\t<meta name=\"twitter:data2\" content=\"In stock\" \/>\n<script type=\"application\/ld+json\" class=\"yoast-schema-graph\">{\"@context\":\"https:\\\/\\\/schema.org\",\"@graph\":[{\"@type\":\"WebPage\",\"@id\":\"https:\\\/\\\/wijnhuis-mana.nl\\\/fr\\\/product\\\/veuve-ambal-cremant-de-bourgogne-blanc-de-blancs-brut\\\/\",\"url\":\"https:\\\/\\\/wijnhuis-mana.nl\\\/fr\\\/product\\\/veuve-ambal-cremant-de-bourgogne-blanc-de-blancs-brut\\\/\",\"name\":\"Veuve Ambal Cremant de Bourgogne Blanc de Blancs Brut - Koop Online\",\"isPartOf\":{\"@id\":\"https:\\\/\\\/wijnhuis-mana.nl\\\/fr\\\/#website\"},\"primaryImageOfPage\":{\"@id\":\"https:\\\/\\\/wijnhuis-mana.nl\\\/fr\\\/product\\\/veuve-ambal-cremant-de-bourgogne-blanc-de-blancs-brut\\\/#primaryimage\"},\"image\":{\"@id\":\"https:\\\/\\\/wijnhuis-mana.nl\\\/fr\\\/product\\\/veuve-ambal-cremant-de-bourgogne-blanc-de-blancs-brut\\\/#primaryimage\"},\"thumbnailUrl\":\"https:\\\/\\\/wijnhuis-mana.nl\\\/wp-content\\\/uploads\\\/2025\\\/04\\\/Veuve-Ambal-Cremant-de-Bourgogne-Blanc-de-Blancs-Brut.jpg\",\"datePublished\":\"2025-02-15T11:52:00+00:00\",\"dateModified\":\"2026-04-04T10:35:20+00:00\",\"description\":\"Ontdek Veuve Ambal Cremant de Bourgogne Blanc de Blancs Brut op onze webshop. Een exclusieve Blanc de Blancs, ideaal voor speciale gelegenheden.\",\"breadcrumb\":{\"@id\":\"https:\\\/\\\/wijnhuis-mana.nl\\\/fr\\\/product\\\/veuve-ambal-cremant-de-bourgogne-blanc-de-blancs-brut\\\/#breadcrumb\"},\"inLanguage\":\"fr-FR\",\"potentialAction\":[{\"@type\":\"ReadAction\",\"target\":[\"https:\\\/\\\/wijnhuis-mana.nl\\\/fr\\\/product\\\/veuve-ambal-cremant-de-bourgogne-blanc-de-blancs-brut\\\/\"]}]},{\"@type\":\"ImageObject\",\"inLanguage\":\"fr-FR\",\"@id\":\"https:\\\/\\\/wijnhuis-mana.nl\\\/fr\\\/product\\\/veuve-ambal-cremant-de-bourgogne-blanc-de-blancs-brut\\\/#primaryimage\",\"url\":\"https:\\\/\\\/wijnhuis-mana.nl\\\/wp-content\\\/uploads\\\/2025\\\/04\\\/Veuve-Ambal-Cremant-de-Bourgogne-Blanc-de-Blancs-Brut.jpg\",\"contentUrl\":\"https:\\\/\\\/wijnhuis-mana.nl\\\/wp-content\\\/uploads\\\/2025\\\/04\\\/Veuve-Ambal-Cremant-de-Bourgogne-Blanc-de-Blancs-Brut.jpg\",\"width\":800,\"height\":800,\"caption\":\"Ontdek Veuve Ambal Cremant de Bourgogne Blanc de Blancs Brut op onze webshop. Een exclusieve Blanc de Blancs, ideaal voor speciale gelegenheden.\"},{\"@type\":\"BreadcrumbList\",\"@id\":\"https:\\\/\\\/wijnhuis-mana.nl\\\/fr\\\/product\\\/veuve-ambal-cremant-de-bourgogne-blanc-de-blancs-brut\\\/#breadcrumb\",\"itemListElement\":[{\"@type\":\"ListItem\",\"position\":1,\"name\":\"Home\",\"item\":\"https:\\\/\\\/wijnhuis-mana.nl\\\/fr\\\/\"},{\"@type\":\"ListItem\",\"position\":2,\"name\":\"Boutique\",\"item\":\"https:\\\/\\\/wijnhuis-mana.nl\\\/fr\\\/boutique\\\/\"},{\"@type\":\"ListItem\",\"position\":3,\"name\":\"Veuve Ambal Cremant de Bourgogne Blanc de Blancs Brut\"}]},{\"@type\":\"WebSite\",\"@id\":\"https:\\\/\\\/wijnhuis-mana.nl\\\/fr\\\/#website\",\"url\":\"https:\\\/\\\/wijnhuis-mana.nl\\\/fr\\\/\",\"name\":\"Wijnhuis-Mana.nl\",\"description\":\"Wijn v\u00e1n liefhebbers, v\u00f3\u00f3r liefhebbers\",\"publisher\":{\"@id\":\"https:\\\/\\\/wijnhuis-mana.nl\\\/fr\\\/#organization\"},\"potentialAction\":[{\"@type\":\"SearchAction\",\"target\":{\"@type\":\"EntryPoint\",\"urlTemplate\":\"https:\\\/\\\/wijnhuis-mana.nl\\\/fr\\\/?s={search_term_string}\"},\"query-input\":{\"@type\":\"PropertyValueSpecification\",\"valueRequired\":true,\"valueName\":\"search_term_string\"}}],\"inLanguage\":\"fr-FR\"},{\"@type\":[\"Organization\",\"Place\"],\"@id\":\"https:\\\/\\\/wijnhuis-mana.nl\\\/fr\\\/#organization\",\"name\":\"Wijnhuis-Mana.nl\",\"url\":\"https:\\\/\\\/wijnhuis-mana.nl\\\/fr\\\/\",\"logo\":{\"@id\":\"https:\\\/\\\/wijnhuis-mana.nl\\\/fr\\\/product\\\/veuve-ambal-cremant-de-bourgogne-blanc-de-blancs-brut\\\/#local-main-organization-logo\"},\"image\":{\"@id\":\"https:\\\/\\\/wijnhuis-mana.nl\\\/fr\\\/product\\\/veuve-ambal-cremant-de-bourgogne-blanc-de-blancs-brut\\\/#local-main-organization-logo\"},\"sameAs\":[\"https:\\\/\\\/www.facebook.com\\\/wijnhuismana\",\"https:\\\/\\\/www.instagram.com\\\/ghvino.nl\"],\"hasMerchantReturnPolicy\":{\"@type\":\"MerchantReturnPolicy\",\"merchantReturnLink\":\"https:\\\/\\\/wijnhuis-mana.nl\\\/algemene-voorwaarden\\\/\"},\"address\":{\"@id\":\"https:\\\/\\\/wijnhuis-mana.nl\\\/fr\\\/product\\\/veuve-ambal-cremant-de-bourgogne-blanc-de-blancs-brut\\\/#local-main-place-address\"},\"telephone\":[\"0299-769018\"],\"openingHoursSpecification\":[{\"@type\":\"OpeningHoursSpecification\",\"dayOfWeek\":[\"Monday\",\"Sunday\"],\"opens\":\"00:00\",\"closes\":\"00:00\"},{\"@type\":\"OpeningHoursSpecification\",\"dayOfWeek\":[\"Tuesday\"],\"opens\":\"10:00\",\"closes\":\"18:00\"},{\"@type\":\"OpeningHoursSpecification\",\"dayOfWeek\":[\"Wednesday\",\"Thursday\",\"Saturday\"],\"opens\":\"11:00\",\"closes\":\"18:00\"},{\"@type\":\"OpeningHoursSpecification\",\"dayOfWeek\":[\"Friday\"],\"opens\":\"11:00\",\"closes\":\"21:00\"}],\"email\":\"info@wijnhuis-mana.nl\",\"areaServed\":\"Nederland\",\"vatID\":\"NL58KNAB0255573782\",\"taxID\":\"NL58KNAB0255573782\"},{\"@type\":\"PostalAddress\",\"@id\":\"https:\\\/\\\/wijnhuis-mana.nl\\\/fr\\\/product\\\/veuve-ambal-cremant-de-bourgogne-blanc-de-blancs-brut\\\/#local-main-place-address\",\"streetAddress\":\"Weerwal 11\",\"addressLocality\":\"Purmerend\",\"postalCode\":\"1441 AL\",\"addressRegion\":\"Noord-Holland\",\"addressCountry\":\"NL\"},{\"@type\":\"ImageObject\",\"inLanguage\":\"fr-FR\",\"@id\":\"https:\\\/\\\/wijnhuis-mana.nl\\\/fr\\\/product\\\/veuve-ambal-cremant-de-bourgogne-blanc-de-blancs-brut\\\/#local-main-organization-logo\",\"url\":\"https:\\\/\\\/wijnhuis-mana.nl\\\/wp-content\\\/uploads\\\/2022\\\/01\\\/Logo_Wijnhuis-Mana_Kleur.jpg\",\"contentUrl\":\"https:\\\/\\\/wijnhuis-mana.nl\\\/wp-content\\\/uploads\\\/2022\\\/01\\\/Logo_Wijnhuis-Mana_Kleur.jpg\",\"width\":400,\"height\":111,\"caption\":\"Wijnhuis-Mana.nl\"}]}<\/script>\n<meta property=\"product:price:amount\" content=\"16.29\" \/>\n<meta property=\"product:price:currency\" content=\"EUR\" \/>\n<meta property=\"og:availability\" content=\"instock\" \/>\n<meta property=\"product:availability\" content=\"instock\" \/>\n<meta property=\"product:retailer_item_id\" content=\"3299641115939\" \/>\n<meta property=\"product:condition\" content=\"new\" \/>\n<meta name=\"geo.placename\" content=\"Purmerend\" \/>\n<meta name=\"geo.region\" content=\"Netherlands\" \/>\n<!-- \/ Yoast SEO Premium plugin. -->","yoast_head_json":{"title":"Veuve Ambal Cremant de Bourgogne Blanc de Blancs Brut - Koop Online","description":"Ontdek Veuve Ambal Cremant de Bourgogne Blanc de Blancs Brut op onze webshop. Een exclusieve Blanc de Blancs, ideaal voor speciale gelegenheden.","robots":{"index":"index","follow":"follow","max-snippet":"max-snippet:-1","max-image-preview":"max-image-preview:large","max-video-preview":"max-video-preview:-1"},"canonical":"https:\/\/wijnhuis-mana.nl\/fr\/product\/veuve-ambal-cremant-de-bourgogne-blanc-de-blancs-brut\/","og_locale":"fr_FR","og_type":"article","og_title":"Veuve Ambal Cremant de Bourgogne Blanc de Blancs Brut","og_description":"Ontdek Veuve Ambal Cremant de Bourgogne Blanc de Blancs Brut op onze webshop. Een exclusieve Blanc de Blancs, ideaal voor speciale gelegenheden.","og_url":"https:\/\/wijnhuis-mana.nl\/fr\/product\/veuve-ambal-cremant-de-bourgogne-blanc-de-blancs-brut\/","og_site_name":"Wijnhuis-Mana.nl","article_publisher":"https:\/\/www.facebook.com\/wijnhuismana","article_modified_time":"2026-04-04T10:35:20+00:00","og_image":[{"width":800,"height":800,"url":"https:\/\/wijnhuis-mana.nl\/wp-content\/uploads\/2025\/04\/Veuve-Ambal-Cremant-de-Bourgogne-Blanc-de-Blancs-Brut.jpg","type":"image\/jpeg"}],"twitter_card":"summary_large_image","twitter_misc":{"Price":"&euro;&nbsp;16,29","Availability":"In stock"},"schema":{"@context":"https:\/\/schema.org","@graph":[{"@type":"WebPage","@id":"https:\/\/wijnhuis-mana.nl\/fr\/product\/veuve-ambal-cremant-de-bourgogne-blanc-de-blancs-brut\/","url":"https:\/\/wijnhuis-mana.nl\/fr\/product\/veuve-ambal-cremant-de-bourgogne-blanc-de-blancs-brut\/","name":"Veuve Ambal Cremant de Bourgogne Blanc de Blancs Brut - Koop Online","isPartOf":{"@id":"https:\/\/wijnhuis-mana.nl\/fr\/#website"},"primaryImageOfPage":{"@id":"https:\/\/wijnhuis-mana.nl\/fr\/product\/veuve-ambal-cremant-de-bourgogne-blanc-de-blancs-brut\/#primaryimage"},"image":{"@id":"https:\/\/wijnhuis-mana.nl\/fr\/product\/veuve-ambal-cremant-de-bourgogne-blanc-de-blancs-brut\/#primaryimage"},"thumbnailUrl":"https:\/\/wijnhuis-mana.nl\/wp-content\/uploads\/2025\/04\/Veuve-Ambal-Cremant-de-Bourgogne-Blanc-de-Blancs-Brut.jpg","datePublished":"2025-02-15T11:52:00+00:00","dateModified":"2026-04-04T10:35:20+00:00","description":"Ontdek Veuve Ambal Cremant de Bourgogne Blanc de Blancs Brut op onze webshop. Een exclusieve Blanc de Blancs, ideaal voor speciale gelegenheden.","breadcrumb":{"@id":"https:\/\/wijnhuis-mana.nl\/fr\/product\/veuve-ambal-cremant-de-bourgogne-blanc-de-blancs-brut\/#breadcrumb"},"inLanguage":"fr-FR","potentialAction":[{"@type":"ReadAction","target":["https:\/\/wijnhuis-mana.nl\/fr\/product\/veuve-ambal-cremant-de-bourgogne-blanc-de-blancs-brut\/"]}]},{"@type":"ImageObject","inLanguage":"fr-FR","@id":"https:\/\/wijnhuis-mana.nl\/fr\/product\/veuve-ambal-cremant-de-bourgogne-blanc-de-blancs-brut\/#primaryimage","url":"https:\/\/wijnhuis-mana.nl\/wp-content\/uploads\/2025\/04\/Veuve-Ambal-Cremant-de-Bourgogne-Blanc-de-Blancs-Brut.jpg","contentUrl":"https:\/\/wijnhuis-mana.nl\/wp-content\/uploads\/2025\/04\/Veuve-Ambal-Cremant-de-Bourgogne-Blanc-de-Blancs-Brut.jpg","width":800,"height":800,"caption":"Ontdek Veuve Ambal Cremant de Bourgogne Blanc de Blancs Brut op onze webshop. Een exclusieve Blanc de Blancs, ideaal voor speciale gelegenheden."},{"@type":"BreadcrumbList","@id":"https:\/\/wijnhuis-mana.nl\/fr\/product\/veuve-ambal-cremant-de-bourgogne-blanc-de-blancs-brut\/#breadcrumb","itemListElement":[{"@type":"ListItem","position":1,"name":"Home","item":"https:\/\/wijnhuis-mana.nl\/fr\/"},{"@type":"ListItem","position":2,"name":"Boutique","item":"https:\/\/wijnhuis-mana.nl\/fr\/boutique\/"},{"@type":"ListItem","position":3,"name":"Veuve Ambal Cremant de Bourgogne Blanc de Blancs Brut"}]},{"@type":"WebSite","@id":"https:\/\/wijnhuis-mana.nl\/fr\/#website","url":"https:\/\/wijnhuis-mana.nl\/fr\/","name":"Wijnhuis-Mana.nl","description":"Wijn v\u00e1n liefhebbers, v\u00f3\u00f3r liefhebbers","publisher":{"@id":"https:\/\/wijnhuis-mana.nl\/fr\/#organization"},"potentialAction":[{"@type":"SearchAction","target":{"@type":"EntryPoint","urlTemplate":"https:\/\/wijnhuis-mana.nl\/fr\/?s={search_term_string}"},"query-input":{"@type":"PropertyValueSpecification","valueRequired":true,"valueName":"search_term_string"}}],"inLanguage":"fr-FR"},{"@type":["Organization","Place"],"@id":"https:\/\/wijnhuis-mana.nl\/fr\/#organization","name":"Wijnhuis-Mana.nl","url":"https:\/\/wijnhuis-mana.nl\/fr\/","logo":{"@id":"https:\/\/wijnhuis-mana.nl\/fr\/product\/veuve-ambal-cremant-de-bourgogne-blanc-de-blancs-brut\/#local-main-organization-logo"},"image":{"@id":"https:\/\/wijnhuis-mana.nl\/fr\/product\/veuve-ambal-cremant-de-bourgogne-blanc-de-blancs-brut\/#local-main-organization-logo"},"sameAs":["https:\/\/www.facebook.com\/wijnhuismana","https:\/\/www.instagram.com\/ghvino.nl"],"hasMerchantReturnPolicy":{"@type":"MerchantReturnPolicy","merchantReturnLink":"https:\/\/wijnhuis-mana.nl\/algemene-voorwaarden\/"},"address":{"@id":"https:\/\/wijnhuis-mana.nl\/fr\/product\/veuve-ambal-cremant-de-bourgogne-blanc-de-blancs-brut\/#local-main-place-address"},"telephone":["0299-769018"],"openingHoursSpecification":[{"@type":"OpeningHoursSpecification","dayOfWeek":["Monday","Sunday"],"opens":"00:00","closes":"00:00"},{"@type":"OpeningHoursSpecification","dayOfWeek":["Tuesday"],"opens":"10:00","closes":"18:00"},{"@type":"OpeningHoursSpecification","dayOfWeek":["Wednesday","Thursday","Saturday"],"opens":"11:00","closes":"18:00"},{"@type":"OpeningHoursSpecification","dayOfWeek":["Friday"],"opens":"11:00","closes":"21:00"}],"email":"info@wijnhuis-mana.nl","areaServed":"Nederland","vatID":"NL58KNAB0255573782","taxID":"NL58KNAB0255573782"},{"@type":"PostalAddress","@id":"https:\/\/wijnhuis-mana.nl\/fr\/product\/veuve-ambal-cremant-de-bourgogne-blanc-de-blancs-brut\/#local-main-place-address","streetAddress":"Weerwal 11","addressLocality":"Purmerend","postalCode":"1441 AL","addressRegion":"Noord-Holland","addressCountry":"NL"},{"@type":"ImageObject","inLanguage":"fr-FR","@id":"https:\/\/wijnhuis-mana.nl\/fr\/product\/veuve-ambal-cremant-de-bourgogne-blanc-de-blancs-brut\/#local-main-organization-logo","url":"https:\/\/wijnhuis-mana.nl\/wp-content\/uploads\/2022\/01\/Logo_Wijnhuis-Mana_Kleur.jpg","contentUrl":"https:\/\/wijnhuis-mana.nl\/wp-content\/uploads\/2022\/01\/Logo_Wijnhuis-Mana_Kleur.jpg","width":400,"height":111,"caption":"Wijnhuis-Mana.nl"}]},"product_price_amount":"16.29","product_price_currency":"EUR","og_availability":"instock","product_availability":"instock","product_retailer_item_id":"3299641115939","product_condition":"new","geo.placename":"Purmerend","geo.region":"Netherlands"},"post_mailing_queue_ids":[],"_links":{"self":[{"href":"https:\/\/wijnhuis-mana.nl\/fr\/wp-json\/wp\/v2\/product\/11275","targetHints":{"allow":["GET"]}}],"collection":[{"href":"https:\/\/wijnhuis-mana.nl\/fr\/wp-json\/wp\/v2\/product"}],"about":[{"href":"https:\/\/wijnhuis-mana.nl\/fr\/wp-json\/wp\/v2\/types\/product"}],"replies":[{"embeddable":true,"href":"https:\/\/wijnhuis-mana.nl\/fr\/wp-json\/wp\/v2\/comments?post=11275"}],"wp:featuredmedia":[{"embeddable":true,"href":"https:\/\/wijnhuis-mana.nl\/fr\/wp-json\/wp\/v2\/media\/13663"}],"wp:attachment":[{"href":"https:\/\/wijnhuis-mana.nl\/fr\/wp-json\/wp\/v2\/media?parent=11275"}],"wp:term":[{"taxonomy":"product_brand","embeddable":true,"href":"https:\/\/wijnhuis-mana.nl\/fr\/wp-json\/wp\/v2\/product_brand?post=11275"},{"taxonomy":"product_cat","embeddable":true,"href":"https:\/\/wijnhuis-mana.nl\/fr\/wp-json\/wp\/v2\/product_cat?post=11275"},{"taxonomy":"product_tag","embeddable":true,"href":"https:\/\/wijnhuis-mana.nl\/fr\/wp-json\/wp\/v2\/product_tag?post=11275"}],"curies":[{"name":"wp","href":"https:\/\/api.w.org\/{rel}","templated":true}]}}