{"id":11296,"date":"2025-02-15T17:25:41","date_gmt":"2025-02-15T16:25:41","guid":{"rendered":"https:\/\/wijnhuis-mana.nl\/?post_type=product&#038;p=11296"},"modified":"2026-04-09T18:36:58","modified_gmt":"2026-04-09T16:36:58","slug":"becker-landgraf-j2-gau-odernheimer-riesling","status":"publish","type":"product","link":"https:\/\/wijnhuis-mana.nl\/fr\/product\/becker-landgraf-j2-gau-odernheimer-riesling\/","title":{"rendered":"Becker Landgraf (J2) Gau-Odernheimer Riesling"},"content":{"rendered":"<h3>Algemene informatie<\/h3>\n<p>De Becker Landgraf (J2) Gau-Odernheimer Riesling is een prachtig voorbeeld van de hoogwaardige Riesling-wijnen die uit de Duitse regio Rheinhessen komen. Deze wijn wordt gemaakt van zorgvuldig geselecteerde Riesling-druiven, die bekend staan om hun aromatische profiel en hun vermogen om de terroir uitstekend te weerspiegelen. De vinificatieproces benadrukt de natuurlijke kenmerken van de druif, waarbij gebruik wordt gemaakt van moderne technieken om de frisheid en de pure fruitigheid te behouden.<\/p>\n<h3>Smaakprofiel<\/h3>\n<p>Deze Riesling kenmerkt zich door een heldere, lichtgele kleur en een verleidelijk aroma van citroen, groene appel en subtiele florale hints. In de mond is de wijn levendig en fris met een uitgebalanceerde zuurgraad en een lange, minerale afdronk. De typische Riesling-zuren zijn aanwezig maar mooi in balans met de zoetheid, wat zorgt voor een harmonieuze smaakervaring.<\/p>\n<h3>Serveeradvies<\/h3>\n<p>De Becker Landgraf (J2) Gau-Odernheimer Riesling is uitstekend te serveren op een temperatuur van 8-10\u00b0C. Het is een veelzijdige wijn die goed past bij een scala aan gerechten.<\/p>\n<ul>\n<li>Zeevruchten, vooral verse oesters en garnalen<\/li>\n<li>Lichte salades met citrusdressing<\/li>\n<li>Geitenkaas of andere frisse kazen<\/li>\n<\/ul>\n<h3>Weetje<\/h3>\n<p>De wijnmakers van Becker Landgraf, een gepassioneerd wijnmakersduo uit Rheinhessen, staan bekend om hun innovatieve benadering en toewijding voor kwaliteit. Hun focus ligt op het produceren van wijnen die het unieke karakter van de druiven en de regio uitdrukken, met speciale aandacht voor duurzaamheid en ecologie.<\/p>\n","protected":false},"excerpt":{"rendered":"<p>Verken de frisheid en levendigheid van Becker Landgraf (J2) Gau-Odernheimer Riesling. Een perfecte reflectie van Rheinhessen, met tonen van citroen en groene appel, ideaal voor elk diner.<\/p>\n<p>\nVivino score:<\/p>\n<div class=\"vivino-widget vivino-wine-card-widget\" data-vivino-widget-type=\"wineWithoutVintage\" data-vivino-wine-id=\"1153295\" data-make-vivino-redirect=\"true\" data-vivino-widget-language=\"en\" data-vivino-widget-layout=\"small_new\">\n  <a target=\"_blank\">Wine name<\/a>\n<\/div>\n","protected":false},"featured_media":13519,"comment_status":"open","ping_status":"closed","template":"","meta":[],"product_brand":[],"product_cat":[2888,2901,2890],"product_tag":[201,137,320],"class_list":{"0":"post-11296","1":"product","2":"type-product","3":"status-publish","4":"has-post-thumbnail","6":"product_cat-alle-wijn","7":"product_cat-duitse-wijn","8":"product_cat-witte-wijn","9":"product_tag-biologisch","10":"product_tag-droge-wijn","11":"product_tag-duitse-wijn","13":"first","14":"instock","15":"taxable","16":"shipping-taxable","17":"purchasable","18":"product-type-simple"},"yoast_head":"<!-- This site is optimized with the Yoast SEO Premium plugin v27.3 (Yoast SEO v27.3) - https:\/\/yoast.com\/product\/yoast-seo-premium-wordpress\/ -->\n<title>Becker Landgraf (J2) Gau-Odernheimer Riesling | Exclusieve Duitse Wijn<\/title>\n<meta name=\"description\" content=\"Ontdek de Becker Landgraf J2 Riesling uit Rheinhessen, perfect voor de kenner van licht frisse wijnen met een fijn aroma van fruit en bloemen.\" \/>\n<meta name=\"robots\" content=\"index, follow, max-snippet:-1, max-image-preview:large, max-video-preview:-1\" \/>\n<link rel=\"canonical\" href=\"https:\/\/wijnhuis-mana.nl\/fr\/product\/becker-landgraf-j2-gau-odernheimer-riesling\/\" \/>\n<meta property=\"og:locale\" content=\"fr_FR\" \/>\n<meta property=\"og:type\" content=\"article\" \/>\n<meta property=\"og:title\" content=\"Becker Landgraf (J2) Gau-Odernheimer Riesling\" \/>\n<meta property=\"og:description\" content=\"Ontdek de Becker Landgraf J2 Riesling uit Rheinhessen, perfect voor de kenner van licht frisse wijnen met een fijn aroma van fruit en bloemen.\" \/>\n<meta property=\"og:url\" content=\"https:\/\/wijnhuis-mana.nl\/fr\/product\/becker-landgraf-j2-gau-odernheimer-riesling\/\" \/>\n<meta property=\"og:site_name\" content=\"Wijnhuis-Mana.nl\" \/>\n<meta property=\"article:publisher\" content=\"https:\/\/www.facebook.com\/wijnhuismana\" \/>\n<meta property=\"article:modified_time\" content=\"2026-04-09T16:36:58+00:00\" \/>\n<meta property=\"og:image\" content=\"https:\/\/wijnhuis-mana.nl\/wp-content\/uploads\/2025\/04\/Becker-Landgraf-J2-Gau-Odernheimer-Riesling.jpg\" \/>\n\t<meta property=\"og:image:width\" content=\"800\" \/>\n\t<meta property=\"og:image:height\" content=\"800\" \/>\n\t<meta property=\"og:image:type\" content=\"image\/jpeg\" \/>\n<meta name=\"twitter:card\" content=\"summary_large_image\" \/>\n<meta name=\"twitter:label1\" content=\"Price\" \/>\n\t<meta name=\"twitter:data1\" content=\"&euro;&nbsp;14,50\" \/>\n\t<meta name=\"twitter:label2\" content=\"Availability\" \/>\n\t<meta name=\"twitter:data2\" content=\"In stock\" \/>\n<script type=\"application\/ld+json\" class=\"yoast-schema-graph\">{\"@context\":\"https:\\\/\\\/schema.org\",\"@graph\":[{\"@type\":\"WebPage\",\"@id\":\"https:\\\/\\\/wijnhuis-mana.nl\\\/fr\\\/product\\\/becker-landgraf-j2-gau-odernheimer-riesling\\\/\",\"url\":\"https:\\\/\\\/wijnhuis-mana.nl\\\/fr\\\/product\\\/becker-landgraf-j2-gau-odernheimer-riesling\\\/\",\"name\":\"Becker Landgraf (J2) Gau-Odernheimer Riesling | Exclusieve Duitse Wijn\",\"isPartOf\":{\"@id\":\"https:\\\/\\\/wijnhuis-mana.nl\\\/fr\\\/#website\"},\"primaryImageOfPage\":{\"@id\":\"https:\\\/\\\/wijnhuis-mana.nl\\\/fr\\\/product\\\/becker-landgraf-j2-gau-odernheimer-riesling\\\/#primaryimage\"},\"image\":{\"@id\":\"https:\\\/\\\/wijnhuis-mana.nl\\\/fr\\\/product\\\/becker-landgraf-j2-gau-odernheimer-riesling\\\/#primaryimage\"},\"thumbnailUrl\":\"https:\\\/\\\/wijnhuis-mana.nl\\\/wp-content\\\/uploads\\\/2025\\\/04\\\/Becker-Landgraf-J2-Gau-Odernheimer-Riesling.jpg\",\"datePublished\":\"2025-02-15T16:25:41+00:00\",\"dateModified\":\"2026-04-09T16:36:58+00:00\",\"description\":\"Ontdek de Becker Landgraf J2 Riesling uit Rheinhessen, perfect voor de kenner van licht frisse wijnen met een fijn aroma van fruit en bloemen.\",\"breadcrumb\":{\"@id\":\"https:\\\/\\\/wijnhuis-mana.nl\\\/fr\\\/product\\\/becker-landgraf-j2-gau-odernheimer-riesling\\\/#breadcrumb\"},\"inLanguage\":\"fr-FR\",\"potentialAction\":[{\"@type\":\"ReadAction\",\"target\":[\"https:\\\/\\\/wijnhuis-mana.nl\\\/fr\\\/product\\\/becker-landgraf-j2-gau-odernheimer-riesling\\\/\"]}]},{\"@type\":\"ImageObject\",\"inLanguage\":\"fr-FR\",\"@id\":\"https:\\\/\\\/wijnhuis-mana.nl\\\/fr\\\/product\\\/becker-landgraf-j2-gau-odernheimer-riesling\\\/#primaryimage\",\"url\":\"https:\\\/\\\/wijnhuis-mana.nl\\\/wp-content\\\/uploads\\\/2025\\\/04\\\/Becker-Landgraf-J2-Gau-Odernheimer-Riesling.jpg\",\"contentUrl\":\"https:\\\/\\\/wijnhuis-mana.nl\\\/wp-content\\\/uploads\\\/2025\\\/04\\\/Becker-Landgraf-J2-Gau-Odernheimer-Riesling.jpg\",\"width\":800,\"height\":800,\"caption\":\"Ontdek de Becker Landgraf J2 Riesling uit Rheinhessen, perfect voor de kenner van licht frisse wijnen met een fijn aroma van fruit en bloemen.\"},{\"@type\":\"BreadcrumbList\",\"@id\":\"https:\\\/\\\/wijnhuis-mana.nl\\\/fr\\\/product\\\/becker-landgraf-j2-gau-odernheimer-riesling\\\/#breadcrumb\",\"itemListElement\":[{\"@type\":\"ListItem\",\"position\":1,\"name\":\"Home\",\"item\":\"https:\\\/\\\/wijnhuis-mana.nl\\\/fr\\\/\"},{\"@type\":\"ListItem\",\"position\":2,\"name\":\"Boutique\",\"item\":\"https:\\\/\\\/wijnhuis-mana.nl\\\/fr\\\/boutique\\\/\"},{\"@type\":\"ListItem\",\"position\":3,\"name\":\"Becker Landgraf (J2) Gau-Odernheimer Riesling\"}]},{\"@type\":\"WebSite\",\"@id\":\"https:\\\/\\\/wijnhuis-mana.nl\\\/fr\\\/#website\",\"url\":\"https:\\\/\\\/wijnhuis-mana.nl\\\/fr\\\/\",\"name\":\"Wijnhuis-Mana.nl\",\"description\":\"Wijn v\u00e1n liefhebbers, v\u00f3\u00f3r liefhebbers\",\"publisher\":{\"@id\":\"https:\\\/\\\/wijnhuis-mana.nl\\\/fr\\\/#organization\"},\"potentialAction\":[{\"@type\":\"SearchAction\",\"target\":{\"@type\":\"EntryPoint\",\"urlTemplate\":\"https:\\\/\\\/wijnhuis-mana.nl\\\/fr\\\/?s={search_term_string}\"},\"query-input\":{\"@type\":\"PropertyValueSpecification\",\"valueRequired\":true,\"valueName\":\"search_term_string\"}}],\"inLanguage\":\"fr-FR\"},{\"@type\":[\"Organization\",\"Place\"],\"@id\":\"https:\\\/\\\/wijnhuis-mana.nl\\\/fr\\\/#organization\",\"name\":\"Wijnhuis-Mana.nl\",\"url\":\"https:\\\/\\\/wijnhuis-mana.nl\\\/fr\\\/\",\"logo\":{\"@id\":\"https:\\\/\\\/wijnhuis-mana.nl\\\/fr\\\/product\\\/becker-landgraf-j2-gau-odernheimer-riesling\\\/#local-main-organization-logo\"},\"image\":{\"@id\":\"https:\\\/\\\/wijnhuis-mana.nl\\\/fr\\\/product\\\/becker-landgraf-j2-gau-odernheimer-riesling\\\/#local-main-organization-logo\"},\"sameAs\":[\"https:\\\/\\\/www.facebook.com\\\/wijnhuismana\",\"https:\\\/\\\/www.instagram.com\\\/ghvino.nl\"],\"hasMerchantReturnPolicy\":{\"@type\":\"MerchantReturnPolicy\",\"merchantReturnLink\":\"https:\\\/\\\/wijnhuis-mana.nl\\\/algemene-voorwaarden\\\/\"},\"address\":{\"@id\":\"https:\\\/\\\/wijnhuis-mana.nl\\\/fr\\\/product\\\/becker-landgraf-j2-gau-odernheimer-riesling\\\/#local-main-place-address\"},\"telephone\":[\"0299-769018\"],\"openingHoursSpecification\":[{\"@type\":\"OpeningHoursSpecification\",\"dayOfWeek\":[\"Monday\",\"Sunday\"],\"opens\":\"00:00\",\"closes\":\"00:00\"},{\"@type\":\"OpeningHoursSpecification\",\"dayOfWeek\":[\"Tuesday\"],\"opens\":\"10:00\",\"closes\":\"18:00\"},{\"@type\":\"OpeningHoursSpecification\",\"dayOfWeek\":[\"Wednesday\",\"Thursday\",\"Saturday\"],\"opens\":\"11:00\",\"closes\":\"18:00\"},{\"@type\":\"OpeningHoursSpecification\",\"dayOfWeek\":[\"Friday\"],\"opens\":\"11:00\",\"closes\":\"21:00\"}],\"email\":\"info@wijnhuis-mana.nl\",\"areaServed\":\"Nederland\",\"vatID\":\"NL58KNAB0255573782\",\"taxID\":\"NL58KNAB0255573782\"},{\"@type\":\"PostalAddress\",\"@id\":\"https:\\\/\\\/wijnhuis-mana.nl\\\/fr\\\/product\\\/becker-landgraf-j2-gau-odernheimer-riesling\\\/#local-main-place-address\",\"streetAddress\":\"Weerwal 11\",\"addressLocality\":\"Purmerend\",\"postalCode\":\"1441 AL\",\"addressRegion\":\"Noord-Holland\",\"addressCountry\":\"NL\"},{\"@type\":\"ImageObject\",\"inLanguage\":\"fr-FR\",\"@id\":\"https:\\\/\\\/wijnhuis-mana.nl\\\/fr\\\/product\\\/becker-landgraf-j2-gau-odernheimer-riesling\\\/#local-main-organization-logo\",\"url\":\"https:\\\/\\\/wijnhuis-mana.nl\\\/wp-content\\\/uploads\\\/2022\\\/01\\\/Logo_Wijnhuis-Mana_Kleur.jpg\",\"contentUrl\":\"https:\\\/\\\/wijnhuis-mana.nl\\\/wp-content\\\/uploads\\\/2022\\\/01\\\/Logo_Wijnhuis-Mana_Kleur.jpg\",\"width\":400,\"height\":111,\"caption\":\"Wijnhuis-Mana.nl\"}]}<\/script>\n<meta property=\"product:price:amount\" content=\"14.50\" \/>\n<meta property=\"product:price:currency\" content=\"EUR\" \/>\n<meta property=\"og:availability\" content=\"instock\" \/>\n<meta property=\"product:availability\" content=\"instock\" \/>\n<meta property=\"product:retailer_item_id\" content=\"4260410240229\" \/>\n<meta property=\"product:condition\" content=\"new\" \/>\n<meta name=\"geo.placename\" content=\"Purmerend\" \/>\n<meta name=\"geo.region\" content=\"Netherlands\" \/>\n<!-- \/ Yoast SEO Premium plugin. -->","yoast_head_json":{"title":"Becker Landgraf (J2) Gau-Odernheimer Riesling | Exclusieve Duitse Wijn","description":"Ontdek de Becker Landgraf J2 Riesling uit Rheinhessen, perfect voor de kenner van licht frisse wijnen met een fijn aroma van fruit en bloemen.","robots":{"index":"index","follow":"follow","max-snippet":"max-snippet:-1","max-image-preview":"max-image-preview:large","max-video-preview":"max-video-preview:-1"},"canonical":"https:\/\/wijnhuis-mana.nl\/fr\/product\/becker-landgraf-j2-gau-odernheimer-riesling\/","og_locale":"fr_FR","og_type":"article","og_title":"Becker Landgraf (J2) Gau-Odernheimer Riesling","og_description":"Ontdek de Becker Landgraf J2 Riesling uit Rheinhessen, perfect voor de kenner van licht frisse wijnen met een fijn aroma van fruit en bloemen.","og_url":"https:\/\/wijnhuis-mana.nl\/fr\/product\/becker-landgraf-j2-gau-odernheimer-riesling\/","og_site_name":"Wijnhuis-Mana.nl","article_publisher":"https:\/\/www.facebook.com\/wijnhuismana","article_modified_time":"2026-04-09T16:36:58+00:00","og_image":[{"width":800,"height":800,"url":"https:\/\/wijnhuis-mana.nl\/wp-content\/uploads\/2025\/04\/Becker-Landgraf-J2-Gau-Odernheimer-Riesling.jpg","type":"image\/jpeg"}],"twitter_card":"summary_large_image","twitter_misc":{"Price":"&euro;&nbsp;14,50","Availability":"In stock"},"schema":{"@context":"https:\/\/schema.org","@graph":[{"@type":"WebPage","@id":"https:\/\/wijnhuis-mana.nl\/fr\/product\/becker-landgraf-j2-gau-odernheimer-riesling\/","url":"https:\/\/wijnhuis-mana.nl\/fr\/product\/becker-landgraf-j2-gau-odernheimer-riesling\/","name":"Becker Landgraf (J2) Gau-Odernheimer Riesling | Exclusieve Duitse Wijn","isPartOf":{"@id":"https:\/\/wijnhuis-mana.nl\/fr\/#website"},"primaryImageOfPage":{"@id":"https:\/\/wijnhuis-mana.nl\/fr\/product\/becker-landgraf-j2-gau-odernheimer-riesling\/#primaryimage"},"image":{"@id":"https:\/\/wijnhuis-mana.nl\/fr\/product\/becker-landgraf-j2-gau-odernheimer-riesling\/#primaryimage"},"thumbnailUrl":"https:\/\/wijnhuis-mana.nl\/wp-content\/uploads\/2025\/04\/Becker-Landgraf-J2-Gau-Odernheimer-Riesling.jpg","datePublished":"2025-02-15T16:25:41+00:00","dateModified":"2026-04-09T16:36:58+00:00","description":"Ontdek de Becker Landgraf J2 Riesling uit Rheinhessen, perfect voor de kenner van licht frisse wijnen met een fijn aroma van fruit en bloemen.","breadcrumb":{"@id":"https:\/\/wijnhuis-mana.nl\/fr\/product\/becker-landgraf-j2-gau-odernheimer-riesling\/#breadcrumb"},"inLanguage":"fr-FR","potentialAction":[{"@type":"ReadAction","target":["https:\/\/wijnhuis-mana.nl\/fr\/product\/becker-landgraf-j2-gau-odernheimer-riesling\/"]}]},{"@type":"ImageObject","inLanguage":"fr-FR","@id":"https:\/\/wijnhuis-mana.nl\/fr\/product\/becker-landgraf-j2-gau-odernheimer-riesling\/#primaryimage","url":"https:\/\/wijnhuis-mana.nl\/wp-content\/uploads\/2025\/04\/Becker-Landgraf-J2-Gau-Odernheimer-Riesling.jpg","contentUrl":"https:\/\/wijnhuis-mana.nl\/wp-content\/uploads\/2025\/04\/Becker-Landgraf-J2-Gau-Odernheimer-Riesling.jpg","width":800,"height":800,"caption":"Ontdek de Becker Landgraf J2 Riesling uit Rheinhessen, perfect voor de kenner van licht frisse wijnen met een fijn aroma van fruit en bloemen."},{"@type":"BreadcrumbList","@id":"https:\/\/wijnhuis-mana.nl\/fr\/product\/becker-landgraf-j2-gau-odernheimer-riesling\/#breadcrumb","itemListElement":[{"@type":"ListItem","position":1,"name":"Home","item":"https:\/\/wijnhuis-mana.nl\/fr\/"},{"@type":"ListItem","position":2,"name":"Boutique","item":"https:\/\/wijnhuis-mana.nl\/fr\/boutique\/"},{"@type":"ListItem","position":3,"name":"Becker Landgraf (J2) Gau-Odernheimer Riesling"}]},{"@type":"WebSite","@id":"https:\/\/wijnhuis-mana.nl\/fr\/#website","url":"https:\/\/wijnhuis-mana.nl\/fr\/","name":"Wijnhuis-Mana.nl","description":"Wijn v\u00e1n liefhebbers, v\u00f3\u00f3r liefhebbers","publisher":{"@id":"https:\/\/wijnhuis-mana.nl\/fr\/#organization"},"potentialAction":[{"@type":"SearchAction","target":{"@type":"EntryPoint","urlTemplate":"https:\/\/wijnhuis-mana.nl\/fr\/?s={search_term_string}"},"query-input":{"@type":"PropertyValueSpecification","valueRequired":true,"valueName":"search_term_string"}}],"inLanguage":"fr-FR"},{"@type":["Organization","Place"],"@id":"https:\/\/wijnhuis-mana.nl\/fr\/#organization","name":"Wijnhuis-Mana.nl","url":"https:\/\/wijnhuis-mana.nl\/fr\/","logo":{"@id":"https:\/\/wijnhuis-mana.nl\/fr\/product\/becker-landgraf-j2-gau-odernheimer-riesling\/#local-main-organization-logo"},"image":{"@id":"https:\/\/wijnhuis-mana.nl\/fr\/product\/becker-landgraf-j2-gau-odernheimer-riesling\/#local-main-organization-logo"},"sameAs":["https:\/\/www.facebook.com\/wijnhuismana","https:\/\/www.instagram.com\/ghvino.nl"],"hasMerchantReturnPolicy":{"@type":"MerchantReturnPolicy","merchantReturnLink":"https:\/\/wijnhuis-mana.nl\/algemene-voorwaarden\/"},"address":{"@id":"https:\/\/wijnhuis-mana.nl\/fr\/product\/becker-landgraf-j2-gau-odernheimer-riesling\/#local-main-place-address"},"telephone":["0299-769018"],"openingHoursSpecification":[{"@type":"OpeningHoursSpecification","dayOfWeek":["Monday","Sunday"],"opens":"00:00","closes":"00:00"},{"@type":"OpeningHoursSpecification","dayOfWeek":["Tuesday"],"opens":"10:00","closes":"18:00"},{"@type":"OpeningHoursSpecification","dayOfWeek":["Wednesday","Thursday","Saturday"],"opens":"11:00","closes":"18:00"},{"@type":"OpeningHoursSpecification","dayOfWeek":["Friday"],"opens":"11:00","closes":"21:00"}],"email":"info@wijnhuis-mana.nl","areaServed":"Nederland","vatID":"NL58KNAB0255573782","taxID":"NL58KNAB0255573782"},{"@type":"PostalAddress","@id":"https:\/\/wijnhuis-mana.nl\/fr\/product\/becker-landgraf-j2-gau-odernheimer-riesling\/#local-main-place-address","streetAddress":"Weerwal 11","addressLocality":"Purmerend","postalCode":"1441 AL","addressRegion":"Noord-Holland","addressCountry":"NL"},{"@type":"ImageObject","inLanguage":"fr-FR","@id":"https:\/\/wijnhuis-mana.nl\/fr\/product\/becker-landgraf-j2-gau-odernheimer-riesling\/#local-main-organization-logo","url":"https:\/\/wijnhuis-mana.nl\/wp-content\/uploads\/2022\/01\/Logo_Wijnhuis-Mana_Kleur.jpg","contentUrl":"https:\/\/wijnhuis-mana.nl\/wp-content\/uploads\/2022\/01\/Logo_Wijnhuis-Mana_Kleur.jpg","width":400,"height":111,"caption":"Wijnhuis-Mana.nl"}]},"product_price_amount":"14.50","product_price_currency":"EUR","og_availability":"instock","product_availability":"instock","product_retailer_item_id":"4260410240229","product_condition":"new","geo.placename":"Purmerend","geo.region":"Netherlands"},"post_mailing_queue_ids":[],"_links":{"self":[{"href":"https:\/\/wijnhuis-mana.nl\/fr\/wp-json\/wp\/v2\/product\/11296","targetHints":{"allow":["GET"]}}],"collection":[{"href":"https:\/\/wijnhuis-mana.nl\/fr\/wp-json\/wp\/v2\/product"}],"about":[{"href":"https:\/\/wijnhuis-mana.nl\/fr\/wp-json\/wp\/v2\/types\/product"}],"replies":[{"embeddable":true,"href":"https:\/\/wijnhuis-mana.nl\/fr\/wp-json\/wp\/v2\/comments?post=11296"}],"wp:featuredmedia":[{"embeddable":true,"href":"https:\/\/wijnhuis-mana.nl\/fr\/wp-json\/wp\/v2\/media\/13519"}],"wp:attachment":[{"href":"https:\/\/wijnhuis-mana.nl\/fr\/wp-json\/wp\/v2\/media?parent=11296"}],"wp:term":[{"taxonomy":"product_brand","embeddable":true,"href":"https:\/\/wijnhuis-mana.nl\/fr\/wp-json\/wp\/v2\/product_brand?post=11296"},{"taxonomy":"product_cat","embeddable":true,"href":"https:\/\/wijnhuis-mana.nl\/fr\/wp-json\/wp\/v2\/product_cat?post=11296"},{"taxonomy":"product_tag","embeddable":true,"href":"https:\/\/wijnhuis-mana.nl\/fr\/wp-json\/wp\/v2\/product_tag?post=11296"}],"curies":[{"name":"wp","href":"https:\/\/api.w.org\/{rel}","templated":true}]}}