{"id":11344,"date":"2025-02-16T14:29:39","date_gmt":"2025-02-16T13:29:39","guid":{"rendered":"https:\/\/wijnhuis-mana.nl\/?post_type=product&#038;p=11344"},"modified":"2026-03-08T17:53:43","modified_gmt":"2026-03-08T16:53:43","slug":"pio-cesare-barbaresco-docg-2019","status":"publish","type":"product","link":"https:\/\/wijnhuis-mana.nl\/fr\/product\/pio-cesare-barbaresco-docg-2019\/","title":{"rendered":"Pio Cesare Barbaresco DOCG 2019"},"content":{"rendered":"<h3>Algemene informatie<\/h3>\n<p>Pio Cesare&#8217;s Barbaresco DOCG 2019 wordt zorgvuldig geproduceerd in de schilderachtige regio Pi\u00ebmont in Itali\u00eb, bekend om zijn nobele wijnen. De wijn is gemaakt van 100% Nebbiolo druiven, die handmatig worden geoogst van de kalkhoudende kleigronden die typerend zijn voor deze streek. Na de oogst ondergaan de druiven een zorgvuldige fermentatie en rijpen ze in eikenhouten vaten, wat de wijn complexiteit en structuur geeft.<\/p>\n<h3>Smaakprofiel<\/h3>\n<p>De Pio Cesare Barbaresco 2019 heeft een dieprode kleur met tinten van granaat. In de neus onthult het aroma&#8217;s van rijpe kersen, zwarte bessen, met subtiele hints van vanille en toast. De smaak is vol en robuust, met een elegante structuur en tannines die goed in balans zijn met de fruitige tonen, leidend tot een lange en aangename afdronk.<\/p>\n<h3>Serveeradvies<\/h3>\n<p>De ideale serveertemperatuur voor deze Barbaresco ligt tussen 18-20\u00b0C. Dit type wijn gaat uitstekend samen met rijke gerechten zoals truffelpasta, gegrild vlees en rijpe kazen. Het is ook een perfecte begeleider bij een feestelijke gelegenheid of een fijn diner.<\/p>\n<ul>\n<li>Rijke pasta gerechten<\/li>\n<li>Gegrild rood vlees<\/li>\n<li>Rijpe harde kazen<\/li>\n<\/ul>\n<h3>Weetje<\/h3>\n<p>Pio Cesare is een van de oudste wijnhuizen in Pi\u00ebmont en staat bekend om zijn traditionele benadering van wijnmaken. Dit heeft ervoor gezorgd dat hun wijnen worden gezien als enkele van de meest representatieve voorbeelden van klassieke Pi\u00ebmontese wijn.<\/p>\n","protected":false},"excerpt":{"rendered":"<p>Ontdek de elegantie van Pio Cesare&#8217;s Barbaresco DOCG 2019; een rijke expressie van Nebbiolo druiven uit Pi\u00ebmont, Itali\u00eb. Geniet van de harmonieuze blend van rijp fruit en verfijnde eikenhout tonen.<\/p>\n<p>\nVivino score:<\/p>\n<div class=\"vivino-widget vivino-wine-card-widget\" data-vivino-widget-type=\"wineWithoutVintage\" data-vivino-wine-id=\"22551\" data-make-vivino-redirect=\"true\" data-vivino-widget-language=\"en\" data-vivino-widget-layout=\"small_new\">\n  <a target=\"_blank\">Wine name<\/a>\n<\/div>\n","protected":false},"featured_media":13456,"comment_status":"open","ping_status":"closed","template":"","meta":[],"product_brand":[],"product_cat":[2888,2899,2889],"product_tag":[152,201,136],"class_list":{"0":"post-11344","1":"product","2":"type-product","3":"status-publish","4":"has-post-thumbnail","6":"product_cat-alle-wijn","7":"product_cat-italiaanse-wijn","8":"product_cat-rode-wijn","9":"product_tag-amber-wijn","10":"product_tag-biologisch","11":"product_tag-rode-wijn","13":"first","14":"instock","15":"taxable","16":"shipping-taxable","17":"purchasable","18":"product-type-simple"},"yoast_head":"<!-- This site is optimized with the Yoast SEO Premium plugin v27.3 (Yoast SEO v27.3) - https:\/\/yoast.com\/product\/yoast-seo-premium-wordpress\/ -->\n<title>Koop Pio Cesare Barbaresco DOCG 2019 | Premium Italiaanse Rode Wijn<\/title>\n<meta name=\"description\" content=\"Beleef de finesse van Pio Cesare Barbaresco DOCG 2019. Deze luxe rode wijn, rijk aan smaken en gemaakt van de beste Nebbiolo druiven, is nu beschikbaar. Perfect voor speciale gelegenheden.\" \/>\n<meta name=\"robots\" content=\"index, follow, max-snippet:-1, max-image-preview:large, max-video-preview:-1\" \/>\n<link rel=\"canonical\" href=\"https:\/\/wijnhuis-mana.nl\/fr\/product\/pio-cesare-barbaresco-docg-2019\/\" \/>\n<meta property=\"og:locale\" content=\"fr_FR\" \/>\n<meta property=\"og:type\" content=\"article\" \/>\n<meta property=\"og:title\" content=\"Pio Cesare Barbaresco DOCG 2019\" \/>\n<meta property=\"og:description\" content=\"Beleef de finesse van Pio Cesare Barbaresco DOCG 2019. Deze luxe rode wijn, rijk aan smaken en gemaakt van de beste Nebbiolo druiven, is nu beschikbaar. Perfect voor speciale gelegenheden.\" \/>\n<meta property=\"og:url\" content=\"https:\/\/wijnhuis-mana.nl\/fr\/product\/pio-cesare-barbaresco-docg-2019\/\" \/>\n<meta property=\"og:site_name\" content=\"Wijnhuis-Mana.nl\" \/>\n<meta property=\"article:publisher\" content=\"https:\/\/www.facebook.com\/wijnhuismana\" \/>\n<meta property=\"article:modified_time\" content=\"2026-03-08T16:53:43+00:00\" \/>\n<meta property=\"og:image\" content=\"https:\/\/wijnhuis-mana.nl\/wp-content\/uploads\/2025\/04\/Pio-Cesare-Barbaresco-DOCG-2019.jpg\" \/>\n\t<meta property=\"og:image:width\" content=\"800\" \/>\n\t<meta property=\"og:image:height\" content=\"800\" \/>\n\t<meta property=\"og:image:type\" content=\"image\/jpeg\" \/>\n<meta name=\"twitter:card\" content=\"summary_large_image\" \/>\n<meta name=\"twitter:label1\" content=\"Price\" \/>\n\t<meta name=\"twitter:data1\" content=\"&euro;&nbsp;89,95\" \/>\n\t<meta name=\"twitter:label2\" content=\"Availability\" \/>\n\t<meta name=\"twitter:data2\" content=\"In stock\" \/>\n<script type=\"application\/ld+json\" class=\"yoast-schema-graph\">{\"@context\":\"https:\\\/\\\/schema.org\",\"@graph\":[{\"@type\":\"WebPage\",\"@id\":\"https:\\\/\\\/wijnhuis-mana.nl\\\/fr\\\/product\\\/pio-cesare-barbaresco-docg-2019\\\/\",\"url\":\"https:\\\/\\\/wijnhuis-mana.nl\\\/fr\\\/product\\\/pio-cesare-barbaresco-docg-2019\\\/\",\"name\":\"Koop Pio Cesare Barbaresco DOCG 2019 | Premium Italiaanse Rode Wijn\",\"isPartOf\":{\"@id\":\"https:\\\/\\\/wijnhuis-mana.nl\\\/fr\\\/#website\"},\"primaryImageOfPage\":{\"@id\":\"https:\\\/\\\/wijnhuis-mana.nl\\\/fr\\\/product\\\/pio-cesare-barbaresco-docg-2019\\\/#primaryimage\"},\"image\":{\"@id\":\"https:\\\/\\\/wijnhuis-mana.nl\\\/fr\\\/product\\\/pio-cesare-barbaresco-docg-2019\\\/#primaryimage\"},\"thumbnailUrl\":\"https:\\\/\\\/wijnhuis-mana.nl\\\/wp-content\\\/uploads\\\/2025\\\/04\\\/Pio-Cesare-Barbaresco-DOCG-2019.jpg\",\"datePublished\":\"2025-02-16T13:29:39+00:00\",\"dateModified\":\"2026-03-08T16:53:43+00:00\",\"description\":\"Beleef de finesse van Pio Cesare Barbaresco DOCG 2019. Deze luxe rode wijn, rijk aan smaken en gemaakt van de beste Nebbiolo druiven, is nu beschikbaar. Perfect voor speciale gelegenheden.\",\"breadcrumb\":{\"@id\":\"https:\\\/\\\/wijnhuis-mana.nl\\\/fr\\\/product\\\/pio-cesare-barbaresco-docg-2019\\\/#breadcrumb\"},\"inLanguage\":\"fr-FR\",\"potentialAction\":[{\"@type\":\"ReadAction\",\"target\":[\"https:\\\/\\\/wijnhuis-mana.nl\\\/fr\\\/product\\\/pio-cesare-barbaresco-docg-2019\\\/\"]}]},{\"@type\":\"ImageObject\",\"inLanguage\":\"fr-FR\",\"@id\":\"https:\\\/\\\/wijnhuis-mana.nl\\\/fr\\\/product\\\/pio-cesare-barbaresco-docg-2019\\\/#primaryimage\",\"url\":\"https:\\\/\\\/wijnhuis-mana.nl\\\/wp-content\\\/uploads\\\/2025\\\/04\\\/Pio-Cesare-Barbaresco-DOCG-2019.jpg\",\"contentUrl\":\"https:\\\/\\\/wijnhuis-mana.nl\\\/wp-content\\\/uploads\\\/2025\\\/04\\\/Pio-Cesare-Barbaresco-DOCG-2019.jpg\",\"width\":800,\"height\":800,\"caption\":\"Beleef de finesse van Pio Cesare Barbaresco DOCG 2019. Deze luxe rode wijn, rijk aan smaken en gemaakt van de beste Nebbiolo druiven, is nu beschikbaar. Perfect voor speciale gelegenheden.\"},{\"@type\":\"BreadcrumbList\",\"@id\":\"https:\\\/\\\/wijnhuis-mana.nl\\\/fr\\\/product\\\/pio-cesare-barbaresco-docg-2019\\\/#breadcrumb\",\"itemListElement\":[{\"@type\":\"ListItem\",\"position\":1,\"name\":\"Home\",\"item\":\"https:\\\/\\\/wijnhuis-mana.nl\\\/fr\\\/\"},{\"@type\":\"ListItem\",\"position\":2,\"name\":\"Boutique\",\"item\":\"https:\\\/\\\/wijnhuis-mana.nl\\\/fr\\\/boutique\\\/\"},{\"@type\":\"ListItem\",\"position\":3,\"name\":\"Pio Cesare Barbaresco DOCG 2019\"}]},{\"@type\":\"WebSite\",\"@id\":\"https:\\\/\\\/wijnhuis-mana.nl\\\/fr\\\/#website\",\"url\":\"https:\\\/\\\/wijnhuis-mana.nl\\\/fr\\\/\",\"name\":\"Wijnhuis-Mana.nl\",\"description\":\"Wijn v\u00e1n liefhebbers, v\u00f3\u00f3r liefhebbers\",\"publisher\":{\"@id\":\"https:\\\/\\\/wijnhuis-mana.nl\\\/fr\\\/#organization\"},\"potentialAction\":[{\"@type\":\"SearchAction\",\"target\":{\"@type\":\"EntryPoint\",\"urlTemplate\":\"https:\\\/\\\/wijnhuis-mana.nl\\\/fr\\\/?s={search_term_string}\"},\"query-input\":{\"@type\":\"PropertyValueSpecification\",\"valueRequired\":true,\"valueName\":\"search_term_string\"}}],\"inLanguage\":\"fr-FR\"},{\"@type\":[\"Organization\",\"Place\"],\"@id\":\"https:\\\/\\\/wijnhuis-mana.nl\\\/fr\\\/#organization\",\"name\":\"Wijnhuis-Mana.nl\",\"url\":\"https:\\\/\\\/wijnhuis-mana.nl\\\/fr\\\/\",\"logo\":{\"@id\":\"https:\\\/\\\/wijnhuis-mana.nl\\\/fr\\\/product\\\/pio-cesare-barbaresco-docg-2019\\\/#local-main-organization-logo\"},\"image\":{\"@id\":\"https:\\\/\\\/wijnhuis-mana.nl\\\/fr\\\/product\\\/pio-cesare-barbaresco-docg-2019\\\/#local-main-organization-logo\"},\"sameAs\":[\"https:\\\/\\\/www.facebook.com\\\/wijnhuismana\",\"https:\\\/\\\/www.instagram.com\\\/ghvino.nl\"],\"hasMerchantReturnPolicy\":{\"@type\":\"MerchantReturnPolicy\",\"merchantReturnLink\":\"https:\\\/\\\/wijnhuis-mana.nl\\\/algemene-voorwaarden\\\/\"},\"address\":{\"@id\":\"https:\\\/\\\/wijnhuis-mana.nl\\\/fr\\\/product\\\/pio-cesare-barbaresco-docg-2019\\\/#local-main-place-address\"},\"telephone\":[\"0299-769018\"],\"openingHoursSpecification\":[{\"@type\":\"OpeningHoursSpecification\",\"dayOfWeek\":[\"Monday\",\"Sunday\"],\"opens\":\"00:00\",\"closes\":\"00:00\"},{\"@type\":\"OpeningHoursSpecification\",\"dayOfWeek\":[\"Tuesday\"],\"opens\":\"10:00\",\"closes\":\"18:00\"},{\"@type\":\"OpeningHoursSpecification\",\"dayOfWeek\":[\"Wednesday\",\"Thursday\",\"Saturday\"],\"opens\":\"11:00\",\"closes\":\"18:00\"},{\"@type\":\"OpeningHoursSpecification\",\"dayOfWeek\":[\"Friday\"],\"opens\":\"11:00\",\"closes\":\"21:00\"}],\"email\":\"info@wijnhuis-mana.nl\",\"areaServed\":\"Nederland\",\"vatID\":\"NL58KNAB0255573782\",\"taxID\":\"NL58KNAB0255573782\"},{\"@type\":\"PostalAddress\",\"@id\":\"https:\\\/\\\/wijnhuis-mana.nl\\\/fr\\\/product\\\/pio-cesare-barbaresco-docg-2019\\\/#local-main-place-address\",\"streetAddress\":\"Weerwal 11\",\"addressLocality\":\"Purmerend\",\"postalCode\":\"1441 AL\",\"addressRegion\":\"Noord-Holland\",\"addressCountry\":\"NL\"},{\"@type\":\"ImageObject\",\"inLanguage\":\"fr-FR\",\"@id\":\"https:\\\/\\\/wijnhuis-mana.nl\\\/fr\\\/product\\\/pio-cesare-barbaresco-docg-2019\\\/#local-main-organization-logo\",\"url\":\"https:\\\/\\\/wijnhuis-mana.nl\\\/wp-content\\\/uploads\\\/2022\\\/01\\\/Logo_Wijnhuis-Mana_Kleur.jpg\",\"contentUrl\":\"https:\\\/\\\/wijnhuis-mana.nl\\\/wp-content\\\/uploads\\\/2022\\\/01\\\/Logo_Wijnhuis-Mana_Kleur.jpg\",\"width\":400,\"height\":111,\"caption\":\"Wijnhuis-Mana.nl\"}]}<\/script>\n<meta property=\"product:price:amount\" content=\"89.95\" \/>\n<meta property=\"product:price:currency\" content=\"EUR\" \/>\n<meta property=\"og:availability\" content=\"instock\" \/>\n<meta property=\"product:availability\" content=\"instock\" \/>\n<meta property=\"product:retailer_item_id\" content=\"8014629031910\" \/>\n<meta property=\"product:condition\" content=\"new\" \/>\n<meta name=\"geo.placename\" content=\"Purmerend\" \/>\n<meta name=\"geo.region\" content=\"Netherlands\" \/>\n<!-- \/ Yoast SEO Premium plugin. -->","yoast_head_json":{"title":"Koop Pio Cesare Barbaresco DOCG 2019 | Premium Italiaanse Rode Wijn","description":"Beleef de finesse van Pio Cesare Barbaresco DOCG 2019. Deze luxe rode wijn, rijk aan smaken en gemaakt van de beste Nebbiolo druiven, is nu beschikbaar. Perfect voor speciale gelegenheden.","robots":{"index":"index","follow":"follow","max-snippet":"max-snippet:-1","max-image-preview":"max-image-preview:large","max-video-preview":"max-video-preview:-1"},"canonical":"https:\/\/wijnhuis-mana.nl\/fr\/product\/pio-cesare-barbaresco-docg-2019\/","og_locale":"fr_FR","og_type":"article","og_title":"Pio Cesare Barbaresco DOCG 2019","og_description":"Beleef de finesse van Pio Cesare Barbaresco DOCG 2019. Deze luxe rode wijn, rijk aan smaken en gemaakt van de beste Nebbiolo druiven, is nu beschikbaar. Perfect voor speciale gelegenheden.","og_url":"https:\/\/wijnhuis-mana.nl\/fr\/product\/pio-cesare-barbaresco-docg-2019\/","og_site_name":"Wijnhuis-Mana.nl","article_publisher":"https:\/\/www.facebook.com\/wijnhuismana","article_modified_time":"2026-03-08T16:53:43+00:00","og_image":[{"width":800,"height":800,"url":"https:\/\/wijnhuis-mana.nl\/wp-content\/uploads\/2025\/04\/Pio-Cesare-Barbaresco-DOCG-2019.jpg","type":"image\/jpeg"}],"twitter_card":"summary_large_image","twitter_misc":{"Price":"&euro;&nbsp;89,95","Availability":"In stock"},"schema":{"@context":"https:\/\/schema.org","@graph":[{"@type":"WebPage","@id":"https:\/\/wijnhuis-mana.nl\/fr\/product\/pio-cesare-barbaresco-docg-2019\/","url":"https:\/\/wijnhuis-mana.nl\/fr\/product\/pio-cesare-barbaresco-docg-2019\/","name":"Koop Pio Cesare Barbaresco DOCG 2019 | Premium Italiaanse Rode Wijn","isPartOf":{"@id":"https:\/\/wijnhuis-mana.nl\/fr\/#website"},"primaryImageOfPage":{"@id":"https:\/\/wijnhuis-mana.nl\/fr\/product\/pio-cesare-barbaresco-docg-2019\/#primaryimage"},"image":{"@id":"https:\/\/wijnhuis-mana.nl\/fr\/product\/pio-cesare-barbaresco-docg-2019\/#primaryimage"},"thumbnailUrl":"https:\/\/wijnhuis-mana.nl\/wp-content\/uploads\/2025\/04\/Pio-Cesare-Barbaresco-DOCG-2019.jpg","datePublished":"2025-02-16T13:29:39+00:00","dateModified":"2026-03-08T16:53:43+00:00","description":"Beleef de finesse van Pio Cesare Barbaresco DOCG 2019. Deze luxe rode wijn, rijk aan smaken en gemaakt van de beste Nebbiolo druiven, is nu beschikbaar. Perfect voor speciale gelegenheden.","breadcrumb":{"@id":"https:\/\/wijnhuis-mana.nl\/fr\/product\/pio-cesare-barbaresco-docg-2019\/#breadcrumb"},"inLanguage":"fr-FR","potentialAction":[{"@type":"ReadAction","target":["https:\/\/wijnhuis-mana.nl\/fr\/product\/pio-cesare-barbaresco-docg-2019\/"]}]},{"@type":"ImageObject","inLanguage":"fr-FR","@id":"https:\/\/wijnhuis-mana.nl\/fr\/product\/pio-cesare-barbaresco-docg-2019\/#primaryimage","url":"https:\/\/wijnhuis-mana.nl\/wp-content\/uploads\/2025\/04\/Pio-Cesare-Barbaresco-DOCG-2019.jpg","contentUrl":"https:\/\/wijnhuis-mana.nl\/wp-content\/uploads\/2025\/04\/Pio-Cesare-Barbaresco-DOCG-2019.jpg","width":800,"height":800,"caption":"Beleef de finesse van Pio Cesare Barbaresco DOCG 2019. Deze luxe rode wijn, rijk aan smaken en gemaakt van de beste Nebbiolo druiven, is nu beschikbaar. Perfect voor speciale gelegenheden."},{"@type":"BreadcrumbList","@id":"https:\/\/wijnhuis-mana.nl\/fr\/product\/pio-cesare-barbaresco-docg-2019\/#breadcrumb","itemListElement":[{"@type":"ListItem","position":1,"name":"Home","item":"https:\/\/wijnhuis-mana.nl\/fr\/"},{"@type":"ListItem","position":2,"name":"Boutique","item":"https:\/\/wijnhuis-mana.nl\/fr\/boutique\/"},{"@type":"ListItem","position":3,"name":"Pio Cesare Barbaresco DOCG 2019"}]},{"@type":"WebSite","@id":"https:\/\/wijnhuis-mana.nl\/fr\/#website","url":"https:\/\/wijnhuis-mana.nl\/fr\/","name":"Wijnhuis-Mana.nl","description":"Wijn v\u00e1n liefhebbers, v\u00f3\u00f3r liefhebbers","publisher":{"@id":"https:\/\/wijnhuis-mana.nl\/fr\/#organization"},"potentialAction":[{"@type":"SearchAction","target":{"@type":"EntryPoint","urlTemplate":"https:\/\/wijnhuis-mana.nl\/fr\/?s={search_term_string}"},"query-input":{"@type":"PropertyValueSpecification","valueRequired":true,"valueName":"search_term_string"}}],"inLanguage":"fr-FR"},{"@type":["Organization","Place"],"@id":"https:\/\/wijnhuis-mana.nl\/fr\/#organization","name":"Wijnhuis-Mana.nl","url":"https:\/\/wijnhuis-mana.nl\/fr\/","logo":{"@id":"https:\/\/wijnhuis-mana.nl\/fr\/product\/pio-cesare-barbaresco-docg-2019\/#local-main-organization-logo"},"image":{"@id":"https:\/\/wijnhuis-mana.nl\/fr\/product\/pio-cesare-barbaresco-docg-2019\/#local-main-organization-logo"},"sameAs":["https:\/\/www.facebook.com\/wijnhuismana","https:\/\/www.instagram.com\/ghvino.nl"],"hasMerchantReturnPolicy":{"@type":"MerchantReturnPolicy","merchantReturnLink":"https:\/\/wijnhuis-mana.nl\/algemene-voorwaarden\/"},"address":{"@id":"https:\/\/wijnhuis-mana.nl\/fr\/product\/pio-cesare-barbaresco-docg-2019\/#local-main-place-address"},"telephone":["0299-769018"],"openingHoursSpecification":[{"@type":"OpeningHoursSpecification","dayOfWeek":["Monday","Sunday"],"opens":"00:00","closes":"00:00"},{"@type":"OpeningHoursSpecification","dayOfWeek":["Tuesday"],"opens":"10:00","closes":"18:00"},{"@type":"OpeningHoursSpecification","dayOfWeek":["Wednesday","Thursday","Saturday"],"opens":"11:00","closes":"18:00"},{"@type":"OpeningHoursSpecification","dayOfWeek":["Friday"],"opens":"11:00","closes":"21:00"}],"email":"info@wijnhuis-mana.nl","areaServed":"Nederland","vatID":"NL58KNAB0255573782","taxID":"NL58KNAB0255573782"},{"@type":"PostalAddress","@id":"https:\/\/wijnhuis-mana.nl\/fr\/product\/pio-cesare-barbaresco-docg-2019\/#local-main-place-address","streetAddress":"Weerwal 11","addressLocality":"Purmerend","postalCode":"1441 AL","addressRegion":"Noord-Holland","addressCountry":"NL"},{"@type":"ImageObject","inLanguage":"fr-FR","@id":"https:\/\/wijnhuis-mana.nl\/fr\/product\/pio-cesare-barbaresco-docg-2019\/#local-main-organization-logo","url":"https:\/\/wijnhuis-mana.nl\/wp-content\/uploads\/2022\/01\/Logo_Wijnhuis-Mana_Kleur.jpg","contentUrl":"https:\/\/wijnhuis-mana.nl\/wp-content\/uploads\/2022\/01\/Logo_Wijnhuis-Mana_Kleur.jpg","width":400,"height":111,"caption":"Wijnhuis-Mana.nl"}]},"product_price_amount":"89.95","product_price_currency":"EUR","og_availability":"instock","product_availability":"instock","product_retailer_item_id":"8014629031910","product_condition":"new","geo.placename":"Purmerend","geo.region":"Netherlands"},"post_mailing_queue_ids":[],"_links":{"self":[{"href":"https:\/\/wijnhuis-mana.nl\/fr\/wp-json\/wp\/v2\/product\/11344","targetHints":{"allow":["GET"]}}],"collection":[{"href":"https:\/\/wijnhuis-mana.nl\/fr\/wp-json\/wp\/v2\/product"}],"about":[{"href":"https:\/\/wijnhuis-mana.nl\/fr\/wp-json\/wp\/v2\/types\/product"}],"replies":[{"embeddable":true,"href":"https:\/\/wijnhuis-mana.nl\/fr\/wp-json\/wp\/v2\/comments?post=11344"}],"wp:featuredmedia":[{"embeddable":true,"href":"https:\/\/wijnhuis-mana.nl\/fr\/wp-json\/wp\/v2\/media\/13456"}],"wp:attachment":[{"href":"https:\/\/wijnhuis-mana.nl\/fr\/wp-json\/wp\/v2\/media?parent=11344"}],"wp:term":[{"taxonomy":"product_brand","embeddable":true,"href":"https:\/\/wijnhuis-mana.nl\/fr\/wp-json\/wp\/v2\/product_brand?post=11344"},{"taxonomy":"product_cat","embeddable":true,"href":"https:\/\/wijnhuis-mana.nl\/fr\/wp-json\/wp\/v2\/product_cat?post=11344"},{"taxonomy":"product_tag","embeddable":true,"href":"https:\/\/wijnhuis-mana.nl\/fr\/wp-json\/wp\/v2\/product_tag?post=11344"}],"curies":[{"name":"wp","href":"https:\/\/api.w.org\/{rel}","templated":true}]}}