{"id":11866,"date":"2025-03-26T15:45:43","date_gmt":"2025-03-26T14:45:43","guid":{"rendered":"https:\/\/wijnhuis-mana.nl\/?post_type=product&#038;p=11866"},"modified":"2026-04-04T12:52:44","modified_gmt":"2026-04-04T10:52:44","slug":"vendome-mademoiselle-classic-alcohol-vrije-wijn","status":"publish","type":"product","link":"https:\/\/wijnhuis-mana.nl\/fr\/product\/vendome-mademoiselle-classic-alcohol-vrije-wijn\/","title":{"rendered":"Vend\u00f4me Mademoiselle Classic Alcohol Vrije Wijn"},"content":{"rendered":"<h3>Algemene informatie<\/h3>\n<p>De Vendome Mademoiselle Classic Alcohol Vrije Wijn is een sublieme keuze voor degenen die genieten van de verfijnde smaken van traditionele wijnen maar zonder de alcohol. Deze wijn wordt gemaakt door middel van een zorgvuldig proces waarbij de alcohol wordt verwijderd terwijl het rijke aroma en de volle smaak van de wijn behouden blijven.<\/p>\n<h3>Smaakprofiel<\/h3>\n<p>Deze alcoholvrije wijn kenmerkt zich door een heldere, fruitige smaak met een lichte en verfrissende afdronk. Perfect voor een zomerse dag of een speciale gelegenheid waarbij u liever geen alcohol nuttigt.<\/p>\n<h3>Serveeradvies<\/h3>\n<p>De ideale serveertemperatuur voor de Vendome Mademoiselle Classic Alcohol Vrije Wijn ligt tussen de 6-8 graden Celsius. Combineer het met lichte salades, zachte kazen of fruitdesserts voor de beste ervaring.<\/p>\n<ul>\n<li>Als aperitief<\/li>\n<li>Tijdens een brunch<\/li>\n<li>Met een frisse salade<\/li>\n<\/ul>\n<h3>Weetje<\/h3>\n<p>Wist u dat de productiemethode om de alcohol uit wijn te verwijderen zeer nauwkeurig is? Dit zorgt ervoor dat u kunt genieten van de volledige smaak van wijn, zonder de nadelen van alcohol.<\/p>\n","protected":false},"excerpt":{"rendered":"<p>Proef de elegante Vendome Mademoiselle Classic Alcohol Vrije Wijn, perfect voor wie de voorkeur geeft aan verfrissende, fruitige smaken zonder alcohol. Ideaal als aperitief of bij uw favoriete dessert.<\/p>\n<p>\nVivino score:<\/p>\n<div class=\"vivino-widget vivino-wine-card-widget\" data-vivino-widget-type=\"wineWithoutVintage\" data-vivino-wine-id=\"3933078\" data-make-vivino-redirect=\"true\" data-vivino-widget-language=\"en\" data-vivino-widget-layout=\"small_new\">\n  <a target=\"_blank\">Wine name<\/a>\n<\/div>\n","protected":false},"featured_media":13224,"comment_status":"open","ping_status":"closed","template":"","meta":[],"product_brand":[],"product_cat":[2888,2898,2892],"product_tag":[915,148,191,147],"class_list":{"0":"post-11866","1":"product","2":"type-product","3":"status-publish","4":"has-post-thumbnail","6":"product_cat-alle-wijn","7":"product_cat-franse-wijn","8":"product_cat-mousserende-wijn","9":"product_tag-alcohol-vrij","10":"product_tag-rose-wijn","11":"product_tag-semi-droge","12":"product_tag-semi-zoete-wijn","14":"first","15":"instock","16":"taxable","17":"shipping-taxable","18":"purchasable","19":"product-type-simple"},"yoast_head":"<!-- This site is optimized with the Yoast SEO Premium plugin v27.3 (Yoast SEO v27.3) - https:\/\/yoast.com\/product\/yoast-seo-premium-wordpress\/ -->\n<title>Vendome Mademoiselle Classic Alcohol Vrije Wijn - Geniet Zonder Alcohol<\/title>\n<meta name=\"description\" content=\"Ontdek de verfijnde smaak van Vendome Mademoiselle Classic Alcohol Vrije Wijn. Perfect voor speciale gelegenheden zonder alcohol. Verfrissend en fruitig.\" \/>\n<meta name=\"robots\" content=\"index, follow, max-snippet:-1, max-image-preview:large, max-video-preview:-1\" \/>\n<link rel=\"canonical\" href=\"https:\/\/wijnhuis-mana.nl\/fr\/product\/vendome-mademoiselle-classic-alcohol-vrije-wijn\/\" \/>\n<meta property=\"og:locale\" content=\"fr_FR\" \/>\n<meta property=\"og:type\" content=\"article\" \/>\n<meta property=\"og:title\" content=\"Vend\u00f4me Mademoiselle Classic Alcohol Vrije Wijn\" \/>\n<meta property=\"og:description\" content=\"Ontdek de verfijnde smaak van Vendome Mademoiselle Classic Alcohol Vrije Wijn. Perfect voor speciale gelegenheden zonder alcohol. Verfrissend en fruitig.\" \/>\n<meta property=\"og:url\" content=\"https:\/\/wijnhuis-mana.nl\/fr\/product\/vendome-mademoiselle-classic-alcohol-vrije-wijn\/\" \/>\n<meta property=\"og:site_name\" content=\"Wijnhuis-Mana.nl\" \/>\n<meta property=\"article:publisher\" content=\"https:\/\/www.facebook.com\/wijnhuismana\" \/>\n<meta property=\"article:modified_time\" content=\"2026-04-04T10:52:44+00:00\" \/>\n<meta property=\"og:image\" content=\"https:\/\/wijnhuis-mana.nl\/wp-content\/uploads\/2025\/04\/Vendome-Mademoiselle-Classic-Alcohol-Vrije-Wijn.jpg\" \/>\n\t<meta property=\"og:image:width\" content=\"800\" \/>\n\t<meta property=\"og:image:height\" content=\"800\" \/>\n\t<meta property=\"og:image:type\" content=\"image\/jpeg\" \/>\n<meta name=\"twitter:card\" content=\"summary_large_image\" \/>\n<meta name=\"twitter:label1\" content=\"Price\" \/>\n\t<meta name=\"twitter:data1\" content=\"&euro;&nbsp;9,69\" \/>\n\t<meta name=\"twitter:label2\" content=\"Availability\" \/>\n\t<meta name=\"twitter:data2\" content=\"In stock\" \/>\n<script type=\"application\/ld+json\" class=\"yoast-schema-graph\">{\"@context\":\"https:\\\/\\\/schema.org\",\"@graph\":[{\"@type\":\"WebPage\",\"@id\":\"https:\\\/\\\/wijnhuis-mana.nl\\\/fr\\\/product\\\/vendome-mademoiselle-classic-alcohol-vrije-wijn\\\/\",\"url\":\"https:\\\/\\\/wijnhuis-mana.nl\\\/fr\\\/product\\\/vendome-mademoiselle-classic-alcohol-vrije-wijn\\\/\",\"name\":\"Vendome Mademoiselle Classic Alcohol Vrije Wijn - Geniet Zonder Alcohol\",\"isPartOf\":{\"@id\":\"https:\\\/\\\/wijnhuis-mana.nl\\\/fr\\\/#website\"},\"primaryImageOfPage\":{\"@id\":\"https:\\\/\\\/wijnhuis-mana.nl\\\/fr\\\/product\\\/vendome-mademoiselle-classic-alcohol-vrije-wijn\\\/#primaryimage\"},\"image\":{\"@id\":\"https:\\\/\\\/wijnhuis-mana.nl\\\/fr\\\/product\\\/vendome-mademoiselle-classic-alcohol-vrije-wijn\\\/#primaryimage\"},\"thumbnailUrl\":\"https:\\\/\\\/wijnhuis-mana.nl\\\/wp-content\\\/uploads\\\/2025\\\/04\\\/Vendome-Mademoiselle-Classic-Alcohol-Vrije-Wijn.jpg\",\"datePublished\":\"2025-03-26T14:45:43+00:00\",\"dateModified\":\"2026-04-04T10:52:44+00:00\",\"description\":\"Ontdek de verfijnde smaak van Vendome Mademoiselle Classic Alcohol Vrije Wijn. Perfect voor speciale gelegenheden zonder alcohol. Verfrissend en fruitig.\",\"breadcrumb\":{\"@id\":\"https:\\\/\\\/wijnhuis-mana.nl\\\/fr\\\/product\\\/vendome-mademoiselle-classic-alcohol-vrije-wijn\\\/#breadcrumb\"},\"inLanguage\":\"fr-FR\",\"potentialAction\":[{\"@type\":\"ReadAction\",\"target\":[\"https:\\\/\\\/wijnhuis-mana.nl\\\/fr\\\/product\\\/vendome-mademoiselle-classic-alcohol-vrije-wijn\\\/\"]}]},{\"@type\":\"ImageObject\",\"inLanguage\":\"fr-FR\",\"@id\":\"https:\\\/\\\/wijnhuis-mana.nl\\\/fr\\\/product\\\/vendome-mademoiselle-classic-alcohol-vrije-wijn\\\/#primaryimage\",\"url\":\"https:\\\/\\\/wijnhuis-mana.nl\\\/wp-content\\\/uploads\\\/2025\\\/04\\\/Vendome-Mademoiselle-Classic-Alcohol-Vrije-Wijn.jpg\",\"contentUrl\":\"https:\\\/\\\/wijnhuis-mana.nl\\\/wp-content\\\/uploads\\\/2025\\\/04\\\/Vendome-Mademoiselle-Classic-Alcohol-Vrije-Wijn.jpg\",\"width\":800,\"height\":800,\"caption\":\"Ontdek de verfijnde smaak van Vendome Mademoiselle Classic Alcohol Vrije Wijn. Perfect voor speciale gelegenheden zonder alcohol. Verfrissend en fruitig.\"},{\"@type\":\"BreadcrumbList\",\"@id\":\"https:\\\/\\\/wijnhuis-mana.nl\\\/fr\\\/product\\\/vendome-mademoiselle-classic-alcohol-vrije-wijn\\\/#breadcrumb\",\"itemListElement\":[{\"@type\":\"ListItem\",\"position\":1,\"name\":\"Home\",\"item\":\"https:\\\/\\\/wijnhuis-mana.nl\\\/fr\\\/\"},{\"@type\":\"ListItem\",\"position\":2,\"name\":\"Boutique\",\"item\":\"https:\\\/\\\/wijnhuis-mana.nl\\\/fr\\\/boutique\\\/\"},{\"@type\":\"ListItem\",\"position\":3,\"name\":\"Vend\u00f4me Mademoiselle Classic Alcohol Vrije Wijn\"}]},{\"@type\":\"WebSite\",\"@id\":\"https:\\\/\\\/wijnhuis-mana.nl\\\/fr\\\/#website\",\"url\":\"https:\\\/\\\/wijnhuis-mana.nl\\\/fr\\\/\",\"name\":\"Wijnhuis-Mana.nl\",\"description\":\"Wijn v\u00e1n liefhebbers, v\u00f3\u00f3r liefhebbers\",\"publisher\":{\"@id\":\"https:\\\/\\\/wijnhuis-mana.nl\\\/fr\\\/#organization\"},\"potentialAction\":[{\"@type\":\"SearchAction\",\"target\":{\"@type\":\"EntryPoint\",\"urlTemplate\":\"https:\\\/\\\/wijnhuis-mana.nl\\\/fr\\\/?s={search_term_string}\"},\"query-input\":{\"@type\":\"PropertyValueSpecification\",\"valueRequired\":true,\"valueName\":\"search_term_string\"}}],\"inLanguage\":\"fr-FR\"},{\"@type\":[\"Organization\",\"Place\"],\"@id\":\"https:\\\/\\\/wijnhuis-mana.nl\\\/fr\\\/#organization\",\"name\":\"Wijnhuis-Mana.nl\",\"url\":\"https:\\\/\\\/wijnhuis-mana.nl\\\/fr\\\/\",\"logo\":{\"@id\":\"https:\\\/\\\/wijnhuis-mana.nl\\\/fr\\\/product\\\/vendome-mademoiselle-classic-alcohol-vrije-wijn\\\/#local-main-organization-logo\"},\"image\":{\"@id\":\"https:\\\/\\\/wijnhuis-mana.nl\\\/fr\\\/product\\\/vendome-mademoiselle-classic-alcohol-vrije-wijn\\\/#local-main-organization-logo\"},\"sameAs\":[\"https:\\\/\\\/www.facebook.com\\\/wijnhuismana\",\"https:\\\/\\\/www.instagram.com\\\/ghvino.nl\"],\"hasMerchantReturnPolicy\":{\"@type\":\"MerchantReturnPolicy\",\"merchantReturnLink\":\"https:\\\/\\\/wijnhuis-mana.nl\\\/algemene-voorwaarden\\\/\"},\"address\":{\"@id\":\"https:\\\/\\\/wijnhuis-mana.nl\\\/fr\\\/product\\\/vendome-mademoiselle-classic-alcohol-vrije-wijn\\\/#local-main-place-address\"},\"telephone\":[\"0299-769018\"],\"openingHoursSpecification\":[{\"@type\":\"OpeningHoursSpecification\",\"dayOfWeek\":[\"Monday\",\"Sunday\"],\"opens\":\"00:00\",\"closes\":\"00:00\"},{\"@type\":\"OpeningHoursSpecification\",\"dayOfWeek\":[\"Tuesday\"],\"opens\":\"10:00\",\"closes\":\"18:00\"},{\"@type\":\"OpeningHoursSpecification\",\"dayOfWeek\":[\"Wednesday\",\"Thursday\",\"Saturday\"],\"opens\":\"11:00\",\"closes\":\"18:00\"},{\"@type\":\"OpeningHoursSpecification\",\"dayOfWeek\":[\"Friday\"],\"opens\":\"11:00\",\"closes\":\"21:00\"}],\"email\":\"info@wijnhuis-mana.nl\",\"areaServed\":\"Nederland\",\"vatID\":\"NL58KNAB0255573782\",\"taxID\":\"NL58KNAB0255573782\"},{\"@type\":\"PostalAddress\",\"@id\":\"https:\\\/\\\/wijnhuis-mana.nl\\\/fr\\\/product\\\/vendome-mademoiselle-classic-alcohol-vrije-wijn\\\/#local-main-place-address\",\"streetAddress\":\"Weerwal 11\",\"addressLocality\":\"Purmerend\",\"postalCode\":\"1441 AL\",\"addressRegion\":\"Noord-Holland\",\"addressCountry\":\"NL\"},{\"@type\":\"ImageObject\",\"inLanguage\":\"fr-FR\",\"@id\":\"https:\\\/\\\/wijnhuis-mana.nl\\\/fr\\\/product\\\/vendome-mademoiselle-classic-alcohol-vrije-wijn\\\/#local-main-organization-logo\",\"url\":\"https:\\\/\\\/wijnhuis-mana.nl\\\/wp-content\\\/uploads\\\/2022\\\/01\\\/Logo_Wijnhuis-Mana_Kleur.jpg\",\"contentUrl\":\"https:\\\/\\\/wijnhuis-mana.nl\\\/wp-content\\\/uploads\\\/2022\\\/01\\\/Logo_Wijnhuis-Mana_Kleur.jpg\",\"width\":400,\"height\":111,\"caption\":\"Wijnhuis-Mana.nl\"}]}<\/script>\n<meta property=\"product:price:amount\" content=\"9.69\" \/>\n<meta property=\"product:price:currency\" content=\"EUR\" \/>\n<meta property=\"og:availability\" content=\"instock\" \/>\n<meta property=\"product:availability\" content=\"instock\" \/>\n<meta property=\"product:retailer_item_id\" content=\"5425030340493\" \/>\n<meta property=\"product:condition\" content=\"new\" \/>\n<meta name=\"geo.placename\" content=\"Purmerend\" \/>\n<meta name=\"geo.region\" content=\"Netherlands\" \/>\n<!-- \/ Yoast SEO Premium plugin. -->","yoast_head_json":{"title":"Vendome Mademoiselle Classic Alcohol Vrije Wijn - Geniet Zonder Alcohol","description":"Ontdek de verfijnde smaak van Vendome Mademoiselle Classic Alcohol Vrije Wijn. Perfect voor speciale gelegenheden zonder alcohol. Verfrissend en fruitig.","robots":{"index":"index","follow":"follow","max-snippet":"max-snippet:-1","max-image-preview":"max-image-preview:large","max-video-preview":"max-video-preview:-1"},"canonical":"https:\/\/wijnhuis-mana.nl\/fr\/product\/vendome-mademoiselle-classic-alcohol-vrije-wijn\/","og_locale":"fr_FR","og_type":"article","og_title":"Vend\u00f4me Mademoiselle Classic Alcohol Vrije Wijn","og_description":"Ontdek de verfijnde smaak van Vendome Mademoiselle Classic Alcohol Vrije Wijn. Perfect voor speciale gelegenheden zonder alcohol. Verfrissend en fruitig.","og_url":"https:\/\/wijnhuis-mana.nl\/fr\/product\/vendome-mademoiselle-classic-alcohol-vrije-wijn\/","og_site_name":"Wijnhuis-Mana.nl","article_publisher":"https:\/\/www.facebook.com\/wijnhuismana","article_modified_time":"2026-04-04T10:52:44+00:00","og_image":[{"width":800,"height":800,"url":"https:\/\/wijnhuis-mana.nl\/wp-content\/uploads\/2025\/04\/Vendome-Mademoiselle-Classic-Alcohol-Vrije-Wijn.jpg","type":"image\/jpeg"}],"twitter_card":"summary_large_image","twitter_misc":{"Price":"&euro;&nbsp;9,69","Availability":"In stock"},"schema":{"@context":"https:\/\/schema.org","@graph":[{"@type":"WebPage","@id":"https:\/\/wijnhuis-mana.nl\/fr\/product\/vendome-mademoiselle-classic-alcohol-vrije-wijn\/","url":"https:\/\/wijnhuis-mana.nl\/fr\/product\/vendome-mademoiselle-classic-alcohol-vrije-wijn\/","name":"Vendome Mademoiselle Classic Alcohol Vrije Wijn - Geniet Zonder Alcohol","isPartOf":{"@id":"https:\/\/wijnhuis-mana.nl\/fr\/#website"},"primaryImageOfPage":{"@id":"https:\/\/wijnhuis-mana.nl\/fr\/product\/vendome-mademoiselle-classic-alcohol-vrije-wijn\/#primaryimage"},"image":{"@id":"https:\/\/wijnhuis-mana.nl\/fr\/product\/vendome-mademoiselle-classic-alcohol-vrije-wijn\/#primaryimage"},"thumbnailUrl":"https:\/\/wijnhuis-mana.nl\/wp-content\/uploads\/2025\/04\/Vendome-Mademoiselle-Classic-Alcohol-Vrije-Wijn.jpg","datePublished":"2025-03-26T14:45:43+00:00","dateModified":"2026-04-04T10:52:44+00:00","description":"Ontdek de verfijnde smaak van Vendome Mademoiselle Classic Alcohol Vrije Wijn. Perfect voor speciale gelegenheden zonder alcohol. Verfrissend en fruitig.","breadcrumb":{"@id":"https:\/\/wijnhuis-mana.nl\/fr\/product\/vendome-mademoiselle-classic-alcohol-vrije-wijn\/#breadcrumb"},"inLanguage":"fr-FR","potentialAction":[{"@type":"ReadAction","target":["https:\/\/wijnhuis-mana.nl\/fr\/product\/vendome-mademoiselle-classic-alcohol-vrije-wijn\/"]}]},{"@type":"ImageObject","inLanguage":"fr-FR","@id":"https:\/\/wijnhuis-mana.nl\/fr\/product\/vendome-mademoiselle-classic-alcohol-vrije-wijn\/#primaryimage","url":"https:\/\/wijnhuis-mana.nl\/wp-content\/uploads\/2025\/04\/Vendome-Mademoiselle-Classic-Alcohol-Vrije-Wijn.jpg","contentUrl":"https:\/\/wijnhuis-mana.nl\/wp-content\/uploads\/2025\/04\/Vendome-Mademoiselle-Classic-Alcohol-Vrije-Wijn.jpg","width":800,"height":800,"caption":"Ontdek de verfijnde smaak van Vendome Mademoiselle Classic Alcohol Vrije Wijn. Perfect voor speciale gelegenheden zonder alcohol. Verfrissend en fruitig."},{"@type":"BreadcrumbList","@id":"https:\/\/wijnhuis-mana.nl\/fr\/product\/vendome-mademoiselle-classic-alcohol-vrije-wijn\/#breadcrumb","itemListElement":[{"@type":"ListItem","position":1,"name":"Home","item":"https:\/\/wijnhuis-mana.nl\/fr\/"},{"@type":"ListItem","position":2,"name":"Boutique","item":"https:\/\/wijnhuis-mana.nl\/fr\/boutique\/"},{"@type":"ListItem","position":3,"name":"Vend\u00f4me Mademoiselle Classic Alcohol Vrije Wijn"}]},{"@type":"WebSite","@id":"https:\/\/wijnhuis-mana.nl\/fr\/#website","url":"https:\/\/wijnhuis-mana.nl\/fr\/","name":"Wijnhuis-Mana.nl","description":"Wijn v\u00e1n liefhebbers, v\u00f3\u00f3r liefhebbers","publisher":{"@id":"https:\/\/wijnhuis-mana.nl\/fr\/#organization"},"potentialAction":[{"@type":"SearchAction","target":{"@type":"EntryPoint","urlTemplate":"https:\/\/wijnhuis-mana.nl\/fr\/?s={search_term_string}"},"query-input":{"@type":"PropertyValueSpecification","valueRequired":true,"valueName":"search_term_string"}}],"inLanguage":"fr-FR"},{"@type":["Organization","Place"],"@id":"https:\/\/wijnhuis-mana.nl\/fr\/#organization","name":"Wijnhuis-Mana.nl","url":"https:\/\/wijnhuis-mana.nl\/fr\/","logo":{"@id":"https:\/\/wijnhuis-mana.nl\/fr\/product\/vendome-mademoiselle-classic-alcohol-vrije-wijn\/#local-main-organization-logo"},"image":{"@id":"https:\/\/wijnhuis-mana.nl\/fr\/product\/vendome-mademoiselle-classic-alcohol-vrije-wijn\/#local-main-organization-logo"},"sameAs":["https:\/\/www.facebook.com\/wijnhuismana","https:\/\/www.instagram.com\/ghvino.nl"],"hasMerchantReturnPolicy":{"@type":"MerchantReturnPolicy","merchantReturnLink":"https:\/\/wijnhuis-mana.nl\/algemene-voorwaarden\/"},"address":{"@id":"https:\/\/wijnhuis-mana.nl\/fr\/product\/vendome-mademoiselle-classic-alcohol-vrije-wijn\/#local-main-place-address"},"telephone":["0299-769018"],"openingHoursSpecification":[{"@type":"OpeningHoursSpecification","dayOfWeek":["Monday","Sunday"],"opens":"00:00","closes":"00:00"},{"@type":"OpeningHoursSpecification","dayOfWeek":["Tuesday"],"opens":"10:00","closes":"18:00"},{"@type":"OpeningHoursSpecification","dayOfWeek":["Wednesday","Thursday","Saturday"],"opens":"11:00","closes":"18:00"},{"@type":"OpeningHoursSpecification","dayOfWeek":["Friday"],"opens":"11:00","closes":"21:00"}],"email":"info@wijnhuis-mana.nl","areaServed":"Nederland","vatID":"NL58KNAB0255573782","taxID":"NL58KNAB0255573782"},{"@type":"PostalAddress","@id":"https:\/\/wijnhuis-mana.nl\/fr\/product\/vendome-mademoiselle-classic-alcohol-vrije-wijn\/#local-main-place-address","streetAddress":"Weerwal 11","addressLocality":"Purmerend","postalCode":"1441 AL","addressRegion":"Noord-Holland","addressCountry":"NL"},{"@type":"ImageObject","inLanguage":"fr-FR","@id":"https:\/\/wijnhuis-mana.nl\/fr\/product\/vendome-mademoiselle-classic-alcohol-vrije-wijn\/#local-main-organization-logo","url":"https:\/\/wijnhuis-mana.nl\/wp-content\/uploads\/2022\/01\/Logo_Wijnhuis-Mana_Kleur.jpg","contentUrl":"https:\/\/wijnhuis-mana.nl\/wp-content\/uploads\/2022\/01\/Logo_Wijnhuis-Mana_Kleur.jpg","width":400,"height":111,"caption":"Wijnhuis-Mana.nl"}]},"product_price_amount":"9.69","product_price_currency":"EUR","og_availability":"instock","product_availability":"instock","product_retailer_item_id":"5425030340493","product_condition":"new","geo.placename":"Purmerend","geo.region":"Netherlands"},"post_mailing_queue_ids":[],"_links":{"self":[{"href":"https:\/\/wijnhuis-mana.nl\/fr\/wp-json\/wp\/v2\/product\/11866","targetHints":{"allow":["GET"]}}],"collection":[{"href":"https:\/\/wijnhuis-mana.nl\/fr\/wp-json\/wp\/v2\/product"}],"about":[{"href":"https:\/\/wijnhuis-mana.nl\/fr\/wp-json\/wp\/v2\/types\/product"}],"replies":[{"embeddable":true,"href":"https:\/\/wijnhuis-mana.nl\/fr\/wp-json\/wp\/v2\/comments?post=11866"}],"wp:featuredmedia":[{"embeddable":true,"href":"https:\/\/wijnhuis-mana.nl\/fr\/wp-json\/wp\/v2\/media\/13224"}],"wp:attachment":[{"href":"https:\/\/wijnhuis-mana.nl\/fr\/wp-json\/wp\/v2\/media?parent=11866"}],"wp:term":[{"taxonomy":"product_brand","embeddable":true,"href":"https:\/\/wijnhuis-mana.nl\/fr\/wp-json\/wp\/v2\/product_brand?post=11866"},{"taxonomy":"product_cat","embeddable":true,"href":"https:\/\/wijnhuis-mana.nl\/fr\/wp-json\/wp\/v2\/product_cat?post=11866"},{"taxonomy":"product_tag","embeddable":true,"href":"https:\/\/wijnhuis-mana.nl\/fr\/wp-json\/wp\/v2\/product_tag?post=11866"}],"curies":[{"name":"wp","href":"https:\/\/api.w.org\/{rel}","templated":true}]}}