{"id":11923,"date":"2025-03-28T11:59:24","date_gmt":"2025-03-28T10:59:24","guid":{"rendered":"https:\/\/wijnhuis-mana.nl\/?post_type=product&#038;p=11923"},"modified":"2025-12-05T13:25:31","modified_gmt":"2025-12-05T12:25:31","slug":"24-days-of-rum-advent-calendar-black-edition","status":"publish","type":"product","link":"https:\/\/wijnhuis-mana.nl\/fr\/product\/24-days-of-rum-advent-calendar-black-edition\/","title":{"rendered":"24 Days Of Rum Advent Calendar Black Edition"},"content":{"rendered":"<h3 data-start=\"0\" data-end=\"600\"><strong data-start=\"0\" data-end=\"23\">Algemene informatie<\/strong><\/h3>\n<p class=\"\" data-start=\"0\" data-end=\"600\">De 24 Days Of Rum Advent Calendar Black Edition is een exclusieve limited edition adventskalender, samengesteld door echte rumexperts. Deze unieke kalender bevat 24 zorgvuldig geselecteerde premium rums uit de hele wereld, die samen een fascinerende reis door de wereld van rum bieden. Iedere fles heeft zijn eigen verhaal en weerspiegelt diverse rijpingsperiodes en authentieke distilleermethoden. Als extra verrassing worden er twee speciaal ontworpen proefglazen meegeleverd, zodat je iedere dag in december optimaal kunt genieten van de rijke aroma\u2019s en complexe smaken.<\/p>\n<h3 data-start=\"607\" data-end=\"1067\"><strong data-start=\"607\" data-end=\"623\">Smaakprofiel<\/strong><\/h3>\n<p class=\"\" data-start=\"607\" data-end=\"1067\">De rums in deze adventskalender bieden een breed spectrum aan smaakbelevingen. Er zijn rijke, donkere rums met diepe tonen van karamel, vanille en een hint van kruiden, maar ook lichtere, fruitige varianten met subtiele accenten van citrus, tropisch fruit en bloemige aroma\u2019s. Deze veelzijdige selectie garandeert dat elke dag een nieuwe, verrassende proefervaring biedt, waarbij elke rum zijn unieke karakter en diepte aan het licht brengt.<\/p>\n<h3 data-start=\"1074\" data-end=\"1150\"><strong data-start=\"1074\" data-end=\"1091\">Serveeradvies<\/strong><\/h3>\n<p class=\"\" data-start=\"1074\" data-end=\"1150\">Er zijn diverse manieren om van deze rums te genieten:<\/p>\n<ul data-start=\"1151\" data-end=\"1402\">\n<li class=\"\" data-start=\"1151\" data-end=\"1228\">\n<p class=\"\" data-start=\"1153\" data-end=\"1228\"><strong data-start=\"1153\" data-end=\"1162\">Puur:<\/strong> Om volledig te kunnen genieten van de diepe en complexe smaken.<\/p>\n<\/li>\n<li class=\"\" data-start=\"1229\" data-end=\"1311\">\n<p class=\"\" data-start=\"1231\" data-end=\"1311\"><strong data-start=\"1231\" data-end=\"1243\">Met ijs:<\/strong> Voor een verfrissende twist die de intense aroma\u2019s iets verzacht.<\/p>\n<\/li>\n<li class=\"\" data-start=\"1312\" data-end=\"1402\">\n<p class=\"\" data-start=\"1314\" data-end=\"1402\"><strong data-start=\"1314\" data-end=\"1331\">In cocktails:<\/strong> Als een uitstekende basis voor creatieve en feestelijke mixdrankjes.<\/p>\n<\/li>\n<\/ul>\n<p class=\"\" data-start=\"1404\" data-end=\"1571\">De bijgeleverde proefglazen zijn speciaal ontworpen om de aroma\u2019s en smaken optimaal tot hun recht te laten komen, zodat elke serveermethode een unieke ervaring biedt.<\/p>\n<h3 data-start=\"1578\" data-end=\"2225\"><strong data-start=\"1578\" data-end=\"1588\">Weetje<\/strong><\/h3>\n<p class=\"\" data-start=\"1578\" data-end=\"2225\">De 24 Days Of Rum Advent Calendar Black Edition is uitgegroeid tot een traditie onder rumliefhebbers. Elk jaar wordt er een nieuwe selectie samengesteld, waarbij zowel gerenommeerde als opkomende distilleerderijen wereldwijd aan bod komen. Deze kalender biedt niet alleen een smaakvolle ontdekkingstocht, maar geeft ook inzicht in de diverse productiemethoden van rum \u2013 van distillatie uit melasse of suikerrietsap tot rijpingsmethoden in eikenhouten, sherry- of wijnvaten. Voor meer dagelijkse details en achtergrondinformatie over de herkomst van elke rum, kun je terecht op <a class=\"\" href=\"https:\/\/black.24daysofrum.com\/?pop=nopop\" target=\"_new\" rel=\"noopener\" data-start=\"2168\" data-end=\"2224\">deze website<\/a>.<\/p>\n","protected":false},"excerpt":{"rendered":"<p>Ontdek de wereld van rum met de &#8217;24 Days Of Rum Advent Calendar Black Edition&#8217;. Een unieke manier om 24 verschillende rums te proeven, elk met een eigen karakter en smaak.<\/p>\n","protected":false},"featured_media":12903,"comment_status":"open","ping_status":"closed","template":"","meta":[],"product_brand":[],"product_cat":[2916],"product_tag":[828],"class_list":{"0":"post-11923","1":"product","2":"type-product","3":"status-publish","4":"has-post-thumbnail","6":"product_cat-rum","7":"product_tag-rum","9":"first","10":"instock","11":"taxable","12":"shipping-taxable","13":"purchasable","14":"product-type-simple"},"yoast_head":"<!-- This site is optimized with the Yoast SEO Premium plugin v27.3 (Yoast SEO v27.3) - https:\/\/yoast.com\/product\/yoast-seo-premium-wordpress\/ -->\n<title>Ontdek 24 unieke Rums - 24 Days Of Rum Advent Calendar Black Edition<\/title>\n<meta name=\"description\" content=\"Beleef een zintuiglijke ontdekkingstocht met de 24 Days Of Rum Advent Calendar Black Edition. Een nieuwe rum voor elke dag, van klassiek tot experimenteel.\" \/>\n<meta name=\"robots\" content=\"index, follow, max-snippet:-1, max-image-preview:large, max-video-preview:-1\" \/>\n<link rel=\"canonical\" href=\"https:\/\/wijnhuis-mana.nl\/fr\/product\/24-days-of-rum-advent-calendar-black-edition\/\" \/>\n<meta property=\"og:locale\" content=\"fr_FR\" \/>\n<meta property=\"og:type\" content=\"article\" \/>\n<meta property=\"og:title\" content=\"24 Days Of Rum Advent Calendar Black Edition\" \/>\n<meta property=\"og:description\" content=\"Beleef een zintuiglijke ontdekkingstocht met de 24 Days Of Rum Advent Calendar Black Edition. Een nieuwe rum voor elke dag, van klassiek tot experimenteel.\" \/>\n<meta property=\"og:url\" content=\"https:\/\/wijnhuis-mana.nl\/fr\/product\/24-days-of-rum-advent-calendar-black-edition\/\" \/>\n<meta property=\"og:site_name\" content=\"Wijnhuis-Mana.nl\" \/>\n<meta property=\"article:publisher\" content=\"https:\/\/www.facebook.com\/wijnhuismana\" \/>\n<meta property=\"article:modified_time\" content=\"2025-12-05T12:25:31+00:00\" \/>\n<meta property=\"og:image\" content=\"https:\/\/wijnhuis-mana.nl\/wp-content\/uploads\/2025\/04\/24-Days-Of-Rum-Advent-Calendar-Black-Edition.jpg\" \/>\n\t<meta property=\"og:image:width\" content=\"800\" \/>\n\t<meta property=\"og:image:height\" content=\"800\" \/>\n\t<meta property=\"og:image:type\" content=\"image\/jpeg\" \/>\n<meta name=\"twitter:card\" content=\"summary_large_image\" \/>\n<meta name=\"twitter:label1\" content=\"Price\" \/>\n\t<meta name=\"twitter:data1\" content=\"&euro;&nbsp;79,95\" \/>\n\t<meta name=\"twitter:label2\" content=\"Availability\" \/>\n\t<meta name=\"twitter:data2\" content=\"In stock\" \/>\n<script type=\"application\/ld+json\" class=\"yoast-schema-graph\">{\"@context\":\"https:\\\/\\\/schema.org\",\"@graph\":[{\"@type\":\"WebPage\",\"@id\":\"https:\\\/\\\/wijnhuis-mana.nl\\\/fr\\\/product\\\/24-days-of-rum-advent-calendar-black-edition\\\/\",\"url\":\"https:\\\/\\\/wijnhuis-mana.nl\\\/fr\\\/product\\\/24-days-of-rum-advent-calendar-black-edition\\\/\",\"name\":\"Ontdek 24 unieke Rums - 24 Days Of Rum Advent Calendar Black Edition\",\"isPartOf\":{\"@id\":\"https:\\\/\\\/wijnhuis-mana.nl\\\/fr\\\/#website\"},\"primaryImageOfPage\":{\"@id\":\"https:\\\/\\\/wijnhuis-mana.nl\\\/fr\\\/product\\\/24-days-of-rum-advent-calendar-black-edition\\\/#primaryimage\"},\"image\":{\"@id\":\"https:\\\/\\\/wijnhuis-mana.nl\\\/fr\\\/product\\\/24-days-of-rum-advent-calendar-black-edition\\\/#primaryimage\"},\"thumbnailUrl\":\"https:\\\/\\\/wijnhuis-mana.nl\\\/wp-content\\\/uploads\\\/2025\\\/04\\\/24-Days-Of-Rum-Advent-Calendar-Black-Edition.jpg\",\"datePublished\":\"2025-03-28T10:59:24+00:00\",\"dateModified\":\"2025-12-05T12:25:31+00:00\",\"description\":\"Beleef een zintuiglijke ontdekkingstocht met de 24 Days Of Rum Advent Calendar Black Edition. Een nieuwe rum voor elke dag, van klassiek tot experimenteel.\",\"breadcrumb\":{\"@id\":\"https:\\\/\\\/wijnhuis-mana.nl\\\/fr\\\/product\\\/24-days-of-rum-advent-calendar-black-edition\\\/#breadcrumb\"},\"inLanguage\":\"fr-FR\",\"potentialAction\":[{\"@type\":\"ReadAction\",\"target\":[\"https:\\\/\\\/wijnhuis-mana.nl\\\/fr\\\/product\\\/24-days-of-rum-advent-calendar-black-edition\\\/\"]}]},{\"@type\":\"ImageObject\",\"inLanguage\":\"fr-FR\",\"@id\":\"https:\\\/\\\/wijnhuis-mana.nl\\\/fr\\\/product\\\/24-days-of-rum-advent-calendar-black-edition\\\/#primaryimage\",\"url\":\"https:\\\/\\\/wijnhuis-mana.nl\\\/wp-content\\\/uploads\\\/2025\\\/04\\\/24-Days-Of-Rum-Advent-Calendar-Black-Edition.jpg\",\"contentUrl\":\"https:\\\/\\\/wijnhuis-mana.nl\\\/wp-content\\\/uploads\\\/2025\\\/04\\\/24-Days-Of-Rum-Advent-Calendar-Black-Edition.jpg\",\"width\":800,\"height\":800,\"caption\":\"Beleef een zintuiglijke ontdekkingstocht met de 24 Days Of Rum Advent Calendar Black Edition. Een nieuwe rum voor elke dag, van klassiek tot experimenteel.\"},{\"@type\":\"BreadcrumbList\",\"@id\":\"https:\\\/\\\/wijnhuis-mana.nl\\\/fr\\\/product\\\/24-days-of-rum-advent-calendar-black-edition\\\/#breadcrumb\",\"itemListElement\":[{\"@type\":\"ListItem\",\"position\":1,\"name\":\"Home\",\"item\":\"https:\\\/\\\/wijnhuis-mana.nl\\\/fr\\\/\"},{\"@type\":\"ListItem\",\"position\":2,\"name\":\"Boutique\",\"item\":\"https:\\\/\\\/wijnhuis-mana.nl\\\/fr\\\/boutique\\\/\"},{\"@type\":\"ListItem\",\"position\":3,\"name\":\"24 Days Of Rum Advent Calendar Black Edition\"}]},{\"@type\":\"WebSite\",\"@id\":\"https:\\\/\\\/wijnhuis-mana.nl\\\/fr\\\/#website\",\"url\":\"https:\\\/\\\/wijnhuis-mana.nl\\\/fr\\\/\",\"name\":\"Wijnhuis-Mana.nl\",\"description\":\"Wijn v\u00e1n liefhebbers, v\u00f3\u00f3r liefhebbers\",\"publisher\":{\"@id\":\"https:\\\/\\\/wijnhuis-mana.nl\\\/fr\\\/#organization\"},\"potentialAction\":[{\"@type\":\"SearchAction\",\"target\":{\"@type\":\"EntryPoint\",\"urlTemplate\":\"https:\\\/\\\/wijnhuis-mana.nl\\\/fr\\\/?s={search_term_string}\"},\"query-input\":{\"@type\":\"PropertyValueSpecification\",\"valueRequired\":true,\"valueName\":\"search_term_string\"}}],\"inLanguage\":\"fr-FR\"},{\"@type\":[\"Organization\",\"Place\"],\"@id\":\"https:\\\/\\\/wijnhuis-mana.nl\\\/fr\\\/#organization\",\"name\":\"Wijnhuis-Mana.nl\",\"url\":\"https:\\\/\\\/wijnhuis-mana.nl\\\/fr\\\/\",\"logo\":{\"@id\":\"https:\\\/\\\/wijnhuis-mana.nl\\\/fr\\\/product\\\/24-days-of-rum-advent-calendar-black-edition\\\/#local-main-organization-logo\"},\"image\":{\"@id\":\"https:\\\/\\\/wijnhuis-mana.nl\\\/fr\\\/product\\\/24-days-of-rum-advent-calendar-black-edition\\\/#local-main-organization-logo\"},\"sameAs\":[\"https:\\\/\\\/www.facebook.com\\\/wijnhuismana\",\"https:\\\/\\\/www.instagram.com\\\/ghvino.nl\"],\"hasMerchantReturnPolicy\":{\"@type\":\"MerchantReturnPolicy\",\"merchantReturnLink\":\"https:\\\/\\\/wijnhuis-mana.nl\\\/algemene-voorwaarden\\\/\"},\"address\":{\"@id\":\"https:\\\/\\\/wijnhuis-mana.nl\\\/fr\\\/product\\\/24-days-of-rum-advent-calendar-black-edition\\\/#local-main-place-address\"},\"telephone\":[\"0299-769018\"],\"openingHoursSpecification\":[{\"@type\":\"OpeningHoursSpecification\",\"dayOfWeek\":[\"Monday\",\"Sunday\"],\"opens\":\"00:00\",\"closes\":\"00:00\"},{\"@type\":\"OpeningHoursSpecification\",\"dayOfWeek\":[\"Tuesday\"],\"opens\":\"10:00\",\"closes\":\"18:00\"},{\"@type\":\"OpeningHoursSpecification\",\"dayOfWeek\":[\"Wednesday\",\"Thursday\",\"Saturday\"],\"opens\":\"11:00\",\"closes\":\"18:00\"},{\"@type\":\"OpeningHoursSpecification\",\"dayOfWeek\":[\"Friday\"],\"opens\":\"11:00\",\"closes\":\"21:00\"}],\"email\":\"info@wijnhuis-mana.nl\",\"areaServed\":\"Nederland\",\"vatID\":\"NL58KNAB0255573782\",\"taxID\":\"NL58KNAB0255573782\"},{\"@type\":\"PostalAddress\",\"@id\":\"https:\\\/\\\/wijnhuis-mana.nl\\\/fr\\\/product\\\/24-days-of-rum-advent-calendar-black-edition\\\/#local-main-place-address\",\"streetAddress\":\"Weerwal 11\",\"addressLocality\":\"Purmerend\",\"postalCode\":\"1441 AL\",\"addressRegion\":\"Noord-Holland\",\"addressCountry\":\"NL\"},{\"@type\":\"ImageObject\",\"inLanguage\":\"fr-FR\",\"@id\":\"https:\\\/\\\/wijnhuis-mana.nl\\\/fr\\\/product\\\/24-days-of-rum-advent-calendar-black-edition\\\/#local-main-organization-logo\",\"url\":\"https:\\\/\\\/wijnhuis-mana.nl\\\/wp-content\\\/uploads\\\/2022\\\/01\\\/Logo_Wijnhuis-Mana_Kleur.jpg\",\"contentUrl\":\"https:\\\/\\\/wijnhuis-mana.nl\\\/wp-content\\\/uploads\\\/2022\\\/01\\\/Logo_Wijnhuis-Mana_Kleur.jpg\",\"width\":400,\"height\":111,\"caption\":\"Wijnhuis-Mana.nl\"}]}<\/script>\n<meta property=\"product:price:amount\" content=\"79.95\" \/>\n<meta property=\"product:price:currency\" content=\"EUR\" \/>\n<meta property=\"og:availability\" content=\"instock\" \/>\n<meta property=\"product:availability\" content=\"instock\" \/>\n<meta property=\"product:retailer_item_id\" content=\"5712718009200\" \/>\n<meta property=\"product:condition\" content=\"new\" \/>\n<meta name=\"geo.placename\" content=\"Purmerend\" \/>\n<meta name=\"geo.region\" content=\"Netherlands\" \/>\n<!-- \/ Yoast SEO Premium plugin. -->","yoast_head_json":{"title":"Ontdek 24 unieke Rums - 24 Days Of Rum Advent Calendar Black Edition","description":"Beleef een zintuiglijke ontdekkingstocht met de 24 Days Of Rum Advent Calendar Black Edition. Een nieuwe rum voor elke dag, van klassiek tot experimenteel.","robots":{"index":"index","follow":"follow","max-snippet":"max-snippet:-1","max-image-preview":"max-image-preview:large","max-video-preview":"max-video-preview:-1"},"canonical":"https:\/\/wijnhuis-mana.nl\/fr\/product\/24-days-of-rum-advent-calendar-black-edition\/","og_locale":"fr_FR","og_type":"article","og_title":"24 Days Of Rum Advent Calendar Black Edition","og_description":"Beleef een zintuiglijke ontdekkingstocht met de 24 Days Of Rum Advent Calendar Black Edition. Een nieuwe rum voor elke dag, van klassiek tot experimenteel.","og_url":"https:\/\/wijnhuis-mana.nl\/fr\/product\/24-days-of-rum-advent-calendar-black-edition\/","og_site_name":"Wijnhuis-Mana.nl","article_publisher":"https:\/\/www.facebook.com\/wijnhuismana","article_modified_time":"2025-12-05T12:25:31+00:00","og_image":[{"width":800,"height":800,"url":"https:\/\/wijnhuis-mana.nl\/wp-content\/uploads\/2025\/04\/24-Days-Of-Rum-Advent-Calendar-Black-Edition.jpg","type":"image\/jpeg"}],"twitter_card":"summary_large_image","twitter_misc":{"Price":"&euro;&nbsp;79,95","Availability":"In stock"},"schema":{"@context":"https:\/\/schema.org","@graph":[{"@type":"WebPage","@id":"https:\/\/wijnhuis-mana.nl\/fr\/product\/24-days-of-rum-advent-calendar-black-edition\/","url":"https:\/\/wijnhuis-mana.nl\/fr\/product\/24-days-of-rum-advent-calendar-black-edition\/","name":"Ontdek 24 unieke Rums - 24 Days Of Rum Advent Calendar Black Edition","isPartOf":{"@id":"https:\/\/wijnhuis-mana.nl\/fr\/#website"},"primaryImageOfPage":{"@id":"https:\/\/wijnhuis-mana.nl\/fr\/product\/24-days-of-rum-advent-calendar-black-edition\/#primaryimage"},"image":{"@id":"https:\/\/wijnhuis-mana.nl\/fr\/product\/24-days-of-rum-advent-calendar-black-edition\/#primaryimage"},"thumbnailUrl":"https:\/\/wijnhuis-mana.nl\/wp-content\/uploads\/2025\/04\/24-Days-Of-Rum-Advent-Calendar-Black-Edition.jpg","datePublished":"2025-03-28T10:59:24+00:00","dateModified":"2025-12-05T12:25:31+00:00","description":"Beleef een zintuiglijke ontdekkingstocht met de 24 Days Of Rum Advent Calendar Black Edition. Een nieuwe rum voor elke dag, van klassiek tot experimenteel.","breadcrumb":{"@id":"https:\/\/wijnhuis-mana.nl\/fr\/product\/24-days-of-rum-advent-calendar-black-edition\/#breadcrumb"},"inLanguage":"fr-FR","potentialAction":[{"@type":"ReadAction","target":["https:\/\/wijnhuis-mana.nl\/fr\/product\/24-days-of-rum-advent-calendar-black-edition\/"]}]},{"@type":"ImageObject","inLanguage":"fr-FR","@id":"https:\/\/wijnhuis-mana.nl\/fr\/product\/24-days-of-rum-advent-calendar-black-edition\/#primaryimage","url":"https:\/\/wijnhuis-mana.nl\/wp-content\/uploads\/2025\/04\/24-Days-Of-Rum-Advent-Calendar-Black-Edition.jpg","contentUrl":"https:\/\/wijnhuis-mana.nl\/wp-content\/uploads\/2025\/04\/24-Days-Of-Rum-Advent-Calendar-Black-Edition.jpg","width":800,"height":800,"caption":"Beleef een zintuiglijke ontdekkingstocht met de 24 Days Of Rum Advent Calendar Black Edition. Een nieuwe rum voor elke dag, van klassiek tot experimenteel."},{"@type":"BreadcrumbList","@id":"https:\/\/wijnhuis-mana.nl\/fr\/product\/24-days-of-rum-advent-calendar-black-edition\/#breadcrumb","itemListElement":[{"@type":"ListItem","position":1,"name":"Home","item":"https:\/\/wijnhuis-mana.nl\/fr\/"},{"@type":"ListItem","position":2,"name":"Boutique","item":"https:\/\/wijnhuis-mana.nl\/fr\/boutique\/"},{"@type":"ListItem","position":3,"name":"24 Days Of Rum Advent Calendar Black Edition"}]},{"@type":"WebSite","@id":"https:\/\/wijnhuis-mana.nl\/fr\/#website","url":"https:\/\/wijnhuis-mana.nl\/fr\/","name":"Wijnhuis-Mana.nl","description":"Wijn v\u00e1n liefhebbers, v\u00f3\u00f3r liefhebbers","publisher":{"@id":"https:\/\/wijnhuis-mana.nl\/fr\/#organization"},"potentialAction":[{"@type":"SearchAction","target":{"@type":"EntryPoint","urlTemplate":"https:\/\/wijnhuis-mana.nl\/fr\/?s={search_term_string}"},"query-input":{"@type":"PropertyValueSpecification","valueRequired":true,"valueName":"search_term_string"}}],"inLanguage":"fr-FR"},{"@type":["Organization","Place"],"@id":"https:\/\/wijnhuis-mana.nl\/fr\/#organization","name":"Wijnhuis-Mana.nl","url":"https:\/\/wijnhuis-mana.nl\/fr\/","logo":{"@id":"https:\/\/wijnhuis-mana.nl\/fr\/product\/24-days-of-rum-advent-calendar-black-edition\/#local-main-organization-logo"},"image":{"@id":"https:\/\/wijnhuis-mana.nl\/fr\/product\/24-days-of-rum-advent-calendar-black-edition\/#local-main-organization-logo"},"sameAs":["https:\/\/www.facebook.com\/wijnhuismana","https:\/\/www.instagram.com\/ghvino.nl"],"hasMerchantReturnPolicy":{"@type":"MerchantReturnPolicy","merchantReturnLink":"https:\/\/wijnhuis-mana.nl\/algemene-voorwaarden\/"},"address":{"@id":"https:\/\/wijnhuis-mana.nl\/fr\/product\/24-days-of-rum-advent-calendar-black-edition\/#local-main-place-address"},"telephone":["0299-769018"],"openingHoursSpecification":[{"@type":"OpeningHoursSpecification","dayOfWeek":["Monday","Sunday"],"opens":"00:00","closes":"00:00"},{"@type":"OpeningHoursSpecification","dayOfWeek":["Tuesday"],"opens":"10:00","closes":"18:00"},{"@type":"OpeningHoursSpecification","dayOfWeek":["Wednesday","Thursday","Saturday"],"opens":"11:00","closes":"18:00"},{"@type":"OpeningHoursSpecification","dayOfWeek":["Friday"],"opens":"11:00","closes":"21:00"}],"email":"info@wijnhuis-mana.nl","areaServed":"Nederland","vatID":"NL58KNAB0255573782","taxID":"NL58KNAB0255573782"},{"@type":"PostalAddress","@id":"https:\/\/wijnhuis-mana.nl\/fr\/product\/24-days-of-rum-advent-calendar-black-edition\/#local-main-place-address","streetAddress":"Weerwal 11","addressLocality":"Purmerend","postalCode":"1441 AL","addressRegion":"Noord-Holland","addressCountry":"NL"},{"@type":"ImageObject","inLanguage":"fr-FR","@id":"https:\/\/wijnhuis-mana.nl\/fr\/product\/24-days-of-rum-advent-calendar-black-edition\/#local-main-organization-logo","url":"https:\/\/wijnhuis-mana.nl\/wp-content\/uploads\/2022\/01\/Logo_Wijnhuis-Mana_Kleur.jpg","contentUrl":"https:\/\/wijnhuis-mana.nl\/wp-content\/uploads\/2022\/01\/Logo_Wijnhuis-Mana_Kleur.jpg","width":400,"height":111,"caption":"Wijnhuis-Mana.nl"}]},"product_price_amount":"79.95","product_price_currency":"EUR","og_availability":"instock","product_availability":"instock","product_retailer_item_id":"5712718009200","product_condition":"new","geo.placename":"Purmerend","geo.region":"Netherlands"},"post_mailing_queue_ids":[],"_links":{"self":[{"href":"https:\/\/wijnhuis-mana.nl\/fr\/wp-json\/wp\/v2\/product\/11923","targetHints":{"allow":["GET"]}}],"collection":[{"href":"https:\/\/wijnhuis-mana.nl\/fr\/wp-json\/wp\/v2\/product"}],"about":[{"href":"https:\/\/wijnhuis-mana.nl\/fr\/wp-json\/wp\/v2\/types\/product"}],"replies":[{"embeddable":true,"href":"https:\/\/wijnhuis-mana.nl\/fr\/wp-json\/wp\/v2\/comments?post=11923"}],"wp:featuredmedia":[{"embeddable":true,"href":"https:\/\/wijnhuis-mana.nl\/fr\/wp-json\/wp\/v2\/media\/12903"}],"wp:attachment":[{"href":"https:\/\/wijnhuis-mana.nl\/fr\/wp-json\/wp\/v2\/media?parent=11923"}],"wp:term":[{"taxonomy":"product_brand","embeddable":true,"href":"https:\/\/wijnhuis-mana.nl\/fr\/wp-json\/wp\/v2\/product_brand?post=11923"},{"taxonomy":"product_cat","embeddable":true,"href":"https:\/\/wijnhuis-mana.nl\/fr\/wp-json\/wp\/v2\/product_cat?post=11923"},{"taxonomy":"product_tag","embeddable":true,"href":"https:\/\/wijnhuis-mana.nl\/fr\/wp-json\/wp\/v2\/product_tag?post=11923"}],"curies":[{"name":"wp","href":"https:\/\/api.w.org\/{rel}","templated":true}]}}