{"id":12043,"date":"2025-03-28T19:20:33","date_gmt":"2025-03-28T18:20:33","guid":{"rendered":"https:\/\/wijnhuis-mana.nl\/?post_type=product&#038;p=12043"},"modified":"2025-05-23T20:27:37","modified_gmt":"2025-05-23T18:27:37","slug":"glengoyne-18-years-single-malt-scotch-whisky","status":"publish","type":"product","link":"https:\/\/wijnhuis-mana.nl\/fr\/product\/glengoyne-18-years-single-malt-scotch-whisky\/","title":{"rendered":"Glengoyne 18 Years"},"content":{"rendered":"<h3>Algemene informatie<\/h3>\n<p>Glengoyne 18 Years is een sublieme Schotse single malt whisky, vervaardigd met vakmanschap dat teruggaat tot 1833. Deze whisky is zorgvuldig gedistilleerd aan de rand van de Highlands en rijpt uitsluitend in handgeselecteerde sherryvaten. Doordat Glengoyne geen turf gebruikt voor het drogen van de gerst, heeft deze whisky een exceptioneel zuivere en fruitige smaak. De geduldige achttien jaar durende rijping verrijkt de whisky met diepe, complexe smaken.<\/p>\n<h3>Smaakprofiel<\/h3>\n<p>Glengoyne 18 Years onthult een fascinerende balans tussen zoetheid en complexe houtinvloeden. Het aanvankelijke neuspalet biedt aroma&#8217;s van rijpe appels en sinaasappelbloesem, overgaand in smaken van honing, gesuikerde amandelen en een vleugje vanille. De afdronk is lang en verwarmend met hints van eikenhout en specerijen.<\/p>\n<h3>Serveeradvies<\/h3>\n<p>Serveer de Glengoyne 18 Years bij een temperatuur van rond de 18 graden Celsius. Deze whisky is perfect als digestief of naast een rijk dessert zoals chocolade fondant of cr\u00e8me br\u00fbl\u00e9e.<\/p>\n<ul>\n<li>Serveer bij een luxueus diner als afsluiter met een donkere chocoladetruffel.<\/li>\n<li>Combineer met een stevige sigaar op een rustige avond.<\/li>\n<li>Geniet puur, om de complexiteit en diepte volledig te waarderen.<\/li>\n<\/ul>\n<h3>Weetje<\/h3>\n<p>Glengoyne distilleerderij staat bekend om zijn &#8216;unhurried&#8217; whiskyproductie, wat betekent dat ze een van de langzaamste distillatieprocessen in Schotland gebruiken. Dit unieke proces zorgt ervoor dat de whisky zijn rijke en volle smaken optimaal kan ontwikkelen zonder de harde tonen die snellere distillatieprocessen kunnen veroorzaken.<\/p>\n","protected":false},"excerpt":{"rendered":"<p>Ervaar de rijke, complexe smaken van Glengoyne 18 Years Single Malt Whisky, gerijpt in sherryvaten voor een weelderige smaakervaring zonder turfsmaak.<\/p>\n","protected":false},"featured_media":12710,"comment_status":"open","ping_status":"closed","template":"","meta":[],"product_brand":[],"product_cat":[2914],"product_tag":[540,868,832],"class_list":{"0":"post-12043","1":"product","2":"type-product","3":"status-publish","4":"has-post-thumbnail","6":"product_cat-whisky","7":"product_tag-gedistilleerd","8":"product_tag-whiskey","9":"product_tag-whisky","11":"first","12":"instock","13":"taxable","14":"shipping-taxable","15":"purchasable","16":"product-type-simple"},"yoast_head":"<!-- This site is optimized with the Yoast SEO Premium plugin v27.3 (Yoast SEO v27.3) - https:\/\/yoast.com\/product\/yoast-seo-premium-wordpress\/ -->\n<title>Glengoyne 18 Years Single Malt Scotch Whisky | Premiumkwaliteit<\/title>\n<meta name=\"description\" content=\"Ontdek Glengoyne 18 Years, een verfijnde Schotse single malt whisky, geperfectioneerd met 18 jaar rijping in sherryvaten, bekend om zijn zuivere en fruitige smaakprofiel.\" \/>\n<meta name=\"robots\" content=\"index, follow, max-snippet:-1, max-image-preview:large, max-video-preview:-1\" \/>\n<link rel=\"canonical\" href=\"https:\/\/wijnhuis-mana.nl\/fr\/product\/glengoyne-18-years-single-malt-scotch-whisky\/\" \/>\n<meta property=\"og:locale\" content=\"fr_FR\" \/>\n<meta property=\"og:type\" content=\"article\" \/>\n<meta property=\"og:title\" content=\"Glengoyne 18 Years\" \/>\n<meta property=\"og:description\" content=\"Ontdek Glengoyne 18 Years, een verfijnde Schotse single malt whisky, geperfectioneerd met 18 jaar rijping in sherryvaten, bekend om zijn zuivere en fruitige smaakprofiel.\" \/>\n<meta property=\"og:url\" content=\"https:\/\/wijnhuis-mana.nl\/fr\/product\/glengoyne-18-years-single-malt-scotch-whisky\/\" \/>\n<meta property=\"og:site_name\" content=\"Wijnhuis-Mana.nl\" \/>\n<meta property=\"article:publisher\" content=\"https:\/\/www.facebook.com\/wijnhuismana\" \/>\n<meta property=\"article:modified_time\" content=\"2025-05-23T18:27:37+00:00\" \/>\n<meta property=\"og:image\" content=\"https:\/\/wijnhuis-mana.nl\/wp-content\/uploads\/2025\/04\/Glengoyne-18-Years.jpg\" \/>\n\t<meta property=\"og:image:width\" content=\"800\" \/>\n\t<meta property=\"og:image:height\" content=\"800\" \/>\n\t<meta property=\"og:image:type\" content=\"image\/jpeg\" \/>\n<meta name=\"twitter:card\" content=\"summary_large_image\" \/>\n<meta name=\"twitter:label1\" content=\"Price\" \/>\n\t<meta name=\"twitter:data1\" content=\"&euro;&nbsp;149,95\" \/>\n\t<meta name=\"twitter:label2\" content=\"Availability\" \/>\n\t<meta name=\"twitter:data2\" content=\"In stock\" \/>\n<script type=\"application\/ld+json\" class=\"yoast-schema-graph\">{\"@context\":\"https:\\\/\\\/schema.org\",\"@graph\":[{\"@type\":\"WebPage\",\"@id\":\"https:\\\/\\\/wijnhuis-mana.nl\\\/fr\\\/product\\\/glengoyne-18-years-single-malt-scotch-whisky\\\/\",\"url\":\"https:\\\/\\\/wijnhuis-mana.nl\\\/fr\\\/product\\\/glengoyne-18-years-single-malt-scotch-whisky\\\/\",\"name\":\"Glengoyne 18 Years Single Malt Scotch Whisky | Premiumkwaliteit\",\"isPartOf\":{\"@id\":\"https:\\\/\\\/wijnhuis-mana.nl\\\/fr\\\/#website\"},\"primaryImageOfPage\":{\"@id\":\"https:\\\/\\\/wijnhuis-mana.nl\\\/fr\\\/product\\\/glengoyne-18-years-single-malt-scotch-whisky\\\/#primaryimage\"},\"image\":{\"@id\":\"https:\\\/\\\/wijnhuis-mana.nl\\\/fr\\\/product\\\/glengoyne-18-years-single-malt-scotch-whisky\\\/#primaryimage\"},\"thumbnailUrl\":\"https:\\\/\\\/wijnhuis-mana.nl\\\/wp-content\\\/uploads\\\/2025\\\/04\\\/Glengoyne-18-Years.jpg\",\"datePublished\":\"2025-03-28T18:20:33+00:00\",\"dateModified\":\"2025-05-23T18:27:37+00:00\",\"description\":\"Ontdek Glengoyne 18 Years, een verfijnde Schotse single malt whisky, geperfectioneerd met 18 jaar rijping in sherryvaten, bekend om zijn zuivere en fruitige smaakprofiel.\",\"breadcrumb\":{\"@id\":\"https:\\\/\\\/wijnhuis-mana.nl\\\/fr\\\/product\\\/glengoyne-18-years-single-malt-scotch-whisky\\\/#breadcrumb\"},\"inLanguage\":\"fr-FR\",\"potentialAction\":[{\"@type\":\"ReadAction\",\"target\":[\"https:\\\/\\\/wijnhuis-mana.nl\\\/fr\\\/product\\\/glengoyne-18-years-single-malt-scotch-whisky\\\/\"]}]},{\"@type\":\"ImageObject\",\"inLanguage\":\"fr-FR\",\"@id\":\"https:\\\/\\\/wijnhuis-mana.nl\\\/fr\\\/product\\\/glengoyne-18-years-single-malt-scotch-whisky\\\/#primaryimage\",\"url\":\"https:\\\/\\\/wijnhuis-mana.nl\\\/wp-content\\\/uploads\\\/2025\\\/04\\\/Glengoyne-18-Years.jpg\",\"contentUrl\":\"https:\\\/\\\/wijnhuis-mana.nl\\\/wp-content\\\/uploads\\\/2025\\\/04\\\/Glengoyne-18-Years.jpg\",\"width\":800,\"height\":800,\"caption\":\"Ontdek Glengoyne 18 Years, een verfijnde Schotse single malt whisky, geperfectioneerd met 18 jaar rijping in sherryvaten, bekend om zijn zuivere en fruitige smaakprofiel.\"},{\"@type\":\"BreadcrumbList\",\"@id\":\"https:\\\/\\\/wijnhuis-mana.nl\\\/fr\\\/product\\\/glengoyne-18-years-single-malt-scotch-whisky\\\/#breadcrumb\",\"itemListElement\":[{\"@type\":\"ListItem\",\"position\":1,\"name\":\"Home\",\"item\":\"https:\\\/\\\/wijnhuis-mana.nl\\\/fr\\\/\"},{\"@type\":\"ListItem\",\"position\":2,\"name\":\"Boutique\",\"item\":\"https:\\\/\\\/wijnhuis-mana.nl\\\/fr\\\/boutique\\\/\"},{\"@type\":\"ListItem\",\"position\":3,\"name\":\"Glengoyne 18 Years\"}]},{\"@type\":\"WebSite\",\"@id\":\"https:\\\/\\\/wijnhuis-mana.nl\\\/fr\\\/#website\",\"url\":\"https:\\\/\\\/wijnhuis-mana.nl\\\/fr\\\/\",\"name\":\"Wijnhuis-Mana.nl\",\"description\":\"Wijn v\u00e1n liefhebbers, v\u00f3\u00f3r liefhebbers\",\"publisher\":{\"@id\":\"https:\\\/\\\/wijnhuis-mana.nl\\\/fr\\\/#organization\"},\"potentialAction\":[{\"@type\":\"SearchAction\",\"target\":{\"@type\":\"EntryPoint\",\"urlTemplate\":\"https:\\\/\\\/wijnhuis-mana.nl\\\/fr\\\/?s={search_term_string}\"},\"query-input\":{\"@type\":\"PropertyValueSpecification\",\"valueRequired\":true,\"valueName\":\"search_term_string\"}}],\"inLanguage\":\"fr-FR\"},{\"@type\":[\"Organization\",\"Place\"],\"@id\":\"https:\\\/\\\/wijnhuis-mana.nl\\\/fr\\\/#organization\",\"name\":\"Wijnhuis-Mana.nl\",\"url\":\"https:\\\/\\\/wijnhuis-mana.nl\\\/fr\\\/\",\"logo\":{\"@id\":\"https:\\\/\\\/wijnhuis-mana.nl\\\/fr\\\/product\\\/glengoyne-18-years-single-malt-scotch-whisky\\\/#local-main-organization-logo\"},\"image\":{\"@id\":\"https:\\\/\\\/wijnhuis-mana.nl\\\/fr\\\/product\\\/glengoyne-18-years-single-malt-scotch-whisky\\\/#local-main-organization-logo\"},\"sameAs\":[\"https:\\\/\\\/www.facebook.com\\\/wijnhuismana\",\"https:\\\/\\\/www.instagram.com\\\/ghvino.nl\"],\"hasMerchantReturnPolicy\":{\"@type\":\"MerchantReturnPolicy\",\"merchantReturnLink\":\"https:\\\/\\\/wijnhuis-mana.nl\\\/algemene-voorwaarden\\\/\"},\"address\":{\"@id\":\"https:\\\/\\\/wijnhuis-mana.nl\\\/fr\\\/product\\\/glengoyne-18-years-single-malt-scotch-whisky\\\/#local-main-place-address\"},\"telephone\":[\"0299-769018\"],\"openingHoursSpecification\":[{\"@type\":\"OpeningHoursSpecification\",\"dayOfWeek\":[\"Monday\",\"Sunday\"],\"opens\":\"00:00\",\"closes\":\"00:00\"},{\"@type\":\"OpeningHoursSpecification\",\"dayOfWeek\":[\"Tuesday\"],\"opens\":\"10:00\",\"closes\":\"18:00\"},{\"@type\":\"OpeningHoursSpecification\",\"dayOfWeek\":[\"Wednesday\",\"Thursday\",\"Saturday\"],\"opens\":\"11:00\",\"closes\":\"18:00\"},{\"@type\":\"OpeningHoursSpecification\",\"dayOfWeek\":[\"Friday\"],\"opens\":\"11:00\",\"closes\":\"21:00\"}],\"email\":\"info@wijnhuis-mana.nl\",\"areaServed\":\"Nederland\",\"vatID\":\"NL58KNAB0255573782\",\"taxID\":\"NL58KNAB0255573782\"},{\"@type\":\"PostalAddress\",\"@id\":\"https:\\\/\\\/wijnhuis-mana.nl\\\/fr\\\/product\\\/glengoyne-18-years-single-malt-scotch-whisky\\\/#local-main-place-address\",\"streetAddress\":\"Weerwal 11\",\"addressLocality\":\"Purmerend\",\"postalCode\":\"1441 AL\",\"addressRegion\":\"Noord-Holland\",\"addressCountry\":\"NL\"},{\"@type\":\"ImageObject\",\"inLanguage\":\"fr-FR\",\"@id\":\"https:\\\/\\\/wijnhuis-mana.nl\\\/fr\\\/product\\\/glengoyne-18-years-single-malt-scotch-whisky\\\/#local-main-organization-logo\",\"url\":\"https:\\\/\\\/wijnhuis-mana.nl\\\/wp-content\\\/uploads\\\/2022\\\/01\\\/Logo_Wijnhuis-Mana_Kleur.jpg\",\"contentUrl\":\"https:\\\/\\\/wijnhuis-mana.nl\\\/wp-content\\\/uploads\\\/2022\\\/01\\\/Logo_Wijnhuis-Mana_Kleur.jpg\",\"width\":400,\"height\":111,\"caption\":\"Wijnhuis-Mana.nl\"}]}<\/script>\n<meta property=\"product:price:amount\" content=\"149.95\" \/>\n<meta property=\"product:price:currency\" content=\"EUR\" \/>\n<meta property=\"og:availability\" content=\"instock\" \/>\n<meta property=\"product:availability\" content=\"instock\" \/>\n<meta property=\"product:retailer_item_id\" content=\"5010852046359\" \/>\n<meta property=\"product:condition\" content=\"new\" \/>\n<meta name=\"geo.placename\" content=\"Purmerend\" \/>\n<meta name=\"geo.region\" content=\"Netherlands\" \/>\n<!-- \/ Yoast SEO Premium plugin. -->","yoast_head_json":{"title":"Glengoyne 18 Years Single Malt Scotch Whisky | Premiumkwaliteit","description":"Ontdek Glengoyne 18 Years, een verfijnde Schotse single malt whisky, geperfectioneerd met 18 jaar rijping in sherryvaten, bekend om zijn zuivere en fruitige smaakprofiel.","robots":{"index":"index","follow":"follow","max-snippet":"max-snippet:-1","max-image-preview":"max-image-preview:large","max-video-preview":"max-video-preview:-1"},"canonical":"https:\/\/wijnhuis-mana.nl\/fr\/product\/glengoyne-18-years-single-malt-scotch-whisky\/","og_locale":"fr_FR","og_type":"article","og_title":"Glengoyne 18 Years","og_description":"Ontdek Glengoyne 18 Years, een verfijnde Schotse single malt whisky, geperfectioneerd met 18 jaar rijping in sherryvaten, bekend om zijn zuivere en fruitige smaakprofiel.","og_url":"https:\/\/wijnhuis-mana.nl\/fr\/product\/glengoyne-18-years-single-malt-scotch-whisky\/","og_site_name":"Wijnhuis-Mana.nl","article_publisher":"https:\/\/www.facebook.com\/wijnhuismana","article_modified_time":"2025-05-23T18:27:37+00:00","og_image":[{"width":800,"height":800,"url":"https:\/\/wijnhuis-mana.nl\/wp-content\/uploads\/2025\/04\/Glengoyne-18-Years.jpg","type":"image\/jpeg"}],"twitter_card":"summary_large_image","twitter_misc":{"Price":"&euro;&nbsp;149,95","Availability":"In stock"},"schema":{"@context":"https:\/\/schema.org","@graph":[{"@type":"WebPage","@id":"https:\/\/wijnhuis-mana.nl\/fr\/product\/glengoyne-18-years-single-malt-scotch-whisky\/","url":"https:\/\/wijnhuis-mana.nl\/fr\/product\/glengoyne-18-years-single-malt-scotch-whisky\/","name":"Glengoyne 18 Years Single Malt Scotch Whisky | Premiumkwaliteit","isPartOf":{"@id":"https:\/\/wijnhuis-mana.nl\/fr\/#website"},"primaryImageOfPage":{"@id":"https:\/\/wijnhuis-mana.nl\/fr\/product\/glengoyne-18-years-single-malt-scotch-whisky\/#primaryimage"},"image":{"@id":"https:\/\/wijnhuis-mana.nl\/fr\/product\/glengoyne-18-years-single-malt-scotch-whisky\/#primaryimage"},"thumbnailUrl":"https:\/\/wijnhuis-mana.nl\/wp-content\/uploads\/2025\/04\/Glengoyne-18-Years.jpg","datePublished":"2025-03-28T18:20:33+00:00","dateModified":"2025-05-23T18:27:37+00:00","description":"Ontdek Glengoyne 18 Years, een verfijnde Schotse single malt whisky, geperfectioneerd met 18 jaar rijping in sherryvaten, bekend om zijn zuivere en fruitige smaakprofiel.","breadcrumb":{"@id":"https:\/\/wijnhuis-mana.nl\/fr\/product\/glengoyne-18-years-single-malt-scotch-whisky\/#breadcrumb"},"inLanguage":"fr-FR","potentialAction":[{"@type":"ReadAction","target":["https:\/\/wijnhuis-mana.nl\/fr\/product\/glengoyne-18-years-single-malt-scotch-whisky\/"]}]},{"@type":"ImageObject","inLanguage":"fr-FR","@id":"https:\/\/wijnhuis-mana.nl\/fr\/product\/glengoyne-18-years-single-malt-scotch-whisky\/#primaryimage","url":"https:\/\/wijnhuis-mana.nl\/wp-content\/uploads\/2025\/04\/Glengoyne-18-Years.jpg","contentUrl":"https:\/\/wijnhuis-mana.nl\/wp-content\/uploads\/2025\/04\/Glengoyne-18-Years.jpg","width":800,"height":800,"caption":"Ontdek Glengoyne 18 Years, een verfijnde Schotse single malt whisky, geperfectioneerd met 18 jaar rijping in sherryvaten, bekend om zijn zuivere en fruitige smaakprofiel."},{"@type":"BreadcrumbList","@id":"https:\/\/wijnhuis-mana.nl\/fr\/product\/glengoyne-18-years-single-malt-scotch-whisky\/#breadcrumb","itemListElement":[{"@type":"ListItem","position":1,"name":"Home","item":"https:\/\/wijnhuis-mana.nl\/fr\/"},{"@type":"ListItem","position":2,"name":"Boutique","item":"https:\/\/wijnhuis-mana.nl\/fr\/boutique\/"},{"@type":"ListItem","position":3,"name":"Glengoyne 18 Years"}]},{"@type":"WebSite","@id":"https:\/\/wijnhuis-mana.nl\/fr\/#website","url":"https:\/\/wijnhuis-mana.nl\/fr\/","name":"Wijnhuis-Mana.nl","description":"Wijn v\u00e1n liefhebbers, v\u00f3\u00f3r liefhebbers","publisher":{"@id":"https:\/\/wijnhuis-mana.nl\/fr\/#organization"},"potentialAction":[{"@type":"SearchAction","target":{"@type":"EntryPoint","urlTemplate":"https:\/\/wijnhuis-mana.nl\/fr\/?s={search_term_string}"},"query-input":{"@type":"PropertyValueSpecification","valueRequired":true,"valueName":"search_term_string"}}],"inLanguage":"fr-FR"},{"@type":["Organization","Place"],"@id":"https:\/\/wijnhuis-mana.nl\/fr\/#organization","name":"Wijnhuis-Mana.nl","url":"https:\/\/wijnhuis-mana.nl\/fr\/","logo":{"@id":"https:\/\/wijnhuis-mana.nl\/fr\/product\/glengoyne-18-years-single-malt-scotch-whisky\/#local-main-organization-logo"},"image":{"@id":"https:\/\/wijnhuis-mana.nl\/fr\/product\/glengoyne-18-years-single-malt-scotch-whisky\/#local-main-organization-logo"},"sameAs":["https:\/\/www.facebook.com\/wijnhuismana","https:\/\/www.instagram.com\/ghvino.nl"],"hasMerchantReturnPolicy":{"@type":"MerchantReturnPolicy","merchantReturnLink":"https:\/\/wijnhuis-mana.nl\/algemene-voorwaarden\/"},"address":{"@id":"https:\/\/wijnhuis-mana.nl\/fr\/product\/glengoyne-18-years-single-malt-scotch-whisky\/#local-main-place-address"},"telephone":["0299-769018"],"openingHoursSpecification":[{"@type":"OpeningHoursSpecification","dayOfWeek":["Monday","Sunday"],"opens":"00:00","closes":"00:00"},{"@type":"OpeningHoursSpecification","dayOfWeek":["Tuesday"],"opens":"10:00","closes":"18:00"},{"@type":"OpeningHoursSpecification","dayOfWeek":["Wednesday","Thursday","Saturday"],"opens":"11:00","closes":"18:00"},{"@type":"OpeningHoursSpecification","dayOfWeek":["Friday"],"opens":"11:00","closes":"21:00"}],"email":"info@wijnhuis-mana.nl","areaServed":"Nederland","vatID":"NL58KNAB0255573782","taxID":"NL58KNAB0255573782"},{"@type":"PostalAddress","@id":"https:\/\/wijnhuis-mana.nl\/fr\/product\/glengoyne-18-years-single-malt-scotch-whisky\/#local-main-place-address","streetAddress":"Weerwal 11","addressLocality":"Purmerend","postalCode":"1441 AL","addressRegion":"Noord-Holland","addressCountry":"NL"},{"@type":"ImageObject","inLanguage":"fr-FR","@id":"https:\/\/wijnhuis-mana.nl\/fr\/product\/glengoyne-18-years-single-malt-scotch-whisky\/#local-main-organization-logo","url":"https:\/\/wijnhuis-mana.nl\/wp-content\/uploads\/2022\/01\/Logo_Wijnhuis-Mana_Kleur.jpg","contentUrl":"https:\/\/wijnhuis-mana.nl\/wp-content\/uploads\/2022\/01\/Logo_Wijnhuis-Mana_Kleur.jpg","width":400,"height":111,"caption":"Wijnhuis-Mana.nl"}]},"product_price_amount":"149.95","product_price_currency":"EUR","og_availability":"instock","product_availability":"instock","product_retailer_item_id":"5010852046359","product_condition":"new","geo.placename":"Purmerend","geo.region":"Netherlands"},"post_mailing_queue_ids":[],"_links":{"self":[{"href":"https:\/\/wijnhuis-mana.nl\/fr\/wp-json\/wp\/v2\/product\/12043","targetHints":{"allow":["GET"]}}],"collection":[{"href":"https:\/\/wijnhuis-mana.nl\/fr\/wp-json\/wp\/v2\/product"}],"about":[{"href":"https:\/\/wijnhuis-mana.nl\/fr\/wp-json\/wp\/v2\/types\/product"}],"replies":[{"embeddable":true,"href":"https:\/\/wijnhuis-mana.nl\/fr\/wp-json\/wp\/v2\/comments?post=12043"}],"wp:featuredmedia":[{"embeddable":true,"href":"https:\/\/wijnhuis-mana.nl\/fr\/wp-json\/wp\/v2\/media\/12710"}],"wp:attachment":[{"href":"https:\/\/wijnhuis-mana.nl\/fr\/wp-json\/wp\/v2\/media?parent=12043"}],"wp:term":[{"taxonomy":"product_brand","embeddable":true,"href":"https:\/\/wijnhuis-mana.nl\/fr\/wp-json\/wp\/v2\/product_brand?post=12043"},{"taxonomy":"product_cat","embeddable":true,"href":"https:\/\/wijnhuis-mana.nl\/fr\/wp-json\/wp\/v2\/product_cat?post=12043"},{"taxonomy":"product_tag","embeddable":true,"href":"https:\/\/wijnhuis-mana.nl\/fr\/wp-json\/wp\/v2\/product_tag?post=12043"}],"curies":[{"name":"wp","href":"https:\/\/api.w.org\/{rel}","templated":true}]}}